{"id":571,"date":"2021-09-13T08:44:27","date_gmt":"2021-09-13T06:44:27","guid":{"rendered":"https:\/\/bautenschutz-keul.de\/angebote\/schimmelbeseitigung-bad-bevensen\/"},"modified":"2021-09-13T08:44:27","modified_gmt":"2021-09-13T06:44:27","slug":"schimmelbeseitigung-bad-bevensen","status":"publish","type":"page","link":"https:\/\/bautenschutz-keul.de\/angebote\/schimmelbeseitigung-bad-bevensen\/","title":{"rendered":"Schimmelbeseitigung &#8211; Bad Bevensen"},"content":{"rendered":"<h3>Nachfolgend finden Sie einige interessante Informationen zur Schimmelbeseitigung:<\/h3>\n<p>Die umfangreiche Schimmelbeseitigung ist ein Problem, dass Geb\u00e4udeeigent\u00fcmer, deren Immobilie Anzeichen von Schimmelbefall hat, dringend angehen m\u00fcssen. Der Profi kennt viele Methoden der Schimmelbeseitigung. Wichtig ist, dass nicht nur neu auftretender Schimmel vernichtet wird. Vor allem muss es Ziel sein, dass Schimmelbefall effektiv und auf lange Zeit bek\u00e4mpft wird. Die langfristige Beseitigung von Schimmel ist eine Angelegenheit f\u00fcr den Spezialisten. Gerade ein beschlagener Profi hat Kenntnisse \u00fcber die Gr\u00fcnde f\u00fcr die Entstehung von Schimmel und h\u00e4lt in der Regel passende Methoden bereit, die auf lange Zeit erneuten Schimmelbefall abwenden.<\/p>\n<h3>Schimmelbeseitigung vom Profi<\/h3>\n<p>Eine nachhaltige Schimmelbeseitigung beinhaltet im Allgemeinen gleich eine Reihe von notwendigen Verrichtungen. Neben potentiellen Instandsetzungen an Bedachungen und Fassaden sind oftmals auch Isolierungen zu erneuern oder defekte Abdichtungen auszutauschen. Um dauerhaft einen Neubefall zu verhindern, m\u00fcssen nicht selten auch Innen- und Au\u00dfenw\u00e4nde trockengelegt werden. Als erfahrenes Fachunternehmen geh\u00f6rt die Schimmelbeseitigung zu unseren standardm\u00e4\u00dfigen Aufgaben. Gewissenhaft und kompetent untersuchen wir zun\u00e4chst die Schadensursache. Nach der Schadensfeststellung entwerfen wir f\u00fcr Sie ein komplettes Konzept f\u00fcr eine wirksame Problembehebung. Die Schimmelbeseitigung startet meistens mit einer gr\u00fcndlichen S\u00e4uberung der befallenen Mauern und Fu\u00dfb\u00f6den. Auch ein kompletter Materialaustausch ist teilweise geboten. Mit Hilfe von speziellen Verputzstoffen und schimmelresistenten Farben erzielt man bei der Schimmelsanierung meistens bereits erstaunliche Resultate.<\/p>\n","protected":false},"excerpt":{"rendered":"<p>Nachfolgend finden Sie einige interessante Informationen zur Schimmelbeseitigung: Die umfangreiche Schimmelbeseitigung ist ein Problem, dass Geb\u00e4udeeigent\u00fcmer, deren Immobilie Anzeichen von Schimmelbefall hat, dringend angehen m\u00fcssen. Der Profi kennt viele Methoden der Schimmelbeseitigung. Wichtig ist, dass nicht nur neu auftretender Schimmel vernichtet wird. Vor allem muss es Ziel sein, dass Schimmelbefall effektiv und auf lange Zeit [&hellip;]<\/p>\n","protected":false},"author":1,"featured_media":0,"parent":0,"menu_order":0,"comment_status":"closed","ping_status":"closed","template":"","meta":{"footnotes":""},"class_list":["post-571","page","type-page","status-publish","hentry"],"meta_box":{"popseo_subtitel":"Wir sind Ihr Fachunternehmen f\u00fcr die Schimmelbeseitigung in Bad Bevensen","popseo_subtitel2":"Eine fachgerecht durchgef\u00fchrte Schimmelbeseitigung durch die geschulten Fachkr\u00e4fte unseres Unternehmens","popseo_lasttitel":"Schimmelbeseitigung: Unsere Mitarbeiter beantworten gerne Ihre Fragen","popseo_region":"Bad Bevensen","popseo_sachwort":"Schimmelbeseitigung","popseo_noupdate":"","popseo_einleitungstext":"<p>Mauern, W\u00e4nde oder Kellerr\u00e4ume Ihres Wohn- oder Gesch\u00e4ftsgeb\u00e4udes weisen Durchfeuchtungen und damit einen echten Sanierungbedarf auf. Dann ist es an der Zeit, sich \u00fcber eine qualifiziert ausgef\u00fchrte Trocknung Gedanken zu machen. Unser Handwerksbetrieb ist auf die Bauwerksabdichtung spezialisiert. Zu den Schwerpunkten unseres Betriebes geh\u00f6ren zum Beispiel die Bereiche Kellerabdichtung, Schimmelbeseitigung und Mauertrockenlegung. Der nachhaltigen Sanierung gilt unsere Aufmersamkeit. Wir beraten fachsicher, wie Sie Ihr Geb\u00e4ude umweltgerecht und preisg\u00fcnstig sanieren k\u00f6nnen. Ein paar erste Informationen hierzu lesen Sie nachfolgend auf diesen Seiten.<\/p>","popseo_schlusstext":"<p>Sie suchen einen Spezialisten f\u00fcr die sachgerechte Umsetzung der Innen- und Au\u00dfenabdichtung. Dann rufen Sie uns bitte rasch an. Wir freuen uns auf das Gespr\u00e4ch mit Ihnen. Wenn es um Sanierung geht, sind wir Ihr verl\u00e4sslicher Handwerkspartner. Wir versprechen Ihnen eine fachm\u00e4nnisch durchgef\u00fchrte Arbeit nach dem immer aktuellsten Stand der Technik.<\/p>","popseo_stadttext":"<h3>Anfragen erhalten wir auch aus Bad Bevensen<\/h3>\n<p>Durch unsere Gesch\u00e4ftst\u00e4tigkeit haben wir uns einen ausgezeichneten \u00dcberblick \u00fcber die Stadtarchitektur der Gemeinden und St\u00e4dte unseres Einzugsbereiches erarbeiten k\u00f6nnen. Nat\u00fcrlich z\u00e4hlt auch Bad Bevensen zu unserem unmittelbaren Wirkungskreis. Sie kommen aus der Region und sind hier im World Wide Web auf unsere Website gesto\u00dfen? Das finden wir klasse. Gerne pr\u00e4sentieren wir Ihnen unser komplettes Leistungsspektrum und beantworten Ihre Fragen. Wir freuen uns darauf, mit Ihnen in Kontakt zu kommen. <\/p>\n<h3>Einige Details zu Bad Bevensen<\/h3>\n<p>Bad Bevensen hat rund 9.000 gemeldete B\u00fcrger und streckt sich \u00fcber eine Fl\u00e4che von zirka 48 km\u00b2. Verkehrstechnisch ist die Kleinstadt gut erreichbar: In unmittelbarer Umgebung des Gemeindegebietes befindet sich eine Zufahrt zur Autobahn B4. Au\u00dferdem erreicht man Bad Bevensen \u00fcber die L252 und mit der Bahn auf der Strecke Hannover-Hamburg. Bad Bevensee liegt in der L\u00fcneburger Heide und geh\u00f6rt formell zum Landkreis Uelzen. Die Gemeinde ist Sitz der Samtgemeinde Bevensen-Ebstorf, einer Vereinigung von 13 kleineren Orten. Die Samtgemeinde z\u00e4hlt in Summe knapp 26.000 Einwohner und streckt sich \u00fcber eine Fl\u00e4che von etwas mehr als 479 Quadratkilometern. Bad Bevensen ist unstreitig ein sch\u00f6ner Platz zum Leben. Die charmante Kleinstadt verf\u00fcgt \u00fcber eine funktionierende Infrastruktur und bestens ausgebaute Wohngebiete.    <\/p>\n<h4>Hohe Qualit\u00e4t f\u00fcr Kunden aus Bad Bevensen<\/h4>\n<p>Sie leben in Bad Bevensen oder einem anderen Ort der Samtgemeinde und interessieren sich f\u00fcr unser Leistungsangebot. Klasse, das Sie unsere Internetseite entdeckt haben. F\u00fcr R\u00fcckfragen sind wir jederzeit f\u00fcr Sie da. Auf Ihre Anfragen freuen wir uns.<\/p>","popseo_zusatztext":"<h3>Hohe Kosten bei der Bauwerksabdichtung m\u00fcssen nicht sein<\/h3>\n<p>Sie interessieren sich f\u00fcr eine Kellertrockenlegung oder eine Sanierungsarbeit an Mauern bzw. W\u00e4nden und m\u00f6chten gerne ein entsprechendes Angebot, das eine qualitativ gute Arbeit garantiert, gleichwohl die Kosten im Blick hat. Prima, in diesem Fall sind Sie bei uns genau richtig. Als Handwerksbetrieb f\u00fcr Kellersanierung, Schimmelbeseitigung und Geb\u00e4udeabdichtung verarbeiten wir ausschlie\u00dflich exzellente Materialien. Nichtsdestotrotz achten wir nat\u00fcrlich auf die Kosten, die selbstverst\u00e4ndlich \u00fcberschaubar bleiben sollen. Wir m\u00f6chten Ihnen beste Qualit\u00e4t anbieten, die gleichzeitig auch die Kosten im Blick beh\u00e4lt. Bei uns stimmen Kosten und Leistung: Schon seit etlichen Jahren sind wir Ihr qualifizierter Partner f\u00fcr Sanierungs- und Trocknungsarbeiten in Norddeutschland. Unser Unternehmenssitz befindet sich verkehrsg\u00fcnstig in Brietlingen bei L\u00fcndeburg. Die Kosten stets im Blick: Wir bieten Ihnen eine sachkundig durchgef\u00fchrte Sanierungsarbeit nach dem jeweils aktuellsten Stand der Technik.<\/p>\n<h3>Kosten vs. Leistung: Eine Sanierung rechnet sich!<\/h3>\n<p>D\u00fcrfen wir Sie informieren, wie Sie die Kosten f\u00fcr eine Sanierung reduzieren? Super, dann warten Sie bitte nicht und nehmen am besten noch heute Kontakt mit uns auf. Ein kurzer Telefonanruf oder auch eine schnelle E-Mail gen\u00fcgen. Die optimale Beratung ist genauso wichtig wie die korrekte Ausf\u00fchrung der entprechenden Arbeiten. Unsere fachliche Beratung ist selbstverst\u00e4ndlich v\u00f6llig unverbindlich. Hochwertige Arbeit bei moderaten Kosten: Wir empfehlen uns als spezialisiertes Unternehmen in Norddeutschland. Unsere jahrelange Erfahrung zeichnet uns aus.<br \/>\nSenken Sie die Kosten f\u00fcr Ihre Geb\u00e4udesanierung: Setzen Sie auf die Profis der Fachfirma Keul.<\/p>","popseo_links":"<a href=\"https:\/\/bautenschutz-keul.de\/angebote\/innenabdichtung-glinde-sachsenwald\/\">Innenabdichtung Glinde Sachsenwald<\/a>, <a href=\"https:\/\/bautenschutz-keul.de\/angebote\/schimmelsanierung-amelinghausen\/\">Schimmelsanierung Amelinghausen<\/a>, <a href=\"https:\/\/bautenschutz-keul.de\/angebote\/aufsteigende-feuchtigkeit-buechen\/\">aufsteigende Feuchtigkeit B\u00fcchen<\/a>, <a href=\"https:\/\/bautenschutz-keul.de\/angebote\/rissverpressung-hanstedt\/\">Rissverpressung Hanstedt<\/a>, <a href=\"https:\/\/bautenschutz-keul.de\/angebote\/kellerabdichtung-buechen\/\">Kellerabdichtung B\u00fcchen<\/a>, <a href=\"https:\/\/bautenschutz-keul.de\/angebote\/schimmelsanierung-seevetal-rosengarten\/\">Schimmelsanierung Seevetal Rosengarten<\/a>, <a href=\"https:\/\/bautenschutz-keul.de\/angebote\/innenabdichtung-salzhausen\/\">Innenabdichtung Salzhausen<\/a>, <a href=\"https:\/\/bautenschutz-keul.de\/angebote\/innenabdichtung-hanstedt\/\">Innenabdichtung Hanstedt<\/a>, <a href=\"https:\/\/bautenschutz-keul.de\/angebote\/feuchte-wand-bispingen\/\">Feuchte Wand Bispingen<\/a>, <a href=\"https:\/\/bautenschutz-keul.de\/angebote\/feuchte-wand-geesthacht\/\">Feuchte Wand Geesthacht<\/a>, <a href=\"https:\/\/bautenschutz-keul.de\/angebote\/mauertrockenlegung-uelzen\/\">Mauertrockenlegung Uelzen<\/a>, <a href=\"https:\/\/bautenschutz-keul.de\/angebote\/horizontalsperre-stelle\/\">Horizontalsperre Stelle<\/a>, <a href=\"https:\/\/bautenschutz-keul.de\/angebote\/feuchter-keller-buechen\/\">Feuchter Keller B\u00fcchen<\/a>, <a href=\"https:\/\/bautenschutz-keul.de\/angebote\/kellertrockenlegung-uelzen\/\">Kellertrockenlegung Uelzen<\/a>, <a href=\"https:\/\/bautenschutz-keul.de\/angebote\/feuchte-wand-schwarzenbek\/\">Feuchte Wand Schwarzenbek<\/a>, <a href=\"https:\/\/bautenschutz-keul.de\/angebote\/salpeter-im-keller-buchholz-in-der-nordheide\/\">Salpeter im Keller Buchholz in der Nordheide<\/a>, <a href=\"https:\/\/bautenschutz-keul.de\/angebote\/bauwerksabdichtung-jesteburg\/\">Bauwerksabdichtung Jesteburg<\/a>, <a href=\"https:\/\/bautenschutz-keul.de\/angebote\/kellersanierung-bispingen\/\">Kellersanierung Bispingen<\/a>, <a href=\"https:\/\/bautenschutz-keul.de\/angebote\/aussenabdichtung-brietlingen\/\">Au\u00dfenabdichtung Brietlingen<\/a>, <a href=\"https:\/\/bautenschutz-keul.de\/angebote\/rissverpressung-bienenbuettel\/\">Rissverpressung Bienenb\u00fcttel<\/a>, <a href=\"https:\/\/bautenschutz-keul.de\/angebote\/kellersanierung-boizenburg\/\">Kellersanierung Boizenburg<\/a>, <a href=\"https:\/\/bautenschutz-keul.de\/angebote\/aussenabdichtung-schwarzenbek\/\">Au\u00dfenabdichtung Schwarzenbek<\/a>, <a href=\"https:\/\/bautenschutz-keul.de\/angebote\/schimmel-harburg\/\">Schimmel Harburg<\/a>, <a href=\"https:\/\/bautenschutz-keul.de\/angebote\/feuchter-keller-bad-bevensen\/\">Feuchter Keller Bad Bevensen<\/a>, <a href=\"https:\/\/bautenschutz-keul.de\/angebote\/zerstoerter-putz-bispingen\/\">zerst\u00f6rter Putz Bispingen<\/a>, <a href=\"https:\/\/bautenschutz-keul.de\/angebote\/feuchtigkeitsschaden-harburg\/\">Feuchtigkeitsschaden Harburg<\/a>, <a href=\"https:\/\/bautenschutz-keul.de\/angebote\/feuchtigkeit-brietlingen\/\">Feuchtigkeit Brietlingen<\/a>, <a href=\"https:\/\/bautenschutz-keul.de\/angebote\/kellertrockenlegung-herzogtum-lauenburg\/\">Kellertrockenlegung Herzogtum Lauenburg<\/a>"},"_links":{"self":[{"href":"https:\/\/bautenschutz-keul.de\/angebote\/wp-json\/wp\/v2\/pages\/571","targetHints":{"allow":["GET"]}}],"collection":[{"href":"https:\/\/bautenschutz-keul.de\/angebote\/wp-json\/wp\/v2\/pages"}],"about":[{"href":"https:\/\/bautenschutz-keul.de\/angebote\/wp-json\/wp\/v2\/types\/page"}],"author":[{"embeddable":true,"href":"https:\/\/bautenschutz-keul.de\/angebote\/wp-json\/wp\/v2\/users\/1"}],"replies":[{"embeddable":true,"href":"https:\/\/bautenschutz-keul.de\/angebote\/wp-json\/wp\/v2\/comments?post=571"}],"version-history":[{"count":0,"href":"https:\/\/bautenschutz-keul.de\/angebote\/wp-json\/wp\/v2\/pages\/571\/revisions"}],"wp:attachment":[{"href":"https:\/\/bautenschutz-keul.de\/angebote\/wp-json\/wp\/v2\/media?parent=571"}],"curies":[{"name":"wp","href":"https:\/\/api.w.org\/{rel}","templated":true}]}}