{"id":573,"date":"2021-09-13T08:44:27","date_gmt":"2021-09-13T06:44:27","guid":{"rendered":"https:\/\/bautenschutz-keul.de\/angebote\/schimmelbeseitigung-bergedorf-wentorf\/"},"modified":"2021-09-13T08:44:27","modified_gmt":"2021-09-13T06:44:27","slug":"schimmelbeseitigung-bergedorf-wentorf","status":"publish","type":"page","link":"https:\/\/bautenschutz-keul.de\/angebote\/schimmelbeseitigung-bergedorf-wentorf\/","title":{"rendered":"Schimmelbeseitigung &#8211; Bergedorf Wentorf"},"content":{"rendered":"<h3>Nachfolgend finden Sie einige interessante Informationen zur Schimmelbeseitigung:<\/h3>\n<p>Die vollumf\u00e4ngliche Schimmelbeseitigung ist ein Problem, dass Hauseigent\u00fcmer, deren Wohnung Zeichen von Schimmelbefall hat, dringend angehen m\u00fcssen. Der Spezialist kennt viele Methoden der Schimmelbeseitigung. Wichtig ist, dass nicht nur aktuell auftretender Schimmel vernichtet wird. Prim\u00e4r sollte es Ziel sein, dass Schimmelbefall nachhaltig und auf lange Zeit bek\u00e4mpft wird. Jedes nachhaltige Sanierungsprojekt ist eine Angelegenheit f\u00fcr den Fachmann. Nur ein erfahrener Fachmann hat Kenntnisse \u00fcber die Gr\u00fcnde f\u00fcr die Entstehung von Schimmel und h\u00e4lt meist passende Methoden bereit, die auf Dauer neuen Schimmelbefall verhindern.<\/p>\n<h3>Schimmelbeseitigung vom Profi<\/h3>\n<p>Eine effektive Schimmelbeseitigung enth\u00e4lt in aller Regel gleich eine gr\u00f6\u00dfere Anzahl von notwendigen Arbeiten. Neben m\u00f6glichen Reparaturen an Bedachungen und Fassaden sind oft auch Isolierungen zu ersetzen oder por\u00f6se Abdichtungen zu ersetzen. Um langfristig einen Neubefall zu stoppen, m\u00fcssen oft auch Innen- und Au\u00dfenw\u00e4nde trockengelegt werden. Als routiniertes Fachunternehmen geh\u00f6rt die Schimmelbeseitigung zu unseren wiederkehrenden Aufgaben. Detailliert und kompetent untersuchen wir zun\u00e4chst die Schadensursache. Nach der Schadensfeststellung erarbeiten wir f\u00fcr Sie ein komplettes Programm f\u00fcr eine effektive Schimmelsanierung. Die Schimmelbeseitigung beginnt meistens mit einer ordentlichen S\u00e4uberung der befallenen W\u00e4nde und B\u00f6den. Auch ein vollst\u00e4ndiger Materialaustausch ist manchmal angezeigt. Mit Hilfe von speziellen Verputzmaterialien und schimmelresistenten Farben erzielt man bei der Sanierungsarbeit oft schon beachtliche Resultate.<\/p>\n","protected":false},"excerpt":{"rendered":"<p>Nachfolgend finden Sie einige interessante Informationen zur Schimmelbeseitigung: Die vollumf\u00e4ngliche Schimmelbeseitigung ist ein Problem, dass Hauseigent\u00fcmer, deren Wohnung Zeichen von Schimmelbefall hat, dringend angehen m\u00fcssen. Der Spezialist kennt viele Methoden der Schimmelbeseitigung. Wichtig ist, dass nicht nur aktuell auftretender Schimmel vernichtet wird. Prim\u00e4r sollte es Ziel sein, dass Schimmelbefall nachhaltig und auf lange Zeit bek\u00e4mpft [&hellip;]<\/p>\n","protected":false},"author":1,"featured_media":0,"parent":0,"menu_order":0,"comment_status":"closed","ping_status":"closed","template":"","meta":{"footnotes":""},"class_list":["post-573","page","type-page","status-publish","hentry"],"meta_box":{"popseo_subtitel":"Wir sind Ihr erfahrener Experte f\u00fcr die Schimmelbeseitigung in Bergedorf Wentorf","popseo_subtitel2":"Eine fachgerecht durchgef\u00fchrte Schimmelbeseitigung durch die erfahrenen Experten unseres Unternehmens","popseo_lasttitel":"Schimmelbeseitigung: Wir informieren Sie gerne auch pers\u00f6nlich!","popseo_region":"Bergedorf Wentorf","popseo_sachwort":"Schimmelbeseitigung","popseo_noupdate":"","popseo_einleitungstext":"<p>Sie haben sich mit der Bauwerksabdichtung auseinandergesetzt, weil Ihre Immobilie feuchte Geb\u00e4udebereiche aufweist und Sie nach Methoden einer wirkungsvollen und professionellen Sanierung Ausschau halten. Toll, dass Sie unsere Website entdeckt haben. Auf den folgenden Seiten d\u00fcrfen wir Ihnen n\u00e4here Informationen zu unserem Leistungsspektrum geben. Sie lernen auf dieser Website unsere Firma etwas n\u00e4her kennen. <\/p>\n<p>Unser Unternehmen ist ein qualifizierter und etablierter Fachbetrieb mit Sitz in Brietlingen bei L\u00fcneburg. Seit vielen Jahren schon sind wir Ihr Fachpartner f\u00fcr alle Fragen rund um Geb\u00e4udeabdichtung. Wir setzen ausschlie\u00dflich effektive und praxisbew\u00e4hrte Sanierungsmethoden und -systeme ein. Als Sanierungsfachbetrieb schauen wir auf eine lange und intensive Berufserfahrung zur\u00fcck. Unsere gut geschulten Mitarbeiter informieren Sie mit Vergn\u00fcgen im Detail.<\/p>","popseo_schlusstext":"<p>Sie ben\u00f6tigen einen Profi f\u00fcr die fachgerecht ausgef\u00fchrte Bauwerksabdichtung. Dann melden Sie sich am besten noch heute bei uns. Wir freuen uns auf Ihren Anruf oder Ihre E-Mail. Wenn es um Sanierung geht, sind wir Ihr erfahrener Handwerkspartner. Wir sorgen f\u00fcr eine fachkundig ausgef\u00fchrte Arbeit nach dem jeweils neuesten Stand der Technik.<\/p>","popseo_stadttext":"<h3>Zu Ihren Diensten in Wentorf und Bergedorf<\/h3>\n<p>Durch unsere Vertriebst\u00e4tigkeit haben wir uns einen ausgezeichneten \u00dcberblick \u00fcber die Stadtarchitektur der Gemeinden und St\u00e4dte unseres Einzugsbereiches erarbeiten k\u00f6nnen. Selbstverst\u00e4ndlich geh\u00f6ren auch Bergedorf und Wentorf zu unserem unmittelbaren Vertriebsgebiet. Wir freuen uns darauf, mit Ihnen ins Gespr\u00e4ch zu kommen. <\/p>\n<h3>Einige interessante Informationen \u00fcber Bergedorf und Wentorf:<h3>\n<p>Ehemals selbst\u00e4ndig geh\u00f6rt Bergedorf heute zur Freien und Hansestadt Hamburg. Der Stadtteil liegt am s\u00fcd\u00f6stlichen Stadtrand und grenzt an die schleswig-holsteinischen Ortschaften Reinbek und Wentorf. In Bergedorf leben rund 42.000 Menschen auf einer Gesamtfl\u00e4che von 11 Quadratkilometern. Auch wenn Bergedorf bereits seit dem 01. 01. 1938 keine Selbst\u00e4ndigkeit mehr besitzt, hat sich der Stadtteil doch eine gewisse Individualit\u00e4t bewahrt. Beinahe m\u00f6chte man sagen, Bergedorf w\u00e4re eine Art Stadt in der Stadt. Zum Verwaltungsbezirk Bergedorf z\u00e4hlen addiert 14 Ortsteile. Die gr\u00f6\u00dften Ortsteile sind: Moorfleet, Allerm\u00f6he, Lohbr\u00fcgge, Billwerder, Altengamme, Neuallerm\u00f6he, Curslack, Ochsenwerder, Neuengamme und Kirchwerder. Oft hinzu gez\u00e4hlt wird auch Wentorf. Dies ist allerdings nicht v\u00f6llig richtig, da Wentorf zum schleswig-holsteinischen Kreis Herzogtum Lauenburg geh\u00f6rt.  <\/p>\n<p>In Bergedorf zu leben bedeutet, die Vorz\u00fcge der Gro\u00dfstadt zu genie\u00dfen ohne im gleichen Atemzug auf kleinst\u00e4dtischen Charme zu verzichten. Die Wohnquartiere von Bergedorf sind gekennzeichnet von Einzel- oder Mehrfamilienhausbebauung. Gr\u00f6\u00dfere Hochh\u00e4user findet man in Bergedorf vor allem in der N\u00e4he des Stadtzentrums. Die Infrastruktur ist \u00fcberzeugend: Im Zentrum von Bergedorf finden sich beste Einkaufsm\u00f6glichkeiten. <\/p>\n<h3>Attraktiv und stadtnah: Bergedorf und Wentorf!<\/h3>\n<p>Ob in den Einkaufspassagen oder in der Fu\u00dfg\u00e4ngerzone: In Bergedorf l\u00e4sst es sich tats\u00e4chlich entspannt bummeln. Und wer sp\u00e4ter Lust auf ein wenig Entspannung hat, macht Halt in einem der zahlreichen lauschigen Caf\u00e9s und Restaurants. Bergedorf ist an den Hamburger Verkehrsverbund angebunden. Mit der S-Bahnlinie S2 erreicht man den Hauptbahnhof in ca. 25 Minuten. Auch mit dem Wagen kommt man gut nach Bergedorf: \u00dcber die Bundesstra\u00dfen 207 und 5 gelangt man direkt in den Stadtteil. Die Bev\u00f6lkerung von Bergedorf genie\u00dft besonders den prima Mix ihres Stadtteils. Eine wachstumsorientierte Wirtschaft, die nahen Naturgebiete sowie die hervorragenden Freizeit- und Kulturangebote machen Bergedorf zu einem Wohnort mit extrem  hoher Lebensqualit\u00e4t.<\/p>\n<p>Auch Wentorf grenzt direkt an Bergedorf, die \u00dcberg\u00e4nge sind nahezu flie\u00dfend. Als attraktives Wohngebiet ist Wentorf insbesondere bei Berufspendlern beliebt. Eine sehr gute Infrastruktur, die N\u00e4he zur Stadt sowie eine gute Verkehrsanbindung zeichnen Wentorf aus. <\/p>\n<h4>Hohe Qualit\u00e4t f\u00fcr Kunden aus Bergedorf und Wentorf<\/h4>\n<p>Wir finden es toll, dass Sie unsere Internetseite entdeckt haben. Ob Wentorf oder Bergedorf: Wir garantieren Ihnen ein sehr gutes Preis-Leistungsverh\u00e4ltnis. Sie m\u00f6chten mehr \u00fcber uns wissen? F\u00fcr R\u00fcckfragen stehen wir Ihnen jederzeit zur Verf\u00fcgung. Auf Ihre Anfragen freuen wir uns.<\/p>","popseo_zusatztext":"<h3>Hohe Kosten bei der Bauwerksabdichtung m\u00fcssen nicht sein<\/h3>\n<p>Sie interessieren sich f\u00fcr eine Kellertrockenlegung oder eine Sanierungsarbeit an Mauern bzw. W\u00e4nden und m\u00f6chten gerne ein entsprechendes Angebot, das eine handwerklich gute Arbeit garantiert, gleichzeitig aber die Kosten im Blick hat. Toll, dann sind Sie bei uns an der richtigen Adresse. Als Handwerksbetrieb f\u00fcr Bauwerksabdichtung, Kellersanierung und Schimmelbeseitigung verarbeiten wir ausschlie\u00dflich ausgezeichnete Materialien. Nichtsdestotrotz schauen wir immer auf die Kosten, die selbstverst\u00e4ndlich \u00fcberschaubar bleiben sollen. Wir m\u00f6chten Ihnen Qualit\u00e4t bieten, die trotzdem auch die Kosten im Blick beh\u00e4lt. Bei uns stimmen Kosten und Leistung: Seit vielen Jahren schon sind wir Ihr qualifizierter Partner f\u00fcr Trocknungs- und Sanierungsarbeiten in Norddeutschland. Unser Unternehmenssitz liegt verkehrsg\u00fcnstig in Brietlingen bei L\u00fcndeburg. Die Kosten stets im Blick: Wir sorgen f\u00fcr eine fachm\u00e4nnisch ausgef\u00fchrte Arbeit nach dem immer derzeitigen Stand der Technik.<\/p>\n<h3>Kosten vs. Leistung: Eine Sanierung rechnet sich!<\/h3>\n<p>D\u00fcrfen wir Sie informieren, wie Sie die Kosten f\u00fcr eine Sanierung begrenzen k\u00f6nnen? Super, dann warten Sie bitte nicht und nehmen am besten gleich heute Verbindung mit uns auf. Ein kurzer Anruf oder auch eine kurze E-Mail gen\u00fcgen. Die fachlich versierte Beratung ist gleicherma\u00dfen wichtig wie die perfekte Umsetzung der eigentlichen Arbeiten. Unsere fachliche Beratung ist nat\u00fcrlich absolut unverbindlich. Qualit\u00e4tsbewusst bei niedrigen Kosten: Wir empfehlen uns als spezialisiertes Fachunternehmen in Norddeutschland. Unsere gro\u00dfe Erfahrung zeichnet uns aus.<br \/>\nMinimieren Sie die Kosten f\u00fcr Ihr Sanierungsprojekt: Vertrauen Sie den Spezialisten der Firma Keul.<\/p>","popseo_links":"<a href=\"https:\/\/bautenschutz-keul.de\/angebote\/kellerabdichtung-amelinghausen\/\">Kellerabdichtung Amelinghausen<\/a>, <a href=\"https:\/\/bautenschutz-keul.de\/angebote\/kellersanierung-buechen\/\">Kellersanierung B\u00fcchen<\/a>, <a href=\"https:\/\/bautenschutz-keul.de\/angebote\/zerstoerter-putz-adendorf\/\">zerst\u00f6rter Putz Adendorf<\/a>, <a href=\"https:\/\/bautenschutz-keul.de\/angebote\/feuchte-wand-reppenstedt\/\">Feuchte Wand Reppenstedt<\/a>, <a href=\"https:\/\/bautenschutz-keul.de\/angebote\/feuchtigkeitsschaden-maschen\/\">Feuchtigkeitsschaden Maschen<\/a>, <a href=\"https:\/\/bautenschutz-keul.de\/angebote\/schimmel-winsen-luhe\/\">Schimmel Winsen Luhe<\/a>, <a href=\"https:\/\/bautenschutz-keul.de\/angebote\/kellertrockenlegung-adendorf\/\">Kellertrockenlegung Adendorf<\/a>, <a href=\"https:\/\/bautenschutz-keul.de\/angebote\/feuchte-mauer-maschen\/\">Feuchte Mauer Maschen<\/a>, <a href=\"https:\/\/bautenschutz-keul.de\/angebote\/mauertrockenlegung-boizenburg\/\">Mauertrockenlegung Boizenburg<\/a>, <a href=\"https:\/\/bautenschutz-keul.de\/angebote\/schimmelsanierung-herzogtum-lauenburg\/\">Schimmelsanierung Herzogtum Lauenburg<\/a>, <a href=\"https:\/\/bautenschutz-keul.de\/angebote\/rissverpressung-maschen\/\">Rissverpressung Maschen<\/a>, <a href=\"https:\/\/bautenschutz-keul.de\/angebote\/schimmel-buechen\/\">Schimmel B\u00fcchen<\/a>, <a href=\"https:\/\/bautenschutz-keul.de\/angebote\/feuchtigkeitsschaden-boizenburg\/\">Feuchtigkeitsschaden Boizenburg<\/a>, <a href=\"https:\/\/bautenschutz-keul.de\/angebote\/feuchte-wand-salzhausen\/\">Feuchte Wand Salzhausen<\/a>, <a href=\"https:\/\/bautenschutz-keul.de\/angebote\/schimmel-herzogtum-lauenburg\/\">Schimmel Herzogtum Lauenburg<\/a>, <a href=\"https:\/\/bautenschutz-keul.de\/angebote\/innenabdichtung-brietlingen\/\">Innenabdichtung Brietlingen<\/a>, <a href=\"https:\/\/bautenschutz-keul.de\/angebote\/kellersanierung-lueneburg\/\">Kellersanierung L\u00fcneburg<\/a>, <a href=\"https:\/\/bautenschutz-keul.de\/angebote\/feuchtigkeit-jesteburg\/\">Feuchtigkeit Jesteburg<\/a>, <a href=\"https:\/\/bautenschutz-keul.de\/angebote\/schimmelsanierung-uelzen\/\">Schimmelsanierung Uelzen<\/a>, <a href=\"https:\/\/bautenschutz-keul.de\/angebote\/aussenabdichtung-herzogtum-lauenburg\/\">Au\u00dfenabdichtung Herzogtum Lauenburg<\/a>, <a href=\"https:\/\/bautenschutz-keul.de\/angebote\/feuchtigkeitsschaden-seevetal-rosengarten\/\">Feuchtigkeitsschaden Seevetal Rosengarten<\/a>, <a href=\"https:\/\/bautenschutz-keul.de\/angebote\/aufsteigende-feuchtigkeit-reppenstedt\/\">aufsteigende Feuchtigkeit Reppenstedt<\/a>, <a href=\"https:\/\/bautenschutz-keul.de\/angebote\/schimmelsanierung-geesthacht\/\">Schimmelsanierung Geesthacht<\/a>, <a href=\"https:\/\/bautenschutz-keul.de\/angebote\/feuchter-keller-ebstorf\/\">Feuchter Keller Ebstorf<\/a>, <a href=\"https:\/\/bautenschutz-keul.de\/angebote\/schimmelsanierung-glinde-sachsenwald\/\">Schimmelsanierung Glinde Sachsenwald<\/a>, <a href=\"https:\/\/bautenschutz-keul.de\/angebote\/feuchtigkeit-buchholz-in-der-nordheide\/\">Feuchtigkeit Buchholz in der Nordheide<\/a>, <a href=\"https:\/\/bautenschutz-keul.de\/angebote\/bauwerksabdichtung-reinbek-aumuehle\/\">Bauwerksabdichtung Reinbek Aum\u00fchle<\/a>, <a href=\"https:\/\/bautenschutz-keul.de\/angebote\/feuchter-keller-buchholz-in-der-nordheide\/\">Feuchter Keller Buchholz in der Nordheide<\/a>"},"_links":{"self":[{"href":"https:\/\/bautenschutz-keul.de\/angebote\/wp-json\/wp\/v2\/pages\/573","targetHints":{"allow":["GET"]}}],"collection":[{"href":"https:\/\/bautenschutz-keul.de\/angebote\/wp-json\/wp\/v2\/pages"}],"about":[{"href":"https:\/\/bautenschutz-keul.de\/angebote\/wp-json\/wp\/v2\/types\/page"}],"author":[{"embeddable":true,"href":"https:\/\/bautenschutz-keul.de\/angebote\/wp-json\/wp\/v2\/users\/1"}],"replies":[{"embeddable":true,"href":"https:\/\/bautenschutz-keul.de\/angebote\/wp-json\/wp\/v2\/comments?post=573"}],"version-history":[{"count":0,"href":"https:\/\/bautenschutz-keul.de\/angebote\/wp-json\/wp\/v2\/pages\/573\/revisions"}],"wp:attachment":[{"href":"https:\/\/bautenschutz-keul.de\/angebote\/wp-json\/wp\/v2\/media?parent=573"}],"curies":[{"name":"wp","href":"https:\/\/api.w.org\/{rel}","templated":true}]}}