{"id":577,"date":"2021-09-13T08:44:27","date_gmt":"2021-09-13T06:44:27","guid":{"rendered":"https:\/\/bautenschutz-keul.de\/angebote\/schimmelbeseitigung-brietlingen\/"},"modified":"2021-09-13T08:44:27","modified_gmt":"2021-09-13T06:44:27","slug":"schimmelbeseitigung-brietlingen","status":"publish","type":"page","link":"https:\/\/bautenschutz-keul.de\/angebote\/schimmelbeseitigung-brietlingen\/","title":{"rendered":"Schimmelbeseitigung &#8211; Brietlingen"},"content":{"rendered":"<h3>Nachfolgend finden Sie einige Details zum Thema Schimmelbeseitigung:<\/h3>\n<p>Die umfangreiche Schimmelbeseitigung ist ein Thema, dass Hausbewohner, deren Wohnung Zeichen von Schimmelbefall hat, dringend angehen m\u00fcssen. Der Fachmann kennt viele Methoden der Schimmelbeseitigung. Sehr wichtig ist, dass nicht nur aktuell vorhandener Schimmel vernichtet wird. Prim\u00e4r sollte es Ziel sein, dass Schimmelbefall effektiv und dauerhaft vermieden wird. Die langfristige Beseitigung von Schimmel ist eine Angelegenheit f\u00fcr den Profi. Nur ein beschlagener Fachmann kennt die Gr\u00fcnde f\u00fcr die Entstehung von Schimmel und h\u00e4lt immer passende Anwendungen bereit, die langfristig erneuten Schimmelbefall vorbeugen.<\/p>\n<h3>Eine wirkungsvolle Schimmelbeseitigung ist kein Problem f\u00fcr einen Fachbetrieb<\/h3>\n<p>Eine nachhaltige Schimmelbeseitigung beinhaltet im Allgemeinen gleich eine Menge von notwendigen Verrichtungen. Neben m\u00f6glichen Reparaturen an D\u00e4chern und Hausfassaden sind oft auch D\u00e4mmungen zu erneuern oder auch por\u00f6se Versiegelungen auszutauschen. Um dauerhaft einen Neubefall zu stoppen, sollten oftmals auch Innen- und Au\u00dfenw\u00e4nde trockengelegt werden. Als qualifiziertes Fachunternehmen geh\u00f6rt die Schimmelbeseitigung zu unseren t\u00e4glichen Aufgaben. Gewissenhaft und kompetent analysieren wir zuerst den Schadensgrund. Nach der Schadensermittlung entwerfen wir f\u00fcr Sie ein komplettes Konzept f\u00fcr eine wirksame Probleml\u00f6sung. Die Schimmelbeseitigung beginnt zumeist mit einer ausgiebigen S\u00e4uberung der befallenen Mauern und B\u00f6den. Auch ein kompletter Materialaustausch ist bisweilen geboten. Mit Hilfe von speziellen Verputzstoffen und schimmelresistenten Farben erreicht man bei der Sanierungsarbeit oft bereits beachtliche Resultate.<\/p>\n","protected":false},"excerpt":{"rendered":"<p>Nachfolgend finden Sie einige Details zum Thema Schimmelbeseitigung: Die umfangreiche Schimmelbeseitigung ist ein Thema, dass Hausbewohner, deren Wohnung Zeichen von Schimmelbefall hat, dringend angehen m\u00fcssen. Der Fachmann kennt viele Methoden der Schimmelbeseitigung. Sehr wichtig ist, dass nicht nur aktuell vorhandener Schimmel vernichtet wird. Prim\u00e4r sollte es Ziel sein, dass Schimmelbefall effektiv und dauerhaft vermieden wird. [&hellip;]<\/p>\n","protected":false},"author":1,"featured_media":0,"parent":0,"menu_order":0,"comment_status":"closed","ping_status":"closed","template":"","meta":{"footnotes":""},"class_list":["post-577","page","type-page","status-publish","hentry"],"meta_box":{"popseo_subtitel":"Wir sind Ihr erfahrener Fachbetrieb f\u00fcr die Schimmelbeseitigung im Gro\u00dfraum Brietlingen","popseo_subtitel2":"Eine wirksame Schimmelbeseitigung durch die geschulten Profis der Firma Keul","popseo_lasttitel":"Schimmelbeseitigung: Wir informieren Sie gerne auch pers\u00f6nlich!","popseo_region":"Brietlingen","popseo_sachwort":"Schimmelbeseitigung","popseo_noupdate":"","popseo_einleitungstext":"<p>Sie haben sich mit dem Thema Bauwerksabdichtung besch\u00e4ftigt, da Ihr Wohn- oder Gesch\u00e4ftshaus feuchte Geb\u00e4udeteile aufweist und Sie nach Methoden einer wirkungsvollen und professionellen Sanierung Ausschau halten. Toll, dass Sie unsere Website entdeckt haben. Nachfolgend m\u00f6chten wir Ihnen n\u00e4here Informationen zu unserem Leistungsangebot geben. Sie lernen auf dieser Internetseite unsere Firma etwas n\u00e4her kennen. <\/p>\n<p>Unser Unternehmen ist ein spezialisierter und erfahrener Handwerksbetrieb mit Sitz in Brietlingen bei L\u00fcneburg. Seit vielen Jahren schon sind wir Ihr Fachpartner f\u00fcr alle auftretenden Fragen rund um die Bauwerksabdichtung. Wir setzen ausschlie\u00dflich effektive und praxisbew\u00e4hrte Sanierungssysteme und -methoden ein. Als Fachbetrieb f\u00fcr Abdichtung und Sanierung blicken wir auf eine lange Berufserfahrung zur\u00fcck. Unsere engagierten Fachleute informieren Sie mit Vergn\u00fcgen im Detail.<\/p>","popseo_schlusstext":"<p>Auf Wunsch informieren wir Sie n\u00e4her \u00fcber unser Aufgabenfeld. Wir pr\u00e4sentieren Ihnen mit Vergn\u00fcgen auch einige Referenzen, die Ihnen einen Einblick in unsere Arbeit geben.<br \/>\nSetzen Sie auf die Expertise eines erfahrenen Fachbetriebes. Rufen Sie uns doch rasch einmal an oder schreiben Sie uns eine schnelle E-Mail. Wir freuen uns auf Ihre Kontaktaufnahme.<\/p>","popseo_stadttext":"<h3>Zufriedene Kunden haben wir auch in Brietlingen<\/h3>\n<p>Wir betreuen Kunden aus unser Heimatgemeinde Brietlingen und Umgebung. Durch unsere Gesch\u00e4ftst\u00e4tigkeit haben wir uns einen sehr guten \u00dcberblick \u00fcber die Stadtarchitektur der Gemeinden und St\u00e4dte unseres Einzugsbereiches machen k\u00f6nnen. Nat\u00fcrlich geh\u00f6rt besonders auch unsere Heimatgemeinde zu unserem unmittelbaren Vertriebsgebiet. Wir freuen uns darauf, mit Ihnen ins Gespr\u00e4ch zu treten. <\/p>\n<h3>Ein paar Hintergrundinformationen \u00fcber Brietlingen<\/h3>\n<p>Brietlingen liegt im Westen von vom Naturpark Elbufer-Drawelen und ist circa 10 Kilometer von der Hansestadt L\u00fcneburg entfernt. Auf einem Areal von zirka 19 qkm leben cirka 3.500 Menschen. Formell geh\u00f6rt Brietlingen zum Kreis L\u00fcneburg. Der charmante Ort ist Teil der Samtgemeinde Scharnebeck, einem Zusammenschluss von acht kleineren Orten. Dies sind neben Brietlingen und Scharnebeck die Gemeinden Echem, Hittbergen, L\u00fcdersburg, Hohnstorf (Elbe), Artlenburg und Rullsdorf. Die Samtgemeinde z\u00e4hlt insgesamt knapp 15.000 B\u00fcrger und streckt sich \u00fcber ein Areal von etwas mehr als 135 qkm.<\/p>\n<p>Sehr gesch\u00e4tzt wird Brietlingen von Naturfreunden wegen seines beachtlichen Erholungswertes. In Brietlingen startet man sehr gerne zu ausgedehnten Touren durch den Naturpark Elbufer-Drawelen. Besonders f\u00fcr Familien ist Brietlingen ideal. Die angenehme Lage und eine hervorragende Infrastruktur zeichnen die Gemeinde aus.<\/p>\n<h4>Hohe Qualit\u00e4t f\u00fcr Kunden aus Brietlingen<\/h4>\n<p>Das Leben in Brietlingen ist ruhig. Die Gemeinde verf\u00fcgt \u00fcber zahlreiche sch\u00f6ne Wohngebiete, die insbesondere von einer angenehmen Einzelhausbebauung gepr\u00e4gt sind. Sie interessieren sich f\u00fcr unser Leistungsprogramm und haben deshalb unsere Website besucht? Dar\u00fcber freuen wir uns sehr. Unser engagiertes Team nimmt gerne Ihren Anruf entgegen oder beantwortet Ihre E-Mail.<\/p>","popseo_zusatztext":"<h3>Beste Leistung bei geringen Kosten<\/h3>\n<p>Sie sind interessiert an Trocknungs- oder Sanierungsarbeiten und w\u00fcnschen sich ein entsprechendes Angebot, das eine qualitativ gute Arbeit garantiert, gleichzeitig aber die Kosten im Blick hat. Toll, in diesem Fall sind Sie bei uns an der richtigen Adresse. Als Spezialist f\u00fcr Bauwerksabdichtung, Schimmelbeseitigung und Kellersanierung verarbeiten wir nur exzellente Materialien. Nichtsdestotrotz achten wir immer auf die Kosten, die selbstverst\u00e4ndlich \u00fcberschaubar bleiben sollen. Wir m\u00f6chten Ihnen Qualit\u00e4t bieten, die gleichzeitig auch die Kosten im Blick hat. Bei uns stimmen Kosten und Leistung: Schon seit etlichen Jahren sind wir Ihr erfahrener Fachbetrieb f\u00fcr Sanierungs- und Trocknungsarbeiten im norddeutschen Raum. Unser Unternehmenssitz befindet sich verkehrsg\u00fcnstig in Brietlingen bei L\u00fcndeburg. Die Kosten stets vor Augen: Wir sorgen f\u00fcr eine fachkundig durchgef\u00fchrte Sanierungsarbeit nach dem stets derzeitigen Stand der Technik.<\/p>\n<h3>Kosten vs. Leistung: Eine Sanierung rechnet sich!<\/h3>\n<p>D\u00fcrfen wir Sie beraten, wie Sie die Kosten f\u00fcr eine Sanierung reduzieren? Prima, dann warten Sie bitte nicht und nehmen am besten noch heute Verbindung mit uns auf. Ein kurzer Telefonanruf oder eine schnelle eMail gen\u00fcgen. Die fachm\u00e4nnische Beratung ist gleicherma\u00dfen wichtig wie die korrekte Umsetzung der eigentlichen Arbeiten. Unsere Beratung ist nat\u00fcrlich v\u00f6llig unverbindlich. Hochwertige Arbeit bei moderaten Kosten: Wir empfehlen uns als spezialisiertes Fachunternehmen im Norden. Unsere gro\u00dfe Erfahrung spricht f\u00fcr uns.<br \/>\nSenken Sie die Kosten f\u00fcr Ihr Sanierungsprojekt: Setzen Sie auf die Profis der Fachfirma Keul.<\/p>","popseo_links":"<a href=\"https:\/\/bautenschutz-keul.de\/angebote\/bauwerksabdichtung-maschen\/\">Bauwerksabdichtung Maschen<\/a>, <a href=\"https:\/\/bautenschutz-keul.de\/angebote\/feuchter-keller-hanstedt\/\">Feuchter Keller Hanstedt<\/a>, <a href=\"https:\/\/bautenschutz-keul.de\/angebote\/feuchtigkeit-ebstorf\/\">Feuchtigkeit Ebstorf<\/a>, <a href=\"https:\/\/bautenschutz-keul.de\/angebote\/feuchtigkeitsschaden-salzhausen\/\">Feuchtigkeitsschaden Salzhausen<\/a>, <a href=\"https:\/\/bautenschutz-keul.de\/angebote\/kellertrockenlegung-geesthacht\/\">Kellertrockenlegung Geesthacht<\/a>, <a href=\"https:\/\/bautenschutz-keul.de\/angebote\/feuchte-mauer-brietlingen\/\">Feuchte Mauer Brietlingen<\/a>, <a href=\"https:\/\/bautenschutz-keul.de\/angebote\/rissverpressung-bispingen\/\">Rissverpressung Bispingen<\/a>, <a href=\"https:\/\/bautenschutz-keul.de\/angebote\/feuchter-keller-glinde-sachsenwald\/\">Feuchter Keller Glinde Sachsenwald<\/a>, <a href=\"https:\/\/bautenschutz-keul.de\/angebote\/kellertrockenlegung-jesteburg\/\">Kellertrockenlegung Jesteburg<\/a>, <a href=\"https:\/\/bautenschutz-keul.de\/angebote\/feuchtigkeitsschaden-buechen\/\">Feuchtigkeitsschaden B\u00fcchen<\/a>, <a href=\"https:\/\/bautenschutz-keul.de\/angebote\/horizontalsperre-ebstorf\/\">Horizontalsperre Ebstorf<\/a>, <a href=\"https:\/\/bautenschutz-keul.de\/angebote\/feuchtigkeitsschaden-adendorf\/\">Feuchtigkeitsschaden Adendorf<\/a>, <a href=\"https:\/\/bautenschutz-keul.de\/angebote\/feuchtigkeit-schwarzenbek\/\">Feuchtigkeit Schwarzenbek<\/a>, <a href=\"https:\/\/bautenschutz-keul.de\/angebote\/horizontalsperre-salzhausen\/\">Horizontalsperre Salzhausen<\/a>, <a href=\"https:\/\/bautenschutz-keul.de\/angebote\/rissverpressung-amt-neuhaus\/\">Rissverpressung Amt Neuhaus<\/a>, <a href=\"https:\/\/bautenschutz-keul.de\/angebote\/feuchte-wand-amelinghausen\/\">Feuchte Wand Amelinghausen<\/a>, <a href=\"https:\/\/bautenschutz-keul.de\/angebote\/zerstoerter-putz-amelinghausen\/\">zerst\u00f6rter Putz Amelinghausen<\/a>, <a href=\"https:\/\/bautenschutz-keul.de\/angebote\/kellerabdichtung-geesthacht\/\">Kellerabdichtung Geesthacht<\/a>, <a href=\"https:\/\/bautenschutz-keul.de\/angebote\/innenabdichtung-bardowick\/\">Innenabdichtung Bardowick<\/a>, <a href=\"https:\/\/bautenschutz-keul.de\/angebote\/rissverpressung-reinbek-aumuehle\/\">Rissverpressung Reinbek Aum\u00fchle<\/a>, <a href=\"https:\/\/bautenschutz-keul.de\/angebote\/bauwerksabdichtung-schwarzenbek\/\">Bauwerksabdichtung Schwarzenbek<\/a>, <a href=\"https:\/\/bautenschutz-keul.de\/angebote\/bauwerksabdichtung-lueneburg\/\">Bauwerksabdichtung L\u00fcneburg<\/a>, <a href=\"https:\/\/bautenschutz-keul.de\/angebote\/feuchte-wand-bispingen\/\">Feuchte Wand Bispingen<\/a>, <a href=\"https:\/\/bautenschutz-keul.de\/angebote\/kellertrockenlegung-bispingen\/\">Kellertrockenlegung Bispingen<\/a>, <a href=\"https:\/\/bautenschutz-keul.de\/angebote\/aufsteigende-feuchtigkeit-bienenbuettel\/\">aufsteigende Feuchtigkeit Bienenb\u00fcttel<\/a>, <a href=\"https:\/\/bautenschutz-keul.de\/angebote\/kellersanierung-brietlingen\/\">Kellersanierung Brietlingen<\/a>, <a href=\"https:\/\/bautenschutz-keul.de\/angebote\/schimmel-schwarzenbek\/\">Schimmel Schwarzenbek<\/a>, <a href=\"https:\/\/bautenschutz-keul.de\/angebote\/feuchter-keller-harburg\/\">Feuchter Keller Harburg<\/a>"},"_links":{"self":[{"href":"https:\/\/bautenschutz-keul.de\/angebote\/wp-json\/wp\/v2\/pages\/577","targetHints":{"allow":["GET"]}}],"collection":[{"href":"https:\/\/bautenschutz-keul.de\/angebote\/wp-json\/wp\/v2\/pages"}],"about":[{"href":"https:\/\/bautenschutz-keul.de\/angebote\/wp-json\/wp\/v2\/types\/page"}],"author":[{"embeddable":true,"href":"https:\/\/bautenschutz-keul.de\/angebote\/wp-json\/wp\/v2\/users\/1"}],"replies":[{"embeddable":true,"href":"https:\/\/bautenschutz-keul.de\/angebote\/wp-json\/wp\/v2\/comments?post=577"}],"version-history":[{"count":0,"href":"https:\/\/bautenschutz-keul.de\/angebote\/wp-json\/wp\/v2\/pages\/577\/revisions"}],"wp:attachment":[{"href":"https:\/\/bautenschutz-keul.de\/angebote\/wp-json\/wp\/v2\/media?parent=577"}],"curies":[{"name":"wp","href":"https:\/\/api.w.org\/{rel}","templated":true}]}}