{"id":579,"date":"2021-09-13T08:44:27","date_gmt":"2021-09-13T06:44:27","guid":{"rendered":"https:\/\/bautenschutz-keul.de\/angebote\/schimmelbeseitigung-buechen\/"},"modified":"2021-09-13T08:44:27","modified_gmt":"2021-09-13T06:44:27","slug":"schimmelbeseitigung-buechen","status":"publish","type":"page","link":"https:\/\/bautenschutz-keul.de\/angebote\/schimmelbeseitigung-buechen\/","title":{"rendered":"Schimmelbeseitigung &#8211; B\u00fcchen"},"content":{"rendered":"<h3>Nachfolgend finden Sie einige Informationen zur Schimmelbeseitigung:<\/h3>\n<p>Die vollumf\u00e4ngliche Schimmelbeseitigung ist ein Thema, dass Hausbesitzer, deren Immobilie Anzeichen von Schimmelbefall hat, dringend angehen sollten. Der Profi kennt zahlreiche Methoden der Schimmelbeseitigung. Wichtig ist, dass nicht nur aktuell auftretender Schimmel entfernt wird. Insbesondere sollte es Ziel sein, dass Schimmelbefall nachhaltig und dauerhaft verhindert wird. Die Schimmelbeseitigung ist eine Angelegenheit f\u00fcr den Fachmann. Gerade ein erfahrener Profi hat Kenntnisse \u00fcber die Ursachen f\u00fcr die Entstehung von Schimmel und h\u00e4lt in der Regel spezielle Methoden bereit, die langfristig erneuten Schimmelbefall abwenden.<\/p>\n<h3>Schimmelbeseitigung vom Profi<\/h3>\n<p>Eine nachhaltige Schimmelbeseitigung beinhaltet generell gleich eine gr\u00f6\u00dfere Anzahl von notwendigen Verrichtungen. Neben potentiellen Reparaturen an Bedachungen und Hausfassaden sind oft auch Isolierungen zu erneuern oder auch defekte Abdichtungen zu ersetzen. Um auf Dauer einen Neubefall zu verhindern, sollten nicht selten auch Innen- und Au\u00dfenw\u00e4nde trockengelegt werden. Als erfahrenes Fachunternehmen geh\u00f6rt die Schimmelbeseitigung zu unseren t\u00e4glichen Aufgaben. Detailliert und sachkundig untersuchen wir zuerst die Schadensursache. Nach der Schadensermittlung erarbeiten wir f\u00fcr Sie ein umfassendes Programm f\u00fcr eine effektive Problembehebung. Die Schimmelbeseitigung startet zumeist mit einer ordentlichen S\u00e4uberung der befallenen Mauern und Fu\u00dfb\u00f6den. Auch ein kompletter Materialaustausch ist manchmal geboten. Mit Hilfe von speziellen Verputzstoffen und schimmelresistenten Farben erzielt man bei der Schimmelsanierung in der Regel bereits erstaunliche Resultate.<\/p>\n","protected":false},"excerpt":{"rendered":"<p>Nachfolgend finden Sie einige Informationen zur Schimmelbeseitigung: Die vollumf\u00e4ngliche Schimmelbeseitigung ist ein Thema, dass Hausbesitzer, deren Immobilie Anzeichen von Schimmelbefall hat, dringend angehen sollten. Der Profi kennt zahlreiche Methoden der Schimmelbeseitigung. Wichtig ist, dass nicht nur aktuell auftretender Schimmel entfernt wird. Insbesondere sollte es Ziel sein, dass Schimmelbefall nachhaltig und dauerhaft verhindert wird. Die Schimmelbeseitigung [&hellip;]<\/p>\n","protected":false},"author":1,"featured_media":0,"parent":0,"menu_order":0,"comment_status":"closed","ping_status":"closed","template":"","meta":{"footnotes":""},"class_list":["post-579","page","type-page","status-publish","hentry"],"meta_box":{"popseo_subtitel":"Wir sind Ihr Fachanbieter f\u00fcr die Schimmelbeseitigung im Gro\u00dfraum B\u00fcchen","popseo_subtitel2":"Eine professionell durchgef\u00fchrte Schimmelbeseitigung durch die geschulten Spezialisten unserer Firma","popseo_lasttitel":"Schimmelbeseitigung: Wir beantworten Ihre Fragen!","popseo_region":"B\u00fcchen","popseo_sachwort":"Schimmelbeseitigung","popseo_noupdate":"","popseo_einleitungstext":"<p>Sie haben sich mit dem Thema Bauwerksabdichtung besch\u00e4ftigt, weil Ihr Haus feuchte Geb\u00e4udeteile aufweist und Sie nach M\u00f6glichkeiten einer wirkungsvollen und professionellen Sanierung Ausschau halten. Ausgezeichnet, dass Sie unsere Website entdeckt haben. Auf den folgenden Seiten d\u00fcrfen wir Ihnen n\u00e4here Informationen zu unserem Leistungsangebot geben. Sie lernen auf dieser Website unsere Firma n\u00e4her kennen. <\/p>\n<p>Unser Unternehmen ist ein spezialisierter und etablierter Fachbetrieb mit Firmensitz in Brietlingen bei L\u00fcneburg. Seit vielen Jahren schon sind wir Ihr Spezialist f\u00fcr s\u00e4mtliche Fragen rund um die Bauwerksabdichtung. Wir setzen ausschlie\u00dflich praxisbew\u00e4hrte und effektive Sanierungsmethoden und -systeme ein. Als Sanierungsfachbetrieb schauen wir auf eine lange Berufserfahrung zur\u00fcck. Unsere versierten Spezialisten informieren Sie sehr gerne im Detail.<\/p>","popseo_schlusstext":"<p>Gerne informieren wir Sie n\u00e4her \u00fcber unser T\u00e4tigkeitsspektrum. Wir pr\u00e4sentieren Ihnen mit Vergn\u00fcgen auch ein paar Referenzprojekte, die Ihnen einen Einblick in unsere T\u00e4tigkeit geben.<br \/>\nWir sind f\u00fcr Sie da. Rufen Sie uns doch rasch einmal an oder senden Sie uns eine schnelle E-Mail. Wir freuen uns auf Sie.<\/p>","popseo_stadttext":"<h3>Unsere Leistung auch in B\u00fcchen<\/h3>\n<p>Durch unsere Gesch\u00e4ftst\u00e4tigkeit haben wir uns einen ausgezeichneten \u00dcberblick \u00fcber die Stadtarchitektur der St\u00e4dte und Gemeinden unseres Einzugsbereiches machen k\u00f6nnen. Nat\u00fcrlich geh\u00f6rt auch B\u00fcchen zu unserem unmittelbaren Wirkungskreis. Wir freuen uns darauf, mit Ihnen ins Gespr\u00e4ch zu kommen. <\/p>\n<h3>Ein paar Hintergrundinformationen zu B\u00fcchen<\/h3>\n<p>B\u00fcchen liegt im M\u00fcndungsbereich des Elbe-L\u00fcbeck-Kanals im Kreis Herzogtum-Lauenburg im s\u00fcdlichen Schleswig-Holstein. Insgesamt 5.700 Einwohner wohnen in B\u00fcchen auf einer Fl\u00e4che von 16 Quadratkilometern. Die Entfernung zwischen B\u00fcchen und der Metropole Hamburg bel\u00e4uft sich auf gut 40 Kilometer. Viele Pendler haben ihren Wohnsitz in der Stadt B\u00fcchen. Wer seinen Arbeitsplatz in Hamburg hat, das private Umfeld jedoch lieber etwas \u00fcbersichtlicher hat, wei\u00df die Vorteile der Stadt B\u00fcchen zu sch\u00e4tzen.<\/p>\n<p>B\u00fcchen ist ein Halt auf den Bahnstrecken L\u00fcneburg-L\u00fcbeck und Berlin-Hamburg. Wer die Zeit der DDR erlebt hat, erinnert sich bestimmt noch an die strengen Passkontrollen im Bahnhof von B\u00fcchen. Bis 1990 lag B\u00fcchen im unmittelbaren Grenzgebiet zwischen der alten Bundesrepublik und der fr\u00fcheren DDR. Wer mit dem PKW reist, erreicht die Stadt B\u00fcchen beispielsweise \u00fcber die Autobahn A24. Die Auffahrt B\u00fcchen findet sich rund acht Kilometer von der Innenstadt entfernt.<\/p>\n<h3>B\u00fcchen - St\u00e4dtchen mit Herz<\/h3>\n<p>Die heutige Stadt B\u00fcchen ist eine Verbindung verschiedener kleinerer Orte. Dem namensgebenden B\u00fcchen selbst gemeindete man in den 30ern die Ortschaften P\u00f6trau und N\u00fcssau ein. Das Amt B\u00fcchen z\u00e4hlt insgesamt 15 Gemeinden. Durch die r\u00e4umliche N\u00e4he zur Freien und Hansestadt Hamburg hat sich in B\u00fcchen ein erstaunlich buntes Wirtschaftsleben etabliert. Der Standort ist ideal gelegen und bietet Gewerbetreibenden hervorragende Konditionen. <\/p>\n<p>Sehr gesch\u00e4tzt wird B\u00fcchen von Naturfreunden wegen seines beachtlichen Naherholungswertes. In B\u00fcchen startet man sehr gerne zu langen Exkursionen durch den Naturpark Lauenburgische Seen. Insbesondere f\u00fcr Familien ist B\u00fcchen attraktiv. Die angenehme Lage sowie eine gute Infrastruktur zeichnen die Gemeinde aus. Alle Schulformen sind vorhanden und auch die \u00f6rtliche Jugendbegegnungsst\u00e4tte genie\u00dft regen Zuspruch. <\/p>\n<h4>Unsere Leistung f\u00fcr qualit\u00e4tsbewusste Kunden aus B\u00fcchen<\/h4>\n<p>Wir finden es klasse, dass Sie unsere Website entdeckt haben. Privat- und Gesch\u00e4ftskunden profitieren von einem sehr guten Preis-Leistungs-Verh\u00e4ltnis. Sie m\u00f6chten mehr \u00fcber uns erfahren? F\u00fcr R\u00fcckfragen stehen wir Ihnen jederzeit zur Verf\u00fcgung. Auf den Kontakt zu Ihnen freuen wir uns.<\/p>","popseo_zusatztext":"<h3>Hohe Kosten bei der Bauwerksabdichtung m\u00fcssen nicht sein<\/h3>\n<p>Sie interessieren sich f\u00fcr eine Kellertrockenlegung oder eine Sanierungsarbeit an Mauern bzw. W\u00e4nden und w\u00fcnschen sich ein entsprechendes Angebot, das eine handwerklich gute Arbeit garantiert, gleichzeitig aber keine hohen Kosten nach sich zieht. Toll, in diesem Fall sind Sie bei uns genau richtig. Als Fachbetrieb f\u00fcr Schimmelbeseitigung, Geb\u00e4udeabdichtung und Kellersanierung verarbeiten wir ausschlie\u00dflich hochwertige Materialien. Trotzdem achten wir immer auf die Kosten, die nat\u00fcrlich nicht zu hoch sein sollen. Wir m\u00f6chten Ihnen beste Qualit\u00e4t bieten, die trotzdem auch die Kosten im Blick hat. Bei uns stimmen Kosten und Qualit\u00e4t: Schon seit etlichen Jahren sind wir Ihr qualifizierter Partner f\u00fcr Trocknungs- und Sanierungsarbeiten im norddeutschen Raum. Unser Unternehmenssitz liegt verkehrsg\u00fcnstig in Brietlingen bei L\u00fcndeburg. Die Kosten stets vor Augen: Wir bieten Ihnen eine professionell durchgef\u00fchrte Sanierungsarbeit nach dem immer aktuellsten Stand der Technik.<\/p>\n<h3>Die Kosten stets vor Augen<\/h3>\n<p>D\u00fcrfen wir Sie beraten, wie Sie die Kosten f\u00fcr eine Sanierung senken k\u00f6nnen? Super, dann warten Sie bitte nicht und nehmen am besten gleich heute Verbindung mit uns auf. Ein kurzer Anruf oder auch eine kurze Email gen\u00fcgen. Eine gute und umfangreiche Beratung ist genauso wichtig wie die sachgem\u00e4\u00dfe Ausf\u00fchrung der entprechenden Arbeiten. Unsere Beratung ist nat\u00fcrlich v\u00f6llig unverbindlich. Beste Qualit\u00e4t bei moderaten Kosten: Wir empfehlen uns als spezialisiertes Unternehmen in Norddeutschland. Unsere jahrelange Erfahrung spricht f\u00fcr uns.<br \/>\nVerringern Sie die Kosten f\u00fcr Ihr Sanierungsprojekt: Setzen Sie auf die Profis der Fachfirma Keul.<\/p>","popseo_links":"<a href=\"https:\/\/bautenschutz-keul.de\/angebote\/kellertrockenlegung-adendorf\/\">Kellertrockenlegung Adendorf<\/a>, <a href=\"https:\/\/bautenschutz-keul.de\/angebote\/kellersanierung-glinde-sachsenwald\/\">Kellersanierung Glinde Sachsenwald<\/a>, <a href=\"https:\/\/bautenschutz-keul.de\/angebote\/horizontalsperre-tostedt-sittensen\/\">Horizontalsperre Tostedt Sittensen<\/a>, <a href=\"https:\/\/bautenschutz-keul.de\/angebote\/innenabdichtung-stelle\/\">Innenabdichtung Stelle<\/a>, <a href=\"https:\/\/bautenschutz-keul.de\/angebote\/mauertrockenlegung-reppenstedt\/\">Mauertrockenlegung Reppenstedt<\/a>, <a href=\"https:\/\/bautenschutz-keul.de\/angebote\/feuchter-keller-ebstorf\/\">Feuchter Keller Ebstorf<\/a>, <a href=\"https:\/\/bautenschutz-keul.de\/angebote\/schimmelsanierung-brietlingen\/\">Schimmelsanierung Brietlingen<\/a>, <a href=\"https:\/\/bautenschutz-keul.de\/angebote\/aussenabdichtung-tostedt-sittensen\/\">Au\u00dfenabdichtung Tostedt Sittensen<\/a>, <a href=\"https:\/\/bautenschutz-keul.de\/angebote\/aussenabdichtung-lueneburg\/\">Au\u00dfenabdichtung L\u00fcneburg<\/a>, <a href=\"https:\/\/bautenschutz-keul.de\/angebote\/kellersanierung-bienenbuettel\/\">Kellersanierung Bienenb\u00fcttel<\/a>, <a href=\"https:\/\/bautenschutz-keul.de\/angebote\/feuchte-mauer-glinde-sachsenwald\/\">Feuchte Mauer Glinde Sachsenwald<\/a>, <a href=\"https:\/\/bautenschutz-keul.de\/angebote\/horizontalsperre-bergedorf-wentorf\/\">Horizontalsperre Bergedorf Wentorf<\/a>, <a href=\"https:\/\/bautenschutz-keul.de\/angebote\/horizontalsperre-stelle\/\">Horizontalsperre Stelle<\/a>, <a href=\"https:\/\/bautenschutz-keul.de\/angebote\/horizontalsperre-bardowick\/\">Horizontalsperre Bardowick<\/a>, <a href=\"https:\/\/bautenschutz-keul.de\/angebote\/mauertrockenlegung-bispingen\/\">Mauertrockenlegung Bispingen<\/a>, <a href=\"https:\/\/bautenschutz-keul.de\/angebote\/schimmelsanierung-bispingen\/\">Schimmelsanierung Bispingen<\/a>, <a href=\"https:\/\/bautenschutz-keul.de\/angebote\/aufsteigende-feuchtigkeit-buchholz-in-der-nordheide\/\">aufsteigende Feuchtigkeit Buchholz in der Nordheide<\/a>, <a href=\"https:\/\/bautenschutz-keul.de\/angebote\/schimmel-uelzen\/\">Schimmel Uelzen<\/a>, <a href=\"https:\/\/bautenschutz-keul.de\/angebote\/innenabdichtung-tostedt-sittensen\/\">Innenabdichtung Tostedt Sittensen<\/a>, <a href=\"https:\/\/bautenschutz-keul.de\/angebote\/aussenabdichtung-jesteburg\/\">Au\u00dfenabdichtung Jesteburg<\/a>, <a href=\"https:\/\/bautenschutz-keul.de\/angebote\/aufsteigende-feuchtigkeit-tostedt-sittensen\/\">aufsteigende Feuchtigkeit Tostedt Sittensen<\/a>, <a href=\"https:\/\/bautenschutz-keul.de\/angebote\/kellersanierung-herzogtum-lauenburg\/\">Kellersanierung Herzogtum Lauenburg<\/a>, <a href=\"https:\/\/bautenschutz-keul.de\/angebote\/kellerabdichtung-glinde-sachsenwald\/\">Kellerabdichtung Glinde Sachsenwald<\/a>, <a href=\"https:\/\/bautenschutz-keul.de\/angebote\/feuchtigkeit-uelzen\/\">Feuchtigkeit Uelzen<\/a>, <a href=\"https:\/\/bautenschutz-keul.de\/angebote\/zerstoerter-putz-ebstorf\/\">zerst\u00f6rter Putz Ebstorf<\/a>, <a href=\"https:\/\/bautenschutz-keul.de\/angebote\/feuchtigkeit-winsen-luhe\/\">Feuchtigkeit Winsen Luhe<\/a>, <a href=\"https:\/\/bautenschutz-keul.de\/angebote\/schimmelsanierung-jesteburg\/\">Schimmelsanierung Jesteburg<\/a>, <a href=\"https:\/\/bautenschutz-keul.de\/angebote\/kellertrockenlegung-bardowick\/\">Kellertrockenlegung Bardowick<\/a>"},"_links":{"self":[{"href":"https:\/\/bautenschutz-keul.de\/angebote\/wp-json\/wp\/v2\/pages\/579","targetHints":{"allow":["GET"]}}],"collection":[{"href":"https:\/\/bautenschutz-keul.de\/angebote\/wp-json\/wp\/v2\/pages"}],"about":[{"href":"https:\/\/bautenschutz-keul.de\/angebote\/wp-json\/wp\/v2\/types\/page"}],"author":[{"embeddable":true,"href":"https:\/\/bautenschutz-keul.de\/angebote\/wp-json\/wp\/v2\/users\/1"}],"replies":[{"embeddable":true,"href":"https:\/\/bautenschutz-keul.de\/angebote\/wp-json\/wp\/v2\/comments?post=579"}],"version-history":[{"count":0,"href":"https:\/\/bautenschutz-keul.de\/angebote\/wp-json\/wp\/v2\/pages\/579\/revisions"}],"wp:attachment":[{"href":"https:\/\/bautenschutz-keul.de\/angebote\/wp-json\/wp\/v2\/media?parent=579"}],"curies":[{"name":"wp","href":"https:\/\/api.w.org\/{rel}","templated":true}]}}