{"id":582,"date":"2021-09-13T08:44:27","date_gmt":"2021-09-13T06:44:27","guid":{"rendered":"https:\/\/bautenschutz-keul.de\/angebote\/schimmelbeseitigung-glinde-sachsenwald\/"},"modified":"2021-09-13T08:44:27","modified_gmt":"2021-09-13T06:44:27","slug":"schimmelbeseitigung-glinde-sachsenwald","status":"publish","type":"page","link":"https:\/\/bautenschutz-keul.de\/angebote\/schimmelbeseitigung-glinde-sachsenwald\/","title":{"rendered":"Schimmelbeseitigung &#8211; Glinde Sachsenwald"},"content":{"rendered":"<h3>Nachfolgend finden Sie einige interessante Informationen zur Schimmelbeseitigung:<\/h3>\n<p>Die komplette Schimmelbeseitigung ist ein Thema, dass Hauseigent\u00fcmer, deren Immobilie Zeichen von Schimmelbefall aufweist, dringend angehen m\u00fcssen. Der Profi kennt diverse Vorgehensweisen der Schimmelbeseitigung. Zu bedenken ist, dass nicht nur akut vorhandener Schimmel vernichtet wird. Vor allem muss es Ziel sein, dass Schimmelbefall effektiv und auf Dauer bek\u00e4mpft wird. Die Schimmelbeseitigung ist eine Angelegenheit f\u00fcr den Experten. Nur ein erfahrener Spezialist kennt die Ursachen f\u00fcr die Entstehung von Schimmel und h\u00e4lt meist geeignete Verfahren bereit, die auf lange Zeit neuerlichen Schimmelbefall vorbeugen.<\/p>\n<h3>Unser Fachbetrieb \u00fcbernimmt die Schimmelbeseitigung!<\/h3>\n<p>Eine nachhaltige Schimmelbeseitigung enth\u00e4lt in aller Regel gleich eine gr\u00f6\u00dfere Anzahl von n\u00f6tigen Arbeiten. Neben m\u00f6glichen Reparaturen an D\u00e4chern und Fassaden sind oftmals auch Isolierungen zu ersetzen oder auch por\u00f6se Versiegelungen zu erneuern. Um dauerhaft einen Neubefall zu stoppen, m\u00fcssen oft auch Innen- und Au\u00dfenw\u00e4nde trockengelegt werden. Als routiniertes Fachunternehmen geh\u00f6rt die Schimmelbeseitigung zu unseren wiederkehrenden T\u00e4tigkeiten. Gewissenhaft und sachkundig analysieren wir zuerst den Schadensgrund. Nach der Schadensermittlung entwerfen wir f\u00fcr Sie ein umfangreiches Konzept f\u00fcr eine wirkungsvolle Schimmelsanierung. Die Schimmelbeseitigung beginnt oftmals mit einer ordentlichen S\u00e4uberung der betroffenen Mauern und B\u00f6den. Auch ein kompletter Materialaustausch ist bisweilen geboten. Mit Hilfe von speziellen Verputzmaterialien und schimmelresistenten Farben erzielt man im Rahmen der Sanierungsarbeit in der Regel schon erstaunliche Ergebnisse.<\/p>\n","protected":false},"excerpt":{"rendered":"<p>Nachfolgend finden Sie einige interessante Informationen zur Schimmelbeseitigung: Die komplette Schimmelbeseitigung ist ein Thema, dass Hauseigent\u00fcmer, deren Immobilie Zeichen von Schimmelbefall aufweist, dringend angehen m\u00fcssen. Der Profi kennt diverse Vorgehensweisen der Schimmelbeseitigung. Zu bedenken ist, dass nicht nur akut vorhandener Schimmel vernichtet wird. Vor allem muss es Ziel sein, dass Schimmelbefall effektiv und auf Dauer [&hellip;]<\/p>\n","protected":false},"author":1,"featured_media":0,"parent":0,"menu_order":0,"comment_status":"closed","ping_status":"closed","template":"","meta":{"footnotes":""},"class_list":["post-582","page","type-page","status-publish","hentry"],"meta_box":{"popseo_subtitel":"Wir sind Ihr erfahrener Fachbetrieb f\u00fcr die Schimmelbeseitigung im Raum Glinde Sachsenwald","popseo_subtitel2":"Eine professionelle Schimmelbeseitigung durch die erfahrenen Experten der Firma Keul","popseo_lasttitel":"Schimmelbeseitigung: D\u00fcrfen wir Ihre Fragen beantworten?","popseo_region":"Glinde Sachsenwald","popseo_sachwort":"Schimmelbeseitigung","popseo_noupdate":"","popseo_einleitungstext":"<p>Sie haben sich mit der Bauwerksabdichtung auseinandergesetzt, weil Ihre Immobilie feuchte Geb\u00e4udeteile aufweist und Sie nach M\u00f6glichkeiten einer professionellen und vor allem wirksamen Sanierung Ausschau halten. Gut, dass Sie zu uns gefunden haben. Auf den folgenden Seiten m\u00f6chten wir Ihnen einige Informationen zu unserem Leistungsspektrum geben. Sie lernen auf dieser Website unsere Firma n\u00e4her kennen. <\/p>\n<p>Die Firma TK-Geb\u00e4udetechnik Thorsten Keul ist ein spezialisierter und etablierter Handwerksbetrieb mit Firmensitz in Brietlingen bei L\u00fcneburg. Bereits seit vielen Jahren sind wir Ihr Spezialist f\u00fcr alle auftretenden Fragen rund um Geb\u00e4udeabdichtung. Wir setzen ausschlie\u00dflich effektive und praxisbew\u00e4hrte Sanierungssysteme und -methoden ein. Als Sanierungsfachbetrieb schauen wir auf eine lange und intensive Berufserfahrung zur\u00fcck. Unsere gut geschulten Spezialisten informieren Sie sehr gerne im Detail.<\/p>","popseo_schlusstext":"<p>Gerne informieren wir Sie n\u00e4her \u00fcber unser T\u00e4tigkeitsspektrum. Wir nennen Ihnen mit Vergn\u00fcgen auch einige Projekte, die Ihnen einen Einblick in unsere Arbeit geben.<br \/>\nVertrauen Sie auf das Urteil eines erfahrenen Sannierungsfachbetriebes. Rufen Sie uns doch einfach einmal an oder senden Sie uns eine kurze E-Mail. Wir freuen uns auf Ihre Kontaktaufnahme.<\/p>","popseo_stadttext":"<h3>Anfragen erhalten wir auch aus der Region Glinde \/ Sachsenwald<\/h3>\n<p>Sie wohnen in Glinde oder in der N\u00e4he vom Sachsenwald und sind hier im World Wide Web auf unsere Homepage gesto\u00dfen? Das finden wir klasse. Gerne pr\u00e4sentieren wir Ihnen unser gesamtes Leistungsspektrum und beantworten Ihre Fragen. Durch unsere Vertriebst\u00e4tigkeit haben wir uns einen sehr guten \u00dcberblick \u00fcber die Stadtarchitektur der St\u00e4dte und Gemeinden unseres Einzugsbereiches machen k\u00f6nnen. Selbstverst\u00e4ndlich geh\u00f6rt auch die Region Glinde \/ Sachsenwald zu unserem unmittelbaren Vertriebsgebiet. Wir freuen uns darauf, mit Ihnen ins Gespr\u00e4ch zu kommen. <\/p>\n<h3>Einige Details zur Region Glinde \/ Sachsenwald<\/h3>\n<p>Die Stormarner Gemeinde Glinde geh\u00f6rt zur der Metropolregion Hamburg und ungef\u00e4hr 20 Kilometer in s\u00fcd\u00f6stlicher Randlage zur Hansestadt gelegen. Durch die Anbindung an den Hamburger Verkehrsverbund sowie an die Verkehrsbetriebe Hamburg- Holstein sind Ausflugsorte in der n\u00e4heren Umgebung oder nat\u00fcrlich auch die Hamburger Innenstadt von Glinde aus schnell erreichbar.<br \/>\nInsgesamt acht Buslinien bilden den Personennahverkehr von Glinde nach Hamburg bzw. in die angrenzenden Gemeinden. Ferner besteht eine direkte Verbindung mit der Deutschen Bahn nach Hamburg. Der Hauptbahnhof Hamburg bietet eine Verbindung zum gesamten Verkehrsnetz. Zus\u00e4tzlich besteht noch die M\u00f6glichkeit, den Metronombus zu nehmen, mit dem man von Glinde nach Hamburg circa eine Dreiviertelstunde braucht. Auch f\u00fcr das Auto stehen g\u00fcnstige \u00fcberregionale Verkehrsanbindungen zur Verf\u00fcgung. Gleich zwei Autobahnanschl\u00fcsse befinden sich in der n\u00e4heren Umgebung. \u00dcber die Autobahn A24 (AS Reinbek\/Glinde) bzw. die Schnellstra\u00dfe A1 erreicht man schnell sein Ziel.<br \/>\nWegen seiner hervorragenden Infrastruktur hat sich Glinde zu einem beliebten Wohnquartier entwickelt.  Deutlich \u00fcber die H\u00e4lfte der Stadtfl\u00e4che von Glinde besteht aus Park- oder Wasserfl\u00e4chen oder wird landwirtschaftlich genutzt. <\/p>\n<h3>Der Sachsenwald \u2013 Natur pur!<\/h3>\n<p>Nicht weit von Glinde entfernt, findet sich der Sachsenwald. Mit seiner Gesamtfl\u00e4che von rund 70 km\u00b2 z\u00e4hlt der Sachsenwald als ausgedehntestes Waldgebiet von Schleswig-Holstein. Der Sachsenwald ist ein gemeindefreies Areal. Es grenzt an die Kreise Stormarn und Herzogtum Lauenburg. Naturfreunde haben im Sachsenwald ein kleines Paradies. Ein erquickender Spaziergang durch das wunderbare Waldgebiet verspricht Mu\u00dfe und Erholung. Viele Tiere und Pflanzen haben im Sachsenwald ihren Platz gefunden. Die heimische Tierwelt hat im Sachsenwald einen \u00fcberwiegend unber\u00fchrten Lebensraum. Der Sachsenwald gliedert sich in die Bezirke Aum\u00fchle, Wohltorf und Friedrichsruh\/Stangenteich auf. Die dazugeh\u00f6rigen Gemeinden erfreuen sich als exklusive Wohnquartiere besonderer Beliebtheit.<\/p>\n<h4>Unsere Leistung f\u00fcr qualit\u00e4tsbewusste Kunden aus Glinde und den Gemeinden am Sachsenwald<\/h4>\n<p>Sie wohnen in Glinde oder einer der ruhigen Orte am Sachsenwald, interessieren sich f\u00fcr unser Angebot und haben deshalb unsere Website besucht? Das freut uns sehr. Unser engagiertes Team nimmt gerne Ihren Anruf entgegen oder beantwortet Ihre E-Mail.<\/p>","popseo_zusatztext":"<h3>Wir haben die Kosten im Blick<\/h3>\n<p>Sie interessieren sich f\u00fcr eine Kellertrockenlegung oder eine Sanierungsarbeit an Mauern bzw. W\u00e4nden und m\u00f6chten gerne ein passendes Angebot, das eine qualitativ gute Arbeit garantiert, gleichwohl keine hohen Kosten nach sich zieht. Klasse, dann sind Sie bei uns an der richtigen Adresse. Als Spezialist f\u00fcr Bauwerksabdichtung, Schimmelbeseitigung und Kellersanierung verwenden wir ausschlie\u00dflich exzellente Materialien. Nichtsdestotrotz schauen wir immer auf die Kosten, die selbstverst\u00e4ndlich \u00fcberschaubar bleiben sollen. Wir m\u00f6chten Ihnen Qualit\u00e4t bieten, die gleichzeitig auch die Kosten im Blick beh\u00e4lt. Bei uns stimmen Kosten und Leistung: Bereits seit vielen Jahren sind wir Ihr erfahrener Fachbetrieb f\u00fcr Trocknungs- und Sanierungsarbeiten in Norddeutschland. Unser Gesch\u00e4ftssitz liegt verkehrsg\u00fcnstig in Brietlingen bei L\u00fcndeburg. Die Kosten stets vor Augen: Wir garantieren eine fachm\u00e4nnisch ausgef\u00fchrte Arbeit nach dem jeweils derzeitigen Stand der Technik.<\/p>\n<h3>Trocknung und Sanierung durch die Firma Wist: Beste Arbeit, geringe Kosten!<\/h3>\n<p>D\u00fcrfen wir Sie beraten, wie Sie die Kosten f\u00fcr eine Sanierung senken k\u00f6nnen? Super, dann warten Sie bitte nicht und nehmen am besten gleich heute Kontakt mit uns auf. Ein kurzer Anruf oder auch eine kurze eMail gen\u00fcgen. Die gute Beratung ist gleicherma\u00dfen wichtig wie die sachgem\u00e4\u00dfe Ausf\u00fchrung der entsprechenden T\u00e4tigkeiten. Unsere fachliche Beratung ist selbstverst\u00e4ndlich v\u00f6llig unverbindlich. Beste Qualit\u00e4t bei \u00fcberschaubaren Kosten: Wir empfehlen uns als spezialisiertes Unternehmen im Norden. Unsere langj\u00e4hrige Erfahrung zeichnet uns aus.<br \/>\nSenken Sie die Kosten f\u00fcr Ihr Sanierungsprojekt: Vertrauen Sie den Spezialisten der Firma Keul.<\/p>","popseo_links":"<a href=\"https:\/\/bautenschutz-keul.de\/angebote\/mauertrockenlegung-brietlingen\/\">Mauertrockenlegung Brietlingen<\/a>, <a href=\"https:\/\/bautenschutz-keul.de\/angebote\/mauertrockenlegung-lueneburg\/\">Mauertrockenlegung L\u00fcneburg<\/a>, <a href=\"https:\/\/bautenschutz-keul.de\/angebote\/rissverpressung-brietlingen\/\">Rissverpressung Brietlingen<\/a>, <a href=\"https:\/\/bautenschutz-keul.de\/angebote\/bauwerksabdichtung-geesthacht\/\">Bauwerksabdichtung Geesthacht<\/a>, <a href=\"https:\/\/bautenschutz-keul.de\/angebote\/feuchtigkeit-stelle\/\">Feuchtigkeit Stelle<\/a>, <a href=\"https:\/\/bautenschutz-keul.de\/angebote\/feuchtigkeit-tostedt-sittensen\/\">Feuchtigkeit Tostedt Sittensen<\/a>, <a href=\"https:\/\/bautenschutz-keul.de\/angebote\/aufsteigende-feuchtigkeit-geesthacht\/\">aufsteigende Feuchtigkeit Geesthacht<\/a>, <a href=\"https:\/\/bautenschutz-keul.de\/angebote\/salpeter-im-keller-herzogtum-lauenburg\/\">Salpeter im Keller Herzogtum Lauenburg<\/a>, <a href=\"https:\/\/bautenschutz-keul.de\/angebote\/salpeter-im-keller-schwarzenbek\/\">Salpeter im Keller Schwarzenbek<\/a>, <a href=\"https:\/\/bautenschutz-keul.de\/angebote\/feuchte-mauer-winsen-luhe\/\">Feuchte Mauer Winsen Luhe<\/a>, <a href=\"https:\/\/bautenschutz-keul.de\/angebote\/bauwerksabdichtung-winsen-luhe\/\">Bauwerksabdichtung Winsen Luhe<\/a>, <a href=\"https:\/\/bautenschutz-keul.de\/angebote\/feuchtigkeitsschaden-lueneburg\/\">Feuchtigkeitsschaden L\u00fcneburg<\/a>, <a href=\"https:\/\/bautenschutz-keul.de\/angebote\/feuchter-keller-brietlingen\/\">Feuchter Keller Brietlingen<\/a>, <a href=\"https:\/\/bautenschutz-keul.de\/angebote\/schimmelsanierung-jesteburg\/\">Schimmelsanierung Jesteburg<\/a>, <a href=\"https:\/\/bautenschutz-keul.de\/angebote\/feuchte-wand-salzhausen\/\">Feuchte Wand Salzhausen<\/a>, <a href=\"https:\/\/bautenschutz-keul.de\/angebote\/feuchte-wand-bardowick\/\">Feuchte Wand Bardowick<\/a>, <a href=\"https:\/\/bautenschutz-keul.de\/angebote\/innenabdichtung-jesteburg\/\">Innenabdichtung Jesteburg<\/a>, <a href=\"https:\/\/bautenschutz-keul.de\/angebote\/rissverpressung-tostedt-sittensen\/\">Rissverpressung Tostedt Sittensen<\/a>, <a href=\"https:\/\/bautenschutz-keul.de\/angebote\/aussenabdichtung-reppenstedt\/\">Au\u00dfenabdichtung Reppenstedt<\/a>, <a href=\"https:\/\/bautenschutz-keul.de\/angebote\/schimmel-reppenstedt\/\">Schimmel Reppenstedt<\/a>, <a href=\"https:\/\/bautenschutz-keul.de\/angebote\/zerstoerter-putz-bienenbuettel\/\">zerst\u00f6rter Putz Bienenb\u00fcttel<\/a>, <a href=\"https:\/\/bautenschutz-keul.de\/angebote\/feuchtigkeitsschaden-schwarzenbek\/\">Feuchtigkeitsschaden Schwarzenbek<\/a>, <a href=\"https:\/\/bautenschutz-keul.de\/angebote\/aussenabdichtung-adendorf\/\">Au\u00dfenabdichtung Adendorf<\/a>, <a href=\"https:\/\/bautenschutz-keul.de\/angebote\/innenabdichtung-winsen-luhe\/\">Innenabdichtung Winsen Luhe<\/a>, <a href=\"https:\/\/bautenschutz-keul.de\/angebote\/mauertrockenlegung-tostedt-sittensen\/\">Mauertrockenlegung Tostedt Sittensen<\/a>, <a href=\"https:\/\/bautenschutz-keul.de\/angebote\/bauwerksabdichtung-buchholz-in-der-nordheide\/\">Bauwerksabdichtung Buchholz in der Nordheide<\/a>, <a href=\"https:\/\/bautenschutz-keul.de\/angebote\/salpeter-im-keller-jesteburg\/\">Salpeter im Keller Jesteburg<\/a>, <a href=\"https:\/\/bautenschutz-keul.de\/angebote\/salpeter-im-keller-reinbek-aumuehle\/\">Salpeter im Keller Reinbek Aum\u00fchle<\/a>"},"_links":{"self":[{"href":"https:\/\/bautenschutz-keul.de\/angebote\/wp-json\/wp\/v2\/pages\/582","targetHints":{"allow":["GET"]}}],"collection":[{"href":"https:\/\/bautenschutz-keul.de\/angebote\/wp-json\/wp\/v2\/pages"}],"about":[{"href":"https:\/\/bautenschutz-keul.de\/angebote\/wp-json\/wp\/v2\/types\/page"}],"author":[{"embeddable":true,"href":"https:\/\/bautenschutz-keul.de\/angebote\/wp-json\/wp\/v2\/users\/1"}],"replies":[{"embeddable":true,"href":"https:\/\/bautenschutz-keul.de\/angebote\/wp-json\/wp\/v2\/comments?post=582"}],"version-history":[{"count":0,"href":"https:\/\/bautenschutz-keul.de\/angebote\/wp-json\/wp\/v2\/pages\/582\/revisions"}],"wp:attachment":[{"href":"https:\/\/bautenschutz-keul.de\/angebote\/wp-json\/wp\/v2\/media?parent=582"}],"curies":[{"name":"wp","href":"https:\/\/api.w.org\/{rel}","templated":true}]}}