{"id":586,"date":"2021-09-13T08:44:27","date_gmt":"2021-09-13T06:44:27","guid":{"rendered":"https:\/\/bautenschutz-keul.de\/angebote\/schimmelbeseitigung-jesteburg\/"},"modified":"2021-09-13T08:44:27","modified_gmt":"2021-09-13T06:44:27","slug":"schimmelbeseitigung-jesteburg","status":"publish","type":"page","link":"https:\/\/bautenschutz-keul.de\/angebote\/schimmelbeseitigung-jesteburg\/","title":{"rendered":"Schimmelbeseitigung &#8211; Jesteburg"},"content":{"rendered":"<h3>Nachfolgend finden Sie einige Details zum Thema Schimmelbeseitigung:<\/h3>\n<p>Die komplette Schimmelbeseitigung ist ein Thema, dass Hauseigent\u00fcmer, deren Immobilie Zeichen von Schimmelbefall aufweist, auf jeden Fall angehen sollten. Der Spezialist kennt zahlreiche Methoden der Schimmelbeseitigung. Wichtig ist, dass nicht nur akut vorhandener Schimmel beseitigt wird. Vor allem muss es Ziel sein, dass Schimmelbefall nachhaltig und auf lange Zeit bek\u00e4mpft wird. Die Schimmelbeseitigung ist eine Angelegenheit f\u00fcr den Spezialisten. Nur ein routinierter Experte hat Kenntnisse \u00fcber die Ursachen f\u00fcr die Entstehung von Schimmel und h\u00e4lt meist passende Methoden bereit, die auf lange Zeit neuen Schimmelbefall verhindern.<\/p>\n<h3>Unser Fachbetrieb \u00fcbernimmt die Schimmelbeseitigung!<\/h3>\n<p>Eine wirksame Schimmelbeseitigung beinhaltet prinzipiell gleich eine Reihe von erforderlichen Arbeiten. Neben eventuellen Instandsetzungen an Bedachungen und Fassaden sind \u00f6fters auch D\u00e4mmungen zu ersetzen oder defekte Abdichtungen zu ersetzen. Um langfristig einen Neubefall zu stoppen, m\u00fcssen oftmals auch Innen- und Au\u00dfenw\u00e4nde trockengelegt werden. Als qualifiziertes Unternehmen vom Fach geh\u00f6rt die Schimmelbeseitigung zu unseren wiederkehrenden Aufgaben. Detailliert und kompetent untersuchen wir als Erstes die Schadensursache. Nach der Schadensermittlung erarbeiten wir f\u00fcr Sie ein umfassendes Konzept f\u00fcr eine effektive Probleml\u00f6sung. Die Schimmelbeseitigung startet zumeist mit einer ausgiebigen S\u00e4uberung der betroffenen W\u00e4nde und Fu\u00dfb\u00f6den. Auch ein kompletter Materialaustausch ist manchmal angezeigt. Mit Hilfe von geeigneten Verputzstoffen und schimmelabweisenden Farben erreicht man bei der Schimmelsanierung oft bereits ausgezeichnetete Resultate.<\/p>\n","protected":false},"excerpt":{"rendered":"<p>Nachfolgend finden Sie einige Details zum Thema Schimmelbeseitigung: Die komplette Schimmelbeseitigung ist ein Thema, dass Hauseigent\u00fcmer, deren Immobilie Zeichen von Schimmelbefall aufweist, auf jeden Fall angehen sollten. Der Spezialist kennt zahlreiche Methoden der Schimmelbeseitigung. Wichtig ist, dass nicht nur akut vorhandener Schimmel beseitigt wird. Vor allem muss es Ziel sein, dass Schimmelbefall nachhaltig und auf [&hellip;]<\/p>\n","protected":false},"author":1,"featured_media":0,"parent":0,"menu_order":0,"comment_status":"closed","ping_status":"closed","template":"","meta":{"footnotes":""},"class_list":["post-586","page","type-page","status-publish","hentry"],"meta_box":{"popseo_subtitel":"Wir sind Ihr Spezialist f\u00fcr die Schimmelbeseitigung in Jesteburg","popseo_subtitel2":"Eine professionell durchgef\u00fchrte Schimmelbeseitigung durch die geschulten Experten unserer Firma","popseo_lasttitel":"Schimmelbeseitigung: Wir informieren Sie gerne auch pers\u00f6nlich!","popseo_region":"Jesteburg","popseo_sachwort":"Schimmelbeseitigung","popseo_noupdate":"","popseo_einleitungstext":"<p>Sie haben sich mit der Bauwerksabdichtung auseinandergesetzt, da Ihr Wohn- oder Gesch\u00e4ftshaus feuchte Geb\u00e4udeteile aufweist und Sie nach Methoden einer professionellen und vor allem wirksamen Sanierung Ausschau halten. Hervorragend, dass Sie unsere Homepage entdeckt haben. Nachfolgend m\u00f6chten wir Ihnen n\u00e4here Informationen zu unserem Leistungsangebot geben. Sie lernen auf dieser Internetseite unsere Firma n\u00e4her kennen. <\/p>\n<p>Unser Unternehmen ist ein spezialisierter und erfahrener Fachbetrieb mit Firmensitz in Brietlingen bei L\u00fcneburg. Bereits seit vielen Jahren sind wir Ihre Experten f\u00fcr alle auftretenden Fragen rund um die Bauwerksabdichtung. Wir setzen ausschlie\u00dflich praxisbew\u00e4hrte und effektive Sanierungssysteme und -methoden ein. Als Sanierungsfachbetrieb schauen wir auf eine lange und intensive Berufserfahrung zur\u00fcck. Unsere versierten Mitarbeiter informieren Sie sehr gerne im Detail.<\/p>","popseo_schlusstext":"<p>Sie haben eine Frage zu unseren Leistungen? Auf Wunsch informieren wir Sie n\u00e4her \u00fcber unser gesamtes Aufgabengebiet. Mit Vergn\u00fcgen pr\u00e4sentieren wir Ihnen ein paar Referenzprojekte, die Ihnen einen Einblick in unsere Arbeit geben. Rufen Sie uns doch einfach einmal an oder schreiben Sie uns eine E-Mail. Unser freundliches Team arbeitet fachkundig und immer kundenorientiert. Informationen erhalten Sie unter: <\/p>\n<p>04133 \u2013 22 37 940<\/p>","popseo_stadttext":"<h3>Leben und Wohnen in Jesteburg<\/h3>\n<p>Durch unsere Gesch\u00e4ftst\u00e4tigkeit haben wir uns einen ausgezeichneten \u00dcberblick \u00fcber die Architektur der St\u00e4dte und Gemeinden unseres Einzugsbereiches machen k\u00f6nnen. Selbstverst\u00e4ndlich z\u00e4hlt auch Jesteburg zu unserem unmittelbaren Wirkungskreis. Wir freuen uns darauf, mit Ihnen ins Gespr\u00e4ch zu kommen. <\/p>\n<h3>Einige Informationen zur Gemeinde Jesteburg<\/h3>\n<p>Jesteburg liegt im Norden von Niedersachsen und ist gut 30 Kilometer von von der Freien und Hansestadt Hamburg entfernt. Auf einem Areal von ca. 28 qkm leben etwa 8.000 Menschen. Verwaltungstechnisch geh\u00f6rt Jesteburg zum Landkreis Harburg. Nur 10 Kilometer von Jesteburg entfernt beginnt die L\u00fcneburger Heide, ein immer wieder faszinierender Naturpark. Jesteburg hat insgesamt vier Ortsteile: Wiedenhof, L\u00fcllau, Reindorfer Osterberg und Itzenb\u00fcttel. Pendler bewerten an Jesteburg speziell die gute Lage positiv. Wer seinen Arbeitsplatz beispielsweise in der Freien und Hansestadt Hamburg hat, genie\u00dft sowohl die N\u00e4he zur Gro\u00dfstadt als auch das \u00fcberschaubare Leben im Au\u00dfenbezirk. Jesteburg ist ohne Wenn und Aber ein wunderbarer Ort zum Leben. \u00dcber die Stadtmauern hinaus bekannt ist Jesteburg durch die Jahr f\u00fcr Jahr stattfindende Kunstwoche Jesteburg. Knapp 60 K\u00fcnstler stellen auf dem renommierten Kunstevent ihre Arbeiten aus. In der Kunstst\u00e4tte Bossard werden des Weiteren Kunstwerke aus den Genres Architektur, Bildhauerei und Malerei pr\u00e4sentiert. <\/p>\n<h4>Unsere Leistung f\u00fcr qualit\u00e4tsbewusste Kunden aus Jesteburg<\/h4>\n<p>Sie interessieren sich f\u00fcr unser Leistungsangebot und sind hier im Internet auf unsere Homepage gesto\u00dfen? Das freut uns sehr. Gerne pr\u00e4sentieren wir Ihnen unser gesamtes Leistungsspektrum und beantworten Ihre Fragen. Unser engagiertes Team freut sich auf Sie.<\/p>","popseo_zusatztext":"<h3>Hohe Kosten bei der Bauwerksabdichtung m\u00fcssen nicht sein<\/h3>\n<p>Sie sind interessiert an Trocknungs- oder Sanierungsarbeiten und w\u00fcnschen sich ein entsprechendes Angebot, das eine qualitativ gute Arbeit garantiert, gleichzeitig aber keine hohen Kosten verursacht. Super, dann sind Sie bei uns genau richtig. Als Fachbetrieb f\u00fcr Bauwerksabdichtung, Schimmelbeseitigung und Kellersanierung verwenden wir ausschlie\u00dflich hochwertige Materialien. Trotzdem schauen wir nat\u00fcrlich auf die Kosten, die selbstverst\u00e4ndlich \u00fcberschaubar bleiben sollen. Wir m\u00f6chten Ihnen Qualit\u00e4t anbieten, die trotzdem auch die Kosten im Blick hat. Bei uns stimmen Kosten und Qualit\u00e4t: Schon seit etlichen Jahren sind wir Ihr erfahrener Partner f\u00fcr Trocknungs- und Sanierungsarbeiten in Norddeutschland. Unser Gesch\u00e4ftssitz liegt verkehrsg\u00fcnstig in Brietlingen bei L\u00fcndeburg. Die Kosten stets vor Augen: Wir sorgen f\u00fcr eine professionell durchgef\u00fchrte Sanierungsarbeit nach dem stets aktuellsten Stand der Technik.<\/p>\n<h3>Die Kosten stets vor Augen<\/h3>\n<p>D\u00fcrfen wir Sie informieren, wie Sie die Kosten f\u00fcr eine Sanierung reduzieren? Super, dann warten Sie bitte nicht und nehmen am besten gleich heute Kontakt mit uns auf. Ein kurzer Anruf oder auch eine schnelle E-Mail gen\u00fcgen. Die gute Beratung ist ebenso wichtig wie die perfekte Ausf\u00fchrung der entprechenden Arbeiten. Unsere Beratung ist nat\u00fcrlich absolut unverbindlich. Qualit\u00e4tsbewusst bei moderaten Kosten: Wir empfehlen uns als spezialisiertes Fachunternehmen im Norden. Unsere jahrelange Erfahrung spricht f\u00fcr uns.<br \/>\nSenken Sie die Kosten f\u00fcr Ihr Sanierungsprojekt: Setzen Sie auf die Profis der Fachfirma Keul.<\/p>","popseo_links":"<a href=\"https:\/\/bautenschutz-keul.de\/angebote\/bauwerksabdichtung-salzhausen\/\">Bauwerksabdichtung Salzhausen<\/a>, <a href=\"https:\/\/bautenschutz-keul.de\/angebote\/kellersanierung-hanstedt\/\">Kellersanierung Hanstedt<\/a>, <a href=\"https:\/\/bautenschutz-keul.de\/angebote\/horizontalsperre-herzogtum-lauenburg\/\">Horizontalsperre Herzogtum Lauenburg<\/a>, <a href=\"https:\/\/bautenschutz-keul.de\/angebote\/feuchtigkeitsschaden-ebstorf\/\">Feuchtigkeitsschaden Ebstorf<\/a>, <a href=\"https:\/\/bautenschutz-keul.de\/angebote\/rissverpressung-tostedt-sittensen\/\">Rissverpressung Tostedt Sittensen<\/a>, <a href=\"https:\/\/bautenschutz-keul.de\/angebote\/mauertrockenlegung-hanstedt\/\">Mauertrockenlegung Hanstedt<\/a>, <a href=\"https:\/\/bautenschutz-keul.de\/angebote\/innenabdichtung-reppenstedt\/\">Innenabdichtung Reppenstedt<\/a>, <a href=\"https:\/\/bautenschutz-keul.de\/angebote\/kellerabdichtung-glinde-sachsenwald\/\">Kellerabdichtung Glinde Sachsenwald<\/a>, <a href=\"https:\/\/bautenschutz-keul.de\/angebote\/kellertrockenlegung-stelle\/\">Kellertrockenlegung Stelle<\/a>, <a href=\"https:\/\/bautenschutz-keul.de\/angebote\/rissverpressung-jesteburg\/\">Rissverpressung Jesteburg<\/a>, <a href=\"https:\/\/bautenschutz-keul.de\/angebote\/feuchte-wand-bispingen\/\">Feuchte Wand Bispingen<\/a>, <a href=\"https:\/\/bautenschutz-keul.de\/angebote\/feuchtigkeitsschaden-amelinghausen\/\">Feuchtigkeitsschaden Amelinghausen<\/a>, <a href=\"https:\/\/bautenschutz-keul.de\/angebote\/bauwerksabdichtung-hanstedt\/\">Bauwerksabdichtung Hanstedt<\/a>, <a href=\"https:\/\/bautenschutz-keul.de\/angebote\/feuchtigkeit-tostedt-sittensen\/\">Feuchtigkeit Tostedt Sittensen<\/a>, <a href=\"https:\/\/bautenschutz-keul.de\/angebote\/feuchter-keller-uelzen\/\">Feuchter Keller Uelzen<\/a>, <a href=\"https:\/\/bautenschutz-keul.de\/angebote\/kellersanierung-uelzen\/\">Kellersanierung Uelzen<\/a>, <a href=\"https:\/\/bautenschutz-keul.de\/angebote\/kellertrockenlegung-bardowick\/\">Kellertrockenlegung Bardowick<\/a>, <a href=\"https:\/\/bautenschutz-keul.de\/angebote\/kellerabdichtung-buechen\/\">Kellerabdichtung B\u00fcchen<\/a>, <a href=\"https:\/\/bautenschutz-keul.de\/angebote\/schimmelsanierung-bardowick\/\">Schimmelsanierung Bardowick<\/a>, <a href=\"https:\/\/bautenschutz-keul.de\/angebote\/kellertrockenlegung-buechen\/\">Kellertrockenlegung B\u00fcchen<\/a>, <a href=\"https:\/\/bautenschutz-keul.de\/angebote\/rissverpressung-schwarzenbek\/\">Rissverpressung Schwarzenbek<\/a>, <a href=\"https:\/\/bautenschutz-keul.de\/angebote\/bauwerksabdichtung-jesteburg\/\">Bauwerksabdichtung Jesteburg<\/a>, <a href=\"https:\/\/bautenschutz-keul.de\/angebote\/horizontalsperre-buechen\/\">Horizontalsperre B\u00fcchen<\/a>, <a href=\"https:\/\/bautenschutz-keul.de\/angebote\/aufsteigende-feuchtigkeit-buchholz-in-der-nordheide\/\">aufsteigende Feuchtigkeit Buchholz in der Nordheide<\/a>, <a href=\"https:\/\/bautenschutz-keul.de\/angebote\/feuchtigkeit-bergedorf-wentorf\/\">Feuchtigkeit Bergedorf Wentorf<\/a>, <a href=\"https:\/\/bautenschutz-keul.de\/angebote\/feuchtigkeitsschaden-uelzen\/\">Feuchtigkeitsschaden Uelzen<\/a>, <a href=\"https:\/\/bautenschutz-keul.de\/angebote\/feuchtigkeitsschaden-glinde-sachsenwald\/\">Feuchtigkeitsschaden Glinde Sachsenwald<\/a>, <a href=\"https:\/\/bautenschutz-keul.de\/angebote\/schimmel-bienenbuettel\/\">Schimmel Bienenb\u00fcttel<\/a>"},"_links":{"self":[{"href":"https:\/\/bautenschutz-keul.de\/angebote\/wp-json\/wp\/v2\/pages\/586","targetHints":{"allow":["GET"]}}],"collection":[{"href":"https:\/\/bautenschutz-keul.de\/angebote\/wp-json\/wp\/v2\/pages"}],"about":[{"href":"https:\/\/bautenschutz-keul.de\/angebote\/wp-json\/wp\/v2\/types\/page"}],"author":[{"embeddable":true,"href":"https:\/\/bautenschutz-keul.de\/angebote\/wp-json\/wp\/v2\/users\/1"}],"replies":[{"embeddable":true,"href":"https:\/\/bautenschutz-keul.de\/angebote\/wp-json\/wp\/v2\/comments?post=586"}],"version-history":[{"count":0,"href":"https:\/\/bautenschutz-keul.de\/angebote\/wp-json\/wp\/v2\/pages\/586\/revisions"}],"wp:attachment":[{"href":"https:\/\/bautenschutz-keul.de\/angebote\/wp-json\/wp\/v2\/media?parent=586"}],"curies":[{"name":"wp","href":"https:\/\/api.w.org\/{rel}","templated":true}]}}