{"id":587,"date":"2021-09-13T08:44:27","date_gmt":"2021-09-13T06:44:27","guid":{"rendered":"https:\/\/bautenschutz-keul.de\/angebote\/schimmelbeseitigung-lueneburg\/"},"modified":"2021-09-13T08:44:27","modified_gmt":"2021-09-13T06:44:27","slug":"schimmelbeseitigung-lueneburg","status":"publish","type":"page","link":"https:\/\/bautenschutz-keul.de\/angebote\/schimmelbeseitigung-lueneburg\/","title":{"rendered":"Schimmelbeseitigung &#8211; L\u00fcneburg"},"content":{"rendered":"<h3>Nachfolgend finden Sie einige Informationen zur Schimmelbeseitigung:<\/h3>\n<p>Die vollumf\u00e4ngliche Schimmelbeseitigung ist ein Thema, dass Geb\u00e4udeeigent\u00fcmer, deren Haus Anzeichen von Schimmelbefall aufweist, auf jeden Fall angehen m\u00fcssen. Der Fachmann kennt viele Methoden der Schimmelbeseitigung. Wichtig ist, dass nicht nur akut vorhandener Schimmel vernichtet wird. Prim\u00e4r sollte es Ziel sein, dass Schimmelbefall nachhaltig und auf lange Zeit verhindert wird. Die langfristige Beseitigung von Schimmel ist eine Angelegenheit f\u00fcr den Fachmann. Nur ein erfahrener Profi hat Kenntnisse \u00fcber die Gr\u00fcnde f\u00fcr die Entstehung von Schimmel und h\u00e4lt meist spezielle Anwendungen bereit, die auf lange Zeit neuerlichen Schimmelbefall vorbeugen.<\/p>\n<h3>Schimmelbeseitigung vom Profi<\/h3>\n<p>Eine effektive Schimmelbeseitigung enth\u00e4lt in aller Regel gleich eine Reihe von erforderlichen Verrichtungen. Neben eventuellen Instandsetzungen an Bedachungen und Hausfassaden sind oftmals auch Isolierungen zu ersetzen oder auch por\u00f6se Versiegelungen zu erneuern. Um dauerhaft einen Neubefall zu verhindern, sollten oftmals auch Innen- und Au\u00dfenw\u00e4nde trockengelegt werden. Als qualifiziertes Fachunternehmen geh\u00f6rt die Schimmelbeseitigung zu unseren t\u00e4glichen Aufgaben. Gewissenhaft und kompetent analysieren wir zun\u00e4chst den Schadensgrund. Nach der Schadensfeststellung entwerfen wir f\u00fcr Sie ein komplettes Programm f\u00fcr eine wirksame Probleml\u00f6sung. Die Schimmelbeseitigung startet zumeist mit einer ausgiebigen Reinigung der befallenen Mauern und Fu\u00dfb\u00f6den. Auch ein kompletter Materialaustausch ist bisweilen geboten. Mit Hilfe von geeigneten Verputzmaterialien und schimmelresistenten Farben erzielt man bei der Schimmelsanierung zumeist bereits ausgezeichnetete Ergebnisse.<\/p>\n","protected":false},"excerpt":{"rendered":"<p>Nachfolgend finden Sie einige Informationen zur Schimmelbeseitigung: Die vollumf\u00e4ngliche Schimmelbeseitigung ist ein Thema, dass Geb\u00e4udeeigent\u00fcmer, deren Haus Anzeichen von Schimmelbefall aufweist, auf jeden Fall angehen m\u00fcssen. Der Fachmann kennt viele Methoden der Schimmelbeseitigung. Wichtig ist, dass nicht nur akut vorhandener Schimmel vernichtet wird. Prim\u00e4r sollte es Ziel sein, dass Schimmelbefall nachhaltig und auf lange Zeit [&hellip;]<\/p>\n","protected":false},"author":1,"featured_media":0,"parent":0,"menu_order":0,"comment_status":"closed","ping_status":"closed","template":"","meta":{"footnotes":""},"class_list":["post-587","page","type-page","status-publish","hentry"],"meta_box":{"popseo_subtitel":"Wir sind Ihr erfahrener Experte f\u00fcr die Schimmelbeseitigung in L\u00fcneburg","popseo_subtitel2":"Eine fachgerecht durchgef\u00fchrte Schimmelbeseitigung durch die versierten Spezialisten der Firma Keul","popseo_lasttitel":"Schimmelbeseitigung: Treten Sie in Kontakt mit uns!","popseo_region":"L\u00fcneburg","popseo_sachwort":"Schimmelbeseitigung","popseo_noupdate":"","popseo_einleitungstext":"<p>Mauern, Kellerr\u00e4ume oder W\u00e4nde Ihres Wohn- oder Gesch\u00e4ftshauses weisen einen Feuchtigkeitsschaden und damit einen nicht zu \u00fcbersehenden Sanierungsbedarf auf. Dann ist die Zeit gekommen, sich \u00fcber eine sachgerechte Trocknung Gedanken zu machen. Unser Fachbetrieb ist auf die Bauwerksabdichtung spezialisiert. Zu den Hauptaufgaben unseres Betriebes geh\u00f6ren zum Beispiel die Bereiche Kellerabdichtung, Schimmelbeseitigung und Mauertrockenlegung. Der nachhaltigen Sanierung gilt unsere Aufmersamkeit. Wir beraten qualifiziert, wie Sie Ihr Geb\u00e4ude preisg\u00fcnstig und umweltgerecht sanieren k\u00f6nnen. Ein paar erste Informationen dazu lesen Sie nachfolgend auf diesen Seiten.<\/p>","popseo_schlusstext":"<p>Wenn Sie einen qualifizierten Fachbetrieb f\u00fcr die Bauwerksabdichtung suchen, sind Sie bei uns genau richtig. Sie m\u00f6chten mehr \u00fcber uns erfahren? Als auf Sanierung spezialisierte Handwerksfirma sind wir f\u00fcr Ihr Vorhaben der richtige Dienstleister und freuen uns \u00fcber Ihre Anfrage, gleichg\u00fcltig ob per Griff zum Telefonh\u00f6rer oder E-Mail. Worauf Sie neben unserer fachlichen Expertise setzen d\u00fcrfen: Unser Team arbeitet absolut zuverl\u00e4ssig und wird mit Elan und Schwung f\u00fcr Sie t\u00e4tig. Wir freuen uns auf das Gespr\u00e4ch mit Ihnen!<\/p>","popseo_stadttext":"<h3>Vor Ort in L\u00fcneburg und Bleckede<\/h3>\n<p>Wir betreuen Kunden aus L\u00fcneburg und Bleckede. Durch unsere Gesch\u00e4ftst\u00e4tigkeit haben wir uns einen ausgezeichneten \u00dcberblick \u00fcber die Stadtarchitektur der Gemeinden und St\u00e4dte unseres Einzugsbereiches machen k\u00f6nnen. Selbstverst\u00e4ndlich z\u00e4hlt auch Ihre Region zu unserem unmittelbaren Wirkungskreis. Wir freuen uns darauf, mit Ihnen ins Gespr\u00e4ch zu kommen. <\/p>\n<h3>Einige interessante Informationen \u00fcber L\u00fcneburg und Bleckede<\/h3>\n<p>In der nur 40 Kilometer s\u00fcdlich von Gro\u00dfstadt Hamburg gelegenen Stadt L\u00fcneburg wohnen ca. 70.000 Anwohner. Das Stadtgebiet erstreckt sich \u00fcber eine Gesamtfl\u00e4che von 70 km\u00b2. L\u00fcneburg ist Kreisstadt des Kreises L\u00fcneburg und z\u00e4hlt zur Metropolregion Hamburg. Was viele nicht wissen: L\u00fcneburg ist eine alte Hansestadt. Wunderh\u00fcbsch an der Ilmenau gelegen, erfreut sich L\u00fcneburg gr\u00f6\u00dfter Popularit\u00e4t bei Tagesbesuchern und Touristen. Die rund 300.000 \u00dcbernachtungen, die das nieders\u00e4chsische Landesamt f\u00fcr Statistik festgestellt hat, sprechen eine ganz klare Sprache. Ganz besonders besuchenswert ist die Innenstadt von L\u00fcneburg. Ungez\u00e4hlte historische Geb\u00e4ude verleihen der Stadt einen absolut unverwechselbaren Charme. Bei einem Gang durch die Altstadt von L\u00fcneburg sollte man ganz sicher die Kirche St. Nicolai im Wasserviertel, das Stadtschloss am Markt sowie den Stintmarkt am L\u00fcneburger Hafen besuchen. Wer ein wenig Zeit \u00fcbrig hat, macht Station in einem der zahllosen h\u00fcbschen Caf\u00e9s am Marktplatz und l\u00e4sst einfach die wunderbare Stimmung von L\u00fcneburg auf sich wirken. Die zahlreichen Fachwerkh\u00e4user geben dem st\u00e4dtischen Ensemble eine v\u00f6llig einmalige Aura. Die beschauliche Universit\u00e4tsstadt ist bekannt f\u00fcr die Salzproduktion. In L\u00fcneburg liegt ein ein alter Salzstock. Dort wurde \u00fcber Jahrhunderte in gro\u00dfem Stile Salz gewonnen. Das Deutsche Salzmuseum L\u00fcneburg erinnert heute an diesen bedeutenden Teil der Stadtchronik. Au\u00dferdem ist der Stint eine bekannte kulinarische K\u00f6stlichkeit. Dem kleinen Fisch begegnet man in L\u00fcneburg fast pausenlos. Bei einem Besuch der nieders\u00e4chsischen Stadt sollte man ein Stint-Essen auf keinen Fall auslassen.      <\/p>\n<p>L\u00fcneburg befindet sich an der Autobahn A39. Auch \u00fcber die Bundesstra\u00dfen B4, B209 und B216 gelangt man schnell und sicher in die nieders\u00e4chsische Stadt. Auch das Umland \u2013 u.a. Salzhausen, Fleestedt, Hanstedt, Egestorf, Amelinghausen, Scharnebeck und Bienenb\u00fcttel - ist gut angebunden. Wer mit der Bahn nach L\u00fcneburg fahren m\u00f6chte, kann dies \u00fcber die Bahnstrecke Hamburg-Hannover tun. Au\u00dferdem existiert eine Nahverkehrsanbindung durch den Verkehrsbetrieb Metronom. Die Reisedauer zwischen Hamburg und L\u00fcneburg betr\u00e4gt nur ca. 30 Minuten. <\/p>\n<h3>L\u00fcneburg und Bleckede: Perfekt f\u00fcr junge Familien<\/h3>\n<p>Die Stadt Bleckede befindet sich im nieders\u00e4chsischen Kreis L\u00fcneburg. Bleckede hat etwa 10.000 Einwohner. Das st\u00e4dtische Areal erstreckt sich \u00fcber eine Fl\u00e4che von ungef\u00e4hr 139 qkm. In direkter N\u00e4he liegen die Gemeinden Thomasburg, Dahlenburg, Vastorf und Amt Neuhaus. Zu Bleckede geh\u00f6ren insgesamt 15 Ortsteile. Die wunderbare Lage direkt an der Elbe macht Bleckede interessant f\u00fcr Tagesbesucher und Touristen. Insbesondere mit dem Fahrrad lohnt sich ein Ausflug in Richtung Bleckede. Der Elbradweg und der Mecklenburgische Seen-Radweg laden zum erholsamen Radeln ein. Kennzeichnend f\u00fcr Bleckede sind die zahllosen Fachwerkbauten. Per pedes l\u00e4sst sich die sch\u00f6ne Architektur besonders gut bewundern. Entsprechend stolz sind die Stadtv\u00e4ter von Bleckede darauf, dass der Ort Mitglied der Deutschen Fachwerkstra\u00dfe ist. Malerisch ist der Hafen von Bleckede. Bis zum heutigen Tage machen viele Frachter hier Halt. Besucher sch\u00e4tzen au\u00dferdem den Fahrgastverkehr auf der Elbe. Eine touristische Besonderheit: Der historische Raddampfer Kaiser-Wilhelm legt turnusm\u00e4\u00dfig in Bleckede an. Prima ist der Hafen auch f\u00fcr die Sportschifffahrt. Die zahlreichen Sportbootliegepl\u00e4tze zeigen die Anziehungskraft des Hafen eindrucksvoll. Bleckede ist bekannt f\u00fcr seine herrliche Umgebung. Neben der schon genannten Deutschen Fachwerkstra\u00dfe f\u00fchrt auch die Deutsche Storchenstra\u00dfe durch Bleckede. Das innerst\u00e4dtisch zu beobachtende Storchennest ist eine ganz besondere Attraktion. Aus Richtung L\u00fcneburg kommend, kann man auch auch mit einer historischen Eisenbahn nach Bleckede fahren. Die Fahrt mit dem sogenannten Heide-Elbe-Express ist ein Ausflugstipp f\u00fcr Ausfl\u00fcgler in der Region.<\/p>\n<h4>Privat- und Gesch\u00e4ftskunden aus L\u00fcneburg und Bleckede sch\u00e4tzen unsere Leistungen!<\/h4>\n<p>Toll, dass Sie diese Seite gefunden haben. Wenn Sie ein Fachunternehmen suchen, sind Sie bei uns richtig. Sie m\u00f6chten mehr \u00fcber uns wissen? F\u00fcr R\u00fcckfragen stehen wir Ihnen jederzeit zur Verf\u00fcgung. Unser engagiertes Team freut sich auf Sie.<\/p>","popseo_zusatztext":"<h3>Hohe Kosten? Nicht bei uns!<\/h3>\n<p>Sie interessieren sich f\u00fcr eine Kellertrockenlegung oder eine Sanierungsarbeit an Mauern bzw. W\u00e4nden und w\u00fcnschen sich ein passendes Angebot, das eine handwerklich gute Arbeit garantiert, gleichzeitig aber keine hohen Kosten verursacht. Prima, dann sind Sie bei uns an der richtigen Adresse. Als Fachbetrieb f\u00fcr Bauwerksabdichtung, Schimmelbeseitigung und Kellersanierung verarbeiten wir ausnahmslos hochwertige Materialien. Nichtsdestotrotz achten wir immer auf die Kosten, die selbstverst\u00e4ndlich \u00fcberschaubar bleiben sollen. Wir m\u00f6chten Ihnen beste Qualit\u00e4t anbieten, die trotzdem auch die Kosten im Blick hat. Bei uns stimmen Kosten und Qualit\u00e4t: Seit vielen Jahren schon sind wir Ihr qualifizierter Partner f\u00fcr Sanierungs- und Trocknungsarbeiten im norddeutschen Raum. Unser Standort liegt verkehrsg\u00fcnstig in Brietlingen bei L\u00fcndeburg. Die Kosten stets vor Augen: Wir sorgen f\u00fcr eine sachkundig durchgef\u00fchrte Sanierungsarbeit nach dem stets neuesten Stand der Technik.<\/p>\n<h3>Trocknung und Sanierung durch die Firma Wist: Beste Arbeit, geringe Kosten!<\/h3>\n<p>D\u00fcrfen wir Sie informieren, wie Sie die Kosten f\u00fcr eine Sanierung begrenzen k\u00f6nnen? Toll, dann warten Sie bitte nicht und nehmen am besten noch heute Verbindung mit uns auf. Ein kurzer Telefonanruf oder eine schnelle Email gen\u00fcgen. Die fachlich versierte Beratung ist gleicherma\u00dfen wichtig wie die fachgerechte Ausf\u00fchrung der entprechenden Arbeiten. Unsere Beratung ist selbstverst\u00e4ndlich v\u00f6llig unverbindlich. Qualit\u00e4tsbewusst bei \u00fcberschaubaren Kosten: Wir empfehlen uns als spezialisiertes Fachunternehmen im Norden. Unsere jahrelange Erfahrung zeichnet uns aus.<br \/>\nSenken Sie die Kosten f\u00fcr Ihr Sanierungsprojekt: Setzen Sie auf die Profis der Fachfirma Keul.<\/p>","popseo_links":"<a href=\"https:\/\/bautenschutz-keul.de\/angebote\/rissverpressung-amelinghausen\/\">Rissverpressung Amelinghausen<\/a>, <a href=\"https:\/\/bautenschutz-keul.de\/angebote\/aufsteigende-feuchtigkeit-uelzen\/\">aufsteigende Feuchtigkeit Uelzen<\/a>, <a href=\"https:\/\/bautenschutz-keul.de\/angebote\/feuchte-wand-winsen-luhe\/\">Feuchte Wand Winsen Luhe<\/a>, <a href=\"https:\/\/bautenschutz-keul.de\/angebote\/mauertrockenlegung-herzogtum-lauenburg\/\">Mauertrockenlegung Herzogtum Lauenburg<\/a>, <a href=\"https:\/\/bautenschutz-keul.de\/angebote\/kellerabdichtung-adendorf\/\">Kellerabdichtung Adendorf<\/a>, <a href=\"https:\/\/bautenschutz-keul.de\/angebote\/feuchte-wand-buechen\/\">Feuchte Wand B\u00fcchen<\/a>, <a href=\"https:\/\/bautenschutz-keul.de\/angebote\/feuchte-mauer-jesteburg\/\">Feuchte Mauer Jesteburg<\/a>, <a href=\"https:\/\/bautenschutz-keul.de\/angebote\/feuchte-wand-bispingen\/\">Feuchte Wand Bispingen<\/a>, <a href=\"https:\/\/bautenschutz-keul.de\/angebote\/feuchtigkeitsschaden-herzogtum-lauenburg\/\">Feuchtigkeitsschaden Herzogtum Lauenburg<\/a>, <a href=\"https:\/\/bautenschutz-keul.de\/angebote\/zerstoerter-putz-glinde-sachsenwald\/\">zerst\u00f6rter Putz Glinde Sachsenwald<\/a>, <a href=\"https:\/\/bautenschutz-keul.de\/angebote\/horizontalsperre-lueneburg\/\">Horizontalsperre L\u00fcneburg<\/a>, <a href=\"https:\/\/bautenschutz-keul.de\/angebote\/mauertrockenlegung-uelzen\/\">Mauertrockenlegung Uelzen<\/a>, <a href=\"https:\/\/bautenschutz-keul.de\/angebote\/salpeter-im-keller-winsen-luhe\/\">Salpeter im Keller Winsen Luhe<\/a>, <a href=\"https:\/\/bautenschutz-keul.de\/angebote\/horizontalsperre-maschen\/\">Horizontalsperre Maschen<\/a>, <a href=\"https:\/\/bautenschutz-keul.de\/angebote\/feuchtigkeitsschaden-stelle\/\">Feuchtigkeitsschaden Stelle<\/a>, <a href=\"https:\/\/bautenschutz-keul.de\/angebote\/aufsteigende-feuchtigkeit-bispingen\/\">aufsteigende Feuchtigkeit Bispingen<\/a>, <a href=\"https:\/\/bautenschutz-keul.de\/angebote\/schimmel-herzogtum-lauenburg\/\">Schimmel Herzogtum Lauenburg<\/a>, <a href=\"https:\/\/bautenschutz-keul.de\/angebote\/feuchtigkeitsschaden-ebstorf\/\">Feuchtigkeitsschaden Ebstorf<\/a>, <a href=\"https:\/\/bautenschutz-keul.de\/angebote\/mauertrockenlegung-tostedt-sittensen\/\">Mauertrockenlegung Tostedt Sittensen<\/a>, <a href=\"https:\/\/bautenschutz-keul.de\/angebote\/feuchtigkeit-tostedt-sittensen\/\">Feuchtigkeit Tostedt Sittensen<\/a>, <a href=\"https:\/\/bautenschutz-keul.de\/angebote\/feuchtigkeit-bienenbuettel\/\">Feuchtigkeit Bienenb\u00fcttel<\/a>, <a href=\"https:\/\/bautenschutz-keul.de\/angebote\/schimmelsanierung-geesthacht\/\">Schimmelsanierung Geesthacht<\/a>, <a href=\"https:\/\/bautenschutz-keul.de\/angebote\/kellersanierung-bardowick\/\">Kellersanierung Bardowick<\/a>, <a href=\"https:\/\/bautenschutz-keul.de\/angebote\/rissverpressung-seevetal-rosengarten\/\">Rissverpressung Seevetal Rosengarten<\/a>, <a href=\"https:\/\/bautenschutz-keul.de\/angebote\/kellersanierung-reinbek-aumuehle\/\">Kellersanierung Reinbek Aum\u00fchle<\/a>, <a href=\"https:\/\/bautenschutz-keul.de\/angebote\/kellersanierung-reppenstedt\/\">Kellersanierung Reppenstedt<\/a>, <a href=\"https:\/\/bautenschutz-keul.de\/angebote\/zerstoerter-putz-bardowick\/\">zerst\u00f6rter Putz Bardowick<\/a>, <a href=\"https:\/\/bautenschutz-keul.de\/angebote\/kellersanierung-uelzen\/\">Kellersanierung Uelzen<\/a>"},"_links":{"self":[{"href":"https:\/\/bautenschutz-keul.de\/angebote\/wp-json\/wp\/v2\/pages\/587","targetHints":{"allow":["GET"]}}],"collection":[{"href":"https:\/\/bautenschutz-keul.de\/angebote\/wp-json\/wp\/v2\/pages"}],"about":[{"href":"https:\/\/bautenschutz-keul.de\/angebote\/wp-json\/wp\/v2\/types\/page"}],"author":[{"embeddable":true,"href":"https:\/\/bautenschutz-keul.de\/angebote\/wp-json\/wp\/v2\/users\/1"}],"replies":[{"embeddable":true,"href":"https:\/\/bautenschutz-keul.de\/angebote\/wp-json\/wp\/v2\/comments?post=587"}],"version-history":[{"count":0,"href":"https:\/\/bautenschutz-keul.de\/angebote\/wp-json\/wp\/v2\/pages\/587\/revisions"}],"wp:attachment":[{"href":"https:\/\/bautenschutz-keul.de\/angebote\/wp-json\/wp\/v2\/media?parent=587"}],"curies":[{"name":"wp","href":"https:\/\/api.w.org\/{rel}","templated":true}]}}