{"id":589,"date":"2021-09-13T08:44:40","date_gmt":"2021-09-13T06:44:40","guid":{"rendered":"https:\/\/bautenschutz-keul.de\/angebote\/schimmelbeseitigung-reinbek-aumuehle\/"},"modified":"2021-09-13T08:44:40","modified_gmt":"2021-09-13T06:44:40","slug":"schimmelbeseitigung-reinbek-aumuehle","status":"publish","type":"page","link":"https:\/\/bautenschutz-keul.de\/angebote\/schimmelbeseitigung-reinbek-aumuehle\/","title":{"rendered":"Schimmelbeseitigung &#8211; Reinbek Aum\u00fchle"},"content":{"rendered":"<h3>Nachfolgend finden Sie einige Details zum Thema Schimmelbeseitigung:<\/h3>\n<p>Die umfangreiche Schimmelbeseitigung ist ein Problem, dass Geb\u00e4udeeigent\u00fcmer, deren Wohnung Zeichen von Schimmelbefall hat, unbedingt angehen sollten. Der Spezialist kennt diverse Methoden der Schimmelbeseitigung. Zu beachten ist, dass nicht nur neu vorhandener Schimmel entfernt wird. Erst einmal muss es Ziel sein, dass Schimmelbefall effektiv und dauerhaft bek\u00e4mpft wird. Jedes nachhaltige Sanierungsprojekt ist eine Aufgabe f\u00fcr den Experten. Nur ein beschlagener Fachmann kennt die Ursachen f\u00fcr die Entstehung von Schimmel und h\u00e4lt meist passende Methoden bereit, die auf Dauer erneuten Schimmelbefall vorbeugen.<\/p>\n<h3>Unser Fachbetrieb \u00fcbernimmt die Schimmelbeseitigung!<\/h3>\n<p>Eine effektive Schimmelbeseitigung beinhaltet generell gleich eine gr\u00f6\u00dfere Anzahl von erforderlichen Verrichtungen. Neben potentiellen Instandsetzungen an D\u00e4chern und Hausfassaden sind \u00f6fters auch Isolierungen zu ersetzen oder auch por\u00f6se Abdichtungen zu ersetzen. Um langfristig einen Neubefall zu stoppen, m\u00fcssen oft auch Innen- und Au\u00dfenw\u00e4nde trockengelegt werden. Als qualifiziertes Unternehmen vom Fach geh\u00f6rt die Schimmelbeseitigung zu unseren t\u00e4glichen Aufgaben. Detailliert und kompetent untersuchen wir zun\u00e4chst den Schadensgrund. Nach der Schadensfeststellung entwerfen wir f\u00fcr Sie ein umfangreiches Programm f\u00fcr eine effektive Schimmelsanierung. Die Schimmelbeseitigung startet zumeist mit einer gr\u00fcndlichen S\u00e4uberung der betroffenen Mauern und Fu\u00dfb\u00f6den. Auch ein kompletter Materialaustausch ist bisweilen geboten. Mit Hilfe von geeigneten Verputzstoffen und schimmelresistenten Farben erreicht man bei der Schimmelsanierung oft schon beachtliche Resultate.<\/p>\n","protected":false},"excerpt":{"rendered":"<p>Nachfolgend finden Sie einige Details zum Thema Schimmelbeseitigung: Die umfangreiche Schimmelbeseitigung ist ein Problem, dass Geb\u00e4udeeigent\u00fcmer, deren Wohnung Zeichen von Schimmelbefall hat, unbedingt angehen sollten. Der Spezialist kennt diverse Methoden der Schimmelbeseitigung. Zu beachten ist, dass nicht nur neu vorhandener Schimmel entfernt wird. Erst einmal muss es Ziel sein, dass Schimmelbefall effektiv und dauerhaft bek\u00e4mpft [&hellip;]<\/p>\n","protected":false},"author":1,"featured_media":0,"parent":0,"menu_order":0,"comment_status":"closed","ping_status":"closed","template":"","meta":{"footnotes":""},"class_list":["post-589","page","type-page","status-publish","hentry"],"meta_box":{"popseo_subtitel":"Wir sind Ihr Fachbetrieb f\u00fcr die Schimmelbeseitigung in Reinbek Aum\u00fchle","popseo_subtitel2":"Eine fachgerecht durchgef\u00fchrte Schimmelbeseitigung durch die versierten Experten unserer Firma","popseo_lasttitel":"Schimmelbeseitigung: Unsere Experten beantworten Ihre Fragen","popseo_region":"Reinbek Aum\u00fchle","popseo_sachwort":"Schimmelbeseitigung","popseo_noupdate":"","popseo_einleitungstext":"<p>Sie haben sich mit der Bauwerksabdichtung besch\u00e4ftigt, weil Ihr Haus feuchte Geb\u00e4udebereiche aufweist und Sie nach Methoden einer professionellen und vor allem wirksamen Sanierung Ausschau halten. Ausgezeichnet, dass Sie unsere Website entdeckt haben. Auf den folgenden Seiten m\u00f6chten wir Ihnen n\u00e4here Informationen zu unserem Leistungsspektrum geben. Sie lernen auf dieser Internetseite unsere Firma n\u00e4her kennen. <\/p>\n<p>Unser Unternehmen ist ein spezialisierter und erfahrener Handwerksbetrieb mit Gesch\u00e4ftsssitz in Brietlingen bei L\u00fcneburg. Seit vielen Jahren schon sind wir Ihre Experten f\u00fcr alle auftretenden Fragen rund um Geb\u00e4udeabdichtung. Wir setzen ausschlie\u00dflich praxisbew\u00e4hrte und effektive Sanierungssysteme und -methoden ein. Als Fachbetrieb f\u00fcr Abdichtung und Sanierung schauen wir auf eine lange und intensive Berufserfahrung zur\u00fcck. Unsere engagierten Fachkr\u00e4fte informieren Sie sehr gerne im Detail.<\/p>","popseo_schlusstext":"<p>Wir stellen uns h\u00f6chsten Anspr\u00fcchen und freuen uns \u00fcber die Zufriedenheit der Immobilienbesitzer. Know-how, Fachkompetenz und Zuverl\u00e4ssigkeit sorgen f\u00fcr erfolgreich realisierte Trockenlegungs- und Sanierungsprojekte zum Vorteil unserer Auftraggeber. Unsere Experten freuen sich \u00fcber Ihre Anfrage, unabh\u00e4ngig davon ob per Griff zum Telefonh\u00f6rer oder E-Mail.<\/p>","popseo_stadttext":"<h3>Leben und Wohnen in Aum\u00fchle und Reinbek<\/h3>\n<p>Sie leben in Aum\u00fchle oder Reinbek und sind hier im Internet auf unsere Website gesto\u00dfen? Das finden wir toll. Sehr gerne pr\u00e4sentieren wir Ihnen unser komplettes Leistungsspektrum und beantworten Ihre Fragen. Durch unsere Gesch\u00e4ftst\u00e4tigkeit haben wir uns einen ausgezeichneten \u00dcberblick \u00fcber die Stadtarchitektur der Gemeinden und St\u00e4dte unseres Einzugsbereiches erarbeiten k\u00f6nnen. Nat\u00fcrlich z\u00e4hlt auch die Region Reinbek \/ Aum\u00fchle zu unserem unmittelbaren Vertriebsgebiet. Wir freuen uns darauf, mit Ihnen in Kontakt zu treten. <\/p>\n<h3>Einige Informationen zu Aum\u00fchle und Reinbek<\/h3>\n<p>Die Schleswig-Holsteinische Kleinstadt Reinbek ist eine Gemeinde im Landkreis Stormarn. Zum Kreis Herzogtum-Lauenburg z\u00e4hlt hingegen das nahe gelegene Aum\u00fchle. Zurzeit z\u00e4hlt Reinbek knapp 26.000 B\u00fcrger. In Aum\u00fchle leben gut 3.000 Menschen. Das Stadtgebiet von Reinbek umfasst eine Grundfl\u00e4che von in etwa 31 Quadratkilometer. Reinbek und Aum\u00fchle sind Bestandteil der Metropolregion Hamburg. Beide Gemeinden liegen ungef\u00e4hr 20 km \u00f6stlich der Freien und Hansestadt Hamburg. <\/p>\n<p>Die Stadt Reinbek geh\u00f6rt \u00fcber die S21 zum Hamburger Verkehrsverbund. Aum\u00fchle ist der Endbahnhof der S-Bahn. Die geringe Fahrzeit von gerade einmal 25 Minuten machen Reinbek und auch Aum\u00fchle besonders interessant f\u00fcr Pendler nach Hamburg. Wer also seinen Arbeitgeber in Hamburg hat, genie\u00dft mit dem Wohnort Reinbek oder Aum\u00fchle eine optimale Kombination: Die rege Betriebsamkeit der Metropole findet in den beschaulichen Wohnquartieren von Reinbek und Aum\u00fchle sein Gegenst\u00fcck.<\/p>\n<h4>Reinbek und Aum\u00fchle \u2013 zwei lebenswerte St\u00e4dtchen<\/h4>\n<p>Wer auf den Individualverkehr setzt, findet in Reinbek und in Aum\u00fchle gute Bedingungen: Die Bundesautobahnen A1 und A24 sowie die Bundesstra\u00dfe B5 liegen in der N\u00e4he von Reinbek und Aum\u00fchle. Das Stadtbild von Reinbek und Aum\u00fchle besteht in erster Linie aus sehr vielen Ein- und Mehrfamilienh\u00e4usern, die ihren Bewohnern einen exzellenten Wohnwert gew\u00e4hrleisten. Reinbek und Aum\u00fchle zeichnen sich neben der guten Lebensqualit\u00e4t zus\u00e4tzlich durch eine hohe Wirtschaftskraft aus.<\/p>\n<h4>Unsere Leistung f\u00fcr qualit\u00e4tsbewusste Kunden aus Reinbek und Aum\u00fchle<\/h4>\n<p>Sie wohnen in Aum\u00fchle oder Reinbek, interessieren sich f\u00fcr unser Leistungsangebot und haben deshalb unsere Homepage besucht? Das freut uns sehr. Unser engagiertes Team nimmt gerne Ihren Anruf entgegen oder beantwortet Ihre E-Mail.<\/p>","popseo_zusatztext":"<h3>Keine Angst vor hohen Kosten<\/h3>\n<p>Sie haben Interesse an Trocknungs- oder Sanierungsarbeiten und w\u00fcnschen sich ein passendes Angebot, das eine handwerklich gute Arbeit garantiert, gleichzeitig aber keine hohen Kosten nach sich zieht. Prima, dann sind Sie bei uns genau richtig. Als Handwerksbetrieb f\u00fcr Bauwerksabdichtung, Schimmelbeseitigung und Kellersanierung verwenden wir ausschlie\u00dflich exzellente Materialien. Trotzdem achten wir nat\u00fcrlich auf die Kosten, die selbstverst\u00e4ndlich \u00fcberschaubar bleiben sollen. Wir m\u00f6chten Ihnen Qualit\u00e4t anbieten, die zugleich auch die Kosten im Blick hat. Bei uns stimmen Kosten und Qualit\u00e4t: Seit vielen Jahren schon sind wir Ihr qualifizierter Fachbetrieb f\u00fcr Sanierungs- und Trocknungsarbeiten in Norddeutschland. Unser Gesch\u00e4ftssitz liegt verkehrsg\u00fcnstig in Brietlingen bei L\u00fcndeburg. Die Kosten stets im Blick: Wir stehen f\u00fcr eine professionell ausgef\u00fchrte Arbeit nach dem stets derzeitigen Stand der Technik.<\/p>\n<h3>Die Kosten stets vor Augen<\/h3>\n<p>D\u00fcrfen wir Sie beraten, wie Sie die Kosten f\u00fcr eine Sanierung reduzieren? Toll, dann z\u00f6gern Sie bitte nicht und nehmen am besten noch heute Verbindung mit uns auf. Ein kurzer Telefonanruf oder eine schnelle eMail gen\u00fcgen. Die gute Beratung ist genauso wichtig wie die fachgerechte Ausf\u00fchrung der entprechenden Arbeiten. Unsere fachliche Beratung ist nat\u00fcrlich v\u00f6llig unverbindlich. Qualit\u00e4tsbewusst bei niedrigen Kosten: Wir empfehlen uns als spezialisiertes Unternehmen im Norden. Unsere langj\u00e4hrige Erfahrung spricht f\u00fcr uns.<br \/>\nSenken Sie die Kosten f\u00fcr Ihre Geb\u00e4udesanierung: Setzen Sie auf die Profis der Fachfirma Keul.<\/p>","popseo_links":"<a href=\"https:\/\/bautenschutz-keul.de\/angebote\/horizontalsperre-brietlingen\/\">Horizontalsperre Brietlingen<\/a>, <a href=\"https:\/\/bautenschutz-keul.de\/angebote\/feuchtigkeitsschaden-maschen\/\">Feuchtigkeitsschaden Maschen<\/a>, <a href=\"https:\/\/bautenschutz-keul.de\/angebote\/rissverpressung-bad-bevensen\/\">Rissverpressung Bad Bevensen<\/a>, <a href=\"https:\/\/bautenschutz-keul.de\/angebote\/feuchter-keller-winsen-luhe\/\">Feuchter Keller Winsen Luhe<\/a>, <a href=\"https:\/\/bautenschutz-keul.de\/angebote\/kellertrockenlegung-geesthacht\/\">Kellertrockenlegung Geesthacht<\/a>, <a href=\"https:\/\/bautenschutz-keul.de\/angebote\/feuchtigkeitsschaden-salzhausen\/\">Feuchtigkeitsschaden Salzhausen<\/a>, <a href=\"https:\/\/bautenschutz-keul.de\/angebote\/feuchtigkeitsschaden-ebstorf\/\">Feuchtigkeitsschaden Ebstorf<\/a>, <a href=\"https:\/\/bautenschutz-keul.de\/angebote\/aussenabdichtung-reinbek-aumuehle\/\">Au\u00dfenabdichtung Reinbek Aum\u00fchle<\/a>, <a href=\"https:\/\/bautenschutz-keul.de\/angebote\/aussenabdichtung-schwarzenbek\/\">Au\u00dfenabdichtung Schwarzenbek<\/a>, <a href=\"https:\/\/bautenschutz-keul.de\/angebote\/horizontalsperre-harburg\/\">Horizontalsperre Harburg<\/a>, <a href=\"https:\/\/bautenschutz-keul.de\/angebote\/aufsteigende-feuchtigkeit-schwarzenbek\/\">aufsteigende Feuchtigkeit Schwarzenbek<\/a>, <a href=\"https:\/\/bautenschutz-keul.de\/angebote\/schimmel-bad-bevensen\/\">Schimmel Bad Bevensen<\/a>, <a href=\"https:\/\/bautenschutz-keul.de\/angebote\/salpeter-im-keller-bergedorf-wentorf\/\">Salpeter im Keller Bergedorf Wentorf<\/a>, <a href=\"https:\/\/bautenschutz-keul.de\/angebote\/zerstoerter-putz-seevetal-rosengarten\/\">zerst\u00f6rter Putz Seevetal Rosengarten<\/a>, <a href=\"https:\/\/bautenschutz-keul.de\/angebote\/kellerabdichtung-harburg\/\">Kellerabdichtung Harburg<\/a>, <a href=\"https:\/\/bautenschutz-keul.de\/angebote\/kellerabdichtung-glinde-sachsenwald\/\">Kellerabdichtung Glinde Sachsenwald<\/a>, <a href=\"https:\/\/bautenschutz-keul.de\/angebote\/feuchtigkeit-herzogtum-lauenburg\/\">Feuchtigkeit Herzogtum Lauenburg<\/a>, <a href=\"https:\/\/bautenschutz-keul.de\/angebote\/zerstoerter-putz-harburg\/\">zerst\u00f6rter Putz Harburg<\/a>, <a href=\"https:\/\/bautenschutz-keul.de\/angebote\/feuchte-wand-harburg\/\">Feuchte Wand Harburg<\/a>, <a href=\"https:\/\/bautenschutz-keul.de\/angebote\/aufsteigende-feuchtigkeit-tostedt-sittensen\/\">aufsteigende Feuchtigkeit Tostedt Sittensen<\/a>, <a href=\"https:\/\/bautenschutz-keul.de\/angebote\/innenabdichtung-ebstorf\/\">Innenabdichtung Ebstorf<\/a>, <a href=\"https:\/\/bautenschutz-keul.de\/angebote\/rissverpressung-brietlingen\/\">Rissverpressung Brietlingen<\/a>, <a href=\"https:\/\/bautenschutz-keul.de\/angebote\/schimmelsanierung-bispingen\/\">Schimmelsanierung Bispingen<\/a>, <a href=\"https:\/\/bautenschutz-keul.de\/angebote\/feuchtigkeitsschaden-reinbek-aumuehle\/\">Feuchtigkeitsschaden Reinbek Aum\u00fchle<\/a>, <a href=\"https:\/\/bautenschutz-keul.de\/angebote\/feuchter-keller-amt-neuhaus\/\">Feuchter Keller Amt Neuhaus<\/a>, <a href=\"https:\/\/bautenschutz-keul.de\/angebote\/kellersanierung-glinde-sachsenwald\/\">Kellersanierung Glinde Sachsenwald<\/a>, <a href=\"https:\/\/bautenschutz-keul.de\/angebote\/innenabdichtung-bergedorf-wentorf\/\">Innenabdichtung Bergedorf Wentorf<\/a>, <a href=\"https:\/\/bautenschutz-keul.de\/angebote\/salpeter-im-keller-seevetal-rosengarten\/\">Salpeter im Keller Seevetal Rosengarten<\/a>"},"_links":{"self":[{"href":"https:\/\/bautenschutz-keul.de\/angebote\/wp-json\/wp\/v2\/pages\/589","targetHints":{"allow":["GET"]}}],"collection":[{"href":"https:\/\/bautenschutz-keul.de\/angebote\/wp-json\/wp\/v2\/pages"}],"about":[{"href":"https:\/\/bautenschutz-keul.de\/angebote\/wp-json\/wp\/v2\/types\/page"}],"author":[{"embeddable":true,"href":"https:\/\/bautenschutz-keul.de\/angebote\/wp-json\/wp\/v2\/users\/1"}],"replies":[{"embeddable":true,"href":"https:\/\/bautenschutz-keul.de\/angebote\/wp-json\/wp\/v2\/comments?post=589"}],"version-history":[{"count":0,"href":"https:\/\/bautenschutz-keul.de\/angebote\/wp-json\/wp\/v2\/pages\/589\/revisions"}],"wp:attachment":[{"href":"https:\/\/bautenschutz-keul.de\/angebote\/wp-json\/wp\/v2\/media?parent=589"}],"curies":[{"name":"wp","href":"https:\/\/api.w.org\/{rel}","templated":true}]}}