{"id":593,"date":"2021-09-13T08:44:40","date_gmt":"2021-09-13T06:44:40","guid":{"rendered":"https:\/\/bautenschutz-keul.de\/angebote\/schimmelbeseitigung-seevetal-rosengarten\/"},"modified":"2021-09-13T08:44:40","modified_gmt":"2021-09-13T06:44:40","slug":"schimmelbeseitigung-seevetal-rosengarten","status":"publish","type":"page","link":"https:\/\/bautenschutz-keul.de\/angebote\/schimmelbeseitigung-seevetal-rosengarten\/","title":{"rendered":"Schimmelbeseitigung &#8211; Seevetal Rosengarten"},"content":{"rendered":"<h3>Nachfolgend finden Sie einige interessante Informationen zur Schimmelbeseitigung:<\/h3>\n<p>Die komplette Schimmelbeseitigung ist ein Problem, dass Geb\u00e4udeeigent\u00fcmer, deren Immobilie Zeichen von Schimmelbefall aufweist, auf jeden Fall angehen sollten. Der Fachmann kennt diverse Methoden der Schimmelbeseitigung. Sehr wichtig ist, dass nicht nur akut auftretender Schimmel vernichtet wird. Insbesondere muss es Ziel sein, dass Schimmelbefall effektiv und dauerhaft verhindert wird. Die Schimmelbeseitigung ist eine Aufgabe f\u00fcr den Fachmann. Gerade ein erfahrener Spezialist hat Kenntnisse \u00fcber die Gr\u00fcnde f\u00fcr die Entstehung von Schimmel und h\u00e4lt gleichzeitig spezielle Verfahren bereit, die auf lange Zeit neuerlichen Schimmelbefall vorbeugen.<\/p>\n<h3>Schimmelbeseitigung vom Profi<\/h3>\n<p>Eine nachhaltige Schimmelbeseitigung enth\u00e4lt im Allgemeinen gleich eine Reihe von notwendigen Arbeiten. Neben potentiellen Reparaturen an D\u00e4chern und Fassaden sind vielfach auch D\u00e4mmungen zu erneuern oder defekte Abdichtungen auszutauschen. Um langfristig einen Neubefall zu verhindern, sollten nicht selten auch Innen- und Au\u00dfenw\u00e4nde trockengelegt werden. Als qualifiziertes Unternehmen vom Fach geh\u00f6rt die Schimmelbeseitigung zu unseren wiederkehrenden T\u00e4tigkeiten. Genau und kompetent untersuchen wir zuerst die Schadensursache. Nach der Schadensfeststellung erarbeiten wir f\u00fcr Sie ein umfangreiches Programm f\u00fcr eine wirkungsvolle Schimmelsanierung. Die Schimmelbeseitigung startet oft mit einer ausgiebigen S\u00e4uberung der befallenen W\u00e4nde und B\u00f6den. Auch ein kompletter Materialaustausch ist bisweilen angezeigt. Mit Hilfe von speziellen Verputzstoffen und schimmelresistenten Farben erzielt man bei der Schimmelsanierung oft bereits erstaunliche Ergebnisse.<\/p>\n","protected":false},"excerpt":{"rendered":"<p>Nachfolgend finden Sie einige interessante Informationen zur Schimmelbeseitigung: Die komplette Schimmelbeseitigung ist ein Problem, dass Geb\u00e4udeeigent\u00fcmer, deren Immobilie Zeichen von Schimmelbefall aufweist, auf jeden Fall angehen sollten. Der Fachmann kennt diverse Methoden der Schimmelbeseitigung. Sehr wichtig ist, dass nicht nur akut auftretender Schimmel vernichtet wird. Insbesondere muss es Ziel sein, dass Schimmelbefall effektiv und dauerhaft [&hellip;]<\/p>\n","protected":false},"author":1,"featured_media":0,"parent":0,"menu_order":0,"comment_status":"closed","ping_status":"closed","template":"","meta":{"footnotes":""},"class_list":["post-593","page","type-page","status-publish","hentry"],"meta_box":{"popseo_subtitel":"Wir sind Ihr Fachanbieter f\u00fcr die Schimmelbeseitigung im Gro\u00dfraum Seevetal Rosengarten","popseo_subtitel2":"Eine fachgerecht durchgef\u00fchrte Schimmelbeseitigung durch die geschulten Profis der Firma Keul","popseo_lasttitel":"Schimmelbeseitigung: Treten Sie in Kontakt mit uns!","popseo_region":"Seevetal Rosengarten","popseo_sachwort":"Schimmelbeseitigung","popseo_noupdate":"","popseo_einleitungstext":"<p>Mauern, Kellerr\u00e4ume oder W\u00e4nde Ihres Wohn- oder Gesch\u00e4ftshauses weisen Durchfeuchtungen und damit einen echten Sanierungbedarf auf. Dann ist es h\u00f6chste Eisenbahn, sich \u00fcber eine sachgerechte Trocknung Gedanken zu machen. Unser Handwerksbetrieb ist auf die Bauwerksabdichtung spezialisiert. Zu den Hauptaufgaben unseres Betriebes geh\u00f6ren zum Beispiel die Bereiche Kellerabdichtung, Mauertrockenlegung und Schimmelbeseitigung. Der nachhaltigen Sanierung gilt unsere Aufmersamkeit. Wir beraten fachsicher, wie Sie Ihr Geb\u00e4ude umweltgerecht und preisg\u00fcnstig sanieren k\u00f6nnen. Ein paar erste Informationen dazu lesen Sie nachfolgend auf diesen Seiten.<\/p>","popseo_schlusstext":"<p>Auf Wunsch informieren wir Sie n\u00e4her \u00fcber unser T\u00e4tigkeitsspektrum. Wir zeigen Ihnen mit Vergn\u00fcgen auch einige Referenzprojekte, die Ihnen einen Einblick in unsere Unternehmenst\u00e4tigkeit geben.<br \/>\nSchenken Sie uns Ihr Vertrauen. Rufen Sie uns doch einfach einmal an oder schicken Sie uns eine kurze E-Mail. Wir freuen uns auf Ihre Kontaktaufnahme.<\/p>","popseo_stadttext":"<h3>Wir sind Ihr Partner auch in Seevetal und Rosengarten<\/h2>\n<p>Unser Einzugsgebiet umfasst auch Seevetal und Rosengarten. Durch unsere Gesch\u00e4ftst\u00e4tigkeit haben wir uns einen guten \u00dcberblick \u00fcber die Architektur der St\u00e4dte und Gemeinden unseres Vertriebsgebietes machen k\u00f6nnen. Wir f\u00fchlen uns der Region verpflichtet und sind stolz darauf, einen Anteil zur gesunden Infrastruktur der Gemeinden beizusteuern zu d\u00fcrfen.  <\/p>\n<h3>Wissenswertes \u00fcber Seevetal und Rosengarten<\/h3>\n<p>Die Gemeinde Seevetal liegt im S\u00fcden von Hamburg im nieders\u00e4chsischen Kreis Harburg. Im Jahre 1972 schlossen sich in Summe 19 zuvor selbst\u00e4ndige Gemeinden zur Gesamtgemeinde Seevetal zusammen. Durch die Fusion gilt Seevetal mit mehr als 42.000 Anwohnern als die gr\u00f6\u00dfte Gemeinde in Deutschland. Trotz der noch jungen Geschichte, schauen einige der einstmals autonomen Gemeindeteile auf eine au\u00dferordentliche lange Geschichte zur\u00fcck. Die Stadtchronik von Seevetal informiert dar\u00fcber, dass der Ortsteil Ramelsloh schon anno 845 zum ersten Mal urkundlich genannt wurde. Die positive Bev\u00f6lkerungsentwicklung des Ortes Seevetal erkl\u00e4rt sich auch durch die verkehrstechnisch g\u00fcnstige Lage. Die N\u00e4he zur Gro\u00dfstadt Hamburg macht Seevetal f\u00fcr Berufspendler reizvoll. Das Arbeiten in der Metropole und das Leben im eher l\u00e4ndlich wirkenden Bereich, gehen in Seevetal eine gute Verbindung ein. <\/p>\n<h4>Seevetal und Rosengarten \u2013 Lebensmittelpunkt f\u00fcr junge Familien<\/h4>\n<p>Der Wirtschaftsstandort Seevetal ist f\u00fcr eine gro\u00dfe Anzahl von Betrieben von massiver Anziehungskraft. Seevetal liegt zwischen f\u00fcnf Autobahnen. Die verkehrstechnisch exquisite Lage garantiert sowohl eine sehr gute Erreichbarkeit als auch einen raschen G\u00fcterverkehr. Wirtschaftsf\u00f6rderung ist den Gemeindeverantwortlichen von Seevetal wichtig. Die Gemeinde f\u00f6rdert breitfl\u00e4chig und unb\u00fcrokratisch die Gewerbeansiedlung. Seevetal ist Teil vom Hamburger Verkehrsverbund (HVV). Mit der Eisenbahn erreicht man den Ortsteil Hittfeld mit dem Metronom \u00fcber die Strecke HH-Harburg-Buchholz-Tostedt. Die zu Seevetal geh\u00f6renden Ortsteile Meckelfeld und Maschen sind an die Schienenverbindung HH-Harburg-Winsen-L\u00fcneburg angebunden.  <\/p>\n<p>Die Gemeinde Seevetal zeichnet sich durch eine hohe Lebensqualit\u00e4t aus. Eine ausgezeichnete Infrastruktur macht das Leben in Seevetal insbesondere f\u00fcr junge Familien interessant. Durch die starke und best\u00e4ndig wachsende Wirtschaft in Seevetal wird von den Gemeindeverantwortlichen des Weiteren ein besonderes Augenmerk auf die Attraktivit\u00e4t des Wohnortes Seevetal gelegt. In den 19 Einzelgemeinden von Seevetal findet sich ausreichend Baugrund f\u00fcr private Bauherren.<\/p>\n<p>\u00c4hnlich anziehend pr\u00e4sentiert sich Rosengarten. Die Gemeinde liegt etwa rund 15 Kilometer von Seevetal entfernt. Ungef\u00e4hr 13.000 Einwohner leben in dem beschaulichen Ort, der sich \u00fcber ein Gebiet von knapp 63 km\u00b2 erstreckt. Rosengarten grenzt an die Hamburger Stadtteile Heimfeld, Marmstorf und Hausbruch. Das in erster Linie ruhige Leben auf dem Lande verkn\u00fcpft sich in Rosengarten auf exzellente Weise mit den vielf\u00e4ltigen Angeboten der nahen Gro\u00dfstadt. Seevetal und Rosengarten verf\u00fcgen \u00fcber zahlreiche beruhigte Wohngebiete, die besonders von einer ansprechenden Einzelhausbebauung bestimmt sind. <\/p>\n<h4>Unsere Leistung f\u00fcr qualit\u00e4tsbewusste Kunden aus Seevetal und Rosengarten<\/h4>\n<p>Sie leben in Seevetal oder Rosengarten und interessieren sich f\u00fcr unser Angebot. Prima, dass Sie diese Website gefunden haben. F\u00fcr R\u00fcckfragen stehen wir Ihnen jederzeit zur Verf\u00fcgung. Unser freundliches Team freut sich auf Sie.<\/p>","popseo_zusatztext":"<h3>Wir haben die Kosten im Blick<\/h3>\n<p>Sie interessieren sich f\u00fcr eine Kellertrockenlegung oder eine Sanierungsarbeit an Mauern bzw. W\u00e4nden und w\u00fcnschen sich ein passendes Angebot, das eine handwerklich gute Arbeit garantiert, gleichzeitig aber keine hohen Kosten verursacht. Toll, in diesem Fall sind Sie bei uns an der richtigen Adresse. Als Fachbetrieb f\u00fcr Bauwerksabdichtung, Kellersanierung und Schimmelbeseitigung verarbeiten wir ausnahmslos ausgezeichnete Materialien. Nichtsdestotrotz schauen wir nat\u00fcrlich auf die Kosten, die selbstverst\u00e4ndlich \u00fcberschaubar bleiben sollen. Wir m\u00f6chten Ihnen Qualit\u00e4t bieten, die zugleich auch die Kosten im Blick hat. Bei uns stimmen Kosten und Qualit\u00e4t: Bereits seit vielen Jahren sind wir Ihr erfahrener Fachbetrieb f\u00fcr Sanierungs- und Trocknungsarbeiten in Norddeutschland. Unser Unternehmenssitz befindet sich verkehrsg\u00fcnstig in Brietlingen bei L\u00fcndeburg. Die Kosten stets vor Augen: Wir versprechen Ihnen eine sachkundig durchgef\u00fchrte Sanierungsarbeit nach dem immer aktuellsten Stand der Technik.<\/p>\n<h3>Die Kosten stets vor Augen<\/h3>\n<p>D\u00fcrfen wir Sie informieren, wie Sie die Kosten f\u00fcr eine Sanierung senken k\u00f6nnen? Toll, dann z\u00f6gern Sie bitte nicht und nehmen am besten noch heute Kontakt mit uns auf. Ein kurzer Anruf oder auch eine schnelle Mail gen\u00fcgen. Eine optimale Beratung ist genauso wichtig wie die fachgerechte Ausf\u00fchrung der entprechenden Arbeiten. Unsere fachliche Beratung ist selbstverst\u00e4ndlich v\u00f6llig unverbindlich. Beste Qualit\u00e4t bei \u00fcberschaubaren Kosten: Wir empfehlen uns als spezialisiertes Fachunternehmen im Norden. Unsere jahrelange Erfahrung zeichnet uns aus.<br \/>\nSenken Sie die Kosten f\u00fcr Ihre Geb\u00e4udesanierung: Setzen Sie auf die Profis der Fachfirma Keul.<\/p>","popseo_links":"<a href=\"https:\/\/bautenschutz-keul.de\/angebote\/feuchtigkeit-brietlingen\/\">Feuchtigkeit Brietlingen<\/a>, <a href=\"https:\/\/bautenschutz-keul.de\/angebote\/kellerabdichtung-tostedt-sittensen\/\">Kellerabdichtung Tostedt Sittensen<\/a>, <a href=\"https:\/\/bautenschutz-keul.de\/angebote\/kellerabdichtung-bergedorf-wentorf\/\">Kellerabdichtung Bergedorf Wentorf<\/a>, <a href=\"https:\/\/bautenschutz-keul.de\/angebote\/feuchte-mauer-brietlingen\/\">Feuchte Mauer Brietlingen<\/a>, <a href=\"https:\/\/bautenschutz-keul.de\/angebote\/salpeter-im-keller-reinbek-aumuehle\/\">Salpeter im Keller Reinbek Aum\u00fchle<\/a>, <a href=\"https:\/\/bautenschutz-keul.de\/angebote\/kellersanierung-lueneburg\/\">Kellersanierung L\u00fcneburg<\/a>, <a href=\"https:\/\/bautenschutz-keul.de\/angebote\/innenabdichtung-herzogtum-lauenburg\/\">Innenabdichtung Herzogtum Lauenburg<\/a>, <a href=\"https:\/\/bautenschutz-keul.de\/angebote\/mauertrockenlegung-adendorf\/\">Mauertrockenlegung Adendorf<\/a>, <a href=\"https:\/\/bautenschutz-keul.de\/angebote\/aussenabdichtung-harburg\/\">Au\u00dfenabdichtung Harburg<\/a>, <a href=\"https:\/\/bautenschutz-keul.de\/angebote\/feuchtigkeitsschaden-bispingen\/\">Feuchtigkeitsschaden Bispingen<\/a>, <a href=\"https:\/\/bautenschutz-keul.de\/angebote\/schimmel-ebstorf\/\">Schimmel Ebstorf<\/a>, <a href=\"https:\/\/bautenschutz-keul.de\/angebote\/feuchter-keller-reppenstedt\/\">Feuchter Keller Reppenstedt<\/a>, <a href=\"https:\/\/bautenschutz-keul.de\/angebote\/kellerabdichtung-buchholz-in-der-nordheide\/\">Kellerabdichtung Buchholz in der Nordheide<\/a>, <a href=\"https:\/\/bautenschutz-keul.de\/angebote\/mauertrockenlegung-schwarzenbek\/\">Mauertrockenlegung Schwarzenbek<\/a>, <a href=\"https:\/\/bautenschutz-keul.de\/angebote\/salpeter-im-keller-jesteburg\/\">Salpeter im Keller Jesteburg<\/a>, <a href=\"https:\/\/bautenschutz-keul.de\/angebote\/aussenabdichtung-herzogtum-lauenburg\/\">Au\u00dfenabdichtung Herzogtum Lauenburg<\/a>, <a href=\"https:\/\/bautenschutz-keul.de\/angebote\/aussenabdichtung-reinbek-aumuehle\/\">Au\u00dfenabdichtung Reinbek Aum\u00fchle<\/a>, <a href=\"https:\/\/bautenschutz-keul.de\/angebote\/schimmelsanierung-reppenstedt\/\">Schimmelsanierung Reppenstedt<\/a>, <a href=\"https:\/\/bautenschutz-keul.de\/angebote\/feuchter-keller-buchholz-in-der-nordheide\/\">Feuchter Keller Buchholz in der Nordheide<\/a>, <a href=\"https:\/\/bautenschutz-keul.de\/angebote\/innenabdichtung-boizenburg\/\">Innenabdichtung Boizenburg<\/a>, <a href=\"https:\/\/bautenschutz-keul.de\/angebote\/kellersanierung-reinbek-aumuehle\/\">Kellersanierung Reinbek Aum\u00fchle<\/a>, <a href=\"https:\/\/bautenschutz-keul.de\/angebote\/zerstoerter-putz-hanstedt\/\">zerst\u00f6rter Putz Hanstedt<\/a>, <a href=\"https:\/\/bautenschutz-keul.de\/angebote\/feuchtigkeitsschaden-herzogtum-lauenburg\/\">Feuchtigkeitsschaden Herzogtum Lauenburg<\/a>, <a href=\"https:\/\/bautenschutz-keul.de\/angebote\/feuchte-mauer-uelzen\/\">Feuchte Mauer Uelzen<\/a>, <a href=\"https:\/\/bautenschutz-keul.de\/angebote\/aussenabdichtung-buechen\/\">Au\u00dfenabdichtung B\u00fcchen<\/a>, <a href=\"https:\/\/bautenschutz-keul.de\/angebote\/rissverpressung-amelinghausen\/\">Rissverpressung Amelinghausen<\/a>, <a href=\"https:\/\/bautenschutz-keul.de\/angebote\/rissverpressung-ebstorf\/\">Rissverpressung Ebstorf<\/a>, <a href=\"https:\/\/bautenschutz-keul.de\/angebote\/bauwerksabdichtung-buechen\/\">Bauwerksabdichtung B\u00fcchen<\/a>"},"_links":{"self":[{"href":"https:\/\/bautenschutz-keul.de\/angebote\/wp-json\/wp\/v2\/pages\/593","targetHints":{"allow":["GET"]}}],"collection":[{"href":"https:\/\/bautenschutz-keul.de\/angebote\/wp-json\/wp\/v2\/pages"}],"about":[{"href":"https:\/\/bautenschutz-keul.de\/angebote\/wp-json\/wp\/v2\/types\/page"}],"author":[{"embeddable":true,"href":"https:\/\/bautenschutz-keul.de\/angebote\/wp-json\/wp\/v2\/users\/1"}],"replies":[{"embeddable":true,"href":"https:\/\/bautenschutz-keul.de\/angebote\/wp-json\/wp\/v2\/comments?post=593"}],"version-history":[{"count":0,"href":"https:\/\/bautenschutz-keul.de\/angebote\/wp-json\/wp\/v2\/pages\/593\/revisions"}],"wp:attachment":[{"href":"https:\/\/bautenschutz-keul.de\/angebote\/wp-json\/wp\/v2\/media?parent=593"}],"curies":[{"name":"wp","href":"https:\/\/api.w.org\/{rel}","templated":true}]}}