{"id":594,"date":"2021-09-13T08:44:40","date_gmt":"2021-09-13T06:44:40","guid":{"rendered":"https:\/\/bautenschutz-keul.de\/angebote\/schimmelbeseitigung-stelle\/"},"modified":"2021-09-13T08:44:40","modified_gmt":"2021-09-13T06:44:40","slug":"schimmelbeseitigung-stelle","status":"publish","type":"page","link":"https:\/\/bautenschutz-keul.de\/angebote\/schimmelbeseitigung-stelle\/","title":{"rendered":"Schimmelbeseitigung &#8211; Stelle"},"content":{"rendered":"<h3>Nachfolgend finden Sie einige interessante Informationen zur Schimmelbeseitigung:<\/h3>\n<p>Die umfangreiche Schimmelbeseitigung ist ein Problem, dass Hausbesitzer, deren Wohnung Anzeichen von Schimmelbefall hat, dringend angehen sollten. Der Experte kennt zahlreiche Vorgehensweisen der Schimmelbeseitigung. Zu beachten ist, dass nicht nur neu vorhandener Schimmel beseitigt wird. Erst einmal muss es Ziel sein, dass Schimmelbefall nachhaltig und auf Dauer bek\u00e4mpft wird. Die langfristige Beseitigung von Schimmel ist eine Angelegenheit f\u00fcr den Profi. Gerade ein erfahrener Experte hat Kenntnisse \u00fcber die Ursachen f\u00fcr die Entstehung von Schimmel und h\u00e4lt gleichzeitig spezielle Methoden bereit, die auf Dauer erneuten Schimmelbefall verhindern.<\/p>\n<h3>Eine wirkungsvolle Schimmelbeseitigung ist kein Problem f\u00fcr einen Fachbetrieb<\/h3>\n<p>Eine wirksame Schimmelbeseitigung enth\u00e4lt in aller Regel gleich eine gr\u00f6\u00dfere Anzahl von n\u00f6tigen Verrichtungen. Neben eventuellen Reparaturen an Bedachungen und Hausfassaden sind vielfach auch Isolierungen zu erneuern oder defekte Abdichtungen zu ersetzen. Um langfristig einen Neubefall zu verhindern, sollten nicht selten auch Innen- und Au\u00dfenw\u00e4nde trockengelegt werden. Als routiniertes Fachunternehmen geh\u00f6rt die Schimmelbeseitigung zu unseren wiederkehrenden T\u00e4tigkeiten. Gewissenhaft und sachkundig analysieren wir als Erstes den Schadensgrund. Nach der Schadensermittlung erarbeiten wir f\u00fcr Sie ein komplettes Konzept f\u00fcr eine wirksame Probleml\u00f6sung. Die Schimmelbeseitigung startet meistens mit einer ordentlichen S\u00e4uberung der befallenen Mauern und Fu\u00dfb\u00f6den. Auch ein kompletter Materialaustausch ist bisweilen angezeigt. Mit Hilfe von geeigneten Verputzstoffen und schimmelresistenten Farben erreicht man bei der Sanierungsarbeit zumeist schon beachtliche Resultate.<\/p>\n","protected":false},"excerpt":{"rendered":"<p>Nachfolgend finden Sie einige interessante Informationen zur Schimmelbeseitigung: Die umfangreiche Schimmelbeseitigung ist ein Problem, dass Hausbesitzer, deren Wohnung Anzeichen von Schimmelbefall hat, dringend angehen sollten. Der Experte kennt zahlreiche Vorgehensweisen der Schimmelbeseitigung. Zu beachten ist, dass nicht nur neu vorhandener Schimmel beseitigt wird. Erst einmal muss es Ziel sein, dass Schimmelbefall nachhaltig und auf Dauer [&hellip;]<\/p>\n","protected":false},"author":1,"featured_media":0,"parent":0,"menu_order":0,"comment_status":"closed","ping_status":"closed","template":"","meta":{"footnotes":""},"class_list":["post-594","page","type-page","status-publish","hentry"],"meta_box":{"popseo_subtitel":"Wir sind Ihr erfahrener Fachbetrieb f\u00fcr die Schimmelbeseitigung im Gro\u00dfraum Stelle","popseo_subtitel2":"Eine professionell durchgef\u00fchrte Schimmelbeseitigung durch die erfahrenen Fachleute der Firma Keul","popseo_lasttitel":"Schimmelbeseitigung: Wir informieren Sie gerne auch pers\u00f6nlich!","popseo_region":"Stelle","popseo_sachwort":"Schimmelbeseitigung","popseo_noupdate":"","popseo_einleitungstext":"<p>Sie haben sich mit dem Thema Bauwerksabdichtung besch\u00e4ftigt, weil Ihr Wohn- oder Gesch\u00e4ftshaus feuchte Geb\u00e4udebereiche aufweist und Sie nach Methoden einer wirkungsvollen und professionellen Sanierung Ausschau halten. Prima, dass Sie unsere Website gefunden haben. Nachfolgend d\u00fcrfen wir Ihnen einige Informationen zu unserem Leistungsspektrum geben. Sie lernen auf dieser Internetseite unsere Firma n\u00e4her kennen. <\/p>\n<p>Unser Unternehmen ist ein versierter und erfahrener Fachbetrieb mit Gesch\u00e4ftsssitz in Brietlingen bei L\u00fcneburg. Seit vielen Jahren schon sind wir Ihre Experten f\u00fcr alle Fragen rund um die Bauwerksabdichtung. Wir setzen ausschlie\u00dflich effektive und praxisbew\u00e4hrte Sanierungssysteme und -methoden ein. Als Sanierungsfachbetrieb blicken wir auf eine lange Berufserfahrung zur\u00fcck. Unsere gut geschulten Fachleute informieren Sie mit Vergn\u00fcgen im Detail.<\/p>","popseo_schlusstext":"<p>Sie ben\u00f6tigen einen Fachpartner f\u00fcr die fachgerecht ausgef\u00fchrte Bauwerksabdichtung. Dann kontaktieren Sie uns bitte schnell. Wir freuen uns auf das Gespr\u00e4ch mit Ihnen. Wenn es um Sanierung geht, sind wir Ihr verl\u00e4sslicher Handwerkspartner. Wir bieten Ihnen eine sachkundig ausgef\u00fchrte Arbeit nach dem jeweils aktuellsten Stand der Technik.<\/p>","popseo_stadttext":"<h3>Wir arbeiten gerne f\u00fcr Kunden aus Stelle<\/h2>\n<p>Unser Einzugsgebiet umfasst auch Stelle. Durch unsere T\u00e4tigkeit haben wir uns einen ausgezeichneten \u00dcberblick \u00fcber die Architektur der St\u00e4dte und Gemeinden unseres Vertriebsgebietes machen k\u00f6nnen. Wir f\u00fchlen uns der Region verpflichtet und sind stolz darauf, auch einen Anteil zur gesunden Infrastruktur der Gemeinde beizusteuern zu d\u00fcrfen.  <\/p>\n<h3>Einige Details zu Stelle<\/h3>\n<p>In der zum Landkreis Harburg geh\u00f6renden Gemeinde Stelle leben insgesamt zirka 11.000 Anwohner auf einer Fl\u00e4che von gut 38 Quadratkilometer. Unmittelbar an Hamburg angrenzend, z\u00e4hlt Stelle zum sog. \u201eSpeckg\u00fcrtel\u201c der Freien und Hansestadt. Die Bev\u00f6lkerungsdichte mit 288 Bewohnern pro Quadratkilometer ist ist eher knapp bemessen, was die Stadt zu einer begehrten Wohngegend macht. Viele sch\u00f6ne Quartiere mit einer ansprechenden Einzelhausbebauung machen Stelle attraktiv. Leben in einem fast d\u00f6rflichen Umfeld, dabei die Hansestadt direkt vor der Haust\u00fcr  \u2013 ein Lebensentwurf, der f\u00fcr viele Menschen interessant ist. Ungez\u00e4hlte Wiesen und W\u00e4lder verleihen der Stadt einen zuweilen fast bukolischen Charakter. Die regionale Wirtschaft von Stelle ist gepr\u00e4gt von kleinen und mittelst\u00e4ndigen Betrieben. <\/p>\n<p>Stelle ist f\u00fcr Berufspendler besonders gut ideal. Wer seinen Arbeitsplatz in Hamburg hat, genie\u00dft das eher beschauliche Leben in der Peripherie. Stelle verf\u00fcgt \u00fcber zahlreiche idyllische Wohnviertel, die von einer angenehmen Einzelhausbebauung gepr\u00e4gt sind. <\/p>\n<h4>Privat- und Gesch\u00e4ftskunden aus Stelle sch\u00e4tzen unsere Leistungen!<\/h4>\n<p>Gerne werden wir auch f\u00fcr Sie im Raum Stelle t\u00e4tig. D\u00fcrfen wir Sie detailliert beraten? Sie erreichen uns telefonisch oder senden Sie uns eine E-Mail. Wir freuen uns auf Sie! Hand in Hand arbeitet das perfekt eingespielte Team unseres Fachbetriebes \u2013 zielorientiert und immer fachlich versiert.<\/p>","popseo_zusatztext":"<h3>Wir haben die Kosten im Blick<\/h3>\n<p>Sie sind interessiert an Trocknungs- oder Sanierungsarbeiten und m\u00f6chten gerne ein passendes Angebot, das eine qualitativ gute Arbeit garantiert, gleichwohl keine hohen Kosten nach sich zieht. Klasse, in diesem Fall sind Sie bei uns genau richtig. Als Spezialist f\u00fcr Kellersanierung, Schimmelbeseitigung und Geb\u00e4udeabdichtung verwenden wir nur exzellente Materialien. Trotzdem schauen wir immer auf die Kosten, die selbstverst\u00e4ndlich \u00fcberschaubar bleiben sollen. Wir m\u00f6chten Ihnen beste Qualit\u00e4t bieten, die trotzdem auch die Kosten im Blick beh\u00e4lt. Bei uns stimmen Kosten und Qualit\u00e4t: Schon seit etlichen Jahren sind wir Ihr qualifizierter Partner f\u00fcr Sanierungs- und Trocknungsarbeiten im norddeutschen Raum. Unser Unternehmenssitz befindet sich verkehrsg\u00fcnstig in Brietlingen bei L\u00fcndeburg. Die Kosten stets im Blick: Wir stehen f\u00fcr eine fachm\u00e4nnisch ausgef\u00fchrte Sanierungsarbeit nach dem immer neuesten Stand der Technik.<\/p>\n<h3>Trocknung und Sanierung durch die Firma Wist: Beste Arbeit, geringe Kosten!<\/h3>\n<p>D\u00fcrfen wir Sie beraten, wie Sie die Kosten f\u00fcr eine Sanierung senken k\u00f6nnen? Toll, dann warten Sie bitte nicht und nehmen am besten noch heute Kontakt mit uns auf. Ein kurzer Anruf oder auch eine kurze eMail gen\u00fcgen. Eine fachm\u00e4nnische Beratung ist ebenso wichtig wie die korrekte Projektausf\u00fchrung. Unsere fachliche Beratung ist nat\u00fcrlich absolut unverbindlich. Hochwertige Arbeit bei niedrigen Kosten: Wir empfehlen uns als spezialisiertes Unternehmen im Norden. Unsere langj\u00e4hrige Erfahrung spricht f\u00fcr uns.<br \/>\nVerringern Sie die Kosten f\u00fcr Ihr Sanierungsprojekt: Vertrauen Sie den Spezialisten der Firma Keul.<\/p>","popseo_links":"<a href=\"https:\/\/bautenschutz-keul.de\/angebote\/bauwerksabdichtung-bienenbuettel\/\">Bauwerksabdichtung Bienenb\u00fcttel<\/a>, <a href=\"https:\/\/bautenschutz-keul.de\/angebote\/zerstoerter-putz-schwarzenbek\/\">zerst\u00f6rter Putz Schwarzenbek<\/a>, <a href=\"https:\/\/bautenschutz-keul.de\/angebote\/zerstoerter-putz-boizenburg\/\">zerst\u00f6rter Putz Boizenburg<\/a>, <a href=\"https:\/\/bautenschutz-keul.de\/angebote\/aufsteigende-feuchtigkeit-bienenbuettel\/\">aufsteigende Feuchtigkeit Bienenb\u00fcttel<\/a>, <a href=\"https:\/\/bautenschutz-keul.de\/angebote\/feuchtigkeit-reppenstedt\/\">Feuchtigkeit Reppenstedt<\/a>, <a href=\"https:\/\/bautenschutz-keul.de\/angebote\/aussenabdichtung-uelzen\/\">Au\u00dfenabdichtung Uelzen<\/a>, <a href=\"https:\/\/bautenschutz-keul.de\/angebote\/kellertrockenlegung-brietlingen\/\">Kellertrockenlegung Brietlingen<\/a>, <a href=\"https:\/\/bautenschutz-keul.de\/angebote\/innenabdichtung-bergedorf-wentorf\/\">Innenabdichtung Bergedorf Wentorf<\/a>, <a href=\"https:\/\/bautenschutz-keul.de\/angebote\/feuchtigkeitsschaden-brietlingen\/\">Feuchtigkeitsschaden Brietlingen<\/a>, <a href=\"https:\/\/bautenschutz-keul.de\/angebote\/kellersanierung-bienenbuettel\/\">Kellersanierung Bienenb\u00fcttel<\/a>, <a href=\"https:\/\/bautenschutz-keul.de\/angebote\/kellersanierung-bad-bevensen\/\">Kellersanierung Bad Bevensen<\/a>, <a href=\"https:\/\/bautenschutz-keul.de\/angebote\/zerstoerter-putz-seevetal-rosengarten\/\">zerst\u00f6rter Putz Seevetal Rosengarten<\/a>, <a href=\"https:\/\/bautenschutz-keul.de\/angebote\/aussenabdichtung-winsen-luhe\/\">Au\u00dfenabdichtung Winsen Luhe<\/a>, <a href=\"https:\/\/bautenschutz-keul.de\/angebote\/schimmelsanierung-buchholz-in-der-nordheide\/\">Schimmelsanierung Buchholz in der Nordheide<\/a>, <a href=\"https:\/\/bautenschutz-keul.de\/angebote\/aufsteigende-feuchtigkeit-lueneburg\/\">aufsteigende Feuchtigkeit L\u00fcneburg<\/a>, <a href=\"https:\/\/bautenschutz-keul.de\/angebote\/mauertrockenlegung-jesteburg\/\">Mauertrockenlegung Jesteburg<\/a>, <a href=\"https:\/\/bautenschutz-keul.de\/angebote\/kellersanierung-uelzen\/\">Kellersanierung Uelzen<\/a>, <a href=\"https:\/\/bautenschutz-keul.de\/angebote\/feuchtigkeit-bad-bevensen\/\">Feuchtigkeit Bad Bevensen<\/a>, <a href=\"https:\/\/bautenschutz-keul.de\/angebote\/kellerabdichtung-schwarzenbek\/\">Kellerabdichtung Schwarzenbek<\/a>, <a href=\"https:\/\/bautenschutz-keul.de\/angebote\/feuchte-wand-tostedt-sittensen\/\">Feuchte Wand Tostedt Sittensen<\/a>, <a href=\"https:\/\/bautenschutz-keul.de\/angebote\/horizontalsperre-hanstedt\/\">Horizontalsperre Hanstedt<\/a>, <a href=\"https:\/\/bautenschutz-keul.de\/angebote\/kellertrockenlegung-bergedorf-wentorf\/\">Kellertrockenlegung Bergedorf Wentorf<\/a>, <a href=\"https:\/\/bautenschutz-keul.de\/angebote\/kellerabdichtung-tostedt-sittensen\/\">Kellerabdichtung Tostedt Sittensen<\/a>, <a href=\"https:\/\/bautenschutz-keul.de\/angebote\/schimmel-geesthacht\/\">Schimmel Geesthacht<\/a>, <a href=\"https:\/\/bautenschutz-keul.de\/angebote\/aussenabdichtung-seevetal-rosengarten\/\">Au\u00dfenabdichtung Seevetal Rosengarten<\/a>, <a href=\"https:\/\/bautenschutz-keul.de\/angebote\/aufsteigende-feuchtigkeit-uelzen\/\">aufsteigende Feuchtigkeit Uelzen<\/a>, <a href=\"https:\/\/bautenschutz-keul.de\/angebote\/rissverpressung-amelinghausen\/\">Rissverpressung Amelinghausen<\/a>, <a href=\"https:\/\/bautenschutz-keul.de\/angebote\/rissverpressung-jesteburg\/\">Rissverpressung Jesteburg<\/a>"},"_links":{"self":[{"href":"https:\/\/bautenschutz-keul.de\/angebote\/wp-json\/wp\/v2\/pages\/594","targetHints":{"allow":["GET"]}}],"collection":[{"href":"https:\/\/bautenschutz-keul.de\/angebote\/wp-json\/wp\/v2\/pages"}],"about":[{"href":"https:\/\/bautenschutz-keul.de\/angebote\/wp-json\/wp\/v2\/types\/page"}],"author":[{"embeddable":true,"href":"https:\/\/bautenschutz-keul.de\/angebote\/wp-json\/wp\/v2\/users\/1"}],"replies":[{"embeddable":true,"href":"https:\/\/bautenschutz-keul.de\/angebote\/wp-json\/wp\/v2\/comments?post=594"}],"version-history":[{"count":0,"href":"https:\/\/bautenschutz-keul.de\/angebote\/wp-json\/wp\/v2\/pages\/594\/revisions"}],"wp:attachment":[{"href":"https:\/\/bautenschutz-keul.de\/angebote\/wp-json\/wp\/v2\/media?parent=594"}],"curies":[{"name":"wp","href":"https:\/\/api.w.org\/{rel}","templated":true}]}}