{"id":599,"date":"2021-09-13T08:44:40","date_gmt":"2021-09-13T06:44:40","guid":{"rendered":"https:\/\/bautenschutz-keul.de\/angebote\/schimmelsanierung-amelinghausen\/"},"modified":"2021-09-13T08:44:40","modified_gmt":"2021-09-13T06:44:40","slug":"schimmelsanierung-amelinghausen","status":"publish","type":"page","link":"https:\/\/bautenschutz-keul.de\/angebote\/schimmelsanierung-amelinghausen\/","title":{"rendered":"Schimmelsanierung &#8211; Amelinghausen"},"content":{"rendered":"<h3>Nachfolgend finden Sie einige Details zum Thema Schimmelsanierung:<\/h3>\n<p>Die umfangreiche Schimmelsanierung ist ein Problem, dass Geb\u00e4udeeigent\u00fcmer, deren Wohnung Zeichen von Schimmelbefall hat, unbedingt angehen sollten. Der Fachmann kennt zahlreiche Vorgehensweisen der Schimmelbeseitigung. Die Schimmelsanierung ist eine Aufgabe f\u00fcr den Fachmann. Gerade ein routinierter Spezialist kennt die Ursachen f\u00fcr die Entstehung von Schimmel und h\u00e4lt gleichzeitig spezielle Anwendungen bereit, die auf lange Zeit neuen Schimmelbefall verhindern. Sehr wichtig ist, dass nicht nur akut auftretender Schimmel beseitigt wird. Vor allem sollte es Ziel sein, dass Schimmelbefall effektiv und dauerhaft bek\u00e4mpft wird. <\/p>\n<h3>Eine wirkungsvolle Schimmelsanierung ist kein Problem f\u00fcr einen Fachbetrieb<\/h3>\n<p>Eine wirksame Schimmelsanierung beinhaltet im Allgemeinen gleich eine Menge von notwendigen Arbeiten. Neben eventuellen Instandsetzungen an W\u00e4nden, Mauern, D\u00e4chern und Fassaden sind oft auch D\u00e4mmungen zu erneuern oder por\u00f6se Versiegelungen zu ersetzen. Um langfristig einen Neubefall zu stoppen, m\u00fcssen nicht selten auch Innen- und Au\u00dfenw\u00e4nde trockengelegt werden. Als qualifiziertes Unternehmen vom Fach geh\u00f6rt die Schimmelsanierung zu unseren wiederkehrenden T\u00e4tigkeiten. Detailliert und kompetent analysieren wir zun\u00e4chst die Schadensursache. Nach der Schadensermittlung entwerfen wir f\u00fcr Sie ein komplettes Konzept f\u00fcr eine wirkungsvolle Schimmelsanierung. Die Schimmelbeseitigung startet oft mit einer gr\u00fcndlichen S\u00e4uberung der betroffenen W\u00e4nde und B\u00f6den. Auch ein vollst\u00e4ndiger Materialaustausch ist teilweise angezeigt. Mit Hilfe von geeigneten Verputzmaterialien und schimmelresistenten Farben erzielt man im Rahmen der Sanierungsarbeit meistens schon beachtliche Resultate.<\/p>\n","protected":false},"excerpt":{"rendered":"<p>Nachfolgend finden Sie einige Details zum Thema Schimmelsanierung: Die umfangreiche Schimmelsanierung ist ein Problem, dass Geb\u00e4udeeigent\u00fcmer, deren Wohnung Zeichen von Schimmelbefall hat, unbedingt angehen sollten. Der Fachmann kennt zahlreiche Vorgehensweisen der Schimmelbeseitigung. Die Schimmelsanierung ist eine Aufgabe f\u00fcr den Fachmann. Gerade ein routinierter Spezialist kennt die Ursachen f\u00fcr die Entstehung von Schimmel und h\u00e4lt gleichzeitig [&hellip;]<\/p>\n","protected":false},"author":1,"featured_media":0,"parent":0,"menu_order":0,"comment_status":"closed","ping_status":"closed","template":"","meta":{"footnotes":""},"class_list":["post-599","page","type-page","status-publish","hentry"],"meta_box":{"popseo_subtitel":"Die Firma TK-Geb\u00e4udetechnik Thorsten Keul ist Ihr Spezialist f\u00fcr die Schimmelsanierung in Amelinghausen","popseo_subtitel2":"Eine professionell durchgef\u00fchrte Schimmelsanierung durch die geschulten Fachkr\u00e4fte unseres Unternehmens","popseo_lasttitel":"Schimmelsanierung: Wir beantworten Ihre Fragen!","popseo_region":"Amelinghausen","popseo_sachwort":"Schimmelsanierung","popseo_noupdate":"","popseo_einleitungstext":"<p>Sie haben sich mit der Bauwerksabdichtung auseinandergesetzt, weil Ihre Immobilie feuchte Geb\u00e4udebereiche aufweist und Sie nach M\u00f6glichkeiten einer professionellen und vor allem wirksamen Sanierung Ausschau halten. Gut, dass Sie unseren Internetauftritt entdeckt haben. Nachfolgend m\u00f6chten wir Ihnen n\u00e4here Informationen zu unserem Leistungsspektrum geben. Sie lernen auf dieser Website unsere Firma etwas n\u00e4her kennen. <\/p>\n<p>Unser Unternehmen ist ein spezialisierter und erfahrener Fachbetrieb mit Firmensitz in Brietlingen bei L\u00fcneburg. Bereits seit vielen Jahren sind wir Ihr Fachpartner f\u00fcr alle Fragen rund um die Bauwerksabdichtung. Wir setzen ausschlie\u00dflich effektive und praxisbew\u00e4hrte Sanierungsmethoden und -systeme ein. Als Sanierungsfachbetrieb schauen wir auf eine lange Berufserfahrung zur\u00fcck. Unsere gut geschulten Spezialisten informieren Sie gerne im Detail.<\/p>","popseo_schlusstext":"<p>Gerne informieren wir Sie n\u00e4her \u00fcber unser Aufgabengebiet. Wir nennen Ihnen mit Vergn\u00fcgen auch ein paar Referenzen, die Ihnen einen Einblick in unsere Arbeit geben.<br \/>\nWir sind f\u00fcr Sie da. Rufen Sie uns doch rasch einmal an oder senden Sie uns eine kurze E-Mail. Wir freuen uns auf den Kontakt zu Ihnen.<\/p>","popseo_stadttext":"<h3>Wir arbeiten gerne f\u00fcr Kunden aus  Amelinghausen<\/h3>\n<p>Durch unsere Gesch\u00e4ftst\u00e4tigkeit haben wir uns einen sehr guten \u00dcberblick \u00fcber die Stadtarchitektur der St\u00e4dte und Gemeinden unseres Vertriebsgebietes erarbeiten k\u00f6nnen. Unser Einzugsgebiet umfasst nat\u00fcrlich auch Amelinghausen. Wir f\u00fchlen uns der Region verpflichtet und freuen uns dar\u00fcber auch einen Teil zur ausgezeichneten Infrastruktur der Gemeinde beizusteuern zu d\u00fcrfen.  <\/p>\n<p><h3>Einige Informationen zur Samtgemeinde Amelinghausen<\/h3><br \/>\nAmelinghausen befindet sich in der L\u00fcneburger Heide. An die 4.000 Menschen wohnen in Amelinghausen auf einer Fl\u00e4che von etwa 16 km\u00b2. Den charmanten kleinen Ort erreicht man mit dem Auto \u00fcber die Bundesstra\u00dfe 209. Die Umgebung ist ideal f\u00fcr Ausfl\u00fcge ins Gr\u00fcne. Die Bebauungsstruktur in der Region ist \u00fcberwiegend gepr\u00e4gt von einer ansprechenden Einzelhausbebauung. In erster Line junge Familien sch\u00e4tzen das beschauliche Leben in Amelinghausen. Die r\u00e4umliche N\u00e4he zur Stadt L\u00fcneburg mit optimalen Verkehrverbindungen und Freizeitangeboten machen den Ort Amelinghausen so lebenswert.<br \/>\nDie Gemeinde ist Verwaltungssitz der Samtgemeinde Amelinghausen, einem Zusammenschluss von f\u00fcnf kleineren Orten. Dies sind neben Amelinghausen selbst die Gemeinden Betzendorf, Oldendorf (Luhe), Rehlingen und Soderstorf. Die Samtgemeinde z\u00e4hlt insgesamt knapp 8.000 Einwohner und streckt sich \u00fcber ein Areal von etwas mehr als 194 km\u00b2.<\/p>\n<h4>Hohe Qualit\u00e4t f\u00fcr Kunden aus Amelinghausen<\/h4>\n<p>Sie leben in Amelinghausen, Betzendorf, Oldendorf (Luhe), Soderstorf oder Rehlingen und interessieren sich f\u00fcr unser Leistungsangebot. Klasse, dass Sie diese Seite gefunden haben. F\u00fcr R\u00fcckfragen stehen wir Ihnen jederzeit zur Verf\u00fcgung. Auf Ihre Anfragen freuen wir uns.<\/p>","popseo_zusatztext":"<h3>Hohe Kosten bei der Bauwerksabdichtung m\u00fcssen nicht sein<\/h3>\n<p>Sie interessieren sich f\u00fcr eine Kellertrockenlegung oder eine Sanierungsarbeit an Mauern bzw. W\u00e4nden und w\u00fcnschen sich ein individuelles Angebot, das eine handwerklich gute Arbeit garantiert, gleichzeitig aber die Kosten im Blick hat. Toll, dann sind Sie bei uns an der richtigen Adresse. Als Handwerksbetrieb f\u00fcr Schimmelbeseitigung, Geb\u00e4udeabdichtung und Kellersanierung verwenden wir ausnahmslos exzellente Materialien. Nichtsdestotrotz schauen wir stets auf die Kosten, die selbstverst\u00e4ndlich \u00fcberschaubar bleiben sollen. Wir m\u00f6chten Ihnen beste Qualit\u00e4t anbieten, die zugleich auch die Kosten im Blick beh\u00e4lt. Bei uns stimmen Kosten und Qualit\u00e4t: Schon seit etlichen Jahren sind wir Ihr qualifizierter Fachbetrieb f\u00fcr Sanierungs- und Trocknungsarbeiten in Norddeutschland. Unser Firmensitz befindet sich verkehrsg\u00fcnstig in Brietlingen bei L\u00fcndeburg. Die Kosten stets vor Augen: Wir stehen f\u00fcr eine einwandfrei durchgef\u00fchrte Arbeit nach dem jeweils aktuellsten Stand der Technik.<\/p>\n<h3>Die Kosten stets vor Augen<\/h3>\n<p>D\u00fcrfen wir Sie informieren, wie Sie die Kosten f\u00fcr eine Sanierung reduzieren? Super, dann z\u00f6gern Sie bitte nicht und nehmen am besten noch heute Verbindung mit uns auf. Ein kurzer Anruf oder auch eine kurze Email gen\u00fcgen. Die fachlich versierte Beratung ist genauso wichtig wie die sachgem\u00e4\u00dfe Umsetzung der eigentlichen Arbeiten. Unsere fachliche Beratung ist selbstverst\u00e4ndlich absolut unverbindlich. Qualit\u00e4tsbewusst bei \u00fcberschaubaren Kosten: Wir empfehlen uns als spezialisiertes Fachunternehmen im Norden. Unsere jahrelange Erfahrung spricht f\u00fcr uns.<br \/>\nSenken Sie die Kosten f\u00fcr Ihr Sanierungsprojekt: Vertrauen Sie den Spezialisten der Firma Keul.<\/p>","popseo_links":"<a href=\"https:\/\/bautenschutz-keul.de\/angebote\/innenabdichtung-salzhausen\/\">Innenabdichtung Salzhausen<\/a>, <a href=\"https:\/\/bautenschutz-keul.de\/angebote\/horizontalsperre-boizenburg\/\">Horizontalsperre Boizenburg<\/a>, <a href=\"https:\/\/bautenschutz-keul.de\/angebote\/bauwerksabdichtung-winsen-luhe\/\">Bauwerksabdichtung Winsen Luhe<\/a>, <a href=\"https:\/\/bautenschutz-keul.de\/angebote\/innenabdichtung-boizenburg\/\">Innenabdichtung Boizenburg<\/a>, <a href=\"https:\/\/bautenschutz-keul.de\/angebote\/feuchter-keller-seevetal-rosengarten\/\">Feuchter Keller Seevetal Rosengarten<\/a>, <a href=\"https:\/\/bautenschutz-keul.de\/angebote\/rissverpressung-ebstorf\/\">Rissverpressung Ebstorf<\/a>, <a href=\"https:\/\/bautenschutz-keul.de\/angebote\/feuchtigkeitsschaden-bispingen\/\">Feuchtigkeitsschaden Bispingen<\/a>, <a href=\"https:\/\/bautenschutz-keul.de\/angebote\/bauwerksabdichtung-boizenburg\/\">Bauwerksabdichtung Boizenburg<\/a>, <a href=\"https:\/\/bautenschutz-keul.de\/angebote\/feuchte-mauer-ebstorf\/\">Feuchte Mauer Ebstorf<\/a>, <a href=\"https:\/\/bautenschutz-keul.de\/angebote\/aufsteigende-feuchtigkeit-bienenbuettel\/\">aufsteigende Feuchtigkeit Bienenb\u00fcttel<\/a>, <a href=\"https:\/\/bautenschutz-keul.de\/angebote\/schimmel-salzhausen\/\">Schimmel Salzhausen<\/a>, <a href=\"https:\/\/bautenschutz-keul.de\/angebote\/mauertrockenlegung-glinde-sachsenwald\/\">Mauertrockenlegung Glinde Sachsenwald<\/a>, <a href=\"https:\/\/bautenschutz-keul.de\/angebote\/feuchte-mauer-boizenburg\/\">Feuchte Mauer Boizenburg<\/a>, <a href=\"https:\/\/bautenschutz-keul.de\/angebote\/kellersanierung-geesthacht\/\">Kellersanierung Geesthacht<\/a>, <a href=\"https:\/\/bautenschutz-keul.de\/angebote\/feuchtigkeit-seevetal-rosengarten\/\">Feuchtigkeit Seevetal Rosengarten<\/a>, <a href=\"https:\/\/bautenschutz-keul.de\/angebote\/aufsteigende-feuchtigkeit-ebstorf\/\">aufsteigende Feuchtigkeit Ebstorf<\/a>, <a href=\"https:\/\/bautenschutz-keul.de\/angebote\/rissverpressung-bad-bevensen\/\">Rissverpressung Bad Bevensen<\/a>, <a href=\"https:\/\/bautenschutz-keul.de\/angebote\/schimmel-ebstorf\/\">Schimmel Ebstorf<\/a>, <a href=\"https:\/\/bautenschutz-keul.de\/angebote\/aufsteigende-feuchtigkeit-harburg\/\">aufsteigende Feuchtigkeit Harburg<\/a>, <a href=\"https:\/\/bautenschutz-keul.de\/angebote\/aussenabdichtung-bad-bevensen\/\">Au\u00dfenabdichtung Bad Bevensen<\/a>, <a href=\"https:\/\/bautenschutz-keul.de\/angebote\/feuchte-wand-winsen-luhe\/\">Feuchte Wand Winsen Luhe<\/a>, <a href=\"https:\/\/bautenschutz-keul.de\/angebote\/feuchte-mauer-herzogtum-lauenburg\/\">Feuchte Mauer Herzogtum Lauenburg<\/a>, <a href=\"https:\/\/bautenschutz-keul.de\/angebote\/horizontalsperre-reinbek-aumuehle\/\">Horizontalsperre Reinbek Aum\u00fchle<\/a>, <a href=\"https:\/\/bautenschutz-keul.de\/angebote\/feuchtigkeit-adendorf\/\">Feuchtigkeit Adendorf<\/a>, <a href=\"https:\/\/bautenschutz-keul.de\/angebote\/schimmelbeseitigung-harburg\/\">Schimmelbeseitigung Harburg<\/a>, <a href=\"https:\/\/bautenschutz-keul.de\/angebote\/feuchte-mauer-salzhausen\/\">Feuchte Mauer Salzhausen<\/a>, <a href=\"https:\/\/bautenschutz-keul.de\/angebote\/feuchter-keller-glinde-sachsenwald\/\">Feuchter Keller Glinde Sachsenwald<\/a>, <a href=\"https:\/\/bautenschutz-keul.de\/angebote\/rissverpressung-jesteburg\/\">Rissverpressung Jesteburg<\/a>"},"_links":{"self":[{"href":"https:\/\/bautenschutz-keul.de\/angebote\/wp-json\/wp\/v2\/pages\/599","targetHints":{"allow":["GET"]}}],"collection":[{"href":"https:\/\/bautenschutz-keul.de\/angebote\/wp-json\/wp\/v2\/pages"}],"about":[{"href":"https:\/\/bautenschutz-keul.de\/angebote\/wp-json\/wp\/v2\/types\/page"}],"author":[{"embeddable":true,"href":"https:\/\/bautenschutz-keul.de\/angebote\/wp-json\/wp\/v2\/users\/1"}],"replies":[{"embeddable":true,"href":"https:\/\/bautenschutz-keul.de\/angebote\/wp-json\/wp\/v2\/comments?post=599"}],"version-history":[{"count":0,"href":"https:\/\/bautenschutz-keul.de\/angebote\/wp-json\/wp\/v2\/pages\/599\/revisions"}],"wp:attachment":[{"href":"https:\/\/bautenschutz-keul.de\/angebote\/wp-json\/wp\/v2\/media?parent=599"}],"curies":[{"name":"wp","href":"https:\/\/api.w.org\/{rel}","templated":true}]}}