{"id":600,"date":"2021-09-13T08:44:40","date_gmt":"2021-09-13T06:44:40","guid":{"rendered":"https:\/\/bautenschutz-keul.de\/angebote\/schimmelsanierung-amt-neuhaus\/"},"modified":"2021-09-13T08:44:40","modified_gmt":"2021-09-13T06:44:40","slug":"schimmelsanierung-amt-neuhaus","status":"publish","type":"page","link":"https:\/\/bautenschutz-keul.de\/angebote\/schimmelsanierung-amt-neuhaus\/","title":{"rendered":"Schimmelsanierung &#8211; Amt Neuhaus"},"content":{"rendered":"<h3>Nachfolgend finden Sie einige interessante Informationen zur Schimmelsanierung:<\/h3>\n<p>Die komplette Schimmelsanierung ist ein Problem, dass Hausbewohner, deren Haus Anzeichen von Schimmelbefall aufweist, auf jeden Fall angehen sollten. Der Fachmann kennt diverse Methoden der Schimmelbeseitigung. Die Schimmelsanierung ist eine Angelegenheit f\u00fcr den Fachmann. Gerade ein routinierter Profi kennt die Ursachen f\u00fcr die Entstehung von Schimmel und h\u00e4lt meist geeignete Methoden bereit, die auf lange Zeit neuen Schimmelbefall vorbeugen. Sehr wichtig ist, dass nicht nur aktuell auftretender Schimmel beseitigt wird. Vor allem sollte es Ziel sein, dass Schimmelbefall nachhaltig und auf Dauer vermieden wird. <\/p>\n<h3>Eine wirkungsvolle Schimmelsanierung ist kein Problem f\u00fcr einen Fachbetrieb<\/h3>\n<p>Eine effektive Schimmelsanierung beinhaltet generell gleich eine Reihe von erforderlichen Arbeiten. Neben m\u00f6glichen Instandsetzungen an W\u00e4nden, Mauern, D\u00e4chern und Hausfassaden sind oft auch D\u00e4mmungen zu erneuern oder defekte Versiegelungen zu ersetzen. Um langfristig einen Neubefall zu stoppen, sollten oft auch Innen- und Au\u00dfenw\u00e4nde trockengelegt werden. Als qualifiziertes Fachunternehmen geh\u00f6rt die Schimmelsanierung zu unseren t\u00e4glichen Aufgaben. Genau und sachkundig untersuchen wir zun\u00e4chst die Schadensursache. Nach der Schadensermittlung erarbeiten wir f\u00fcr Sie ein umfangreiches Konzept f\u00fcr eine effektive Problembehebung. Die Schimmelbeseitigung beginnt zumeist mit einer ausgiebigen Reinigung der befallenen Mauern und Fu\u00dfb\u00f6den. Auch ein vollst\u00e4ndiger Materialaustausch ist manchmal angezeigt. Mit Hilfe von speziellen Verputzmaterialien und schimmelresistenten Farben erzielt man im Rahmen der Sanierungsarbeit in der Regel bereits ausgezeichnetete Ergebnisse.<\/p>\n","protected":false},"excerpt":{"rendered":"<p>Nachfolgend finden Sie einige interessante Informationen zur Schimmelsanierung: Die komplette Schimmelsanierung ist ein Problem, dass Hausbewohner, deren Haus Anzeichen von Schimmelbefall aufweist, auf jeden Fall angehen sollten. Der Fachmann kennt diverse Methoden der Schimmelbeseitigung. Die Schimmelsanierung ist eine Angelegenheit f\u00fcr den Fachmann. Gerade ein routinierter Profi kennt die Ursachen f\u00fcr die Entstehung von Schimmel und [&hellip;]<\/p>\n","protected":false},"author":1,"featured_media":0,"parent":0,"menu_order":0,"comment_status":"closed","ping_status":"closed","template":"","meta":{"footnotes":""},"class_list":["post-600","page","type-page","status-publish","hentry"],"meta_box":{"popseo_subtitel":"Die Firma TK-Geb\u00e4udetechnik Thorsten Keul ist Ihr Experte f\u00fcr die Schimmelsanierung im Gro\u00dfraum Amt Neuhaus","popseo_subtitel2":"Eine professionell durchgef\u00fchrte Schimmelsanierung durch die geschulten Experten der Firma Keul","popseo_lasttitel":"Schimmelsanierung: Gerne beantworten wir Ihre Fragen!","popseo_region":"Amt Neuhaus","popseo_sachwort":"Schimmelsanierung","popseo_noupdate":"","popseo_einleitungstext":"<p>Mauern, Kellerr\u00e4ume oder W\u00e4nde Ihres Wohn- oder Gesch\u00e4ftshauses weisen Durchfeuchtungen und damit einen nicht zu \u00fcbersehenden Sanierungsbedarf auf. Dann ist die Zeit gekommen, sich \u00fcber eine qualifiziert ausgef\u00fchrte Trocknung Gedanken zu machen. Unser Fachbetrieb ist auf die Bauwerksabdichtung spezialisiert. Zu den Hauptaufgaben unseres Unternehmens geh\u00f6ren unter anderem die Bereiche Mauertrockenlegung, Kellerabdichtung und Schimmelbeseitigung. Der nachhaltigen Sanierung haben wir uns verschrieben. Wir beraten qualifiziert, wie Sie Ihre Immobilie preisg\u00fcnstig und umweltgerecht sanieren k\u00f6nnen. Ein paar erste Informationen hierzu lesen Sie nachfolgend.<\/p>","popseo_schlusstext":"<p>Wenn Sie einen qualifizierten Fachbetrieb f\u00fcr die Bauwerksabdichtung suchen, sind Sie bei uns genau richtig. Sie m\u00f6chten mehr \u00fcber uns wissen? Als auf Sanierung spezialisierte Handwerksfirma sind wir f\u00fcr Ihr Vorhaben der richtige Partner und freuen uns \u00fcber Ihre Anfrage, ganz gleich ob per Griff zum Telefonh\u00f6rer oder E-Mail. Worauf Sie neben Fachwissen setzen d\u00fcrfen: Das Expertenteam der Firma TK-Geb\u00e4udetechnik arbeitet mit Motivation und Elan f\u00fcr Ihrer Erfolg. Wir freuen uns, wenn wir ihnen helfen k\u00f6nnen!<\/p>","popseo_stadttext":"<h3>Unsere Handwerksleistung f\u00fcr Kunden aus dem Amt Neuhaus<\/h3>\n<p>Durch unsere Vertriebst\u00e4tigkeit haben wir uns einen ausgezeichneten \u00dcberblick \u00fcber die Stadtarchitektur der St\u00e4dte und Gemeinden unseres Einzugsbereiches machen k\u00f6nnen. Nat\u00fcrlich geh\u00f6rt auch das Amt Neuhaus zu unserem unmittelbaren Wirkungskreis. Sie kommen aus Dellien, Haar, Kaar\u00dfen, Neuhaus, Stapel, Sumte oder Tripkau und sind hier im World Wide Web auf unsere Website gesto\u00dfen? Das finden wir toll. Gerne pr\u00e4sentieren wir Ihnen unser gesamtes Leistungsspektrum und beantworten Ihre Fragen. Wir freuen uns darauf, mit Ihnen ins Gespr\u00e4ch zu kommen. <\/p>\n<h2>Einige interessante Informationen \u00fcber das Amt Neuhaus:<\/h2>\n<p>Das Amt Neuhaus geh\u00f6rt verwaltungstechnisch zum Kreis L\u00fcneburg. Addiert leben gerundet 5.000 registrierte Einwohner in der Region. Rund 237 qkm umfasst das gesamte Areal. Das Amt Neuhaus ist verkehrstechnisch hervorragend angeschlossen und \u00fcberzeugt durch eine gute Infrastruktur. Aufgrund der bevorzugten Lage ist das Amt Neuhaus besonders bei Pendlern gesch\u00e4tzt. Sowohl Hamburg, L\u00fcneburg als auch Hannover sind schnell erreicht. Das gesamte Areal des Amtes zeichnet sich durch eine wirklich gute Wohnqualit\u00e4t aus. Die insbesondere als Wohnstatt beliebte Ortschaften sind speziell auch f\u00fcr junge Familien mit Kindern eine gute Wahl. Das Amt Neuhaus verbindet durch seine Lage auf eine nette Art und Weise urbanes Leben mit dem eher \u00fcberschaubaren Flair eines Au\u00dfenbezirkes. F\u00fcr die Gr\u00f6\u00dfe des Amtes \u00fcberraschend viele Sport- und Freizeitm\u00f6glichkeiten und eine landschaftlich wunderbare Umgebung kennzeichnen die Region. Die Baustruktur im Amt Neuhaus wird dominiert von einer h\u00fcbschen Einzelhausbebauung. <\/p>\n<h4>Wir f\u00fcr Sie im Amt Neuhaus!<\/h4>\n<p>Sie kommen aus Dellien, Haar, Kaar\u00dfen, Neuhaus, Stapel, Sumte oder Tripkau, interessieren sich f\u00fcr unser Leistungsprogramm und sind hier im World Wide Web auf unsere Homepage gesto\u00dfen? Das freut uns sehr. Gerne pr\u00e4sentieren wir Ihnen unser komplettes Angebotsspektrum und beantworten Ihre Fragen. Unser engagiertes Team freut sich auf Sie.<\/p>","popseo_zusatztext":"<h3>Wir haben die Kosten im Blick<\/h3>\n<p>Sie haben Interesse an Trocknungs- oder Sanierungsarbeiten und w\u00fcnschen sich ein passendes Angebot, das eine handwerklich gute Arbeit garantiert, gleichwohl keine hohen Kosten nach sich zieht. Toll, dann sind Sie bei uns an der richtigen Adresse. Als Fachbetrieb f\u00fcr Kellersanierung, Schimmelbeseitigung und Geb\u00e4udeabdichtung verarbeiten wir ausschlie\u00dflich ausgezeichnete Materialien. Trotzdem achten wir nat\u00fcrlich auf die Kosten, die nat\u00fcrlich nicht zu hoch sein sollen. Wir m\u00f6chten Ihnen beste Qualit\u00e4t anbieten, die gleichzeitig auch die Kosten im Blick beh\u00e4lt. Bei uns stimmen Kosten und Leistung: Schon seit etlichen Jahren sind wir Ihr qualifizierter Partner f\u00fcr Trocknungs- und Sanierungsarbeiten im norddeutschen Raum. Unser Standort liegt verkehrsg\u00fcnstig in Brietlingen bei L\u00fcndeburg. Die Kosten stets vor Augen: Wir bieten Ihnen eine fachkundig durchgef\u00fchrte Sanierungsarbeit nach dem stets aktuellsten Stand der Technik.<\/p>\n<h3>Hochwertige Arbeit, geringe Kosten!<\/h3>\n<p>D\u00fcrfen wir Sie beraten, wie Sie die Kosten f\u00fcr eine Sanierung begrenzen k\u00f6nnen? Prima, dann warten Sie bitte nicht und nehmen am besten gleich heute Kontakt mit uns auf. Ein kurzer Telefonanruf oder auch eine schnelle Mail gen\u00fcgen. Eine optimale Beratung ist ebenso wichtig wie die korrekte Ausf\u00fchrung der entprechenden Arbeiten. Unsere Beratung ist nat\u00fcrlich v\u00f6llig unverbindlich. Beste Qualit\u00e4t bei niedrigen Kosten: Wir empfehlen uns als spezialisiertes Unternehmen im Norden. Unsere jahrelange Erfahrung spricht f\u00fcr uns.<br \/>\nVerringern Sie die Kosten f\u00fcr Ihr Sanierungsprojekt: Setzen Sie auf die Profis der Fachfirma Keul.<\/p>","popseo_links":"<a href=\"https:\/\/bautenschutz-keul.de\/angebote\/schimmelbeseitigung-amt-neuhaus\/\">Schimmelbeseitigung Amt Neuhaus<\/a>, <a href=\"https:\/\/bautenschutz-keul.de\/angebote\/mauertrockenlegung-buechen\/\">Mauertrockenlegung B\u00fcchen<\/a>, <a href=\"https:\/\/bautenschutz-keul.de\/angebote\/schimmel-bienenbuettel\/\">Schimmel Bienenb\u00fcttel<\/a>, <a href=\"https:\/\/bautenschutz-keul.de\/angebote\/kellerabdichtung-jesteburg\/\">Kellerabdichtung Jesteburg<\/a>, <a href=\"https:\/\/bautenschutz-keul.de\/angebote\/feuchter-keller-geesthacht\/\">Feuchter Keller Geesthacht<\/a>, <a href=\"https:\/\/bautenschutz-keul.de\/angebote\/horizontalsperre-uelzen\/\">Horizontalsperre Uelzen<\/a>, <a href=\"https:\/\/bautenschutz-keul.de\/angebote\/kellersanierung-ebstorf\/\">Kellersanierung Ebstorf<\/a>, <a href=\"https:\/\/bautenschutz-keul.de\/angebote\/feuchtigkeit-winsen-luhe\/\">Feuchtigkeit Winsen Luhe<\/a>, <a href=\"https:\/\/bautenschutz-keul.de\/angebote\/rissverpressung-buechen\/\">Rissverpressung B\u00fcchen<\/a>, <a href=\"https:\/\/bautenschutz-keul.de\/angebote\/innenabdichtung-buchholz-in-der-nordheide\/\">Innenabdichtung Buchholz in der Nordheide<\/a>, <a href=\"https:\/\/bautenschutz-keul.de\/angebote\/zerstoerter-putz-bispingen\/\">zerst\u00f6rter Putz Bispingen<\/a>, <a href=\"https:\/\/bautenschutz-keul.de\/angebote\/innenabdichtung-stelle\/\">Innenabdichtung Stelle<\/a>, <a href=\"https:\/\/bautenschutz-keul.de\/angebote\/mauertrockenlegung-schwarzenbek\/\">Mauertrockenlegung Schwarzenbek<\/a>, <a href=\"https:\/\/bautenschutz-keul.de\/angebote\/kellersanierung-bispingen\/\">Kellersanierung Bispingen<\/a>, <a href=\"https:\/\/bautenschutz-keul.de\/angebote\/feuchte-mauer-geesthacht\/\">Feuchte Mauer Geesthacht<\/a>, <a href=\"https:\/\/bautenschutz-keul.de\/angebote\/kellertrockenlegung-herzogtum-lauenburg\/\">Kellertrockenlegung Herzogtum Lauenburg<\/a>, <a href=\"https:\/\/bautenschutz-keul.de\/angebote\/feuchte-mauer-uelzen\/\">Feuchte Mauer Uelzen<\/a>, <a href=\"https:\/\/bautenschutz-keul.de\/angebote\/feuchte-wand-lueneburg\/\">Feuchte Wand L\u00fcneburg<\/a>, <a href=\"https:\/\/bautenschutz-keul.de\/angebote\/feuchtigkeit-adendorf\/\">Feuchtigkeit Adendorf<\/a>, <a href=\"https:\/\/bautenschutz-keul.de\/angebote\/aussenabdichtung-stelle\/\">Au\u00dfenabdichtung Stelle<\/a>, <a href=\"https:\/\/bautenschutz-keul.de\/angebote\/schimmelbeseitigung-seevetal-rosengarten\/\">Schimmelbeseitigung Seevetal Rosengarten<\/a>, <a href=\"https:\/\/bautenschutz-keul.de\/angebote\/kellersanierung-geesthacht\/\">Kellersanierung Geesthacht<\/a>, <a href=\"https:\/\/bautenschutz-keul.de\/angebote\/zerstoerter-putz-brietlingen\/\">zerst\u00f6rter Putz Brietlingen<\/a>, <a href=\"https:\/\/bautenschutz-keul.de\/angebote\/kellerabdichtung-buechen\/\">Kellerabdichtung B\u00fcchen<\/a>, <a href=\"https:\/\/bautenschutz-keul.de\/angebote\/mauertrockenlegung-hanstedt\/\">Mauertrockenlegung Hanstedt<\/a>, <a href=\"https:\/\/bautenschutz-keul.de\/angebote\/feuchte-wand-winsen-luhe\/\">Feuchte Wand Winsen Luhe<\/a>, <a href=\"https:\/\/bautenschutz-keul.de\/angebote\/schimmel-amelinghausen\/\">Schimmel Amelinghausen<\/a>, <a href=\"https:\/\/bautenschutz-keul.de\/angebote\/mauertrockenlegung-jesteburg\/\">Mauertrockenlegung Jesteburg<\/a>"},"_links":{"self":[{"href":"https:\/\/bautenschutz-keul.de\/angebote\/wp-json\/wp\/v2\/pages\/600","targetHints":{"allow":["GET"]}}],"collection":[{"href":"https:\/\/bautenschutz-keul.de\/angebote\/wp-json\/wp\/v2\/pages"}],"about":[{"href":"https:\/\/bautenschutz-keul.de\/angebote\/wp-json\/wp\/v2\/types\/page"}],"author":[{"embeddable":true,"href":"https:\/\/bautenschutz-keul.de\/angebote\/wp-json\/wp\/v2\/users\/1"}],"replies":[{"embeddable":true,"href":"https:\/\/bautenschutz-keul.de\/angebote\/wp-json\/wp\/v2\/comments?post=600"}],"version-history":[{"count":0,"href":"https:\/\/bautenschutz-keul.de\/angebote\/wp-json\/wp\/v2\/pages\/600\/revisions"}],"wp:attachment":[{"href":"https:\/\/bautenschutz-keul.de\/angebote\/wp-json\/wp\/v2\/media?parent=600"}],"curies":[{"name":"wp","href":"https:\/\/api.w.org\/{rel}","templated":true}]}}