{"id":604,"date":"2021-09-13T08:44:40","date_gmt":"2021-09-13T06:44:40","guid":{"rendered":"https:\/\/bautenschutz-keul.de\/angebote\/schimmelsanierung-bienenbuettel\/"},"modified":"2021-09-13T08:44:40","modified_gmt":"2021-09-13T06:44:40","slug":"schimmelsanierung-bienenbuettel","status":"publish","type":"page","link":"https:\/\/bautenschutz-keul.de\/angebote\/schimmelsanierung-bienenbuettel\/","title":{"rendered":"Schimmelsanierung &#8211; Bienenb\u00fcttel"},"content":{"rendered":"<h3>Nachfolgend finden Sie einige Details zum Thema Schimmelsanierung:<\/h3>\n<p>Die vollumf\u00e4ngliche Schimmelsanierung ist ein Problem, dass Hausbewohner, deren Wohnung Zeichen von Schimmelbefall hat, auf jeden Fall angehen sollten. Der Fachmann kennt zahlreiche Methoden der Schimmelbeseitigung. Jedes nachhaltige Sanierungsprojekt ist eine Angelegenheit f\u00fcr den Profi. Nur ein routinierter Spezialist kennt die Gr\u00fcnde f\u00fcr die Entstehung von Schimmel und h\u00e4lt in der Regel passende Methoden bereit, die auf lange Zeit erneuten Schimmelbefall verhindern. Zu beachten ist, dass nicht nur akut auftretender Schimmel entfernt wird. Erst einmal sollte es Ziel sein, dass Schimmelbefall effektiv und auf Dauer vermieden wird. <\/p>\n<h3>Schimmelsanierung vom Profi<\/h3>\n<p>Eine effektive Schimmelsanierung enth\u00e4lt in aller Regel gleich eine gr\u00f6\u00dfere Anzahl von notwendigen Verrichtungen. Neben eventuellen Instandsetzungen an W\u00e4nden, Mauern, Bedachungen und Fassaden sind vielfach auch Isolierungen zu ersetzen oder auch defekte Versiegelungen auszutauschen. Um auf Dauer einen Neubefall zu stoppen, sollten oftmals auch Innen- und Au\u00dfenw\u00e4nde trockengelegt werden. Als qualifiziertes Unternehmen vom Fach geh\u00f6rt die Schimmelsanierung zu unseren t\u00e4glichen T\u00e4tigkeiten. Genau und kompetent untersuchen wir zuerst den Schadensgrund. Nach der Schadensermittlung entwerfen wir f\u00fcr Sie ein umfangreiches Konzept f\u00fcr eine wirksame Probleml\u00f6sung. Die Schimmelbeseitigung startet zumeist mit einer ordentlichen Reinigung der befallenen W\u00e4nde und Fu\u00dfb\u00f6den. Auch ein vollst\u00e4ndiger Materialaustausch ist manchmal geboten. Mit Hilfe von speziellen Verputzstoffen und schimmelresistenten Farben erreicht man im Rahmen der Sanierungsarbeit oft bereits erstaunliche Ergebnisse.<\/p>\n","protected":false},"excerpt":{"rendered":"<p>Nachfolgend finden Sie einige Details zum Thema Schimmelsanierung: Die vollumf\u00e4ngliche Schimmelsanierung ist ein Problem, dass Hausbewohner, deren Wohnung Zeichen von Schimmelbefall hat, auf jeden Fall angehen sollten. Der Fachmann kennt zahlreiche Methoden der Schimmelbeseitigung. Jedes nachhaltige Sanierungsprojekt ist eine Angelegenheit f\u00fcr den Profi. Nur ein routinierter Spezialist kennt die Gr\u00fcnde f\u00fcr die Entstehung von Schimmel [&hellip;]<\/p>\n","protected":false},"author":1,"featured_media":0,"parent":0,"menu_order":0,"comment_status":"closed","ping_status":"closed","template":"","meta":{"footnotes":""},"class_list":["post-604","page","type-page","status-publish","hentry"],"meta_box":{"popseo_subtitel":"Die Firma TK-Geb\u00e4udetechnik Thorsten Keul ist Ihr Fachunternehmen f\u00fcr die Schimmelsanierung im Raum Bienenb\u00fcttel","popseo_subtitel2":"Eine professionell durchgef\u00fchrte Schimmelsanierung durch die erfahrenen Fachkr\u00e4fte unserer Firma","popseo_lasttitel":"Schimmelsanierung: Treten Sie in Kontakt mit uns!","popseo_region":"Bienenb\u00fcttel","popseo_sachwort":"Schimmelsanierung","popseo_noupdate":"","popseo_einleitungstext":"<p>Sie haben sich mit dem Thema Bauwerksabdichtung auseinandergesetzt, da Ihr Haus feuchte Geb\u00e4udebereiche aufweist und Sie nach Methoden einer wirkungsvollen und professionellen Sanierung Ausschau halten. Gut, dass Sie zu uns gefunden haben. Nachfolgend d\u00fcrfen wir Ihnen n\u00e4here Informationen zu unserem Leistungsspektrum geben. Sie lernen auf dieser Website unsere Firma n\u00e4her kennen. <\/p>\n<p>Die Firma TK-Geb\u00e4udetechnik Thorsten Keul ist ein versierter und etablierter Fachbetrieb mit Gesch\u00e4ftsssitz in Brietlingen bei L\u00fcneburg. Seit vielen Jahren schon sind wir Ihr Fachpartner f\u00fcr alle auftretenden Fragen rund um Geb\u00e4udeabdichtung. Wir setzen ausschlie\u00dflich praxisbew\u00e4hrte und effektive Sanierungsmethoden und -systeme ein. Als Fachbetrieb f\u00fcr Abdichtung und Sanierung blicken wir auf eine lange Berufserfahrung zur\u00fcck. Unsere gut geschulten Spezialisten informieren Sie sehr gerne im Detail.<\/p>","popseo_schlusstext":"<p>Auf Wunsch informieren wir Sie n\u00e4her \u00fcber unser Themengebiet. Wir pr\u00e4sentieren Ihnen mit Vergn\u00fcgen auch einige Referenzprojekte, die Ihnen einen Einblick in unsere Unternehmenst\u00e4tigkeit geben.<br \/>\nVertrauen Sie auf das Urteil eines erfahrenen Sannierungsfachbetriebes. Rufen Sie uns doch rasch einmal an oder senden Sie uns eine schnelle E-Mail. Wir freuen uns auf Ihre Kontaktaufnahme.<\/p>","popseo_stadttext":"<h3>Unser Einzugsbereich umfasst auch Bienenb\u00fcttel<\/h3>\n<p>Bienenb\u00fcttel ist eine Einheitsgemeinde in der \u00f6stlichen L\u00fcneburger Heide. Formell geh\u00f6rt die Gemeinde zum Kreis Uelzen. Bienenb\u00fcttel hat knapp 7.000 registrierte Einwohner und streckt sich \u00fcber eine Gesamtfl\u00e4che von etwa 99 Quadratkilometer. Man erreicht man den Ort mit der Bahn auf der Streckenverbindung Hamburg-Hannover und mit dem PKW \u00fcber die Bundesstra\u00dfe 4.<\/p>\n<p>Durch unsere Vertriebst\u00e4tigkeit haben wir uns einen ausgezeichneten \u00dcberblick \u00fcber die Architektur der St\u00e4dte und Gemeinden unseres Einzugsbereiches machen k\u00f6nnen. Sie kommen aus Bienenb\u00fcttel und sind hier im World Wide Web auf unsere Website gesto\u00dfen? Das finden wir toll. Sehr gerne pr\u00e4sentieren wir Ihnen unser gesamtes Leistungsspektrum und beantworten Ihre Fragen. Wir freuen uns darauf, mit Ihnen ins Gespr\u00e4ch zu treten. <\/p>\n<h3>Lebensmittelpunkt Bienenb\u00fcttel<\/h3>\n<p>Bienenb\u00fcttel ist eine Pendlergemeinde. Sehr viele B\u00fcrger arbeiten in der Gro\u00dfstadt Hamburg, in Uelzen oder L\u00fcneburg, m\u00f6gen jedoch Bienenb\u00fcttel als Wohnort und Lebensmittelpunkt. Der ansehnliche nieders\u00e4chsische Ort ist eine moderne und dynamische Gemeinde mit einer ansprechenden Baustruktur und attraktiven Wohnquartieren. Naturfreunde sch\u00e4tzen besonders die nahegelegenen Naherholungsgebiete der L\u00fcneburger Heide. Die die weitl\u00e4ufigen Naturareale laden zu intensiven Wandertouren ein.<\/p>\n<h4>Privat- und Gesch\u00e4ftskunden aus Bienenb\u00fcttel sch\u00e4tzen unsere Leistungen!<\/h4>\n<p>Sie wohnen in Bienenb\u00fcttel oder Umgebung und interessieren sich f\u00fcr unser Leistungsangebot. Klasse, dass Sie uns hier auf dieser Website entdeckt haben. F\u00fcr R\u00fcckfragen stehen wir Ihnen jederzeit zur Verf\u00fcgung. Auf Ihre Anfragen freuen wir uns.<\/p>","popseo_zusatztext":"<h3>Hochwertige Sanierung, faire Kosten!<\/h3>\n<p>Sie haben Interesse an Trocknungs- oder Sanierungsarbeiten und w\u00fcnschen sich ein entsprechendes Angebot, das eine qualitativ gute Arbeit garantiert, gleichwohl keine hohen Kosten nach sich zieht. Klasse, dann sind Sie bei uns an der richtigen Adresse. Als Spezialist f\u00fcr Kellersanierung, Schimmelbeseitigung und Geb\u00e4udeabdichtung verwenden wir ausnahmslos hochwertige Materialien. Gleichwohl achten wir nat\u00fcrlich auf die Kosten, die selbstverst\u00e4ndlich \u00fcberschaubar bleiben sollen. Wir m\u00f6chten Ihnen beste Qualit\u00e4t anbieten, die trotzdem auch die Kosten im Blick beh\u00e4lt. Bei uns stimmen Kosten und Qualit\u00e4t: Bereits seit vielen Jahren sind wir Ihr erfahrener Partner f\u00fcr Trocknungs- und Sanierungsarbeiten in Norddeutschland. Unser Standort befindet sich verkehrsg\u00fcnstig in Brietlingen bei L\u00fcndeburg. Die Kosten stets im Blick: Wir versprechen Ihnen eine einwandfrei ausgef\u00fchrte Arbeit nach dem jeweils derzeitigen Stand der Technik.<\/p>\n<h3>Trocknung und Sanierung durch die Firma Wist: Beste Arbeit, geringe Kosten!<\/h3>\n<p>D\u00fcrfen wir Sie informieren, wie Sie die Kosten f\u00fcr eine Sanierung begrenzen k\u00f6nnen? Toll, dann z\u00f6gern Sie bitte nicht und nehmen am besten gleich heute Verbindung mit uns auf. Ein kurzer Anruf oder eine schnelle Email gen\u00fcgen. Die optimale Beratung ist genauso wichtig wie die perfekte Ausf\u00fchrung der entsprechenden T\u00e4tigkeiten. Unsere fachliche Beratung ist selbstverst\u00e4ndlich absolut unverbindlich. Hochwertige Arbeit bei niedrigen Kosten: Wir empfehlen uns als spezialisiertes Fachunternehmen im Norden. Unsere jahrelange Erfahrung zeichnet uns aus.<br \/>\nVerringern Sie die Kosten f\u00fcr Ihre Geb\u00e4udesanierung: Vertrauen Sie den Spezialisten der Firma Keul.<\/p>","popseo_links":"<a href=\"https:\/\/bautenschutz-keul.de\/angebote\/kellersanierung-stelle\/\">Kellersanierung Stelle<\/a>, <a href=\"https:\/\/bautenschutz-keul.de\/angebote\/mauertrockenlegung-glinde-sachsenwald\/\">Mauertrockenlegung Glinde Sachsenwald<\/a>, <a href=\"https:\/\/bautenschutz-keul.de\/angebote\/feuchtigkeit-herzogtum-lauenburg\/\">Feuchtigkeit Herzogtum Lauenburg<\/a>, <a href=\"https:\/\/bautenschutz-keul.de\/angebote\/feuchte-wand-amelinghausen\/\">Feuchte Wand Amelinghausen<\/a>, <a href=\"https:\/\/bautenschutz-keul.de\/angebote\/horizontalsperre-glinde-sachsenwald\/\">Horizontalsperre Glinde Sachsenwald<\/a>, <a href=\"https:\/\/bautenschutz-keul.de\/angebote\/mauertrockenlegung-amt-neuhaus\/\">Mauertrockenlegung Amt Neuhaus<\/a>, <a href=\"https:\/\/bautenschutz-keul.de\/angebote\/aufsteigende-feuchtigkeit-tostedt-sittensen\/\">aufsteigende Feuchtigkeit Tostedt Sittensen<\/a>, <a href=\"https:\/\/bautenschutz-keul.de\/angebote\/kellerabdichtung-reppenstedt\/\">Kellerabdichtung Reppenstedt<\/a>, <a href=\"https:\/\/bautenschutz-keul.de\/angebote\/innenabdichtung-adendorf\/\">Innenabdichtung Adendorf<\/a>, <a href=\"https:\/\/bautenschutz-keul.de\/angebote\/feuchtigkeitsschaden-hanstedt\/\">Feuchtigkeitsschaden Hanstedt<\/a>, <a href=\"https:\/\/bautenschutz-keul.de\/angebote\/feuchtigkeit-buechen\/\">Feuchtigkeit B\u00fcchen<\/a>, <a href=\"https:\/\/bautenschutz-keul.de\/angebote\/kellerabdichtung-schwarzenbek\/\">Kellerabdichtung Schwarzenbek<\/a>, <a href=\"https:\/\/bautenschutz-keul.de\/angebote\/mauertrockenlegung-ebstorf\/\">Mauertrockenlegung Ebstorf<\/a>, <a href=\"https:\/\/bautenschutz-keul.de\/angebote\/innenabdichtung-schwarzenbek\/\">Innenabdichtung Schwarzenbek<\/a>, <a href=\"https:\/\/bautenschutz-keul.de\/angebote\/kellerabdichtung-amelinghausen\/\">Kellerabdichtung Amelinghausen<\/a>, <a href=\"https:\/\/bautenschutz-keul.de\/angebote\/horizontalsperre-reppenstedt\/\">Horizontalsperre Reppenstedt<\/a>, <a href=\"https:\/\/bautenschutz-keul.de\/angebote\/aussenabdichtung-seevetal-rosengarten\/\">Au\u00dfenabdichtung Seevetal Rosengarten<\/a>, <a href=\"https:\/\/bautenschutz-keul.de\/angebote\/schimmel-schwarzenbek\/\">Schimmel Schwarzenbek<\/a>, <a href=\"https:\/\/bautenschutz-keul.de\/angebote\/rissverpressung-harburg\/\">Rissverpressung Harburg<\/a>, <a href=\"https:\/\/bautenschutz-keul.de\/angebote\/zerstoerter-putz-geesthacht\/\">zerst\u00f6rter Putz Geesthacht<\/a>, <a href=\"https:\/\/bautenschutz-keul.de\/angebote\/schimmelbeseitigung-glinde-sachsenwald\/\">Schimmelbeseitigung Glinde Sachsenwald<\/a>, <a href=\"https:\/\/bautenschutz-keul.de\/angebote\/aufsteigende-feuchtigkeit-uelzen\/\">aufsteigende Feuchtigkeit Uelzen<\/a>, <a href=\"https:\/\/bautenschutz-keul.de\/angebote\/rissverpressung-geesthacht\/\">Rissverpressung Geesthacht<\/a>, <a href=\"https:\/\/bautenschutz-keul.de\/angebote\/schimmel-winsen-luhe\/\">Schimmel Winsen Luhe<\/a>, <a href=\"https:\/\/bautenschutz-keul.de\/angebote\/schimmelbeseitigung-reinbek-aumuehle\/\">Schimmelbeseitigung Reinbek Aum\u00fchle<\/a>, <a href=\"https:\/\/bautenschutz-keul.de\/angebote\/zerstoerter-putz-amt-neuhaus\/\">zerst\u00f6rter Putz Amt Neuhaus<\/a>, <a href=\"https:\/\/bautenschutz-keul.de\/angebote\/innenabdichtung-buchholz-in-der-nordheide\/\">Innenabdichtung Buchholz in der Nordheide<\/a>, <a href=\"https:\/\/bautenschutz-keul.de\/angebote\/salpeter-im-keller-reppenstedt\/\">Salpeter im Keller Reppenstedt<\/a>"},"_links":{"self":[{"href":"https:\/\/bautenschutz-keul.de\/angebote\/wp-json\/wp\/v2\/pages\/604","targetHints":{"allow":["GET"]}}],"collection":[{"href":"https:\/\/bautenschutz-keul.de\/angebote\/wp-json\/wp\/v2\/pages"}],"about":[{"href":"https:\/\/bautenschutz-keul.de\/angebote\/wp-json\/wp\/v2\/types\/page"}],"author":[{"embeddable":true,"href":"https:\/\/bautenschutz-keul.de\/angebote\/wp-json\/wp\/v2\/users\/1"}],"replies":[{"embeddable":true,"href":"https:\/\/bautenschutz-keul.de\/angebote\/wp-json\/wp\/v2\/comments?post=604"}],"version-history":[{"count":0,"href":"https:\/\/bautenschutz-keul.de\/angebote\/wp-json\/wp\/v2\/pages\/604\/revisions"}],"wp:attachment":[{"href":"https:\/\/bautenschutz-keul.de\/angebote\/wp-json\/wp\/v2\/media?parent=604"}],"curies":[{"name":"wp","href":"https:\/\/api.w.org\/{rel}","templated":true}]}}