{"id":612,"date":"2021-09-13T08:44:40","date_gmt":"2021-09-13T06:44:40","guid":{"rendered":"https:\/\/bautenschutz-keul.de\/angebote\/schimmelsanierung-glinde-sachsenwald\/"},"modified":"2021-09-13T08:44:40","modified_gmt":"2021-09-13T06:44:40","slug":"schimmelsanierung-glinde-sachsenwald","status":"publish","type":"page","link":"https:\/\/bautenschutz-keul.de\/angebote\/schimmelsanierung-glinde-sachsenwald\/","title":{"rendered":"Schimmelsanierung &#8211; Glinde Sachsenwald"},"content":{"rendered":"<h3>Nachfolgend finden Sie einige Details zum Thema Schimmelsanierung:<\/h3>\n<p>Die umfangreiche Schimmelsanierung ist ein Thema, dass Hausbesitzer, deren Wohnung Anzeichen von Schimmelbefall aufweist, auf jeden Fall angehen sollten. Der Profi kennt viele Vorgehensweisen der Schimmelbeseitigung. Jedes nachhaltige Sanierungsprojekt ist eine Angelegenheit f\u00fcr den Spezialisten. Gerade ein beschlagener Fachmann kennt die Gr\u00fcnde f\u00fcr die Entstehung von Schimmel und h\u00e4lt gleichzeitig passende Verfahren bereit, die auf Dauer neuen Schimmelbefall vorbeugen. Sehr wichtig ist, dass nicht nur neu vorhandener Schimmel vernichtet wird. Vor allem sollte es Ziel sein, dass Schimmelbefall nachhaltig und auf lange Zeit verhindert wird. <\/p>\n<h3>Schimmelsanierung vom Profi<\/h3>\n<p>Eine nachhaltige Schimmelsanierung beinhaltet generell gleich eine Reihe von erforderlichen Verrichtungen. Neben eventuellen Reparaturen an W\u00e4nden, Mauern, Bedachungen und Hausfassaden sind oft auch Isolierungen zu ersetzen oder auch defekte Versiegelungen zu ersetzen. Um auf Dauer einen Neubefall zu verhindern, sollten oft auch Innen- und Au\u00dfenw\u00e4nde trockengelegt werden. Als qualifiziertes Fachunternehmen geh\u00f6rt die Schimmelsanierung zu unseren t\u00e4glichen T\u00e4tigkeiten. Genau und kompetent untersuchen wir zuerst den Schadensgrund. Nach der Schadensfeststellung erarbeiten wir f\u00fcr Sie ein umfangreiches Programm f\u00fcr eine wirksame Schimmelsanierung. Die Schimmelbeseitigung startet zumeist mit einer gr\u00fcndlichen Reinigung der befallenen W\u00e4nde und B\u00f6den. Auch ein vollst\u00e4ndiger Materialaustausch ist bisweilen angezeigt. Mit Hilfe von speziellen Verputzmaterialien und schimmelabweisenden Farben erreicht man im Rahmen der Schimmelsanierung in der Regel schon ausgezeichnetete Resultate.<\/p>\n","protected":false},"excerpt":{"rendered":"<p>Nachfolgend finden Sie einige Details zum Thema Schimmelsanierung: Die umfangreiche Schimmelsanierung ist ein Thema, dass Hausbesitzer, deren Wohnung Anzeichen von Schimmelbefall aufweist, auf jeden Fall angehen sollten. Der Profi kennt viele Vorgehensweisen der Schimmelbeseitigung. Jedes nachhaltige Sanierungsprojekt ist eine Angelegenheit f\u00fcr den Spezialisten. Gerade ein beschlagener Fachmann kennt die Gr\u00fcnde f\u00fcr die Entstehung von Schimmel [&hellip;]<\/p>\n","protected":false},"author":1,"featured_media":0,"parent":0,"menu_order":0,"comment_status":"closed","ping_status":"closed","template":"","meta":{"footnotes":""},"class_list":["post-612","page","type-page","status-publish","hentry"],"meta_box":{"popseo_subtitel":"Die Firma TK-Geb\u00e4udetechnik Thorsten Keul ist Ihr erfahrener Fachbetrieb f\u00fcr die Schimmelsanierung in Glinde Sachsenwald","popseo_subtitel2":"Eine fachgerecht durchgef\u00fchrte Schimmelsanierung durch die geschulten Fachkr\u00e4fte unserer Firma","popseo_lasttitel":"Schimmelsanierung: Wir beantworten Ihre Fragen!","popseo_region":"Glinde Sachsenwald","popseo_sachwort":"Schimmelsanierung","popseo_noupdate":"","popseo_einleitungstext":"<p>Kellerr\u00e4ume, Mauern oder W\u00e4nde Ihres Wohn- oder Gesch\u00e4ftsgeb\u00e4udes weisen Durchfeuchtungen und damit einen echten Sanierungbedarf auf. Dann wird es Zeit, sich \u00fcber eine fachm\u00e4nnisch ausgef\u00fchrte Trocknung Gedanken zu machen. Unser Handwerksbetrieb ist auf die Bauwerksabdichtung spezialisiert. Zu den haupts\u00e4chlichen T\u00e4tigkeiten unseres Unternehmens z\u00e4hlen zum Beispiel die Bereiche Mauertrockenlegung, Schimmelbeseitigung und Kellerabdichtung. Der nachhaltigen Sanierung gilt unsere Aufmersamkeit. Wir beraten fachsicher, wie Sie Ihre Immobilie umweltgerecht und preisg\u00fcnstig sanieren k\u00f6nnen. Ein paar erste Informationen dazu lesen Sie nachfolgend.<\/p>","popseo_schlusstext":"<p>Sie haben Fragen zu unseren Leistungen? Wenn Sie m\u00f6chten, informieren wir Sie n\u00e4her \u00fcber unser gesamtes Aufgabengebiet. Mit Vergn\u00fcgen nennen wir Ihnen einige Referenzprojekte, die Ihnen einen Einblick in unsere Arbeit geben. Rufen Sie uns doch einfach einmal an oder schreiben Sie uns eine E-Mail. Unser freundliches Team arbeitet fachkundig und immer kundenorientiert. Telefonisch erreichen Sie uns unter: <\/p>\n<p>04133 \u2013 22 37 940<\/p>","popseo_stadttext":"<h3>Wir sind Ihr Partner auch in der Region Glinde \/ Sachsenwald<\/h3>\n<p>Sie leben in Glinde oder in der N\u00e4he vom Sachsenwald und sind hier im Internet auf unsere Homepage gesto\u00dfen? Das finden wir toll. Sehr gerne pr\u00e4sentieren wir Ihnen unser komplettes Leistungsspektrum und beantworten Ihre Fragen. Durch unsere Vertriebst\u00e4tigkeit haben wir uns einen guten \u00dcberblick \u00fcber die Architektur der St\u00e4dte und Gemeinden unseres Einzugsbereiches machen k\u00f6nnen. Selbstverst\u00e4ndlich z\u00e4hlt auch die Region Glinde \/ Sachsenwald zu unserem unmittelbaren Wirkungskreis. Wir freuen uns darauf, mit Ihnen in Kontakt zu kommen. <\/p>\n<h3>Ein paar Fakten \u00fcber die Region Glinde \/ Sachsenwald<\/h3>\n<p>Die Stormarner Gemeinde Glinde geh\u00f6rt zur der Metropolregion Hamburg und gut 20 Kilometer in s\u00fcd\u00f6stlicher Randlage zur Hansestadt gelegen. Durch die Anbindung an das Netz des HVV sowie an die Verkehrsbetriebe von Schleswig- Holstein sind Ausflugsorte in der n\u00e4heren Umgebung oder nat\u00fcrlich auch die Hamburger City von Glinde aus schnell erreichbar.<br \/>\nInsgesamt acht Buslinien bilden den Personennahverkehr von Glinde nach Hamburg bzw. in die Nachbarregionen. Ferner besteht eine direkte Verbindung mit der Bahn nach Hamburg. \u00dcber den Hamburger Hauptbahnhof bekommt man eine Verbindung an das komplette Streckennetz. Dar\u00fcber hinaus gibt es noch die M\u00f6glichkeit, den Metronombus zu nutzen, mit dem man von Glinde nach Hamburg in etwa 40 Minuten ben\u00f6tigt. Auch f\u00fcr das Auto stehen zahlreiche \u00fcberregionale Verkehrsanbindungen zur Verf\u00fcgung. Gleich zwei Autobahnanschl\u00fcsse liegen in der n\u00e4heren Umgebung. \u00dcber die Autobahn A24 (AS Reinbek\/Glinde) bzw. die Autobahn A1 kommt man schnell an sein Ziel.<br \/>\nWegen seiner ausgezeichneten Infrastruktur hat sich Glinde zu einem beliebten Wohnquartier gemausert.  Mehr als die H\u00e4lfte der Stadtfl\u00e4che von Glinde besteht aus Park- oder Wasserfl\u00e4chen oder wird landwirtschaftlich genutzt. <\/p>\n<h3>Ein Idyll vor der Haust\u00fcr: Der Sachsenwald<\/h3>\n<p>Nicht weit von Glinde entfernt, findet sich der Sachsenwald. Mit Fl\u00e4che von gut 70 Quadratkilometern z\u00e4hlt der Sachsenwald als gr\u00f6\u00dftes Waldgebiet des Bundeslandes Schleswig-Holstein. Der Sachsenwald ist ein gemeindefreies Areal. Es grenzt an die Kreise Stormarn sowie Herzogtum Lauenburg. Naturfreunde haben im Sachsenwald ein reines Paradies. Ein erquickender Spaziergang durch das herrliche Waldgebiet bietet Ruhe und Erholung. Viele Tiere und Pflanzen haben im Sachsenwald ihren Platz gefunden. Die heimische Tierwelt hat im Sachsenwald einen in weiten Bereichen unber\u00fchrten Lebensraum. Der Sachsenwald gliedert sich in die Bezirke Aum\u00fchle, Wohltorf und Friedrichsruh\/Stangenteich auf. Die dazu z\u00e4hlenden Ortschaften erfreuen sich als exquisite Wohngebiete besonderer Popularit\u00e4t.<\/p>\n<h4>Hohe Qualit\u00e4t f\u00fcr Kunden aus Glinde und den Gemeinden am Sachsenwald<\/h4>\n<p>Sie leben in Glinde oder einer der beschaulichen Orte am Sachsenwald, interessieren sich f\u00fcr unser Leistungsprogramm und haben deshalb unsere Website besucht? Dar\u00fcber freuen wir uns sehr. Unser engagiertes Team nimmt gerne Ihren Anruf entgegen oder beantwortet Ihre E-Mail.<\/p>","popseo_zusatztext":"<h3>Hochwertige Sanierung, faire Kosten!<\/h3>\n<p>Sie sind interessiert an Trocknungs- oder Sanierungsarbeiten und w\u00fcnschen sich ein individuelles Angebot, das eine handwerklich gute Arbeit garantiert, gleichzeitig aber keine hohen Kosten nach sich zieht. Prima, dann sind Sie bei uns genau richtig. Als Spezialist f\u00fcr Bauwerksabdichtung, Kellersanierung und Schimmelbeseitigung verwenden wir nur ausgezeichnete Materialien. Gleichwohl achten wir nat\u00fcrlich auf die Kosten, die selbstverst\u00e4ndlich \u00fcberschaubar bleiben sollen. Wir m\u00f6chten Ihnen beste Qualit\u00e4t bieten, die trotzdem auch die Kosten im Blick hat. Bei uns stimmen Kosten und Leistung: Seit vielen Jahren schon sind wir Ihr erfahrener Partner f\u00fcr Trocknungs- und Sanierungsarbeiten im norddeutschen Raum. Unser Standort befindet sich verkehrsg\u00fcnstig in Brietlingen bei L\u00fcndeburg. Die Kosten stets vor Augen: Wir stehen f\u00fcr eine fachkundig durchgef\u00fchrte Arbeit nach dem jeweils derzeitigen Stand der Technik.<\/p>\n<h3>Kosten vs. Leistung: Eine Sanierung rechnet sich!<\/h3>\n<p>D\u00fcrfen wir Sie informieren, wie Sie die Kosten f\u00fcr eine Sanierung begrenzen k\u00f6nnen? Klasse, dann warten Sie bitte nicht und nehmen am besten gleich heute Kontakt mit uns auf. Ein kurzer Telefonanruf oder eine kurze Email gen\u00fcgen. Eine fachm\u00e4nnische Beratung ist ebenso wichtig wie die fachgerechte Umsetzung der eigentlichen Arbeiten. Unsere Beratung ist selbstverst\u00e4ndlich absolut unverbindlich. Beste Qualit\u00e4t bei moderaten Kosten: Wir empfehlen uns als spezialisiertes Unternehmen in Norddeutschland. Unsere langj\u00e4hrige Erfahrung zeichnet uns aus.<br \/>\nVerringern Sie die Kosten f\u00fcr Ihre Geb\u00e4udesanierung: Setzen Sie auf die Profis der Fachfirma Keul.<\/p>","popseo_links":"<a href=\"https:\/\/bautenschutz-keul.de\/angebote\/kellerabdichtung-harburg\/\">Kellerabdichtung Harburg<\/a>, <a href=\"https:\/\/bautenschutz-keul.de\/angebote\/mauertrockenlegung-salzhausen\/\">Mauertrockenlegung Salzhausen<\/a>, <a href=\"https:\/\/bautenschutz-keul.de\/angebote\/rissverpressung-bergedorf-wentorf\/\">Rissverpressung Bergedorf Wentorf<\/a>, <a href=\"https:\/\/bautenschutz-keul.de\/angebote\/feuchtigkeitsschaden-stelle\/\">Feuchtigkeitsschaden Stelle<\/a>, <a href=\"https:\/\/bautenschutz-keul.de\/angebote\/schimmelbeseitigung-boizenburg\/\">Schimmelbeseitigung Boizenburg<\/a>, <a href=\"https:\/\/bautenschutz-keul.de\/angebote\/mauertrockenlegung-maschen\/\">Mauertrockenlegung Maschen<\/a>, <a href=\"https:\/\/bautenschutz-keul.de\/angebote\/salpeter-im-keller-schwarzenbek\/\">Salpeter im Keller Schwarzenbek<\/a>, <a href=\"https:\/\/bautenschutz-keul.de\/angebote\/schimmel-lueneburg\/\">Schimmel L\u00fcneburg<\/a>, <a href=\"https:\/\/bautenschutz-keul.de\/angebote\/schimmel-jesteburg\/\">Schimmel Jesteburg<\/a>, <a href=\"https:\/\/bautenschutz-keul.de\/angebote\/kellertrockenlegung-schwarzenbek\/\">Kellertrockenlegung Schwarzenbek<\/a>, <a href=\"https:\/\/bautenschutz-keul.de\/angebote\/salpeter-im-keller-geesthacht\/\">Salpeter im Keller Geesthacht<\/a>, <a href=\"https:\/\/bautenschutz-keul.de\/angebote\/feuchtigkeitsschaden-bad-bevensen\/\">Feuchtigkeitsschaden Bad Bevensen<\/a>, <a href=\"https:\/\/bautenschutz-keul.de\/angebote\/schimmel-buechen\/\">Schimmel B\u00fcchen<\/a>, <a href=\"https:\/\/bautenschutz-keul.de\/angebote\/salpeter-im-keller-herzogtum-lauenburg\/\">Salpeter im Keller Herzogtum Lauenburg<\/a>, <a href=\"https:\/\/bautenschutz-keul.de\/angebote\/feuchtigkeitsschaden-schwarzenbek\/\">Feuchtigkeitsschaden Schwarzenbek<\/a>, <a href=\"https:\/\/bautenschutz-keul.de\/angebote\/zerstoerter-putz-tostedt-sittensen\/\">zerst\u00f6rter Putz Tostedt Sittensen<\/a>, <a href=\"https:\/\/bautenschutz-keul.de\/angebote\/kellersanierung-harburg\/\">Kellersanierung Harburg<\/a>, <a href=\"https:\/\/bautenschutz-keul.de\/angebote\/zerstoerter-putz-reinbek-aumuehle\/\">zerst\u00f6rter Putz Reinbek Aum\u00fchle<\/a>, <a href=\"https:\/\/bautenschutz-keul.de\/angebote\/feuchtigkeitsschaden-glinde-sachsenwald\/\">Feuchtigkeitsschaden Glinde Sachsenwald<\/a>, <a href=\"https:\/\/bautenschutz-keul.de\/angebote\/zerstoerter-putz-buchholz-in-der-nordheide\/\">zerst\u00f6rter Putz Buchholz in der Nordheide<\/a>, <a href=\"https:\/\/bautenschutz-keul.de\/angebote\/kellertrockenlegung-bergedorf-wentorf\/\">Kellertrockenlegung Bergedorf Wentorf<\/a>, <a href=\"https:\/\/bautenschutz-keul.de\/angebote\/salpeter-im-keller-bergedorf-wentorf\/\">Salpeter im Keller Bergedorf Wentorf<\/a>, <a href=\"https:\/\/bautenschutz-keul.de\/angebote\/rissverpressung-buechen\/\">Rissverpressung B\u00fcchen<\/a>, <a href=\"https:\/\/bautenschutz-keul.de\/angebote\/mauertrockenlegung-tostedt-sittensen\/\">Mauertrockenlegung Tostedt Sittensen<\/a>, <a href=\"https:\/\/bautenschutz-keul.de\/angebote\/feuchte-mauer-bad-bevensen\/\">Feuchte Mauer Bad Bevensen<\/a>, <a href=\"https:\/\/bautenschutz-keul.de\/angebote\/feuchtigkeitsschaden-bergedorf-wentorf\/\">Feuchtigkeitsschaden Bergedorf Wentorf<\/a>, <a href=\"https:\/\/bautenschutz-keul.de\/angebote\/rissverpressung-uelzen\/\">Rissverpressung Uelzen<\/a>, <a href=\"https:\/\/bautenschutz-keul.de\/angebote\/feuchtigkeitsschaden-harburg\/\">Feuchtigkeitsschaden Harburg<\/a>"},"_links":{"self":[{"href":"https:\/\/bautenschutz-keul.de\/angebote\/wp-json\/wp\/v2\/pages\/612","targetHints":{"allow":["GET"]}}],"collection":[{"href":"https:\/\/bautenschutz-keul.de\/angebote\/wp-json\/wp\/v2\/pages"}],"about":[{"href":"https:\/\/bautenschutz-keul.de\/angebote\/wp-json\/wp\/v2\/types\/page"}],"author":[{"embeddable":true,"href":"https:\/\/bautenschutz-keul.de\/angebote\/wp-json\/wp\/v2\/users\/1"}],"replies":[{"embeddable":true,"href":"https:\/\/bautenschutz-keul.de\/angebote\/wp-json\/wp\/v2\/comments?post=612"}],"version-history":[{"count":0,"href":"https:\/\/bautenschutz-keul.de\/angebote\/wp-json\/wp\/v2\/pages\/612\/revisions"}],"wp:attachment":[{"href":"https:\/\/bautenschutz-keul.de\/angebote\/wp-json\/wp\/v2\/media?parent=612"}],"curies":[{"name":"wp","href":"https:\/\/api.w.org\/{rel}","templated":true}]}}