{"id":617,"date":"2021-09-13T08:44:40","date_gmt":"2021-09-13T06:44:40","guid":{"rendered":"https:\/\/bautenschutz-keul.de\/angebote\/schimmelsanierung-lueneburg\/"},"modified":"2021-09-13T08:44:40","modified_gmt":"2021-09-13T06:44:40","slug":"schimmelsanierung-lueneburg","status":"publish","type":"page","link":"https:\/\/bautenschutz-keul.de\/angebote\/schimmelsanierung-lueneburg\/","title":{"rendered":"Schimmelsanierung &#8211; L\u00fcneburg"},"content":{"rendered":"<h3>Nachfolgend finden Sie einige Informationen zur Schimmelsanierung:<\/h3>\n<p>Die vollumf\u00e4ngliche Schimmelsanierung ist ein Problem, dass Hausbesitzer, deren Wohnung Zeichen von Schimmelbefall aufweist, auf jeden Fall angehen m\u00fcssen. Der Fachmann kennt viele Methoden der Schimmelbeseitigung. Die langfristige Beseitigung von Schimmel ist eine Aufgabe f\u00fcr den Fachmann. Nur ein erfahrener Fachmann kennt die Gr\u00fcnde f\u00fcr die Entstehung von Schimmel und h\u00e4lt gleichzeitig spezielle Verfahren bereit, die langfristig neuerlichen Schimmelbefall vorbeugen. Zu bedenken ist, dass nicht nur neu vorhandener Schimmel beseitigt wird. Insbesondere muss es Ziel sein, dass Schimmelbefall nachhaltig und dauerhaft bek\u00e4mpft wird. <\/p>\n<h3>Eine wirkungsvolle Schimmelsanierung ist kein Problem f\u00fcr einen Fachbetrieb<\/h3>\n<p>Eine nachhaltige Schimmelsanierung enth\u00e4lt prinzipiell gleich eine Reihe von n\u00f6tigen Verrichtungen. Neben potentiellen Reparaturen an W\u00e4nden, Mauern, Bedachungen und Hausfassaden sind vielfach auch D\u00e4mmungen zu ersetzen oder defekte Versiegelungen zu ersetzen. Um auf Dauer einen Neubefall zu stoppen, sollten oft auch Innen- und Au\u00dfenw\u00e4nde trockengelegt werden. Als routiniertes Fachunternehmen geh\u00f6rt die Schimmelsanierung zu unseren t\u00e4glichen T\u00e4tigkeiten. Gewissenhaft und sachkundig untersuchen wir als Erstes die Schadensursache. Nach der Schadensfeststellung erarbeiten wir f\u00fcr Sie ein umfassendes Konzept f\u00fcr eine wirkungsvolle Probleml\u00f6sung. Die Schimmelbeseitigung beginnt meistens mit einer ordentlichen Reinigung der befallenen W\u00e4nde und B\u00f6den. Auch ein vollst\u00e4ndiger Materialaustausch ist teilweise geboten. Mit Hilfe von speziellen Verputzstoffen und schimmelabweisenden Farben erreicht man bei der Schimmelsanierung meistens schon erstaunliche Resultate.<\/p>\n","protected":false},"excerpt":{"rendered":"<p>Nachfolgend finden Sie einige Informationen zur Schimmelsanierung: Die vollumf\u00e4ngliche Schimmelsanierung ist ein Problem, dass Hausbesitzer, deren Wohnung Zeichen von Schimmelbefall aufweist, auf jeden Fall angehen m\u00fcssen. Der Fachmann kennt viele Methoden der Schimmelbeseitigung. Die langfristige Beseitigung von Schimmel ist eine Aufgabe f\u00fcr den Fachmann. Nur ein erfahrener Fachmann kennt die Gr\u00fcnde f\u00fcr die Entstehung von [&hellip;]<\/p>\n","protected":false},"author":1,"featured_media":0,"parent":0,"menu_order":0,"comment_status":"closed","ping_status":"closed","template":"","meta":{"footnotes":""},"class_list":["post-617","page","type-page","status-publish","hentry"],"meta_box":{"popseo_subtitel":"Wir sind Ihr erfahrener Fachbetrieb f\u00fcr die Schimmelsanierung in L\u00fcneburg","popseo_subtitel2":"Eine wirksame Schimmelsanierung durch die versierten Spezialisten der Firma Keul","popseo_lasttitel":"Schimmelsanierung: Unsere Mitarbeiter beantworten gerne Ihre Fragen","popseo_region":"L\u00fcneburg","popseo_sachwort":"Schimmelsanierung","popseo_noupdate":"","popseo_einleitungstext":"<p>Sie haben sich mit dem Thema Bauwerksabdichtung besch\u00e4ftigt, weil Ihre Immobilie feuchte Geb\u00e4udeteile aufweist und Sie nach Methoden einer wirkungsvollen und professionellen Sanierung Ausschau halten. Hervorragend, dass Sie unsere Homepage entdeckt haben. Nachfolgend d\u00fcrfen wir Ihnen einige Informationen zu unserem Leistungsangebot geben. Sie lernen auf dieser Website unsere Firma n\u00e4her kennen. <\/p>\n<p>Die Firma TK-Geb\u00e4udetechnik Thorsten Keul ist ein versierter und etablierter Fachbetrieb mit Sitz in Brietlingen bei L\u00fcneburg. Bereits seit vielen Jahren sind wir Ihr Fachpartner f\u00fcr s\u00e4mtliche Fragen rund um die Bauwerksabdichtung. Wir setzen ausschlie\u00dflich praxisbew\u00e4hrte und effektive Sanierungsmethoden und -systeme ein. Als Sanierungsfachbetrieb schauen wir auf eine lange Berufserfahrung zur\u00fcck. Unsere versierten Fachleute informieren Sie gerne im Detail.<\/p>","popseo_schlusstext":"<p>Auf Wunsch informieren wir Sie n\u00e4her \u00fcber unser Aufgabenfeld. Wir nennen Ihnen mit Vergn\u00fcgen auch einige Referenzen, die Ihnen einen Einblick in unsere Firment\u00e4tigkeit geben.<br \/>\nDie Fachleute der Firma Thorsten Keul sind gerne f\u00fcr Sie im Einsatz. Rufen Sie uns doch rasch einmal an oder schicken Sie uns eine kurze E-Mail. Wir freuen uns auf den Kontakt zu Ihnen.<\/p>","popseo_stadttext":"<h3>Unsere Handwerksleistung f\u00fcr Kunden aus L\u00fcneburg und Bleckede<\/h3>\n<p>Wir werden f\u00fcr Kunden aus L\u00fcneburg und Bleckede aktiv. Durch unsere Vertriebst\u00e4tigkeit haben wir uns einen sehr guten \u00dcberblick \u00fcber die Architektur der St\u00e4dte und Gemeinden unseres Einzugsbereiches erarbeiten k\u00f6nnen. Selbstverst\u00e4ndlich geh\u00f6rt auch Ihre Region zu unserem unmittelbaren Gesch\u00e4ftsgebiet. Wir freuen uns darauf, mit Ihnen in Kontakt zu kommen. <\/p>\n<h3>Einige Details zu L\u00fcneburg und Bleckede<\/h3>\n<p>In der zirka 40 Kilometer s\u00fcdlich von der Metropole Hamburg gelegenen Stadt L\u00fcneburg leben rund 70.000 Menschen. Das Stadtgebiet erstreckt sich \u00fcber eine Gesamtfl\u00e4che von 70 Quadratkilometer. L\u00fcneburg ist Kreisstadt des Landkreises L\u00fcneburg und z\u00e4hlt zur Metropolregion Hamburg. Was viele nicht wissen: L\u00fcneburg ist eine historische Hansestadt. Idyllisch an der Ilmenau gelegen, erfreut sich L\u00fcneburg hoher Beliebtheit bei Tagesbesuchern und Touristen. Die mehr als 300.000 \u00dcbernachtungen, die das nieders\u00e4chsische Landesamt f\u00fcr Statistik registriert hat, sprechen eine sehr eindeutige Sprache. Insbesondere sehenswert ist die Innenstadt von L\u00fcneburg. Viele historische Geb\u00e4ude verleihen der Stadt einen ganz und gar au\u00dfergew\u00f6hnlichen Charme. Bei einem Spaziergang durch das historische Zentrum von L\u00fcneburg sollte man insbesondere die Kirche St. Nicolai im Wasserviertel, das Stadtschloss am Markt und den Stintmarkt am L\u00fcneburger Hafen besuchen. Wer ein wenig Zeit mitbringt, macht Station in einem der zahlreichen h\u00fcbschen Caf\u00e9s am Marktplatz und l\u00e4sst einfach die wunderbare Atmosp\u00e4hre von L\u00fcneburg auf sich wirken. Die vielen Fachwerkbauten geben dem st\u00e4dtischen Ensemble eine v\u00f6llig unverwechselbare Aura. Die beschauliche Universit\u00e4tsstadt ist bekannt f\u00fcr die Salzgewinnung. In L\u00fcneburg befindet sich ein ein alter Salzstock. Dort wurde \u00fcber viel Jahrhunderte in gro\u00dfem Stile Salz abgebaut. Das Deutsche Salzmuseum L\u00fcneburg erinnert heute an diesen bedeutenden Teil der Stadtgeschichte. Dar\u00fcber hinaus ist der Stint eine ber\u00fchmte kulinarische Spezialit\u00e4t. Dem kleinen Fisch begegnet man in L\u00fcneburg fast pausenlos. Bei einem Besuch der nieders\u00e4chsischen Stadt sollte man ein Stint-Essen auf keinen Fall verpassen.      <\/p>\n<p>L\u00fcneburg liegt an der Schnellstra\u00dfe A39. Auch \u00fcber die Bundesstra\u00dfen B4, B209 und B216 f\u00e4hrt man rasch und bequem in die nieders\u00e4chsische Kreisstadt. Auch das Umland \u2013 zum Beispiel Salzhausen, Fleestedt, Hanstedt, Egestorf, Amelinghausen, Scharnebeck und Bienenb\u00fcttel - ist gut angebunden. Wer mit der Bahn nach L\u00fcneburg reisen m\u00f6chte, kann dies \u00fcber die Bahnstrecke Hamburg-Hannover tun. Au\u00dferdem existiert eine Nahverkehrsverbindung durch den Verkehrsbetrieb Metronom. Die Fahrdauer zwischen Hamburg und L\u00fcneburg betr\u00e4gt nur knapp 30 Minuten. <\/p>\n<h3>L\u00fcneburg und Bleckede: Perfekt f\u00fcr junge Familien<\/h3>\n<p>Die Stadt Bleckede liegt im nieders\u00e4chsischen Landkreis L\u00fcneburg. Bleckede hat knapp unter 10.000 Einwohner. Das Stadtareal streckt sich \u00fcber eine Gesamtfl\u00e4che von gut 139 km\u00b2. In direkter N\u00e4he liegen die Gemeinden Thomasburg, Vastorf, Amt Neuhaus und Dahlenburg. Zu Bleckede z\u00e4hlen in Summe 15 Gemeindeteile. Die herrliche Lage unmittelbar an der Elbe macht Bleckede interessant f\u00fcr Tagesbesucher und Touristen. Insbesondere mit dem Fahrrad lohnt sich eine Exkursion in Richtung Bleckede. Der Elbradweg und der Mecklenburgische Seen-Radweg laden zum entspannten Radeln ein. Bezeichnend f\u00fcr Bleckede sind die zahllosen Fachwerkbauten. Per pedes l\u00e4sst sich die beeindruckende Architektur besonders gut bewundern. Entsprechend stolz sind die B\u00fcrgervertreter von Bleckede darauf, dass die Stadt Teil der Deutschen Fachwerkstra\u00dfe ist. Besonders sch\u00f6n ist der Hafen von Bleckede. Bis zum heutigen Tage machen viele Frachtschiffe hier Station. Besucher sch\u00e4tzen ebenso den F\u00e4hrverkehr auf der Elbe. Eine touristische Besonderheit: Der alte Raddampfer Kaiser-Wilhelm legt regelm\u00e4\u00dfig in Bleckede an. Attraktiv ist der Hafen auch f\u00fcr die Sportschifffahrt. Die vielen Sportbootliegepl\u00e4tze zeigen die Anziehungskraft des Hafen eindrucksvoll. Bleckede ist bekannt f\u00fcr seine sch\u00f6ne Umgebung. Neben der bereits erw\u00e4hnten Deutschen Fachwerkstra\u00dfe f\u00fchrt ebenfalls die Deutsche Storchenstra\u00dfe durch Bleckede. Das innerst\u00e4dtisch zu beobachtende Storchennest ist eine ganz au\u00dfergew\u00f6hnliche Attraktion. Aus Richtung L\u00fcneburg kommend, kann man dar\u00fcber hinaus auch mit einer historischen Eisenbahn nach Bleckede fahren. Die Fahrt mit dem sogenannten Heide-Elbe-Express ist ein Reisetipp f\u00fcr Besucher der Region.<\/p>\n<h4>Privat- und Gesch\u00e4ftskunden aus L\u00fcneburg und Bleckede sch\u00e4tzen unsere Leistungen!<\/h4>\n<p>Prima, dass Sie diese Seite gefunden haben. Wenn Sie eine erfahrene Fachfirma ben\u00f6tigen, sind Sie bei uns an der richtigen Adresse. Sie m\u00f6chten mehr \u00fcber uns erfahren? F\u00fcr R\u00fcckfragen stehen wir Ihnen jederzeit zur Verf\u00fcgung. Auf Ihre Anfragen freuen wir uns.<\/p>","popseo_zusatztext":"<h3>Perfekte Sanierungsarbeiten zu geringen Kosten<\/h3>\n<p>Sie sind interessiert an Trocknungs- oder Sanierungsarbeiten und w\u00fcnschen sich ein entsprechendes Angebot, das eine qualitativ gute Arbeit garantiert, gleichzeitig aber keine hohen Kosten nach sich zieht. Klasse, in diesem Fall sind Sie bei uns an der richtigen Adresse. Als Spezialist f\u00fcr Bauwerksabdichtung, Kellersanierung und Schimmelbeseitigung verwenden wir ausnahmslos exzellente Materialien. Nichtsdestotrotz achten wir immer auf die Kosten, die selbstverst\u00e4ndlich \u00fcberschaubar bleiben sollen. Wir m\u00f6chten Ihnen Qualit\u00e4t anbieten, die gleichzeitig auch die Kosten im Blick hat. Bei uns stimmen Kosten und Qualit\u00e4t: Schon seit etlichen Jahren sind wir Ihr qualifizierter Partner f\u00fcr Sanierungs- und Trocknungsarbeiten in Norddeutschland. Unser Firmensitz befindet sich verkehrsg\u00fcnstig in Brietlingen bei L\u00fcndeburg. Die Kosten stets im Blick: Wir garantieren eine professionell durchgef\u00fchrte Sanierungsarbeit nach dem immer derzeitigen Stand der Technik.<\/p>\n<h3>Die Kosten stets vor Augen<\/h3>\n<p>D\u00fcrfen wir Sie informieren, wie Sie die Kosten f\u00fcr eine Sanierung senken k\u00f6nnen? Super, dann warten Sie bitte nicht und nehmen am besten noch heute Verbindung mit uns auf. Ein kurzer Anruf oder auch eine kurze Email gen\u00fcgen. Die fachlich versierte Beratung ist ebenso wichtig wie die sachgem\u00e4\u00dfe Umsetzung der eigentlichen Arbeiten. Unsere Beratung ist selbstverst\u00e4ndlich absolut unverbindlich. Qualit\u00e4tsbewusst bei moderaten Kosten: Wir empfehlen uns als spezialisiertes Unternehmen im Norden. Unsere langj\u00e4hrige Erfahrung zeichnet uns aus.<br \/>\nMinimieren Sie die Kosten f\u00fcr Ihr Sanierungsprojekt: Setzen Sie auf die Profis der Fachfirma Keul.<\/p>","popseo_links":"<a href=\"https:\/\/bautenschutz-keul.de\/angebote\/horizontalsperre-salzhausen\/\">Horizontalsperre Salzhausen<\/a>, <a href=\"https:\/\/bautenschutz-keul.de\/angebote\/bauwerksabdichtung-glinde-sachsenwald\/\">Bauwerksabdichtung Glinde Sachsenwald<\/a>, <a href=\"https:\/\/bautenschutz-keul.de\/angebote\/feuchtigkeit-buechen\/\">Feuchtigkeit B\u00fcchen<\/a>, <a href=\"https:\/\/bautenschutz-keul.de\/angebote\/bauwerksabdichtung-seevetal-rosengarten\/\">Bauwerksabdichtung Seevetal Rosengarten<\/a>, <a href=\"https:\/\/bautenschutz-keul.de\/angebote\/schimmel-geesthacht\/\">Schimmel Geesthacht<\/a>, <a href=\"https:\/\/bautenschutz-keul.de\/angebote\/aufsteigende-feuchtigkeit-winsen-luhe\/\">aufsteigende Feuchtigkeit Winsen Luhe<\/a>, <a href=\"https:\/\/bautenschutz-keul.de\/angebote\/kellersanierung-bergedorf-wentorf\/\">Kellersanierung Bergedorf Wentorf<\/a>, <a href=\"https:\/\/bautenschutz-keul.de\/angebote\/feuchter-keller-maschen\/\">Feuchter Keller Maschen<\/a>, <a href=\"https:\/\/bautenschutz-keul.de\/angebote\/zerstoerter-putz-bergedorf-wentorf\/\">zerst\u00f6rter Putz Bergedorf Wentorf<\/a>, <a href=\"https:\/\/bautenschutz-keul.de\/angebote\/feuchtigkeit-hanstedt\/\">Feuchtigkeit Hanstedt<\/a>, <a href=\"https:\/\/bautenschutz-keul.de\/angebote\/kellerabdichtung-winsen-luhe\/\">Kellerabdichtung Winsen Luhe<\/a>, <a href=\"https:\/\/bautenschutz-keul.de\/angebote\/aussenabdichtung-reinbek-aumuehle\/\">Au\u00dfenabdichtung Reinbek Aum\u00fchle<\/a>, <a href=\"https:\/\/bautenschutz-keul.de\/angebote\/kellersanierung-boizenburg\/\">Kellersanierung Boizenburg<\/a>, <a href=\"https:\/\/bautenschutz-keul.de\/angebote\/feuchtigkeitsschaden-brietlingen\/\">Feuchtigkeitsschaden Brietlingen<\/a>, <a href=\"https:\/\/bautenschutz-keul.de\/angebote\/salpeter-im-keller-bad-bevensen\/\">Salpeter im Keller Bad Bevensen<\/a>, <a href=\"https:\/\/bautenschutz-keul.de\/angebote\/zerstoerter-putz-buchholz-in-der-nordheide\/\">zerst\u00f6rter Putz Buchholz in der Nordheide<\/a>, <a href=\"https:\/\/bautenschutz-keul.de\/angebote\/horizontalsperre-buchholz-in-der-nordheide\/\">Horizontalsperre Buchholz in der Nordheide<\/a>, <a href=\"https:\/\/bautenschutz-keul.de\/angebote\/aussenabdichtung-herzogtum-lauenburg\/\">Au\u00dfenabdichtung Herzogtum Lauenburg<\/a>, <a href=\"https:\/\/bautenschutz-keul.de\/angebote\/schimmelbeseitigung-harburg\/\">Schimmelbeseitigung Harburg<\/a>, <a href=\"https:\/\/bautenschutz-keul.de\/angebote\/horizontalsperre-bispingen\/\">Horizontalsperre Bispingen<\/a>, <a href=\"https:\/\/bautenschutz-keul.de\/angebote\/kellerabdichtung-buechen\/\">Kellerabdichtung B\u00fcchen<\/a>, <a href=\"https:\/\/bautenschutz-keul.de\/angebote\/zerstoerter-putz-uelzen\/\">zerst\u00f6rter Putz Uelzen<\/a>, <a href=\"https:\/\/bautenschutz-keul.de\/angebote\/feuchtigkeit-brietlingen\/\">Feuchtigkeit Brietlingen<\/a>, <a href=\"https:\/\/bautenschutz-keul.de\/angebote\/feuchte-wand-amelinghausen\/\">Feuchte Wand Amelinghausen<\/a>, <a href=\"https:\/\/bautenschutz-keul.de\/angebote\/horizontalsperre-seevetal-rosengarten\/\">Horizontalsperre Seevetal Rosengarten<\/a>, <a href=\"https:\/\/bautenschutz-keul.de\/angebote\/aussenabdichtung-amt-neuhaus\/\">Au\u00dfenabdichtung Amt Neuhaus<\/a>, <a href=\"https:\/\/bautenschutz-keul.de\/angebote\/feuchtigkeit-seevetal-rosengarten\/\">Feuchtigkeit Seevetal Rosengarten<\/a>, <a href=\"https:\/\/bautenschutz-keul.de\/angebote\/feuchte-wand-harburg\/\">Feuchte Wand Harburg<\/a>"},"_links":{"self":[{"href":"https:\/\/bautenschutz-keul.de\/angebote\/wp-json\/wp\/v2\/pages\/617","targetHints":{"allow":["GET"]}}],"collection":[{"href":"https:\/\/bautenschutz-keul.de\/angebote\/wp-json\/wp\/v2\/pages"}],"about":[{"href":"https:\/\/bautenschutz-keul.de\/angebote\/wp-json\/wp\/v2\/types\/page"}],"author":[{"embeddable":true,"href":"https:\/\/bautenschutz-keul.de\/angebote\/wp-json\/wp\/v2\/users\/1"}],"replies":[{"embeddable":true,"href":"https:\/\/bautenschutz-keul.de\/angebote\/wp-json\/wp\/v2\/comments?post=617"}],"version-history":[{"count":0,"href":"https:\/\/bautenschutz-keul.de\/angebote\/wp-json\/wp\/v2\/pages\/617\/revisions"}],"wp:attachment":[{"href":"https:\/\/bautenschutz-keul.de\/angebote\/wp-json\/wp\/v2\/media?parent=617"}],"curies":[{"name":"wp","href":"https:\/\/api.w.org\/{rel}","templated":true}]}}