{"id":621,"date":"2021-09-13T08:44:40","date_gmt":"2021-09-13T06:44:40","guid":{"rendered":"https:\/\/bautenschutz-keul.de\/angebote\/schimmelsanierung-salzhausen\/"},"modified":"2021-09-13T08:44:40","modified_gmt":"2021-09-13T06:44:40","slug":"schimmelsanierung-salzhausen","status":"publish","type":"page","link":"https:\/\/bautenschutz-keul.de\/angebote\/schimmelsanierung-salzhausen\/","title":{"rendered":"Schimmelsanierung &#8211; Salzhausen"},"content":{"rendered":"<h3>Nachfolgend finden Sie einige Details zum Thema Schimmelsanierung:<\/h3>\n<p>Die vollumf\u00e4ngliche Schimmelsanierung ist ein Problem, dass Hausbewohner, deren Wohnung Anzeichen von Schimmelbefall aufweist, unbedingt angehen sollten. Der Profi kennt zahlreiche Vorgehensweisen der Schimmelbeseitigung. Die Schimmelsanierung ist eine Angelegenheit f\u00fcr den Spezialisten. Gerade ein beschlagener Profi hat Kenntnisse \u00fcber die Ursachen f\u00fcr die Entstehung von Schimmel und h\u00e4lt immer passende Verfahren bereit, die auf lange Zeit neuen Schimmelbefall verhindern. Sehr wichtig ist, dass nicht nur aktuell auftretender Schimmel beseitigt wird. Insbesondere muss es Ziel sein, dass Schimmelbefall effektiv und auf Dauer verhindert wird. <\/p>\n<h3>Schimmelsanierung vom Profi<\/h3>\n<p>Eine effektive Schimmelsanierung beinhaltet in aller Regel gleich eine gr\u00f6\u00dfere Anzahl von erforderlichen Arbeiten. Neben eventuellen Instandsetzungen an W\u00e4nden, Mauern, Bedachungen und Fassaden sind \u00f6fters auch Isolierungen zu ersetzen oder por\u00f6se Versiegelungen zu ersetzen. Um dauerhaft einen Neubefall zu stoppen, sollten oftmals auch Innen- und Au\u00dfenw\u00e4nde trockengelegt werden. Als routiniertes Unternehmen vom Fach geh\u00f6rt die Schimmelsanierung zu unseren t\u00e4glichen T\u00e4tigkeiten. Detailliert und sachkundig analysieren wir als Erstes den Schadensgrund. Nach der Schadensfeststellung erarbeiten wir f\u00fcr Sie ein umfangreiches Programm f\u00fcr eine wirksame Schimmelsanierung. Die Schimmelbeseitigung beginnt oftmals mit einer ordentlichen S\u00e4uberung der befallenen Mauern und B\u00f6den. Auch ein vollst\u00e4ndiger Materialaustausch ist bisweilen geboten. Mit Hilfe von geeigneten Verputzstoffen und schimmelabweisenden Farben erzielt man bei der Schimmelsanierung oft schon erstaunliche Ergebnisse.<\/p>\n","protected":false},"excerpt":{"rendered":"<p>Nachfolgend finden Sie einige Details zum Thema Schimmelsanierung: Die vollumf\u00e4ngliche Schimmelsanierung ist ein Problem, dass Hausbewohner, deren Wohnung Anzeichen von Schimmelbefall aufweist, unbedingt angehen sollten. Der Profi kennt zahlreiche Vorgehensweisen der Schimmelbeseitigung. Die Schimmelsanierung ist eine Angelegenheit f\u00fcr den Spezialisten. Gerade ein beschlagener Profi hat Kenntnisse \u00fcber die Ursachen f\u00fcr die Entstehung von Schimmel und [&hellip;]<\/p>\n","protected":false},"author":1,"featured_media":0,"parent":0,"menu_order":0,"comment_status":"closed","ping_status":"closed","template":"","meta":{"footnotes":""},"class_list":["post-621","page","type-page","status-publish","hentry"],"meta_box":{"popseo_subtitel":"Die Firma TK-Geb\u00e4udetechnik Thorsten Keul ist Ihr Fachunternehmen f\u00fcr die Schimmelsanierung im Gro\u00dfraum Salzhausen","popseo_subtitel2":"Eine professionell durchgef\u00fchrte Schimmelsanierung durch die versierten Fachleute der Firma Keul","popseo_lasttitel":"Schimmelsanierung: Sie haben Fragen? Dann melden Sie sich bei uns","popseo_region":"Salzhausen","popseo_sachwort":"Schimmelsanierung","popseo_noupdate":"","popseo_einleitungstext":"<p>Wenn es um die Bauwerksabdichtung geht, sind Sie bei der Firma TK-Geb\u00e4udetechnik genau an der richtigen Adresse. Seit Unternehmensgr\u00fcndung sind wir Ihre lokalen Spezialisten f\u00fcr die Kellerabdichtung, f\u00fcr wirkungsvolle Methoden gegen aufsteigende Feuchtigkeit und das Setzen von Horizontalsperren. Unsere Fachleute ermitteln den aktuellen Zustand von Mauern und W\u00e4nden und zeigen Ihnen Wege auf, wie Sie die Bausubstanz Ihres Gesch\u00e4fts- oder Wohnhauses dauerhaft sch\u00fctzen k\u00f6nnen. Auf diesen Seiten haben wir erste Informationen f\u00fcr Sie zusammengetragen.<\/p>","popseo_schlusstext":"<p>Wenn Sie einen qualifizierten Fachbetrieb f\u00fcr die Bauwerksabdichtung ben\u00f6tigen, sind Sie bei uns an der richtigen Adresse. Sie m\u00f6chten mehr \u00fcber uns wissen? Als auf Sanierung spezialisierte Fachfirma sind wir f\u00fcr die Realisierung Ihres Vorhabens der optimale Dienstleister und freuen uns \u00fcber Ihre Anfrage, ganz gleich ob durch Anruf oder E-Mail. Worauf Sie neben Fachwissen setzen d\u00fcrfen: Unser Team arbeitet absolut zuverl\u00e4ssig und wird mit Elan und Schwung f\u00fcr Sie t\u00e4tig. Wir freuen uns, wenn wir ihnen helfen k\u00f6nnen!<\/p>","popseo_stadttext":"<h3>Wir freuen uns \u00fcber zufriedene Kunden aus Salzhausen<\/h3>\n<p>Sie kommen aus Salzhausen und sind hier im Internet auf unsere Homepage gesto\u00dfen? Das finden wir klasse. Sehr gerne pr\u00e4sentieren wir Ihnen unser komplettes Leistungsspektrum und beantworten Ihre Fragen. Durch unsere Gesch\u00e4ftst\u00e4tigkeit haben wir uns einen sehr guten \u00dcberblick \u00fcber die Stadtarchitektur der Gemeinden und St\u00e4dte unseres Einzugsbereiches erarbeiten k\u00f6nnen. Nat\u00fcrlich geh\u00f6rt auch Salzhausen zu unserem unmittelbaren Vertriebsgebiet. Wir freuen uns darauf, mit Ihnen in Kontakt zu treten. <\/p>\n<h3>Lebensmittelpunkt Salzhausen<\/h3>\n<p>Rund 5.000 Einwohner wohnen in Salzhausen auf einer Fl\u00e4che von 34 Quadratkilometern. Der speziell als Wohnstatt beliebte Ort gilt als echte Pendlerstadt. Von Salzhausen f\u00e4hrt man ins nahegelegene Hamburg in lediglich 35 Minuten. Das lokale Mittelzentrum L\u00fcneburg ist nur 20 Kilometer entfernt. Salzhausen ist Teil der Metropolregion Hamburg und geh\u00f6rt formell zum Landkreis Harburg.<\/p>\n<p>Der beschauliche kleine Ort ist Verwaltungssitz der Samtgemeinde Salzhausen, einer Vereinigung von acht Mitgliedsgemeinden und 13 kleineren Ortschaften. Die Samtgemeinde Salzhausen z\u00e4hlt in Summe rund 14.000 Einwohner und streckt sich \u00fcber eine Fl\u00e4che von zirka 148 qkm. Einige der bekanntesten Ortschaften sind Garlsdorf, Eyendorf, G\u00f6denstorf, Garstedt, Toppenstedt und Luhm\u00fchlen. Salzhausen wie auch die anderen Ortschaften der Samtgemeinde sind besonders familiengeeignete Wohnst\u00e4tten. Salzhausen gef\u00e4llt durch eine sehr d\u00f6rfliche Anmutung. Zahlreiche landwirtschaftlich genutze Fl\u00e4chen und Naherholungsgebiete laden zum Verweilen ein.<\/p>\n<h4>Hohe Qualit\u00e4t f\u00fcr Kunden aus Salzhausen<\/h4>\n<p>Das Leben in Salzhausen, Eyendorf, Garlsdorf, Garstedt, G\u00f6denstorf, Luhm\u00fchlen und Toppenstedt ist ruhig. Alle Orte der Samtgemeinde Salzhausen verf\u00fcgen \u00fcber sch\u00f6ne Wohnviertel, die vor allem von einer ansprechenden Einzelhausbebauung gepr\u00e4gt sind. Sie interessieren sich f\u00fcr unser Leistungsangebot und haben deshalb unsere Website besucht? Das freut uns sehr. Unser freundliches Spezialistenteam nimmt gerne Ihren Anruf entgegen oder beantwortet Ihre E-Mail.<\/p>","popseo_zusatztext":"<h3>Wir haben die Kosten im Blick<\/h3>\n<p>Sie interessieren sich f\u00fcr eine Kellertrockenlegung oder eine Sanierungsarbeit an Mauern bzw. W\u00e4nden und w\u00fcnschen sich ein passendes Angebot, das eine handwerklich gute Arbeit garantiert, gleichzeitig aber keine hohen Kosten verursacht. Toll, in diesem Fall sind Sie bei uns an der richtigen Adresse. Als Fachbetrieb f\u00fcr Bauwerksabdichtung, Kellersanierung und Schimmelbeseitigung verarbeiten wir ausnahmslos ausgezeichnete Materialien. Nichtsdestotrotz schauen wir nat\u00fcrlich auf die Kosten, die selbstverst\u00e4ndlich \u00fcberschaubar bleiben sollen. Wir m\u00f6chten Ihnen Qualit\u00e4t bieten, die zugleich auch die Kosten im Blick hat. Bei uns stimmen Kosten und Qualit\u00e4t: Bereits seit vielen Jahren sind wir Ihr erfahrener Fachbetrieb f\u00fcr Sanierungs- und Trocknungsarbeiten in Norddeutschland. Unser Unternehmenssitz befindet sich verkehrsg\u00fcnstig in Brietlingen bei L\u00fcndeburg. Die Kosten stets vor Augen: Wir versprechen Ihnen eine sachkundig durchgef\u00fchrte Sanierungsarbeit nach dem immer aktuellsten Stand der Technik.<\/p>\n<h3>Die Kosten stets vor Augen<\/h3>\n<p>D\u00fcrfen wir Sie informieren, wie Sie die Kosten f\u00fcr eine Sanierung senken k\u00f6nnen? Toll, dann z\u00f6gern Sie bitte nicht und nehmen am besten noch heute Kontakt mit uns auf. Ein kurzer Anruf oder auch eine schnelle Mail gen\u00fcgen. Eine optimale Beratung ist genauso wichtig wie die fachgerechte Ausf\u00fchrung der entprechenden Arbeiten. Unsere fachliche Beratung ist selbstverst\u00e4ndlich v\u00f6llig unverbindlich. Beste Qualit\u00e4t bei \u00fcberschaubaren Kosten: Wir empfehlen uns als spezialisiertes Fachunternehmen im Norden. Unsere jahrelange Erfahrung zeichnet uns aus.<br \/>\nSenken Sie die Kosten f\u00fcr Ihre Geb\u00e4udesanierung: Setzen Sie auf die Profis der Fachfirma Keul.<\/p>","popseo_links":"<a href=\"https:\/\/bautenschutz-keul.de\/angebote\/schimmelbeseitigung-adendorf\/\">Schimmelbeseitigung Adendorf<\/a>, <a href=\"https:\/\/bautenschutz-keul.de\/angebote\/schimmelbeseitigung-brietlingen\/\">Schimmelbeseitigung Brietlingen<\/a>, <a href=\"https:\/\/bautenschutz-keul.de\/angebote\/rissverpressung-amt-neuhaus\/\">Rissverpressung Amt Neuhaus<\/a>, <a href=\"https:\/\/bautenschutz-keul.de\/angebote\/innenabdichtung-ebstorf\/\">Innenabdichtung Ebstorf<\/a>, <a href=\"https:\/\/bautenschutz-keul.de\/angebote\/kellersanierung-maschen\/\">Kellersanierung Maschen<\/a>, <a href=\"https:\/\/bautenschutz-keul.de\/angebote\/horizontalsperre-bergedorf-wentorf\/\">Horizontalsperre Bergedorf Wentorf<\/a>, <a href=\"https:\/\/bautenschutz-keul.de\/angebote\/feuchte-mauer-seevetal-rosengarten\/\">Feuchte Mauer Seevetal Rosengarten<\/a>, <a href=\"https:\/\/bautenschutz-keul.de\/angebote\/aufsteigende-feuchtigkeit-geesthacht\/\">aufsteigende Feuchtigkeit Geesthacht<\/a>, <a href=\"https:\/\/bautenschutz-keul.de\/angebote\/kellerabdichtung-salzhausen\/\">Kellerabdichtung Salzhausen<\/a>, <a href=\"https:\/\/bautenschutz-keul.de\/angebote\/feuchte-mauer-winsen-luhe\/\">Feuchte Mauer Winsen Luhe<\/a>, <a href=\"https:\/\/bautenschutz-keul.de\/angebote\/feuchtigkeitsschaden-geesthacht\/\">Feuchtigkeitsschaden Geesthacht<\/a>, <a href=\"https:\/\/bautenschutz-keul.de\/angebote\/kellertrockenlegung-bardowick\/\">Kellertrockenlegung Bardowick<\/a>, <a href=\"https:\/\/bautenschutz-keul.de\/angebote\/feuchtigkeitsschaden-seevetal-rosengarten\/\">Feuchtigkeitsschaden Seevetal Rosengarten<\/a>, <a href=\"https:\/\/bautenschutz-keul.de\/angebote\/kellertrockenlegung-jesteburg\/\">Kellertrockenlegung Jesteburg<\/a>, <a href=\"https:\/\/bautenschutz-keul.de\/angebote\/salpeter-im-keller-maschen\/\">Salpeter im Keller Maschen<\/a>, <a href=\"https:\/\/bautenschutz-keul.de\/angebote\/kellerabdichtung-reinbek-aumuehle\/\">Kellerabdichtung Reinbek Aum\u00fchle<\/a>, <a href=\"https:\/\/bautenschutz-keul.de\/angebote\/mauertrockenlegung-ebstorf\/\">Mauertrockenlegung Ebstorf<\/a>, <a href=\"https:\/\/bautenschutz-keul.de\/angebote\/feuchter-keller-winsen-luhe\/\">Feuchter Keller Winsen Luhe<\/a>, <a href=\"https:\/\/bautenschutz-keul.de\/angebote\/bauwerksabdichtung-buechen\/\">Bauwerksabdichtung B\u00fcchen<\/a>, <a href=\"https:\/\/bautenschutz-keul.de\/angebote\/feuchter-keller-bardowick\/\">Feuchter Keller Bardowick<\/a>, <a href=\"https:\/\/bautenschutz-keul.de\/angebote\/zerstoerter-putz-herzogtum-lauenburg\/\">zerst\u00f6rter Putz Herzogtum Lauenburg<\/a>, <a href=\"https:\/\/bautenschutz-keul.de\/angebote\/rissverpressung-bispingen\/\">Rissverpressung Bispingen<\/a>, <a href=\"https:\/\/bautenschutz-keul.de\/angebote\/schimmel-reinbek-aumuehle\/\">Schimmel Reinbek Aum\u00fchle<\/a>, <a href=\"https:\/\/bautenschutz-keul.de\/angebote\/horizontalsperre-adendorf\/\">Horizontalsperre Adendorf<\/a>, <a href=\"https:\/\/bautenschutz-keul.de\/angebote\/feuchtigkeit-hanstedt\/\">Feuchtigkeit Hanstedt<\/a>, <a href=\"https:\/\/bautenschutz-keul.de\/angebote\/aussenabdichtung-stelle\/\">Au\u00dfenabdichtung Stelle<\/a>, <a href=\"https:\/\/bautenschutz-keul.de\/angebote\/kellersanierung-seevetal-rosengarten\/\">Kellersanierung Seevetal Rosengarten<\/a>, <a href=\"https:\/\/bautenschutz-keul.de\/angebote\/feuchte-mauer-boizenburg\/\">Feuchte Mauer Boizenburg<\/a>"},"_links":{"self":[{"href":"https:\/\/bautenschutz-keul.de\/angebote\/wp-json\/wp\/v2\/pages\/621","targetHints":{"allow":["GET"]}}],"collection":[{"href":"https:\/\/bautenschutz-keul.de\/angebote\/wp-json\/wp\/v2\/pages"}],"about":[{"href":"https:\/\/bautenschutz-keul.de\/angebote\/wp-json\/wp\/v2\/types\/page"}],"author":[{"embeddable":true,"href":"https:\/\/bautenschutz-keul.de\/angebote\/wp-json\/wp\/v2\/users\/1"}],"replies":[{"embeddable":true,"href":"https:\/\/bautenschutz-keul.de\/angebote\/wp-json\/wp\/v2\/comments?post=621"}],"version-history":[{"count":0,"href":"https:\/\/bautenschutz-keul.de\/angebote\/wp-json\/wp\/v2\/pages\/621\/revisions"}],"wp:attachment":[{"href":"https:\/\/bautenschutz-keul.de\/angebote\/wp-json\/wp\/v2\/media?parent=621"}],"curies":[{"name":"wp","href":"https:\/\/api.w.org\/{rel}","templated":true}]}}