{"id":624,"date":"2021-09-13T08:44:40","date_gmt":"2021-09-13T06:44:40","guid":{"rendered":"https:\/\/bautenschutz-keul.de\/angebote\/schimmelsanierung-stelle\/"},"modified":"2021-09-13T08:44:40","modified_gmt":"2021-09-13T06:44:40","slug":"schimmelsanierung-stelle","status":"publish","type":"page","link":"https:\/\/bautenschutz-keul.de\/angebote\/schimmelsanierung-stelle\/","title":{"rendered":"Schimmelsanierung &#8211; Stelle"},"content":{"rendered":"<h3>Nachfolgend finden Sie einige Informationen zur Schimmelsanierung:<\/h3>\n<p>Die vollumf\u00e4ngliche Schimmelsanierung ist ein Thema, dass Hausbewohner, deren Immobilie Zeichen von Schimmelbefall hat, dringend angehen sollten. Der Spezialist kennt viele Vorgehensweisen der Schimmelbeseitigung. Die langfristige Beseitigung von Schimmel ist eine Aufgabe f\u00fcr den Profi. Gerade ein beschlagener Fachmann hat Kenntnisse \u00fcber die Ursachen f\u00fcr die Entstehung von Schimmel und h\u00e4lt in der Regel spezielle Anwendungen bereit, die auf lange Zeit neuerlichen Schimmelbefall verhindern. Zu beachten ist, dass nicht nur aktuell vorhandener Schimmel vernichtet wird. Insbesondere sollte es Ziel sein, dass Schimmelbefall effektiv und auf lange Zeit bek\u00e4mpft wird. <\/p>\n<h3>Schimmelsanierung vom Profi<\/h3>\n<p>Eine nachhaltige Schimmelsanierung beinhaltet prinzipiell gleich eine Menge von erforderlichen Arbeiten. Neben eventuellen Instandsetzungen an W\u00e4nden, Mauern, D\u00e4chern und Hausfassaden sind vielfach auch D\u00e4mmungen zu ersetzen oder auch defekte Abdichtungen zu ersetzen. Um langfristig einen Neubefall zu stoppen, sollten nicht selten auch Innen- und Au\u00dfenw\u00e4nde trockengelegt werden. Als routiniertes Fachunternehmen geh\u00f6rt die Schimmelsanierung zu unseren standardm\u00e4\u00dfigen T\u00e4tigkeiten. Genau und sachkundig analysieren wir zun\u00e4chst den Schadensgrund. Nach der Schadensfeststellung entwerfen wir f\u00fcr Sie ein umfassendes Programm f\u00fcr eine wirkungsvolle Schimmelsanierung. Die Schimmelbeseitigung beginnt zumeist mit einer ausgiebigen S\u00e4uberung der betroffenen Mauern und B\u00f6den. Auch ein kompletter Materialaustausch ist manchmal angezeigt. Mit Hilfe von geeigneten Verputzmaterialien und schimmelresistenten Farben erzielt man im Rahmen der Sanierungsarbeit oft schon beachtliche Ergebnisse.<\/p>\n","protected":false},"excerpt":{"rendered":"<p>Nachfolgend finden Sie einige Informationen zur Schimmelsanierung: Die vollumf\u00e4ngliche Schimmelsanierung ist ein Thema, dass Hausbewohner, deren Immobilie Zeichen von Schimmelbefall hat, dringend angehen sollten. Der Spezialist kennt viele Vorgehensweisen der Schimmelbeseitigung. Die langfristige Beseitigung von Schimmel ist eine Aufgabe f\u00fcr den Profi. Gerade ein beschlagener Fachmann hat Kenntnisse \u00fcber die Ursachen f\u00fcr die Entstehung von [&hellip;]<\/p>\n","protected":false},"author":1,"featured_media":0,"parent":0,"menu_order":0,"comment_status":"closed","ping_status":"closed","template":"","meta":{"footnotes":""},"class_list":["post-624","page","type-page","status-publish","hentry"],"meta_box":{"popseo_subtitel":"Wir sind Ihr Partner f\u00fcr die Schimmelsanierung im Raum Stelle","popseo_subtitel2":"Eine professionell durchgef\u00fchrte Schimmelsanierung durch die geschulten Experten unseres Unternehmens","popseo_lasttitel":"Schimmelsanierung: F\u00fcr weitere Informationen sprechen Sie uns bitte an","popseo_region":"Stelle","popseo_sachwort":"Schimmelsanierung","popseo_noupdate":"","popseo_einleitungstext":"<p>Wenn es um Geb\u00e4udeabdichtung geht, sind Sie bei der Firma TK-Geb\u00e4udetechnik exakt an der richtigen Adresse. Seit unserer Gr\u00fcndung sind wir Ihre lokalen Experten f\u00fcr die Kellerabdichtung, f\u00fcr wirkungsvolle Methoden gegen aufsteigende Feuchtigkeit und das Setzen von Horizontalsperren. Wir ermitteln den aktuellen Zustand von W\u00e4nden und Mauern und zeigen Ihnen Wege auf, wie Sie die Bausubstanz Ihrer Immobilie dauerhaft sch\u00fctzen k\u00f6nnen. Auf diesen Seiten haben wir einige erste Informationen f\u00fcr Sie zusammengestellt.<\/p>","popseo_schlusstext":"<p>Sie suchen einen Experten f\u00fcr die Bauwerksabdichtung. Klasse, dass Sie auf uns aufmerksam geworden sind. Worauf Sie neben unserer fachlichen Expertise setzen d\u00fcrfen: Unsere erfahrenen Spezialisten arbeiten motiviert und gewissenhaft f\u00fcr Ihren Erfolg. Wir freuen uns sehr, wenn wir Sie in einem unverbindlichen Beratungsgespr\u00e4ch \u00fcber die vielen Alternativen, die sich Ihnen bieten, informieren d\u00fcrfen. Schreiben Sie uns einfach eine Mail oder rufen Sie uns an. Wir freuen uns auf Sie!<\/p>","popseo_stadttext":"<h3>Unsere Dienstleistungen auch f\u00fcr Kunden aus Stelle<\/h2>\n<p>Unser Gesch\u00e4ftsbereich umfasst auch Stelle. Durch unsere Gesch\u00e4ftst\u00e4tigkeit haben wir uns einen guten \u00dcberblick \u00fcber die Architektur der Gemeinden und St\u00e4dte unseres Vertriebsgebietes machen k\u00f6nnen. Wir f\u00fchlen uns der Region verpflichtet und freuen uns dar\u00fcber, auch einen Teil zur gesunden Infrastruktur der Gemeinde beizusteuern zu k\u00f6nnen.  <\/p>\n<h3>Einige interessante Informationen \u00fcber Stelle<\/h3>\n<p>In der zum Landkreis Harburg geh\u00f6renden Gemeinde Stelle leben in Summe gut 11.000 Anwohner auf einer Fl\u00e4che von rund 38 qkm. Unmittelbar an Hamburg angrenzend, z\u00e4hlt Stelle zum sogenannten \u201eSpeckg\u00fcrtel\u201c der Freien und Hansestadt. Die Bev\u00f6lkerungsdichte mit 288 Bewohnern pro Quadratkilometer ist nicht sonderlich hoch, was den Ort zu einer bevorzugten Wohngegend macht. Einige sch\u00f6ne Siedlungen mit einer h\u00fcbschen Bebauung machen Stelle insbesondere f\u00fcr Familien attraktiv. Leben in einem fast d\u00f6rflichen Umfeld, dabei die Gro\u00dfstadt unmittelbar vor der Haust\u00fcr  \u2013 ein Lebensentwurf, der f\u00fcr viele Menschen attraktiv ist. Ungez\u00e4hlte W\u00e4lder und Wiesen verleihen der Stadt einen streckenweise fast bukolischen Charakter. Das lokale Wirtschaftsleben von Stelle ist dominiert von kleinen und mittelst\u00e4ndigen Betrieben. <\/p>\n<p>Stelle ist f\u00fcr Berufspendler besonders gut ideal. Wer seinen Arbeitsplatz in Hamburg hat, genie\u00dft das durchaus beschauliche Leben in der Peripherie. Stelle verf\u00fcgt \u00fcber zahlreiche beruhigte Wohngebiete, die von einer ansprechenden Einzelhausbebauung bestimmt sind. <\/p>\n<h4>Unsere Leistung f\u00fcr qualit\u00e4tsbewusste Kunden aus Stelle<\/h4>\n<p>Gerne werden wir auch f\u00fcr Sie im Raum Stelle t\u00e4tig. D\u00fcrfen wir Sie n\u00e4her informieren? Kontaktieren sie uns per Telefon oder schreiben Sie uns eine Mail. Wir freuen uns auf das Gespr\u00e4ch mit Ihnen! Das Team unseres Fachbetriebes ist eingespielt und arbeitet perfekt \u201eHand in Hand\u201c.<\/p>","popseo_zusatztext":"<h3>Wir haben die Kosten im Blick<\/h3>\n<p>Sie interessieren sich f\u00fcr eine Kellertrockenlegung oder eine Sanierungsarbeit an Mauern bzw. W\u00e4nden und m\u00f6chten gerne ein individuelles Angebot, das eine qualitativ gute Arbeit garantiert, gleichwohl keine hohen Kosten verursacht. Super, in diesem Fall sind Sie bei uns genau richtig. Als Spezialist f\u00fcr Bauwerksabdichtung, Schimmelbeseitigung und Kellersanierung verarbeiten wir ausschlie\u00dflich ausgezeichnete Materialien. Gleichwohl achten wir stets auf die Kosten, die nat\u00fcrlich nicht zu hoch sein sollen. Wir m\u00f6chten Ihnen Qualit\u00e4t bieten, die zugleich auch die Kosten im Blick hat. Bei uns stimmen Kosten und Leistung: Schon seit etlichen Jahren sind wir Ihr qualifizierter Partner f\u00fcr Trocknungs- und Sanierungsarbeiten im norddeutschen Raum. Unser Standort liegt verkehrsg\u00fcnstig in Brietlingen bei L\u00fcndeburg. Die Kosten stets im Blick: Wir garantieren eine einwandfrei ausgef\u00fchrte Sanierungsarbeit nach dem immer derzeitigen Stand der Technik.<\/p>\n<h3>Hochwertige Arbeit, geringe Kosten!<\/h3>\n<p>D\u00fcrfen wir Sie beraten, wie Sie die Kosten f\u00fcr eine Sanierung senken k\u00f6nnen? Toll, dann warten Sie bitte nicht und nehmen am besten gleich heute Verbindung mit uns auf. Ein kurzer Telefonanruf oder eine kurze Email gen\u00fcgen. Eine optimale Beratung ist genauso wichtig wie die sachgem\u00e4\u00dfe Projektausf\u00fchrung. Unsere fachliche Beratung ist selbstverst\u00e4ndlich v\u00f6llig unverbindlich. Qualit\u00e4tsbewusst bei niedrigen Kosten: Wir empfehlen uns als spezialisiertes Unternehmen im Norden. Unsere jahrelange Erfahrung zeichnet uns aus.<br \/>\nVerringern Sie die Kosten f\u00fcr Ihr Sanierungsprojekt: Setzen Sie auf die Profis der Fachfirma Keul.<\/p>","popseo_links":"<a href=\"https:\/\/bautenschutz-keul.de\/angebote\/horizontalsperre-bergedorf-wentorf\/\">Horizontalsperre Bergedorf Wentorf<\/a>, <a href=\"https:\/\/bautenschutz-keul.de\/angebote\/mauertrockenlegung-harburg\/\">Mauertrockenlegung Harburg<\/a>, <a href=\"https:\/\/bautenschutz-keul.de\/angebote\/bauwerksabdichtung-amelinghausen\/\">Bauwerksabdichtung Amelinghausen<\/a>, <a href=\"https:\/\/bautenschutz-keul.de\/angebote\/kellersanierung-boizenburg\/\">Kellersanierung Boizenburg<\/a>, <a href=\"https:\/\/bautenschutz-keul.de\/angebote\/kellertrockenlegung-seevetal-rosengarten\/\">Kellertrockenlegung Seevetal Rosengarten<\/a>, <a href=\"https:\/\/bautenschutz-keul.de\/angebote\/kellertrockenlegung-geesthacht\/\">Kellertrockenlegung Geesthacht<\/a>, <a href=\"https:\/\/bautenschutz-keul.de\/angebote\/rissverpressung-seevetal-rosengarten\/\">Rissverpressung Seevetal Rosengarten<\/a>, <a href=\"https:\/\/bautenschutz-keul.de\/angebote\/kellersanierung-buechen\/\">Kellersanierung B\u00fcchen<\/a>, <a href=\"https:\/\/bautenschutz-keul.de\/angebote\/mauertrockenlegung-brietlingen\/\">Mauertrockenlegung Brietlingen<\/a>, <a href=\"https:\/\/bautenschutz-keul.de\/angebote\/feuchte-wand-amt-neuhaus\/\">Feuchte Wand Amt Neuhaus<\/a>, <a href=\"https:\/\/bautenschutz-keul.de\/angebote\/feuchtigkeitsschaden-amelinghausen\/\">Feuchtigkeitsschaden Amelinghausen<\/a>, <a href=\"https:\/\/bautenschutz-keul.de\/angebote\/mauertrockenlegung-schwarzenbek\/\">Mauertrockenlegung Schwarzenbek<\/a>, <a href=\"https:\/\/bautenschutz-keul.de\/angebote\/innenabdichtung-geesthacht\/\">Innenabdichtung Geesthacht<\/a>, <a href=\"https:\/\/bautenschutz-keul.de\/angebote\/feuchte-wand-reppenstedt\/\">Feuchte Wand Reppenstedt<\/a>, <a href=\"https:\/\/bautenschutz-keul.de\/angebote\/schimmel-hanstedt\/\">Schimmel Hanstedt<\/a>, <a href=\"https:\/\/bautenschutz-keul.de\/angebote\/bauwerksabdichtung-reppenstedt\/\">Bauwerksabdichtung Reppenstedt<\/a>, <a href=\"https:\/\/bautenschutz-keul.de\/angebote\/feuchtigkeit-bispingen\/\">Feuchtigkeit Bispingen<\/a>, <a href=\"https:\/\/bautenschutz-keul.de\/angebote\/kellerabdichtung-reppenstedt\/\">Kellerabdichtung Reppenstedt<\/a>, <a href=\"https:\/\/bautenschutz-keul.de\/angebote\/kellerabdichtung-schwarzenbek\/\">Kellerabdichtung Schwarzenbek<\/a>, <a href=\"https:\/\/bautenschutz-keul.de\/angebote\/mauertrockenlegung-stelle\/\">Mauertrockenlegung Stelle<\/a>, <a href=\"https:\/\/bautenschutz-keul.de\/angebote\/schimmel-uelzen\/\">Schimmel Uelzen<\/a>, <a href=\"https:\/\/bautenschutz-keul.de\/angebote\/kellertrockenlegung-bispingen\/\">Kellertrockenlegung Bispingen<\/a>, <a href=\"https:\/\/bautenschutz-keul.de\/angebote\/mauertrockenlegung-bardowick\/\">Mauertrockenlegung Bardowick<\/a>, <a href=\"https:\/\/bautenschutz-keul.de\/angebote\/feuchte-wand-buechen\/\">Feuchte Wand B\u00fcchen<\/a>, <a href=\"https:\/\/bautenschutz-keul.de\/angebote\/rissverpressung-uelzen\/\">Rissverpressung Uelzen<\/a>, <a href=\"https:\/\/bautenschutz-keul.de\/angebote\/feuchtigkeit-jesteburg\/\">Feuchtigkeit Jesteburg<\/a>, <a href=\"https:\/\/bautenschutz-keul.de\/angebote\/schimmel-amelinghausen\/\">Schimmel Amelinghausen<\/a>, <a href=\"https:\/\/bautenschutz-keul.de\/angebote\/feuchter-keller-reinbek-aumuehle\/\">Feuchter Keller Reinbek Aum\u00fchle<\/a>"},"_links":{"self":[{"href":"https:\/\/bautenschutz-keul.de\/angebote\/wp-json\/wp\/v2\/pages\/624","targetHints":{"allow":["GET"]}}],"collection":[{"href":"https:\/\/bautenschutz-keul.de\/angebote\/wp-json\/wp\/v2\/pages"}],"about":[{"href":"https:\/\/bautenschutz-keul.de\/angebote\/wp-json\/wp\/v2\/types\/page"}],"author":[{"embeddable":true,"href":"https:\/\/bautenschutz-keul.de\/angebote\/wp-json\/wp\/v2\/users\/1"}],"replies":[{"embeddable":true,"href":"https:\/\/bautenschutz-keul.de\/angebote\/wp-json\/wp\/v2\/comments?post=624"}],"version-history":[{"count":0,"href":"https:\/\/bautenschutz-keul.de\/angebote\/wp-json\/wp\/v2\/pages\/624\/revisions"}],"wp:attachment":[{"href":"https:\/\/bautenschutz-keul.de\/angebote\/wp-json\/wp\/v2\/media?parent=624"}],"curies":[{"name":"wp","href":"https:\/\/api.w.org\/{rel}","templated":true}]}}