{"id":627,"date":"2021-09-13T08:44:40","date_gmt":"2021-09-13T06:44:40","guid":{"rendered":"https:\/\/bautenschutz-keul.de\/angebote\/schimmelsanierung-winsen-luhe\/"},"modified":"2021-09-13T08:44:40","modified_gmt":"2021-09-13T06:44:40","slug":"schimmelsanierung-winsen-luhe","status":"publish","type":"page","link":"https:\/\/bautenschutz-keul.de\/angebote\/schimmelsanierung-winsen-luhe\/","title":{"rendered":"Schimmelsanierung &#8211; Winsen Luhe"},"content":{"rendered":"<h3>Nachfolgend finden Sie einige Informationen zur Schimmelsanierung:<\/h3>\n<p>Die komplette Schimmelsanierung ist ein Thema, dass Hausbesitzer, deren Haus Zeichen von Schimmelbefall hat, auf jeden Fall angehen m\u00fcssen. Der Fachmann kennt viele Vorgehensweisen der Schimmelbeseitigung. Die Schimmelsanierung ist eine Angelegenheit f\u00fcr den Spezialisten. Nur ein routinierter Experte kennt die Gr\u00fcnde f\u00fcr die Entstehung von Schimmel und h\u00e4lt gleichzeitig geeignete Methoden bereit, die auf lange Zeit erneuten Schimmelbefall verhindern. Wichtig ist, dass nicht nur neu auftretender Schimmel beseitigt wird. Prim\u00e4r muss es Ziel sein, dass Schimmelbefall effektiv und dauerhaft verhindert wird. <\/p>\n<h3>Eine wirkungsvolle Schimmelsanierung ist kein Problem f\u00fcr einen Fachbetrieb<\/h3>\n<p>Eine wirksame Schimmelsanierung enth\u00e4lt im Allgemeinen gleich eine Menge von erforderlichen Arbeiten. Neben potentiellen Reparaturen an W\u00e4nden, Mauern, D\u00e4chern und Fassaden sind vielfach auch Isolierungen zu ersetzen oder defekte Abdichtungen auszutauschen. Um langfristig einen Neubefall zu verhindern, m\u00fcssen nicht selten auch Innen- und Au\u00dfenw\u00e4nde trockengelegt werden. Als routiniertes Unternehmen vom Fach geh\u00f6rt die Schimmelsanierung zu unseren wiederkehrenden Aufgaben. Gewissenhaft und sachkundig analysieren wir zun\u00e4chst die Schadensursache. Nach der Schadensermittlung entwerfen wir f\u00fcr Sie ein komplettes Programm f\u00fcr eine effektive Probleml\u00f6sung. Die Schimmelbeseitigung beginnt oftmals mit einer gr\u00fcndlichen S\u00e4uberung der betroffenen W\u00e4nde und Fu\u00dfb\u00f6den. Auch ein vollst\u00e4ndiger Materialaustausch ist manchmal angezeigt. Mit Hilfe von geeigneten Verputzmaterialien und schimmelabweisenden Farben erreicht man im Rahmen der Sanierungsarbeit oft bereits ausgezeichnetete Ergebnisse.<\/p>\n","protected":false},"excerpt":{"rendered":"<p>Nachfolgend finden Sie einige Informationen zur Schimmelsanierung: Die komplette Schimmelsanierung ist ein Thema, dass Hausbesitzer, deren Haus Zeichen von Schimmelbefall hat, auf jeden Fall angehen m\u00fcssen. Der Fachmann kennt viele Vorgehensweisen der Schimmelbeseitigung. Die Schimmelsanierung ist eine Angelegenheit f\u00fcr den Spezialisten. Nur ein routinierter Experte kennt die Gr\u00fcnde f\u00fcr die Entstehung von Schimmel und h\u00e4lt [&hellip;]<\/p>\n","protected":false},"author":1,"featured_media":0,"parent":0,"menu_order":0,"comment_status":"closed","ping_status":"closed","template":"","meta":{"footnotes":""},"class_list":["post-627","page","type-page","status-publish","hentry"],"meta_box":{"popseo_subtitel":"Die Firma TK-Geb\u00e4udetechnik Thorsten Keul ist Ihr Partner f\u00fcr die Schimmelsanierung in Winsen Luhe","popseo_subtitel2":"Eine wirksame Schimmelsanierung durch die erfahrenen Fachkr\u00e4fte unserer Firma","popseo_lasttitel":"Schimmelsanierung: Sie haben Fragen? Dann melden Sie sich bei uns","popseo_region":"Winsen Luhe","popseo_sachwort":"Schimmelsanierung","popseo_noupdate":"","popseo_einleitungstext":"<p>Sie haben sich mit der Bauwerksabdichtung auseinandergesetzt, da Ihr Wohn- oder Gesch\u00e4ftshaus feuchte Geb\u00e4udebereiche aufweist und Sie nach Methoden einer wirkungsvollen und professionellen Sanierung Ausschau halten. Toll, dass Sie unsere Website entdeckt haben. Auf den folgenden Seiten m\u00f6chten wir Ihnen n\u00e4here Informationen zu unserem Leistungsspektrum geben. Sie lernen auf dieser Internetseite unsere Firma n\u00e4her kennen. <\/p>\n<p>Die Firma TK-Geb\u00e4udetechnik Thorsten Keul ist ein qualifizierter und erfahrener Handwerksbetrieb mit Gesch\u00e4ftsssitz in Brietlingen bei L\u00fcneburg. Bereits seit vielen Jahren sind wir Ihr Spezialist f\u00fcr alle Fragen rund um Geb\u00e4udeabdichtung. Wir setzen ausschlie\u00dflich effektive und praxisbew\u00e4hrte Sanierungssysteme und -methoden ein. Als Fachbetrieb f\u00fcr Abdichtung und Sanierung schauen wir auf eine lange und intensive Berufserfahrung zur\u00fcck. Unsere engagierten Spezialisten informieren Sie sehr gerne im Detail.<\/p>","popseo_schlusstext":"<p>Sie haben eine Frage zu unseren Leistungen? Wenn Sie m\u00f6chten, informieren wir Sie n\u00e4her \u00fcber unser gesamtes T\u00e4tigkeitsspektrum. Mit Vergn\u00fcgen nennen wir Ihnen einige Referenzprojekte, die Ihnen einen Einblick in unsere Firment\u00e4tigkeit geben. Rufen Sie uns doch einfach einmal an oder schreiben Sie uns eine E-Mail. Unser freundliches Team arbeitet fachkundig und immer kundenorientiert. W\u00e4hlen Sie bitte: <\/p>\n<p>04133 \u2013 22 37 940<\/p>","popseo_stadttext":"<h3>Unser Einzugsbereich umfasst auch Winsen (Luhe)<\/h3>\n<p>Winsen (Luhe) ist eine Stadt aus der Metropolregion Hamburg. Die Kreisstadt des Kreises Harburg hat 32.000 Einwohner und streckt sich \u00fcber ein Gebiet von 109 Quadratkilometer. Winsen (Luhe) ist ideal gelegen. In die norddeutsche Metropole Hamburg sind es nur rund 30 Kilometer, L\u00fcneburg erreicht man schon nach zirka 20 Kilometern. Winsen (Luhe) besteht in der heutigen Struktur seit dem Jahre 1972. Damals wurden 13 selbstst\u00e4ndige Ortschaften zur Gesamtgemeinde Winsen (Luhe) zusammengef\u00fchrt.  <\/p>\n<p>Durch unsere Vertriebst\u00e4tigkeit haben wir uns einen guten \u00dcberblick \u00fcber die Architektur der Gemeinden und St\u00e4dte unseres Einzugsbereiches erarbeiten k\u00f6nnen. Selbstverst\u00e4ndlich geh\u00f6rt auch Winsen (Luhe) zu unserem unmittelbaren Vertriebsgebiet. Wir freuen uns darauf, mit Ihnen in Kontakt zu kommen. <\/p>\n<h3>Einige Informationen zur Stadt Winsen (Luhe)<\/h3>\n<p>Obwohl Winsen (Luhe) durchaus als eine Pendlerstadt gelten darf, ist das mittelst\u00e4ndisch orientierte Wirtschaftsleben erstaunlich. Viele Unternehmen unter anderem aus den Branchen Maschinenbau, Pharma, Logistik und Bauwesen haben sich in Winsen (Luhe) niedergelassen. Wer von den Einwohnern aus Winsen (Luhe) nicht in einer Firma seines Heimatortes besch\u00e4ftigt ist, pendelt in der Regel in die Gro\u00dfstadt Hamburg. Mit dem Auto f\u00e4hrt man \u00fcber die Bundesautobahn A39 nach Winsen (Luhe). Die Schnellstra\u00dfe ist mit der A7 und der A1 verbunden. Wer die Bundesbahn vorzieht, erreicht Winsen (Luhe) \u00fcber das Streckennetz Hamburg-Hannover. Au\u00dferdem bietet der Metronom eine viel genutzte Regionallinie an. <\/p>\n<h3>Winsen (Luhe) hat Charme!<\/h3>\n<p>Menschen, die das etwas ruhigere Leben in einer kleinen Ortschaft der Hektik einer Gro\u00dfstadt vorziehen, finden in Winsen (Luhe) hervorragende Bedingungen vor. Die Infrastruktur in Winsen (Luhe) haut hin! Gute Shoppingm\u00f6glichkeiten, ein mehr als befriedigendes Sport- und Freizeitangebot und eine sch\u00f6ne Umgebung sind Pluspunkte, die Winsen (Luhe) auf der Habenseite verbuchen kann. Auch Familien wertsch\u00e4tzen die Stadt: Alle Schularten und eine befriedigende Zahl an Kitas stehen in Winsen (Luhe) zur Verf\u00fcgung. <\/p>\n<h4>Wir f\u00fcr Sie in Winsen (Luhe)!<\/h4>\n<p>Prima, das Sie unsere Internetseite entdeckt haben. Wenn Sie eine erfahrene Fachfirma suchen, sind Sie bei uns an der richtigen Adresse. Sie m\u00f6chten mehr \u00fcber uns erfahren? F\u00fcr R\u00fcckfragen stehen wir Ihnen jederzeit zur Verf\u00fcgung. Unser engagiertes Team freut sich auf Sie.<\/p>","popseo_zusatztext":"<h3>Keine Angst vor hohen Kosten<\/h3>\n<p>Sie sind interessiert an Trocknungs- oder Sanierungsarbeiten und m\u00f6chten gerne ein passendes Angebot, das eine qualitativ gute Arbeit garantiert, gleichwohl die Kosten im Blick hat. Prima, dann sind Sie bei uns an der richtigen Adresse. Als Spezialist f\u00fcr Schimmelbeseitigung, Geb\u00e4udeabdichtung und Kellersanierung verwenden wir ausschlie\u00dflich ausgezeichnete Materialien. Nichtsdestotrotz schauen wir stets auf die Kosten, die selbstverst\u00e4ndlich \u00fcberschaubar bleiben sollen. Wir m\u00f6chten Ihnen beste Qualit\u00e4t anbieten, die trotzdem auch die Kosten im Blick hat. Bei uns stimmen Kosten und Leistung: Schon seit etlichen Jahren sind wir Ihr qualifizierter Partner f\u00fcr Trocknungs- und Sanierungsarbeiten in Norddeutschland. Unser Standort liegt verkehrsg\u00fcnstig in Brietlingen bei L\u00fcndeburg. Die Kosten stets im Blick: Wir sorgen f\u00fcr eine professionell durchgef\u00fchrte Arbeit nach dem immer derzeitigen Stand der Technik.<\/p>\n<h3>Trocknung und Sanierung durch die Firma Wist: Beste Arbeit, geringe Kosten!<\/h3>\n<p>D\u00fcrfen wir Sie beraten, wie Sie die Kosten f\u00fcr eine Sanierung begrenzen k\u00f6nnen? Toll, dann warten Sie bitte nicht und nehmen am besten noch heute Kontakt mit uns auf. Ein kurzer Telefonanruf oder eine kurze Mail gen\u00fcgen. Eine fachm\u00e4nnische Beratung ist genauso wichtig wie die korrekte Projektausf\u00fchrung. Unsere fachliche Beratung ist nat\u00fcrlich absolut unverbindlich. Hochwertige Arbeit bei niedrigen Kosten: Wir empfehlen uns als spezialisiertes Fachunternehmen in Norddeutschland. Unsere langj\u00e4hrige Erfahrung spricht f\u00fcr uns.<br \/>\nVerringern Sie die Kosten f\u00fcr Ihr Sanierungsprojekt: Setzen Sie auf die Profis der Fachfirma Keul.<\/p>","popseo_links":"<a href=\"https:\/\/bautenschutz-keul.de\/angebote\/mauertrockenlegung-geesthacht\/\">Mauertrockenlegung Geesthacht<\/a>, <a href=\"https:\/\/bautenschutz-keul.de\/angebote\/mauertrockenlegung-reinbek-aumuehle\/\">Mauertrockenlegung Reinbek Aum\u00fchle<\/a>, <a href=\"https:\/\/bautenschutz-keul.de\/angebote\/feuchte-wand-bad-bevensen\/\">Feuchte Wand Bad Bevensen<\/a>, <a href=\"https:\/\/bautenschutz-keul.de\/angebote\/zerstoerter-putz-seevetal-rosengarten\/\">zerst\u00f6rter Putz Seevetal Rosengarten<\/a>, <a href=\"https:\/\/bautenschutz-keul.de\/angebote\/kellertrockenlegung-bienenbuettel\/\">Kellertrockenlegung Bienenb\u00fcttel<\/a>, <a href=\"https:\/\/bautenschutz-keul.de\/angebote\/mauertrockenlegung-bispingen\/\">Mauertrockenlegung Bispingen<\/a>, <a href=\"https:\/\/bautenschutz-keul.de\/angebote\/kellertrockenlegung-geesthacht\/\">Kellertrockenlegung Geesthacht<\/a>, <a href=\"https:\/\/bautenschutz-keul.de\/angebote\/innenabdichtung-jesteburg\/\">Innenabdichtung Jesteburg<\/a>, <a href=\"https:\/\/bautenschutz-keul.de\/angebote\/innenabdichtung-buechen\/\">Innenabdichtung B\u00fcchen<\/a>, <a href=\"https:\/\/bautenschutz-keul.de\/angebote\/kellerabdichtung-adendorf\/\">Kellerabdichtung Adendorf<\/a>, <a href=\"https:\/\/bautenschutz-keul.de\/angebote\/feuchte-wand-boizenburg\/\">Feuchte Wand Boizenburg<\/a>, <a href=\"https:\/\/bautenschutz-keul.de\/angebote\/schimmelbeseitigung-harburg\/\">Schimmelbeseitigung Harburg<\/a>, <a href=\"https:\/\/bautenschutz-keul.de\/angebote\/salpeter-im-keller-bergedorf-wentorf\/\">Salpeter im Keller Bergedorf Wentorf<\/a>, <a href=\"https:\/\/bautenschutz-keul.de\/angebote\/schimmel-bad-bevensen\/\">Schimmel Bad Bevensen<\/a>, <a href=\"https:\/\/bautenschutz-keul.de\/angebote\/kellersanierung-brietlingen\/\">Kellersanierung Brietlingen<\/a>, <a href=\"https:\/\/bautenschutz-keul.de\/angebote\/kellersanierung-boizenburg\/\">Kellersanierung Boizenburg<\/a>, <a href=\"https:\/\/bautenschutz-keul.de\/angebote\/horizontalsperre-stelle\/\">Horizontalsperre Stelle<\/a>, <a href=\"https:\/\/bautenschutz-keul.de\/angebote\/kellerabdichtung-harburg\/\">Kellerabdichtung Harburg<\/a>, <a href=\"https:\/\/bautenschutz-keul.de\/angebote\/feuchtigkeit-maschen\/\">Feuchtigkeit Maschen<\/a>, <a href=\"https:\/\/bautenschutz-keul.de\/angebote\/kellertrockenlegung-lueneburg\/\">Kellertrockenlegung L\u00fcneburg<\/a>, <a href=\"https:\/\/bautenschutz-keul.de\/angebote\/schimmelbeseitigung-amelinghausen\/\">Schimmelbeseitigung Amelinghausen<\/a>, <a href=\"https:\/\/bautenschutz-keul.de\/angebote\/rissverpressung-tostedt-sittensen\/\">Rissverpressung Tostedt Sittensen<\/a>, <a href=\"https:\/\/bautenschutz-keul.de\/angebote\/horizontalsperre-boizenburg\/\">Horizontalsperre Boizenburg<\/a>, <a href=\"https:\/\/bautenschutz-keul.de\/angebote\/schimmelbeseitigung-bad-bevensen\/\">Schimmelbeseitigung Bad Bevensen<\/a>, <a href=\"https:\/\/bautenschutz-keul.de\/angebote\/feuchte-mauer-brietlingen\/\">Feuchte Mauer Brietlingen<\/a>, <a href=\"https:\/\/bautenschutz-keul.de\/angebote\/innenabdichtung-herzogtum-lauenburg\/\">Innenabdichtung Herzogtum Lauenburg<\/a>, <a href=\"https:\/\/bautenschutz-keul.de\/angebote\/feuchter-keller-schwarzenbek\/\">Feuchter Keller Schwarzenbek<\/a>, <a href=\"https:\/\/bautenschutz-keul.de\/angebote\/feuchter-keller-stelle\/\">Feuchter Keller Stelle<\/a>"},"_links":{"self":[{"href":"https:\/\/bautenschutz-keul.de\/angebote\/wp-json\/wp\/v2\/pages\/627","targetHints":{"allow":["GET"]}}],"collection":[{"href":"https:\/\/bautenschutz-keul.de\/angebote\/wp-json\/wp\/v2\/pages"}],"about":[{"href":"https:\/\/bautenschutz-keul.de\/angebote\/wp-json\/wp\/v2\/types\/page"}],"author":[{"embeddable":true,"href":"https:\/\/bautenschutz-keul.de\/angebote\/wp-json\/wp\/v2\/users\/1"}],"replies":[{"embeddable":true,"href":"https:\/\/bautenschutz-keul.de\/angebote\/wp-json\/wp\/v2\/comments?post=627"}],"version-history":[{"count":0,"href":"https:\/\/bautenschutz-keul.de\/angebote\/wp-json\/wp\/v2\/pages\/627\/revisions"}],"wp:attachment":[{"href":"https:\/\/bautenschutz-keul.de\/angebote\/wp-json\/wp\/v2\/media?parent=627"}],"curies":[{"name":"wp","href":"https:\/\/api.w.org\/{rel}","templated":true}]}}