{"id":629,"date":"2021-09-13T08:44:40","date_gmt":"2021-09-13T06:44:40","guid":{"rendered":"https:\/\/bautenschutz-keul.de\/angebote\/aufsteigende-feuchtigkeit-amelinghausen\/"},"modified":"2021-09-13T08:44:40","modified_gmt":"2021-09-13T06:44:40","slug":"aufsteigende-feuchtigkeit-amelinghausen","status":"publish","type":"page","link":"https:\/\/bautenschutz-keul.de\/angebote\/aufsteigende-feuchtigkeit-amelinghausen\/","title":{"rendered":"aufsteigende Feuchtigkeit &#8211; Amelinghausen"},"content":{"rendered":"<h3>Schnell und gr\u00fcndlich: Wir helfen bei aufsteigender Feuchtigkeit<\/h3>\n<p>Ein nasses Mauerwerk gef\u00e4hrdet die Bausubstanz einer Immobilie. Grund f\u00fcr aufsteigende Feuchtigkeit kann beispielsweise ein hoher Grundwasserstand sein.<br \/>\nAuch eine ung\u00fcnstige Hanglage eines Geb\u00e4udes kann aufsteigende Feuchtigkeit beg\u00fcnstigen. Wird das Problem rechtzeitig erkannt, l\u00e4sst sich die zu sch\u00fctzende Bausubstanz auf Dauer bewahren. Der Fachmann kennt unterschiedliche Mittel um aufsteigende Feuchtigkeit zu einzud\u00e4mmen. Anzeichen f\u00fcr sind Farbver\u00e4nderungen des Mauerwerks, aufgeweichte Tapeten oder auch ein unangenehm muffiger Geruch. Sogar gef\u00e4hrliche Schimmelentstehung kann die Folge von durchn\u00e4ssten W\u00e4nden sein. <\/p>\n<p>Ist das Fundament eines Hauses nicht fachgerecht abgedichtet, sickert N\u00e4sse in die Mauer ein. Oft sind es \u00e4ltere H\u00e4user, die nicht ausreichend gegen aufsteigende Feuchtigkeit gesch\u00fctzt sind. Aber auch neuere Bauwerke sind nicht immer vor dem Einsickern von Feuchtigkeit gefeit. Nicht vorhandene Abdichtungen und defekte Isolierungen sind vermutlich die am h\u00e4ufigsten genannten Gr\u00fcnde. <\/p>\n<h3>Aufsteigende Feuchtigkeit: Fragen Sie den Sanierungsprofi!<\/h3>\n<p>H\u00e4ufig wirkt eine horizontale, also waagerechte Sperre gegen aufsteigende Feuchtigkeit. Herk\u00f6mmliche Trocknungsmethoden bedeuten immer einen Eingriff in die Bausubstanz. Dieser durchaus nicht zu vernachl\u00e4ssigende Aufwand lohnt sich, falls die fachgerecht verrichtete Arbeit zu einer nachhaltigen Unterdr\u00fcckung von Defiziten durch aufsteigende Feuchtigkeit f\u00fchrt. <\/p>\n<p>Feuchtigkeit gelangt manchmal auch durch kleinste Undichtigkeiten im Baustoff nach oben. Es ist nicht \u00fcbertrieben, falls man sagt, dass aufsteigende Feuchtigkeit sich einen regelrechten Transportweg durch die Fugen der Mauer bahnt. Ein regelrechtes Anzeichen, das aufsteigende Feuchtigkeit zeigt, sind Sch\u00e4den, die auf die unteren Fl\u00e4chen vom Erdgeschoss beschr\u00e4nkt sind. Die Bewertung und die Entfernung des Schadens ist Arbeit f\u00fcr einen Profi. Nur der erfahrene Profi kennt Grund, Wirkung und wei\u00df \u00fcber die Ma\u00dfnahmen zur Schadensregulierung.<\/p>\n","protected":false},"excerpt":{"rendered":"<p>Schnell und gr\u00fcndlich: Wir helfen bei aufsteigender Feuchtigkeit Ein nasses Mauerwerk gef\u00e4hrdet die Bausubstanz einer Immobilie. Grund f\u00fcr aufsteigende Feuchtigkeit kann beispielsweise ein hoher Grundwasserstand sein. Auch eine ung\u00fcnstige Hanglage eines Geb\u00e4udes kann aufsteigende Feuchtigkeit beg\u00fcnstigen. Wird das Problem rechtzeitig erkannt, l\u00e4sst sich die zu sch\u00fctzende Bausubstanz auf Dauer bewahren. Der Fachmann kennt unterschiedliche Mittel [&hellip;]<\/p>\n","protected":false},"author":1,"featured_media":0,"parent":0,"menu_order":0,"comment_status":"closed","ping_status":"closed","template":"","meta":{"footnotes":""},"class_list":["post-629","page","type-page","status-publish","hentry"],"meta_box":{"popseo_subtitel":"Wir sind Ihr Fachanbieter gegen aufsteigende Feuchtigkeit in Amelinghausen","popseo_subtitel2":"Aufsteigende Feuchtigkeit - wir haben die richtige L\u00f6sung f\u00fcr Sie!","popseo_lasttitel":"aufsteigende Feuchtigkeit: Gerne beantworten wir Ihre Fragen!","popseo_region":"Amelinghausen","popseo_sachwort":"aufsteigende Feuchtigkeit","popseo_noupdate":"","popseo_einleitungstext":"<p>Kellerr\u00e4ume, W\u00e4nde oder Mauern Ihres Wohn- oder Gesch\u00e4ftshauses weisen einen Feuchtigkeitsschaden und damit einen echten Sanierungbedarf auf. Dann ist die Zeit gekommen, sich \u00fcber eine fachlich korrekt vorgenommene Trocknung Gedanken zu machen. Unser Handwerksbetrieb ist auf die Bauwerksabdichtung spezialisiert. Zu den haupts\u00e4chlichen T\u00e4tigkeiten unseres Betriebes geh\u00f6ren unter anderem die Bereiche Mauertrockenlegung, Kellerabdichtung und Schimmelbeseitigung. Der nachhaltigen Sanierung haben wir uns verschrieben. Wir beraten qualifiziert, wie Sie Ihre Immobilie umweltgerecht und preisg\u00fcnstig sanieren k\u00f6nnen. Ein paar erste Informationen dazu lesen Sie nachfolgend.<\/p>","popseo_schlusstext":"<p>Wenn Sie einen qualifizierten Fachbetrieb f\u00fcr die Bauwerksabdichtung suchen, sind Sie bei uns richtig. Sie m\u00f6chten mehr \u00fcber uns wissen? Als auf Sanierung spezialisierte Fachfirma sind wir f\u00fcr die Realisierung Ihres Vorhabens der perfekte Partner und freuen uns \u00fcber Ihre Kontaktaufnahme, egal ob durch Telefonanruf oder E-Mail. Worauf Sie neben Fachwissen setzen d\u00fcrfen: Unser Team arbeitet absolut zuverl\u00e4ssig und wird mit Elan und Schwung f\u00fcr Sie t\u00e4tig. Wir freuen uns, wenn wir ihnen helfen k\u00f6nnen!<\/p>","popseo_stadttext":"<h3>Vor Ort in  Amelinghausen<\/h3>\n<p>Durch unsere T\u00e4tigkeit haben wir uns einen guten \u00dcberblick \u00fcber die Stadtarchitektur der Gemeinden und St\u00e4dte unseres Vertriebsgebietes machen k\u00f6nnen. Unser Einzugsbereich umfasst nat\u00fcrlich auch Amelinghausen. Wir f\u00fchlen uns der Region verpflichtet und freuen uns dar\u00fcber auch unseren Teil zur guten Infrastruktur der Gemeinde beizusteuern zu d\u00fcrfen.  <\/p>\n<p><h3>Einige Details zu Amelinghausen<\/h3><br \/>\nAmelinghausen befindet sich in der L\u00fcneburger Heide. Ann\u00e4hernd 4.000 Menschen wohnen in Amelinghausen auf einer Fl\u00e4che von cirka 16 km\u00b2. In den Ort gelangt man mit dem Auto \u00fcber die Bundesstra\u00dfe 209. Das Umfeld erm\u00f6glicht erlebnisreiche Ausfl\u00fcge. Die Bebauungsstruktur in der Region ist \u00fcberwiegend dominiert von einer ansprechenden Einzelhausbebauung. Vor allem junge Familien profitieren von dem ruhigen Leben in Amelinghausen. Die N\u00e4he zur Stadt L\u00fcneburg mit sehr guten Verkehrverbindungen und Freizeitangeboten machen die Gemeinde Amelinghausen so lebenswert.<br \/>\nDie Gemeinde ist Sitz der Samtgemeinde Amelinghausen, einem Zusammenschluss von f\u00fcnf kleineren Orten. Dies sind neben Amelinghausen selbst die Gemeinden Oldendorf (Luhe), Betzendorf, Soderstorf und Rehlingen. Die Samtgemeinde z\u00e4hlt in Summe etwa 8.000 B\u00fcrger und streckt sich \u00fcber eine Fl\u00e4che von etwas mehr als 194 qkm.<\/p>\n<h4>Unsere Leistung f\u00fcr qualit\u00e4tsbewusste Kunden aus Amelinghausen<\/h4>\n<p>Sie wohnen in Amelinghausen, Betzendorf, Oldendorf (Luhe), Rehlingen oder Soderstorf und interessieren sich f\u00fcr unser Angebot. Prima, dass Sie diese Website gefunden haben. F\u00fcr R\u00fcckfragen sind wir jederzeit f\u00fcr Sie da. Auf den Kontakt zu Ihnen freuen wir uns.<\/p>","popseo_zusatztext":"<h3>Abdichten: Auf die Wirksamkeit k\u00f6nnen Sie sich verlassen<\/h3>\n<p>Sie haben einen Feuchteschaden entdeckt und m\u00fcssen die betroffenen Mauern nun schnellstens abdichten. Gut, dass Sie uns gefunden haben! Als erfahrenes Unternehmen der Baubranche kennen wir uns bestens aus mit dem Abdichten von Mauern, W\u00e4nden oder Kellern.  <\/p>\n<p>N\u00e4ssesch\u00e4den sind unser Gesch\u00e4ft: F\u00fcr unser Unternehmen geh\u00f6rt das Abdichten von Kellern, Mauern oder W\u00e4nden zur allt\u00e4glichen Arbeit. Wir gehen der Ursache f\u00fcr den N\u00e4sseeintritt sorgf\u00e4ltig auf den Grund. Vor dem konkreten Abdichten muss als Erstes die Ursachenfindung stehen. Erst wenn man den richtigen Grund f\u00fcr die Durchn\u00e4ssung gefunden hat, kann man mit dem Abdichten beginnen. Die Bestandsaufnahme gibt die Marschrichtung vor, den das Abdichten eines Bauk\u00f6rpers beinhalten muss.  <\/p>\n<h4>Abdichten: Unsere Mitarbeiter stehen f\u00fcr Sie bereit!<\/h4>\n<p>Warten Sie bitte nicht und verabreden Sie zeitnah einen Vor-Ort-Termin mit einem unserer routinierten Mitarbeiter. Ein kurzer Telefonanruf beziehungsweise eine schnelle E-Mail reichen! Bei einer Analyse direkt am betroffenen Objekt, nehmen wir den Schaden auf und erarbeiten anschlie\u00dfend ein Konzept f\u00fcr das langfristige Abdichten der entsprechenden Stellen. Unsere Arbeit ist immer zweckbezogen: Nat\u00fcrlich flie\u00dfen auch wirtschaftliche Aspekte in unsere Entscheidungsfindung f\u00fcr das Abdichten Ihres Hauses mit ein. Alles komplett aus einer Hand: Unsere engagierten Angestellten f\u00fchren s\u00e4mtliche notwendigen Arbeiten, die zum Abdichten erforderlich sind schnell und verl\u00e4sslich aus. Bereits seit Jahren ist unser Haus f\u00fcr eine hohe Qualit\u00e4t bekannt. Eine unserer Schwerpunkte liegt im Abdichten von Wohn- und Gesch\u00e4ftsgeb\u00e4uden. Setzen Sie auf Fachkompetenz und beauftragen Sie uns f\u00fcr das Abdichten von neuralgischen Stellen im Mauerwerk. Wir freuen uns darauf, auch Ihnen helfen zu k\u00f6nnen.<\/p>","popseo_links":"<a href=\"https:\/\/bautenschutz-keul.de\/angebote\/schimmelbeseitigung-ebstorf\/\">Schimmelbeseitigung Ebstorf<\/a>, <a href=\"https:\/\/bautenschutz-keul.de\/angebote\/feuchtigkeitsschaden-uelzen\/\">Feuchtigkeitsschaden Uelzen<\/a>, <a href=\"https:\/\/bautenschutz-keul.de\/angebote\/aussenabdichtung-hanstedt\/\">Au\u00dfenabdichtung Hanstedt<\/a>, <a href=\"https:\/\/bautenschutz-keul.de\/angebote\/mauertrockenlegung-adendorf\/\">Mauertrockenlegung Adendorf<\/a>, <a href=\"https:\/\/bautenschutz-keul.de\/angebote\/kellerabdichtung-lueneburg\/\">Kellerabdichtung L\u00fcneburg<\/a>, <a href=\"https:\/\/bautenschutz-keul.de\/angebote\/innenabdichtung-herzogtum-lauenburg\/\">Innenabdichtung Herzogtum Lauenburg<\/a>, <a href=\"https:\/\/bautenschutz-keul.de\/angebote\/kellertrockenlegung-bispingen\/\">Kellertrockenlegung Bispingen<\/a>, <a href=\"https:\/\/bautenschutz-keul.de\/angebote\/kellersanierung-seevetal-rosengarten\/\">Kellersanierung Seevetal Rosengarten<\/a>, <a href=\"https:\/\/bautenschutz-keul.de\/angebote\/zerstoerter-putz-buchholz-in-der-nordheide\/\">zerst\u00f6rter Putz Buchholz in der Nordheide<\/a>, <a href=\"https:\/\/bautenschutz-keul.de\/angebote\/feuchter-keller-salzhausen\/\">Feuchter Keller Salzhausen<\/a>, <a href=\"https:\/\/bautenschutz-keul.de\/angebote\/feuchtigkeitsschaden-harburg\/\">Feuchtigkeitsschaden Harburg<\/a>, <a href=\"https:\/\/bautenschutz-keul.de\/angebote\/rissverpressung-salzhausen\/\">Rissverpressung Salzhausen<\/a>, <a href=\"https:\/\/bautenschutz-keul.de\/angebote\/salpeter-im-keller-herzogtum-lauenburg\/\">Salpeter im Keller Herzogtum Lauenburg<\/a>, <a href=\"https:\/\/bautenschutz-keul.de\/angebote\/kellerabdichtung-schwarzenbek\/\">Kellerabdichtung Schwarzenbek<\/a>, <a href=\"https:\/\/bautenschutz-keul.de\/angebote\/feuchter-keller-buechen\/\">Feuchter Keller B\u00fcchen<\/a>, <a href=\"https:\/\/bautenschutz-keul.de\/angebote\/feuchtigkeit-schwarzenbek\/\">Feuchtigkeit Schwarzenbek<\/a>, <a href=\"https:\/\/bautenschutz-keul.de\/angebote\/kellersanierung-geesthacht\/\">Kellersanierung Geesthacht<\/a>, <a href=\"https:\/\/bautenschutz-keul.de\/angebote\/schimmel-brietlingen\/\">Schimmel Brietlingen<\/a>, <a href=\"https:\/\/bautenschutz-keul.de\/angebote\/kellertrockenlegung-lueneburg\/\">Kellertrockenlegung L\u00fcneburg<\/a>, <a href=\"https:\/\/bautenschutz-keul.de\/angebote\/bauwerksabdichtung-schwarzenbek\/\">Bauwerksabdichtung Schwarzenbek<\/a>, <a href=\"https:\/\/bautenschutz-keul.de\/angebote\/feuchte-wand-buchholz-in-der-nordheide\/\">Feuchte Wand Buchholz in der Nordheide<\/a>, <a href=\"https:\/\/bautenschutz-keul.de\/angebote\/salpeter-im-keller-bergedorf-wentorf\/\">Salpeter im Keller Bergedorf Wentorf<\/a>, <a href=\"https:\/\/bautenschutz-keul.de\/angebote\/kellersanierung-winsen-luhe\/\">Kellersanierung Winsen Luhe<\/a>, <a href=\"https:\/\/bautenschutz-keul.de\/angebote\/kellersanierung-jesteburg\/\">Kellersanierung Jesteburg<\/a>, <a href=\"https:\/\/bautenschutz-keul.de\/angebote\/mauertrockenlegung-reppenstedt\/\">Mauertrockenlegung Reppenstedt<\/a>, <a href=\"https:\/\/bautenschutz-keul.de\/angebote\/aufsteigende-feuchtigkeit-maschen\/\">aufsteigende Feuchtigkeit Maschen<\/a>, <a href=\"https:\/\/bautenschutz-keul.de\/angebote\/innenabdichtung-bergedorf-wentorf\/\">Innenabdichtung Bergedorf Wentorf<\/a>, <a href=\"https:\/\/bautenschutz-keul.de\/angebote\/horizontalsperre-reppenstedt\/\">Horizontalsperre Reppenstedt<\/a>, <a href=\"https:\/\/bautenschutz-keul.de\/angebote\/schimmelsanierung-winsen-luhe\/\">Schimmelsanierung Winsen Luhe<\/a>, <a href=\"https:\/\/bautenschutz-keul.de\/angebote\/innenabdichtung-reinbek-aumuehle\/\">Innenabdichtung Reinbek Aum\u00fchle<\/a>"},"_links":{"self":[{"href":"https:\/\/bautenschutz-keul.de\/angebote\/wp-json\/wp\/v2\/pages\/629","targetHints":{"allow":["GET"]}}],"collection":[{"href":"https:\/\/bautenschutz-keul.de\/angebote\/wp-json\/wp\/v2\/pages"}],"about":[{"href":"https:\/\/bautenschutz-keul.de\/angebote\/wp-json\/wp\/v2\/types\/page"}],"author":[{"embeddable":true,"href":"https:\/\/bautenschutz-keul.de\/angebote\/wp-json\/wp\/v2\/users\/1"}],"replies":[{"embeddable":true,"href":"https:\/\/bautenschutz-keul.de\/angebote\/wp-json\/wp\/v2\/comments?post=629"}],"version-history":[{"count":0,"href":"https:\/\/bautenschutz-keul.de\/angebote\/wp-json\/wp\/v2\/pages\/629\/revisions"}],"wp:attachment":[{"href":"https:\/\/bautenschutz-keul.de\/angebote\/wp-json\/wp\/v2\/media?parent=629"}],"curies":[{"name":"wp","href":"https:\/\/api.w.org\/{rel}","templated":true}]}}