{"id":630,"date":"2021-09-13T08:44:40","date_gmt":"2021-09-13T06:44:40","guid":{"rendered":"https:\/\/bautenschutz-keul.de\/angebote\/aufsteigende-feuchtigkeit-amt-neuhaus\/"},"modified":"2021-09-13T08:44:40","modified_gmt":"2021-09-13T06:44:40","slug":"aufsteigende-feuchtigkeit-amt-neuhaus","status":"publish","type":"page","link":"https:\/\/bautenschutz-keul.de\/angebote\/aufsteigende-feuchtigkeit-amt-neuhaus\/","title":{"rendered":"aufsteigende Feuchtigkeit &#8211; Amt Neuhaus"},"content":{"rendered":"<h3>Aufsteigende Feuchtigkeit \u2013 wir helfen schnell und unkompliziert!<\/h3>\n<p>Ein durchfeuchtetes Mauerwerk bedroht die Bausubstanz eines Hauses. Ausl\u00f6ser f\u00fcr aufsteigende Feuchtigkeit kann beispielsweise ein hoher Grundwasserpegel sein.<br \/>\nAuch eine ung\u00fcnstige Hanglage eines Geb\u00e4udes kann aufsteigende Feuchtigkeit beg\u00fcnstigen. Wird das Problem rechtzeitig entdeckt, l\u00e4sst sich die zu sch\u00fctzende Bausubstanz f\u00fcr eine lange Zeit bewahren. Der Spezialist kennt verschiedene Vorgehensweisen um aufsteigende Feuchtigkeit zu einzud\u00e4mmen. Indizien f\u00fcr sind Farbver\u00e4nderungen des Mauerwerks, durchweichte Tapeten und ein unangenehm muffiger Geruch. Auch gesundheitsgef\u00e4hrdende Schimmelbildung kann die Folge von durchn\u00e4ssten Mauerwerken sein. <\/p>\n<p>Ist der Grund eines Bauwerkes nicht optimal abgedichtet, dringt Feuchtigkeit in die Mauer ein. H\u00e4ufig sind es Altbauten, die nicht ausreichend gegen aufsteigende Feuchtigkeit gesichert sind. Sogar neue H\u00e4user sind nicht grunds\u00e4tzlich vor dem Eindringen von Wasser gefeit. Fehlende Abdichtungen und schlecht ausgef\u00fchrte D\u00e4mmungen sind vermutlich die am h\u00e4ufigsten genannten Gr\u00fcnde. <\/p>\n<h3>Aufsteigende Feuchtigkeit: Fragen Sie den Sanierungsprofi!<\/h3>\n<p>Regelm\u00e4\u00dfig hilft eine horizontale Sperre gegen aufsteigende Feuchtigkeit. Herk\u00f6mmliche Trocknungsmethoden bedeuten immer einen Eingriff in die Bauphysik. Dieser allemal nicht zu verkennende Aufwand rechnet sich, wenn die qualifiziert durchgef\u00fchrte Arbeit zu einer dauerhaften Unterdr\u00fcckung von M\u00e4ngeln durch aufsteigende Feuchtigkeit f\u00fchrt. <\/p>\n<p>Feuchtigkeit kriecht mitunter schon durch kleinste Undichtigkeiten im Baustoff nach oben. Es ist kaum verwunderlich, falls man sagt, dass aufsteigende Feuchtigkeit sich einen echten Transportweg durch die Fugen des Mauerwerks sucht. Ein typisches Anzeichen, das aufsteigende Feuchtigkeit aufweist, sind Besch\u00e4digungen, die auf die unteren Bereiche vom Erdgeschoss begrenzt sind. Die Diagnose und die Entfernung des Schadens ist Aufgabe f\u00fcr einen Spezialisten. Nur der erfahrene Profi kennt Ursache, Wirkung und wei\u00df \u00fcber die Methoden zur Schadensregulierung.<\/p>\n","protected":false},"excerpt":{"rendered":"<p>Aufsteigende Feuchtigkeit \u2013 wir helfen schnell und unkompliziert! Ein durchfeuchtetes Mauerwerk bedroht die Bausubstanz eines Hauses. Ausl\u00f6ser f\u00fcr aufsteigende Feuchtigkeit kann beispielsweise ein hoher Grundwasserpegel sein. Auch eine ung\u00fcnstige Hanglage eines Geb\u00e4udes kann aufsteigende Feuchtigkeit beg\u00fcnstigen. Wird das Problem rechtzeitig entdeckt, l\u00e4sst sich die zu sch\u00fctzende Bausubstanz f\u00fcr eine lange Zeit bewahren. Der Spezialist kennt [&hellip;]<\/p>\n","protected":false},"author":1,"featured_media":0,"parent":0,"menu_order":0,"comment_status":"closed","ping_status":"closed","template":"","meta":{"footnotes":""},"class_list":["post-630","page","type-page","status-publish","hentry"],"meta_box":{"popseo_subtitel":"Wir sind Ihr Fachbetrieb gegen aufsteigende Feuchtigkeit in Amt Neuhaus","popseo_subtitel2":"Aufsteigende Feuchtigkeit - Sanierung durch die Spezialisten unserer Firma","popseo_lasttitel":"aufsteigende Feuchtigkeit: Gerne beantworten wir Ihre Fragen!","popseo_region":"Amt Neuhaus","popseo_sachwort":"aufsteigende Feuchtigkeit","popseo_noupdate":"","popseo_einleitungstext":"<p>Sie haben sich mit dem Thema Bauwerksabdichtung besch\u00e4ftigt, weil Ihre Immobilie feuchte Geb\u00e4udebereiche aufweist und Sie nach M\u00f6glichkeiten einer professionellen und vor allem wirksamen Sanierung Ausschau halten. Prima, dass Sie unsere Website gefunden haben. Auf den folgenden Seiten m\u00f6chten wir Ihnen n\u00e4here Informationen zu unserem Leistungsspektrum geben. Sie lernen auf dieser Internetseite unsere Firma n\u00e4her kennen. <\/p>\n<p>Unser Unternehmen ist ein qualifizierter und etablierter Fachbetrieb mit Gesch\u00e4ftsssitz in Brietlingen bei L\u00fcneburg. Bereits seit vielen Jahren sind wir Ihr Spezialist f\u00fcr alle auftretenden Fragen rund um Geb\u00e4udeabdichtung. Wir setzen ausschlie\u00dflich effektive und praxisbew\u00e4hrte Sanierungsmethoden und -systeme ein. Als Sanierungsfachbetrieb schauen wir auf eine lange Berufserfahrung zur\u00fcck. Unsere versierten Spezialisten informieren Sie mit Vergn\u00fcgen im Detail.<\/p>","popseo_schlusstext":"<p>Sehr gerne informieren wir Sie n\u00e4her \u00fcber unser Themengebiet. Wir zeigen Ihnen mit Vergn\u00fcgen auch ein paar Projekte, die Ihnen einen Einblick in unsere Unternehmenst\u00e4tigkeit geben.<br \/>\nVertrauen Sie auf das Urteil eines erfahrenen Sannierungsfachbetriebes. Rufen Sie uns doch einfach einmal an oder schreiben Sie uns eine kurze E-Mail. Wir freuen uns auf Sie.<\/p>","popseo_stadttext":"<h3>Unser Leistungskatalog f\u00fcr Kunden aus dem Amt Neuhaus<\/h3>\n<p>Durch unsere Vertriebst\u00e4tigkeit haben wir uns einen guten \u00dcberblick \u00fcber die Architektur der St\u00e4dte und Gemeinden unseres Einzugsbereiches erarbeiten k\u00f6nnen. Nat\u00fcrlich z\u00e4hlt auch das Amt Neuhaus zu unserem unmittelbaren Gesch\u00e4ftsgebiet. Sie kommen aus Dellien, Haar, Kaar\u00dfen, Neuhaus, Stapel, Sumte oder Tripkau und sind hier im World Wide Web auf unsere Website gesto\u00dfen? Das finden wir toll. Gerne pr\u00e4sentieren wir Ihnen unser gesamtes Leistungsspektrum und beantworten Ihre Fragen. Wir freuen uns darauf, mit Ihnen ins Gespr\u00e4ch zu treten. <\/p>\n<h2>Einige interessante Informationen \u00fcber das Amt Neuhaus:<\/h2>\n<p>Das Amt Neuhaus geh\u00f6rt verwaltungstechnisch zum Landkreis L\u00fcneburg. Insgesamt leben ca. 5.000 registrierte Einwohner in der Region. Rund 237 km\u00b2 umfasst das gesamte Areal. Das Amt Neuhaus \u00fcberzeugt durch eine gute Infrastruktur und ist verkehrstechnisch hervorragend angebunden. Aufgrund der guten Lage ist das Amt Neuhaus insbesondere bei Pendlern wohlgelitten. Sowohl Hannover, Hamburg und L\u00fcneburg sind schnell erreicht. Das gesamte Areal des Amtes zeichnet sich durch eine wirklich wunderbare Wohnqualit\u00e4t aus. Die besonders als Wohnstatt begehrte Ortschaften sind vor allem auch f\u00fcr junge Familien mit Kindern die erste Wahl. Das Amt Neuhaus verbindet durch seine Lage auf eine charmante Art und Weise urbanes Leben mit dem eher volkst\u00fcmlichen Profil eines Au\u00dfenbezirkes. F\u00fcr die Gr\u00f6\u00dfe des Amtes erstaunlich viele Freizeit- und Sportm\u00f6glichkeiten sowie eine landschaftlich ansprechende Umgebung kennzeichnen die Region. Die Baustruktur im Amt Neuhaus wird dominiert von einer ansprechenden Einzelhausbebauung. <\/p>\n<h4>Hohe Qualit\u00e4t f\u00fcr Kunden aus dem Amt Neuhaus<\/h4>\n<p>Sie kommen aus Haar, Dellien, Kaar\u00dfen, Neuhaus, Sumte, Stapel oder Tripkau, interessieren sich f\u00fcr unser Angebot und sind hier im World Wide Web auf unsere Website gesto\u00dfen? Das freut uns sehr. Gerne pr\u00e4sentieren wir Ihnen unser komplettes Angebotsspektrum und beantworten Ihre Fragen. Auf Ihre Anfragen freuen wir uns.<\/p>","popseo_zusatztext":"<h3>Erstklassiges Abdichten ist uns wichtig<\/h3>\n<p>Sie haben einen N\u00e4sseschaden festgestellt und m\u00fcssen die entsprechenden W\u00e4nde nun so schnell wie m\u00f6glich abdichten. Sch\u00f6n, dass Sie uns gefunden haben! Als erfahrenes Fachunternehmen der Baubranche kennen wir uns bestens aus mit dem Abdichten von W\u00e4nden, Kellern oder Mauern.  <\/p>\n<p>Feuchtigkeitssch\u00e4den sind unser Metier: F\u00fcr unsere Firma geh\u00f6rt das Abdichten von Kellern, W\u00e4nden oder Mauern zur t\u00e4glichen Arbeit. Wir gehen der Ursache f\u00fcr den N\u00e4sseeintritt gr\u00fcndlich auf den Grund. Vor dem eigentlichen Abdichten muss allerdings die Ursachenforschung stehen. Erst wenn man den richtigen Grund f\u00fcr eine Durchn\u00e4ssung gefunden hat, kann man mit dem Abdichten beginnen. Die Begutachtung gibt die Marschrichtung vor, den das Abdichten eines Bauk\u00f6rpers beinhalten muss.  <\/p>\n<h4>Abdichten: Schnelle Hilfe durch den Fachbetrieb!<\/h4>\n<p>Z\u00f6gern Sie bitte nicht und vereinbaren Sie gleich jetzt einen Vor-Ort-Termin mit einem unserer kompetenten Fachkr\u00e4fte. Ein kurzer Anruf beziehungsweise eine kurze E-Mail reichen! Bei einer Bestandsaufnahme direkt am entsprechenden Objekt, nehmen wir den Schaden auf und entwerfen danach ein Konzept f\u00fcr das dauerhafte Abdichten der gesch\u00e4digten Stellen. Unsere Arbeit ist immer zweckorientiert: Selbstverst\u00e4ndlich flie\u00dfen auch \u00f6konomische Aspekte in unsere Entscheidungsfindung f\u00fcr das Abdichten Ihres Geb\u00e4udes mit ein. Komplett aus einer Hand: Unsere motivierten Angestellten f\u00fchren s\u00e4mtliche erforderlichen T\u00e4tigkeiten, die zum Abdichten geh\u00f6ren umgehend und zuverl\u00e4ssig aus. Schon seit langer Zeit ist unser Haus f\u00fcr eine hohe Fachkompetenz bekannt. Eine unserer Kernkompetenzen liegt im Abdichten von Wohn- und Gesch\u00e4ftsgeb\u00e4uden. Vertrauen Sie auf Fachkompetenz und beauftragen Sie uns f\u00fcr das Abdichten von neuralgischen Bereichen im Mauerwerk. Wir freuen uns darauf, auch Ihnen helfen zu d\u00fcrfen.<\/p>","popseo_links":"<a href=\"https:\/\/bautenschutz-keul.de\/angebote\/mauertrockenlegung-buechen\/\">Mauertrockenlegung B\u00fcchen<\/a>, <a href=\"https:\/\/bautenschutz-keul.de\/angebote\/feuchtigkeit-bergedorf-wentorf\/\">Feuchtigkeit Bergedorf Wentorf<\/a>, <a href=\"https:\/\/bautenschutz-keul.de\/angebote\/schimmel-bardowick\/\">Schimmel Bardowick<\/a>, <a href=\"https:\/\/bautenschutz-keul.de\/angebote\/aussenabdichtung-brietlingen\/\">Au\u00dfenabdichtung Brietlingen<\/a>, <a href=\"https:\/\/bautenschutz-keul.de\/angebote\/rissverpressung-seevetal-rosengarten\/\">Rissverpressung Seevetal Rosengarten<\/a>, <a href=\"https:\/\/bautenschutz-keul.de\/angebote\/kellertrockenlegung-maschen\/\">Kellertrockenlegung Maschen<\/a>, <a href=\"https:\/\/bautenschutz-keul.de\/angebote\/horizontalsperre-reppenstedt\/\">Horizontalsperre Reppenstedt<\/a>, <a href=\"https:\/\/bautenschutz-keul.de\/angebote\/feuchte-wand-bergedorf-wentorf\/\">Feuchte Wand Bergedorf Wentorf<\/a>, <a href=\"https:\/\/bautenschutz-keul.de\/angebote\/bauwerksabdichtung-reppenstedt\/\">Bauwerksabdichtung Reppenstedt<\/a>, <a href=\"https:\/\/bautenschutz-keul.de\/angebote\/rissverpressung-stelle\/\">Rissverpressung Stelle<\/a>, <a href=\"https:\/\/bautenschutz-keul.de\/angebote\/salpeter-im-keller-bienenbuettel\/\">Salpeter im Keller Bienenb\u00fcttel<\/a>, <a href=\"https:\/\/bautenschutz-keul.de\/angebote\/innenabdichtung-bad-bevensen\/\">Innenabdichtung Bad Bevensen<\/a>, <a href=\"https:\/\/bautenschutz-keul.de\/angebote\/kellerabdichtung-schwarzenbek\/\">Kellerabdichtung Schwarzenbek<\/a>, <a href=\"https:\/\/bautenschutz-keul.de\/angebote\/feuchter-keller-boizenburg\/\">Feuchter Keller Boizenburg<\/a>, <a href=\"https:\/\/bautenschutz-keul.de\/angebote\/mauertrockenlegung-bispingen\/\">Mauertrockenlegung Bispingen<\/a>, <a href=\"https:\/\/bautenschutz-keul.de\/angebote\/feuchtigkeit-amelinghausen\/\">Feuchtigkeit Amelinghausen<\/a>, <a href=\"https:\/\/bautenschutz-keul.de\/angebote\/feuchte-wand-bienenbuettel\/\">Feuchte Wand Bienenb\u00fcttel<\/a>, <a href=\"https:\/\/bautenschutz-keul.de\/angebote\/kellertrockenlegung-herzogtum-lauenburg\/\">Kellertrockenlegung Herzogtum Lauenburg<\/a>, <a href=\"https:\/\/bautenschutz-keul.de\/angebote\/aussenabdichtung-jesteburg\/\">Au\u00dfenabdichtung Jesteburg<\/a>, <a href=\"https:\/\/bautenschutz-keul.de\/angebote\/feuchtigkeitsschaden-maschen\/\">Feuchtigkeitsschaden Maschen<\/a>, <a href=\"https:\/\/bautenschutz-keul.de\/angebote\/schimmelsanierung-lueneburg\/\">Schimmelsanierung L\u00fcneburg<\/a>, <a href=\"https:\/\/bautenschutz-keul.de\/angebote\/feuchte-wand-hanstedt\/\">Feuchte Wand Hanstedt<\/a>, <a href=\"https:\/\/bautenschutz-keul.de\/angebote\/schimmelsanierung-maschen\/\">Schimmelsanierung Maschen<\/a>, <a href=\"https:\/\/bautenschutz-keul.de\/angebote\/mauertrockenlegung-brietlingen\/\">Mauertrockenlegung Brietlingen<\/a>, <a href=\"https:\/\/bautenschutz-keul.de\/angebote\/feuchte-wand-stelle\/\">Feuchte Wand Stelle<\/a>, <a href=\"https:\/\/bautenschutz-keul.de\/angebote\/aufsteigende-feuchtigkeit-bienenbuettel\/\">aufsteigende Feuchtigkeit Bienenb\u00fcttel<\/a>, <a href=\"https:\/\/bautenschutz-keul.de\/angebote\/salpeter-im-keller-bardowick\/\">Salpeter im Keller Bardowick<\/a>, <a href=\"https:\/\/bautenschutz-keul.de\/angebote\/feuchte-mauer-glinde-sachsenwald\/\">Feuchte Mauer Glinde Sachsenwald<\/a>, <a href=\"https:\/\/bautenschutz-keul.de\/angebote\/aufsteigende-feuchtigkeit-reppenstedt\/\">aufsteigende Feuchtigkeit Reppenstedt<\/a>, <a href=\"https:\/\/bautenschutz-keul.de\/angebote\/schimmelbeseitigung-schwarzenbek\/\">Schimmelbeseitigung Schwarzenbek<\/a>"},"_links":{"self":[{"href":"https:\/\/bautenschutz-keul.de\/angebote\/wp-json\/wp\/v2\/pages\/630","targetHints":{"allow":["GET"]}}],"collection":[{"href":"https:\/\/bautenschutz-keul.de\/angebote\/wp-json\/wp\/v2\/pages"}],"about":[{"href":"https:\/\/bautenschutz-keul.de\/angebote\/wp-json\/wp\/v2\/types\/page"}],"author":[{"embeddable":true,"href":"https:\/\/bautenschutz-keul.de\/angebote\/wp-json\/wp\/v2\/users\/1"}],"replies":[{"embeddable":true,"href":"https:\/\/bautenschutz-keul.de\/angebote\/wp-json\/wp\/v2\/comments?post=630"}],"version-history":[{"count":0,"href":"https:\/\/bautenschutz-keul.de\/angebote\/wp-json\/wp\/v2\/pages\/630\/revisions"}],"wp:attachment":[{"href":"https:\/\/bautenschutz-keul.de\/angebote\/wp-json\/wp\/v2\/media?parent=630"}],"curies":[{"name":"wp","href":"https:\/\/api.w.org\/{rel}","templated":true}]}}