{"id":631,"date":"2021-09-13T08:44:40","date_gmt":"2021-09-13T06:44:40","guid":{"rendered":"https:\/\/bautenschutz-keul.de\/angebote\/aufsteigende-feuchtigkeit-bad-bevensen\/"},"modified":"2021-09-13T08:44:40","modified_gmt":"2021-09-13T06:44:40","slug":"aufsteigende-feuchtigkeit-bad-bevensen","status":"publish","type":"page","link":"https:\/\/bautenschutz-keul.de\/angebote\/aufsteigende-feuchtigkeit-bad-bevensen\/","title":{"rendered":"aufsteigende Feuchtigkeit &#8211; Bad Bevensen"},"content":{"rendered":"<h3>Aufsteigende Feuchtigkeit: Schnelle Hilfe durch den Fachbetrieb!<\/h3>\n<p>Ein feuchtes Mauerwerk gef\u00e4hrdet die Bausubstanz eines Hauses. Ausl\u00f6ser f\u00fcr aufsteigende Feuchtigkeit k\u00f6nnte z.B. ein erh\u00f6hter Grundwasserstand sein.<br \/>\nAuch eine ung\u00fcnstige Hanglage eines Geb\u00e4udes kann aufsteigende Feuchtigkeit unterst\u00fctzen. Wird das Problem rechtzeitig erkannt, l\u00e4sst sich die zu erhaltende Bausubstanz auf Dauer erhalten. Der Fachmann kennt unterschiedliche Vorgehensweisen um aufsteigende Feuchtigkeit zu einzud\u00e4mmen. Anzeichen f\u00fcr sind Farbver\u00e4nderungen der Mauern, aufgeweichte Tapeten oder ein unangenehm muffiger Geruch. Sogar gef\u00e4hrliche Schimmelentstehung kann eine Folge von durchfeuchteten W\u00e4nden sein. <\/p>\n<p>Ist das Fundament eines Geb\u00e4udes nicht fachgerecht abgedichtet, sickert Feuchtigkeit in die Mauer ein. Meistens sind es \u00e4ltere H\u00e4user, die nicht gen\u00fcgend gegen aufsteigende Feuchtigkeit gesch\u00fctzt sind. Auch neuere Bauwerke sind nicht immer vor dem Eindringen von N\u00e4sse sicher. Fehlende Versiegelungen oder auch defekte Isolierungen sind vielleicht die am h\u00e4ufigsten genannten Ursachen. <\/p>\n<h3>Wir helfen rasch bei aufsteigender Feuchtigkeit!<\/h3>\n<p>Meistens hilft eine horizontale Sperre gegen aufsteigende Feuchtigkeit. Herk\u00f6mmliche Trocknungsmethoden bedeuten immer einen Eingriff in die Bauphysik. Der durchaus nicht zu untersch\u00e4tzende Aufwand rentiert sich, wenn die fachgerecht ausgef\u00fchrte Arbeit zu einer nachhaltigen Unterdr\u00fcckung von Sch\u00e4den durch aufsteigende Feuchtigkeit f\u00fchrt. <\/p>\n<p>Bodenfeuchte kriecht in einigen F\u00e4llen bereits durch geringste Undichtigkeiten im Baumaterial nach oben. Es ist keinesfalls \u00fcbertrieben, falls man sagt, dass aufsteigende Feuchtigkeit sich einen echten Transportweg durch die Fugen der Mauer bahnt. Ein charakteristisches Merkmal, das aufsteigende Feuchtigkeit zeigt, sind Besch\u00e4digungen, die auf die unteren Bereiche vom Erdgeschoss begrenzt sind. Die Beurteilung und die Entfernung des Schadens ist Aufgabe f\u00fcr einen Spezialisten. Nur der erfahrene Fachmann kennt Grund, Wirkung und wei\u00df \u00fcber die Ma\u00dfnahmen zur Schadensbegrenzung.<\/p>\n","protected":false},"excerpt":{"rendered":"<p>Aufsteigende Feuchtigkeit: Schnelle Hilfe durch den Fachbetrieb! Ein feuchtes Mauerwerk gef\u00e4hrdet die Bausubstanz eines Hauses. Ausl\u00f6ser f\u00fcr aufsteigende Feuchtigkeit k\u00f6nnte z.B. ein erh\u00f6hter Grundwasserstand sein. Auch eine ung\u00fcnstige Hanglage eines Geb\u00e4udes kann aufsteigende Feuchtigkeit unterst\u00fctzen. Wird das Problem rechtzeitig erkannt, l\u00e4sst sich die zu erhaltende Bausubstanz auf Dauer erhalten. Der Fachmann kennt unterschiedliche Vorgehensweisen um [&hellip;]<\/p>\n","protected":false},"author":1,"featured_media":0,"parent":0,"menu_order":0,"comment_status":"closed","ping_status":"closed","template":"","meta":{"footnotes":""},"class_list":["post-631","page","type-page","status-publish","hentry"],"meta_box":{"popseo_subtitel":"Wir sind Ihr Partner gegen aufsteigende Feuchtigkeit im Raum Bad Bevensen","popseo_subtitel2":"Aufsteigende Feuchtigkeit - ein Problem, dem man sich stellen muss","popseo_lasttitel":"aufsteigende Feuchtigkeit: F\u00fcr weitere Informationen sprechen Sie uns bitte an","popseo_region":"Bad Bevensen","popseo_sachwort":"aufsteigende Feuchtigkeit","popseo_noupdate":"","popseo_einleitungstext":"<p>Sie haben sich mit dem Thema Bauwerksabdichtung besch\u00e4ftigt, weil Ihr Wohn- oder Gesch\u00e4ftshaus feuchte Geb\u00e4udeteile aufweist und Sie nach M\u00f6glichkeiten einer professionellen und vor allem wirksamen Sanierung Ausschau halten. Hervorragend, dass Sie unsere Homepage entdeckt haben. Nachfolgend d\u00fcrfen wir Ihnen einige Informationen zu unserem Leistungsangebot geben. Sie lernen auf dieser Internetseite unsere Firma n\u00e4her kennen. <\/p>\n<p>Unser Unternehmen ist ein qualifizierter und etablierter Fachbetrieb mit Sitz in Brietlingen bei L\u00fcneburg. Seit vielen Jahren schon sind wir Ihr Spezialist f\u00fcr alle auftretenden Fragen rund um Geb\u00e4udeabdichtung. Wir setzen ausschlie\u00dflich praxisbew\u00e4hrte und effektive Sanierungssysteme und -methoden ein. Als Sanierungsfachbetrieb schauen wir auf eine lange und intensive Berufserfahrung zur\u00fcck. Unsere freundlichen Spezialisten informieren Sie mit Vergn\u00fcgen im Detail.<\/p>","popseo_schlusstext":"<p>Wenn Sie ein erfahrenes Unternehmen f\u00fcr zeitgem\u00e4\u00dfe Innen- und Au\u00dfenabdichtung suchen, sind Sie bei uns genau richtig. Sie m\u00f6chten mehr \u00fcber uns wissen? Als auf Sanierung spezialisierte Fachfirma sind wir f\u00fcr Ihr Vorhaben der ideale Partner und freuen uns \u00fcber Ihre Anfrage, ganz gleich ob per Telefonanruf oder E-Mail. Worauf Sie neben Fachwissen setzen d\u00fcrfen: Unser Team ist motiviert und immer mit Schwung und Elan f\u00fcr Sie im Einsatz. Wir freuen uns auf das Gespr\u00e4ch mit Ihnen!<\/p>","popseo_stadttext":"<h3>Wir sind Ihr Partner auch in Bad Bevensen<\/h3>\n<p>Durch unsere Gesch\u00e4ftst\u00e4tigkeit haben wir uns einen sehr guten \u00dcberblick \u00fcber die Architektur der St\u00e4dte und Gemeinden unseres Einzugsbereiches erarbeiten k\u00f6nnen. Nat\u00fcrlich geh\u00f6rt auch Bad Bevensen zu unserem unmittelbaren Gesch\u00e4ftsgebiet. Sie kommen aus der Region und sind hier im Internet auf unsere Homepage gesto\u00dfen? Das finden wir toll. Sehr gerne pr\u00e4sentieren wir Ihnen unser gesamtes Leistungsspektrum und beantworten Ihre Fragen. Wir freuen uns darauf, mit Ihnen ins Gespr\u00e4ch zu treten. <\/p>\n<h3>Einige Informationen zur Gemeinde Bad Bevensen<\/h3>\n<p>Bad Bevensen hat \u00fcber 9.000 Einwohner und streckt sich \u00fcber eine Fl\u00e4che von knapp 48 Quadratkilometer. Verkehrstechnisch ist die Kleinstadt gut erreichbar: In unmittelbarer N\u00e4he des Gemeindegebietes liegt eine Anschlussstelle zur Autobahn B4. Des Weiteren erreicht man Bad Bevensen \u00fcber die L252 und mit der Eisenbahn auf der Streckenverbindung Hamburg-Hannover. Bad Bevensee liegt in der L\u00fcneburger Heide und geh\u00f6rt formell zum Landkreis Uelzen. Die Gemeinde ist Verwaltungssitz der Samtgemeinde Bevensen-Ebstorf, einem Zusammenschluss von 13 kleineren Orten. Die Samtgemeinde z\u00e4hlt insgesamt rund 26.000 Einwohner und erstreckt sich \u00fcber ein Areal von zirka 479 Quadratkilometern. Bad Bevensen ist ganz sicher ein reizvoller Platz zum Leben. Die charmante Kleinstadt verf\u00fcgt \u00fcber eine hervorragende Infrastruktur und bestens ausgebaute Wohnviertel.    <\/p>\n<h4>Unsere Leistung f\u00fcr qualit\u00e4tsbewusste Kunden aus Bad Bevensen<\/h4>\n<p>Sie leben in Bad Bevensen oder einem anderen Ort der Samtgemeinde und interessieren sich f\u00fcr unser Leistungsangebot. Prima, dass Sie uns hier auf dieser Website entdeckt haben. F\u00fcr R\u00fcckfragen sind wir jederzeit f\u00fcr Sie da. Auf den Kontakt zu Ihnen freuen wir uns.<\/p>","popseo_zusatztext":"<h3>Erstklassiges Abdichten ist uns wichtig<\/h3>\n<p>Sie haben einen Feuchteschaden entdeckt und m\u00fcssen die entsprechenden Bereiche nun schnellstm\u00f6glich abdichten. Sch\u00f6n, dass Sie uns entdeckt haben! Als routiniertes Fachunternehmen der Bauwirtschaft kennen wir uns sehr gut aus mit dem Abdichten von W\u00e4nden, Mauern oder Kellern.  <\/p>\n<p>Feuchtigkeitssch\u00e4den sind unser Gesch\u00e4ft: F\u00fcr unseren Betrieb geh\u00f6rt das Abdichten von Mauern, W\u00e4nden oder Kellern zur t\u00e4glichen Arbeit. Wir gehen der Ursache f\u00fcr den Feuchtigkeitseintritt gr\u00fcndlich auf den Grund. Vor dem eigentlichen Abdichten muss erstmal die Ursachenfindung stehen. Erst wenn man den tats\u00e4chlichen Grund f\u00fcr die Durchfeuchtung ermittelt hat, kann man mit dem Abdichten anfangen. Die Analyse gibt die Richtung vor, den das Abdichten eines Bauk\u00f6rpers beinhalten muss.  <\/p>\n<h4>Abdichten: Beste Arbeit durch den Fachbetrieb<\/h4>\n<p>Warten Sie bitte nicht und verabreden Sie gleich einen Vor-Ort-Termin mit einem unserer qualifizierten Angestellten. Ein kurzer Anruf oder eine schnelle E-Mail gen\u00fcgen! Bei einer Analyse direkt am gesch\u00e4digten Objekt, nehmen wir den Schaden auf und erstellen daraufhin ein Konzept f\u00fcr das nachhaltige Abdichten der betroffenen Bereiche. Unsere Arbeit ist immer zweckbezogen: Nat\u00fcrlich flie\u00dfen auch monet\u00e4re Gesichtspunkte in unsere Entscheidungsfindung f\u00fcr das Abdichten Ihres Geb\u00e4udes mit ein. Alles komplett aus einer Hand: Unsere dynamischen Angestellten f\u00fchren s\u00e4mtliche notwendigen Arbeiten, die zum Abdichten erforderlich sind umgehend und zuverl\u00e4ssig aus. Schon seit langer Zeit ist unser Haus f\u00fcr eine hohe Qualit\u00e4t bekannt. Eine unserer Schwerpunkte liegt im Abdichten von Gesch\u00e4fts- und Wohngeb\u00e4uden. Setzen Sie auf Fachkompetenz und beauftragen Sie uns f\u00fcr das Abdichten von neuralgischen Stellen im Mauerwerk. Wir freuen uns darauf, auch Ihnen helfen zu k\u00f6nnen.<\/p>","popseo_links":"<a href=\"https:\/\/bautenschutz-keul.de\/angebote\/schimmelsanierung-reppenstedt\/\">Schimmelsanierung Reppenstedt<\/a>, <a href=\"https:\/\/bautenschutz-keul.de\/angebote\/bauwerksabdichtung-hanstedt\/\">Bauwerksabdichtung Hanstedt<\/a>, <a href=\"https:\/\/bautenschutz-keul.de\/angebote\/innenabdichtung-brietlingen\/\">Innenabdichtung Brietlingen<\/a>, <a href=\"https:\/\/bautenschutz-keul.de\/angebote\/innenabdichtung-buechen\/\">Innenabdichtung B\u00fcchen<\/a>, <a href=\"https:\/\/bautenschutz-keul.de\/angebote\/feuchtigkeit-brietlingen\/\">Feuchtigkeit Brietlingen<\/a>, <a href=\"https:\/\/bautenschutz-keul.de\/angebote\/schimmelsanierung-bispingen\/\">Schimmelsanierung Bispingen<\/a>, <a href=\"https:\/\/bautenschutz-keul.de\/angebote\/aufsteigende-feuchtigkeit-schwarzenbek\/\">aufsteigende Feuchtigkeit Schwarzenbek<\/a>, <a href=\"https:\/\/bautenschutz-keul.de\/angebote\/horizontalsperre-lueneburg\/\">Horizontalsperre L\u00fcneburg<\/a>, <a href=\"https:\/\/bautenschutz-keul.de\/angebote\/feuchtigkeit-hanstedt\/\">Feuchtigkeit Hanstedt<\/a>, <a href=\"https:\/\/bautenschutz-keul.de\/angebote\/schimmelbeseitigung-bienenbuettel\/\">Schimmelbeseitigung Bienenb\u00fcttel<\/a>, <a href=\"https:\/\/bautenschutz-keul.de\/angebote\/aussenabdichtung-herzogtum-lauenburg\/\">Au\u00dfenabdichtung Herzogtum Lauenburg<\/a>, <a href=\"https:\/\/bautenschutz-keul.de\/angebote\/aussenabdichtung-lueneburg\/\">Au\u00dfenabdichtung L\u00fcneburg<\/a>, <a href=\"https:\/\/bautenschutz-keul.de\/angebote\/aufsteigende-feuchtigkeit-glinde-sachsenwald\/\">aufsteigende Feuchtigkeit Glinde Sachsenwald<\/a>, <a href=\"https:\/\/bautenschutz-keul.de\/angebote\/feuchte-wand-amelinghausen\/\">Feuchte Wand Amelinghausen<\/a>, <a href=\"https:\/\/bautenschutz-keul.de\/angebote\/mauertrockenlegung-winsen-luhe\/\">Mauertrockenlegung Winsen Luhe<\/a>, <a href=\"https:\/\/bautenschutz-keul.de\/angebote\/aufsteigende-feuchtigkeit-boizenburg\/\">aufsteigende Feuchtigkeit Boizenburg<\/a>, <a href=\"https:\/\/bautenschutz-keul.de\/angebote\/feuchtigkeitsschaden-hanstedt\/\">Feuchtigkeitsschaden Hanstedt<\/a>, <a href=\"https:\/\/bautenschutz-keul.de\/angebote\/schimmel-boizenburg\/\">Schimmel Boizenburg<\/a>, <a href=\"https:\/\/bautenschutz-keul.de\/angebote\/innenabdichtung-boizenburg\/\">Innenabdichtung Boizenburg<\/a>, <a href=\"https:\/\/bautenschutz-keul.de\/angebote\/kellertrockenlegung-amelinghausen\/\">Kellertrockenlegung Amelinghausen<\/a>, <a href=\"https:\/\/bautenschutz-keul.de\/angebote\/aussenabdichtung-uelzen\/\">Au\u00dfenabdichtung Uelzen<\/a>, <a href=\"https:\/\/bautenschutz-keul.de\/angebote\/salpeter-im-keller-maschen\/\">Salpeter im Keller Maschen<\/a>, <a href=\"https:\/\/bautenschutz-keul.de\/angebote\/bauwerksabdichtung-amelinghausen\/\">Bauwerksabdichtung Amelinghausen<\/a>, <a href=\"https:\/\/bautenschutz-keul.de\/angebote\/kellerabdichtung-adendorf\/\">Kellerabdichtung Adendorf<\/a>, <a href=\"https:\/\/bautenschutz-keul.de\/angebote\/aufsteigende-feuchtigkeit-uelzen\/\">aufsteigende Feuchtigkeit Uelzen<\/a>, <a href=\"https:\/\/bautenschutz-keul.de\/angebote\/horizontalsperre-bad-bevensen\/\">Horizontalsperre Bad Bevensen<\/a>, <a href=\"https:\/\/bautenschutz-keul.de\/angebote\/mauertrockenlegung-herzogtum-lauenburg\/\">Mauertrockenlegung Herzogtum Lauenburg<\/a>, <a href=\"https:\/\/bautenschutz-keul.de\/angebote\/innenabdichtung-stelle\/\">Innenabdichtung Stelle<\/a>, <a href=\"https:\/\/bautenschutz-keul.de\/angebote\/kellerabdichtung-winsen-luhe\/\">Kellerabdichtung Winsen Luhe<\/a>, <a href=\"https:\/\/bautenschutz-keul.de\/angebote\/kellersanierung-winsen-luhe\/\">Kellersanierung Winsen Luhe<\/a>"},"_links":{"self":[{"href":"https:\/\/bautenschutz-keul.de\/angebote\/wp-json\/wp\/v2\/pages\/631","targetHints":{"allow":["GET"]}}],"collection":[{"href":"https:\/\/bautenschutz-keul.de\/angebote\/wp-json\/wp\/v2\/pages"}],"about":[{"href":"https:\/\/bautenschutz-keul.de\/angebote\/wp-json\/wp\/v2\/types\/page"}],"author":[{"embeddable":true,"href":"https:\/\/bautenschutz-keul.de\/angebote\/wp-json\/wp\/v2\/users\/1"}],"replies":[{"embeddable":true,"href":"https:\/\/bautenschutz-keul.de\/angebote\/wp-json\/wp\/v2\/comments?post=631"}],"version-history":[{"count":0,"href":"https:\/\/bautenschutz-keul.de\/angebote\/wp-json\/wp\/v2\/pages\/631\/revisions"}],"wp:attachment":[{"href":"https:\/\/bautenschutz-keul.de\/angebote\/wp-json\/wp\/v2\/media?parent=631"}],"curies":[{"name":"wp","href":"https:\/\/api.w.org\/{rel}","templated":true}]}}