{"id":633,"date":"2021-09-13T08:44:40","date_gmt":"2021-09-13T06:44:40","guid":{"rendered":"https:\/\/bautenschutz-keul.de\/angebote\/aufsteigende-feuchtigkeit-bergedorf-wentorf\/"},"modified":"2021-09-13T08:44:40","modified_gmt":"2021-09-13T06:44:40","slug":"aufsteigende-feuchtigkeit-bergedorf-wentorf","status":"publish","type":"page","link":"https:\/\/bautenschutz-keul.de\/angebote\/aufsteigende-feuchtigkeit-bergedorf-wentorf\/","title":{"rendered":"aufsteigende Feuchtigkeit &#8211; Bergedorf Wentorf"},"content":{"rendered":"<h3>Aufsteigende Feuchtigkeit: Unsere Mitarbeiter stehen f\u00fcr Sie bereit!<\/h3>\n<p>Ein nasses Mauerwerk bedroht die Bausubstanz eines Hauses. Grund f\u00fcr aufsteigende Feuchtigkeit kann zum Beispiel ein erh\u00f6hter Grundwasserpegel sein.<br \/>\nAuch eine ung\u00fcnstige Hanglage eines Geb\u00e4udes kann aufsteigende Feuchtigkeit beg\u00fcnstigen. Wird das Problem zeitnah erkannt, l\u00e4sst sich die zu erhaltende Bausubstanz nachhaltig bewahren. Der Profi kennt unterschiedliche Vorgehensweisen um aufsteigende Feuchtigkeit zu bek\u00e4mpfen. Indizien f\u00fcr sind Farbver\u00e4nderungen des Mauerwerks, aufgeweichte Tapeten und ein unangenehm modriger Geruch. Sogar gesundheitsgef\u00e4hrdende Schimmelbildung kann eine Folge von durchn\u00e4ssten Mauerwerken sein. <\/p>\n<p>Ist der Grund eines Hauses nicht optimal abgedichtet, dringt Feuchtigkeit in die Mauer ein. H\u00e4ufig sind es Altbauten, die nicht gen\u00fcgend gegen aufsteigende Feuchtigkeit gesichert sind. Aber auch neue Geb\u00e4ude sind nicht grunds\u00e4tzlich vor dem Durchdringen von Feuchtigkeit gefeit. Nicht vorhandene Versiegelungen oder auch schlecht ausgef\u00fchrte Isolierungen sind vielleicht die am h\u00e4ufigsten genannten Ursachen. <\/p>\n<h3>Aufsteigende Feuchtigkeit: Fragen Sie den Sanierungsprofi!<\/h3>\n<p>Meistens wirkt eine horizontale, also waagerechte Sperre gegen aufsteigende Feuchtigkeit. Herk\u00f6mmliche Trocknungsmethoden bedeuten auf jeden Fall einen Eingriff in die Bauphysik. Dieser durchaus nicht zu verkennende Aufwand rechnet sich, wenn die qualifiziert verrichtete Arbeit zu einer st\u00e4ndigen Unterdr\u00fcckung von M\u00e4ngeln durch aufsteigende Feuchtigkeit f\u00fchrt. <\/p>\n<p>Feuchtigkeit kriecht mitunter auch durch kleinste \u00d6ffnungen im Baustoff nach oben. Es ist keinesfalls abwegig, wenn man sagt, dass aufsteigende Feuchtigkeit sich einen echten Transportweg durch die Fugen der Mauer sucht. Ein typisches Anzeichen, das aufsteigende Feuchtigkeit zeigt, sind Sch\u00e4den, die auf die unteren Bereiche vom Erdgeschoss beschr\u00e4nkt sind. Die Beurteilung und die Entfernung des Schadens ist Aufgabe f\u00fcr einen Profi. Nur der erfahrene Fachmann kennt Grund, Wirkung und wei\u00df \u00fcber die Ma\u00dfnahmen zur Schadensregulierung.<\/p>\n","protected":false},"excerpt":{"rendered":"<p>Aufsteigende Feuchtigkeit: Unsere Mitarbeiter stehen f\u00fcr Sie bereit! Ein nasses Mauerwerk bedroht die Bausubstanz eines Hauses. Grund f\u00fcr aufsteigende Feuchtigkeit kann zum Beispiel ein erh\u00f6hter Grundwasserpegel sein. Auch eine ung\u00fcnstige Hanglage eines Geb\u00e4udes kann aufsteigende Feuchtigkeit beg\u00fcnstigen. Wird das Problem zeitnah erkannt, l\u00e4sst sich die zu erhaltende Bausubstanz nachhaltig bewahren. Der Profi kennt unterschiedliche Vorgehensweisen [&hellip;]<\/p>\n","protected":false},"author":1,"featured_media":0,"parent":0,"menu_order":0,"comment_status":"closed","ping_status":"closed","template":"","meta":{"footnotes":""},"class_list":["post-633","page","type-page","status-publish","hentry"],"meta_box":{"popseo_subtitel":"Wir sind Ihr erfahrener Fachbetrieb gegen aufsteigende Feuchtigkeit in Bergedorf Wentorf","popseo_subtitel2":"Aufsteigende Feuchtigkeit - unsere Spezialisten kennen sich aus in Sachen Sanierung!","popseo_lasttitel":"aufsteigende Feuchtigkeit: Gerne beantworten wir Ihre Fragen!","popseo_region":"Bergedorf Wentorf","popseo_sachwort":"aufsteigende Feuchtigkeit","popseo_noupdate":"","popseo_einleitungstext":"<p>Sie wollen Ihre Immobilie sanieren lassen und m\u00f6chten sich \u00fcber wirksame Sanierungsmethoden informieren? Klasse, dann sind Sie bei uns genau richtig. Als auf die Sanierung fokussiertes Handwerksunternehmen, \u00fcbernehmen wir gerne Arbeiten im Bereich Abdichtung und Trockenlegung.  <\/p>\n<p>Erfahren sind wir bei der Bauwerksabdichtung und dar\u00fcber hinaus bei der Kellersanierung, der Schimmelbek\u00e4mpfung und der Rissverpressung. Wir kennen uns mit der zeitgem\u00e4\u00dfen Sanierung von Bestandsimmobilien und Neubauten bestens aus. Auf unserer Internetseite stellen wir Ihnen unsere Firma und das komplette Leistungsspektrum n\u00e4her vor. Ihr Interesse freut uns sehr.<\/p>","popseo_schlusstext":"<p>Gerne informieren wir Sie n\u00e4her \u00fcber unser Aufgabenfeld. Wir pr\u00e4sentieren Ihnen mit Vergn\u00fcgen auch einige Projekte, die Ihnen einen Einblick in unsere Unternehmenst\u00e4tigkeit geben.<br \/>\nDie Fachleute der Firma Thorsten Keul sind gerne f\u00fcr Sie im Einsatz. Rufen Sie uns doch einfach einmal an oder schicken Sie uns eine kurze E-Mail. Wir freuen uns auf Ihre Kontaktaufnahme.<\/p>","popseo_stadttext":"<h3>Unser Wirkungskreis umfasst auch Bergedorf und Wentorf<\/h3>\n<p>Durch unsere Vertriebst\u00e4tigkeit haben wir uns einen ausgezeichneten \u00dcberblick \u00fcber die Architektur der Gemeinden und St\u00e4dte unseres Einzugsbereiches erarbeiten k\u00f6nnen. Nat\u00fcrlich z\u00e4hlen auch Bergedorf und Wentorf zu unserem unmittelbaren Gesch\u00e4ftsgebiet. Wir freuen uns darauf, mit Ihnen in Kontakt zu treten. <\/p>\n<h3>Einige Details \u00fcber Bergedorf und Wentorf:<h3>\n<p>Ehemals selbst\u00e4ndig geh\u00f6rt Bergedorf heute zur Freien und Hansestadt Hamburg. Der Stadtteil liegt im S\u00fcdosten der Hansestadt und grenzt an die schleswig-holsteinischen St\u00e4dte Reinbek und Wentorf. In Bergedorf leben rund 42.000 Menschen auf einer Fl\u00e4che von 11 Quadratkilometern. Auch wenn Bergedorf schon seit dem 01. Januar 1938 keine Autonomie mehr besitzt, hat sich der Stadtteil trotzdem eine gewisse Eigenst\u00e4ndigkeit bewahrt. Fast k\u00f6nnte man sagen, Bergedorf w\u00e4re eine Art Stadt in der Stadt. Zum Stadtbezirk Bergedorf geh\u00f6ren in Summe 14 Stadtteile. Die gr\u00f6\u00dften Ortsteile sind: Allerm\u00f6he, Billwerder, Lohbr\u00fcgge, Moorfleet, Neuallerm\u00f6he, Altengamme, Curslack, Kirchwerder, Ochsenwerder und Neuengamme. Oft hinzu gez\u00e4hlt wird auch Wentorf. Dies ist allerdings nicht ganz korrekt, da Wentorf zum schleswig-holsteinischen Landkreis Herzogtum Lauenburg z\u00e4hlt.  <\/p>\n<p>In Bergedorf zu wohnen bedeutet, die Vorz\u00fcge der Stadt zu genie\u00dfen ohne gleichzeitig auf kleinst\u00e4dtischen Charme zu verzichten. Die Wohnviertel von Bergedorf sind gekennzeichnet von Einzel- oder Mehrfamilienhausbebauung. Gr\u00f6\u00dfere Wohnblocks findet man in Bergedorf vor allem in der N\u00e4he des Ortszentrums. Die Infrastruktur \u00fcberzeugt: Im innerst\u00e4dtischen Bereich von Bergedorf finden sich sehr gute Einkaufsm\u00f6glichkeiten. <\/p>\n<h3>Bergedorf und Wentorf haben Charme!<\/h3>\n<p>Ob in den Passagen oder in der Fu\u00dfg\u00e4ngerzone: In Bergedorf l\u00e4sst es sich wirklich entspannt bummeln. Und wer danach das Bed\u00fcrfnis nach ein wenig Entspannung hat, macht Halt in einem der zahllosen behaglichen Restaurants und Caf\u00e9s. Bergedorf ist an den Hamburger Verkehrsverbund angebunden. Mit der S-Bahnlinie S2 erreicht man den Hauptbahnhof in weniger als 25 Minuten. Auch mit dem Auto kommt man schnell nach Bergedorf: \u00dcber die B 5 und 207 gelangt man unmittelbar ins Stadtgebiet. Die Menschen aus Bergedorf genie\u00dft besonders den prima Mix ihres Stadtteils. Eine wachsende Wirtschaft, die nahegelegenen Naturgebiete sowie die \u00fcberzeugenden Freizeit- und Kulturangebote machen Bergedorf zu einem Quartier mit extrem  hoher Lebensqualit\u00e4t.<\/p>\n<p>Auch Wentorf grenzt direkt an Bergedorf, die \u00dcberg\u00e4nge sind fast flie\u00dfend. Als typisches Wohnquartier ist Wentorf speziell bei Berufspendlern beliebt. Eine hervorragende Infrastruktur, die N\u00e4he zur Stadt und eine ausgezeichnete Anbindung sprechen f\u00fcr Wentorf. <\/p>\n<h4>Hohe Qualit\u00e4t f\u00fcr Kunden aus Bergedorf und Wentorf<\/h4>\n<p>Wir finden es super, dass Sie unsere Website gefunden haben. Ob Wentorf oder Bergedorf: Unsere Erfahrung und die Qualit\u00e4t von Material und Ausf\u00fchrung garantiert Ihnen ein sehr gutes Preis-Leistungsverh\u00e4ltnis. Sie m\u00f6chten mehr \u00fcber uns erfahren? F\u00fcr R\u00fcckfragen stehen wir Ihnen jederzeit zur Verf\u00fcgung. Auf den Kontakt zu Ihnen freuen wir uns.<\/p>","popseo_zusatztext":"<h3>Beim Abdichten sind wir Profi<\/h3>\n<p>Sie haben einen N\u00e4sseschaden festgestellt und m\u00fcssen die betroffenen Bereiche nun z\u00fcgig abdichten. Sch\u00f6n, dass Sie uns gefunden haben! Als routiniertes Fachunternehmen der Bauwirtschaft kennen wir uns sehr gut aus mit dem Abdichten von Mauern, W\u00e4nden oder Kellern.  <\/p>\n<p>Feuchtigkeitssch\u00e4den sind unsere Fachkompetenz: F\u00fcr unseren Betrieb geh\u00f6rt das Abdichten von Kellern, W\u00e4nden oder Mauern zur allt\u00e4glichen Arbeit. Wir gehen der Ursache f\u00fcr den N\u00e4sseeintritt sorgf\u00e4ltig auf den Grund. Vor dem konkreten Abdichten muss zun\u00e4chst einmal die Ursachenforschung stehen. Erst wenn man den definitiven Grund f\u00fcr die Durchfeuchtung entdeckt hat, kann man mit dem Abdichten anfangen. Die Bestandsaufnahme gibt die Richtung vor, den das Abdichten eines Bauk\u00f6rpers umfassen muss.  <\/p>\n<h4>Abdichten: Schnelle Hilfe durch den Fachbetrieb!<\/h4>\n<p>Z\u00f6gern Sie bitte nicht und verabreden Sie noch heute einen Termin mit einem unserer routinierten Spezialisten. Ein kurzer Telefonanruf oder auch eine kurze E-Mail gen\u00fcgen! Bei einer Analyse direkt am gesch\u00e4digten Objekt, nehmen wir den Schaden auf und entwerfen danach ein Konzept f\u00fcr das nachhaltige Abdichten der gesch\u00e4digten Bereiche. Unsere Arbeit ist grunds\u00e4tzlich zweckorientiert: Nat\u00fcrlich flie\u00dfen auch wirtschaftliche Aspekte in unsere Entscheidungsfindung f\u00fcr das Abdichten Ihres Geb\u00e4udes mit ein. Alles aus einer Hand: Unsere dynamischen Fachkr\u00e4fte f\u00fchren s\u00e4mtliche erforderlichen Arbeiten, die zum Abdichten dazugeh\u00f6ren zeitnah und zuverl\u00e4ssig aus. Bereits seit Jahren ist unsere Firma f\u00fcr eine hohe Qualit\u00e4t bekannt. Eine unserer Schwerpunkte liegt im Abdichten von Gesch\u00e4fts- und Wohngeb\u00e4uden. Setzen Sie auf Kompetenz und beauftragen Sie uns f\u00fcr das Abdichten von neuralgischen Stellen im Mauerwerk. Wir freuen uns darauf, auch Ihnen helfen zu k\u00f6nnen.<\/p>","popseo_links":"<a href=\"https:\/\/bautenschutz-keul.de\/angebote\/feuchter-keller-uelzen\/\">Feuchter Keller Uelzen<\/a>, <a href=\"https:\/\/bautenschutz-keul.de\/angebote\/schimmelsanierung-hanstedt\/\">Schimmelsanierung Hanstedt<\/a>, <a href=\"https:\/\/bautenschutz-keul.de\/angebote\/feuchter-keller-bardowick\/\">Feuchter Keller Bardowick<\/a>, <a href=\"https:\/\/bautenschutz-keul.de\/angebote\/innenabdichtung-uelzen\/\">Innenabdichtung Uelzen<\/a>, <a href=\"https:\/\/bautenschutz-keul.de\/angebote\/bauwerksabdichtung-boizenburg\/\">Bauwerksabdichtung Boizenburg<\/a>, <a href=\"https:\/\/bautenschutz-keul.de\/angebote\/kellertrockenlegung-lueneburg\/\">Kellertrockenlegung L\u00fcneburg<\/a>, <a href=\"https:\/\/bautenschutz-keul.de\/angebote\/feuchter-keller-lueneburg\/\">Feuchter Keller L\u00fcneburg<\/a>, <a href=\"https:\/\/bautenschutz-keul.de\/angebote\/schimmelsanierung-brietlingen\/\">Schimmelsanierung Brietlingen<\/a>, <a href=\"https:\/\/bautenschutz-keul.de\/angebote\/bauwerksabdichtung-glinde-sachsenwald\/\">Bauwerksabdichtung Glinde Sachsenwald<\/a>, <a href=\"https:\/\/bautenschutz-keul.de\/angebote\/salpeter-im-keller-tostedt-sittensen\/\">Salpeter im Keller Tostedt Sittensen<\/a>, <a href=\"https:\/\/bautenschutz-keul.de\/angebote\/feuchter-keller-salzhausen\/\">Feuchter Keller Salzhausen<\/a>, <a href=\"https:\/\/bautenschutz-keul.de\/angebote\/feuchte-wand-herzogtum-lauenburg\/\">Feuchte Wand Herzogtum Lauenburg<\/a>, <a href=\"https:\/\/bautenschutz-keul.de\/angebote\/salpeter-im-keller-uelzen\/\">Salpeter im Keller Uelzen<\/a>, <a href=\"https:\/\/bautenschutz-keul.de\/angebote\/kellersanierung-buechen\/\">Kellersanierung B\u00fcchen<\/a>, <a href=\"https:\/\/bautenschutz-keul.de\/angebote\/kellertrockenlegung-ebstorf\/\">Kellertrockenlegung Ebstorf<\/a>, <a href=\"https:\/\/bautenschutz-keul.de\/angebote\/kellersanierung-bispingen\/\">Kellersanierung Bispingen<\/a>, <a href=\"https:\/\/bautenschutz-keul.de\/angebote\/kellerabdichtung-boizenburg\/\">Kellerabdichtung Boizenburg<\/a>, <a href=\"https:\/\/bautenschutz-keul.de\/angebote\/schimmelbeseitigung-schwarzenbek\/\">Schimmelbeseitigung Schwarzenbek<\/a>, <a href=\"https:\/\/bautenschutz-keul.de\/angebote\/horizontalsperre-ebstorf\/\">Horizontalsperre Ebstorf<\/a>, <a href=\"https:\/\/bautenschutz-keul.de\/angebote\/feuchtigkeit-tostedt-sittensen\/\">Feuchtigkeit Tostedt Sittensen<\/a>, <a href=\"https:\/\/bautenschutz-keul.de\/angebote\/zerstoerter-putz-harburg\/\">zerst\u00f6rter Putz Harburg<\/a>, <a href=\"https:\/\/bautenschutz-keul.de\/angebote\/kellertrockenlegung-hanstedt\/\">Kellertrockenlegung Hanstedt<\/a>, <a href=\"https:\/\/bautenschutz-keul.de\/angebote\/schimmelsanierung-glinde-sachsenwald\/\">Schimmelsanierung Glinde Sachsenwald<\/a>, <a href=\"https:\/\/bautenschutz-keul.de\/angebote\/mauertrockenlegung-reppenstedt\/\">Mauertrockenlegung Reppenstedt<\/a>, <a href=\"https:\/\/bautenschutz-keul.de\/angebote\/schimmelsanierung-bienenbuettel\/\">Schimmelsanierung Bienenb\u00fcttel<\/a>, <a href=\"https:\/\/bautenschutz-keul.de\/angebote\/schimmelbeseitigung-bergedorf-wentorf\/\">Schimmelbeseitigung Bergedorf Wentorf<\/a>, <a href=\"https:\/\/bautenschutz-keul.de\/angebote\/schimmelbeseitigung-uelzen\/\">Schimmelbeseitigung Uelzen<\/a>, <a href=\"https:\/\/bautenschutz-keul.de\/angebote\/feuchtigkeitsschaden-bardowick\/\">Feuchtigkeitsschaden Bardowick<\/a>, <a href=\"https:\/\/bautenschutz-keul.de\/angebote\/salpeter-im-keller-jesteburg\/\">Salpeter im Keller Jesteburg<\/a>, <a href=\"https:\/\/bautenschutz-keul.de\/angebote\/mauertrockenlegung-amelinghausen\/\">Mauertrockenlegung Amelinghausen<\/a>"},"_links":{"self":[{"href":"https:\/\/bautenschutz-keul.de\/angebote\/wp-json\/wp\/v2\/pages\/633","targetHints":{"allow":["GET"]}}],"collection":[{"href":"https:\/\/bautenschutz-keul.de\/angebote\/wp-json\/wp\/v2\/pages"}],"about":[{"href":"https:\/\/bautenschutz-keul.de\/angebote\/wp-json\/wp\/v2\/types\/page"}],"author":[{"embeddable":true,"href":"https:\/\/bautenschutz-keul.de\/angebote\/wp-json\/wp\/v2\/users\/1"}],"replies":[{"embeddable":true,"href":"https:\/\/bautenschutz-keul.de\/angebote\/wp-json\/wp\/v2\/comments?post=633"}],"version-history":[{"count":0,"href":"https:\/\/bautenschutz-keul.de\/angebote\/wp-json\/wp\/v2\/pages\/633\/revisions"}],"wp:attachment":[{"href":"https:\/\/bautenschutz-keul.de\/angebote\/wp-json\/wp\/v2\/media?parent=633"}],"curies":[{"name":"wp","href":"https:\/\/api.w.org\/{rel}","templated":true}]}}