{"id":635,"date":"2021-09-13T08:44:40","date_gmt":"2021-09-13T06:44:40","guid":{"rendered":"https:\/\/bautenschutz-keul.de\/angebote\/aufsteigende-feuchtigkeit-bispingen\/"},"modified":"2021-09-13T08:44:40","modified_gmt":"2021-09-13T06:44:40","slug":"aufsteigende-feuchtigkeit-bispingen","status":"publish","type":"page","link":"https:\/\/bautenschutz-keul.de\/angebote\/aufsteigende-feuchtigkeit-bispingen\/","title":{"rendered":"aufsteigende Feuchtigkeit &#8211; Bispingen"},"content":{"rendered":"<h3>Aufsteigende Feuchtigkeit: Schnelle Hilfe durch den Fachbetrieb!<\/h3>\n<p>Ein durchfeuchtetes Mauerwerk bedroht die Bausubstanz einer Immobilie. Grund f\u00fcr aufsteigende Feuchtigkeit k\u00f6nnte unter anderem ein erh\u00f6hter Grundwasserspiegel sein.<br \/>\nAuch eine nachteilige Hanglage eines Geb\u00e4udes kann aufsteigende Feuchtigkeit unterst\u00fctzen. Wird das Problem rechtzeitig erkannt, l\u00e4sst sich die zu erhaltende Bausubstanz auf Dauer bewahren. Der Spezialist kennt unterschiedliche Methoden um aufsteigende Feuchtigkeit zu bek\u00e4mpfen. Hinweise f\u00fcr sind Farbver\u00e4nderungen des Mauerwerks, wellige Tapeten oder auch ein unangenehm muffiger Geruch. Sogar gef\u00e4hrliche Schimmelentstehung kann die das Ergebnis von durchfeuchteten Mauern sein. <\/p>\n<p>Ist der Grund eines Geb\u00e4udes nicht fachgerecht abgedichtet, dringt Feuchtigkeit in die Mauer ein. H\u00e4ufig sind es \u00e4ltere Immobilien, die nicht gen\u00fcgend gegen aufsteigende Feuchtigkeit gesichert sind. Auch neue Geb\u00e4ude sind nicht immer vor dem Eindringen von Wasser gefeit. Nicht vorhandene Versiegelungen oder defekte Isolierungen sind vielleicht die am h\u00e4ufigsten genannten Ursachen. <\/p>\n<h3>Aufsteigende Feuchtigkeit: Unsere Firma behebt den Schaden!<\/h3>\n<p>Regelm\u00e4\u00dfig wirkt eine horizontale, also waagerechte Sperre gegen aufsteigende Feuchtigkeit. Herk\u00f6mmliche Trocknungsverfahren bedeuten immer einen Eingriff in die Bausubstanz. Der durchaus nicht zu untersch\u00e4tzende Einsatz rentiert sich, wenn die fachgerecht verrichtete Arbeit zu einer dauerhaften Vermeidung von M\u00e4ngeln durch aufsteigende Feuchtigkeit f\u00fchrt. <\/p>\n<p>Feuchte kriecht mitunter schon durch minimalste Undichtigkeiten im Baustoff nach oben. Es ist keinesfalls abwegig, falls man sagt, dass aufsteigende Feuchtigkeit sich einen echten Transportweg durch die Fugen der Mauer bahnt. Ein regelrechtes Kennzeichen, das aufsteigende Feuchtigkeit aufweist, sind Besch\u00e4digungen, die auf die unteren Fl\u00e4chen vom Erdgeschoss begrenzt sind. Die Diagnose und die Entfernung des Schadens ist Aufgabe f\u00fcr einen Fachmann. Nur der erfahrene Fachmann kennt Grund, Wirkung und wei\u00df \u00fcber die Ma\u00dfnahmen zur Schadensbegrenzung.<\/p>\n","protected":false},"excerpt":{"rendered":"<p>Aufsteigende Feuchtigkeit: Schnelle Hilfe durch den Fachbetrieb! Ein durchfeuchtetes Mauerwerk bedroht die Bausubstanz einer Immobilie. Grund f\u00fcr aufsteigende Feuchtigkeit k\u00f6nnte unter anderem ein erh\u00f6hter Grundwasserspiegel sein. Auch eine nachteilige Hanglage eines Geb\u00e4udes kann aufsteigende Feuchtigkeit unterst\u00fctzen. Wird das Problem rechtzeitig erkannt, l\u00e4sst sich die zu erhaltende Bausubstanz auf Dauer bewahren. Der Spezialist kennt unterschiedliche Methoden [&hellip;]<\/p>\n","protected":false},"author":1,"featured_media":0,"parent":0,"menu_order":0,"comment_status":"closed","ping_status":"closed","template":"","meta":{"footnotes":""},"class_list":["post-635","page","type-page","status-publish","hentry"],"meta_box":{"popseo_subtitel":"Wir sind Ihr erfahrener Experte gegen aufsteigende Feuchtigkeit im Raum Bispingen","popseo_subtitel2":"Aufsteigende Feuchtigkeit - wir beraten Sie zum Thema Sanierung!","popseo_lasttitel":"aufsteigende Feuchtigkeit: Wir informieren Sie gerne auch pers\u00f6nlich!","popseo_region":"Bispingen","popseo_sachwort":"aufsteigende Feuchtigkeit","popseo_noupdate":"","popseo_einleitungstext":"<p>Sie haben sich mit dem Thema Bauwerksabdichtung auseinandergesetzt, da Ihre Immobilie feuchte Geb\u00e4udeteile aufweist und Sie nach Methoden einer professionellen und vor allem wirksamen Sanierung Ausschau halten. Super, dass sie uns gefunden haben. Auf den folgenden Seiten d\u00fcrfen wir Ihnen n\u00e4here Informationen zu unserem Leistungsspektrum geben. Sie lernen auf dieser Website unsere Firma n\u00e4her kennen. <\/p>\n<p>Unser Unternehmen ist ein qualifizierter und erfahrener Fachbetrieb mit Sitz in Brietlingen bei L\u00fcneburg. Seit vielen Jahren schon sind wir Ihr Spezialist f\u00fcr s\u00e4mtliche Fragen rund um Geb\u00e4udeabdichtung. Wir setzen ausschlie\u00dflich effektive und praxisbew\u00e4hrte Sanierungsmethoden und -systeme ein. Als Sanierungsfachbetrieb schauen wir auf eine lange und intensive Berufserfahrung zur\u00fcck. Unsere versierten Fachkr\u00e4fte informieren Sie mit Vergn\u00fcgen im Detail.<\/p>","popseo_schlusstext":"<p>Sie suchen einen Spezialisten f\u00fcr die fachgerecht ausgef\u00fchrte Bauwerksabdichtung. Dann kontaktieren Sie uns bitte schnell. Wir freuen uns auf Ihren Anruf oder Ihre E-Mail. Wenn es um Sanierung geht, sind wir Ihr qualifizierter Handwerkspartner. Wir garantieren eine einwandfrei ausgef\u00fchrte Arbeit nach dem jeweils neuesten Stand der Technik.<\/p>","popseo_stadttext":"<h3>Unser Leistungsprogramm f\u00fcr Kunden aus Bispingen<\/h3>\n<p>Bispingen ist eine Einheitsgemeinde im Zentrum der L\u00fcneburger Heide. Formell z\u00e4hlt die Gemeinde zum Kreis Heidekreis. Bispingen hat knapp 6.000 gemeldete B\u00fcrger und erstreckt sich \u00fcber eine Fl\u00e4che von rund 128 Quadratkilometer. Man erreicht man den Ort mit dem PKW \u00fcber die Bundesautobahn BAB 7. Unmittelbar an der Abfahrt 43 sieht man schon von Weitem dem Snowdome Bispingen, eine Skihalle, die sich seit dem Jahr 2006 gr\u00f6\u00dfter Beliebtheit erfreut<\/p>\n<p>Durch unsere Gesch\u00e4ftst\u00e4tigkeit haben wir uns einen ausgezeichneten \u00dcberblick \u00fcber die Architektur der Gemeinden und St\u00e4dte unseres Einzugsbereiches machen k\u00f6nnen. Sie kommen aus Bispingen und sind hier im World Wide Web auf unsere Website gesto\u00dfen? Das finden wir klasse. Gerne pr\u00e4sentieren wir Ihnen unser komplettes Leistungsspektrum und beantworten Ihre Fragen. Wir freuen uns darauf, mit Ihnen ins Gespr\u00e4ch zu kommen. <\/p>\n<h3>Leben und Arbeiten in Bispingen<\/h3>\n<p>Durch die die Gemeinde umgebende Heideregion und den Snow Dome ist die attraktive Gemeinde touristisch besonders interessant. Neben einem guten Mix von verschiedenen Fachgesch\u00e4ften, finden sich auch etliche Pensionen, Hotels und Gastst\u00e4tten im Gemeindegebiet.  Bispingen ist ansonsten ein sehr familienfreundlicher Ort und bietet den B\u00fcrgern ein absolut abwechslungsreiches Umfeld zum Arbeiten und Leben. Die Gemeinde Bispingen hat eine funktionierende Infrastruktur und bestens ausgebaute Wohngebiete. Die Einzelhausbebauung dominiert. Gr\u00f6\u00dfere Wohnanlagen gibt es in Bispingen nicht.<\/p>\n<h4>Wir f\u00fcr Sie in Bispingen!<\/h4>\n<p>Sie leben in Bispingen oder Umgebung und interessieren sich f\u00fcr unser Leistungsangebot. Toll, dass Sie diese Website gefunden haben. F\u00fcr R\u00fcckfragen sind wir jederzeit f\u00fcr Sie da. Auf den Kontakt zu Ihnen freuen wir uns.<\/p>","popseo_zusatztext":"<h3>Beim Abdichten sind wir Profi<\/h3>\n<p>Sie haben einen Feuchtigkeitsschaden entdeckt und m\u00fcssen die entsprechenden Mauerbereiche nun so schnell wie m\u00f6glich abdichten. Sch\u00f6n, dass Sie uns gefunden haben! Als erfahrenes Fachunternehmen der Bauwirtschaft kennen wir uns sehr gut aus mit dem Abdichten von Kellern, Mauern oder W\u00e4nden.  <\/p>\n<p>Feuchtigkeitssch\u00e4den sind unsere Fachkompetenz: F\u00fcr unsere Firma geh\u00f6rt das Abdichten von W\u00e4nden, Mauern oder Kellern zur allt\u00e4glichen Arbeit. Wir gehen der Ursache f\u00fcr den Wassereintritt gr\u00fcndlich auf den Grund. Vor dem eigentlichen Abdichten muss allerdings die Ursachenforschung stehen. Erst wenn man den konkreten Grund f\u00fcr eine Durchn\u00e4ssung entdeckt hat, kann man mit dem Abdichten anfangen. Die Analyse gibt die Marschrichtung vor, den das Abdichten eines Bauk\u00f6rpers beinhalten muss.  <\/p>\n<h4>Abdichten: Beste Arbeit durch den Fachbetrieb<\/h4>\n<p>Z\u00f6gern Sie bitte nicht und verabreden Sie zeitnah einen Termin mit einem unserer qualifizierten Mitarbeiter. Ein kurzer Telefonanruf beziehungsweise eine kurze e-Mail gen\u00fcgen! Bei einer Analyse direkt am entsprechenden Objekt, nehmen wir den Schaden auf und entwerfen daraufhin ein Konzept f\u00fcr das langfristige Abdichten der betroffenen Bereiche. Unsere Arbeit ist stets zweckorientiert: Selbstverst\u00e4ndlich flie\u00dfen auch \u00f6konomische Betrachtungen in unsere Entscheidungsfindung f\u00fcr das Abdichten Ihres Hauses mit ein. Alles komplett aus einer Hand: Unsere dynamischen Angestellten f\u00fchren alle notwendigen T\u00e4tigkeiten, die zum Abdichten geh\u00f6ren zeitnah und verl\u00e4sslich aus. Bereits seit Jahren ist unser Haus f\u00fcr eine hohe Fachkompetenz bekannt. Eine unserer Kernkompetenzen liegt im Abdichten von Wohn- und Gesch\u00e4ftsgeb\u00e4uden. Setzen Sie auf Kompetenz und beauftragen Sie unser Unternehmen f\u00fcr das Abdichten von neuralgischen Stellen im Mauerwerk. Wir freuen uns darauf, auch Ihnen helfen zu k\u00f6nnen.<\/p>","popseo_links":"<a href=\"https:\/\/bautenschutz-keul.de\/angebote\/aussenabdichtung-maschen\/\">Au\u00dfenabdichtung Maschen<\/a>, <a href=\"https:\/\/bautenschutz-keul.de\/angebote\/aussenabdichtung-glinde-sachsenwald\/\">Au\u00dfenabdichtung Glinde Sachsenwald<\/a>, <a href=\"https:\/\/bautenschutz-keul.de\/angebote\/kellerabdichtung-herzogtum-lauenburg\/\">Kellerabdichtung Herzogtum Lauenburg<\/a>, <a href=\"https:\/\/bautenschutz-keul.de\/angebote\/horizontalsperre-buechen\/\">Horizontalsperre B\u00fcchen<\/a>, <a href=\"https:\/\/bautenschutz-keul.de\/angebote\/kellersanierung-buechen\/\">Kellersanierung B\u00fcchen<\/a>, <a href=\"https:\/\/bautenschutz-keul.de\/angebote\/innenabdichtung-boizenburg\/\">Innenabdichtung Boizenburg<\/a>, <a href=\"https:\/\/bautenschutz-keul.de\/angebote\/mauertrockenlegung-maschen\/\">Mauertrockenlegung Maschen<\/a>, <a href=\"https:\/\/bautenschutz-keul.de\/angebote\/feuchtigkeit-seevetal-rosengarten\/\">Feuchtigkeit Seevetal Rosengarten<\/a>, <a href=\"https:\/\/bautenschutz-keul.de\/angebote\/aufsteigende-feuchtigkeit-brietlingen\/\">aufsteigende Feuchtigkeit Brietlingen<\/a>, <a href=\"https:\/\/bautenschutz-keul.de\/angebote\/feuchtigkeitsschaden-amt-neuhaus\/\">Feuchtigkeitsschaden Amt Neuhaus<\/a>, <a href=\"https:\/\/bautenschutz-keul.de\/angebote\/kellertrockenlegung-bienenbuettel\/\">Kellertrockenlegung Bienenb\u00fcttel<\/a>, <a href=\"https:\/\/bautenschutz-keul.de\/angebote\/feuchte-mauer-geesthacht\/\">Feuchte Mauer Geesthacht<\/a>, <a href=\"https:\/\/bautenschutz-keul.de\/angebote\/kellertrockenlegung-herzogtum-lauenburg\/\">Kellertrockenlegung Herzogtum Lauenburg<\/a>, <a href=\"https:\/\/bautenschutz-keul.de\/angebote\/schimmelbeseitigung-uelzen\/\">Schimmelbeseitigung Uelzen<\/a>, <a href=\"https:\/\/bautenschutz-keul.de\/angebote\/feuchte-wand-amelinghausen\/\">Feuchte Wand Amelinghausen<\/a>, <a href=\"https:\/\/bautenschutz-keul.de\/angebote\/zerstoerter-putz-herzogtum-lauenburg\/\">zerst\u00f6rter Putz Herzogtum Lauenburg<\/a>, <a href=\"https:\/\/bautenschutz-keul.de\/angebote\/feuchtigkeitsschaden-seevetal-rosengarten\/\">Feuchtigkeitsschaden Seevetal Rosengarten<\/a>, <a href=\"https:\/\/bautenschutz-keul.de\/angebote\/feuchte-wand-schwarzenbek\/\">Feuchte Wand Schwarzenbek<\/a>, <a href=\"https:\/\/bautenschutz-keul.de\/angebote\/rissverpressung-herzogtum-lauenburg\/\">Rissverpressung Herzogtum Lauenburg<\/a>, <a href=\"https:\/\/bautenschutz-keul.de\/angebote\/schimmelbeseitigung-bispingen\/\">Schimmelbeseitigung Bispingen<\/a>, <a href=\"https:\/\/bautenschutz-keul.de\/angebote\/kellersanierung-adendorf\/\">Kellersanierung Adendorf<\/a>, <a href=\"https:\/\/bautenschutz-keul.de\/angebote\/kellersanierung-harburg\/\">Kellersanierung Harburg<\/a>, <a href=\"https:\/\/bautenschutz-keul.de\/angebote\/schimmelbeseitigung-reppenstedt\/\">Schimmelbeseitigung Reppenstedt<\/a>, <a href=\"https:\/\/bautenschutz-keul.de\/angebote\/schimmel-salzhausen\/\">Schimmel Salzhausen<\/a>, <a href=\"https:\/\/bautenschutz-keul.de\/angebote\/feuchtigkeit-geesthacht\/\">Feuchtigkeit Geesthacht<\/a>, <a href=\"https:\/\/bautenschutz-keul.de\/angebote\/kellersanierung-stelle\/\">Kellersanierung Stelle<\/a>, <a href=\"https:\/\/bautenschutz-keul.de\/angebote\/feuchte-mauer-tostedt-sittensen\/\">Feuchte Mauer Tostedt Sittensen<\/a>, <a href=\"https:\/\/bautenschutz-keul.de\/angebote\/feuchter-keller-schwarzenbek\/\">Feuchter Keller Schwarzenbek<\/a>, <a href=\"https:\/\/bautenschutz-keul.de\/angebote\/kellersanierung-brietlingen\/\">Kellersanierung Brietlingen<\/a>, <a href=\"https:\/\/bautenschutz-keul.de\/angebote\/kellersanierung-bad-bevensen\/\">Kellersanierung Bad Bevensen<\/a>"},"_links":{"self":[{"href":"https:\/\/bautenschutz-keul.de\/angebote\/wp-json\/wp\/v2\/pages\/635","targetHints":{"allow":["GET"]}}],"collection":[{"href":"https:\/\/bautenschutz-keul.de\/angebote\/wp-json\/wp\/v2\/pages"}],"about":[{"href":"https:\/\/bautenschutz-keul.de\/angebote\/wp-json\/wp\/v2\/types\/page"}],"author":[{"embeddable":true,"href":"https:\/\/bautenschutz-keul.de\/angebote\/wp-json\/wp\/v2\/users\/1"}],"replies":[{"embeddable":true,"href":"https:\/\/bautenschutz-keul.de\/angebote\/wp-json\/wp\/v2\/comments?post=635"}],"version-history":[{"count":0,"href":"https:\/\/bautenschutz-keul.de\/angebote\/wp-json\/wp\/v2\/pages\/635\/revisions"}],"wp:attachment":[{"href":"https:\/\/bautenschutz-keul.de\/angebote\/wp-json\/wp\/v2\/media?parent=635"}],"curies":[{"name":"wp","href":"https:\/\/api.w.org\/{rel}","templated":true}]}}