{"id":638,"date":"2021-09-13T08:44:40","date_gmt":"2021-09-13T06:44:40","guid":{"rendered":"https:\/\/bautenschutz-keul.de\/angebote\/aufsteigende-feuchtigkeit-buchholz-in-der-nordheide\/"},"modified":"2021-09-13T08:44:40","modified_gmt":"2021-09-13T06:44:40","slug":"aufsteigende-feuchtigkeit-buchholz-in-der-nordheide","status":"publish","type":"page","link":"https:\/\/bautenschutz-keul.de\/angebote\/aufsteigende-feuchtigkeit-buchholz-in-der-nordheide\/","title":{"rendered":"aufsteigende Feuchtigkeit &#8211; Buchholz in der Nordheide"},"content":{"rendered":"<h3>Aufsteigende Feuchtigkeit: Wir helfen schnell und kompetent!<\/h3>\n<p>Ein nasses Mauerwerk gef\u00e4hrdet die Bausubstanz eines Geb\u00e4udes. Grund f\u00fcr aufsteigende Feuchtigkeit kann u.a. ein hoher Grundwasserpegel sein.<br \/>\nAuch eine nachteilige Hanglage eines Hauses kann aufsteigende Feuchtigkeit beg\u00fcnstigen. Wird das Problem rechtzeitig entdeckt, l\u00e4sst sich die zu erhaltende Bausubstanz auf Dauer bewahren. Der Spezialist kennt diverse M\u00f6glichkeiten um aufsteigende Feuchtigkeit zu einzud\u00e4mmen. Indizien f\u00fcr sind Farbver\u00e4nderungen der Mauern, durchweichte Tapeten oder auch ein unangenehm muffiger Geruch. Sogar gef\u00e4hrliche Schimmelbildung kann eine Folge von durchfeuchteten Mauerwerken sein. <\/p>\n<p>Ist der Grund eines Bauwerkes nicht ausreichend abgedichtet, sickert Feuchtigkeit in das Mauerwerk ein. Zumeist sind es \u00e4ltere H\u00e4user, die nicht ausreichend gegen aufsteigende Feuchtigkeit gesch\u00fctzt sind. Aber auch neue Geb\u00e4ude sind nicht immer vor dem Einsickern von N\u00e4sse gefeit. Fehlende Abdichtungen und defekte D\u00e4mmungen sind vermutlich die am h\u00e4ufigsten genannten Gr\u00fcnde. <\/p>\n<h3>Sie ben\u00f6tigen Hilfe gegen aufsteigende Feuchtigkeit? Dann rufen Sie uns bitte an!<\/h3>\n<p>Sehr oft hilft eine horizontale, also waagerechte Sperre gegen aufsteigende Feuchtigkeit. Gebr\u00e4uchliche Trocknungsverfahren bedeuten auf jeden Fall einen Eingriff in die Bausubstanz. Dieser jedenfalls nicht zu verkennende Einsatz rentiert sich, falls die fachgerecht ausgef\u00fchrte Arbeit zu einer nachhaltigen Unterdr\u00fcckung von Sch\u00e4den durch aufsteigende Feuchtigkeit f\u00fchrt. <\/p>\n<p>Bodenfeuchte gelangt mitunter schon durch geringste \u00d6ffnungen im Baumaterial nach oben. Es ist keinesfalls verwunderlich, wenn man sagt, dass aufsteigende Feuchtigkeit sich einen regelrechten Transportweg durch die Fugen der Mauer sucht. Ein typisches Merkmal, das aufsteigende Feuchtigkeit aufweist, sind Sch\u00e4den, die auf die unteren Bereiche vom Erdgeschoss beschr\u00e4nkt sind. Die Diagnose und die Beseitigung des Schadens ist Arbeit f\u00fcr einen Profi. Nur der erfahrene Spezialist \u00fcberblickt Ursache, Wirkung und wei\u00df \u00fcber die Methoden zur Schadensbegrenzung.<\/p>\n","protected":false},"excerpt":{"rendered":"<p>Aufsteigende Feuchtigkeit: Wir helfen schnell und kompetent! Ein nasses Mauerwerk gef\u00e4hrdet die Bausubstanz eines Geb\u00e4udes. Grund f\u00fcr aufsteigende Feuchtigkeit kann u.a. ein hoher Grundwasserpegel sein. Auch eine nachteilige Hanglage eines Hauses kann aufsteigende Feuchtigkeit beg\u00fcnstigen. Wird das Problem rechtzeitig entdeckt, l\u00e4sst sich die zu erhaltende Bausubstanz auf Dauer bewahren. Der Spezialist kennt diverse M\u00f6glichkeiten um [&hellip;]<\/p>\n","protected":false},"author":1,"featured_media":0,"parent":0,"menu_order":0,"comment_status":"closed","ping_status":"closed","template":"","meta":{"footnotes":""},"class_list":["post-638","page","type-page","status-publish","hentry"],"meta_box":{"popseo_subtitel":"Die Firma TK-Geb\u00e4udetechnik Thorsten Keul ist Ihr erfahrener Experte gegen aufsteigende Feuchtigkeit im Raum Buchholz in der Nordheide","popseo_subtitel2":"Aufsteigende Feuchtigkeit - unsere Experten informieren Sie gerne \u00fcber Sanierungsm\u00f6glichkeiten","popseo_lasttitel":"aufsteigende Feuchtigkeit: Treten Sie in Kontakt mit uns!","popseo_region":"Buchholz in der Nordheide","popseo_sachwort":"aufsteigende Feuchtigkeit","popseo_noupdate":"","popseo_einleitungstext":"<p>Kellerr\u00e4ume, W\u00e4nde oder Mauern Ihres Wohn- oder Gesch\u00e4ftsgeb\u00e4udes weisen Durchfeuchtungen und damit einen echten Sanierungbedarf auf. Dann ist es h\u00f6chste Eisenbahn, sich \u00fcber eine sachgerechte Trocknung Gedanken zu machen. Unser Fachbetrieb ist auf die Bauwerksabdichtung spezialisiert. Zu den Schwerpunkten unseres Betriebes z\u00e4hlen zum Beispiel die Bereiche Schimmelbeseitigung, Mauertrockenlegung und Kellerabdichtung. Der nachhaltigen Sanierung gilt unsere Aufmersamkeit. Wir beraten qualifiziert, wie Sie Ihr Geb\u00e4ude preisg\u00fcnstig und umweltgerecht sanieren k\u00f6nnen. Ein paar erste Informationen dazu lesen Sie nachfolgend.<\/p>","popseo_schlusstext":"<p>Sie haben eine Frage zu unseren Leistungen? Wenn Sie m\u00f6chten, informieren wir Sie n\u00e4her \u00fcber unser gesamtes T\u00e4tigkeitsspektrum. Mit Vergn\u00fcgen zeigen wir Ihnen einige Projekte, die Ihnen einen Einblick in unsere Arbeit geben. Rufen Sie uns doch einfach einmal an oder senden Sie uns eine E-Mail. Unser freundliches Team arbeitet fachkundig und immer kundenorientiert. Nehmen Sie telefonisch Kontakt mit uns auf: <\/p>\n<p>04133 \u2013 22 37 940<\/p>","popseo_stadttext":"<h3>Unsere Leistung auch in Buchholz i.d. Nordheide<\/h3>\n<p>Buchholz geh\u00f6rt zum nieders\u00e4chsischen Kreis Harburg und befindet sich in der Nordheide. Um Verwechslungen mit anderen Orten zu verhindern, tr\u00e4gt die Stadt Buchholz offiziell die Namenserweiterung \"Buchholz in der Nordheide\". Durch unsere Gesch\u00e4ftst\u00e4tigkeit haben wir uns einen guten \u00dcberblick \u00fcber die Architektur der Gemeinden und St\u00e4dte unseres Einzugsbereiches machen k\u00f6nnen. Nat\u00fcrlich geh\u00f6rt auch Buchholz i.d. Nordheide zu unserem unmittelbaren Wirkungskreis. Wir freuen uns darauf, mit Ihnen in Kontakt zu kommen. <\/p>\n<h3>Ein paar Fakten \u00fcber Buchholz i.d. Nordheide<\/h3>\n<p>Buchholz ist eine zentral gelegene Stadt. Bis in die Metropole Hamburg sind es gerade einmal 20 Kilometer. Entsprechend viele Berufspendler wohnen in Buchholz. Wer seinen Arbeitsplatz in Hamburg hat, dennoch eine eher weniger hektische Wohnlage pr\u00e4feriert, hat es in Buchholz bestens getroffen. Der \u00fcbersichtliche und beschauliche Ort bietet ein wirklich attraktives Lebensumfeld. Summiert wohnen zirka 37.000 Menschen in Buchholz. Stadt und Einzugsgebiet strecken sich \u00fcber eine Gesamtfl\u00e4che von gut 75 km\u00b2. Buchholz unterteilt sich in insgesamt sechs Ortsteile. Eine kleine Eigenheit von Buchholz: Jeder Ortsteil hat einen eigenen Ortsb\u00fcrgermeister.<\/p>\n<h3>Reizvolles Buchholz!<\/h3>\n<p>Trotz der r\u00e4umlichen N\u00e4he zur Hansestadt Hamburg, verf\u00fcgt Buchholz \u00fcber ein munteres Wirtschaftsleben, das sich \u00fcber drei Gewerbegebiete aufteilt. Gro\u00dfe Einzelhandelsunternehmen wie beispielsweise M\u00f6bel Kraft oder Media Markt unterhalten in Buchholz Filialen. Gepr\u00e4gt wird die Wirtschaft von Buchholz weitgehend von mittelst\u00e4ndischen Fimen aus den Bereichen Gro\u00dfhandel und Dienstleistung. Des Weiteren finden sich in Buchholz viele Autoh\u00e4ndler. \u00dcber die Autobahnabfahrt Dibbersen ist Buchholz an die Bundesautobahn A1 angeschlossen. Das Buchholzer Dreieck stellt dar\u00fcber hinaus eine Autobahnverbindung mit der A7 her. Des Weiteren erreicht man Buchholz mit dem PKW auch leicht \u00fcber die Bundesstra\u00dfe 75. Wer mit dem Zug nach Buchholz reist, nutzt die Bahnstrecke Bremen-Hamburg. Der Verkehrsbetrieb Metronom f\u00e4hrt Buchholz \u00fcber die Expresslinie Bremen-Hamburg und \u00fcber eine Nahverkehrslinie an.  <\/p>\n<h4>Privat- und Gesch\u00e4ftskunden aus Buchholz i.d. Nordheide sch\u00e4tzen unsere Leistungen!<\/h4>\n<p>Wir finden es prima, dass Sie unsere Website entdeckt haben. Unser Fachunternehmen steht f\u00fcr ein sehr gutes Preis-Leistungs-Verh\u00e4ltnis. Sie m\u00f6chten mehr \u00fcber uns wissen? F\u00fcr R\u00fcckfragen stehen wir Ihnen jederzeit zur Verf\u00fcgung. Auf Ihre Anfragen freuen wir uns.<\/p>","popseo_zusatztext":"<h3>Abdichten: Wir versprechen Ihnen eine erstklassige Arbeit!<\/h3>\n<p>Sie haben einen Feuchteschaden entdeckt und m\u00fcssen die betroffenen Mauern nun z\u00fcgig abdichten. Gut, dass Sie uns entdeckt haben! Als routiniertes Fachunternehmen der Bauwirtschaft kennen wir uns sehr gut aus mit dem Abdichten von Kellern, Mauern oder W\u00e4nden.  <\/p>\n<p>Feuchtigkeitssch\u00e4den sind unser Gesch\u00e4ft: F\u00fcr unser Unternehmen geh\u00f6rt das Abdichten von Mauern, Kellern oder W\u00e4nden zur allt\u00e4glichen Arbeit. Wir gehen der Ursache f\u00fcr den Feuchtigkeitseintritt sorgf\u00e4ltig auf den Grund. Vor dem konkreten Abdichten muss zun\u00e4chst einmal die Ursachenfindung stehen. Erst wenn man den tats\u00e4chlichen Grund f\u00fcr die Durchfeuchtung entdeckt hat, kann man mit dem Abdichten beginnen. Die Analyse gibt die Marschrichtung vor, den das Abdichten eines Bauk\u00f6rpers umfassen muss.  <\/p>\n<h4>Abdichten: Unsere Mitarbeiter stehen f\u00fcr Sie bereit!<\/h4>\n<p>Warten Sie bitte nicht und vereinbaren Sie noch heute einen Vor-Ort-Termin mit einem unserer routinierten Mitarbeiter. Ein kurzer Telefonanruf oder auch eine kurze Email reichen! Bei einer Analyse direkt am gesch\u00e4digten Objekt, nehmen wir den Schaden auf und entwerfen anschlie\u00dfend ein Konzept f\u00fcr das langfristige Abdichten der entsprechenden Stellen. Unsere Arbeit ist immer zweckbezogen: Nat\u00fcrlich flie\u00dfen auch \u00f6konomische Gesichtspunkte in unsere Entscheidungsfindung f\u00fcr das Abdichten Ihres Geb\u00e4udes mit ein. Alles aus einer Hand: Unsere dynamischen Angestellten f\u00fchren alle erforderlichen T\u00e4tigkeiten, die zum Abdichten geh\u00f6ren schnell und zuverl\u00e4ssig aus. Bereits seit langer Zeit ist unser Unternehmen f\u00fcr eine hohe Fachkompetenz bekannt. Eine unserer Schwerpunkte liegt im Abdichten von Wohn- und Gesch\u00e4ftsgeb\u00e4uden. Setzen Sie auf Kompetenz und beauftragen Sie unser Unternehmen f\u00fcr das Abdichten von neuralgischen Bereichen im Mauerwerk. Wir freuen uns darauf, auch Ihnen helfen zu k\u00f6nnen.<\/p>","popseo_links":"<a href=\"https:\/\/bautenschutz-keul.de\/angebote\/feuchtigkeit-maschen\/\">Feuchtigkeit Maschen<\/a>, <a href=\"https:\/\/bautenschutz-keul.de\/angebote\/mauertrockenlegung-amelinghausen\/\">Mauertrockenlegung Amelinghausen<\/a>, <a href=\"https:\/\/bautenschutz-keul.de\/angebote\/zerstoerter-putz-lueneburg\/\">zerst\u00f6rter Putz L\u00fcneburg<\/a>, <a href=\"https:\/\/bautenschutz-keul.de\/angebote\/kellertrockenlegung-bienenbuettel\/\">Kellertrockenlegung Bienenb\u00fcttel<\/a>, <a href=\"https:\/\/bautenschutz-keul.de\/angebote\/aussenabdichtung-lueneburg\/\">Au\u00dfenabdichtung L\u00fcneburg<\/a>, <a href=\"https:\/\/bautenschutz-keul.de\/angebote\/horizontalsperre-salzhausen\/\">Horizontalsperre Salzhausen<\/a>, <a href=\"https:\/\/bautenschutz-keul.de\/angebote\/feuchter-keller-lueneburg\/\">Feuchter Keller L\u00fcneburg<\/a>, <a href=\"https:\/\/bautenschutz-keul.de\/angebote\/aufsteigende-feuchtigkeit-bienenbuettel\/\">aufsteigende Feuchtigkeit Bienenb\u00fcttel<\/a>, <a href=\"https:\/\/bautenschutz-keul.de\/angebote\/bauwerksabdichtung-winsen-luhe\/\">Bauwerksabdichtung Winsen Luhe<\/a>, <a href=\"https:\/\/bautenschutz-keul.de\/angebote\/schimmel-winsen-luhe\/\">Schimmel Winsen Luhe<\/a>, <a href=\"https:\/\/bautenschutz-keul.de\/angebote\/aussenabdichtung-bergedorf-wentorf\/\">Au\u00dfenabdichtung Bergedorf Wentorf<\/a>, <a href=\"https:\/\/bautenschutz-keul.de\/angebote\/kellersanierung-hanstedt\/\">Kellersanierung Hanstedt<\/a>, <a href=\"https:\/\/bautenschutz-keul.de\/angebote\/zerstoerter-putz-buchholz-in-der-nordheide\/\">zerst\u00f6rter Putz Buchholz in der Nordheide<\/a>, <a href=\"https:\/\/bautenschutz-keul.de\/angebote\/schimmelsanierung-bardowick\/\">Schimmelsanierung Bardowick<\/a>, <a href=\"https:\/\/bautenschutz-keul.de\/angebote\/horizontalsperre-amt-neuhaus\/\">Horizontalsperre Amt Neuhaus<\/a>, <a href=\"https:\/\/bautenschutz-keul.de\/angebote\/innenabdichtung-schwarzenbek\/\">Innenabdichtung Schwarzenbek<\/a>, <a href=\"https:\/\/bautenschutz-keul.de\/angebote\/bauwerksabdichtung-uelzen\/\">Bauwerksabdichtung Uelzen<\/a>, <a href=\"https:\/\/bautenschutz-keul.de\/angebote\/kellersanierung-bienenbuettel\/\">Kellersanierung Bienenb\u00fcttel<\/a>, <a href=\"https:\/\/bautenschutz-keul.de\/angebote\/schimmelbeseitigung-hanstedt\/\">Schimmelbeseitigung Hanstedt<\/a>, <a href=\"https:\/\/bautenschutz-keul.de\/angebote\/salpeter-im-keller-ebstorf\/\">Salpeter im Keller Ebstorf<\/a>, <a href=\"https:\/\/bautenschutz-keul.de\/angebote\/feuchter-keller-tostedt-sittensen\/\">Feuchter Keller Tostedt Sittensen<\/a>, <a href=\"https:\/\/bautenschutz-keul.de\/angebote\/feuchte-mauer-lueneburg\/\">Feuchte Mauer L\u00fcneburg<\/a>, <a href=\"https:\/\/bautenschutz-keul.de\/angebote\/zerstoerter-putz-uelzen\/\">zerst\u00f6rter Putz Uelzen<\/a>, <a href=\"https:\/\/bautenschutz-keul.de\/angebote\/innenabdichtung-herzogtum-lauenburg\/\">Innenabdichtung Herzogtum Lauenburg<\/a>, <a href=\"https:\/\/bautenschutz-keul.de\/angebote\/salpeter-im-keller-salzhausen\/\">Salpeter im Keller Salzhausen<\/a>, <a href=\"https:\/\/bautenschutz-keul.de\/angebote\/feuchtigkeitsschaden-reppenstedt\/\">Feuchtigkeitsschaden Reppenstedt<\/a>, <a href=\"https:\/\/bautenschutz-keul.de\/angebote\/feuchte-mauer-brietlingen\/\">Feuchte Mauer Brietlingen<\/a>, <a href=\"https:\/\/bautenschutz-keul.de\/angebote\/aussenabdichtung-brietlingen\/\">Au\u00dfenabdichtung Brietlingen<\/a>, <a href=\"https:\/\/bautenschutz-keul.de\/angebote\/feuchte-mauer-boizenburg\/\">Feuchte Mauer Boizenburg<\/a>, <a href=\"https:\/\/bautenschutz-keul.de\/angebote\/feuchtigkeitsschaden-seevetal-rosengarten\/\">Feuchtigkeitsschaden Seevetal Rosengarten<\/a>"},"_links":{"self":[{"href":"https:\/\/bautenschutz-keul.de\/angebote\/wp-json\/wp\/v2\/pages\/638","targetHints":{"allow":["GET"]}}],"collection":[{"href":"https:\/\/bautenschutz-keul.de\/angebote\/wp-json\/wp\/v2\/pages"}],"about":[{"href":"https:\/\/bautenschutz-keul.de\/angebote\/wp-json\/wp\/v2\/types\/page"}],"author":[{"embeddable":true,"href":"https:\/\/bautenschutz-keul.de\/angebote\/wp-json\/wp\/v2\/users\/1"}],"replies":[{"embeddable":true,"href":"https:\/\/bautenschutz-keul.de\/angebote\/wp-json\/wp\/v2\/comments?post=638"}],"version-history":[{"count":0,"href":"https:\/\/bautenschutz-keul.de\/angebote\/wp-json\/wp\/v2\/pages\/638\/revisions"}],"wp:attachment":[{"href":"https:\/\/bautenschutz-keul.de\/angebote\/wp-json\/wp\/v2\/media?parent=638"}],"curies":[{"name":"wp","href":"https:\/\/api.w.org\/{rel}","templated":true}]}}