{"id":639,"date":"2021-09-13T08:44:40","date_gmt":"2021-09-13T06:44:40","guid":{"rendered":"https:\/\/bautenschutz-keul.de\/angebote\/aufsteigende-feuchtigkeit-buechen\/"},"modified":"2021-09-13T08:44:40","modified_gmt":"2021-09-13T06:44:40","slug":"aufsteigende-feuchtigkeit-buechen","status":"publish","type":"page","link":"https:\/\/bautenschutz-keul.de\/angebote\/aufsteigende-feuchtigkeit-buechen\/","title":{"rendered":"aufsteigende Feuchtigkeit &#8211; B\u00fcchen"},"content":{"rendered":"<h3>Aufsteigende Feuchtigkeit: Kompetent und erfahren bei der Sanierung<\/h3>\n<p>Ein feuchtes Mauerwerk gef\u00e4hrdet die Bausubstanz einer Immobilie. Ausl\u00f6ser f\u00fcr aufsteigende Feuchtigkeit kann z.B. ein erh\u00f6hter Grundwasserspiegel sein.<br \/>\nAuch eine nachteilige Hanglage eines Bauwerkes kann aufsteigende Feuchtigkeit beg\u00fcnstigen. Wird das Problem rechtzeitig erkannt, l\u00e4sst sich die zu erhaltende Bausubstanz nachhaltig bewahren. Der Spezialist kennt diverse Vorgehensweisen um aufsteigende Feuchtigkeit zu einzud\u00e4mmen. Hinweise f\u00fcr sind Farbver\u00e4nderungen des Mauerwerks, durchweichte Tapeten und ein unangenehm muffiger Geruch. Sogar gesundheitsgef\u00e4hrdende Schimmelbildung kann eine Folge von durchn\u00e4ssten Mauern sein. <\/p>\n<p>Ist das Fundament eines Geb\u00e4udes nicht ausreichend abgedichtet, dringt N\u00e4sse in die Mauer ein. Zumeist sind es \u00e4ltere H\u00e4user, die nicht gen\u00fcgend gegen aufsteigende Feuchtigkeit gesichert sind. Sogar neue Geb\u00e4ude sind nicht immer vor dem Einsickern von Feuchtigkeit gesch\u00fctzt. Fehlende Versiegelungen oder schlecht ausgef\u00fchrte D\u00e4mmungen sind vermutlich die am meisten genannten Gr\u00fcnde. <\/p>\n<h3>Aufsteigende Feuchtigkeit: Unsere Firma behebt den Schaden!<\/h3>\n<p>In der Regel hilft eine horizontale Sperre gegen aufsteigende Feuchtigkeit. Gebr\u00e4uchliche Trocknungsverfahren bedeuten auf jeden Fall einen Eingriff in die Bauphysik. Dieser durchaus nicht zu vernachl\u00e4ssigende Aufwand rentiert sich, wenn die fachm\u00e4nnisch ausgef\u00fchrte Arbeit zu einer st\u00e4ndigen Unterdr\u00fcckung von M\u00e4ngeln durch aufsteigende Feuchtigkeit f\u00fchrt. <\/p>\n<p>Feuchtigkeit kriecht mitunter bereits durch geringste \u00d6ffnungen im Baustoff nach oben. Es ist kaum \u00fcbertrieben, wenn man sagt, dass aufsteigende Feuchtigkeit sich einen echten Transportweg durch die Fugen des Mauerwerks sucht. Ein regelrechtes Merkmal, das aufsteigende Feuchtigkeit aufweist, sind Sch\u00e4den, die auf die unteren Bereiche vom Erdgeschoss begrenzt sind. Die Bewertung und die Beseitigung des Schadens ist eine Angelegenheit f\u00fcr einen Profi. Nur der erfahrene Spezialist kennt Grund, Wirkung und wei\u00df \u00fcber die Ma\u00dfnahmen zur Schadensregulierung.<\/p>\n","protected":false},"excerpt":{"rendered":"<p>Aufsteigende Feuchtigkeit: Kompetent und erfahren bei der Sanierung Ein feuchtes Mauerwerk gef\u00e4hrdet die Bausubstanz einer Immobilie. Ausl\u00f6ser f\u00fcr aufsteigende Feuchtigkeit kann z.B. ein erh\u00f6hter Grundwasserspiegel sein. Auch eine nachteilige Hanglage eines Bauwerkes kann aufsteigende Feuchtigkeit beg\u00fcnstigen. Wird das Problem rechtzeitig erkannt, l\u00e4sst sich die zu erhaltende Bausubstanz nachhaltig bewahren. Der Spezialist kennt diverse Vorgehensweisen um [&hellip;]<\/p>\n","protected":false},"author":1,"featured_media":0,"parent":0,"menu_order":0,"comment_status":"closed","ping_status":"closed","template":"","meta":{"footnotes":""},"class_list":["post-639","page","type-page","status-publish","hentry"],"meta_box":{"popseo_subtitel":"Wir sind Ihr erfahrener Fachbetrieb gegen aufsteigende Feuchtigkeit im Raum B\u00fcchen","popseo_subtitel2":"Aufsteigende Feuchtigkeit - wir helfen Ihnen gerne!","popseo_lasttitel":"aufsteigende Feuchtigkeit: Treten Sie in Kontakt mit uns!","popseo_region":"B\u00fcchen","popseo_sachwort":"aufsteigende Feuchtigkeit","popseo_noupdate":"","popseo_einleitungstext":"<p>Sie haben sich mit dem Thema Bauwerksabdichtung auseinandergesetzt, weil Ihre Immobilie feuchte Geb\u00e4udeteile aufweist und Sie nach M\u00f6glichkeiten einer professionellen und vor allem wirksamen Sanierung Ausschau halten. Sch\u00f6n, dass Sie unsere Website besuchen. Nachfolgend d\u00fcrfen wir Ihnen n\u00e4here Informationen zu unserem Leistungsangebot geben. Sie lernen auf dieser Website unsere Firma n\u00e4her kennen. <\/p>\n<p>Die Firma TK-Geb\u00e4udetechnik Thorsten Keul ist ein spezialisierter und etablierter Handwerksbetrieb mit Firmensitz in Brietlingen bei L\u00fcneburg. Seit vielen Jahren schon sind wir Ihr Spezialist f\u00fcr alle auftretenden Fragen rund um Geb\u00e4udeabdichtung. Wir setzen ausschlie\u00dflich praxisbew\u00e4hrte und effektive Sanierungsmethoden und -systeme ein. Als Fachbetrieb f\u00fcr Abdichtung und Sanierung blicken wir auf eine lange und intensive Berufserfahrung zur\u00fcck. Unsere engagierten Fachkr\u00e4fte informieren Sie sehr gerne im Detail.<\/p>","popseo_schlusstext":"<p>Wenn Sie mehr wissen m\u00f6chten, informieren wir Sie n\u00e4her \u00fcber unser Aufgabengebiet. Wir zeigen Ihnen mit Vergn\u00fcgen auch einige Referenzen, die Ihnen einen Einblick in unsere T\u00e4tigkeit geben.<br \/>\nDie Fachleute der Firma Thorsten Keul sind gerne f\u00fcr Sie im Einsatz. Rufen Sie uns doch einfach einmal an oder schreiben Sie uns eine schnelle E-Mail. Wir freuen uns auf Ihre Kontaktaufnahme.<\/p>","popseo_stadttext":"<h3>Unser Leistungskatalog f\u00fcr Kunden aus B\u00fcchen<\/h3>\n<p>Durch unsere Gesch\u00e4ftst\u00e4tigkeit haben wir uns einen guten \u00dcberblick \u00fcber die Stadtarchitektur der Gemeinden und St\u00e4dte unseres Einzugsbereiches machen k\u00f6nnen. Nat\u00fcrlich z\u00e4hlt auch B\u00fcchen zu unserem unmittelbaren Gesch\u00e4ftsgebiet. Wir freuen uns darauf, mit Ihnen ins Gespr\u00e4ch zu treten. <\/p>\n<h3>Wissenswertes \u00fcber B\u00fcchen<\/h3>\n<p>B\u00fcchen befindet sich im M\u00fcndungsbereich des Elbe-L\u00fcbeck-Kanals im Kreis Herzogtum-Lauenburg im s\u00fcdlichen Schleswig-Holstein. Insgesamt 5.700 B\u00fcrger wohnen in B\u00fcchen auf einer Gesamtfl\u00e4che von 16 qkm. Die Entfernung zwischen B\u00fcchen und der Gro\u00dfstadt Hamburg bel\u00e4uft sich auf gut 40 Kilometer. Zahlreiche Pendler wohnen in der Stadt B\u00fcchen. Wer seine Arbeitsstelle in Hamburg hat, das private Umfeld jedoch lieber ein weniger weniger hektisch hat, wei\u00df die Vorteile der Stadt B\u00fcchen zu sch\u00e4tzen.<\/p>\n<p>B\u00fcchen ist ein Bahnhof auf den Bahnlinien L\u00fcbeck-L\u00fcneburg und Hamburg-Berlin. Wer die Zeit der beiden deutschen Staaten erlebt hat, erinnert sich vermutlich noch an die umfangreichen Passkontrollen im Bahnhof von B\u00fcchen. Bis 1990 lag B\u00fcchen im direkten Grenzgebiet zwischen der ehemaligen Bundesrepublik und der damaligen DDR. Wer mit dem Auto f\u00e4hrt, erreicht die Stadt B\u00fcchen am besten \u00fcber die Bundesautobahn A24. Die Anschlussstelle B\u00fcchen findet sich cirka acht Kilometer von der Innenstadt entfernt.<\/p>\n<h3>B\u00fcchen hat Charme!<\/h3>\n<p>Die heutige Stadt B\u00fcchen ist eine Verbindung mehrerer kleinerer Ortschaften. Dem namensgebenden B\u00fcchen selbst gemeindete man in den 30ern die Orte P\u00f6trau und N\u00fcssau ein. Das Amt B\u00fcchen z\u00e4hlt insgesamt 15 Gemeinden. Durch die Nachbarschaft zur Hansestadt Hamburg hat sich in B\u00fcchen ein recht munteres Wirtschaftsleben etabliert. Der Standort ist ideal gelegen und bietet Unternehmern ausgezeichnete Bedingungen. <\/p>\n<p>Sehr gesch\u00e4tzt wird B\u00fcchen von Naturfreunden wegen seines beachtlichen Erholungswertes. In B\u00fcchen startet man gerne zu langen Exkursionen durch den Naturpark Lauenburgische Seen. Insbesondere f\u00fcr Familien ist B\u00fcchen ideal. Die beschauliche Lage und eine ausgezeichnete Infrastruktur zeichnen die Stadt aus. S\u00e4mtliche Schularten sind vorhanden und auch das \u00f6rtliche Jugendzentrum erfreut sich regem Zuspruch. <\/p>\n<h4>Hohe Qualit\u00e4t f\u00fcr Kunden aus B\u00fcchen<\/h4>\n<p>Wir finden es klasse, dass Sie unsere Internetseite gefunden haben. Unsere Erfahrung und die Qualit\u00e4t von Material und Ausf\u00fchrung garantiert Ihnen ein sehr gutes Preis-Leistungsverh\u00e4ltnis. Sie m\u00f6chten mehr \u00fcber uns erfahren? F\u00fcr R\u00fcckfragen stehen wir Ihnen jederzeit zur Verf\u00fcgung. Auf den Kontakt zu Ihnen freuen wir uns.<\/p>","popseo_zusatztext":"<h3>Beim Abdichten sind wir Profi<\/h3>\n<p>Sie haben einen Feuchtigkeitsschaden entdeckt und m\u00fcssen die entsprechenden Mauerbereiche nun z\u00fcgig abdichten. Sehr gut, dass Sie uns gefunden haben! Als erfahrenes Fachunternehmen der Bauwirtschaft kennen wir uns bestens aus mit dem Abdichten von W\u00e4nden, Kellern oder Mauern.  <\/p>\n<p>Feuchtigkeitssch\u00e4den sind unser Metier: F\u00fcr unser Unternehmen geh\u00f6rt das Abdichten von Mauern, W\u00e4nden oder Kellern zur allt\u00e4glichen Arbeit. Wir gehen der Ursache f\u00fcr den Feuchtigkeitseintritt sorgf\u00e4ltig auf den Grund. Vor dem konkreten Abdichten muss allerdings die Ursachenforschung stehen. Erst wenn man den definitiven Grund f\u00fcr eine Durchn\u00e4ssung gefunden hat, kann man mit dem Abdichten anfangen. Die Bestandsaufnahme gibt die Richtung vor, den das Abdichten eines Bauk\u00f6rpers beinhalten muss.  <\/p>\n<h4>Abdichten: Beste Arbeit durch den Fachbetrieb<\/h4>\n<p>Z\u00f6gern Sie bitte nicht und vereinbaren Sie noch heute ein Treffen mit einem unserer routinierten Mitarbeiter. Ein kurzer Anruf oder auch eine kurze e-Mail reichen! Bei einer Analyse direkt am entsprechenden Objekt, nehmen wir den Schaden auf und entwerfen danach ein Konzept f\u00fcr das dauerhafte Abdichten der gesch\u00e4digten Bereiche. Unsere Arbeit ist stets zweckorientiert: Selbstverst\u00e4ndlich flie\u00dfen auch monet\u00e4re Gesichtspunkte in unsere Entscheidungsfindung f\u00fcr das Abdichten Ihres Hauses mit ein. Alles komplett aus einer Hand: Unsere motivierten Angestellten f\u00fchren s\u00e4mtliche notwendigen T\u00e4tigkeiten, die zum Abdichten erforderlich sind schnell und zuverl\u00e4ssig aus. Bereits seit langer Zeit ist unser Unternehmen f\u00fcr eine hohe Fachkompetenz bekannt. Eine unserer Schwerpunkte liegt im Abdichten von Gesch\u00e4fts- und Wohngeb\u00e4uden. Setzen Sie auf Fachkompetenz und beauftragen Sie unsere Firma f\u00fcr das Abdichten von neuralgischen Bereichen im Mauerwerk. Wir freuen uns darauf, auch Ihnen helfen zu k\u00f6nnen.<\/p>","popseo_links":"<a href=\"https:\/\/bautenschutz-keul.de\/angebote\/schimmelsanierung-reinbek-aumuehle\/\">Schimmelsanierung Reinbek Aum\u00fchle<\/a>, <a href=\"https:\/\/bautenschutz-keul.de\/angebote\/bauwerksabdichtung-winsen-luhe\/\">Bauwerksabdichtung Winsen Luhe<\/a>, <a href=\"https:\/\/bautenschutz-keul.de\/angebote\/schimmel-ebstorf\/\">Schimmel Ebstorf<\/a>, <a href=\"https:\/\/bautenschutz-keul.de\/angebote\/salpeter-im-keller-salzhausen\/\">Salpeter im Keller Salzhausen<\/a>, <a href=\"https:\/\/bautenschutz-keul.de\/angebote\/schimmel-buchholz-in-der-nordheide\/\">Schimmel Buchholz in der Nordheide<\/a>, <a href=\"https:\/\/bautenschutz-keul.de\/angebote\/schimmelsanierung-bardowick\/\">Schimmelsanierung Bardowick<\/a>, <a href=\"https:\/\/bautenschutz-keul.de\/angebote\/kellerabdichtung-reppenstedt\/\">Kellerabdichtung Reppenstedt<\/a>, <a href=\"https:\/\/bautenschutz-keul.de\/angebote\/zerstoerter-putz-ebstorf\/\">zerst\u00f6rter Putz Ebstorf<\/a>, <a href=\"https:\/\/bautenschutz-keul.de\/angebote\/mauertrockenlegung-salzhausen\/\">Mauertrockenlegung Salzhausen<\/a>, <a href=\"https:\/\/bautenschutz-keul.de\/angebote\/kellersanierung-salzhausen\/\">Kellersanierung Salzhausen<\/a>, <a href=\"https:\/\/bautenschutz-keul.de\/angebote\/kellerabdichtung-bispingen\/\">Kellerabdichtung Bispingen<\/a>, <a href=\"https:\/\/bautenschutz-keul.de\/angebote\/bauwerksabdichtung-herzogtum-lauenburg\/\">Bauwerksabdichtung Herzogtum Lauenburg<\/a>, <a href=\"https:\/\/bautenschutz-keul.de\/angebote\/kellertrockenlegung-schwarzenbek\/\">Kellertrockenlegung Schwarzenbek<\/a>, <a href=\"https:\/\/bautenschutz-keul.de\/angebote\/schimmel-tostedt-sittensen\/\">Schimmel Tostedt Sittensen<\/a>, <a href=\"https:\/\/bautenschutz-keul.de\/angebote\/aussenabdichtung-buchholz-in-der-nordheide\/\">Au\u00dfenabdichtung Buchholz in der Nordheide<\/a>, <a href=\"https:\/\/bautenschutz-keul.de\/angebote\/horizontalsperre-uelzen\/\">Horizontalsperre Uelzen<\/a>, <a href=\"https:\/\/bautenschutz-keul.de\/angebote\/feuchte-wand-salzhausen\/\">Feuchte Wand Salzhausen<\/a>, <a href=\"https:\/\/bautenschutz-keul.de\/angebote\/horizontalsperre-buchholz-in-der-nordheide\/\">Horizontalsperre Buchholz in der Nordheide<\/a>, <a href=\"https:\/\/bautenschutz-keul.de\/angebote\/kellertrockenlegung-bienenbuettel\/\">Kellertrockenlegung Bienenb\u00fcttel<\/a>, <a href=\"https:\/\/bautenschutz-keul.de\/angebote\/aufsteigende-feuchtigkeit-brietlingen\/\">aufsteigende Feuchtigkeit Brietlingen<\/a>, <a href=\"https:\/\/bautenschutz-keul.de\/angebote\/bauwerksabdichtung-amelinghausen\/\">Bauwerksabdichtung Amelinghausen<\/a>, <a href=\"https:\/\/bautenschutz-keul.de\/angebote\/feuchte-mauer-amelinghausen\/\">Feuchte Mauer Amelinghausen<\/a>, <a href=\"https:\/\/bautenschutz-keul.de\/angebote\/kellertrockenlegung-seevetal-rosengarten\/\">Kellertrockenlegung Seevetal Rosengarten<\/a>, <a href=\"https:\/\/bautenschutz-keul.de\/angebote\/schimmelbeseitigung-glinde-sachsenwald\/\">Schimmelbeseitigung Glinde Sachsenwald<\/a>, <a href=\"https:\/\/bautenschutz-keul.de\/angebote\/bauwerksabdichtung-brietlingen\/\">Bauwerksabdichtung Brietlingen<\/a>, <a href=\"https:\/\/bautenschutz-keul.de\/angebote\/innenabdichtung-jesteburg\/\">Innenabdichtung Jesteburg<\/a>, <a href=\"https:\/\/bautenschutz-keul.de\/angebote\/feuchtigkeit-bergedorf-wentorf\/\">Feuchtigkeit Bergedorf Wentorf<\/a>, <a href=\"https:\/\/bautenschutz-keul.de\/angebote\/feuchte-mauer-salzhausen\/\">Feuchte Mauer Salzhausen<\/a>, <a href=\"https:\/\/bautenschutz-keul.de\/angebote\/innenabdichtung-buchholz-in-der-nordheide\/\">Innenabdichtung Buchholz in der Nordheide<\/a>, <a href=\"https:\/\/bautenschutz-keul.de\/angebote\/horizontalsperre-winsen-luhe\/\">Horizontalsperre Winsen Luhe<\/a>"},"_links":{"self":[{"href":"https:\/\/bautenschutz-keul.de\/angebote\/wp-json\/wp\/v2\/pages\/639","targetHints":{"allow":["GET"]}}],"collection":[{"href":"https:\/\/bautenschutz-keul.de\/angebote\/wp-json\/wp\/v2\/pages"}],"about":[{"href":"https:\/\/bautenschutz-keul.de\/angebote\/wp-json\/wp\/v2\/types\/page"}],"author":[{"embeddable":true,"href":"https:\/\/bautenschutz-keul.de\/angebote\/wp-json\/wp\/v2\/users\/1"}],"replies":[{"embeddable":true,"href":"https:\/\/bautenschutz-keul.de\/angebote\/wp-json\/wp\/v2\/comments?post=639"}],"version-history":[{"count":0,"href":"https:\/\/bautenschutz-keul.de\/angebote\/wp-json\/wp\/v2\/pages\/639\/revisions"}],"wp:attachment":[{"href":"https:\/\/bautenschutz-keul.de\/angebote\/wp-json\/wp\/v2\/media?parent=639"}],"curies":[{"name":"wp","href":"https:\/\/api.w.org\/{rel}","templated":true}]}}