{"id":641,"date":"2021-09-13T08:44:40","date_gmt":"2021-09-13T06:44:40","guid":{"rendered":"https:\/\/bautenschutz-keul.de\/angebote\/aufsteigende-feuchtigkeit-geesthacht\/"},"modified":"2021-09-13T08:44:40","modified_gmt":"2021-09-13T06:44:40","slug":"aufsteigende-feuchtigkeit-geesthacht","status":"publish","type":"page","link":"https:\/\/bautenschutz-keul.de\/angebote\/aufsteigende-feuchtigkeit-geesthacht\/","title":{"rendered":"aufsteigende Feuchtigkeit &#8211; Geesthacht"},"content":{"rendered":"<h3>Aufsteigende Feuchtigkeit: Schnelle Hilfe durch den Fachbetrieb!<\/h3>\n<p>Ein feuchtes Mauerwerk bedroht die Bausubstanz eines Hauses. Grund f\u00fcr aufsteigende Feuchtigkeit k\u00f6nnte beispielsweise ein hoher Grundwasserpegel sein.<br \/>\nEbenfalls eine nachteilige Hanglage eines Bauwerkes kann aufsteigende Feuchtigkeit beg\u00fcnstigen. Wird das Problem fr\u00fchzeitig erkannt, l\u00e4sst sich die zu sanierende Substanz auf Dauer erhalten. Der Fachmann kennt diverse Mittel um aufsteigende Feuchtigkeit zu bek\u00e4mpfen. Hinweise f\u00fcr sind Farbver\u00e4nderungen des Mauerwerks, aufgeweichte Tapeten oder ein unangenehm muffiger Geruch. Sogar gesundheitsgef\u00e4hrdende Schimmelbildung kann die Folge von durchfeuchteten W\u00e4nden sein. <\/p>\n<p>Ist der Grund eines Geb\u00e4udes nicht fachgerecht abgedichtet, sickert Feuchtigkeit in die Mauer ein. Oft sind es \u00e4ltere H\u00e4user, die nicht ausreichend gegen aufsteigende Feuchtigkeit gesichert sind. Auch neuere Bauwerke sind nicht immer vor dem Einsickern von N\u00e4sse gesch\u00fctzt. Nicht vorhandene Versiegelungen oder auch mangelbehaftete Isolierungen sind vielleicht die am meisten genannten Ursachen. <\/p>\n<h3>Sie ben\u00f6tigen Hilfe gegen aufsteigende Feuchtigkeit? Dann rufen Sie uns bitte an!<\/h3>\n<p>Meistens wirkt eine horizontale Sperre gegen aufsteigende Feuchtigkeit. Gebr\u00e4uchliche Trocknungsmethoden bedeuten in der Regel einen Eingriff in die Bausubstanz. Der allemal nicht zu vernachl\u00e4ssigende Aufwand lohnt sich, wenn die fachgerecht durchgef\u00fchrte Arbeit zu einer st\u00e4ndigen Vermeidung von Sch\u00e4den durch aufsteigende Feuchtigkeit f\u00fchrt. <\/p>\n<p>Bodenfeuchte kriecht manchmal schon durch geringste Undichtigkeiten im Baustoff nach oben. Es ist kaum abwegig, falls man sagt, dass aufsteigende Feuchtigkeit sich einen echten Transportweg durch die Fugen der Mauer sucht. Ein typisches Kennzeichen, das aufsteigende Feuchtigkeit aufweist, sind Sch\u00e4den, die auf die unteren Fl\u00e4chen vom Erdgeschoss beschr\u00e4nkt sind. Die Beurteilung und die Beseitigung des Schadens ist Arbeit f\u00fcr einen Spezialisten. Nur der erfahrene Spezialist kennt Grund, Wirkung und wei\u00df \u00fcber die Methoden zur Schadensbegrenzung.<\/p>\n","protected":false},"excerpt":{"rendered":"<p>Aufsteigende Feuchtigkeit: Schnelle Hilfe durch den Fachbetrieb! Ein feuchtes Mauerwerk bedroht die Bausubstanz eines Hauses. Grund f\u00fcr aufsteigende Feuchtigkeit k\u00f6nnte beispielsweise ein hoher Grundwasserpegel sein. Ebenfalls eine nachteilige Hanglage eines Bauwerkes kann aufsteigende Feuchtigkeit beg\u00fcnstigen. Wird das Problem fr\u00fchzeitig erkannt, l\u00e4sst sich die zu sanierende Substanz auf Dauer erhalten. Der Fachmann kennt diverse Mittel um [&hellip;]<\/p>\n","protected":false},"author":1,"featured_media":0,"parent":0,"menu_order":0,"comment_status":"closed","ping_status":"closed","template":"","meta":{"footnotes":""},"class_list":["post-641","page","type-page","status-publish","hentry"],"meta_box":{"popseo_subtitel":"Die Firma TK-Geb\u00e4udetechnik Thorsten Keul ist Ihr erfahrener Experte gegen aufsteigende Feuchtigkeit in Geesthacht","popseo_subtitel2":"Aufsteigende Feuchtigkeit - wir haben die richtige L\u00f6sung f\u00fcr Sie!","popseo_lasttitel":"aufsteigende Feuchtigkeit: Treten Sie in Kontakt mit uns!","popseo_region":"Geesthacht","popseo_sachwort":"aufsteigende Feuchtigkeit","popseo_noupdate":"","popseo_einleitungstext":"<p>Sie wollen Ihre Gesch\u00e4fts- oder Wohnimmobilie sanieren lassen interessieren sich f\u00fcr Sanierungsmethoden und Abdichtungssysteme? Klasse, dann sind Sie bei uns genau richtig. Als auf die Geb\u00e4udesanierung fokussiertes Handwerksunternehmen, \u00fcbernehmen wir sehr gerne Arbeiten im Bereich Trockenlegung und Abdichtung.  <\/p>\n<p>Erfahren sind wir bei der Bauwerksabdichtung und dar\u00fcber hinaus bei der Kellersanierung, der Schimmelbek\u00e4mpfung und der Rissverpressung. Wir kennen uns mit der zeitgem\u00e4\u00dfen Sanierung von Bestandsimmobilien und Neubauten bestens aus. Auf unserer Website stellen wir Ihnen unser Unternehmen und das komplette Leistungsspektrum n\u00e4her vor. \u00dcber Ihr Interesse freuen wir uns sehr.<\/p>","popseo_schlusstext":"<p>Sie suchen einen Fachpartner f\u00fcr die fachgerecht ausgef\u00fchrte Bauwerksabdichtung. Dann rufen Sie uns bitte rasch an. Wir freuen uns auf das Gespr\u00e4ch mit Ihnen. Wenn es um Sanierung geht, sind wir Ihr qualifizierter Handwerkspartner. Wir sorgen f\u00fcr eine fachgerecht ausgef\u00fchrte Arbeit nach dem immer derzeitigen Stand der Technik.<\/p>","popseo_stadttext":"<h3>Unser Vertriebsgebiet umfasst auch Geesthacht<\/h3>\n<p>Wir werden f\u00fcr Kunden aus Geesthacht aktiv. Durch unsere Vertriebst\u00e4tigkeit haben wir uns einen guten \u00dcberblick \u00fcber die Architektur der Gemeinden und St\u00e4dte unseres Einzugsbereiches machen k\u00f6nnen. Nat\u00fcrlich z\u00e4hlt auch Ihre Region zu unserem unmittelbaren Gesch\u00e4ftsgebiet. Wir freuen uns darauf, mit Ihnen ins Gespr\u00e4ch zu kommen. <\/p>\n<h3>Interessante Fakten \u00fcber Geesthacht<\/h3>\n<p>S\u00fcd\u00f6stlich von Hamburg, direkt am Ufer der Elbe liegt Geesthacht, die gr\u00f6\u00dfte Stadt des Kreises Herzogtum Lauenburg in Schleswig-Holstein. Geesthacht befindet sich in der Metropolregion Hamburg. Zur City von Hamburg sind es in etwa 30 Kilometer, bis zum n\u00e4chstgelegenen Stadtteil Hamburg-Bergedorf gut 12 Kilometer.<br \/>\nInnovationen und Fortschritt sind wichtig f\u00fcr den Ort Geesthacht. Exemplarisch hierf\u00fcr sind das Kernkraftwerk Kr\u00fcmmel, das Pumpspeicherwerk und der Forschungsreaktor Geesthacht. Das macht Geesthacht zu dem gr\u00f6\u00dften Nuklear- und Energiestandort in Norddeutschland. Kein Wunder, dass Geesthacht mit knapp 50 Mio EUR R\u00fccklagen den 1. Rang unter den reichsten St\u00e4dten in Schleswig-Holstein belegt. Ma\u00dfgebend sind hier jedoch die Gelder des AKW.<\/p>\n<p>Die Stadt Geesthacht erreicht man mit dem Auto aus s\u00fcdlicher Richtung \u00fcber die Bundesstra\u00dfe 404. \u00dcber sie hat man auch Anbindung an die A25, mit der man auf direktem Wege nach Hamburg kommt. Parallel zur Autobahn verl\u00e4uft die Bundesstra\u00dfe B5, die geradewegs von Hamburg-Bergedorf durch die Innenstadt von Geesthacht f\u00fchrt und in Lauenburg endet.<br \/>\nAuch mit \u00f6ffentlichen Verkehrsmitteln kann man, dank der Vernetzung mit dem HVV, Geesthacht schnell erreichen. Aufgrund der geringen N\u00e4he zum Hamburger Stadtgebiet bringt Sie der Metrobus des HVV bequem, innerhalb von 20 Minuten nach Hamburg.<\/p>\n<h4>Privat- und Gesch\u00e4ftskunden aus Geesthacht sch\u00e4tzen unsere Leistungen!<\/h4>\n<p>Toll, das Sie unsere Internetseite entdeckt haben. Wenn Sie ein Fachunternehmen suchen, sind Sie bei uns richtig. Sie m\u00f6chten mehr \u00fcber uns erfahren? F\u00fcr R\u00fcckfragen stehen wir Ihnen jederzeit zur Verf\u00fcgung. Unser engagiertes Team freut sich auf Sie.<\/p>","popseo_zusatztext":"<h3>Erstklassiges Abdichten ist uns wichtig<\/h3>\n<p>Sie haben einen Feuchtigkeitsschaden entdeckt und m\u00fcssen die betroffenen Mauerbereiche nun schnellstens abdichten. Sch\u00f6n, dass Sie uns gefunden haben! Als routiniertes Fachunternehmen der Bauwirtschaft kennen wir uns allerbestens aus mit dem Abdichten von Kellern, W\u00e4nden oder Mauern.  <\/p>\n<p>Feuchtigkeitssch\u00e4den sind unser Metier: F\u00fcr unsere Firma geh\u00f6rt das Abdichten von Kellern, Mauern oder W\u00e4nden zur allt\u00e4glichen Arbeit. Wir gehen der Ursache f\u00fcr den N\u00e4sseeintritt gewissenhaft auf den Grund. Vor dem konkreten Abdichten muss zun\u00e4chst einmal die Ursachenfindung stehen. Erst wenn man den konkreten Grund f\u00fcr eine Durchfeuchtung entdeckt hat, kann man mit dem Abdichten beginnen. Die Bestandsaufnahme gibt die Marschrichtung vor, den das Abdichten eines Bauk\u00f6rpers beinhalten muss.  <\/p>\n<h4>Abdichten: Wir helfen verl\u00e4sslich und kompetent!<\/h4>\n<p>Z\u00f6gern Sie bitte nicht und vereinbaren Sie gleich einen Vor-Ort-Termin mit einem unserer kompetenten Angestellten. Ein kurzer Telefonanruf oder eine schnelle E-Mail gen\u00fcgen! Bei einer Bestandsaufnahme direkt am betroffenen Objekt, nehmen wir den Schaden auf und erarbeiten danach ein Konzept f\u00fcr das dauerhafte Abdichten der entsprechenden Stellen. Unsere Arbeit ist immer zweckbezogen: Selbstverst\u00e4ndlich flie\u00dfen auch \u00f6konomische \u00dcberlegungen in unsere Entscheidungsfindung f\u00fcr das Abdichten Ihres Hauses mit ein. Alles aus einer Hand: Unsere engagierten Mitarbeiter f\u00fchren s\u00e4mtliche erforderlichen T\u00e4tigkeiten, die zum Abdichten dazugeh\u00f6ren zeitnah und zuverl\u00e4ssig aus. Schon seit langer Zeit ist unser Unternehmen f\u00fcr eine hohe Qualit\u00e4t bekannt. Eine unserer Kernkompetenzen liegt im Abdichten von Wohn- und Gesch\u00e4ftsgeb\u00e4uden. Vertrauen Sie auf Fachkompetenz und beauftragen Sie unser Unternehmen f\u00fcr das Abdichten von neuralgischen Bereichen im Mauerwerk. Wir freuen uns darauf, auch Ihnen helfen zu k\u00f6nnen.<\/p>","popseo_links":"<a href=\"https:\/\/bautenschutz-keul.de\/angebote\/aufsteigende-feuchtigkeit-bispingen\/\">aufsteigende Feuchtigkeit Bispingen<\/a>, <a href=\"https:\/\/bautenschutz-keul.de\/angebote\/schimmel-stelle\/\">Schimmel Stelle<\/a>, <a href=\"https:\/\/bautenschutz-keul.de\/angebote\/schimmel-amelinghausen\/\">Schimmel Amelinghausen<\/a>, <a href=\"https:\/\/bautenschutz-keul.de\/angebote\/rissverpressung-amt-neuhaus\/\">Rissverpressung Amt Neuhaus<\/a>, <a href=\"https:\/\/bautenschutz-keul.de\/angebote\/aufsteigende-feuchtigkeit-glinde-sachsenwald\/\">aufsteigende Feuchtigkeit Glinde Sachsenwald<\/a>, <a href=\"https:\/\/bautenschutz-keul.de\/angebote\/feuchte-mauer-ebstorf\/\">Feuchte Mauer Ebstorf<\/a>, <a href=\"https:\/\/bautenschutz-keul.de\/angebote\/schimmel-jesteburg\/\">Schimmel Jesteburg<\/a>, <a href=\"https:\/\/bautenschutz-keul.de\/angebote\/horizontalsperre-schwarzenbek\/\">Horizontalsperre Schwarzenbek<\/a>, <a href=\"https:\/\/bautenschutz-keul.de\/angebote\/feuchte-wand-boizenburg\/\">Feuchte Wand Boizenburg<\/a>, <a href=\"https:\/\/bautenschutz-keul.de\/angebote\/aufsteigende-feuchtigkeit-bienenbuettel\/\">aufsteigende Feuchtigkeit Bienenb\u00fcttel<\/a>, <a href=\"https:\/\/bautenschutz-keul.de\/angebote\/rissverpressung-brietlingen\/\">Rissverpressung Brietlingen<\/a>, <a href=\"https:\/\/bautenschutz-keul.de\/angebote\/feuchte-wand-adendorf\/\">Feuchte Wand Adendorf<\/a>, <a href=\"https:\/\/bautenschutz-keul.de\/angebote\/salpeter-im-keller-reppenstedt\/\">Salpeter im Keller Reppenstedt<\/a>, <a href=\"https:\/\/bautenschutz-keul.de\/angebote\/innenabdichtung-seevetal-rosengarten\/\">Innenabdichtung Seevetal Rosengarten<\/a>, <a href=\"https:\/\/bautenschutz-keul.de\/angebote\/horizontalsperre-boizenburg\/\">Horizontalsperre Boizenburg<\/a>, <a href=\"https:\/\/bautenschutz-keul.de\/angebote\/feuchte-mauer-stelle\/\">Feuchte Mauer Stelle<\/a>, <a href=\"https:\/\/bautenschutz-keul.de\/angebote\/aufsteigende-feuchtigkeit-harburg\/\">aufsteigende Feuchtigkeit Harburg<\/a>, <a href=\"https:\/\/bautenschutz-keul.de\/angebote\/schimmelsanierung-brietlingen\/\">Schimmelsanierung Brietlingen<\/a>, <a href=\"https:\/\/bautenschutz-keul.de\/angebote\/kellerabdichtung-bienenbuettel\/\">Kellerabdichtung Bienenb\u00fcttel<\/a>, <a href=\"https:\/\/bautenschutz-keul.de\/angebote\/schimmelbeseitigung-geesthacht\/\">Schimmelbeseitigung Geesthacht<\/a>, <a href=\"https:\/\/bautenschutz-keul.de\/angebote\/feuchte-mauer-salzhausen\/\">Feuchte Mauer Salzhausen<\/a>, <a href=\"https:\/\/bautenschutz-keul.de\/angebote\/schimmelbeseitigung-amelinghausen\/\">Schimmelbeseitigung Amelinghausen<\/a>, <a href=\"https:\/\/bautenschutz-keul.de\/angebote\/bauwerksabdichtung-glinde-sachsenwald\/\">Bauwerksabdichtung Glinde Sachsenwald<\/a>, <a href=\"https:\/\/bautenschutz-keul.de\/angebote\/kellertrockenlegung-bardowick\/\">Kellertrockenlegung Bardowick<\/a>, <a href=\"https:\/\/bautenschutz-keul.de\/angebote\/rissverpressung-salzhausen\/\">Rissverpressung Salzhausen<\/a>, <a href=\"https:\/\/bautenschutz-keul.de\/angebote\/feuchtigkeitsschaden-tostedt-sittensen\/\">Feuchtigkeitsschaden Tostedt Sittensen<\/a>, <a href=\"https:\/\/bautenschutz-keul.de\/angebote\/schimmel-bad-bevensen\/\">Schimmel Bad Bevensen<\/a>, <a href=\"https:\/\/bautenschutz-keul.de\/angebote\/feuchter-keller-uelzen\/\">Feuchter Keller Uelzen<\/a>, <a href=\"https:\/\/bautenschutz-keul.de\/angebote\/kellersanierung-winsen-luhe\/\">Kellersanierung Winsen Luhe<\/a>, <a href=\"https:\/\/bautenschutz-keul.de\/angebote\/kellerabdichtung-schwarzenbek\/\">Kellerabdichtung Schwarzenbek<\/a>"},"_links":{"self":[{"href":"https:\/\/bautenschutz-keul.de\/angebote\/wp-json\/wp\/v2\/pages\/641","targetHints":{"allow":["GET"]}}],"collection":[{"href":"https:\/\/bautenschutz-keul.de\/angebote\/wp-json\/wp\/v2\/pages"}],"about":[{"href":"https:\/\/bautenschutz-keul.de\/angebote\/wp-json\/wp\/v2\/types\/page"}],"author":[{"embeddable":true,"href":"https:\/\/bautenschutz-keul.de\/angebote\/wp-json\/wp\/v2\/users\/1"}],"replies":[{"embeddable":true,"href":"https:\/\/bautenschutz-keul.de\/angebote\/wp-json\/wp\/v2\/comments?post=641"}],"version-history":[{"count":0,"href":"https:\/\/bautenschutz-keul.de\/angebote\/wp-json\/wp\/v2\/pages\/641\/revisions"}],"wp:attachment":[{"href":"https:\/\/bautenschutz-keul.de\/angebote\/wp-json\/wp\/v2\/media?parent=641"}],"curies":[{"name":"wp","href":"https:\/\/api.w.org\/{rel}","templated":true}]}}