{"id":642,"date":"2021-09-13T08:44:40","date_gmt":"2021-09-13T06:44:40","guid":{"rendered":"https:\/\/bautenschutz-keul.de\/angebote\/aufsteigende-feuchtigkeit-glinde-sachsenwald\/"},"modified":"2021-09-13T08:44:40","modified_gmt":"2021-09-13T06:44:40","slug":"aufsteigende-feuchtigkeit-glinde-sachsenwald","status":"publish","type":"page","link":"https:\/\/bautenschutz-keul.de\/angebote\/aufsteigende-feuchtigkeit-glinde-sachsenwald\/","title":{"rendered":"aufsteigende Feuchtigkeit &#8211; Glinde Sachsenwald"},"content":{"rendered":"<h3>Aufsteigende Feuchtigkeit: Wir helfen schnell und kompetent!<\/h3>\n<p>Ein nasses Mauerwerk gef\u00e4hrdet die Bausubstanz eines Hauses. Ausl\u00f6ser f\u00fcr aufsteigende Feuchtigkeit kann z.B. ein hoher Grundwasserpegel sein.<br \/>\nEbenfalls eine nachteilige Hanglage eines Bauwerkes kann aufsteigende Feuchtigkeit unterst\u00fctzen. Wird das Problem fr\u00fchzeitig entdeckt, l\u00e4sst sich die zu erhaltende Substanz f\u00fcr eine lange Zeit bewahren. Der Spezialist kennt diverse Methoden um aufsteigende Feuchtigkeit zu einzud\u00e4mmen. Anzeichen f\u00fcr sind Verf\u00e4rbungen des Mauerwerks, aufgeweichte Tapeten oder auch ein unsch\u00f6ner modriger Geruch. Sogar gef\u00e4hrliche Schimmelbildung kann eine Folge von durchfeuchteten Mauern sein. <\/p>\n<p>Ist das Fundament eines Geb\u00e4udes nicht fachgerecht abgedichtet, dringt N\u00e4sse in die Mauer ein. Zumeist sind es Altbauten, die nicht gen\u00fcgend gegen aufsteigende Feuchtigkeit gesch\u00fctzt sind. Auch neuere H\u00e4user sind nicht immer vor dem Durchdringen von Wasser gesch\u00fctzt. Nicht vorhandene Versiegelungen oder defekte D\u00e4mmungen sind vermutlich die am h\u00e4ufigsten genannten Gr\u00fcnde. <\/p>\n<h3>Wir helfen rasch bei aufsteigender Feuchtigkeit!<\/h3>\n<p>H\u00e4ufig hilft eine horizontale, also waagerechte Sperre gegen aufsteigende Feuchtigkeit. Gebr\u00e4uchliche Trocknungsverfahren bedeuten in der Regel einen Eingriff in die Bausubstanz. Dieser allemal nicht zu untersch\u00e4tzende Aufwand rechnet sich, wenn die professionell verrichtete Arbeit zu einer dauerhaften Vermeidung von Sch\u00e4den durch aufsteigende Feuchtigkeit f\u00fchrt. <\/p>\n<p>Bodenfeuchte gelangt in einigen F\u00e4llen sogar durch minimalste Undichtigkeiten im Baustoff nach oben. Es ist kaum abwegig, wenn man sagt, dass aufsteigende Feuchtigkeit sich einen echten Transportweg durch die Fugen der Mauer sucht. Ein regelrechtes Anzeichen, das aufsteigende Feuchtigkeit zeigt, sind Sch\u00e4den, die auf die unteren Bereiche vom Erdgeschoss begrenzt sind. Die Bewertung und die Entfernung des Schadens ist Arbeit f\u00fcr einen Spezialisten. Nur der erfahrene Profi \u00fcberblickt Grund, Wirkung und wei\u00df \u00fcber die Ma\u00dfnahmen zur Schadensregulierung.<\/p>\n","protected":false},"excerpt":{"rendered":"<p>Aufsteigende Feuchtigkeit: Wir helfen schnell und kompetent! Ein nasses Mauerwerk gef\u00e4hrdet die Bausubstanz eines Hauses. Ausl\u00f6ser f\u00fcr aufsteigende Feuchtigkeit kann z.B. ein hoher Grundwasserpegel sein. Ebenfalls eine nachteilige Hanglage eines Bauwerkes kann aufsteigende Feuchtigkeit unterst\u00fctzen. Wird das Problem fr\u00fchzeitig entdeckt, l\u00e4sst sich die zu erhaltende Substanz f\u00fcr eine lange Zeit bewahren. Der Spezialist kennt diverse [&hellip;]<\/p>\n","protected":false},"author":1,"featured_media":0,"parent":0,"menu_order":0,"comment_status":"closed","ping_status":"closed","template":"","meta":{"footnotes":""},"class_list":["post-642","page","type-page","status-publish","hentry"],"meta_box":{"popseo_subtitel":"Die Firma TK-Geb\u00e4udetechnik Thorsten Keul ist Ihr Fachanbieter gegen aufsteigende Feuchtigkeit im Raum Glinde Sachsenwald","popseo_subtitel2":"Aufsteigende Feuchtigkeit - Sanierung f\u00fcr Immobilienbesitzer aus Norddeutschland","popseo_lasttitel":"aufsteigende Feuchtigkeit: F\u00fcr weitere Informationen sprechen Sie uns bitte an","popseo_region":"Glinde Sachsenwald","popseo_sachwort":"aufsteigende Feuchtigkeit","popseo_noupdate":"","popseo_einleitungstext":"<p>Mauern, W\u00e4nde oder Kellerr\u00e4ume Ihres Wohn- oder Gesch\u00e4ftshauses weisen einen Feuchtigkeitsschaden und damit einen nicht zu \u00fcbersehenden Sanierungsbedarf auf. Dann ist es an der Zeit, sich \u00fcber eine sachgerechte Trocknung Gedanken zu machen. Das Team der Firma TK Geb\u00e4udetechnik ist auf die Bauwerksabdichtung spezialisiert. Zu den Schwerpunkten unseres Unternehmens geh\u00f6ren zum Beispiel die Bereiche Schimmelbeseitigung, Mauertrockenlegung und Kellerabdichtung. Der nachhaltigen Sanierung gilt unsere Aufmersamkeit. Wir beraten fachsicher, wie Sie Ihr Geb\u00e4ude preisg\u00fcnstig und umweltgerecht sanieren k\u00f6nnen. Ein paar erste Informationen dazu lesen Sie nachfolgend.<\/p>","popseo_schlusstext":"<p>Wenn Sie mehr wissen m\u00f6chten, informieren wir Sie n\u00e4her \u00fcber unser Themengebiet. Wir pr\u00e4sentieren Ihnen mit Vergn\u00fcgen auch einige Referenzen, die Ihnen einen Einblick in unsere Firment\u00e4tigkeit geben.<br \/>\nWir sind f\u00fcr Sie da. Rufen Sie uns doch rasch einmal an oder schicken Sie uns eine schnelle E-Mail. Wir freuen uns auf den Kontakt zu Ihnen.<\/p>","popseo_stadttext":"<h3>Vor Ort in der Region Glinde \/ Sachsenwald<\/h3>\n<p>Sie wohnen in Glinde oder in der N\u00e4he vom Sachsenwald und sind hier im World Wide Web auf unsere Website gesto\u00dfen? Das finden wir toll. Sehr gerne pr\u00e4sentieren wir Ihnen unser gesamtes Leistungsspektrum und beantworten Ihre Fragen. Durch unsere Gesch\u00e4ftst\u00e4tigkeit haben wir uns einen guten \u00dcberblick \u00fcber die Architektur der Gemeinden und St\u00e4dte unseres Einzugsbereiches erarbeiten k\u00f6nnen. Nat\u00fcrlich z\u00e4hlt auch die Region Glinde \/ Sachsenwald zu unserem unmittelbaren Gesch\u00e4ftsgebiet. Wir freuen uns darauf, mit Ihnen ins Gespr\u00e4ch zu kommen. <\/p>\n<h3>Gute Gr\u00fcnde sprechen f\u00fcr die Region Glinde \/ Sachsenwald<\/h3>\n<p>Die Stormarner Gemeinde Glinde ist Teil der Metropolregion Hamburg und ungef\u00e4hr 20 Kilometer s\u00fcd\u00f6stlich vom Hamburger Zentrum gelegen. Durch die Anbindung an den HVV sowie an die Verkehrsbetriebe Hamburg- Holstein sind Ausflugsziele in der n\u00e4heren Umgebung oder nat\u00fcrlich auch die Hamburger Innenstadt von Glinde aus schnell erreichbar.<br \/>\nInsgesamt acht Busstrecken bilden den \u00f6rtlichen Nahverkehr von Glinde nach Hamburg bzw. in die angrenzenden Gemeinden. Ferner besteht eine direkte Anbindung mit der Bahn nach Hamburg. \u00dcber den Hamburger Hauptbahnhof bekommt man eine Verbindung an das komplette Streckennetz. Zus\u00e4tzlich besteht noch die M\u00f6glichkeit, den Metronombus zu nehmen, mit dem man von Glinde nach Hamburg knapp 40 Minuten ben\u00f6tigt. Auch f\u00fcr eine Fahrt mit dem PKW stehen zahlreiche \u00fcberregionale Verkehrsverbindungen zur Verf\u00fcgung. Gleich zwei Autobahnanschl\u00fcsse befinden sich in direkter Nachbarschaft. \u00dcber die Autobahn A24 (AS Reinbek\/Glinde) bzw. die Schnellstra\u00dfe A1 kommt man schnell an sein Ziel.<br \/>\nWegen seiner als gut zu bewertenden Infrastruktur hat sich Glinde zu einem begehrten Wohnort gemausert.  Etwa die H\u00e4lfte des Stadtgebietes von Glinde wird landwirtschaftlich genutzt oder besteht aus Park- oder Wasserfl\u00e4chen. <\/p>\n<h3>Besuchen Sie den Sachsenwald!<\/h3>\n<p>Unweit von Glinde entfernt, findet sich der Sachsenwald. Mit seinem Areal von rund 70 km\u00b2 gilt der Sachsenwald als ausgedehntestes Waldgebiet des Landes Schleswig-Holstein. Der Sachsenwald ist ein gemeindefreies Territorium. Es reicht an die Kreise Stormarn und Herzogtum Lauenburg. Naturverbundene Menschen finden im Sachsenwald ein wahres Paradies. Ein erquickender Spaziergang durch das wundersch\u00f6ne Waldgebiet garantiert Ruhe und Entspannung. Viele Tiere und Pflanzen haben im Sachsenwald ihren Raum gefunden. Die heimische Tierwelt hat im Sachsenwald einen weitgehend intakten Lebensraum. Der Sachsenwald gliedert sich in die Bereiche Aum\u00fchle, Wohltorf und Friedrichsruh\/Stangenteich auf. Die dazu z\u00e4hlenden Ortschaften erfreuen sich als exquisite Wohnquartiere besonderer Beliebtheit.<\/p>\n<h4>Unsere Leistung f\u00fcr qualit\u00e4tsbewusste Kunden aus Glinde und den Gemeinden am Sachsenwald<\/h4>\n<p>Sie wohnen in Glinde oder einer der romantischen Orte am Sachsenwald, interessieren sich f\u00fcr unser Angebot und haben deshalb unsere Website besucht? Das freut uns sehr. Unser engagiertes Spezialistenteam nimmt gerne Ihren Anruf entgegen oder beantwortet Ihre E-Mail.<\/p>","popseo_zusatztext":"<h3>Erstklassiges Abdichten ist uns wichtig<\/h3>\n<p>Sie haben einen N\u00e4sseschaden festgestellt und m\u00fcssen die entsprechenden Bereiche nun z\u00fcgig abdichten. Sch\u00f6n, dass Sie uns gefunden haben! Als erfahrenes Fachunternehmen der Bauwirtschaft kennen wir uns sehr gut aus mit dem Abdichten von Kellern, W\u00e4nden oder Mauern.  <\/p>\n<p>N\u00e4ssesch\u00e4den sind unser Metier: F\u00fcr unseren Betrieb geh\u00f6rt das Abdichten von Mauern, Kellern oder W\u00e4nden zur t\u00e4glichen Arbeit. Wir gehen der Ursache f\u00fcr den Wassereintritt gewissenhaft auf den Grund. Vor dem eigentlichen Abdichten muss als Erstes die Ursachenfindung stehen. Erst wenn man den richtigen Grund f\u00fcr eine Durchfeuchtung entdeckt hat, kann man mit dem Abdichten anfangen. Die Bestandsaufnahme gibt die Richtung vor, den das Abdichten eines Bauk\u00f6rpers umfassen muss.  <\/p>\n<h4>Abdichten: Wir helfen verl\u00e4sslich und kompetent!<\/h4>\n<p>Z\u00f6gern Sie bitte nicht und vereinbaren Sie noch heute einen Termin mit einem unserer kompetenten Spezialisten. Ein kurzer Telefonanruf oder auch eine schnelle e-Mail gen\u00fcgen! Bei einer Analyse direkt am entsprechenden Objekt, nehmen wir den Schaden auf und erstellen daraufhin ein Konzept f\u00fcr das nachhaltige Abdichten der betroffenen Stellen. Unsere Arbeit ist grunds\u00e4tzlich zweckbezogen: Nat\u00fcrlich flie\u00dfen auch wirtschaftliche Betrachtungen in unsere Entscheidungsfindung f\u00fcr das Abdichten Ihres Geb\u00e4udes mit ein. Alles komplett aus einer Hand: Unsere motivierten Fachkr\u00e4fte f\u00fchren s\u00e4mtliche notwendigen T\u00e4tigkeiten, die zum Abdichten erforderlich sind schnell und verl\u00e4sslich aus. Schon seit Jahren ist unser Unternehmen f\u00fcr eine hohe Qualit\u00e4t bekannt. Eine unserer Schwerpunkte liegt im Abdichten von Wohn- und Gesch\u00e4ftsgeb\u00e4uden. Vertrauen Sie auf Kompetenz und beauftragen Sie unsere Firma f\u00fcr das Abdichten von neuralgischen Bereichen im Mauerwerk. Wir freuen uns darauf, auch Ihnen helfen zu k\u00f6nnen.<\/p>","popseo_links":"<a href=\"https:\/\/bautenschutz-keul.de\/angebote\/feuchter-keller-brietlingen\/\">Feuchter Keller Brietlingen<\/a>, <a href=\"https:\/\/bautenschutz-keul.de\/angebote\/schimmelbeseitigung-amt-neuhaus\/\">Schimmelbeseitigung Amt Neuhaus<\/a>, <a href=\"https:\/\/bautenschutz-keul.de\/angebote\/innenabdichtung-salzhausen\/\">Innenabdichtung Salzhausen<\/a>, <a href=\"https:\/\/bautenschutz-keul.de\/angebote\/schimmelsanierung-salzhausen\/\">Schimmelsanierung Salzhausen<\/a>, <a href=\"https:\/\/bautenschutz-keul.de\/angebote\/kellertrockenlegung-salzhausen\/\">Kellertrockenlegung Salzhausen<\/a>, <a href=\"https:\/\/bautenschutz-keul.de\/angebote\/feuchte-wand-salzhausen\/\">Feuchte Wand Salzhausen<\/a>, <a href=\"https:\/\/bautenschutz-keul.de\/angebote\/feuchte-mauer-maschen\/\">Feuchte Mauer Maschen<\/a>, <a href=\"https:\/\/bautenschutz-keul.de\/angebote\/kellersanierung-adendorf\/\">Kellersanierung Adendorf<\/a>, <a href=\"https:\/\/bautenschutz-keul.de\/angebote\/horizontalsperre-ebstorf\/\">Horizontalsperre Ebstorf<\/a>, <a href=\"https:\/\/bautenschutz-keul.de\/angebote\/innenabdichtung-brietlingen\/\">Innenabdichtung Brietlingen<\/a>, <a href=\"https:\/\/bautenschutz-keul.de\/angebote\/aussenabdichtung-jesteburg\/\">Au\u00dfenabdichtung Jesteburg<\/a>, <a href=\"https:\/\/bautenschutz-keul.de\/angebote\/feuchte-wand-bispingen\/\">Feuchte Wand Bispingen<\/a>, <a href=\"https:\/\/bautenschutz-keul.de\/angebote\/feuchte-wand-brietlingen\/\">Feuchte Wand Brietlingen<\/a>, <a href=\"https:\/\/bautenschutz-keul.de\/angebote\/innenabdichtung-maschen\/\">Innenabdichtung Maschen<\/a>, <a href=\"https:\/\/bautenschutz-keul.de\/angebote\/horizontalsperre-maschen\/\">Horizontalsperre Maschen<\/a>, <a href=\"https:\/\/bautenschutz-keul.de\/angebote\/feuchte-mauer-bad-bevensen\/\">Feuchte Mauer Bad Bevensen<\/a>, <a href=\"https:\/\/bautenschutz-keul.de\/angebote\/innenabdichtung-ebstorf\/\">Innenabdichtung Ebstorf<\/a>, <a href=\"https:\/\/bautenschutz-keul.de\/angebote\/kellertrockenlegung-ebstorf\/\">Kellertrockenlegung Ebstorf<\/a>, <a href=\"https:\/\/bautenschutz-keul.de\/angebote\/bauwerksabdichtung-tostedt-sittensen\/\">Bauwerksabdichtung Tostedt Sittensen<\/a>, <a href=\"https:\/\/bautenschutz-keul.de\/angebote\/rissverpressung-boizenburg\/\">Rissverpressung Boizenburg<\/a>, <a href=\"https:\/\/bautenschutz-keul.de\/angebote\/aussenabdichtung-bad-bevensen\/\">Au\u00dfenabdichtung Bad Bevensen<\/a>, <a href=\"https:\/\/bautenschutz-keul.de\/angebote\/rissverpressung-harburg\/\">Rissverpressung Harburg<\/a>, <a href=\"https:\/\/bautenschutz-keul.de\/angebote\/schimmel-hanstedt\/\">Schimmel Hanstedt<\/a>, <a href=\"https:\/\/bautenschutz-keul.de\/angebote\/innenabdichtung-uelzen\/\">Innenabdichtung Uelzen<\/a>, <a href=\"https:\/\/bautenschutz-keul.de\/angebote\/aufsteigende-feuchtigkeit-bardowick\/\">aufsteigende Feuchtigkeit Bardowick<\/a>, <a href=\"https:\/\/bautenschutz-keul.de\/angebote\/feuchtigkeitsschaden-harburg\/\">Feuchtigkeitsschaden Harburg<\/a>, <a href=\"https:\/\/bautenschutz-keul.de\/angebote\/kellersanierung-bispingen\/\">Kellersanierung Bispingen<\/a>, <a href=\"https:\/\/bautenschutz-keul.de\/angebote\/aufsteigende-feuchtigkeit-buchholz-in-der-nordheide\/\">aufsteigende Feuchtigkeit Buchholz in der Nordheide<\/a>, <a href=\"https:\/\/bautenschutz-keul.de\/angebote\/aufsteigende-feuchtigkeit-schwarzenbek\/\">aufsteigende Feuchtigkeit Schwarzenbek<\/a>, <a href=\"https:\/\/bautenschutz-keul.de\/angebote\/schimmel-herzogtum-lauenburg\/\">Schimmel Herzogtum Lauenburg<\/a>"},"_links":{"self":[{"href":"https:\/\/bautenschutz-keul.de\/angebote\/wp-json\/wp\/v2\/pages\/642","targetHints":{"allow":["GET"]}}],"collection":[{"href":"https:\/\/bautenschutz-keul.de\/angebote\/wp-json\/wp\/v2\/pages"}],"about":[{"href":"https:\/\/bautenschutz-keul.de\/angebote\/wp-json\/wp\/v2\/types\/page"}],"author":[{"embeddable":true,"href":"https:\/\/bautenschutz-keul.de\/angebote\/wp-json\/wp\/v2\/users\/1"}],"replies":[{"embeddable":true,"href":"https:\/\/bautenschutz-keul.de\/angebote\/wp-json\/wp\/v2\/comments?post=642"}],"version-history":[{"count":0,"href":"https:\/\/bautenschutz-keul.de\/angebote\/wp-json\/wp\/v2\/pages\/642\/revisions"}],"wp:attachment":[{"href":"https:\/\/bautenschutz-keul.de\/angebote\/wp-json\/wp\/v2\/media?parent=642"}],"curies":[{"name":"wp","href":"https:\/\/api.w.org\/{rel}","templated":true}]}}