{"id":643,"date":"2021-09-13T08:44:40","date_gmt":"2021-09-13T06:44:40","guid":{"rendered":"https:\/\/bautenschutz-keul.de\/angebote\/aufsteigende-feuchtigkeit-hanstedt\/"},"modified":"2021-09-13T08:44:40","modified_gmt":"2021-09-13T06:44:40","slug":"aufsteigende-feuchtigkeit-hanstedt","status":"publish","type":"page","link":"https:\/\/bautenschutz-keul.de\/angebote\/aufsteigende-feuchtigkeit-hanstedt\/","title":{"rendered":"aufsteigende Feuchtigkeit &#8211; Hanstedt"},"content":{"rendered":"<h3>Aufsteigende Feuchtigkeit: Unsere Mitarbeiter stehen f\u00fcr Sie bereit!<\/h3>\n<p>Ein durchfeuchtetes Mauerwerk bedroht die Bausubstanz eines Geb\u00e4udes. Ursache f\u00fcr aufsteigende Feuchtigkeit kann beispielsweise ein erh\u00f6hter Grundwasserspiegel sein.<br \/>\nAuch eine unvorteilhafte Hanglage eines Geb\u00e4udes kann aufsteigende Feuchtigkeit beg\u00fcnstigen. Wird das Problem zeitnah entdeckt, l\u00e4sst sich die zu sch\u00fctzende Substanz nachhaltig erhalten. Der Profi kennt verschiedene M\u00f6glichkeiten um aufsteigende Feuchtigkeit zu bek\u00e4mpfen. Indizien f\u00fcr sind Farbver\u00e4nderungen des Mauerwerks, durchweichte Tapeten oder auch ein unsch\u00f6ner muffiger Geruch. Auch gesundheitsgef\u00e4hrdende Schimmelentstehung kann eine Auswirkung von durchfeuchteten W\u00e4nden sein. <\/p>\n<p>Ist das Fundament eines Hauses nicht fachgerecht abgedichtet, dringt N\u00e4sse in das Mauerwerk ein. Oft sind es \u00e4ltere Immobilien, die nicht gen\u00fcgend gegen aufsteigende Feuchtigkeit gesch\u00fctzt sind. Auch neue H\u00e4user sind nicht grunds\u00e4tzlich vor dem Einsickern von Wasser sicher. Nicht vorhandene Versiegelungen oder auch schlecht ausgef\u00fchrte D\u00e4mmungen sind vermutlich die am h\u00e4ufigsten genannten Ursachen. <\/p>\n<h3>Sie ben\u00f6tigen Hilfe gegen aufsteigende Feuchtigkeit? Dann rufen Sie uns bitte an!<\/h3>\n<p>Meistens wirkt eine horizontale, also waagerechte Sperre gegen aufsteigende Feuchtigkeit. Gebr\u00e4uchliche Trocknungsverfahren bedeuten immer einen Eingriff in die Bausubstanz. Der durchaus nicht zu verkennende Aufwand rentiert sich, wenn die fachgerecht verrichtete Arbeit zu einer nachhaltigen Unterdr\u00fcckung von Sch\u00e4den durch aufsteigende Feuchtigkeit f\u00fchrt. <\/p>\n<p>Feuchtigkeit gelangt manchmal bereits durch minimalste \u00d6ffnungen im Baustoff nach oben. Es ist kaum verwunderlich, falls man sagt, dass aufsteigende Feuchtigkeit sich einen regelrechten Transportweg durch die Fugen des Mauerwerks bahnt. Ein charakteristisches Merkmal, das aufsteigende Feuchtigkeit zeigt, sind Besch\u00e4digungen, die auf die unteren Fl\u00e4chen vom Erdgeschoss beschr\u00e4nkt sind. Die Bewertung und die Entfernung des Schadens ist Aufgabe f\u00fcr einen Fachmann. Nur der erfahrene Spezialist kennt Ursache, Wirkung und wei\u00df \u00fcber die Methoden zur Schadensregulierung.<\/p>\n","protected":false},"excerpt":{"rendered":"<p>Aufsteigende Feuchtigkeit: Unsere Mitarbeiter stehen f\u00fcr Sie bereit! Ein durchfeuchtetes Mauerwerk bedroht die Bausubstanz eines Geb\u00e4udes. Ursache f\u00fcr aufsteigende Feuchtigkeit kann beispielsweise ein erh\u00f6hter Grundwasserspiegel sein. Auch eine unvorteilhafte Hanglage eines Geb\u00e4udes kann aufsteigende Feuchtigkeit beg\u00fcnstigen. Wird das Problem zeitnah entdeckt, l\u00e4sst sich die zu sch\u00fctzende Substanz nachhaltig erhalten. Der Profi kennt verschiedene M\u00f6glichkeiten um [&hellip;]<\/p>\n","protected":false},"author":1,"featured_media":0,"parent":0,"menu_order":0,"comment_status":"closed","ping_status":"closed","template":"","meta":{"footnotes":""},"class_list":["post-643","page","type-page","status-publish","hentry"],"meta_box":{"popseo_subtitel":"Wir sind Ihr Fachbetrieb gegen aufsteigende Feuchtigkeit im Raum Hanstedt","popseo_subtitel2":"Aufsteigende Feuchtigkeit - unsere Fachleute beraten Sie zur Sanierung","popseo_lasttitel":"aufsteigende Feuchtigkeit: D\u00fcrfen wir Ihre Fragen beantworten?","popseo_region":"Hanstedt","popseo_sachwort":"aufsteigende Feuchtigkeit","popseo_noupdate":"","popseo_einleitungstext":"<p>Sie haben sich mit der Bauwerksabdichtung besch\u00e4ftigt, da Ihr Wohn- oder Gesch\u00e4ftshaus feuchte Geb\u00e4udeteile aufweist und Sie nach M\u00f6glichkeiten einer wirkungsvollen und professionellen Sanierung Ausschau halten. Ausgezeichnet, dass Sie unsere Website entdeckt haben. Auf den folgenden Seiten d\u00fcrfen wir Ihnen n\u00e4here Informationen zu unserem Leistungsspektrum geben. Sie lernen auf dieser Internetseite unsere Firma n\u00e4her kennen. <\/p>\n<p>Die Firma TK-Geb\u00e4udetechnik Thorsten Keul ist ein spezialisierter und etablierter Handwerksbetrieb mit Sitz in Brietlingen bei L\u00fcneburg. Seit vielen Jahren schon sind wir Ihr Fachpartner f\u00fcr s\u00e4mtliche Fragen rund um die Bauwerksabdichtung. Wir setzen ausschlie\u00dflich effektive und praxisbew\u00e4hrte Sanierungsmethoden und -systeme ein. Als Sanierungsfachbetrieb blicken wir auf eine lange Berufserfahrung zur\u00fcck. Unsere freundlichen Spezialisten informieren Sie gerne im Detail.<\/p>","popseo_schlusstext":"<p>Sie ben\u00f6tigen einen Spezialisten f\u00fcr die sachgerechte Umsetzung der Innen- und Au\u00dfenabdichtung. Dann melden Sie sich am besten noch heute bei uns. Wir freuen uns auf das Gespr\u00e4ch mit Ihnen. Wenn es um Sanierung geht, sind wir Ihr verl\u00e4sslicher Handwerkspartner. Wir garantieren Ihnen eine fachkundig ausgef\u00fchrte Arbeit nach dem jeweils neuesten Stand der Technik.<\/p>","popseo_stadttext":"<h3>Wir freuen uns \u00fcber zufriedene Kunden aus Hanstedt (Harburg)<\/h3>\n<p>Sie kommen aus Hanstedt (Harburg) und sind hier im World Wide Web auf unsere Homepage gesto\u00dfen? Das finden wir toll. Gerne pr\u00e4sentieren wir Ihnen unser komplettes Leistungsspektrum und beantworten Ihre Fragen. Durch unsere Vertriebst\u00e4tigkeit haben wir uns einen sehr guten \u00dcberblick \u00fcber die Stadtarchitektur der St\u00e4dte und Gemeinden unseres Einzugsbereiches machen k\u00f6nnen. Selbstverst\u00e4ndlich z\u00e4hlt auch Hanstedt (Harburg) unserem unmittelbaren Vertriebsgebiet. Wir freuen uns darauf, mit Ihnen ins Gespr\u00e4ch zu kommen. <\/p>\n<h3>Einige interessante Informationen \u00fcber Hanstedt (Harburg)<\/h3>\n<p>Etwa 5.800 B\u00fcrger z\u00e4hlt Hanstedt (Harburg). Das Gemeindegebiet umfasst ein Areal von gut 59 qkm. Die Wirtschaft von Hanstedt profitiert von der verkehrstechnisch guten Lage in der L\u00fcneburger Heide. Speziell f\u00fcr den Mittelstand zeigt sich die Zentralit\u00e4t des Ortes als Motor. Wirtschaftlich betrachtet wird Hanstedt vor allem durch mittelst\u00e4ndische Betriebe aus den Bereichen Dienstleistung und Handwerk gepr\u00e4gt. Diese Wirtschaftszweign sind ausgesprochen prominent vertreten. Des Weiteren wurde der Fremdenverkehr zu einem wichtigen Standbein der \u00f6rtlichen Wirtschaft. Erholungssuchende finden in Hanstedt (Harburg) viele M\u00f6glichkeiten zum Wandern und f\u00fcr Radtouren. Insbesondere die weiten Heidefl\u00e4chen des Naturschutzgebietes L\u00fcneburger Heide sowie die Hanstedter Berge ziehen zahlreiche Tagesbesucher und Touristen in die Region. Hanstedt (Harburg) ist ein familiengerechter Ort. Die Gemeinde verf\u00fcgt \u00fcber eine sehr gute Infrastruktur. Organisatorisch geh\u00f6rt Hanstedt zum Kreis Harburg.<\/p>\n<h4>Privat- und Gesch\u00e4ftskunden aus Hanstedt (Harburg) sch\u00e4tzen unsere Leistungen!<\/h4>\n<p>Das Leben in Hanstedt (Harburg) ist ruhig. Die Gemeinde verf\u00fcgt \u00fcber zahlreiche idyllische Wohngebiete, die insbesondere von einer angenehmen Einzelhausbebauung gepr\u00e4gt sind. Sie interessieren sich f\u00fcr unser Leistungsprogramm und haben deshalb unsere Homepage besucht? Dar\u00fcber freuen wir uns sehr. Unser freundliches Team nimmt gerne Ihren Anruf entgegen oder beantwortet Ihre E-Mail.<\/p>","popseo_zusatztext":"<h3>Erstklassiges Abdichten ist uns wichtig<\/h3>\n<p>Sie haben einen Feuchtigkeitsschaden entdeckt und m\u00fcssen die betroffenen Bereiche nun schnellstm\u00f6glich abdichten. Sehr gut, dass Sie uns entdeckt haben! Als erfahrenes Fachunternehmen der Bauwirtschaft kennen wir uns sehr gut aus mit dem Abdichten von Kellern, Mauern oder W\u00e4nden.  <\/p>\n<p>Feuchtigkeitssch\u00e4den sind unsere Fachkompetenz: F\u00fcr unser Unternehmen geh\u00f6rt das Abdichten von W\u00e4nden, Kellern oder Mauern zur allt\u00e4glichen Arbeit. Wir gehen der Ursache f\u00fcr den Feuchtigkeitseintritt gr\u00fcndlich auf den Grund. Vor dem konkreten Abdichten muss erstmal die Ursachenfindung stehen. Erst wenn man den definitiven Grund f\u00fcr eine Durchn\u00e4ssung gefunden hat, kann man mit dem Abdichten beginnen. Die Analyse gibt die Marschrichtung vor, den das Abdichten eines Bauk\u00f6rpers umfassen muss.  <\/p>\n<h4>Abdichten: Schnelle Hilfe durch den Fachbetrieb!<\/h4>\n<p>Z\u00f6gern Sie bitte nicht und verabreden Sie noch heute einen Termin mit einem unserer qualifizierten Angestellten. Ein kurzer Anruf beziehungsweise eine kurze Email reichen v\u00f6llig aus! Bei einer Bestandsaufnahme direkt am betroffenen Objekt, nehmen wir den Schaden auf und erstellen daraufhin ein Konzept f\u00fcr das langfristige Abdichten der gesch\u00e4digten Bereiche. Unsere Arbeit ist stets zweckbezogen: Selbstverst\u00e4ndlich flie\u00dfen auch monet\u00e4re Betrachtungen in unsere Entscheidungsfindung f\u00fcr das Abdichten Ihres Hauses mit ein. Alles komplett aus einer Hand: Unsere motivierten Mitarbeiter f\u00fchren alle erforderlichen Arbeiten, die zum Abdichten geh\u00f6ren schnell und verl\u00e4sslich aus. Schon seit langer Zeit ist unser Haus f\u00fcr eine hohe Fachkompetenz bekannt. Eine unserer Schwerpunkte liegt im Abdichten von Gesch\u00e4fts- und Wohngeb\u00e4uden. Vertrauen Sie auf Fachkompetenz und beauftragen Sie uns f\u00fcr das Abdichten von neuralgischen Stellen im Mauerwerk. Wir freuen uns darauf, auch Ihnen helfen zu d\u00fcrfen.<\/p>","popseo_links":"<a href=\"https:\/\/bautenschutz-keul.de\/angebote\/innenabdichtung-salzhausen\/\">Innenabdichtung Salzhausen<\/a>, <a href=\"https:\/\/bautenschutz-keul.de\/angebote\/aussenabdichtung-glinde-sachsenwald\/\">Au\u00dfenabdichtung Glinde Sachsenwald<\/a>, <a href=\"https:\/\/bautenschutz-keul.de\/angebote\/feuchtigkeit-stelle\/\">Feuchtigkeit Stelle<\/a>, <a href=\"https:\/\/bautenschutz-keul.de\/angebote\/feuchtigkeit-salzhausen\/\">Feuchtigkeit Salzhausen<\/a>, <a href=\"https:\/\/bautenschutz-keul.de\/angebote\/schimmelsanierung-herzogtum-lauenburg\/\">Schimmelsanierung Herzogtum Lauenburg<\/a>, <a href=\"https:\/\/bautenschutz-keul.de\/angebote\/aufsteigende-feuchtigkeit-harburg\/\">aufsteigende Feuchtigkeit Harburg<\/a>, <a href=\"https:\/\/bautenschutz-keul.de\/angebote\/schimmelbeseitigung-lueneburg\/\">Schimmelbeseitigung L\u00fcneburg<\/a>, <a href=\"https:\/\/bautenschutz-keul.de\/angebote\/kellerabdichtung-reppenstedt\/\">Kellerabdichtung Reppenstedt<\/a>, <a href=\"https:\/\/bautenschutz-keul.de\/angebote\/feuchtigkeit-seevetal-rosengarten\/\">Feuchtigkeit Seevetal Rosengarten<\/a>, <a href=\"https:\/\/bautenschutz-keul.de\/angebote\/mauertrockenlegung-herzogtum-lauenburg\/\">Mauertrockenlegung Herzogtum Lauenburg<\/a>, <a href=\"https:\/\/bautenschutz-keul.de\/angebote\/kellertrockenlegung-lueneburg\/\">Kellertrockenlegung L\u00fcneburg<\/a>, <a href=\"https:\/\/bautenschutz-keul.de\/angebote\/kellersanierung-buechen\/\">Kellersanierung B\u00fcchen<\/a>, <a href=\"https:\/\/bautenschutz-keul.de\/angebote\/kellertrockenlegung-harburg\/\">Kellertrockenlegung Harburg<\/a>, <a href=\"https:\/\/bautenschutz-keul.de\/angebote\/mauertrockenlegung-bad-bevensen\/\">Mauertrockenlegung Bad Bevensen<\/a>, <a href=\"https:\/\/bautenschutz-keul.de\/angebote\/mauertrockenlegung-buchholz-in-der-nordheide\/\">Mauertrockenlegung Buchholz in der Nordheide<\/a>, <a href=\"https:\/\/bautenschutz-keul.de\/angebote\/schimmelbeseitigung-jesteburg\/\">Schimmelbeseitigung Jesteburg<\/a>, <a href=\"https:\/\/bautenschutz-keul.de\/angebote\/salpeter-im-keller-herzogtum-lauenburg\/\">Salpeter im Keller Herzogtum Lauenburg<\/a>, <a href=\"https:\/\/bautenschutz-keul.de\/angebote\/aussenabdichtung-bispingen\/\">Au\u00dfenabdichtung Bispingen<\/a>, <a href=\"https:\/\/bautenschutz-keul.de\/angebote\/zerstoerter-putz-adendorf\/\">zerst\u00f6rter Putz Adendorf<\/a>, <a href=\"https:\/\/bautenschutz-keul.de\/angebote\/zerstoerter-putz-reppenstedt\/\">zerst\u00f6rter Putz Reppenstedt<\/a>, <a href=\"https:\/\/bautenschutz-keul.de\/angebote\/rissverpressung-tostedt-sittensen\/\">Rissverpressung Tostedt Sittensen<\/a>, <a href=\"https:\/\/bautenschutz-keul.de\/angebote\/feuchte-wand-boizenburg\/\">Feuchte Wand Boizenburg<\/a>, <a href=\"https:\/\/bautenschutz-keul.de\/angebote\/feuchtigkeit-bad-bevensen\/\">Feuchtigkeit Bad Bevensen<\/a>, <a href=\"https:\/\/bautenschutz-keul.de\/angebote\/zerstoerter-putz-bispingen\/\">zerst\u00f6rter Putz Bispingen<\/a>, <a href=\"https:\/\/bautenschutz-keul.de\/angebote\/kellersanierung-seevetal-rosengarten\/\">Kellersanierung Seevetal Rosengarten<\/a>, <a href=\"https:\/\/bautenschutz-keul.de\/angebote\/feuchter-keller-buchholz-in-der-nordheide\/\">Feuchter Keller Buchholz in der Nordheide<\/a>, <a href=\"https:\/\/bautenschutz-keul.de\/angebote\/schimmelbeseitigung-buechen\/\">Schimmelbeseitigung B\u00fcchen<\/a>, <a href=\"https:\/\/bautenschutz-keul.de\/angebote\/feuchte-mauer-bergedorf-wentorf\/\">Feuchte Mauer Bergedorf Wentorf<\/a>, <a href=\"https:\/\/bautenschutz-keul.de\/angebote\/feuchte-mauer-brietlingen\/\">Feuchte Mauer Brietlingen<\/a>, <a href=\"https:\/\/bautenschutz-keul.de\/angebote\/feuchtigkeit-buechen\/\">Feuchtigkeit B\u00fcchen<\/a>"},"_links":{"self":[{"href":"https:\/\/bautenschutz-keul.de\/angebote\/wp-json\/wp\/v2\/pages\/643","targetHints":{"allow":["GET"]}}],"collection":[{"href":"https:\/\/bautenschutz-keul.de\/angebote\/wp-json\/wp\/v2\/pages"}],"about":[{"href":"https:\/\/bautenschutz-keul.de\/angebote\/wp-json\/wp\/v2\/types\/page"}],"author":[{"embeddable":true,"href":"https:\/\/bautenschutz-keul.de\/angebote\/wp-json\/wp\/v2\/users\/1"}],"replies":[{"embeddable":true,"href":"https:\/\/bautenschutz-keul.de\/angebote\/wp-json\/wp\/v2\/comments?post=643"}],"version-history":[{"count":0,"href":"https:\/\/bautenschutz-keul.de\/angebote\/wp-json\/wp\/v2\/pages\/643\/revisions"}],"wp:attachment":[{"href":"https:\/\/bautenschutz-keul.de\/angebote\/wp-json\/wp\/v2\/media?parent=643"}],"curies":[{"name":"wp","href":"https:\/\/api.w.org\/{rel}","templated":true}]}}