{"id":644,"date":"2021-09-13T08:44:40","date_gmt":"2021-09-13T06:44:40","guid":{"rendered":"https:\/\/bautenschutz-keul.de\/angebote\/aufsteigende-feuchtigkeit-harburg\/"},"modified":"2021-09-13T08:44:40","modified_gmt":"2021-09-13T06:44:40","slug":"aufsteigende-feuchtigkeit-harburg","status":"publish","type":"page","link":"https:\/\/bautenschutz-keul.de\/angebote\/aufsteigende-feuchtigkeit-harburg\/","title":{"rendered":"aufsteigende Feuchtigkeit &#8211; Harburg"},"content":{"rendered":"<h3>Aufsteigende Feuchtigkeit: Schnelle Hilfe durch den Fachbetrieb!<\/h3>\n<p>Ein feuchtes Mauerwerk gef\u00e4hrdet die Bausubstanz eines Hauses. Ausl\u00f6ser f\u00fcr aufsteigende Feuchtigkeit kann beispielsweise ein erh\u00f6hter Grundwasserstand sein.<br \/>\nAuch eine ung\u00fcnstige Hanglage eines Hauses kann aufsteigende Feuchtigkeit beg\u00fcnstigen. Wird das Problem fr\u00fchzeitig entdeckt, l\u00e4sst sich die zu sanierende Substanz nachhaltig erhalten. Der Spezialist kennt verschiedene M\u00f6glichkeiten um aufsteigende Feuchtigkeit zu einzud\u00e4mmen. Anzeichen f\u00fcr sind Verf\u00e4rbungen des Mauerwerks, wellige Tapeten oder auch ein unangenehm muffiger Geruch. Auch gef\u00e4hrliche Schimmelbildung kann eine Auswirkung von durchfeuchteten W\u00e4nden sein. <\/p>\n<p>Ist der Grund eines Bauwerkes nicht optimal abgedichtet, dringt N\u00e4sse in die Mauer ein. Oft sind es Altbauten, die nicht gen\u00fcgend gegen aufsteigende Feuchtigkeit gesch\u00fctzt sind. Sogar neue H\u00e4user sind nicht grunds\u00e4tzlich vor dem Einsickern von N\u00e4sse gesch\u00fctzt. Nicht vorhandene Abdichtungen oder defekte D\u00e4mmungen sind vermutlich die am meisten genannten Gr\u00fcnde. <\/p>\n<h3>Wir helfen rasch bei aufsteigender Feuchtigkeit!<\/h3>\n<p>Meistens wirkt eine horizontale, also waagerechte Sperre gegen aufsteigende Feuchtigkeit. Herk\u00f6mmliche Trocknungsmethoden bedeuten auf jeden Fall einen Eingriff in die Bausubstanz. Der allemal nicht zu vernachl\u00e4ssigende Einsatz lohnt sich, wenn die qualifiziert erledigte Arbeit zu einer nachhaltigen Vermeidung von Defiziten durch aufsteigende Feuchtigkeit f\u00fchrt. <\/p>\n<p>Feuchtigkeit kriecht manchmal schon durch kleinste \u00d6ffnungen im Baustoff nach oben. Es ist nicht abwegig, falls man sagt, dass aufsteigende Feuchtigkeit sich einen regelrechten Transportweg durch die Fugen des Mauerwerks bahnt. Ein bezeichnendes Kennzeichen, das aufsteigende Feuchtigkeit aufweist, sind Sch\u00e4den, die auf die unteren Bereiche vom Erdgeschoss beschr\u00e4nkt sind. Die Diagnose und die Entfernung des Schadens ist eine Angelegenheit f\u00fcr einen Spezialisten. Nur der erfahrene Spezialist \u00fcberblickt Grund, Wirkung und wei\u00df \u00fcber die Ma\u00dfnahmen zur Schadensbegrenzung.<\/p>\n","protected":false},"excerpt":{"rendered":"<p>Aufsteigende Feuchtigkeit: Schnelle Hilfe durch den Fachbetrieb! Ein feuchtes Mauerwerk gef\u00e4hrdet die Bausubstanz eines Hauses. Ausl\u00f6ser f\u00fcr aufsteigende Feuchtigkeit kann beispielsweise ein erh\u00f6hter Grundwasserstand sein. Auch eine ung\u00fcnstige Hanglage eines Hauses kann aufsteigende Feuchtigkeit beg\u00fcnstigen. Wird das Problem fr\u00fchzeitig entdeckt, l\u00e4sst sich die zu sanierende Substanz nachhaltig erhalten. Der Spezialist kennt verschiedene M\u00f6glichkeiten um aufsteigende [&hellip;]<\/p>\n","protected":false},"author":1,"featured_media":0,"parent":0,"menu_order":0,"comment_status":"closed","ping_status":"closed","template":"","meta":{"footnotes":""},"class_list":["post-644","page","type-page","status-publish","hentry"],"meta_box":{"popseo_subtitel":"Wir sind Ihr Fachunternehmen gegen aufsteigende Feuchtigkeit im Raum Harburg","popseo_subtitel2":"Aufsteigende Feuchtigkeit - wir helfen Ihnen gerne!","popseo_lasttitel":"aufsteigende Feuchtigkeit: D\u00fcrfen wir Ihre Fragen beantworten?","popseo_region":"Harburg","popseo_sachwort":"aufsteigende Feuchtigkeit","popseo_noupdate":"","popseo_einleitungstext":"<p>Sie haben sich mit dem Thema Bauwerksabdichtung besch\u00e4ftigt, weil Ihr Wohn- oder Gesch\u00e4ftshaus feuchte Geb\u00e4udeteile aufweist und Sie nach M\u00f6glichkeiten einer wirkungsvollen und professionellen Sanierung Ausschau halten. Prima, dass Sie unsere Website gefunden haben. Auf den folgenden Seiten m\u00f6chten wir Ihnen einige Informationen zu unserem Leistungsangebot geben. Sie lernen auf dieser Internetseite unsere Firma n\u00e4her kennen. <\/p>\n<p>Unser Unternehmen ist ein versierter und etablierter Fachbetrieb mit Gesch\u00e4ftsssitz in Brietlingen bei L\u00fcneburg. Bereits seit vielen Jahren sind wir Ihr Spezialist f\u00fcr alle Fragen rund um Geb\u00e4udeabdichtung. Wir setzen ausschlie\u00dflich effektive und praxisbew\u00e4hrte Sanierungsmethoden und -systeme ein. Als Sanierungsfachbetrieb blicken wir auf eine lange und intensive Berufserfahrung zur\u00fcck. Unsere engagierten Fachleute informieren Sie sehr gerne im Detail.<\/p>","popseo_schlusstext":"<p>Sie suchen einen Fachpartner f\u00fcr die sachgerechte Umsetzung der Innen- und Au\u00dfenabdichtung. Dann kontaktieren Sie uns bitte schnell. Wir freuen uns auf das Gespr\u00e4ch mit Ihnen. Wenn es um Sanierung geht, sind wir Ihr kompetenter Handwerkspartner. Wir stehen f\u00fcr eine einwandfrei ausgef\u00fchrte Arbeit nach dem jeweils neuesten Stand der Technik.<\/p>","popseo_stadttext":"<h3>Anfragen erhalten wir auch aus Harburg<\/h2>\n<p>Durch unsere Gesch\u00e4ftst\u00e4tigkeit haben wir uns einen guten \u00dcberblick \u00fcber die Architektur der St\u00e4dte und Gemeinden unseres Einzugsbereiches machen k\u00f6nnen. Nat\u00fcrlich z\u00e4hlt auch Harburg zu unserem unmittelbaren Vertriebsgebiet. Wir freuen uns darauf, mit Ihnen ins Gespr\u00e4ch zu treten. <\/p>\n<h3>Leben und Arbeiten in Harburg<\/h3>\n<p>Harburg ist ein Stadtteil der Hansestadt Hamburg. Harburg war ehemals eigenst\u00e4ndig. 1927 erfolgte zun\u00e4chst der Zusammenschluss mit Wilhelmsburg zur seinerzeit 110.000 Einwohner z\u00e4hlenden Stadt Harburg-Wilhelmsburg. Zehn Jahre sp\u00e4ter ordnete die Stadtverwaltung schlie\u00dflich dieses neu gebildete Stadtkonstrukt dem Hamburger Staat zu. Harburg verlor damit seine Selbst\u00e4ndigkeit. Im Jahre 1951 entstand auch der Verwaltungsbezirk Harburg. Harburg liegt an der S\u00fcderelbe. Der Stadtteil grenzt an Hamburg-Wilhemlsburg und HH-Neuland und an die nieders\u00e4chsischen Landkreise Harburg und Stade.  <\/p>\n<h3>Harburg \u2013 Stadtteil mit Herz<\/h3>\n<p>Speziell die Erweiterung des Binnenhafens zur Mitte des 19. Jahrhunderts war f\u00fcr die Entwicklung von Harburg entscheidend. Die kautschuk- und \u00f6lverarbeitende Schwerindustrie sorgte in Harburg f\u00fcr einen anhaltenden Aufschwung. Ab den 1960er Jahren zog sich die Hafenindustrie zu \u00fcberwiegenden Teilen aus Harburg zur\u00fcck. Mehr und Mehr Geb\u00e4ude und Industriegebiete lagen brach. Der Strukturwandel wirkte sich massiv auf das Leben im Stadtteil Harburg aus. <\/p>\n<p>In den zur\u00fcckliegenden Jahrzehnten hat sich Harburg erstaunlich entwickelt und sich speziell als Wohnquartier einen Namen erworben. Die Infrastruktur von Harburg ist sehr gut: Das Zentrum hat sich zu einem Shoppingeldorado entfaltet. Allein drei gro\u00dfe Shoppingcenter sind in Harburg beheimatet. Der Stadtteil verf\u00fcgt auch \u00fcber viele ruhige und sch\u00f6n gelegene Wohnviertel. Ein weiterer Pluspunkt: Mit der S-Bahn braucht man nur gut 15 Minuten bis zum Hamburger Hauptbahnhof. In den vergangenen Jahren wurden eine Menge Neubauprojekte in Harburg begonnen. Insbesondere der hafennahe Bereich um die Schlossinsel Harburg und das Gebiet um den Veritaskai wurden stadtarchitektonisch modernisiert. Harburg ist f\u00fcr sein Bildungsangebot begehrt. Die Technische Universit\u00e4t Hamburg-Harburg, die K\u00fchne School of Logistics sowie das Northern Institut of Technology verf\u00fcgen \u00fcber einen ausgezeichneten Ruf. <\/p>\n<h4>Wir f\u00fcr Sie in Harburg!<\/h4>\n<p>Sie interessieren sich f\u00fcr unser Angebot und sind hier im World Wide Web auf unsere Homepage gesto\u00dfen? Dar\u00fcber freuen wir uns sehr. Sehr gerne pr\u00e4sentieren wir Ihnen unser komplettes Leistungsspektrum und beantworten Ihre Fragen. Unser engagiertes Team freut sich auf Sie.<\/p>","popseo_zusatztext":"<h3>Beim Abdichten sind wir Profi<\/h3>\n<p>Sie haben einen N\u00e4sseschaden entdeckt und m\u00fcssen die entsprechenden Bereiche nun z\u00fcgig abdichten. Sehr gut, dass Sie uns gefunden haben! Als routiniertes Unternehmen der Baubranche kennen wir uns sehr gut aus mit dem Abdichten von Kellern, W\u00e4nden oder Mauern.  <\/p>\n<p>Feuchtigkeitssch\u00e4den sind unser Gesch\u00e4ft: F\u00fcr unsere Firma geh\u00f6rt das Abdichten von Kellern, W\u00e4nden oder Mauern zur allt\u00e4glichen Arbeit. Wir gehen der Ursache f\u00fcr den N\u00e4sseeintritt gr\u00fcndlich auf den Grund. Vor dem konkreten Abdichten muss allerdings die Ursachenfindung stehen. Erst wenn man den tats\u00e4chlichen Grund f\u00fcr die Durchn\u00e4ssung ermittelt hat, kann man mit dem Abdichten starten. Die Begutachtung gibt die Richtung vor, den das Abdichten eines Bauk\u00f6rpers beinhalten muss.  <\/p>\n<h4>Abdichten: Wir helfen verl\u00e4sslich und kompetent!<\/h4>\n<p>Z\u00f6gern Sie bitte nicht und verabreden Sie noch heute einen Vor-Ort-Termin mit einem unserer routinierten Angestellten. Ein kurzer Telefonanruf oder eine schnelle eMail reichen! Bei einer Begutachtung direkt am betroffenen Objekt, nehmen wir den Schaden auf und erstellen anschlie\u00dfend ein Konzept f\u00fcr das langfristige Abdichten der entsprechenden Stellen. Unsere Arbeit ist grunds\u00e4tzlich zweckorientiert: Nat\u00fcrlich flie\u00dfen auch monet\u00e4re Aspekte in unsere Entscheidungsfindung f\u00fcr das Abdichten Ihres Geb\u00e4udes mit ein. Komplett aus einer Hand: Unsere motivierten Mitarbeiter f\u00fchren alle erforderlichen Arbeiten, die zum Abdichten erforderlich sind umgehend und verl\u00e4sslich aus. Schon seit Jahren ist unser Haus f\u00fcr eine hohe Fachkompetenz bekannt. Eine unserer Schwerpunkte liegt im Abdichten von Gesch\u00e4fts- und Wohngeb\u00e4uden. Setzen Sie auf Kompetenz und beauftragen Sie unsere Firma f\u00fcr das Abdichten von neuralgischen Bereichen im Mauerwerk. Wir freuen uns darauf, auch Ihnen helfen zu d\u00fcrfen.<\/p>","popseo_links":"<a href=\"https:\/\/bautenschutz-keul.de\/angebote\/feuchte-wand-maschen\/\">Feuchte Wand Maschen<\/a>, <a href=\"https:\/\/bautenschutz-keul.de\/angebote\/salpeter-im-keller-jesteburg\/\">Salpeter im Keller Jesteburg<\/a>, <a href=\"https:\/\/bautenschutz-keul.de\/angebote\/kellersanierung-reinbek-aumuehle\/\">Kellersanierung Reinbek Aum\u00fchle<\/a>, <a href=\"https:\/\/bautenschutz-keul.de\/angebote\/feuchte-wand-lueneburg\/\">Feuchte Wand L\u00fcneburg<\/a>, <a href=\"https:\/\/bautenschutz-keul.de\/angebote\/zerstoerter-putz-buechen\/\">zerst\u00f6rter Putz B\u00fcchen<\/a>, <a href=\"https:\/\/bautenschutz-keul.de\/angebote\/schimmelsanierung-salzhausen\/\">Schimmelsanierung Salzhausen<\/a>, <a href=\"https:\/\/bautenschutz-keul.de\/angebote\/feuchte-wand-salzhausen\/\">Feuchte Wand Salzhausen<\/a>, <a href=\"https:\/\/bautenschutz-keul.de\/angebote\/rissverpressung-glinde-sachsenwald\/\">Rissverpressung Glinde Sachsenwald<\/a>, <a href=\"https:\/\/bautenschutz-keul.de\/angebote\/schimmel-brietlingen\/\">Schimmel Brietlingen<\/a>, <a href=\"https:\/\/bautenschutz-keul.de\/angebote\/aussenabdichtung-glinde-sachsenwald\/\">Au\u00dfenabdichtung Glinde Sachsenwald<\/a>, <a href=\"https:\/\/bautenschutz-keul.de\/angebote\/kellerabdichtung-bergedorf-wentorf\/\">Kellerabdichtung Bergedorf Wentorf<\/a>, <a href=\"https:\/\/bautenschutz-keul.de\/angebote\/schimmelsanierung-geesthacht\/\">Schimmelsanierung Geesthacht<\/a>, <a href=\"https:\/\/bautenschutz-keul.de\/angebote\/innenabdichtung-bergedorf-wentorf\/\">Innenabdichtung Bergedorf Wentorf<\/a>, <a href=\"https:\/\/bautenschutz-keul.de\/angebote\/kellerabdichtung-bad-bevensen\/\">Kellerabdichtung Bad Bevensen<\/a>, <a href=\"https:\/\/bautenschutz-keul.de\/angebote\/mauertrockenlegung-winsen-luhe\/\">Mauertrockenlegung Winsen Luhe<\/a>, <a href=\"https:\/\/bautenschutz-keul.de\/angebote\/salpeter-im-keller-seevetal-rosengarten\/\">Salpeter im Keller Seevetal Rosengarten<\/a>, <a href=\"https:\/\/bautenschutz-keul.de\/angebote\/bauwerksabdichtung-amelinghausen\/\">Bauwerksabdichtung Amelinghausen<\/a>, <a href=\"https:\/\/bautenschutz-keul.de\/angebote\/feuchter-keller-uelzen\/\">Feuchter Keller Uelzen<\/a>, <a href=\"https:\/\/bautenschutz-keul.de\/angebote\/bauwerksabdichtung-maschen\/\">Bauwerksabdichtung Maschen<\/a>, <a href=\"https:\/\/bautenschutz-keul.de\/angebote\/kellerabdichtung-amt-neuhaus\/\">Kellerabdichtung Amt Neuhaus<\/a>, <a href=\"https:\/\/bautenschutz-keul.de\/angebote\/salpeter-im-keller-buechen\/\">Salpeter im Keller B\u00fcchen<\/a>, <a href=\"https:\/\/bautenschutz-keul.de\/angebote\/feuchtigkeitsschaden-reppenstedt\/\">Feuchtigkeitsschaden Reppenstedt<\/a>, <a href=\"https:\/\/bautenschutz-keul.de\/angebote\/kellerabdichtung-maschen\/\">Kellerabdichtung Maschen<\/a>, <a href=\"https:\/\/bautenschutz-keul.de\/angebote\/kellertrockenlegung-boizenburg\/\">Kellertrockenlegung Boizenburg<\/a>, <a href=\"https:\/\/bautenschutz-keul.de\/angebote\/mauertrockenlegung-bardowick\/\">Mauertrockenlegung Bardowick<\/a>, <a href=\"https:\/\/bautenschutz-keul.de\/angebote\/rissverpressung-buechen\/\">Rissverpressung B\u00fcchen<\/a>, <a href=\"https:\/\/bautenschutz-keul.de\/angebote\/schimmel-tostedt-sittensen\/\">Schimmel Tostedt Sittensen<\/a>, <a href=\"https:\/\/bautenschutz-keul.de\/angebote\/schimmelbeseitigung-bergedorf-wentorf\/\">Schimmelbeseitigung Bergedorf Wentorf<\/a>, <a href=\"https:\/\/bautenschutz-keul.de\/angebote\/schimmel-buechen\/\">Schimmel B\u00fcchen<\/a>, <a href=\"https:\/\/bautenschutz-keul.de\/angebote\/kellersanierung-amelinghausen\/\">Kellersanierung Amelinghausen<\/a>"},"_links":{"self":[{"href":"https:\/\/bautenschutz-keul.de\/angebote\/wp-json\/wp\/v2\/pages\/644","targetHints":{"allow":["GET"]}}],"collection":[{"href":"https:\/\/bautenschutz-keul.de\/angebote\/wp-json\/wp\/v2\/pages"}],"about":[{"href":"https:\/\/bautenschutz-keul.de\/angebote\/wp-json\/wp\/v2\/types\/page"}],"author":[{"embeddable":true,"href":"https:\/\/bautenschutz-keul.de\/angebote\/wp-json\/wp\/v2\/users\/1"}],"replies":[{"embeddable":true,"href":"https:\/\/bautenschutz-keul.de\/angebote\/wp-json\/wp\/v2\/comments?post=644"}],"version-history":[{"count":0,"href":"https:\/\/bautenschutz-keul.de\/angebote\/wp-json\/wp\/v2\/pages\/644\/revisions"}],"wp:attachment":[{"href":"https:\/\/bautenschutz-keul.de\/angebote\/wp-json\/wp\/v2\/media?parent=644"}],"curies":[{"name":"wp","href":"https:\/\/api.w.org\/{rel}","templated":true}]}}