{"id":647,"date":"2021-09-13T08:44:40","date_gmt":"2021-09-13T06:44:40","guid":{"rendered":"https:\/\/bautenschutz-keul.de\/angebote\/aufsteigende-feuchtigkeit-lueneburg\/"},"modified":"2021-09-13T08:44:40","modified_gmt":"2021-09-13T06:44:40","slug":"aufsteigende-feuchtigkeit-lueneburg","status":"publish","type":"page","link":"https:\/\/bautenschutz-keul.de\/angebote\/aufsteigende-feuchtigkeit-lueneburg\/","title":{"rendered":"aufsteigende Feuchtigkeit &#8211; L\u00fcneburg"},"content":{"rendered":"<h3>Aufsteigende Feuchtigkeit \u2013 wir helfen schnell und unkompliziert!<\/h3>\n<p>Ein nasses Mauerwerk bedroht die Bausubstanz eines Geb\u00e4udes. Ursache f\u00fcr aufsteigende Feuchtigkeit k\u00f6nnte beispielsweise ein erh\u00f6hter Grundwasserspiegel sein.<br \/>\nAuch eine ung\u00fcnstige Hanglage eines Bauwerkes kann aufsteigende Feuchtigkeit beg\u00fcnstigen. Wird das Problem rechtzeitig festgestellt, l\u00e4sst sich die zu sch\u00fctzende Bausubstanz auf Dauer bewahren. Der Profi kennt unterschiedliche Methoden um aufsteigende Feuchtigkeit zu bek\u00e4mpfen. Indizien f\u00fcr sind Verf\u00e4rbungen der Mauern, aufgeweichte Tapeten oder ein unangenehm modriger Geruch. Sogar gesundheitsgef\u00e4hrdende Schimmelbildung kann die das Ergebnis von durchn\u00e4ssten W\u00e4nden sein. <\/p>\n<p>Ist das Fundament eines Geb\u00e4udes nicht ausreichend abgedichtet, sickert Feuchtigkeit in die Mauer ein. H\u00e4ufig sind es \u00e4ltere Immobilien, die nicht gen\u00fcgend gegen aufsteigende Feuchtigkeit gesichert sind. Aber auch neue Geb\u00e4ude sind nicht grunds\u00e4tzlich vor dem Eindringen von Feuchtigkeit gefeit. Fehlende Versiegelungen und mangelbehaftete Isolierungen sind vermutlich die am meisten genannten Ursachen. <\/p>\n<h3>Wir helfen rasch bei aufsteigender Feuchtigkeit!<\/h3>\n<p>Sehr oft wirkt eine horizontale Sperre gegen aufsteigende Feuchtigkeit. Gebr\u00e4uchliche Trocknungsmethoden bedeuten immer einen Eingriff in die Bausubstanz. Dieser allemal nicht zu vernachl\u00e4ssigende Einsatz rechnet sich, wenn die fachm\u00e4nnisch erledigte Arbeit zu einer st\u00e4ndigen Unterdr\u00fcckung von Defiziten durch aufsteigende Feuchtigkeit f\u00fchrt. <\/p>\n<p>Feuchte gelangt mitunter auch durch geringste Undichtigkeiten im Baumaterial nach oben. Es ist nicht \u00fcbertrieben, falls man sagt, dass aufsteigende Feuchtigkeit sich einen echten Transportweg durch die Fugen des Mauerwerks bahnt. Ein charakteristisches Kennzeichen, das aufsteigende Feuchtigkeit zeigt, sind Sch\u00e4den, die auf die unteren Fl\u00e4chen vom Erdgeschoss beschr\u00e4nkt sind. Die Diagnose und die Beseitigung des Schadens ist eine Angelegenheit f\u00fcr einen Fachmann. Nur der erfahrene Spezialist kennt Grund, Wirkung und wei\u00df \u00fcber die Methoden zur Schadensregulierung.<\/p>\n","protected":false},"excerpt":{"rendered":"<p>Aufsteigende Feuchtigkeit \u2013 wir helfen schnell und unkompliziert! Ein nasses Mauerwerk bedroht die Bausubstanz eines Geb\u00e4udes. Ursache f\u00fcr aufsteigende Feuchtigkeit k\u00f6nnte beispielsweise ein erh\u00f6hter Grundwasserspiegel sein. Auch eine ung\u00fcnstige Hanglage eines Bauwerkes kann aufsteigende Feuchtigkeit beg\u00fcnstigen. Wird das Problem rechtzeitig festgestellt, l\u00e4sst sich die zu sch\u00fctzende Bausubstanz auf Dauer bewahren. Der Profi kennt unterschiedliche Methoden [&hellip;]<\/p>\n","protected":false},"author":1,"featured_media":0,"parent":0,"menu_order":0,"comment_status":"closed","ping_status":"closed","template":"","meta":{"footnotes":""},"class_list":["post-647","page","type-page","status-publish","hentry"],"meta_box":{"popseo_subtitel":"Die Firma TK-Geb\u00e4udetechnik Thorsten Keul ist Ihr Spezialist gegen aufsteigende Feuchtigkeit in L\u00fcneburg","popseo_subtitel2":"Aufsteigende Feuchtigkeit - Sanierung f\u00fcr Kunden aus Norddeutschland","popseo_lasttitel":"aufsteigende Feuchtigkeit: Sie haben Fragen? Dann melden Sie sich bei uns","popseo_region":"L\u00fcneburg","popseo_sachwort":"aufsteigende Feuchtigkeit","popseo_noupdate":"","popseo_einleitungstext":"<p>Wenn es um Geb\u00e4udeabdichtung geht, sind Sie bei der Firma TK-Geb\u00e4udetechnik genau an der richtigen Adresse. Seit Unternehmensgr\u00fcndung sind wir Ihre lokalen Experten f\u00fcr das Setzen von Horizontalsperren, die Kellerabdichtung und ganz grunds\u00e4tzlich f\u00fcr wirksame Methoden gegen aufsteigende Feuchtigkeit. Unsere Fachleute beurteilen den Ist-Zustand von Mauern und W\u00e4nden und zeigen Ihnen, wie Sie die Bausubstanz Ihres Gesch\u00e4fts- oder Wohnhauses dauerhaft absichern k\u00f6nnen. Nachfolgend haben wir einige erste Informationen f\u00fcr Sie zusammengestellt.<\/p>","popseo_schlusstext":"<p>Sie suchen einen Fachpartner f\u00fcr die sachgerechte Umsetzung der Innen- und Au\u00dfenabdichtung. Dann rufen Sie uns bitte rasch an. Wir freuen uns auf Ihren Anruf oder Ihre E-Mail. Wenn es um Sanierung geht, sind wir Ihr verl\u00e4sslicher Handwerkspartner. Wir garantieren eine fachgerecht durchgef\u00fchrte Arbeit nach dem stets derzeitigen Stand der Technik.<\/p>","popseo_stadttext":"<h3>Zu Ihren Diensten in L\u00fcneburg und Bleckede<\/h3>\n<p>Wir betreuen Kunden aus L\u00fcneburg und Bleckede. Durch unsere Vertriebst\u00e4tigkeit haben wir uns einen sehr guten \u00dcberblick \u00fcber die Stadtarchitektur der Gemeinden und St\u00e4dte unseres Einzugsbereiches erarbeiten k\u00f6nnen. Selbstverst\u00e4ndlich z\u00e4hlt auch Ihre Region zu unserem unmittelbaren Vertriebsgebiet. Wir freuen uns darauf, mit Ihnen in Kontakt zu kommen. <\/p>\n<h3>Wissenswertes \u00fcber L\u00fcneburg und Bleckede<\/h3>\n<p>In der nur 40 Kilometer s\u00fcdlich von der Metropole Hamburg gelegenen Stadt L\u00fcneburg leben zirka 70.000 Einwohner. Die Stadt erstreckt sich \u00fcber eine Gesamtfl\u00e4che von 70 km\u00b2. L\u00fcneburg ist Kreisstadt des Kreises L\u00fcneburg und geh\u00f6rt zur Metropolregion Hamburg. Was viele nicht wissen: L\u00fcneburg ist eine alte Hansestadt. Malerisch an der Ilmenau gelegen, erfreut sich L\u00fcneburg massiver Popularit\u00e4t bei Tagesbesuchern und Touristen. Die knapp 300.000 \u00dcbernachtungen, welche das nieders\u00e4chsische Landesamt f\u00fcr Statistik festgestellt hat, sprechen eine sehr eindeutige Sprache. Besonders sehenswert ist der zentrumsnahe Bereich von L\u00fcneburg. Zahlreiche geschichtstr\u00e4chtige Geb\u00e4ude verleihen der Stadt einen ganz und gar einmaligen Charme. Bei einem Gang durch die Altstadt von L\u00fcneburg sollte man auf alle F\u00e4lle die Kirche St. Nicolai im Wasserviertel, das Stadtschloss am Markt sowie den Stintmarkt am L\u00fcneburger Hafen besuchen. Wer ein wenig Zeit \u00fcbrig hat, macht Station in einem der vielen ge\u00fcml\u00fctlichen Caf\u00e9s am Marktplatz und l\u00e4sst einfach die herrliche Atmosp\u00e4hre von L\u00fcneburg auf sich wirken. Die zahlreichen Fachwerkgeb\u00e4ude geben dem st\u00e4dtischen Ensemble eine g\u00e4nzlich einmalige Aura. Die beschauliche Universit\u00e4tsstadt ist bekannt f\u00fcr die Salzproduktion. In L\u00fcneburg liegt ein ein alter Salzstock. Dort wurde \u00fcber Jahrhunderte in gro\u00dfem Stile Salz gewonnen. Das Deutsche Salzmuseum L\u00fcneburg erz\u00e4hlt heute von diesem historischen Teil der Stadtchronik. Im \u00dcbrigen ist der Stint eine beliebte kulinarische Delikatesse. Dem kleinen Fisch begegnet man in L\u00fcneburg fast pausenlos. Bei einem Besuch der nieders\u00e4chsischen Kreisstadt sollte man ein Stint-Essen auf keinen Fall vers\u00e4umen.      <\/p>\n<p>L\u00fcneburg liegt an der Autobahn A39. Auch \u00fcber die Bundesstra\u00dfen B4, B209 und B216 gelangt man rasch und bequem in die nieders\u00e4chsische Kreisstadt. Auch das Umland \u2013 u.a. Scharnebeck, Salzhausen, Fleestedt, Hanstedt, Bienenb\u00fcttel, Amelinghausen und Egestorf - ist gut angebunden. Wer mit der Eisenbahn nach L\u00fcneburg reisen m\u00f6chte, kann dies \u00fcber die Bahnverbindung Hamburg-Hannover tun. Au\u00dferdem besteht eine Nahverkehrsanbindung durch den Verkehrsbetrieb Metronom. Die Reisedauer zwischen Hamburg und L\u00fcneburg betr\u00e4gt nur knapp 30 Minuten. <\/p>\n<h3>L\u00fcneburg und Bleckede: Attraktive Lebensmittelpunkte!<\/h3>\n<p>Die Stadt Bleckede befindet sich im nieders\u00e4chsischen Landkreis L\u00fcneburg. Bleckede hat ungef\u00e4hr 10.000 Einwohner. Das Stadtgebiet erstreckt sich \u00fcber eine Gesamtfl\u00e4che von etwa 139 Quadratkilometer. In direkter N\u00e4he finden sich die Ortschaften Vastorf, Amt Neuhaus, Thomasburg und Dahlenburg. Zu Bleckede z\u00e4hlen insgesamt 15 Ortsteile. Die \u00fcberzeugende Lage unmittelbar an der Elbe macht Bleckede attraktiv f\u00fcr Tagesbesucher und Touristen. Speziell mit dem Fahrrad lohnt sich ein Ausflug nach Bleckede. Der Elbradweg und der Mecklenburgische Seen-Radweg laden zum erholsamen Radeln ein. Bezeichnend f\u00fcr Bleckede sind die zahllosen Fachwerkbauten. Per pedes l\u00e4sst sich die eindrucksvolle Architektur besonders gut bewundern. Entsprechend stolz sind die Stadtv\u00e4ter von Bleckede darauf, dass der Ort Mitglied der Deutschen Fachwerkstra\u00dfe ist. H\u00fcbsch ist der Hafen von Bleckede. Bis heute machen viele Lastschiffe hier Station. Besucher sch\u00e4tzen auch den F\u00e4hrverkehr auf der Elbe. Eine touristische Besonderheit: Der historische Raddampfer Kaiser-Wilhelm legt in steter Folge in Bleckede an. Prima ist der Hafen auch f\u00fcr die Sportschifffahrt. Die zahlreichen Sportbootliegepl\u00e4tze zeigen die Anziehungskraft des Hafen besonders gut. Bleckede ist bekannt f\u00fcr seine attraktive Umgebung. Neben der schon genannten Deutschen Fachwerkstra\u00dfe f\u00fchrt auch die Deutsche Storchenstra\u00dfe durch Bleckede. Das innerst\u00e4dtisch zu bewundernde Storchennest ist eine ganz besondere Sehensw\u00fcrdigkeit. Aus Richtung L\u00fcneburg kommend, kann man \u00fcbrigens auch mit einer historischen Eisenbahn nach Bleckede fahren. Die Fahrt mit dem sog. Heide-Elbe-Express ist ein Geheimtipp f\u00fcr Besucher der Region.<\/p>\n<h4>Unsere Leistung f\u00fcr qualit\u00e4tsbewusste Kunden aus L\u00fcneburg und Bleckede<\/h4>\n<p>Toll, dass Sie uns hier auf dieser Website entdeckt haben. Wenn Sie eine erfahrene Fachfirma suchen, sind Sie bei uns an der richtigen Adresse. Sie m\u00f6chten mehr \u00fcber uns wissen? F\u00fcr R\u00fcckfragen stehen wir Ihnen jederzeit zur Verf\u00fcgung. Auf Ihre Anfragen freuen wir uns.<\/p>","popseo_zusatztext":"<h3>Abdichten: Wir versprechen Ihnen eine erstklassige Arbeit!<\/h3>\n<p>Sie haben einen Feuchtigkeitsschaden entdeckt und m\u00fcssen die entsprechenden Mauern nun schnellstm\u00f6glich abdichten. Gut, dass Sie uns gefunden haben! Als routiniertes Unternehmen der Bauwirtschaft kennen wir uns allerbestens aus mit dem Abdichten von W\u00e4nden, Mauern oder Kellern.  <\/p>\n<p>N\u00e4ssesch\u00e4den sind unser Metier: F\u00fcr unsere Firma geh\u00f6rt das Abdichten von W\u00e4nden, Mauern oder Kellern zur allt\u00e4glichen Arbeit. Wir gehen der Ursache f\u00fcr den N\u00e4sseeintritt gewissenhaft auf den Grund. Vor dem konkreten Abdichten muss allerdings die Ursachenforschung stehen. Erst wenn man den tats\u00e4chlichen Grund f\u00fcr eine Durchfeuchtung ermittelt hat, kann man mit dem Abdichten starten. Die Analyse gibt die Marschrichtung vor, den das Abdichten eines Bauk\u00f6rpers beinhalten muss.  <\/p>\n<h4>Abdichten: Beste Arbeit durch den Fachbetrieb<\/h4>\n<p>Z\u00f6gern Sie bitte nicht und vereinbaren Sie zeitnah ein Treffen mit einem unserer kompetenten Spezialisten. Ein kurzer Anruf oder eine schnelle E-Mail reichen! Bei einer Analyse direkt am gesch\u00e4digten Objekt, nehmen wir den Schaden auf und entwerfen danach ein Konzept f\u00fcr das dauerhafte Abdichten der betroffenen Bereiche. Unsere Arbeit ist stets zweckbezogen: Nat\u00fcrlich flie\u00dfen auch wirtschaftliche Gesichtspunkte in unsere Entscheidungsfindung f\u00fcr das Abdichten Ihres Hauses mit ein. Alles komplett aus einer Hand: Unsere dynamischen Angestellten f\u00fchren alle notwendigen Arbeiten, die zum Abdichten dazugeh\u00f6ren schnell und zuverl\u00e4ssig aus. Bereits seit Jahren ist unsere Firma f\u00fcr eine hohe Fachkompetenz bekannt. Eine unserer Schwerpunkte liegt im Abdichten von Wohn- und Gesch\u00e4ftsgeb\u00e4uden. Vertrauen Sie auf Kompetenz und beauftragen Sie unsere Firma f\u00fcr das Abdichten von neuralgischen Stellen im Mauerwerk. Wir freuen uns darauf, auch Ihnen helfen zu k\u00f6nnen.<\/p>","popseo_links":"<a href=\"https:\/\/bautenschutz-keul.de\/angebote\/feuchtigkeit-schwarzenbek\/\">Feuchtigkeit Schwarzenbek<\/a>, <a href=\"https:\/\/bautenschutz-keul.de\/angebote\/feuchte-mauer-winsen-luhe\/\">Feuchte Mauer Winsen Luhe<\/a>, <a href=\"https:\/\/bautenschutz-keul.de\/angebote\/schimmelsanierung-geesthacht\/\">Schimmelsanierung Geesthacht<\/a>, <a href=\"https:\/\/bautenschutz-keul.de\/angebote\/feuchtigkeit-buechen\/\">Feuchtigkeit B\u00fcchen<\/a>, <a href=\"https:\/\/bautenschutz-keul.de\/angebote\/salpeter-im-keller-jesteburg\/\">Salpeter im Keller Jesteburg<\/a>, <a href=\"https:\/\/bautenschutz-keul.de\/angebote\/rissverpressung-hanstedt\/\">Rissverpressung Hanstedt<\/a>, <a href=\"https:\/\/bautenschutz-keul.de\/angebote\/kellerabdichtung-boizenburg\/\">Kellerabdichtung Boizenburg<\/a>, <a href=\"https:\/\/bautenschutz-keul.de\/angebote\/schimmelsanierung-glinde-sachsenwald\/\">Schimmelsanierung Glinde Sachsenwald<\/a>, <a href=\"https:\/\/bautenschutz-keul.de\/angebote\/feuchte-wand-ebstorf\/\">Feuchte Wand Ebstorf<\/a>, <a href=\"https:\/\/bautenschutz-keul.de\/angebote\/mauertrockenlegung-glinde-sachsenwald\/\">Mauertrockenlegung Glinde Sachsenwald<\/a>, <a href=\"https:\/\/bautenschutz-keul.de\/angebote\/zerstoerter-putz-bienenbuettel\/\">zerst\u00f6rter Putz Bienenb\u00fcttel<\/a>, <a href=\"https:\/\/bautenschutz-keul.de\/angebote\/feuchtigkeit-jesteburg\/\">Feuchtigkeit Jesteburg<\/a>, <a href=\"https:\/\/bautenschutz-keul.de\/angebote\/schimmel-lueneburg\/\">Schimmel L\u00fcneburg<\/a>, <a href=\"https:\/\/bautenschutz-keul.de\/angebote\/bauwerksabdichtung-winsen-luhe\/\">Bauwerksabdichtung Winsen Luhe<\/a>, <a href=\"https:\/\/bautenschutz-keul.de\/angebote\/zerstoerter-putz-boizenburg\/\">zerst\u00f6rter Putz Boizenburg<\/a>, <a href=\"https:\/\/bautenschutz-keul.de\/angebote\/rissverpressung-bardowick\/\">Rissverpressung Bardowick<\/a>, <a href=\"https:\/\/bautenschutz-keul.de\/angebote\/kellertrockenlegung-seevetal-rosengarten\/\">Kellertrockenlegung Seevetal Rosengarten<\/a>, <a href=\"https:\/\/bautenschutz-keul.de\/angebote\/innenabdichtung-buchholz-in-der-nordheide\/\">Innenabdichtung Buchholz in der Nordheide<\/a>, <a href=\"https:\/\/bautenschutz-keul.de\/angebote\/horizontalsperre-amelinghausen\/\">Horizontalsperre Amelinghausen<\/a>, <a href=\"https:\/\/bautenschutz-keul.de\/angebote\/schimmelsanierung-brietlingen\/\">Schimmelsanierung Brietlingen<\/a>, <a href=\"https:\/\/bautenschutz-keul.de\/angebote\/innenabdichtung-boizenburg\/\">Innenabdichtung Boizenburg<\/a>, <a href=\"https:\/\/bautenschutz-keul.de\/angebote\/schimmelbeseitigung-buchholz-in-der-nordheide\/\">Schimmelbeseitigung Buchholz in der Nordheide<\/a>, <a href=\"https:\/\/bautenschutz-keul.de\/angebote\/kellertrockenlegung-amt-neuhaus\/\">Kellertrockenlegung Amt Neuhaus<\/a>, <a href=\"https:\/\/bautenschutz-keul.de\/angebote\/horizontalsperre-reinbek-aumuehle\/\">Horizontalsperre Reinbek Aum\u00fchle<\/a>, <a href=\"https:\/\/bautenschutz-keul.de\/angebote\/schimmelbeseitigung-boizenburg\/\">Schimmelbeseitigung Boizenburg<\/a>, <a href=\"https:\/\/bautenschutz-keul.de\/angebote\/schimmelsanierung-buechen\/\">Schimmelsanierung B\u00fcchen<\/a>, <a href=\"https:\/\/bautenschutz-keul.de\/angebote\/schimmel-maschen\/\">Schimmel Maschen<\/a>, <a href=\"https:\/\/bautenschutz-keul.de\/angebote\/innenabdichtung-stelle\/\">Innenabdichtung Stelle<\/a>, <a href=\"https:\/\/bautenschutz-keul.de\/angebote\/salpeter-im-keller-salzhausen\/\">Salpeter im Keller Salzhausen<\/a>, <a href=\"https:\/\/bautenschutz-keul.de\/angebote\/aussenabdichtung-bienenbuettel\/\">Au\u00dfenabdichtung Bienenb\u00fcttel<\/a>"},"_links":{"self":[{"href":"https:\/\/bautenschutz-keul.de\/angebote\/wp-json\/wp\/v2\/pages\/647","targetHints":{"allow":["GET"]}}],"collection":[{"href":"https:\/\/bautenschutz-keul.de\/angebote\/wp-json\/wp\/v2\/pages"}],"about":[{"href":"https:\/\/bautenschutz-keul.de\/angebote\/wp-json\/wp\/v2\/types\/page"}],"author":[{"embeddable":true,"href":"https:\/\/bautenschutz-keul.de\/angebote\/wp-json\/wp\/v2\/users\/1"}],"replies":[{"embeddable":true,"href":"https:\/\/bautenschutz-keul.de\/angebote\/wp-json\/wp\/v2\/comments?post=647"}],"version-history":[{"count":0,"href":"https:\/\/bautenschutz-keul.de\/angebote\/wp-json\/wp\/v2\/pages\/647\/revisions"}],"wp:attachment":[{"href":"https:\/\/bautenschutz-keul.de\/angebote\/wp-json\/wp\/v2\/media?parent=647"}],"curies":[{"name":"wp","href":"https:\/\/api.w.org\/{rel}","templated":true}]}}