{"id":652,"date":"2021-09-13T08:44:40","date_gmt":"2021-09-13T06:44:40","guid":{"rendered":"https:\/\/bautenschutz-keul.de\/angebote\/aufsteigende-feuchtigkeit-schwarzenbek\/"},"modified":"2021-09-13T08:44:40","modified_gmt":"2021-09-13T06:44:40","slug":"aufsteigende-feuchtigkeit-schwarzenbek","status":"publish","type":"page","link":"https:\/\/bautenschutz-keul.de\/angebote\/aufsteigende-feuchtigkeit-schwarzenbek\/","title":{"rendered":"aufsteigende Feuchtigkeit &#8211; Schwarzenbek"},"content":{"rendered":"<h3>Aufsteigende Feuchtigkeit \u2013 wir helfen schnell und unkompliziert!<\/h3>\n<p>Ein durchfeuchtetes Mauerwerk bedroht die Bausubstanz einer Immobilie. Ausl\u00f6ser f\u00fcr aufsteigende Feuchtigkeit k\u00f6nnte zum Beispiel ein hoher Grundwasserstand sein.<br \/>\nAuch eine nachteilige Hanglage eines Bauwerkes kann aufsteigende Feuchtigkeit unterst\u00fctzen. Wird das Problem fr\u00fchzeitig entdeckt, l\u00e4sst sich die zu erhaltende Substanz f\u00fcr eine lange Zeit erhalten. Der Profi kennt diverse Mittel um aufsteigende Feuchtigkeit zu bek\u00e4mpfen. Indizien f\u00fcr sind Farbver\u00e4nderungen des Mauerwerks, wellige Tapeten und ein unangenehm muffiger Geruch. Sogar gef\u00e4hrliche Schimmelentstehung kann die das Ergebnis von durchn\u00e4ssten W\u00e4nden sein. <\/p>\n<p>Ist der Grund eines Bauwerkes nicht optimal abgedichtet, sickert Feuchtigkeit in das Mauerwerk ein. H\u00e4ufig sind es \u00e4ltere H\u00e4user, die nicht gen\u00fcgend gegen aufsteigende Feuchtigkeit gesichert sind. Aber auch neue H\u00e4user sind nicht immer vor dem Eindringen von Wasser gesch\u00fctzt. Fehlende Abdichtungen und mangelbehaftete D\u00e4mmungen sind vermutlich die am h\u00e4ufigsten genannten Gr\u00fcnde. <\/p>\n<h3>Sie ben\u00f6tigen Hilfe gegen aufsteigende Feuchtigkeit? Dann rufen Sie uns bitte an!<\/h3>\n<p>In der Regel hilft eine horizontale, also waagerechte Sperre gegen aufsteigende Feuchtigkeit. Herk\u00f6mmliche Trocknungsverfahren bedeuten auf jeden Fall einen Eingriff in die Bauphysik. Der allemal nicht zu verkennende Einsatz lohnt sich, falls die fachm\u00e4nnisch ausgef\u00fchrte Arbeit zu einer nachhaltigen Unterdr\u00fcckung von M\u00e4ngeln durch aufsteigende Feuchtigkeit f\u00fchrt. <\/p>\n<p>Feuchtigkeit kriecht manchmal bereits durch kleinste Undichtigkeiten im Baumaterial nach oben. Es ist kaum abwegig, falls man sagt, dass aufsteigende Feuchtigkeit sich einen echten Transportweg durch die Fugen der Mauer sucht. Ein typisches Kennzeichen, das aufsteigende Feuchtigkeit aufweist, sind Besch\u00e4digungen, die auf die unteren Fl\u00e4chen vom Erdgeschoss beschr\u00e4nkt sind. Die Diagnose und die Beseitigung des Schadens ist Arbeit f\u00fcr einen Profi. Nur der erfahrene Fachmann kennt Ursache, Wirkung und wei\u00df \u00fcber die Methoden zur Schadensbegrenzung.<\/p>\n","protected":false},"excerpt":{"rendered":"<p>Aufsteigende Feuchtigkeit \u2013 wir helfen schnell und unkompliziert! Ein durchfeuchtetes Mauerwerk bedroht die Bausubstanz einer Immobilie. Ausl\u00f6ser f\u00fcr aufsteigende Feuchtigkeit k\u00f6nnte zum Beispiel ein hoher Grundwasserstand sein. Auch eine nachteilige Hanglage eines Bauwerkes kann aufsteigende Feuchtigkeit unterst\u00fctzen. Wird das Problem fr\u00fchzeitig entdeckt, l\u00e4sst sich die zu erhaltende Substanz f\u00fcr eine lange Zeit erhalten. Der Profi [&hellip;]<\/p>\n","protected":false},"author":1,"featured_media":0,"parent":0,"menu_order":0,"comment_status":"closed","ping_status":"closed","template":"","meta":{"footnotes":""},"class_list":["post-652","page","type-page","status-publish","hentry"],"meta_box":{"popseo_subtitel":"Wir sind Ihr Fachanbieter gegen aufsteigende Feuchtigkeit im Raum Schwarzenbek","popseo_subtitel2":"Aufsteigende Feuchtigkeit - unsere Spezialisten kennen sich aus in Sachen Sanierung!","popseo_lasttitel":"aufsteigende Feuchtigkeit: Unsere Mitarbeiter beantworten gerne Ihre Fragen","popseo_region":"Schwarzenbek","popseo_sachwort":"aufsteigende Feuchtigkeit","popseo_noupdate":"","popseo_einleitungstext":"<p>Sie wollen Ihr Wohn- oder Gesch\u00e4ftshaus sanieren lassen und m\u00f6chten sich \u00fcber wirksame Sanierungsmethoden informieren? Wunderbar, dann sind Sie bei uns an der richtigen Adresse. Als auf die Geb\u00e4udesanierung spezialisiertes Handwerksunternehmen, \u00fcbernehmen wir sehr gerne Arbeiten im Bereich Abdichtung und Trockenlegung.  <\/p>\n<p>Erfahren sind wir bei der Bauwerksabdichtung und au\u00dferdem bei der Schimmelbek\u00e4mpfung, der Kellersanierung und bei der Rissverpressung. Wir kennen uns mit der zeitgem\u00e4\u00dfen Sanierung von Bestandsimmobilien und Neubauten bestens aus. Auf unserer Internetseite stellen wir Ihnen unsere Firma und das gesamte Leistungsspektrum n\u00e4her vor. \u00dcber Ihr Interesse freuen wir uns sehr.<\/p>","popseo_schlusstext":"<p>Sie suchen einen Spezialisten f\u00fcr die fachgerecht ausgef\u00fchrte Bauwerksabdichtung. Dann melden Sie sich am besten noch heute bei uns. Wir freuen uns auf das Gespr\u00e4ch mit Ihnen. Wenn es um Sanierung geht, sind wir Ihr verl\u00e4sslicher Handwerkspartner. Wir bieten Ihnen eine einwandfrei durchgef\u00fchrte Arbeit nach dem immer aktuellsten Stand der Technik.<\/p>","popseo_stadttext":"<h3>Unser Einzugsbereich umfasst auch Schwarzenbek<\/h3>\n<p>Unser Einzugsbereich umfasst auch Schwarzenbek. Durch unsere T\u00e4tigkeit haben wir uns einen ausgezeichneten \u00dcberblick \u00fcber die Stadtarchitektur der St\u00e4dte und Gemeinden unseres Vertriebsgebietes erarbeiten k\u00f6nnen. Wir f\u00fchlen uns der Region verpflichtet und sind stolz darauf, auch unseren Anteil zur ausgezeichneten Infrastruktur der Stadt Schwarzenbek beizusteuern zu k\u00f6nnen.  <\/p>\n<h3>Einige interessante Informationen \u00fcber Schwarzenbek<\/h3>\n<p>Die Kleinstadt Schwarzenbek z\u00e4hlt verwaltungstechnisch zum schleswig-holsteinischen Landkreis Herzogtum Lauenburg. In Schwarzenbek leben gut 15.000 B\u00fcrger auf einer Fl\u00e4che von knapp 11 Quadratkilometern. Schwarzenbek fungiert als Sitz des Amtes Schwarzenbek-Land. Schwarzenbek \u00fcberzeugt speziell durch seine sch\u00f6nen Wohngebiete. Die Einzelhausbebauung \u00fcberwiegt in der lauenburgischen Kleinstadt ganz eindeutig. Mehrgeschossige Wohnh\u00e4user sind in Schwarzenbek erkennbar in der Minderheit.<\/p>\n<p>Die geringe Entfernung zur Hansestadt Hamburg ist ein entscheidender Standortfaktor f\u00fcr den Ort. Nur in etwa 35 km ist die norddeutsche Gro\u00dfstadt von Schwarzenbek entfernt. F\u00fcr die Wohnstatt Schwarzenbek eine ideale Situation: Wer seinen Arbeitgeber in Hamburg hat, hat nur einen kurzen Weg bis zur Wohnst\u00e4tte Schwarzenbek. Das vorrangig beschauliche Leben auf dem Lande verkn\u00fcpft sich auf hervorragende Weise mit den vielf\u00e4ltigen Angeboten der Gro\u00dfstadt.<br \/>\nEine durch und durch befriedigende Infrastruktur macht das Wohnen in Schwarzenbek besonders f\u00fcr junge Familien reizvoll. Die Stadt ist Mitglied im Hamburger Verkehrsverbund (HVV). Mit der Bahn erreicht man Schwarzenbek \u00fcber die Strecke Hamburg-Berlin. Zum Hauptbahnhof Hamburg ben\u00f6tigt man ca. 20 Minuten. <\/p>\n<h3>Schwarzenbek \u2013 ein attraktiver Wohnort<\/h3>\n<p>Die Stadt Schwarzenbek wurde vor einiger Zeit mit dem sog. Europapreis ausgezeichnet. Der Preis wird St\u00e4dten verliehen, die sich sich in herausragender Weise f\u00fcr die Ausbreitung des europ\u00e4ischen Einigungsgedankens eingesetzt haben. Schwarzenbek tr\u00e4gt den Ehrentitel \u201eEuropastadt\u201c mit Stolz.<br \/>\nWegen der besonderen Lage im Kreisgebiet Lauenburgs wird Schwarzenbek zuweilen auch als \u201eStadt der Mitte\u201c bezeichnet. Schwarzenbek war \u00fcbrigens eine der ersten St\u00e4dte in Norddeutschland, die auf der Stadtbeschilderung den Ortsnamen auch auf Plattdeutsch vermerkt haben. Eine sch\u00f6ne Idee, die zwischenzeitlich zahlreiche Nachahmer gefunden hat. <\/p>\n<h4>Privat- und Gesch\u00e4ftskunden aus Schwarzenbek sch\u00e4tzen unsere Leistungen!<\/h4>\n<p>Sehr gerne \u00fcbernehmen wir auch Arbeiten in Schwarzenbek und Umgebung. D\u00fcrfen wir Sie n\u00e4her informieren? Kontaktieren sie uns per Telefon oder schicken Sie uns eine Mail. Wir freuen uns auf Sie! Das qualifizierte Team unseres Unternehmens arbeitet \u201eHand in Hand\u201c, dabei stets zielorientiert und sorgsam.<\/p>","popseo_zusatztext":"<h3>Erstklassiges Abdichten ist uns wichtig<\/h3>\n<p>Sie haben einen Feuchteschaden entdeckt und m\u00fcssen die entsprechenden Mauerstellen nun schnellstm\u00f6glich abdichten. Sch\u00f6n, dass Sie uns gefunden haben! Als erfahrenes Unternehmen der Baubranche kennen wir uns sehr gut aus mit dem Abdichten von Kellern, W\u00e4nden oder Mauern.  <\/p>\n<p>N\u00e4ssesch\u00e4den sind unser Gesch\u00e4ft: F\u00fcr unsere Firma geh\u00f6rt das Abdichten von Mauern, W\u00e4nden oder Kellern zur t\u00e4glichen Arbeit. Wir gehen der Ursache f\u00fcr den N\u00e4sseeintritt gewissenhaft auf den Grund. Vor dem konkreten Abdichten muss erstmal die Ursachenfindung stehen. Erst wenn man den konkreten Grund f\u00fcr eine Durchn\u00e4ssung ermittelt hat, kann man mit dem Abdichten starten. Die Bestandsaufnahme gibt die Richtung vor, den das Abdichten eines Bauk\u00f6rpers umfassen muss.  <\/p>\n<h4>Abdichten: Unsere Mitarbeiter stehen f\u00fcr Sie bereit!<\/h4>\n<p>Warten Sie bitte nicht und verabreden Sie gleich einen Vor-Ort-Termin mit einem unserer qualifizierten Angestellten. Ein kurzer Anruf beziehungsweise eine schnelle eMail reichen v\u00f6llig aus! Bei einer Begutachtung direkt am gesch\u00e4digten Objekt, nehmen wir den Schaden auf und entwerfen daraufhin ein Konzept f\u00fcr das langfristige Abdichten der betroffenen Bereiche. Unsere Arbeit ist immer zweckorientiert: Nat\u00fcrlich flie\u00dfen auch \u00f6konomische Aspekte in unsere Entscheidungsfindung f\u00fcr das Abdichten Ihres Hauses mit ein. Alles aus einer Hand: Unsere motivierten Angestellten f\u00fchren alle notwendigen Arbeiten, die zum Abdichten erforderlich sind schnell und verl\u00e4sslich aus. Schon seit langer Zeit ist unsere Firma f\u00fcr eine hohe Qualit\u00e4t bekannt. Eine unserer Schwerpunkte liegt im Abdichten von Wohn- und Gesch\u00e4ftsgeb\u00e4uden. Setzen Sie auf Fachkompetenz und beauftragen Sie unsere Firma f\u00fcr das Abdichten von neuralgischen Stellen im Mauerwerk. Wir freuen uns darauf, auch Ihnen helfen zu d\u00fcrfen.<\/p>","popseo_links":"<a href=\"https:\/\/bautenschutz-keul.de\/angebote\/bauwerksabdichtung-hanstedt\/\">Bauwerksabdichtung Hanstedt<\/a>, <a href=\"https:\/\/bautenschutz-keul.de\/angebote\/aussenabdichtung-herzogtum-lauenburg\/\">Au\u00dfenabdichtung Herzogtum Lauenburg<\/a>, <a href=\"https:\/\/bautenschutz-keul.de\/angebote\/zerstoerter-putz-seevetal-rosengarten\/\">zerst\u00f6rter Putz Seevetal Rosengarten<\/a>, <a href=\"https:\/\/bautenschutz-keul.de\/angebote\/feuchte-mauer-glinde-sachsenwald\/\">Feuchte Mauer Glinde Sachsenwald<\/a>, <a href=\"https:\/\/bautenschutz-keul.de\/angebote\/innenabdichtung-bienenbuettel\/\">Innenabdichtung Bienenb\u00fcttel<\/a>, <a href=\"https:\/\/bautenschutz-keul.de\/angebote\/rissverpressung-boizenburg\/\">Rissverpressung Boizenburg<\/a>, <a href=\"https:\/\/bautenschutz-keul.de\/angebote\/kellertrockenlegung-brietlingen\/\">Kellertrockenlegung Brietlingen<\/a>, <a href=\"https:\/\/bautenschutz-keul.de\/angebote\/horizontalsperre-seevetal-rosengarten\/\">Horizontalsperre Seevetal Rosengarten<\/a>, <a href=\"https:\/\/bautenschutz-keul.de\/angebote\/kellersanierung-lueneburg\/\">Kellersanierung L\u00fcneburg<\/a>, <a href=\"https:\/\/bautenschutz-keul.de\/angebote\/bauwerksabdichtung-bad-bevensen\/\">Bauwerksabdichtung Bad Bevensen<\/a>, <a href=\"https:\/\/bautenschutz-keul.de\/angebote\/innenabdichtung-seevetal-rosengarten\/\">Innenabdichtung Seevetal Rosengarten<\/a>, <a href=\"https:\/\/bautenschutz-keul.de\/angebote\/bauwerksabdichtung-buechen\/\">Bauwerksabdichtung B\u00fcchen<\/a>, <a href=\"https:\/\/bautenschutz-keul.de\/angebote\/schimmel-bispingen\/\">Schimmel Bispingen<\/a>, <a href=\"https:\/\/bautenschutz-keul.de\/angebote\/bauwerksabdichtung-amt-neuhaus\/\">Bauwerksabdichtung Amt Neuhaus<\/a>, <a href=\"https:\/\/bautenschutz-keul.de\/angebote\/feuchte-wand-bispingen\/\">Feuchte Wand Bispingen<\/a>, <a href=\"https:\/\/bautenschutz-keul.de\/angebote\/aufsteigende-feuchtigkeit-bad-bevensen\/\">aufsteigende Feuchtigkeit Bad Bevensen<\/a>, <a href=\"https:\/\/bautenschutz-keul.de\/angebote\/mauertrockenlegung-salzhausen\/\">Mauertrockenlegung Salzhausen<\/a>, <a href=\"https:\/\/bautenschutz-keul.de\/angebote\/kellertrockenlegung-glinde-sachsenwald\/\">Kellertrockenlegung Glinde Sachsenwald<\/a>, <a href=\"https:\/\/bautenschutz-keul.de\/angebote\/aussenabdichtung-boizenburg\/\">Au\u00dfenabdichtung Boizenburg<\/a>, <a href=\"https:\/\/bautenschutz-keul.de\/angebote\/aufsteigende-feuchtigkeit-herzogtum-lauenburg\/\">aufsteigende Feuchtigkeit Herzogtum Lauenburg<\/a>, <a href=\"https:\/\/bautenschutz-keul.de\/angebote\/feuchte-mauer-amt-neuhaus\/\">Feuchte Mauer Amt Neuhaus<\/a>, <a href=\"https:\/\/bautenschutz-keul.de\/angebote\/kellertrockenlegung-salzhausen\/\">Kellertrockenlegung Salzhausen<\/a>, <a href=\"https:\/\/bautenschutz-keul.de\/angebote\/salpeter-im-keller-brietlingen\/\">Salpeter im Keller Brietlingen<\/a>, <a href=\"https:\/\/bautenschutz-keul.de\/angebote\/feuchtigkeitsschaden-amelinghausen\/\">Feuchtigkeitsschaden Amelinghausen<\/a>, <a href=\"https:\/\/bautenschutz-keul.de\/angebote\/salpeter-im-keller-reppenstedt\/\">Salpeter im Keller Reppenstedt<\/a>, <a href=\"https:\/\/bautenschutz-keul.de\/angebote\/aufsteigende-feuchtigkeit-amelinghausen\/\">aufsteigende Feuchtigkeit Amelinghausen<\/a>, <a href=\"https:\/\/bautenschutz-keul.de\/angebote\/horizontalsperre-maschen\/\">Horizontalsperre Maschen<\/a>, <a href=\"https:\/\/bautenschutz-keul.de\/angebote\/schimmelsanierung-ebstorf\/\">Schimmelsanierung Ebstorf<\/a>, <a href=\"https:\/\/bautenschutz-keul.de\/angebote\/kellerabdichtung-bergedorf-wentorf\/\">Kellerabdichtung Bergedorf Wentorf<\/a>, <a href=\"https:\/\/bautenschutz-keul.de\/angebote\/feuchte-wand-maschen\/\">Feuchte Wand Maschen<\/a>"},"_links":{"self":[{"href":"https:\/\/bautenschutz-keul.de\/angebote\/wp-json\/wp\/v2\/pages\/652","targetHints":{"allow":["GET"]}}],"collection":[{"href":"https:\/\/bautenschutz-keul.de\/angebote\/wp-json\/wp\/v2\/pages"}],"about":[{"href":"https:\/\/bautenschutz-keul.de\/angebote\/wp-json\/wp\/v2\/types\/page"}],"author":[{"embeddable":true,"href":"https:\/\/bautenschutz-keul.de\/angebote\/wp-json\/wp\/v2\/users\/1"}],"replies":[{"embeddable":true,"href":"https:\/\/bautenschutz-keul.de\/angebote\/wp-json\/wp\/v2\/comments?post=652"}],"version-history":[{"count":0,"href":"https:\/\/bautenschutz-keul.de\/angebote\/wp-json\/wp\/v2\/pages\/652\/revisions"}],"wp:attachment":[{"href":"https:\/\/bautenschutz-keul.de\/angebote\/wp-json\/wp\/v2\/media?parent=652"}],"curies":[{"name":"wp","href":"https:\/\/api.w.org\/{rel}","templated":true}]}}