{"id":654,"date":"2021-09-13T08:44:40","date_gmt":"2021-09-13T06:44:40","guid":{"rendered":"https:\/\/bautenschutz-keul.de\/angebote\/aufsteigende-feuchtigkeit-stelle\/"},"modified":"2021-09-13T08:44:40","modified_gmt":"2021-09-13T06:44:40","slug":"aufsteigende-feuchtigkeit-stelle","status":"publish","type":"page","link":"https:\/\/bautenschutz-keul.de\/angebote\/aufsteigende-feuchtigkeit-stelle\/","title":{"rendered":"aufsteigende Feuchtigkeit &#8211; Stelle"},"content":{"rendered":"<h3>Aufsteigende Feuchtigkeit: Kompetent und erfahren bei der Sanierung<\/h3>\n<p>Ein feuchtes Mauerwerk gef\u00e4hrdet die Bausubstanz einer Immobilie. Ausl\u00f6ser f\u00fcr aufsteigende Feuchtigkeit kann beispielsweise ein erh\u00f6hter Grundwasserstand sein.<br \/>\nEbenfalls eine unvorteilhafte Hanglage eines Geb\u00e4udes kann aufsteigende Feuchtigkeit unterst\u00fctzen. Wird das Problem fr\u00fchzeitig festgestellt, l\u00e4sst sich die zu sch\u00fctzende Substanz nachhaltig erhalten. Der Spezialist kennt verschiedene M\u00f6glichkeiten um aufsteigende Feuchtigkeit zu einzud\u00e4mmen. Indizien f\u00fcr sind Farbver\u00e4nderungen des Mauerwerks, aufgeweichte Tapeten oder auch ein unsch\u00f6ner modriger Geruch. Auch gef\u00e4hrliche Schimmelbildung kann eine Auswirkung von durchfeuchteten Mauern sein. <\/p>\n<p>Ist das Fundament eines Geb\u00e4udes nicht optimal abgedichtet, dringt N\u00e4sse in das Mauerwerk ein. H\u00e4ufig sind es \u00e4ltere H\u00e4user, die nicht gen\u00fcgend gegen aufsteigende Feuchtigkeit gesichert sind. Aber auch neuere Geb\u00e4ude sind nicht grunds\u00e4tzlich vor dem Einsickern von Feuchtigkeit gefeit. Fehlende Abdichtungen oder auch defekte Isolierungen sind vermutlich die am meisten genannten Ursachen. <\/p>\n<h3>Sie ben\u00f6tigen Hilfe gegen aufsteigende Feuchtigkeit? Dann rufen Sie uns bitte an!<\/h3>\n<p>Sehr oft wirkt eine horizontale Sperre gegen aufsteigende Feuchtigkeit. Gebr\u00e4uchliche Trocknungsverfahren bedeuten immer einen Eingriff in die Bausubstanz. Der jedenfalls nicht zu verkennende Einsatz rechnet sich, wenn die qualifiziert ausgef\u00fchrte Arbeit zu einer nachhaltigen Vermeidung von M\u00e4ngeln durch aufsteigende Feuchtigkeit f\u00fchrt. <\/p>\n<p>Feuchtigkeit kriecht manchmal auch durch minimalste Undichtigkeiten im Baumaterial nach oben. Es ist kaum abwegig, falls man sagt, dass aufsteigende Feuchtigkeit sich einen echten Transportweg durch die Fugen des Mauerwerks sucht. Ein charakteristisches Merkmal, das aufsteigende Feuchtigkeit aufweist, sind Sch\u00e4den, die auf die unteren Bereiche vom Erdgeschoss begrenzt sind. Die Bewertung und die Beseitigung des Schadens ist eine Angelegenheit f\u00fcr einen Fachmann. Nur der erfahrene Fachmann \u00fcberblickt Grund, Wirkung und wei\u00df \u00fcber die Methoden zur Schadensregulierung.<\/p>\n","protected":false},"excerpt":{"rendered":"<p>Aufsteigende Feuchtigkeit: Kompetent und erfahren bei der Sanierung Ein feuchtes Mauerwerk gef\u00e4hrdet die Bausubstanz einer Immobilie. Ausl\u00f6ser f\u00fcr aufsteigende Feuchtigkeit kann beispielsweise ein erh\u00f6hter Grundwasserstand sein. Ebenfalls eine unvorteilhafte Hanglage eines Geb\u00e4udes kann aufsteigende Feuchtigkeit unterst\u00fctzen. Wird das Problem fr\u00fchzeitig festgestellt, l\u00e4sst sich die zu sch\u00fctzende Substanz nachhaltig erhalten. Der Spezialist kennt verschiedene M\u00f6glichkeiten um [&hellip;]<\/p>\n","protected":false},"author":1,"featured_media":0,"parent":0,"menu_order":0,"comment_status":"closed","ping_status":"closed","template":"","meta":{"footnotes":""},"class_list":["post-654","page","type-page","status-publish","hentry"],"meta_box":{"popseo_subtitel":"Wir sind Ihr Fachbetrieb gegen aufsteigende Feuchtigkeit in Stelle","popseo_subtitel2":"Aufsteigende Feuchtigkeit - unsere Experten informieren Sie gerne \u00fcber Sanierungsm\u00f6glichkeiten","popseo_lasttitel":"aufsteigende Feuchtigkeit: Unsere Mitarbeiter beantworten gerne Ihre Fragen","popseo_region":"Stelle","popseo_sachwort":"aufsteigende Feuchtigkeit","popseo_noupdate":"","popseo_einleitungstext":"<p>Sie haben sich mit der Bauwerksabdichtung auseinandergesetzt, weil Ihr Wohn- oder Gesch\u00e4ftshaus feuchte Geb\u00e4udebereiche aufweist und Sie nach Methoden einer wirkungsvollen und professionellen Sanierung Ausschau halten. Gut, dass Sie zu uns gefunden haben. Nachfolgend m\u00f6chten wir Ihnen n\u00e4here Informationen zu unserem Leistungsspektrum geben. Sie lernen auf dieser Internetseite unsere Firma etwas n\u00e4her kennen. <\/p>\n<p>Unser Unternehmen ist ein spezialisierter und etablierter Fachbetrieb mit Gesch\u00e4ftsssitz in Brietlingen bei L\u00fcneburg. Bereits seit vielen Jahren sind wir Ihr Spezialist f\u00fcr s\u00e4mtliche Fragen rund um die Bauwerksabdichtung. Wir setzen ausschlie\u00dflich praxisbew\u00e4hrte und effektive Sanierungsmethoden und -systeme ein. Als Fachbetrieb f\u00fcr Abdichtung und Sanierung blicken wir auf eine lange und intensive Berufserfahrung zur\u00fcck. Unsere versierten Fachkr\u00e4fte informieren Sie mit Vergn\u00fcgen im Detail.<\/p>","popseo_schlusstext":"<p>Auf Wunsch informieren wir Sie n\u00e4her \u00fcber unser Aufgabenfeld. Wir nennen Ihnen mit Vergn\u00fcgen auch ein paar Referenzprojekte, die Ihnen einen Einblick in unsere Unternehmenst\u00e4tigkeit geben.<br \/>\nSchenken Sie uns Ihr Vertrauen. Rufen Sie uns doch einfach einmal an oder senden Sie uns eine kurze E-Mail. Wir freuen uns auf Sie.<\/p>","popseo_stadttext":"<h3>Vor Ort in Stelle<\/h2>\n<p>Unser Einzugsbereich umfasst auch Stelle. Durch unsere Gesch\u00e4ftst\u00e4tigkeit haben wir uns einen sehr guten \u00dcberblick \u00fcber die Architektur der Gemeinden und St\u00e4dte unseres Vertriebsgebietes erarbeiten k\u00f6nnen. Wir f\u00fchlen uns der Region verpflichtet und freuen uns dar\u00fcber, auch einen Anteil zur guten Infrastruktur der Gemeinde beizusteuern zu k\u00f6nnen.  <\/p>\n<h3>Einige interessante Informationen \u00fcber Stelle<\/h3>\n<p>In der zum Kreis Harburg z\u00e4hlenden Gemeinde Stelle leben insgesamt gut 11.000 B\u00fcrger auf einer Fl\u00e4che von ca 38 Quadratkilometer. Direkt an Hamburg angrenzend, z\u00e4hlt Stelle zum sog. \u201eSpeckg\u00fcrtel\u201c der Freien und Hansestadt. Die Bev\u00f6lkerungsdichte mit 288 Bewohnern pro Quadratkilometer ist durchaus niedrig zu nennen, was den Ort zu einer beliebten Wohngegend macht. Einige sch\u00f6ne Siedlungen mit einer ansprechenden Bebauung machen Stelle attraktiv. Leben in l\u00e4ndlicher Umgebung, dabei die Gro\u00dfstadt unmittelbar vor der T\u00fcr  \u2013 ein Lebensentwurf, der f\u00fcr viele Menschen interessant ist. Ungez\u00e4hlte Wiesen und W\u00e4lder verleihen der Gemeinde einen zuweilen fast bukolischen Charakter. Die regionale Wirtschaft von Stelle ist dominiert von kleinen und mittelst\u00e4ndigen Betrieben. <\/p>\n<p>Stelle ist f\u00fcr Berufspendler besonders gut geeignet. Wer seinen Arbeitsplatz in Hamburg hat, genie\u00dft das eher ruhige Leben in der Peripherie. Stelle verf\u00fcgt \u00fcber zahlreiche sch\u00f6ne Wohnquartiere, die von einer angenehmen Einzelhausbebauung bestimmt sind. <\/p>\n<h4>Privat- und Gesch\u00e4ftskunden aus Stelle sch\u00e4tzen unsere Leistungen!<\/h4>\n<p>Sehr gerne \u00fcbernehmen wir auch Arbeiten in Stelle und Umgebung. D\u00fcrfen wir Sie detailliert informieren? Rufen Sie uns an oder senden Sie uns eine Mail. Wir freuen uns auf das Gespr\u00e4ch mit Ihnen! Das perfekt eingespielte Team unseres Unternehmens zeichnet sich durch eine zielgerichtete Arbeit aus.<\/p>","popseo_zusatztext":"<h3>Abdichten: Wir versprechen Ihnen eine erstklassige Arbeit!<\/h3>\n<p>Sie haben einen N\u00e4sseschaden entdeckt und m\u00fcssen die betroffenen Mauerstellen nun schnellstens abdichten. Sehr gut, dass Sie uns gefunden haben! Als routiniertes Fachunternehmen der Baubranche kennen wir uns bestens aus mit dem Abdichten von W\u00e4nden, Mauern oder Kellern.  <\/p>\n<p>N\u00e4ssesch\u00e4den sind unser Metier: F\u00fcr unseren Betrieb geh\u00f6rt das Abdichten von Mauern, Kellern oder W\u00e4nden zur allt\u00e4glichen Arbeit. Wir gehen der Ursache f\u00fcr den Wassereintritt sorgf\u00e4ltig auf den Grund. Vor dem eigentlichen Abdichten muss zun\u00e4chst einmal die Ursachenfindung stehen. Erst wenn man den konkreten Grund f\u00fcr eine Durchn\u00e4ssung entdeckt hat, kann man mit dem Abdichten starten. Die Bestandsaufnahme gibt die Richtung vor, den das Abdichten eines Bauk\u00f6rpers umfassen muss.  <\/p>\n<h4>Abdichten: Unsere Mitarbeiter stehen f\u00fcr Sie bereit!<\/h4>\n<p>Warten Sie bitte nicht und vereinbaren Sie noch heute einen Vor-Ort-Termin mit einem unserer kompetenten Mitarbeiter. Ein kurzer Telefonanruf beziehungsweise eine kurze Email gen\u00fcgen! Bei einer Bestandsaufnahme direkt am entsprechenden Objekt, nehmen wir den Schaden auf und entwerfen anschlie\u00dfend ein Konzept f\u00fcr das nachhaltige Abdichten der betroffenen Bereiche. Unsere Arbeit ist stets zweckbezogen: Selbstverst\u00e4ndlich flie\u00dfen auch monet\u00e4re Betrachtungen in unsere Entscheidungsfindung f\u00fcr das Abdichten Ihres Geb\u00e4udes mit ein. Komplett aus einer Hand: Unsere dynamischen Angestellten f\u00fchren alle erforderlichen T\u00e4tigkeiten, die zum Abdichten erforderlich sind schnell und zuverl\u00e4ssig aus. Bereits seit langer Zeit ist unsere Firma f\u00fcr eine hohe Qualit\u00e4t bekannt. Eine unserer Kernkompetenzen liegt im Abdichten von Wohn- und Gesch\u00e4ftsgeb\u00e4uden. Setzen Sie auf Kompetenz und beauftragen Sie unser Unternehmen f\u00fcr das Abdichten von neuralgischen Stellen im Mauerwerk. Wir freuen uns darauf, auch Ihnen helfen zu d\u00fcrfen.<\/p>","popseo_links":"<a href=\"https:\/\/bautenschutz-keul.de\/angebote\/schimmel-tostedt-sittensen\/\">Schimmel Tostedt Sittensen<\/a>, <a href=\"https:\/\/bautenschutz-keul.de\/angebote\/feuchter-keller-tostedt-sittensen\/\">Feuchter Keller Tostedt Sittensen<\/a>, <a href=\"https:\/\/bautenschutz-keul.de\/angebote\/kellerabdichtung-seevetal-rosengarten\/\">Kellerabdichtung Seevetal Rosengarten<\/a>, <a href=\"https:\/\/bautenschutz-keul.de\/angebote\/feuchtigkeitsschaden-glinde-sachsenwald\/\">Feuchtigkeitsschaden Glinde Sachsenwald<\/a>, <a href=\"https:\/\/bautenschutz-keul.de\/angebote\/feuchtigkeitsschaden-bergedorf-wentorf\/\">Feuchtigkeitsschaden Bergedorf Wentorf<\/a>, <a href=\"https:\/\/bautenschutz-keul.de\/angebote\/innenabdichtung-jesteburg\/\">Innenabdichtung Jesteburg<\/a>, <a href=\"https:\/\/bautenschutz-keul.de\/angebote\/kellersanierung-bardowick\/\">Kellersanierung Bardowick<\/a>, <a href=\"https:\/\/bautenschutz-keul.de\/angebote\/aufsteigende-feuchtigkeit-ebstorf\/\">aufsteigende Feuchtigkeit Ebstorf<\/a>, <a href=\"https:\/\/bautenschutz-keul.de\/angebote\/schimmelsanierung-bispingen\/\">Schimmelsanierung Bispingen<\/a>, <a href=\"https:\/\/bautenschutz-keul.de\/angebote\/rissverpressung-buechen\/\">Rissverpressung B\u00fcchen<\/a>, <a href=\"https:\/\/bautenschutz-keul.de\/angebote\/salpeter-im-keller-salzhausen\/\">Salpeter im Keller Salzhausen<\/a>, <a href=\"https:\/\/bautenschutz-keul.de\/angebote\/rissverpressung-winsen-luhe\/\">Rissverpressung Winsen Luhe<\/a>, <a href=\"https:\/\/bautenschutz-keul.de\/angebote\/feuchtigkeit-amelinghausen\/\">Feuchtigkeit Amelinghausen<\/a>, <a href=\"https:\/\/bautenschutz-keul.de\/angebote\/aufsteigende-feuchtigkeit-amt-neuhaus\/\">aufsteigende Feuchtigkeit Amt Neuhaus<\/a>, <a href=\"https:\/\/bautenschutz-keul.de\/angebote\/aussenabdichtung-reppenstedt\/\">Au\u00dfenabdichtung Reppenstedt<\/a>, <a href=\"https:\/\/bautenschutz-keul.de\/angebote\/mauertrockenlegung-buchholz-in-der-nordheide\/\">Mauertrockenlegung Buchholz in der Nordheide<\/a>, <a href=\"https:\/\/bautenschutz-keul.de\/angebote\/schimmel-lueneburg\/\">Schimmel L\u00fcneburg<\/a>, <a href=\"https:\/\/bautenschutz-keul.de\/angebote\/horizontalsperre-seevetal-rosengarten\/\">Horizontalsperre Seevetal Rosengarten<\/a>, <a href=\"https:\/\/bautenschutz-keul.de\/angebote\/zerstoerter-putz-stelle\/\">zerst\u00f6rter Putz Stelle<\/a>, <a href=\"https:\/\/bautenschutz-keul.de\/angebote\/mauertrockenlegung-jesteburg\/\">Mauertrockenlegung Jesteburg<\/a>, <a href=\"https:\/\/bautenschutz-keul.de\/angebote\/rissverpressung-brietlingen\/\">Rissverpressung Brietlingen<\/a>, <a href=\"https:\/\/bautenschutz-keul.de\/angebote\/zerstoerter-putz-winsen-luhe\/\">zerst\u00f6rter Putz Winsen Luhe<\/a>, <a href=\"https:\/\/bautenschutz-keul.de\/angebote\/feuchte-mauer-buechen\/\">Feuchte Mauer B\u00fcchen<\/a>, <a href=\"https:\/\/bautenschutz-keul.de\/angebote\/schimmelsanierung-hanstedt\/\">Schimmelsanierung Hanstedt<\/a>, <a href=\"https:\/\/bautenschutz-keul.de\/angebote\/kellerabdichtung-schwarzenbek\/\">Kellerabdichtung Schwarzenbek<\/a>, <a href=\"https:\/\/bautenschutz-keul.de\/angebote\/feuchte-wand-boizenburg\/\">Feuchte Wand Boizenburg<\/a>, <a href=\"https:\/\/bautenschutz-keul.de\/angebote\/schimmelbeseitigung-reppenstedt\/\">Schimmelbeseitigung Reppenstedt<\/a>, <a href=\"https:\/\/bautenschutz-keul.de\/angebote\/feuchte-wand-reppenstedt\/\">Feuchte Wand Reppenstedt<\/a>, <a href=\"https:\/\/bautenschutz-keul.de\/angebote\/rissverpressung-bergedorf-wentorf\/\">Rissverpressung Bergedorf Wentorf<\/a>, <a href=\"https:\/\/bautenschutz-keul.de\/angebote\/innenabdichtung-maschen\/\">Innenabdichtung Maschen<\/a>"},"_links":{"self":[{"href":"https:\/\/bautenschutz-keul.de\/angebote\/wp-json\/wp\/v2\/pages\/654","targetHints":{"allow":["GET"]}}],"collection":[{"href":"https:\/\/bautenschutz-keul.de\/angebote\/wp-json\/wp\/v2\/pages"}],"about":[{"href":"https:\/\/bautenschutz-keul.de\/angebote\/wp-json\/wp\/v2\/types\/page"}],"author":[{"embeddable":true,"href":"https:\/\/bautenschutz-keul.de\/angebote\/wp-json\/wp\/v2\/users\/1"}],"replies":[{"embeddable":true,"href":"https:\/\/bautenschutz-keul.de\/angebote\/wp-json\/wp\/v2\/comments?post=654"}],"version-history":[{"count":0,"href":"https:\/\/bautenschutz-keul.de\/angebote\/wp-json\/wp\/v2\/pages\/654\/revisions"}],"wp:attachment":[{"href":"https:\/\/bautenschutz-keul.de\/angebote\/wp-json\/wp\/v2\/media?parent=654"}],"curies":[{"name":"wp","href":"https:\/\/api.w.org\/{rel}","templated":true}]}}