{"id":655,"date":"2021-09-13T08:44:40","date_gmt":"2021-09-13T06:44:40","guid":{"rendered":"https:\/\/bautenschutz-keul.de\/angebote\/aufsteigende-feuchtigkeit-tostedt-sittensen\/"},"modified":"2021-09-13T08:44:40","modified_gmt":"2021-09-13T06:44:40","slug":"aufsteigende-feuchtigkeit-tostedt-sittensen","status":"publish","type":"page","link":"https:\/\/bautenschutz-keul.de\/angebote\/aufsteigende-feuchtigkeit-tostedt-sittensen\/","title":{"rendered":"aufsteigende Feuchtigkeit &#8211; Tostedt Sittensen"},"content":{"rendered":"<h3>Aufsteigende Feuchtigkeit \u2013 wir helfen schnell und unkompliziert!<\/h3>\n<p>Ein nasses Mauerwerk bedroht die Bausubstanz eines Geb\u00e4udes. Ursache f\u00fcr aufsteigende Feuchtigkeit kann unter anderem ein erh\u00f6hter Grundwasserspiegel sein.<br \/>\nEbenfalls eine nachteilige Hanglage eines Hauses kann aufsteigende Feuchtigkeit unterst\u00fctzen. Wird das Problem rechtzeitig entdeckt, l\u00e4sst sich die zu sanierende Substanz auf Dauer erhalten. Der Fachmann kennt unterschiedliche M\u00f6glichkeiten um aufsteigende Feuchtigkeit zu einzud\u00e4mmen. Hinweise f\u00fcr sind Farbver\u00e4nderungen des Mauerwerks, durchweichte Tapeten oder ein unangenehm muffiger Geruch. Auch gef\u00e4hrliche Schimmelbildung kann die Folge von durchfeuchteten Mauerwerken sein. <\/p>\n<p>Ist der Grund eines Hauses nicht ausreichend abgedichtet, dringt Feuchtigkeit in die Mauer ein. Zumeist sind es Altbauten, die nicht gen\u00fcgend gegen aufsteigende Feuchtigkeit gesch\u00fctzt sind. Sogar neue Geb\u00e4ude sind nicht grunds\u00e4tzlich vor dem Durchdringen von Feuchtigkeit gesch\u00fctzt. Fehlende Versiegelungen oder defekte D\u00e4mmungen sind vielleicht die am h\u00e4ufigsten genannten Gr\u00fcnde. <\/p>\n<h3>Wir helfen rasch bei aufsteigender Feuchtigkeit!<\/h3>\n<p>In der Regel wirkt eine horizontale, also waagerechte Sperre gegen aufsteigende Feuchtigkeit. Herk\u00f6mmliche Trocknungsverfahren bedeuten immer einen Eingriff in die Bausubstanz. Der allemal nicht zu verkennende Einsatz rechnet sich, falls die fachm\u00e4nnisch verrichtete Arbeit zu einer st\u00e4ndigen Unterdr\u00fcckung von Defiziten durch aufsteigende Feuchtigkeit f\u00fchrt. <\/p>\n<p>Feuchtigkeit kriecht mitunter bereits durch geringste \u00d6ffnungen im Baustoff nach oben. Es ist nicht abwegig, falls man sagt, dass aufsteigende Feuchtigkeit sich einen regelrechten Transportweg durch die Fugen des Mauerwerks sucht. Ein typisches Kennzeichen, das aufsteigende Feuchtigkeit zeigt, sind Sch\u00e4den, die auf die unteren Bereiche vom Erdgeschoss begrenzt sind. Die Diagnose und die Beseitigung des Schadens ist eine Angelegenheit f\u00fcr einen Spezialisten. Nur der erfahrene Fachmann \u00fcberblickt Grund, Wirkung und wei\u00df \u00fcber die Methoden zur Schadensregulierung.<\/p>\n","protected":false},"excerpt":{"rendered":"<p>Aufsteigende Feuchtigkeit \u2013 wir helfen schnell und unkompliziert! Ein nasses Mauerwerk bedroht die Bausubstanz eines Geb\u00e4udes. Ursache f\u00fcr aufsteigende Feuchtigkeit kann unter anderem ein erh\u00f6hter Grundwasserspiegel sein. Ebenfalls eine nachteilige Hanglage eines Hauses kann aufsteigende Feuchtigkeit unterst\u00fctzen. Wird das Problem rechtzeitig entdeckt, l\u00e4sst sich die zu sanierende Substanz auf Dauer erhalten. Der Fachmann kennt unterschiedliche [&hellip;]<\/p>\n","protected":false},"author":1,"featured_media":0,"parent":0,"menu_order":0,"comment_status":"closed","ping_status":"closed","template":"","meta":{"footnotes":""},"class_list":["post-655","page","type-page","status-publish","hentry"],"meta_box":{"popseo_subtitel":"Wir sind Ihr erfahrener Experte gegen aufsteigende Feuchtigkeit in Tostedt Sittensen","popseo_subtitel2":"Aufsteigende Feuchtigkeit - ein Problem, dem man sich stellen muss","popseo_lasttitel":"aufsteigende Feuchtigkeit: D\u00fcrfen wir Ihre Fragen beantworten?","popseo_region":"Tostedt Sittensen","popseo_sachwort":"aufsteigende Feuchtigkeit","popseo_noupdate":"","popseo_einleitungstext":"<p>W\u00e4nde, Kellerr\u00e4ume oder Mauern Ihres Wohn- oder Gesch\u00e4ftshauses weisen einen Feuchtigkeitsschaden und damit einen nicht zu \u00fcbersehenden Sanierungsbedarf auf. Dann ist es h\u00f6chste Eisenbahn, sich \u00fcber eine fachm\u00e4nnisch ausgef\u00fchrte Trocknung Gedanken zu machen. Unser Fachbetrieb ist auf die Bauwerksabdichtung spezialisiert. Zu den haupts\u00e4chlichen T\u00e4tigkeiten unserer Firma geh\u00f6ren zum Beispiel die Bereiche Mauertrockenlegung, Kellerabdichtung und Schimmelbeseitigung. Der nachhaltigen Sanierung gilt unsere Aufmersamkeit. Wir beraten fachsicher, wie Sie Ihr Geb\u00e4ude preisg\u00fcnstig und umweltgerecht sanieren k\u00f6nnen. Ein paar erste Informationen hierzu lesen Sie nachfolgend.<\/p>","popseo_schlusstext":"<p>Sie ben\u00f6tigen einen Fachpartner f\u00fcr die fachgerecht ausgef\u00fchrte Bauwerksabdichtung. Dann kontaktieren Sie uns bitte schnell. Wir freuen uns auf Ihren Anruf oder Ihre E-Mail. Wenn es um Sanierung geht, sind wir Ihr verl\u00e4sslicher Handwerkspartner. Wir garantieren Ihnen eine fachkundig ausgef\u00fchrte Arbeit nach dem immer derzeitigen Stand der Technik.<\/p>","popseo_stadttext":"<h3>Unser Vertriebsgebiet umfasst auch Sittensen und Tostedt<\/h3>\n<p>Durch unsere Vertriebst\u00e4tigkeit haben wir uns einen ausgezeichneten \u00dcberblick \u00fcber die Architektur der Gemeinden und St\u00e4dte unseres Einzugsbereiches erarbeiten k\u00f6nnen. Selbstverst\u00e4ndlich geh\u00f6ren auch Tostedt und Sittensen zu unserem unmittelbaren Wirkungskreis. Wir freuen uns darauf, mit Ihnen in Kontakt zu kommen. <\/p>\n<h3>Einige Details zu Tostedt und Sittensen<\/h3>\n<p>Wer in Tostedt zuhause ist, wohnt in einem eher l\u00e4ndlichen Umfeld, ohne auf die Angebote und Abwechslungen der nahen Metropole Hamburg zu verzichten. Die Hansestadt ist nur ein paar Fahrkilometer entfernt. Als Lebensmittelpunkt bietet Tostedt ideale Bedingungen f\u00fcr die \u00fcber 13.000 Einwohner. Tostedt begeistert durch seine attraktiven Wohnquartiere. Wer das Leben abseits der st\u00e4dtischen Hektik liebt, jedoch urbanes Treiben sch\u00e4tzt, ist in Tostedt genau richtig. Eine hervorragend funktionierende Infrastruktur mit zahlreichen Einkaufsm\u00f6glichkeiten sowie  attraktiven Freizeit- und Sportm\u00f6glichkeiten, verleihen Tostedt eine sehr gute Lebensqualit\u00e4t. <\/p>\n<h3>Tostedt und Sittensen \u2013 attraktive Wohnorte<\/h3>\n<p>Gerade einmal 20 Kilometer von Tostedt entfernt liegt der Ort Sittensen. Das St\u00e4dtchen z\u00e4hlt verwaltungstechnisch zum nieders\u00e4chsischen Kreis Harburg. In Sittensen leben momentan etwa 5.600 B\u00fcrger auf einem Gesamtareal von etwa 18 km\u00b2. Auch Sittensen \u00fcberzeugt durch eine reizvolle Lage: Geografisch liegt Sittensen in der Zevener Geest, einem Landstrich am Elbe-Weser-Dreieck zwischen Hamburg. <\/p>\n<p>Die lebenswerte Gemeinde ist Verwaltungssitz der Samtgemeinde Sittensen, einer Vereinigung von neun kleineren Orten, n\u00e4mlich Kalbe, Klein und Gro\u00df Meckelsen, Hamersen, Tiste, Lengenbostel, Sittensen, Vierden und Wohnste. Die Samtgemeinde z\u00e4hlt in Summe rund 11.000 Einwohner und erstreckt sich \u00fcber eine Fl\u00e4che von zirka 138 km\u00b2. Als Wohnort verbindet Sittensen st\u00e4dtisches Leben mit dem Wohnen in der Peripherie auf exemplarische Art und Weise. Die beiden norddeutschen Gro\u00dfst\u00e4dte Hamburg und Bremen sind von Sittensen aus in weniger als 45 Minuten zu erreichen. <\/p>\n<h4>Privat- und Gesch\u00e4ftskunden aus Sittensen und Tostedt sch\u00e4tzen unsere Leistungen!<\/h4>\n<p>Sie interessieren sich f\u00fcr unser Angebot und sind hier im World Wide Web auf unsere Website gesto\u00dfen? Das freut uns sehr. Gerne pr\u00e4sentieren wir Ihnen unser komplettes Leistungsspektrum und beantworten Ihre Fragen. Unser egagiertes Team freut sich auf Sie.<\/p>","popseo_zusatztext":"<h3>Abdichten: Wir versprechen Ihnen eine erstklassige Arbeit!<\/h3>\n<p>Sie haben einen Feuchteschaden festgestellt und m\u00fcssen die betroffenen W\u00e4nde nun z\u00fcgig abdichten. Gut, dass Sie uns gefunden haben! Als routiniertes Fachunternehmen der Bauwirtschaft kennen wir uns sehr gut aus mit dem Abdichten von Mauern, W\u00e4nden oder Kellern.  <\/p>\n<p>N\u00e4ssesch\u00e4den sind unser Gesch\u00e4ft: F\u00fcr unseren Betrieb geh\u00f6rt das Abdichten von W\u00e4nden, Mauern oder Kellern zur t\u00e4glichen Arbeit. Wir gehen der Ursache f\u00fcr den Feuchtigkeitseintritt gr\u00fcndlich auf den Grund. Vor dem eigentlichen Abdichten muss erstmal die Ursachenfindung stehen. Erst wenn man den definitiven Grund f\u00fcr eine Durchfeuchtung gefunden hat, kann man mit dem Abdichten beginnen. Die Bestandsaufnahme gibt die Marschrichtung vor, den das Abdichten eines Bauk\u00f6rpers umfassen muss.  <\/p>\n<h4>Abdichten \u2013 wir helfen schnell und unkompliziert!<\/h4>\n<p>Z\u00f6gern Sie bitte nicht und vereinbaren Sie gleich einen Termin mit einem unserer routinierten Fachkr\u00e4fte. Ein kurzer Telefonanruf beziehungsweise eine schnelle e-Mail reichen! Bei einer Begutachtung direkt am entsprechenden Objekt, nehmen wir den Schaden auf und erstellen danach ein Konzept f\u00fcr das dauerhafte Abdichten der entsprechenden Bereiche. Unsere Arbeit ist immer zweckorientiert: Selbstverst\u00e4ndlich flie\u00dfen auch wirtschaftliche Gesichtspunkte in unsere Entscheidungsfindung f\u00fcr das Abdichten Ihres Hauses mit ein. Alles komplett aus einer Hand: Unsere motivierten Mitarbeiter f\u00fchren s\u00e4mtliche notwendigen T\u00e4tigkeiten, die zum Abdichten dazugeh\u00f6ren umgehend und verl\u00e4sslich aus. Bereits seit Jahren ist unser Unternehmen f\u00fcr eine hohe Fachkompetenz bekannt. Eine unserer Kernkompetenzen liegt im Abdichten von Wohn- und Gesch\u00e4ftsgeb\u00e4uden. Setzen Sie auf Kompetenz und beauftragen Sie unser Unternehmen f\u00fcr das Abdichten von neuralgischen Bereichen im Mauerwerk. Wir freuen uns darauf, auch Ihnen helfen zu k\u00f6nnen.<\/p>","popseo_links":"<a href=\"https:\/\/bautenschutz-keul.de\/angebote\/schimmel-adendorf\/\">Schimmel Adendorf<\/a>, <a href=\"https:\/\/bautenschutz-keul.de\/angebote\/zerstoerter-putz-reppenstedt\/\">zerst\u00f6rter Putz Reppenstedt<\/a>, <a href=\"https:\/\/bautenschutz-keul.de\/angebote\/zerstoerter-putz-uelzen\/\">zerst\u00f6rter Putz Uelzen<\/a>, <a href=\"https:\/\/bautenschutz-keul.de\/angebote\/horizontalsperre-schwarzenbek\/\">Horizontalsperre Schwarzenbek<\/a>, <a href=\"https:\/\/bautenschutz-keul.de\/angebote\/rissverpressung-amelinghausen\/\">Rissverpressung Amelinghausen<\/a>, <a href=\"https:\/\/bautenschutz-keul.de\/angebote\/feuchter-keller-harburg\/\">Feuchter Keller Harburg<\/a>, <a href=\"https:\/\/bautenschutz-keul.de\/angebote\/feuchter-keller-glinde-sachsenwald\/\">Feuchter Keller Glinde Sachsenwald<\/a>, <a href=\"https:\/\/bautenschutz-keul.de\/angebote\/schimmelsanierung-boizenburg\/\">Schimmelsanierung Boizenburg<\/a>, <a href=\"https:\/\/bautenschutz-keul.de\/angebote\/feuchter-keller-amelinghausen\/\">Feuchter Keller Amelinghausen<\/a>, <a href=\"https:\/\/bautenschutz-keul.de\/angebote\/feuchter-keller-tostedt-sittensen\/\">Feuchter Keller Tostedt Sittensen<\/a>, <a href=\"https:\/\/bautenschutz-keul.de\/angebote\/aufsteigende-feuchtigkeit-adendorf\/\">aufsteigende Feuchtigkeit Adendorf<\/a>, <a href=\"https:\/\/bautenschutz-keul.de\/angebote\/feuchtigkeitsschaden-jesteburg\/\">Feuchtigkeitsschaden Jesteburg<\/a>, <a href=\"https:\/\/bautenschutz-keul.de\/angebote\/feuchte-mauer-adendorf\/\">Feuchte Mauer Adendorf<\/a>, <a href=\"https:\/\/bautenschutz-keul.de\/angebote\/feuchte-wand-buchholz-in-der-nordheide\/\">Feuchte Wand Buchholz in der Nordheide<\/a>, <a href=\"https:\/\/bautenschutz-keul.de\/angebote\/innenabdichtung-buechen\/\">Innenabdichtung B\u00fcchen<\/a>, <a href=\"https:\/\/bautenschutz-keul.de\/angebote\/feuchter-keller-boizenburg\/\">Feuchter Keller Boizenburg<\/a>, <a href=\"https:\/\/bautenschutz-keul.de\/angebote\/feuchter-keller-bispingen\/\">Feuchter Keller Bispingen<\/a>, <a href=\"https:\/\/bautenschutz-keul.de\/angebote\/horizontalsperre-winsen-luhe\/\">Horizontalsperre Winsen Luhe<\/a>, <a href=\"https:\/\/bautenschutz-keul.de\/angebote\/aussenabdichtung-glinde-sachsenwald\/\">Au\u00dfenabdichtung Glinde Sachsenwald<\/a>, <a href=\"https:\/\/bautenschutz-keul.de\/angebote\/feuchtigkeit-bienenbuettel\/\">Feuchtigkeit Bienenb\u00fcttel<\/a>, <a href=\"https:\/\/bautenschutz-keul.de\/angebote\/zerstoerter-putz-bad-bevensen\/\">zerst\u00f6rter Putz Bad Bevensen<\/a>, <a href=\"https:\/\/bautenschutz-keul.de\/angebote\/innenabdichtung-bienenbuettel\/\">Innenabdichtung Bienenb\u00fcttel<\/a>, <a href=\"https:\/\/bautenschutz-keul.de\/angebote\/mauertrockenlegung-salzhausen\/\">Mauertrockenlegung Salzhausen<\/a>, <a href=\"https:\/\/bautenschutz-keul.de\/angebote\/mauertrockenlegung-seevetal-rosengarten\/\">Mauertrockenlegung Seevetal Rosengarten<\/a>, <a href=\"https:\/\/bautenschutz-keul.de\/angebote\/kellersanierung-geesthacht\/\">Kellersanierung Geesthacht<\/a>, <a href=\"https:\/\/bautenschutz-keul.de\/angebote\/schimmel-amt-neuhaus\/\">Schimmel Amt Neuhaus<\/a>, <a href=\"https:\/\/bautenschutz-keul.de\/angebote\/feuchter-keller-reppenstedt\/\">Feuchter Keller Reppenstedt<\/a>, <a href=\"https:\/\/bautenschutz-keul.de\/angebote\/rissverpressung-bispingen\/\">Rissverpressung Bispingen<\/a>, <a href=\"https:\/\/bautenschutz-keul.de\/angebote\/feuchtigkeitsschaden-glinde-sachsenwald\/\">Feuchtigkeitsschaden Glinde Sachsenwald<\/a>, <a href=\"https:\/\/bautenschutz-keul.de\/angebote\/innenabdichtung-salzhausen\/\">Innenabdichtung Salzhausen<\/a>"},"_links":{"self":[{"href":"https:\/\/bautenschutz-keul.de\/angebote\/wp-json\/wp\/v2\/pages\/655","targetHints":{"allow":["GET"]}}],"collection":[{"href":"https:\/\/bautenschutz-keul.de\/angebote\/wp-json\/wp\/v2\/pages"}],"about":[{"href":"https:\/\/bautenschutz-keul.de\/angebote\/wp-json\/wp\/v2\/types\/page"}],"author":[{"embeddable":true,"href":"https:\/\/bautenschutz-keul.de\/angebote\/wp-json\/wp\/v2\/users\/1"}],"replies":[{"embeddable":true,"href":"https:\/\/bautenschutz-keul.de\/angebote\/wp-json\/wp\/v2\/comments?post=655"}],"version-history":[{"count":0,"href":"https:\/\/bautenschutz-keul.de\/angebote\/wp-json\/wp\/v2\/pages\/655\/revisions"}],"wp:attachment":[{"href":"https:\/\/bautenschutz-keul.de\/angebote\/wp-json\/wp\/v2\/media?parent=655"}],"curies":[{"name":"wp","href":"https:\/\/api.w.org\/{rel}","templated":true}]}}