{"id":657,"date":"2021-09-13T08:44:40","date_gmt":"2021-09-13T06:44:40","guid":{"rendered":"https:\/\/bautenschutz-keul.de\/angebote\/aufsteigende-feuchtigkeit-winsen-luhe\/"},"modified":"2021-09-13T08:44:40","modified_gmt":"2021-09-13T06:44:40","slug":"aufsteigende-feuchtigkeit-winsen-luhe","status":"publish","type":"page","link":"https:\/\/bautenschutz-keul.de\/angebote\/aufsteigende-feuchtigkeit-winsen-luhe\/","title":{"rendered":"aufsteigende Feuchtigkeit &#8211; Winsen Luhe"},"content":{"rendered":"<h3>Aufsteigende Feuchtigkeit \u2013 wir helfen schnell und unkompliziert!<\/h3>\n<p>Ein durchfeuchtetes Mauerwerk gef\u00e4hrdet die Bausubstanz einer Immobilie. Ausl\u00f6ser f\u00fcr aufsteigende Feuchtigkeit kann unter anderem ein hoher Grundwasserpegel sein.<br \/>\nAuch eine unvorteilhafte Hanglage eines Geb\u00e4udes kann aufsteigende Feuchtigkeit unterst\u00fctzen. Wird das Problem rechtzeitig festgestellt, l\u00e4sst sich die zu erhaltende Bausubstanz nachhaltig bewahren. Der Fachmann kennt verschiedene Vorgehensweisen um aufsteigende Feuchtigkeit zu einzud\u00e4mmen. Hinweise f\u00fcr sind Farbver\u00e4nderungen des Mauerwerks, durchweichte Tapeten und ein unangenehm muffiger Geruch. Sogar gef\u00e4hrliche Schimmelbildung kann die Folge von durchn\u00e4ssten W\u00e4nden sein. <\/p>\n<p>Ist der Grund eines Geb\u00e4udes nicht ausreichend abgedichtet, sickert N\u00e4sse in das Mauerwerk ein. H\u00e4ufig sind es \u00e4ltere Immobilien, die nicht ausreichend gegen aufsteigende Feuchtigkeit gesichert sind. Aber auch neuere Geb\u00e4ude sind nicht immer vor dem Durchdringen von Wasser sicher. Fehlende Versiegelungen und schlecht ausgef\u00fchrte Isolierungen sind vermutlich die am h\u00e4ufigsten genannten Ursachen. <\/p>\n<h3>Aufsteigende Feuchtigkeit: Unsere Firma behebt den Schaden!<\/h3>\n<p>Sehr oft hilft eine horizontale Sperre gegen aufsteigende Feuchtigkeit. Gebr\u00e4uchliche Trocknungsmethoden bedeuten immer einen Eingriff in die Bausubstanz. Der jedenfalls nicht zu verkennende Aufwand rechnet sich, falls die professionell ausgef\u00fchrte Arbeit zu einer nachhaltigen Unterdr\u00fcckung von Sch\u00e4den durch aufsteigende Feuchtigkeit f\u00fchrt. <\/p>\n<p>Feuchte gelangt in einigen F\u00e4llen bereits durch kleinste Undichtigkeiten im Baustoff nach oben. Es ist nicht abwegig, falls man sagt, dass aufsteigende Feuchtigkeit sich einen regelrechten Transportweg durch die Fugen der Mauer sucht. Ein typisches Anzeichen, das aufsteigende Feuchtigkeit aufweist, sind Sch\u00e4den, die auf die unteren Fl\u00e4chen vom Erdgeschoss beschr\u00e4nkt sind. Die Beurteilung und die Entfernung des Schadens ist Arbeit f\u00fcr einen Spezialisten. Nur der erfahrene Profi \u00fcberblickt Ursache, Wirkung und wei\u00df \u00fcber die Ma\u00dfnahmen zur Schadensbegrenzung.<\/p>\n","protected":false},"excerpt":{"rendered":"<p>Aufsteigende Feuchtigkeit \u2013 wir helfen schnell und unkompliziert! Ein durchfeuchtetes Mauerwerk gef\u00e4hrdet die Bausubstanz einer Immobilie. Ausl\u00f6ser f\u00fcr aufsteigende Feuchtigkeit kann unter anderem ein hoher Grundwasserpegel sein. Auch eine unvorteilhafte Hanglage eines Geb\u00e4udes kann aufsteigende Feuchtigkeit unterst\u00fctzen. Wird das Problem rechtzeitig festgestellt, l\u00e4sst sich die zu erhaltende Bausubstanz nachhaltig bewahren. Der Fachmann kennt verschiedene Vorgehensweisen [&hellip;]<\/p>\n","protected":false},"author":1,"featured_media":0,"parent":0,"menu_order":0,"comment_status":"closed","ping_status":"closed","template":"","meta":{"footnotes":""},"class_list":["post-657","page","type-page","status-publish","hentry"],"meta_box":{"popseo_subtitel":"Wir sind Ihr Partner gegen aufsteigende Feuchtigkeit im Raum Winsen Luhe","popseo_subtitel2":"Aufsteigende Feuchtigkeit - Sanierung durch den Fachbetrieb!","popseo_lasttitel":"aufsteigende Feuchtigkeit: Unsere Mitarbeiter beantworten gerne Ihre Fragen","popseo_region":"Winsen Luhe","popseo_sachwort":"aufsteigende Feuchtigkeit","popseo_noupdate":"","popseo_einleitungstext":"<p>Die Firma TK-Geb\u00e4udetechnik Thorsten Keul ist Ihr qualifizierter und erfahrener Fachbetrieb f\u00fcr Kellertrockenlegung, Bauwerksabdichtung und Schimmelbeseitigung. Mit unserem Unternehmensstandort in Brietlingen bei L\u00fcneburg decken wir ein fl\u00e4chenm\u00e4\u00dfig gro\u00dfes Gebiet ab. Zu unseren T\u00e4tigkeitsschwerpunkten z\u00e4hlen unter anderem Methoden gegen aufsteigende Feuchtigkeit, das Setzen von Horizontalsperren, die Kellerabdichtung und ganz allgemein T\u00e4tigkeiten rund um die Themen Sanierung und Abdichtung. Fachgerecht und kompetent f\u00fchren wir f\u00fcr Sie alle anfallenden Arbeiten aus - so wie Sie es von einem kompetenten Fachbetrieb erwarten d\u00fcrfen. Nachfolgend d\u00fcrfen wir Ihnen unser Aufgabenfeld etwas n\u00e4her vorstellen.<\/p>","popseo_schlusstext":"<p>Sie ben\u00f6tigen einen Profi f\u00fcr die sachgerechte Umsetzung der Innen- und Au\u00dfenabdichtung. Dann kontaktieren Sie uns bitte schnell. Wir freuen uns auf Ihren Anruf oder Ihre E-Mail. Wenn es um Sanierung geht, sind wir Ihr kompetenter Handwerkspartner. Wir stehen f\u00fcr eine sachkundig ausgef\u00fchrte Arbeit nach dem stets aktuellsten Stand der Technik.<\/p>","popseo_stadttext":"<h3>Wir freuen uns \u00fcber Anfragen aus Winsen (Luhe)<\/h3>\n<p>Winsen (Luhe) ist eine Mittelstadt aus der Metropolregion Hamburg. Die Kreisstadt des Landkreises Harburg hat 32.000 Einwohner und erstreckt sich \u00fcber eine Fl\u00e4che von 109 Quadratkilometer. Winsen (Luhe) ist zentral gelegen. In die norddeutsche Metropole Hamburg sind es nur ca. 30 Kilometer, L\u00fcneburg erreicht man bereits nach ca. 20 Kilometern. Winsen (Luhe) besteht in der heutigen Struktur seit 1972. Damals wurden 13 selbstst\u00e4ndige Orte zur Gesamtgemeinde Winsen (Luhe) zusammengefasst.  <\/p>\n<p>Durch unsere Gesch\u00e4ftst\u00e4tigkeit haben wir uns einen ausgezeichneten \u00dcberblick \u00fcber die Architektur der St\u00e4dte und Gemeinden unseres Einzugsbereiches erarbeiten k\u00f6nnen. Selbstverst\u00e4ndlich z\u00e4hlt auch Winsen (Luhe) zu unserem unmittelbaren Wirkungskreis. Wir freuen uns darauf, mit Ihnen in Kontakt zu kommen. <\/p>\n<h3>Interessante Fakten zu Winsen (Luhe)<\/h3>\n<p>Obwohl Winsen (Luhe) durchaus als eine Pendlerstadt gelten darf, ist das mittelstandsorientierte Wirtschaftsleben beachtlich. Zahlreiche Betriebe u.a. aus den Bereichen Maschinenbau, Pharma, Logistik und Bauwesen haben sich in Winsen (Luhe) angesiedelt. Wer von den Einwohnern aus Winsen (Luhe) nicht in einem Unternehmen seiner Heimatgemeinde besch\u00e4ftigt ist, pendelt in der Regel nach Hamburg. Mit dem Auto reist man \u00fcber die Bundesautobahn A39 nach Winsen (Luhe). Die Schnellstra\u00dfe ist mit der A1 und der A7 verbunden. Wer die Bundesbahn pr\u00e4feriert, erreicht Winsen (Luhe) \u00fcber das Streckennetz Hamburg-Hannover. Au\u00dferdem bietet der Metronom eine gerne genutzte Regionallinie an. <\/p>\n<h3>Winsen (Luhe) \u2013 Stadt mit Herz<\/h3>\n<p>Menschen, die das etwas beschaulichere Leben in einer kleineren Ortschaft dem L\u00e4rm einer Gro\u00dfstadt den Vorzug geben, finden in Winsen (Luhe) wunderbare Bedingungen vor. Die Infrastruktur in Winsen (Luhe) ist stimmig! Prima Shoppingm\u00f6glichkeiten, ein mehr als befriedigendes Sport- und Freizeitangebot sowie eine bezaubernde Umgebung sind Punkte, die Winsen (Luhe) auf der Habenseite eintragen kann. Auch Familien wertsch\u00e4tzen die Stadt: Alle Schulformen und eine ausreichende Zahl an Kitas stehen in Winsen (Luhe) bereit. <\/p>\n<h4>Unsere Leistung f\u00fcr qualit\u00e4tsbewusste Kunden aus Winsen (Luhe)<\/h4>\n<p>Prima, das Sie unsere Internetseite entdeckt haben. Wenn Sie eine erfahrene Fachfirma ben\u00f6tigen, sind Sie bei uns genau richtig. Sie m\u00f6chten mehr \u00fcber uns wissen? F\u00fcr R\u00fcckfragen stehen wir Ihnen jederzeit zur Verf\u00fcgung. Unser engagiertes Team freut sich auf Sie.<\/p>","popseo_zusatztext":"<h3>Abdichten: Wir bieten eine erstklassige Sanierungsarbeit<\/h3>\n<p>Sie haben einen Feuchtigkeitsschaden festgestellt und m\u00fcssen die entsprechenden Mauerstellen nun so schnell wie m\u00f6glich abdichten. Sch\u00f6n, dass Sie uns gefunden haben! Als erfahrenes Fachunternehmen der Bauwirtschaft kennen wir uns allerbestens aus mit dem Abdichten von W\u00e4nden, Kellern oder Mauern.  <\/p>\n<p>N\u00e4ssesch\u00e4den sind unser Gesch\u00e4ft: F\u00fcr unsere Firma geh\u00f6rt das Abdichten von W\u00e4nden, Kellern oder Mauern zur t\u00e4glichen Arbeit. Wir gehen der Ursache f\u00fcr den Feuchtigkeitseintritt gewissenhaft auf den Grund. Vor dem eigentlichen Abdichten muss zun\u00e4chst einmal die Ursachenforschung stehen. Erst wenn man den definitiven Grund f\u00fcr eine Durchfeuchtung ermittelt hat, kann man mit dem Abdichten starten. Die Begutachtung gibt die Marschrichtung vor, den das Abdichten eines Bauk\u00f6rpers umfassen muss.  <\/p>\n<h4>Abdichten \u2013 wir helfen schnell und unkompliziert!<\/h4>\n<p>Warten Sie bitte nicht und vereinbaren Sie noch heute einen Vor-Ort-Termin mit einem unserer qualifizierten Spezialisten. Ein kurzer Anruf oder auch eine schnelle eMail gen\u00fcgen! Bei einer Analyse direkt am gesch\u00e4digten Objekt, nehmen wir den Schaden auf und entwerfen anschlie\u00dfend ein Konzept f\u00fcr das dauerhafte Abdichten der gesch\u00e4digten Bereiche. Unsere Arbeit ist stets zweckbezogen: Selbstverst\u00e4ndlich flie\u00dfen auch monet\u00e4re Aspekte in unsere Entscheidungsfindung f\u00fcr das Abdichten Ihres Hauses mit ein. Alles komplett aus einer Hand: Unsere engagierten Fachkr\u00e4fte f\u00fchren s\u00e4mtliche erforderlichen Arbeiten, die zum Abdichten geh\u00f6ren zeitnah und zuverl\u00e4ssig aus. Schon seit Jahren ist unsere Firma f\u00fcr eine hohe Qualit\u00e4t bekannt. Eine unserer Schwerpunkte liegt im Abdichten von Wohn- und Gesch\u00e4ftsgeb\u00e4uden. Vertrauen Sie auf Fachkompetenz und beauftragen Sie unsere Firma f\u00fcr das Abdichten von neuralgischen Bereichen im Mauerwerk. Wir freuen uns darauf, auch Ihnen helfen zu k\u00f6nnen.<\/p>","popseo_links":"<a href=\"https:\/\/bautenschutz-keul.de\/angebote\/horizontalsperre-adendorf\/\">Horizontalsperre Adendorf<\/a>, <a href=\"https:\/\/bautenschutz-keul.de\/angebote\/aussenabdichtung-salzhausen\/\">Au\u00dfenabdichtung Salzhausen<\/a>, <a href=\"https:\/\/bautenschutz-keul.de\/angebote\/aufsteigende-feuchtigkeit-herzogtum-lauenburg\/\">aufsteigende Feuchtigkeit Herzogtum Lauenburg<\/a>, <a href=\"https:\/\/bautenschutz-keul.de\/angebote\/feuchter-keller-bispingen\/\">Feuchter Keller Bispingen<\/a>, <a href=\"https:\/\/bautenschutz-keul.de\/angebote\/bauwerksabdichtung-geesthacht\/\">Bauwerksabdichtung Geesthacht<\/a>, <a href=\"https:\/\/bautenschutz-keul.de\/angebote\/salpeter-im-keller-reinbek-aumuehle\/\">Salpeter im Keller Reinbek Aum\u00fchle<\/a>, <a href=\"https:\/\/bautenschutz-keul.de\/angebote\/feuchte-wand-buechen\/\">Feuchte Wand B\u00fcchen<\/a>, <a href=\"https:\/\/bautenschutz-keul.de\/angebote\/kellertrockenlegung-reinbek-aumuehle\/\">Kellertrockenlegung Reinbek Aum\u00fchle<\/a>, <a href=\"https:\/\/bautenschutz-keul.de\/angebote\/zerstoerter-putz-boizenburg\/\">zerst\u00f6rter Putz Boizenburg<\/a>, <a href=\"https:\/\/bautenschutz-keul.de\/angebote\/schimmelsanierung-uelzen\/\">Schimmelsanierung Uelzen<\/a>, <a href=\"https:\/\/bautenschutz-keul.de\/angebote\/aussenabdichtung-amt-neuhaus\/\">Au\u00dfenabdichtung Amt Neuhaus<\/a>, <a href=\"https:\/\/bautenschutz-keul.de\/angebote\/schimmelsanierung-schwarzenbek\/\">Schimmelsanierung Schwarzenbek<\/a>, <a href=\"https:\/\/bautenschutz-keul.de\/angebote\/kellertrockenlegung-salzhausen\/\">Kellertrockenlegung Salzhausen<\/a>, <a href=\"https:\/\/bautenschutz-keul.de\/angebote\/schimmelbeseitigung-salzhausen\/\">Schimmelbeseitigung Salzhausen<\/a>, <a href=\"https:\/\/bautenschutz-keul.de\/angebote\/schimmelbeseitigung-maschen\/\">Schimmelbeseitigung Maschen<\/a>, <a href=\"https:\/\/bautenschutz-keul.de\/angebote\/kellerabdichtung-reinbek-aumuehle\/\">Kellerabdichtung Reinbek Aum\u00fchle<\/a>, <a href=\"https:\/\/bautenschutz-keul.de\/angebote\/schimmelsanierung-reppenstedt\/\">Schimmelsanierung Reppenstedt<\/a>, <a href=\"https:\/\/bautenschutz-keul.de\/angebote\/bauwerksabdichtung-amt-neuhaus\/\">Bauwerksabdichtung Amt Neuhaus<\/a>, <a href=\"https:\/\/bautenschutz-keul.de\/angebote\/kellertrockenlegung-bienenbuettel\/\">Kellertrockenlegung Bienenb\u00fcttel<\/a>, <a href=\"https:\/\/bautenschutz-keul.de\/angebote\/rissverpressung-reppenstedt\/\">Rissverpressung Reppenstedt<\/a>, <a href=\"https:\/\/bautenschutz-keul.de\/angebote\/schimmelsanierung-bardowick\/\">Schimmelsanierung Bardowick<\/a>, <a href=\"https:\/\/bautenschutz-keul.de\/angebote\/feuchtigkeitsschaden-bergedorf-wentorf\/\">Feuchtigkeitsschaden Bergedorf Wentorf<\/a>, <a href=\"https:\/\/bautenschutz-keul.de\/angebote\/feuchtigkeit-seevetal-rosengarten\/\">Feuchtigkeit Seevetal Rosengarten<\/a>, <a href=\"https:\/\/bautenschutz-keul.de\/angebote\/feuchte-wand-bispingen\/\">Feuchte Wand Bispingen<\/a>, <a href=\"https:\/\/bautenschutz-keul.de\/angebote\/innenabdichtung-bienenbuettel\/\">Innenabdichtung Bienenb\u00fcttel<\/a>, <a href=\"https:\/\/bautenschutz-keul.de\/angebote\/zerstoerter-putz-bergedorf-wentorf\/\">zerst\u00f6rter Putz Bergedorf Wentorf<\/a>, <a href=\"https:\/\/bautenschutz-keul.de\/angebote\/horizontalsperre-brietlingen\/\">Horizontalsperre Brietlingen<\/a>, <a href=\"https:\/\/bautenschutz-keul.de\/angebote\/bauwerksabdichtung-bad-bevensen\/\">Bauwerksabdichtung Bad Bevensen<\/a>, <a href=\"https:\/\/bautenschutz-keul.de\/angebote\/horizontalsperre-schwarzenbek\/\">Horizontalsperre Schwarzenbek<\/a>, <a href=\"https:\/\/bautenschutz-keul.de\/angebote\/feuchte-mauer-bergedorf-wentorf\/\">Feuchte Mauer Bergedorf Wentorf<\/a>"},"_links":{"self":[{"href":"https:\/\/bautenschutz-keul.de\/angebote\/wp-json\/wp\/v2\/pages\/657","targetHints":{"allow":["GET"]}}],"collection":[{"href":"https:\/\/bautenschutz-keul.de\/angebote\/wp-json\/wp\/v2\/pages"}],"about":[{"href":"https:\/\/bautenschutz-keul.de\/angebote\/wp-json\/wp\/v2\/types\/page"}],"author":[{"embeddable":true,"href":"https:\/\/bautenschutz-keul.de\/angebote\/wp-json\/wp\/v2\/users\/1"}],"replies":[{"embeddable":true,"href":"https:\/\/bautenschutz-keul.de\/angebote\/wp-json\/wp\/v2\/comments?post=657"}],"version-history":[{"count":0,"href":"https:\/\/bautenschutz-keul.de\/angebote\/wp-json\/wp\/v2\/pages\/657\/revisions"}],"wp:attachment":[{"href":"https:\/\/bautenschutz-keul.de\/angebote\/wp-json\/wp\/v2\/media?parent=657"}],"curies":[{"name":"wp","href":"https:\/\/api.w.org\/{rel}","templated":true}]}}