{"id":658,"date":"2021-09-13T08:44:40","date_gmt":"2021-09-13T06:44:40","guid":{"rendered":"https:\/\/bautenschutz-keul.de\/angebote\/zerstoerter-putz-adendorf\/"},"modified":"2021-09-13T08:44:40","modified_gmt":"2021-09-13T06:44:40","slug":"zerstoerter-putz-adendorf","status":"publish","type":"page","link":"https:\/\/bautenschutz-keul.de\/angebote\/zerstoerter-putz-adendorf\/","title":{"rendered":"zerst\u00f6rter Putz &#8211; Adendorf"},"content":{"rendered":"<h3>Sie ben\u00f6tigen Hilfe bei zerst\u00f6rtem Putz? Dann rufen Sie uns bitte an!<\/h3>\n<p>Wer seine Kellerr\u00e4ume sanieren will, der ist gut beraten, nur qualitativ hochwertige Materialien zu verwenden. Einwandfreier Putz z\u00e4hlt auf alle F\u00e4lle dazu. Bei zerst\u00f6rtem Putz sollten Sie Wert darauf legen, dass nur beste Produkte bei der Instandsetzung verarbeitet werden. Eine richtig durchgef\u00fchrte Sanierung ist eine Ma\u00dfnahme, die sich rechnet. Voraussetzung dabei ist, dass die Instandsetzung auf lange Sicht angelegt ist. Es bringt nichts, nur eine tempor\u00e4re Ma\u00dfnahme vorzunehmen. Bei einer Sanierung kommt es vor allem darauf an, den Baumangel langfristig zu beheben. Hier hei\u00dft es, nicht an der falschen Stelle Einsparungen vorzunehmen. Hochwertige Baustoffe sind f\u00fcr den dauerhaften Erfolg uneingeschr\u00e4nkt wichtig. Dies gilt speziell bei zerst\u00f6rtem Putz.<\/p>\n<h3>Zerst\u00f6rter Putz \u2013 wir informieren Sie zu Sanierungsmethoden!<\/h3>\n<p>Speziell ein feuchter Keller kann die Bausubstanz einer Immobilie dauerhaft beeintr\u00e4chtigen. Zerst\u00f6rter Putz f\u00e4llt hierbei besonders deutlich ins Auge. Von Drau\u00dfen eindringende N\u00e4sse ist ein nicht eben selten zu beobachtendes Problem. Putz ist nat\u00fcrlich sehr anf\u00e4llig und weist mit den Jahren deutlich sichtbare Sch\u00e4den auf. Die Verarbeitung eines hochwertigen Sanierputzes ist f\u00fcr den dauerhaften Erfolg von gro\u00dfer Bedeutung.<\/p>\n","protected":false},"excerpt":{"rendered":"<p>Sie ben\u00f6tigen Hilfe bei zerst\u00f6rtem Putz? Dann rufen Sie uns bitte an! Wer seine Kellerr\u00e4ume sanieren will, der ist gut beraten, nur qualitativ hochwertige Materialien zu verwenden. Einwandfreier Putz z\u00e4hlt auf alle F\u00e4lle dazu. Bei zerst\u00f6rtem Putz sollten Sie Wert darauf legen, dass nur beste Produkte bei der Instandsetzung verarbeitet werden. Eine richtig durchgef\u00fchrte Sanierung [&hellip;]<\/p>\n","protected":false},"author":1,"featured_media":0,"parent":0,"menu_order":0,"comment_status":"closed","ping_status":"closed","template":"","meta":{"footnotes":""},"class_list":["post-658","page","type-page","status-publish","hentry"],"meta_box":{"popseo_subtitel":"zerst\u00f6rter Putz: Die Firma TK-Geb\u00e4udetechnik Thorsten Keul ist Ihr erfahrener Fachbetrieb f\u00fcr Abdichtung und Sanierung in Adendorf","popseo_subtitel2":"Zerst\u00f6rter Putz - Sanierung durch die Experten unserer Firma","popseo_lasttitel":"zerst\u00f6rter Putz: F\u00fcr weitere Informationen sprechen Sie uns bitte an","popseo_region":"Adendorf","popseo_sachwort":"zerst\u00f6rter Putz","popseo_noupdate":"","popseo_einleitungstext":"<p>Sie haben sich mit der Bauwerksabdichtung besch\u00e4ftigt, da Ihr Haus feuchte Geb\u00e4udebereiche aufweist und Sie nach Methoden einer wirkungsvollen und professionellen Sanierung Ausschau halten. Gut, dass Sie zu uns gefunden haben. Auf den folgenden Seiten m\u00f6chten wir Ihnen n\u00e4here Informationen zu unserem Leistungsspektrum geben. Sie lernen auf dieser Website unsere Firma n\u00e4her kennen. <\/p>\n<p>Unser Unternehmen ist ein spezialisierter und etablierter Handwerksbetrieb mit Gesch\u00e4ftsssitz in Brietlingen bei L\u00fcneburg. Bereits seit vielen Jahren sind wir Ihre Experten f\u00fcr alle auftretenden Fragen rund um Geb\u00e4udeabdichtung. Wir setzen ausschlie\u00dflich effektive und praxisbew\u00e4hrte Sanierungsmethoden und -systeme ein. Als Fachbetrieb f\u00fcr Abdichtung und Sanierung schauen wir auf eine lange und intensive Berufserfahrung zur\u00fcck. Unsere gut geschulten Fachkr\u00e4fte informieren Sie sehr gerne im Detail.<\/p>","popseo_schlusstext":"<p>Wenn Sie ein erfahrenes Unternehmen f\u00fcr zeitgem\u00e4\u00dfe Innen- und Au\u00dfenabdichtung suchen, sind Sie bei uns richtig. Sie m\u00f6chten mehr \u00fcber uns erfahren? Als auf Sanierung spezialisierte Fachfirma sind wir f\u00fcr Ihr Vorhaben der richtige Dienstleister und freuen uns \u00fcber Ihre Anfrage, unabh\u00e4ngig davon ob durch Griff zum Telefonh\u00f6rer oder Nachricht per E-Mail. Worauf Sie neben unserer fachlichen Expertise setzen d\u00fcrfen: Das Expertenteam der Firma TK-Geb\u00e4udetechnik arbeitet mit Motivation und Elan f\u00fcr Ihrer Erfolg. Wir freuen uns, wenn wir ihnen helfen k\u00f6nnen!<\/p>","popseo_stadttext":"<h3>Unser Einzugsbereich umfasst auch  Adendorf<\/h3>\n<p>Unser Einzugsgebiet umfasst auch Adendorf. Durch unsere T\u00e4tigkeit haben wir uns einen guten \u00dcberblick \u00fcber die Architektur der St\u00e4dte und Gemeinden unseres Vertriebsgebietes erarbeiten k\u00f6nnen. Wir f\u00fchlen uns der Region verpflichtet und sind stolz darauf, auch einen Anteil zur gesunden Infrastruktur der Gemeinde beizusteuern zu k\u00f6nnen.  <\/p>\n<h3>Gute Gr\u00fcnde sprechen f\u00fcr den Wohnort Adendorf<\/h3><br \/>\nAdendorf liegt rund vier Kilometer von L\u00fcneburg entfernt zwischen dem Elbe-Seitenkanal und der Illmenau. Fast 11.000 Anwohner wohnen in Aldendorf auf einer Fl\u00e4che von ca. 16 Quadratkilometern. Die \u00d6konomie der Gemeinde wird gepr\u00e4gt von kleinen und mittelst\u00e4ndischen Firmen aus den Gesch\u00e4ftsbereichen Handwerk und Dienstleistung. Erreichbar ist der Ort mit dem Auto \u00fcber die B209. Aldendorf verf\u00fcgt au\u00dferdem \u00fcber eine Anschlussstelle an die Bundesautobahn 39. Der \u00f6ffentliche Personennahverkehr wird \u00fcber verschiedene Buslinien sichergestellt. Das Umfeld erm\u00f6glicht erlebnisreiche Ausfl\u00fcge. Die Baustruktur in der Region ist \u00fcberwiegend gekennzeichnet von einer ansprechenden Einzelhausbebauung. Besonders junge Familien sch\u00e4tzen das beschauliche Leben in Adendorf.<br \/>\n<h4>Wir f\u00fcr Sie in Adendorf!<\/h4>\n<p>Sie wohnen in Adendorf und interessieren sich f\u00fcr unser Leistungsangebot. Prima, das Sie unsere Internetseite entdeckt haben. F\u00fcr R\u00fcckfragen stehen wir Ihnen jederzeit zur Verf\u00fcgung. Auf den Kontakt zu Ihnen freuen wir uns.<\/p>","popseo_zusatztext":"<h3>Erstklassiges Sanieren ist uns wichtig<\/h3>\n<p>Sie planen eine Wand, einen Keller oder gar ein gesamtes Geb\u00e4ude zu sanieren? Super, denn da sind Sie bei uns exakt an der passenden Stelle. Wir sind Ihr erfahrener Partner f\u00fcr alle Fragen rund um das Sanieren von H\u00e4usern.  Ob nasse Keller, nasse Mauern oder die Sanierung ausgedehnter N\u00e4ssesch\u00e4den: Als spezialisierte Fachfirma z\u00e4hlt das Sanieren zu unseren t\u00e4glichen Aufgaben. Wir gehen der Schadensursache sorgf\u00e4ltig auf den Grund. Vor der eigentlichen Sanierung muss auf jeden Fall die Ursachenfindung stehen. Nur wenn man den richtigen Grund f\u00fcr einen entstandenen Schadensfall kennt, kann man selbstverst\u00e4ndlich erst mit dem Sanieren starten. Auch erkennt man erst nach einer detaillierten Begutachtung das Ausma\u00df, den das Sanieren eines Geb\u00e4udes in Anspruch nehmen wird.<\/p>\n<p>Verabreden Sie doch kurzerhand einmal einen unverbindlichen Termin mit einem unserer gut ausgebildeten Fachleute. Anruf oder e-Mail reichen aus! Bei einer Begutachtung direkt vor Ort nehmen wir die M\u00e4ngel auf und unterbreiten Vorschl\u00e4ge f\u00fcr das passende Sanieren. So viel wie erforderlich, so wenig wie m\u00f6glich: Auch \u00f6konomische Betrachtungen flie\u00dfen in unsere Entscheidungsfindung f\u00fcr das Sanieren Ihres Geb\u00e4udes mit ein. <\/p>\n<h4>Sanieren: Beste Arbeit durch den Fachbetrieb<\/h4>\n<p>Nat\u00fcrlich f\u00fchren unsere routinierten Fachkr\u00e4fte alle notwendigen T\u00e4tigkeiten, die zum Sanieren geh\u00f6ren z\u00fcgig und zuverl\u00e4ssig aus. Unser Betrieb ist seit einigen Jahren f\u00fcr eine hohe Fachkompetenz beim Sanieren bekannt. Der Reparatur von Wohn- und Gesch\u00e4ftsh\u00e4usern haben wir uns gewidmet. Vertrauen Sie auf Erfahrung und \u00fcbertragen Sie das Sanieren Ihrer Immobilie unserem Fachbetrieb. Wir freuen uns darauf, auch Ihnen helfen zu d\u00fcrfen.<\/p>","popseo_links":"<a href=\"https:\/\/bautenschutz-keul.de\/angebote\/salpeter-im-keller-seevetal-rosengarten\/\">Salpeter im Keller Seevetal Rosengarten<\/a>, <a href=\"https:\/\/bautenschutz-keul.de\/angebote\/innenabdichtung-boizenburg\/\">Innenabdichtung Boizenburg<\/a>, <a href=\"https:\/\/bautenschutz-keul.de\/angebote\/kellerabdichtung-jesteburg\/\">Kellerabdichtung Jesteburg<\/a>, <a href=\"https:\/\/bautenschutz-keul.de\/angebote\/kellertrockenlegung-winsen-luhe\/\">Kellertrockenlegung Winsen Luhe<\/a>, <a href=\"https:\/\/bautenschutz-keul.de\/angebote\/bauwerksabdichtung-reppenstedt\/\">Bauwerksabdichtung Reppenstedt<\/a>, <a href=\"https:\/\/bautenschutz-keul.de\/angebote\/rissverpressung-harburg\/\">Rissverpressung Harburg<\/a>, <a href=\"https:\/\/bautenschutz-keul.de\/angebote\/feuchtigkeitsschaden-glinde-sachsenwald\/\">Feuchtigkeitsschaden Glinde Sachsenwald<\/a>, <a href=\"https:\/\/bautenschutz-keul.de\/angebote\/bauwerksabdichtung-stelle\/\">Bauwerksabdichtung Stelle<\/a>, <a href=\"https:\/\/bautenschutz-keul.de\/angebote\/kellersanierung-boizenburg\/\">Kellersanierung Boizenburg<\/a>, <a href=\"https:\/\/bautenschutz-keul.de\/angebote\/zerstoerter-putz-brietlingen\/\">zerst\u00f6rter Putz Brietlingen<\/a>, <a href=\"https:\/\/bautenschutz-keul.de\/angebote\/feuchtigkeitsschaden-ebstorf\/\">Feuchtigkeitsschaden Ebstorf<\/a>, <a href=\"https:\/\/bautenschutz-keul.de\/angebote\/schimmel-reppenstedt\/\">Schimmel Reppenstedt<\/a>, <a href=\"https:\/\/bautenschutz-keul.de\/angebote\/horizontalsperre-brietlingen\/\">Horizontalsperre Brietlingen<\/a>, <a href=\"https:\/\/bautenschutz-keul.de\/angebote\/kellersanierung-maschen\/\">Kellersanierung Maschen<\/a>, <a href=\"https:\/\/bautenschutz-keul.de\/angebote\/horizontalsperre-bad-bevensen\/\">Horizontalsperre Bad Bevensen<\/a>, <a href=\"https:\/\/bautenschutz-keul.de\/angebote\/feuchter-keller-bienenbuettel\/\">Feuchter Keller Bienenb\u00fcttel<\/a>, <a href=\"https:\/\/bautenschutz-keul.de\/angebote\/feuchtigkeitsschaden-schwarzenbek\/\">Feuchtigkeitsschaden Schwarzenbek<\/a>, <a href=\"https:\/\/bautenschutz-keul.de\/angebote\/horizontalsperre-jesteburg\/\">Horizontalsperre Jesteburg<\/a>, <a href=\"https:\/\/bautenschutz-keul.de\/angebote\/horizontalsperre-adendorf\/\">Horizontalsperre Adendorf<\/a>, <a href=\"https:\/\/bautenschutz-keul.de\/angebote\/horizontalsperre-amt-neuhaus\/\">Horizontalsperre Amt Neuhaus<\/a>, <a href=\"https:\/\/bautenschutz-keul.de\/angebote\/mauertrockenlegung-adendorf\/\">Mauertrockenlegung Adendorf<\/a>, <a href=\"https:\/\/bautenschutz-keul.de\/angebote\/feuchtigkeit-reppenstedt\/\">Feuchtigkeit Reppenstedt<\/a>, <a href=\"https:\/\/bautenschutz-keul.de\/angebote\/salpeter-im-keller-brietlingen\/\">Salpeter im Keller Brietlingen<\/a>, <a href=\"https:\/\/bautenschutz-keul.de\/angebote\/kellerabdichtung-seevetal-rosengarten\/\">Kellerabdichtung Seevetal Rosengarten<\/a>, <a href=\"https:\/\/bautenschutz-keul.de\/angebote\/schimmelsanierung-buechen\/\">Schimmelsanierung B\u00fcchen<\/a>, <a href=\"https:\/\/bautenschutz-keul.de\/angebote\/kellertrockenlegung-salzhausen\/\">Kellertrockenlegung Salzhausen<\/a>, <a href=\"https:\/\/bautenschutz-keul.de\/angebote\/mauertrockenlegung-boizenburg\/\">Mauertrockenlegung Boizenburg<\/a>, <a href=\"https:\/\/bautenschutz-keul.de\/angebote\/feuchter-keller-jesteburg\/\">Feuchter Keller Jesteburg<\/a>, <a href=\"https:\/\/bautenschutz-keul.de\/angebote\/feuchtigkeit-hanstedt\/\">Feuchtigkeit Hanstedt<\/a>, <a href=\"https:\/\/bautenschutz-keul.de\/angebote\/schimmelbeseitigung-adendorf\/\">Schimmelbeseitigung Adendorf<\/a>"},"_links":{"self":[{"href":"https:\/\/bautenschutz-keul.de\/angebote\/wp-json\/wp\/v2\/pages\/658","targetHints":{"allow":["GET"]}}],"collection":[{"href":"https:\/\/bautenschutz-keul.de\/angebote\/wp-json\/wp\/v2\/pages"}],"about":[{"href":"https:\/\/bautenschutz-keul.de\/angebote\/wp-json\/wp\/v2\/types\/page"}],"author":[{"embeddable":true,"href":"https:\/\/bautenschutz-keul.de\/angebote\/wp-json\/wp\/v2\/users\/1"}],"replies":[{"embeddable":true,"href":"https:\/\/bautenschutz-keul.de\/angebote\/wp-json\/wp\/v2\/comments?post=658"}],"version-history":[{"count":0,"href":"https:\/\/bautenschutz-keul.de\/angebote\/wp-json\/wp\/v2\/pages\/658\/revisions"}],"wp:attachment":[{"href":"https:\/\/bautenschutz-keul.de\/angebote\/wp-json\/wp\/v2\/media?parent=658"}],"curies":[{"name":"wp","href":"https:\/\/api.w.org\/{rel}","templated":true}]}}