{"id":666,"date":"2021-09-13T08:44:40","date_gmt":"2021-09-13T06:44:40","guid":{"rendered":"https:\/\/bautenschutz-keul.de\/angebote\/zerstoerter-putz-boizenburg\/"},"modified":"2021-09-13T08:44:40","modified_gmt":"2021-09-13T06:44:40","slug":"zerstoerter-putz-boizenburg","status":"publish","type":"page","link":"https:\/\/bautenschutz-keul.de\/angebote\/zerstoerter-putz-boizenburg\/","title":{"rendered":"zerst\u00f6rter Putz &#8211; Boizenburg"},"content":{"rendered":"<h3>Zerst\u00f6rter Putz: Unsere Sanierungsprofis beheben das Problem!<\/h3>\n<p>Wer seine Kellerr\u00e4ume sanieren will, dem ist zu empfehlen, nur hochwertige Baumaterialien zu nutzen. Ein geeigneter Putz geh\u00f6rt absolut dazu. Bei zerst\u00f6rtem Putz sollten Sie darauf achten, dass nur beste Produkte bei der Reparatur verarbeitet werden. Eine richtig ausgef\u00fchrte Sanierung ist eine Ma\u00dfnahme, die sich lohnt. Voraussetzung daf\u00fcr ist jedoch, dass die Instandsetzung auf Dauer angelegt ist. Es n\u00fctzt nichts, nur eine kurzfristige Ma\u00dfnahme in die Wege zu leiten. Bei einer Sanierung kommt es in erster Linie darauf an, den Baumangel bleibend zu beseitigen. Das bedeutet entsprechend, nicht an der falschen Stelle zu sparen. Qualitativ gute Baustoffe sind f\u00fcr den dauerhaften Erfolg von gro\u00dfer Bedeutung. Dies gilt insbesondere bei zerst\u00f6rtem Putz.<\/p>\n<h3>Zerst\u00f6rter Putz: Wir nehmen uns dem Problem an!<\/h3>\n<p>Besonders ein feuchter Kellerraum kann die Bausubstanz einer Immobilie dauerhaft sch\u00e4digen. Zerst\u00f6rter Putz f\u00e4llt hierbei besonders schnell ins Auge. Von Drau\u00dfen eindringende Feuchtigkeit ist ein nicht eben selten zu beobachtendes Problem. Putz ist nat\u00fcrlich \u00e4u\u00dferst empfindlich und weist mit den Jahren deutlich erkennbare Sch\u00e4den auf. Die Verarbeitung eines qualitativ hochwertigen Sanierputzes ist f\u00fcr eine langfristig erfolgreiche Arbeit absolut wichtig.<\/p>\n","protected":false},"excerpt":{"rendered":"<p>Zerst\u00f6rter Putz: Unsere Sanierungsprofis beheben das Problem! Wer seine Kellerr\u00e4ume sanieren will, dem ist zu empfehlen, nur hochwertige Baumaterialien zu nutzen. Ein geeigneter Putz geh\u00f6rt absolut dazu. Bei zerst\u00f6rtem Putz sollten Sie darauf achten, dass nur beste Produkte bei der Reparatur verarbeitet werden. Eine richtig ausgef\u00fchrte Sanierung ist eine Ma\u00dfnahme, die sich lohnt. Voraussetzung daf\u00fcr [&hellip;]<\/p>\n","protected":false},"author":1,"featured_media":0,"parent":0,"menu_order":0,"comment_status":"closed","ping_status":"closed","template":"","meta":{"footnotes":""},"class_list":["post-666","page","type-page","status-publish","hentry"],"meta_box":{"popseo_subtitel":"zerst\u00f6rter Putz: Wir sind Ihr Fachanbieter f\u00fcr Abdichtung und Sanierung im Raum Boizenburg","popseo_subtitel2":"Zerst\u00f6rter Putz - wir beraten Sie gerne zur Sanierung!","popseo_lasttitel":"zerst\u00f6rter Putz: Wir beantworten Ihre Fragen!","popseo_region":"Boizenburg","popseo_sachwort":"zerst\u00f6rter Putz","popseo_noupdate":"","popseo_einleitungstext":"<p>Mauern, W\u00e4nde oder Kellerr\u00e4ume Ihrer Wohn- oder Gesch\u00e4ftsimmobilie weisen einen Feuchtigkeitsschaden und damit einen nicht zu \u00fcbersehenden Sanierungsbedarf auf. Dann ist es an der Zeit, sich \u00fcber eine fachlich korrekt vorgenommene Trocknung Gedanken zu machen. Unser Handwerksbetrieb ist auf die Bauwerksabdichtung spezialisiert. Zu den haupts\u00e4chlichen T\u00e4tigkeiten unseres Unternehmens z\u00e4hlen unter anderem die Bereiche Kellerabdichtung, Mauertrockenlegung und Schimmelbeseitigung. Der nachhaltigen Sanierung haben wir uns verschrieben. Wir beraten fachsicher, wie Sie Ihr Geb\u00e4ude umweltgerecht und preisg\u00fcnstig sanieren k\u00f6nnen. Ein paar erste Informationen dazu lesen Sie nachfolgend.<\/p>","popseo_schlusstext":"<p>Wenn Sie mehr wissen m\u00f6chten, informieren wir Sie n\u00e4her \u00fcber unser T\u00e4tigkeitsspektrum. Wir pr\u00e4sentieren Ihnen mit Vergn\u00fcgen auch ein paar Referenzen, die Ihnen einen Einblick in unsere Unternehmenst\u00e4tigkeit geben.<br \/>\nVertrauen Sie auf das Urteil eines erfahrenen Sannierungsfachbetriebes. Rufen Sie uns doch einfach einmal an oder schreiben Sie uns eine kurze E-Mail. Wir freuen uns auf Sie.<\/p>","popseo_stadttext":"<h3>Wir freuen uns \u00fcber Anfragen aus Boizenburg<\/h3>\n<p>Unser Einzugsgebiet umfasst auch Boizenburg. Durch unsere Gesch\u00e4ftst\u00e4tigkeit haben wir uns einen sehr guten \u00dcberblick \u00fcber die Stadtarchitektur der St\u00e4dte und Gemeinden unseres Vertriebsgebietes erarbeiten k\u00f6nnen. Wir f\u00fchlen uns der Region verpflichtet und freuen uns dar\u00fcber, auch einen Anteil zur ausgezeichneten Infrastruktur der Gemeinde Boizenburg beisteuern zu k\u00f6nnen.  <\/p>\n<h3>Ein paar Fakten \u00fcber Boizenburg<\/h3>\n<p>Die Stadt Boizenburg liegt im Kreis Ludwigslust-Parchim in Mecklenburg-Vorpommern. In Boizenburg leben circa 10.000 B\u00fcrger auf einer Gesamtfl\u00e4che von 47 qkm. Die Ortsbezeichnung Boizenburg leitet sich ab vom Fluss Boitze. Dieser flie\u00dft direkt durch das Gemeindegebiet. Etwas bekannter d\u00fcrfte jedoch sein, dass Boizenburg an der Elbe liegt. Boizenburg teilt sich auf in insgesamt f\u00fcnf Ortsteile. Dies sind Bahlen, Gehrum, Bahlenburg, Gothmann und Heide. <\/p>\n<p>Boizenburg ist eine recht alte Stadt. Zum ersten Mal erw\u00e4hnt wurde die Stadt bereits anno 1171. W\u00e4hrend der der Zeit der deutschen Teilung war Boizenburg weitgehend abgeschieden. Die ehemalige Deutsch-Deutsche-Grenze verlief unmittelbar entlang des Ortsgebietes von Boizenburg. Zu dieser Zeit war Boizenburg Sperrgebiet. B\u00fcrger und G\u00e4ste der Stadt brauchten in damaliger Zeit einen beh\u00f6rdlichen Passierschein. Eine Einschr\u00e4nkung der individuellen Freiheit, die jetzt zum Gl\u00fcck kaum noch nachvollziehbar ist. <\/p>\n<h3>Wir kennen uns aus in Boizenburg<\/h3>\n<p>Nach der Wiedervereinigung der beiden deutschen Staaten bl\u00fchte Boizenburg massiv auf. Der historische Stadtkern wurde saniert. Auch der kleine Elbhafen wurde umfangreich erneuert. Aktuell ist Boizenburg eine reizvoll gelegene Kleinstadt, die ihren B\u00fcrgern ein attraktives Umfeld bietet. Der innerst\u00e4dtische Bereich von Boizenburg wird von einer mittelalterlichen Wallanlage beherrscht. Zahlreiche Fachwerkh\u00e4user runden das Stadtbild ab. Besonders un\u00fcbersehbar ist auch das Rathaus Boizenburg - das h\u00fcbsche Fachwerkhaus wurde im Jahre 1711 errichtet. Des Weiteren pr\u00e4gt speziell die St. Marien Kirche die Anmutung der mecklenburgischen Ortschaft.<\/p>\n<p>Die Wirtschaft von Boizenburg ist gepr\u00e4gt von mittelst\u00e4ndischen Firmen. Rund 50 Hektar Gewerbegrund steht in Boizenburg bereit. Eine weitere Ausdehnung ist in Planung. F\u00fcr junge Familien ist Boizenburg als Wohnort von Interesse. Das Kultur- und Sportangebot \u00fcberzeugt durch seine Vielfalt. Schulische Einrichtungen jeder Art sowie Kitas sind in gen\u00fcgender Zahl vorhanden.  <\/p>\n<h4>Privat- und Gesch\u00e4ftskunden aus Boizenburg sch\u00e4tzen unsere Leistungen!<\/h4>\n<p>Toll, dass Sie diese Website gefunden haben. Wenn Sie ein Fachunternehmen ben\u00f6tigen, sind Sie bei uns genau richtig. Sie m\u00f6chten mehr \u00fcber uns erfahren? F\u00fcr R\u00fcckfragen stehen wir Ihnen jederzeit zur Verf\u00fcgung. Unser freundliches Team freut sich auf Sie.<\/p>","popseo_zusatztext":"<h3>Erstklassiges Sanieren ist uns wichtig<\/h3>\n<p>Sie planen eine Wand, einen Keller oder gar ein komplettes Geb\u00e4ude zu sanieren? Klasse, denn dann sind Sie bei uns exakt an der richtigen Adresse. Wir sind Ihr routinierter Partner f\u00fcr alle Fragestellungen rund um das Sanieren von Geb\u00e4uden.  Ob feuchte Keller, feuchte W\u00e4nde oder die Sanierung ausgedehnter Feuchtigkeitssch\u00e4den: Als spezialisierte Fachfirma geh\u00f6rt das Sanieren zu den t\u00e4glichen T\u00e4tigkeiten. Wir gehen der Schadensursache ganz genau auf den Grund. Vor der eigentlichen Sanierung muss auf jeden Fall die Ursachenforschung stehen. Erst wenn man den wirklichen Grund f\u00fcr einen eingetretenen Schaden kennt, kann man sinnvollerweise mit dem Sanieren starten. Auch erkennt man erst nach einer genauen Analyse das Ausma\u00df, den das Sanieren eines Geb\u00e4udes beanspruchen wird.<\/p>\n<p>Verabreden Sie doch kurzerhand einmal einen unverbindlichen Besprechungstermin mit einem unserer gut ausgebildeten Fachleute. Telefon oder E-Mail gen\u00fcgen! Bei einer Begehung direkt vor Ort nehmen wir die M\u00e4ngel auf und machen Vorschl\u00e4ge f\u00fcr das passende Sanieren. So viel wie erforderlich, so wenig wie m\u00f6glich: Auch wirtschaftliche Aspekte flie\u00dfen in unsere Entscheidungsfindung f\u00fcr das Sanieren Ihres Hauses mit ein. <\/p>\n<h4>Sanieren \u2013 wir helfen schnell und unkompliziert!<\/h4>\n<p>Selbstverst\u00e4ndlich f\u00fchren unsere routinierten Mitarbeiter alle erforderlichen T\u00e4tigkeiten, die zum Sanieren geh\u00f6ren schnell und verl\u00e4\u00dflich aus. Unser Betrieb ist seit einigen Jahren f\u00fcr eine hohe Qualit\u00e4t beim Sanieren bekannt. Der Instandsetzung von Wohn- und Gesch\u00e4ftsh\u00e4usern haben wir uns gewidmet. Vertrauen Sie auf Erfahrung und \u00fcbertragen Sie das Sanieren Ihres Geb\u00e4udes unserem Unternehmen. Wir freuen uns darauf, auch Ihnen helfen zu k\u00f6nnen.<\/p>","popseo_links":"<a href=\"https:\/\/bautenschutz-keul.de\/angebote\/salpeter-im-keller-amelinghausen\/\">Salpeter im Keller Amelinghausen<\/a>, <a href=\"https:\/\/bautenschutz-keul.de\/angebote\/feuchtigkeit-salzhausen\/\">Feuchtigkeit Salzhausen<\/a>, <a href=\"https:\/\/bautenschutz-keul.de\/angebote\/feuchter-keller-winsen-luhe\/\">Feuchter Keller Winsen Luhe<\/a>, <a href=\"https:\/\/bautenschutz-keul.de\/angebote\/feuchtigkeit-lueneburg\/\">Feuchtigkeit L\u00fcneburg<\/a>, <a href=\"https:\/\/bautenschutz-keul.de\/angebote\/kellerabdichtung-glinde-sachsenwald\/\">Kellerabdichtung Glinde Sachsenwald<\/a>, <a href=\"https:\/\/bautenschutz-keul.de\/angebote\/aufsteigende-feuchtigkeit-buechen\/\">aufsteigende Feuchtigkeit B\u00fcchen<\/a>, <a href=\"https:\/\/bautenschutz-keul.de\/angebote\/innenabdichtung-maschen\/\">Innenabdichtung Maschen<\/a>, <a href=\"https:\/\/bautenschutz-keul.de\/angebote\/schimmelsanierung-schwarzenbek\/\">Schimmelsanierung Schwarzenbek<\/a>, <a href=\"https:\/\/bautenschutz-keul.de\/angebote\/horizontalsperre-reinbek-aumuehle\/\">Horizontalsperre Reinbek Aum\u00fchle<\/a>, <a href=\"https:\/\/bautenschutz-keul.de\/angebote\/aufsteigende-feuchtigkeit-bienenbuettel\/\">aufsteigende Feuchtigkeit Bienenb\u00fcttel<\/a>, <a href=\"https:\/\/bautenschutz-keul.de\/angebote\/kellersanierung-bergedorf-wentorf\/\">Kellersanierung Bergedorf Wentorf<\/a>, <a href=\"https:\/\/bautenschutz-keul.de\/angebote\/kellerabdichtung-hanstedt\/\">Kellerabdichtung Hanstedt<\/a>, <a href=\"https:\/\/bautenschutz-keul.de\/angebote\/feuchte-mauer-buchholz-in-der-nordheide\/\">Feuchte Mauer Buchholz in der Nordheide<\/a>, <a href=\"https:\/\/bautenschutz-keul.de\/angebote\/schimmelbeseitigung-brietlingen\/\">Schimmelbeseitigung Brietlingen<\/a>, <a href=\"https:\/\/bautenschutz-keul.de\/angebote\/rissverpressung-amelinghausen\/\">Rissverpressung Amelinghausen<\/a>, <a href=\"https:\/\/bautenschutz-keul.de\/angebote\/aufsteigende-feuchtigkeit-maschen\/\">aufsteigende Feuchtigkeit Maschen<\/a>, <a href=\"https:\/\/bautenschutz-keul.de\/angebote\/zerstoerter-putz-stelle\/\">zerst\u00f6rter Putz Stelle<\/a>, <a href=\"https:\/\/bautenschutz-keul.de\/angebote\/feuchter-keller-bergedorf-wentorf\/\">Feuchter Keller Bergedorf Wentorf<\/a>, <a href=\"https:\/\/bautenschutz-keul.de\/angebote\/feuchter-keller-boizenburg\/\">Feuchter Keller Boizenburg<\/a>, <a href=\"https:\/\/bautenschutz-keul.de\/angebote\/schimmelsanierung-herzogtum-lauenburg\/\">Schimmelsanierung Herzogtum Lauenburg<\/a>, <a href=\"https:\/\/bautenschutz-keul.de\/angebote\/schimmelsanierung-adendorf\/\">Schimmelsanierung Adendorf<\/a>, <a href=\"https:\/\/bautenschutz-keul.de\/angebote\/schimmelbeseitigung-salzhausen\/\">Schimmelbeseitigung Salzhausen<\/a>, <a href=\"https:\/\/bautenschutz-keul.de\/angebote\/kellertrockenlegung-glinde-sachsenwald\/\">Kellertrockenlegung Glinde Sachsenwald<\/a>, <a href=\"https:\/\/bautenschutz-keul.de\/angebote\/rissverpressung-bad-bevensen\/\">Rissverpressung Bad Bevensen<\/a>, <a href=\"https:\/\/bautenschutz-keul.de\/angebote\/mauertrockenlegung-bergedorf-wentorf\/\">Mauertrockenlegung Bergedorf Wentorf<\/a>, <a href=\"https:\/\/bautenschutz-keul.de\/angebote\/feuchte-mauer-glinde-sachsenwald\/\">Feuchte Mauer Glinde Sachsenwald<\/a>, <a href=\"https:\/\/bautenschutz-keul.de\/angebote\/salpeter-im-keller-brietlingen\/\">Salpeter im Keller Brietlingen<\/a>, <a href=\"https:\/\/bautenschutz-keul.de\/angebote\/schimmelbeseitigung-schwarzenbek\/\">Schimmelbeseitigung Schwarzenbek<\/a>, <a href=\"https:\/\/bautenschutz-keul.de\/angebote\/feuchte-mauer-stelle\/\">Feuchte Mauer Stelle<\/a>, <a href=\"https:\/\/bautenschutz-keul.de\/angebote\/aussenabdichtung-reinbek-aumuehle\/\">Au\u00dfenabdichtung Reinbek Aum\u00fchle<\/a>"},"_links":{"self":[{"href":"https:\/\/bautenschutz-keul.de\/angebote\/wp-json\/wp\/v2\/pages\/666","targetHints":{"allow":["GET"]}}],"collection":[{"href":"https:\/\/bautenschutz-keul.de\/angebote\/wp-json\/wp\/v2\/pages"}],"about":[{"href":"https:\/\/bautenschutz-keul.de\/angebote\/wp-json\/wp\/v2\/types\/page"}],"author":[{"embeddable":true,"href":"https:\/\/bautenschutz-keul.de\/angebote\/wp-json\/wp\/v2\/users\/1"}],"replies":[{"embeddable":true,"href":"https:\/\/bautenschutz-keul.de\/angebote\/wp-json\/wp\/v2\/comments?post=666"}],"version-history":[{"count":0,"href":"https:\/\/bautenschutz-keul.de\/angebote\/wp-json\/wp\/v2\/pages\/666\/revisions"}],"wp:attachment":[{"href":"https:\/\/bautenschutz-keul.de\/angebote\/wp-json\/wp\/v2\/media?parent=666"}],"curies":[{"name":"wp","href":"https:\/\/api.w.org\/{rel}","templated":true}]}}