{"id":668,"date":"2021-09-13T08:44:40","date_gmt":"2021-09-13T06:44:40","guid":{"rendered":"https:\/\/bautenschutz-keul.de\/angebote\/zerstoerter-putz-buchholz-in-der-nordheide\/"},"modified":"2021-09-13T08:44:40","modified_gmt":"2021-09-13T06:44:40","slug":"zerstoerter-putz-buchholz-in-der-nordheide","status":"publish","type":"page","link":"https:\/\/bautenschutz-keul.de\/angebote\/zerstoerter-putz-buchholz-in-der-nordheide\/","title":{"rendered":"zerst\u00f6rter Putz &#8211; Buchholz in der Nordheide"},"content":{"rendered":"<h3>Wir helfen rasch bei zerst\u00f6rtem Putz!<\/h3>\n<p>Wer seine Kellerr\u00e4ume sanieren m\u00f6chte, dem sei anzuraten, nur hochwertige Materialien zu nutzen. Ein geeigneter Putz geh\u00f6rt absolut dazu. Bei zerst\u00f6rtem Putz sollten Sie Wert darauf legen, dass nur beste Produkte bei der Instandsetzung verarbeitet werden. Eine korrekt durchgef\u00fchrte Sanierung ist eine Ma\u00dfnahme, die sich rechnet. Voraussetzung dabei ist, dass die Instandsetzung auf Dauer angelegt ist. Es ist nicht anzuraten, nur eine tempor\u00e4re Ma\u00dfnahme in die Wege zu leiten. Bei einer Sanierung kommt es vor allem darauf an, den Schaden bleibend zu beheben. Das bedeutet, nicht an der falschen Stelle zu sparen. Qualitativ gute Baustoffe sind f\u00fcr den dauerhaften Erfolg absolut wichtig. Dies gilt speziell bei zerst\u00f6rtem Putz.<\/p>\n<h3>Jahrelange Erfahrung beim Austausch von zerst\u00f6rtem Putz<\/h3>\n<p>Speziell ein durchfeuchteter Keller kann die Substanz einer Immobilie dauerhaft sch\u00e4digen. Zerst\u00f6rter Putz f\u00e4llt hierbei besonders deutlich ins Auge. Von Au\u00dfen eindringende N\u00e4sse ist ein h\u00e4ufiges Problem. Putz ist nat\u00fcrlich sehr anf\u00e4llig und weist mit den Jahren deutlich sichtbare Sch\u00e4den auf. Die Verarbeitung eines qualitativ guten Sanierputzes ist f\u00fcr den langfristigen Erfolg absolut wichtig.<\/p>\n","protected":false},"excerpt":{"rendered":"<p>Wir helfen rasch bei zerst\u00f6rtem Putz! Wer seine Kellerr\u00e4ume sanieren m\u00f6chte, dem sei anzuraten, nur hochwertige Materialien zu nutzen. Ein geeigneter Putz geh\u00f6rt absolut dazu. Bei zerst\u00f6rtem Putz sollten Sie Wert darauf legen, dass nur beste Produkte bei der Instandsetzung verarbeitet werden. Eine korrekt durchgef\u00fchrte Sanierung ist eine Ma\u00dfnahme, die sich rechnet. Voraussetzung dabei ist, [&hellip;]<\/p>\n","protected":false},"author":1,"featured_media":0,"parent":0,"menu_order":0,"comment_status":"closed","ping_status":"closed","template":"","meta":{"footnotes":""},"class_list":["post-668","page","type-page","status-publish","hentry"],"meta_box":{"popseo_subtitel":"zerst\u00f6rter Putz: Die Firma TK-Geb\u00e4udetechnik Thorsten Keul ist Ihr Fachanbieter f\u00fcr Abdichtung und Sanierung in Buchholz in der Nordheide","popseo_subtitel2":"Zerst\u00f6rter Putz - Sanierung f\u00fcr Kunden aus Norddeutschland","popseo_lasttitel":"zerst\u00f6rter Putz: D\u00fcrfen wir Ihre Fragen beantworten?","popseo_region":"Buchholz in der Nordheide","popseo_sachwort":"zerst\u00f6rter Putz","popseo_noupdate":"","popseo_einleitungstext":"<p>Sie haben sich mit dem Thema Bauwerksabdichtung besch\u00e4ftigt, weil Ihr Haus feuchte Geb\u00e4udeteile aufweist und Sie nach Methoden einer wirkungsvollen und professionellen Sanierung Ausschau halten. Sch\u00f6n, dass Sie unsere Website besuchen. Auf den folgenden Seiten m\u00f6chten wir Ihnen einige Informationen zu unserem Leistungsangebot geben. Sie lernen auf dieser Internetseite unsere Firma etwas n\u00e4her kennen. <\/p>\n<p>Unser Unternehmen ist ein qualifizierter und erfahrener Fachbetrieb mit Gesch\u00e4ftsssitz in Brietlingen bei L\u00fcneburg. Seit vielen Jahren schon sind wir Ihr Fachpartner f\u00fcr alle Fragen rund um die Bauwerksabdichtung. Wir setzen ausschlie\u00dflich effektive und praxisbew\u00e4hrte Sanierungsmethoden und -systeme ein. Als Sanierungsfachbetrieb blicken wir auf eine lange und intensive Berufserfahrung zur\u00fcck. Unsere versierten Spezialisten informieren Sie sehr gerne im Detail.<\/p>","popseo_schlusstext":"<p>Sie ben\u00f6tigen einen Experten f\u00fcr die fachgerecht ausgef\u00fchrte Bauwerksabdichtung. Dann kontaktieren Sie uns bitte schnell. Wir freuen uns auf Ihren Anruf oder Ihre E-Mail. Wenn es um Sanierung geht, sind wir Ihr qualifizierter Handwerkspartner. Wir sorgen f\u00fcr eine fachkundig durchgef\u00fchrte Arbeit nach dem stets derzeitigen Stand der Technik.<\/p>","popseo_stadttext":"<h3>Zufriedene Kunden haben wir auch in Buchholz i.d. Nordheide<\/h3>\n<p>Buchholz z\u00e4hlt zum nieders\u00e4chsischen Kreis Harburg und liegt in der Nordheide. Um Verwechslungen mit anderen Orten zu verhindern, tr\u00e4gt die Stadt Buchholz beh\u00f6rtlich den Namenszusatz \"Buchholz in der Nordheide\". Durch unsere Vertriebst\u00e4tigkeit haben wir uns einen sehr guten \u00dcberblick \u00fcber die Architektur der Gemeinden und St\u00e4dte unseres Einzugsbereiches machen k\u00f6nnen. Nat\u00fcrlich geh\u00f6rt auch Buchholz i.d. Nordheide zu unserem unmittelbaren Wirkungskreis. Wir freuen uns darauf, mit Ihnen ins Gespr\u00e4ch zu treten. <\/p>\n<h3>Ein paar Hintergrundinformationen zu Buchholz i.d. Nordheide<\/h3>\n<p>Buchholz ist eine zentral gelegene Stadt. Bis in die Freie und Hansestadt Hamburg sind es gerade einmal 20 km. Entsprechend viele Berufspendler leben in Buchholz. Wer seine Arbeitsst\u00e4tte in Hamburg hat, gleichzeitig aber eine eher weniger hektische Wohnlage bevorzugt, hat es in Buchholz wunderbar getroffen. Der sch\u00f6ne und \u00fcberschaubare Ort bietet ein besonders attraktives Lebensumfeld. Summiert leben summasumarum 37.000 B\u00fcrger in Buchholz. Stadt und Umkreis strecken sich \u00fcber eine Fl\u00e4che von knapp 75 qkm. Buchholz unterteilt sich in insgesamt sechs Ortsteile. Eine kleine Eigenheit von Buchholz: Jeder Ortsteil hat einen eigenen Ortsb\u00fcrgermeister.<\/p>\n<h3>Wir kennen uns aus in Buchholz<\/h3>\n<p>Trotz der r\u00e4umlichen N\u00e4he zur Freien und Hansestadt Hamburg, verf\u00fcgt Buchholz \u00fcber ein umtriebiges Wirtschaftsleben, das sich auf insgesamt drei Gewerbegebiete verteilt. Gro\u00dfe Einzelhandelsunternehmen wie beispielsweise M\u00f6bel Kraft oder Media Markt f\u00fchren in Buchholz Filialen. Beherrscht wird die Wirtschaft von Buchholz sonst von mittelst\u00e4ndischen Betrieben aus den Gesch\u00e4ftsfeldern Dienstleistung und Gro\u00dfhandel. Dar\u00fcber hinaus finden sich in Buchholz viele Autoh\u00e4user. \u00dcber die Auffahrt Dibbersen ist Buchholz an die Schnellstra\u00dfe A1 angeschlossen. Das Buchholzer Dreieck stellt au\u00dferdem eine Verbindung mit der A7 her. Ebenso erreicht man Buchholz mit dem Wagen auch einfach \u00fcber die Bundesstra\u00dfe 75. Wer mit der Eisenbahn nach Buchholz f\u00e4hrt, nutzt die Bahnstrecke Hamburg-Bremen. Das Verkehrsunternehmen Metronom f\u00e4hrt Buchholz \u00fcber die Expresslinie Bremen-Hamburg sowie im Nahverkehr an.  <\/p>\n<h4>Unsere Leistung f\u00fcr qualit\u00e4tsbewusste Kunden aus Buchholz<\/h4>\n<p>Wir finden es klasse, dass Sie unsere Internetseite gefunden haben. Wir garantieren Ihnen ein sehr gutes Preis-Leistungsverh\u00e4ltnis. Sie m\u00f6chten mehr \u00fcber uns wissen? F\u00fcr R\u00fcckfragen stehen wir Ihnen jederzeit zur Verf\u00fcgung. Auf Ihre Anfragen freuen wir uns.<\/p>","popseo_zusatztext":"<h3>Sanieren: Wir bieten eine erstklassige Handwerksarbeit<\/h3>\n<p>Sie beabsichtigen eine Wand, einen Keller oder gar ein gesamtes Bauwerk zu sanieren? Prima, denn da sind Sie bei uns genau an der passenden Stelle. Wir sind Ihr erfahrener Partner f\u00fcr s\u00e4mtliche Fragestellungen rund um das Sanieren von Geb\u00e4uden.  Ob feuchte Keller, nasse Mauern oder die Sanierung umfangreicher Feuchtesch\u00e4den: Als spezialisierter Fachbetrieb geh\u00f6rt das Sanieren zu den t\u00e4glichen Aufgaben. Wir gehen dem Schadensfall sorgf\u00e4ltig auf den Grund. Vor der konkreten Sanierung muss auf jeden Fall die Suche nach dem Grund stehen. Erst wenn man den wirklichen Grund f\u00fcr einen aufgetretenen Schaden kennt, kann man sinnvollerweise mit dem Sanieren starten. Auch sieht man erst nach einer exakten Begutachtung das Ausma\u00df, den das Sanieren eines Bauk\u00f6rpers in Anspruch nehmen wird.<\/p>\n<p>Verabreden Sie doch kurzerhand einmal einen unverbindlichen Besprechungstermin mit einem unserer gut ausgebildeten Mitarbeiter. Telefon oder auch Email gen\u00fcgen! Bei einer Begehung direkt am Objekt nehmen wir den Schaden auf und unterbreiten Ratschl\u00e4ge f\u00fcr das zweckgerichtete Sanieren. So viel wie notwendig, so wenig wie m\u00f6glich: Auch wirtschaftliche Betrachtungen flie\u00dfen in unsere Entscheidungsfindung f\u00fcr das Sanieren Ihres Bauwerkes mit ein. <\/p>\n<h4>Sanieren: Unsere Mitarbeiter stehen f\u00fcr Sie bereit!<\/h4>\n<p>Selbstverst\u00e4ndlich f\u00fchren unsere sachkundigen Spezialisten alle notwendigen T\u00e4tigkeiten, die zum Sanieren geh\u00f6ren z\u00fcgig und verl\u00e4\u00dflich aus. Unser Unternehmen ist seit mehreren Jahren f\u00fcr eine hohe Fachkompetenz beim Sanieren bekannt. Der Reparatur von Wohn- und Gesch\u00e4ftsgeb\u00e4uden haben wir uns gewidmet. Vertrauen Sie auf Routine und \u00fcbertragen Sie das Sanieren Ihrer Immobilie unserer Fachfirma. Wir freuen uns darauf, auch Ihnen helfen zu k\u00f6nnen.<\/p>","popseo_links":"<a href=\"https:\/\/bautenschutz-keul.de\/angebote\/schimmelsanierung-buechen\/\">Schimmelsanierung B\u00fcchen<\/a>, <a href=\"https:\/\/bautenschutz-keul.de\/angebote\/kellertrockenlegung-glinde-sachsenwald\/\">Kellertrockenlegung Glinde Sachsenwald<\/a>, <a href=\"https:\/\/bautenschutz-keul.de\/angebote\/feuchtigkeit-harburg\/\">Feuchtigkeit Harburg<\/a>, <a href=\"https:\/\/bautenschutz-keul.de\/angebote\/kellerabdichtung-winsen-luhe\/\">Kellerabdichtung Winsen Luhe<\/a>, <a href=\"https:\/\/bautenschutz-keul.de\/angebote\/schimmel-boizenburg\/\">Schimmel Boizenburg<\/a>, <a href=\"https:\/\/bautenschutz-keul.de\/angebote\/salpeter-im-keller-tostedt-sittensen\/\">Salpeter im Keller Tostedt Sittensen<\/a>, <a href=\"https:\/\/bautenschutz-keul.de\/angebote\/zerstoerter-putz-bergedorf-wentorf\/\">zerst\u00f6rter Putz Bergedorf Wentorf<\/a>, <a href=\"https:\/\/bautenschutz-keul.de\/angebote\/feuchte-wand-stelle\/\">Feuchte Wand Stelle<\/a>, <a href=\"https:\/\/bautenschutz-keul.de\/angebote\/feuchtigkeit-salzhausen\/\">Feuchtigkeit Salzhausen<\/a>, <a href=\"https:\/\/bautenschutz-keul.de\/angebote\/schimmelsanierung-salzhausen\/\">Schimmelsanierung Salzhausen<\/a>, <a href=\"https:\/\/bautenschutz-keul.de\/angebote\/feuchtigkeitsschaden-geesthacht\/\">Feuchtigkeitsschaden Geesthacht<\/a>, <a href=\"https:\/\/bautenschutz-keul.de\/angebote\/feuchtigkeitsschaden-reinbek-aumuehle\/\">Feuchtigkeitsschaden Reinbek Aum\u00fchle<\/a>, <a href=\"https:\/\/bautenschutz-keul.de\/angebote\/feuchtigkeit-jesteburg\/\">Feuchtigkeit Jesteburg<\/a>, <a href=\"https:\/\/bautenschutz-keul.de\/angebote\/schimmel-reppenstedt\/\">Schimmel Reppenstedt<\/a>, <a href=\"https:\/\/bautenschutz-keul.de\/angebote\/rissverpressung-harburg\/\">Rissverpressung Harburg<\/a>, <a href=\"https:\/\/bautenschutz-keul.de\/angebote\/schimmelsanierung-geesthacht\/\">Schimmelsanierung Geesthacht<\/a>, <a href=\"https:\/\/bautenschutz-keul.de\/angebote\/kellersanierung-uelzen\/\">Kellersanierung Uelzen<\/a>, <a href=\"https:\/\/bautenschutz-keul.de\/angebote\/kellerabdichtung-reppenstedt\/\">Kellerabdichtung Reppenstedt<\/a>, <a href=\"https:\/\/bautenschutz-keul.de\/angebote\/aufsteigende-feuchtigkeit-reppenstedt\/\">aufsteigende Feuchtigkeit Reppenstedt<\/a>, <a href=\"https:\/\/bautenschutz-keul.de\/angebote\/bauwerksabdichtung-ebstorf\/\">Bauwerksabdichtung Ebstorf<\/a>, <a href=\"https:\/\/bautenschutz-keul.de\/angebote\/bauwerksabdichtung-winsen-luhe\/\">Bauwerksabdichtung Winsen Luhe<\/a>, <a href=\"https:\/\/bautenschutz-keul.de\/angebote\/kellertrockenlegung-bispingen\/\">Kellertrockenlegung Bispingen<\/a>, <a href=\"https:\/\/bautenschutz-keul.de\/angebote\/schimmel-tostedt-sittensen\/\">Schimmel Tostedt Sittensen<\/a>, <a href=\"https:\/\/bautenschutz-keul.de\/angebote\/feuchtigkeitsschaden-uelzen\/\">Feuchtigkeitsschaden Uelzen<\/a>, <a href=\"https:\/\/bautenschutz-keul.de\/angebote\/schimmelsanierung-maschen\/\">Schimmelsanierung Maschen<\/a>, <a href=\"https:\/\/bautenschutz-keul.de\/angebote\/feuchter-keller-harburg\/\">Feuchter Keller Harburg<\/a>, <a href=\"https:\/\/bautenschutz-keul.de\/angebote\/kellertrockenlegung-brietlingen\/\">Kellertrockenlegung Brietlingen<\/a>, <a href=\"https:\/\/bautenschutz-keul.de\/angebote\/schimmelsanierung-uelzen\/\">Schimmelsanierung Uelzen<\/a>, <a href=\"https:\/\/bautenschutz-keul.de\/angebote\/feuchte-mauer-reppenstedt\/\">Feuchte Mauer Reppenstedt<\/a>, <a href=\"https:\/\/bautenschutz-keul.de\/angebote\/kellersanierung-boizenburg\/\">Kellersanierung Boizenburg<\/a>"},"_links":{"self":[{"href":"https:\/\/bautenschutz-keul.de\/angebote\/wp-json\/wp\/v2\/pages\/668","targetHints":{"allow":["GET"]}}],"collection":[{"href":"https:\/\/bautenschutz-keul.de\/angebote\/wp-json\/wp\/v2\/pages"}],"about":[{"href":"https:\/\/bautenschutz-keul.de\/angebote\/wp-json\/wp\/v2\/types\/page"}],"author":[{"embeddable":true,"href":"https:\/\/bautenschutz-keul.de\/angebote\/wp-json\/wp\/v2\/users\/1"}],"replies":[{"embeddable":true,"href":"https:\/\/bautenschutz-keul.de\/angebote\/wp-json\/wp\/v2\/comments?post=668"}],"version-history":[{"count":0,"href":"https:\/\/bautenschutz-keul.de\/angebote\/wp-json\/wp\/v2\/pages\/668\/revisions"}],"wp:attachment":[{"href":"https:\/\/bautenschutz-keul.de\/angebote\/wp-json\/wp\/v2\/media?parent=668"}],"curies":[{"name":"wp","href":"https:\/\/api.w.org\/{rel}","templated":true}]}}