{"id":669,"date":"2021-09-13T08:44:40","date_gmt":"2021-09-13T06:44:40","guid":{"rendered":"https:\/\/bautenschutz-keul.de\/angebote\/zerstoerter-putz-buechen\/"},"modified":"2021-09-13T08:44:40","modified_gmt":"2021-09-13T06:44:40","slug":"zerstoerter-putz-buechen","status":"publish","type":"page","link":"https:\/\/bautenschutz-keul.de\/angebote\/zerstoerter-putz-buechen\/","title":{"rendered":"zerst\u00f6rter Putz &#8211; B\u00fcchen"},"content":{"rendered":"<h3>Zerst\u00f6rter Putz: Unsere Sanierungsprofis beheben das Problem!<\/h3>\n<p>Wer seinen Keller sanieren will, der ist gut beraten, nur hochwertige Baumaterialien zu nutzen. Ein geeigneter Putz z\u00e4hlt auf jeden Fall dazu. Bei zerst\u00f6rtem Putz sollten Sie darauf achten, dass nur beste Produkte bei der Reparatur verarbeitet werden. Eine korrekt ausgef\u00fchrte Sanierung ist eine Ma\u00dfnahme, die sich lohnt. Voraussetzung ist allerdings, dass die ISanierung auf Dauer angelegt ist. Es n\u00fctzt nichts, nur eine vorr\u00fcbergehende Ma\u00dfnahme in die Wege zu leiten. Bei einer Sanierung kommt es haupts\u00e4chlich darauf an, den Bauschaden bleibend zu beseitigen. Hier hei\u00dft es, nicht an der falschen Stelle zu sparen. Hochwertige Baustoffe sind f\u00fcr den langfristigen Erfolg uneingeschr\u00e4nkt wichtig. Dies gilt insbesondere bei zerst\u00f6rtem Putz.<\/p>\n<h3>Zerst\u00f6rter Putz: Wir nehmen uns dem Problem an!<\/h3>\n<p>Speziell ein durchfeuchteter Keller kann die Bausubstanz einer Immobilie dauerhaft beeintr\u00e4chtigen. Zerst\u00f6rter Putz f\u00e4llt dabei besonders deutlich ins Auge. Von Drau\u00dfen eindringende Feuchtigkeit ist ein h\u00e4ufig auftretendes Problem. Putz ist nat\u00fcrlich sehr anf\u00e4llig und weist nach einer gewissen Zeit deutlich sichtbare Sch\u00e4den auf. Die Verarbeitung eines hochwertigen Sanierputzes ist f\u00fcr eine langfristig erfolgreiche Arbeit absolut unabdingbar.<\/p>\n","protected":false},"excerpt":{"rendered":"<p>Zerst\u00f6rter Putz: Unsere Sanierungsprofis beheben das Problem! Wer seinen Keller sanieren will, der ist gut beraten, nur hochwertige Baumaterialien zu nutzen. Ein geeigneter Putz z\u00e4hlt auf jeden Fall dazu. Bei zerst\u00f6rtem Putz sollten Sie darauf achten, dass nur beste Produkte bei der Reparatur verarbeitet werden. Eine korrekt ausgef\u00fchrte Sanierung ist eine Ma\u00dfnahme, die sich lohnt. [&hellip;]<\/p>\n","protected":false},"author":1,"featured_media":0,"parent":0,"menu_order":0,"comment_status":"closed","ping_status":"closed","template":"","meta":{"footnotes":""},"class_list":["post-669","page","type-page","status-publish","hentry"],"meta_box":{"popseo_subtitel":"zerst\u00f6rter Putz: Wir sind Ihr Fachunternehmen f\u00fcr Abdichtung und Sanierung in B\u00fcchen","popseo_subtitel2":"Zerst\u00f6rter Putz - Sanierung durch die Experten unserer Firma","popseo_lasttitel":"zerst\u00f6rter Putz: Gerne beantworten wir Ihre Fragen!","popseo_region":"B\u00fcchen","popseo_sachwort":"zerst\u00f6rter Putz","popseo_noupdate":"","popseo_einleitungstext":"<p>Die Firma TK-Geb\u00e4udetechnik Thorsten Keul ist Ihr qualifizierter und erfahrener Fachbetrieb f\u00fcr Kellertrockenlegung, Schimmelbeseitigung und Bauwerksabdichtung. Mit unserem Firmensitz in Brietlingen bei L\u00fcneburg decken wir ein fl\u00e4chenm\u00e4\u00dfig gro\u00dfes Gebiet ab. Zu unseren T\u00e4tigkeitsschwerpunkten z\u00e4hlen unter anderem das Setzen von Horizontalsperren, die Kellerabdichtung, Methoden gegen aufsteigende Feuchtigkeit sowie ganz grunds\u00e4tzlich Arbeiten rund um die Themen Abdichtung und Sanierung. Kompetent und sachgerecht f\u00fchren wir f\u00fcr Sie s\u00e4mtliche Arbeiten aus - so wie Sie es von einem spezialisierten Fachbetrieb erwarten k\u00f6nnen. Nachfolgend m\u00f6chten wir Ihnen unser T\u00e4tigkeitsspektrum im Einzelnen vorstellen.<\/p>","popseo_schlusstext":"<p>Sehr gerne informieren wir Sie n\u00e4her \u00fcber unser Themengebiet. Wir nennen Ihnen mit Vergn\u00fcgen auch ein paar Projekte, die Ihnen einen Einblick in unsere T\u00e4tigkeit geben.<br \/>\nWir sind f\u00fcr Sie da. Rufen Sie uns doch rasch einmal an oder schicken Sie uns eine kurze E-Mail. Wir freuen uns auf Sie.<\/p>","popseo_stadttext":"<h3>Wir sind Ihr Partner auch in B\u00fcchen<\/h3>\n<p>Durch unsere Gesch\u00e4ftst\u00e4tigkeit haben wir uns einen ausgezeichneten \u00dcberblick \u00fcber die Architektur der St\u00e4dte und Gemeinden unseres Einzugsbereiches erarbeiten k\u00f6nnen. Selbstverst\u00e4ndlich geh\u00f6rt auch B\u00fcchen zu unserem unmittelbaren Vertriebsgebiet. Wir freuen uns darauf, mit Ihnen in Kontakt zu treten. <\/p>\n<h3>Ein paar Hintergrundinformationen zu B\u00fcchen<\/h3>\n<p>B\u00fcchen liegt an der M\u00fcndung des Elbe-L\u00fcbeck-Kanals im Landkreis Herzogtum-Lauenburg im s\u00fcdlichen Schleswig-Holstein. Insgesamt 5.700 B\u00fcrger leben in B\u00fcchen auf einer Fl\u00e4che von 16 qkm. Die Entfernung zwischen B\u00fcchen und der Freien und Hansestadt Hamburg bel\u00e4uft sich auf etwa 40 Kilometer. Zahllose Pendler haben ihren Wohnsitz in der Gemeinde B\u00fcchen. Wer seine Arbeitsstelle in Hamburg hat, das private Umfeld allerdings lieber etwas \u00fcbersichtlicher hat, wei\u00df die Vorteile der Stadt B\u00fcchen zu sch\u00e4tzen.<\/p>\n<p>B\u00fcchen ist Haltestelle auf den Bahnlinien L\u00fcbeck-L\u00fcneburg und Hamburg-Berlin. Wer die Zeit der beiden deutschen Staaten miterlebt hat, erinnert sich vermutlich noch an die massiven Passkontrollen im Bahnhof von B\u00fcchen. Bis 1990 lag B\u00fcchen im direkten Grenzgebiet zwischen der ehemaligen Bundesrepublik und der fr\u00fcheren DDR. Wer mit dem PKW f\u00e4hrt, erreicht die Gemeinde B\u00fcchen am besten \u00fcber die Bundesautobahn A24. Die Anschlussstelle B\u00fcchen findet sich cirka acht Kilometer von der Ortsmitte entfernt.<\/p>\n<h3>B\u00fcchen - St\u00e4dtchen mit Herz<\/h3>\n<p>Die heutige Stadt B\u00fcchen ist eine Verbindung verschiedener kleinerer Orte. Dem namensgebenden B\u00fcchen selbst gemeindete man in den 30er Jahren des letzten Jahrhunderst die Ortschaften P\u00f6trau und N\u00fcssau ein. Das Amt B\u00fcchen z\u00e4hlt zusammen 15 Gemeinden. Durch die r\u00e4umliche N\u00e4he zur Hansestadt Hamburg hat sich in B\u00fcchen ein erstaunlich ansehnliches Wirtschaftsleben etabliert. Der Standort ist prima gelegen und bietet Firmen hervorragende Konditionen. <\/p>\n<p>Sehr gesch\u00e4tzt wird B\u00fcchen von Naturfreunden wegen seines hohen Erholungswertes. In B\u00fcchen startet man sehr gerne zu langen Exkursionen durch den Naturpark Lauenburgische Seen. Speziell f\u00fcr Familien ist B\u00fcchen vorteilhaft. Die angenehme Lage und eine ausgezeichnete Infrastruktur zeichnen die Stadt aus. S\u00e4mtliche Schulformen sind vorhanden und auch das \u00f6rtliche Jugendzentrum genie\u00dft regen Zuspruch. <\/p>\n<h4>Privat- und Gesch\u00e4ftskunden aus B\u00fcchen sch\u00e4tzen unsere Leistungen!<\/h4>\n<p>Wir finden es super, dass Sie unsere Website gefunden haben. Wir garantieren Ihnen ein sehr gutes Preis-Leistungsverh\u00e4ltnis. Sie m\u00f6chten mehr \u00fcber uns wissen? F\u00fcr R\u00fcckfragen stehen wir Ihnen jederzeit zur Verf\u00fcgung. Unser freundliches Team freut sich auf Sie.<\/p>","popseo_zusatztext":"<h3>Sanieren: Wir bieten eine erstklassige Handwerksarbeit<\/h3>\n<p>Sie beabsichtigen eine Wand, einen Keller oder gar ein komplettes Haus zu sanieren? Prima, denn dann sind Sie bei uns exakt an der passenden Adresse. Wir sind Ihr erfahrener Partner f\u00fcr alle Fragestellungen rund um das Sanieren von H\u00e4usern.  Ob feuchte Keller, feuchte Mauern oder die Sanierung gr\u00f6\u00dferer Feuchtigkeitssch\u00e4den: Als spezialisierter Fachbetrieb z\u00e4hlt das Sanieren zu unseren t\u00e4glichen T\u00e4tigkeitsschwerpunkten. Wir gehen dem Schadensfall gewissenhaft auf den Grund. Vor der konkreten Sanierung muss selbstverst\u00e4ndlich die Suche nach dem Grund stehen. Erst wenn man den richtigen Grund f\u00fcr einen aufgetretenen Schadensfall kennt, kann man selbstverst\u00e4ndlich erst mit dem Sanieren starten. Auch erkennt man erst nach einer genauen Begutachtung das Ausma\u00df, den das Sanieren eines Bauk\u00f6rpers in Anspruch nehmen wird.<\/p>\n<p>Verabreden Sie doch kurzerhand einmal einen unverbindlichen Gespr\u00e4chstermin mit einem unserer sehr gut ausgebildeten Mitarbeiter. Telefonanruf oder eMail gen\u00fcgen! Bei einer Begehung direkt am Objekt nehmen wir die Besch\u00e4digung auf und unterbreiten Ratschl\u00e4ge f\u00fcr das zweckm\u00e4\ufb02ige Sanieren. So viel wie notwendig, so wenig wie m\u00f6glich: Auch wirtschaftliche Betrachtungen flie\u00dfen in unsere Entscheidungsfindung f\u00fcr das Sanieren Ihres Geb\u00e4udes mit ein. <\/p>\n<h4>Sanieren: Schnelle Hilfe durch den Fachbetrieb!<\/h4>\n<p>Selbstverst\u00e4ndlich f\u00fchren unsere routinierten Fachkr\u00e4fte alle notwendigen T\u00e4tigkeiten, die zum Sanieren geh\u00f6ren z\u00fcgig und verl\u00e4\u00dflich aus. Unser Betrieb ist seit einigen Jahren f\u00fcr eine hohe Qualit\u00e4t beim Sanieren bekannt. Der Instandsetzung von Wohn- und Gesch\u00e4ftsgeb\u00e4uden haben wir uns verschrieben. Setzen Sie auf Routine und \u00fcberlassen Sie das Sanieren Ihres Hauses unserer Firma. Wir freuen uns darauf, auch Ihnen helfen zu k\u00f6nnen.<\/p>","popseo_links":"<a href=\"https:\/\/bautenschutz-keul.de\/angebote\/mauertrockenlegung-salzhausen\/\">Mauertrockenlegung Salzhausen<\/a>, <a href=\"https:\/\/bautenschutz-keul.de\/angebote\/schimmelsanierung-maschen\/\">Schimmelsanierung Maschen<\/a>, <a href=\"https:\/\/bautenschutz-keul.de\/angebote\/kellertrockenlegung-uelzen\/\">Kellertrockenlegung Uelzen<\/a>, <a href=\"https:\/\/bautenschutz-keul.de\/angebote\/feuchtigkeitsschaden-bergedorf-wentorf\/\">Feuchtigkeitsschaden Bergedorf Wentorf<\/a>, <a href=\"https:\/\/bautenschutz-keul.de\/angebote\/horizontalsperre-buechen\/\">Horizontalsperre B\u00fcchen<\/a>, <a href=\"https:\/\/bautenschutz-keul.de\/angebote\/feuchtigkeit-tostedt-sittensen\/\">Feuchtigkeit Tostedt Sittensen<\/a>, <a href=\"https:\/\/bautenschutz-keul.de\/angebote\/horizontalsperre-jesteburg\/\">Horizontalsperre Jesteburg<\/a>, <a href=\"https:\/\/bautenschutz-keul.de\/angebote\/feuchte-wand-geesthacht\/\">Feuchte Wand Geesthacht<\/a>, <a href=\"https:\/\/bautenschutz-keul.de\/angebote\/mauertrockenlegung-ebstorf\/\">Mauertrockenlegung Ebstorf<\/a>, <a href=\"https:\/\/bautenschutz-keul.de\/angebote\/schimmelsanierung-bispingen\/\">Schimmelsanierung Bispingen<\/a>, <a href=\"https:\/\/bautenschutz-keul.de\/angebote\/feuchtigkeitsschaden-jesteburg\/\">Feuchtigkeitsschaden Jesteburg<\/a>, <a href=\"https:\/\/bautenschutz-keul.de\/angebote\/aussenabdichtung-schwarzenbek\/\">Au\u00dfenabdichtung Schwarzenbek<\/a>, <a href=\"https:\/\/bautenschutz-keul.de\/angebote\/feuchtigkeit-uelzen\/\">Feuchtigkeit Uelzen<\/a>, <a href=\"https:\/\/bautenschutz-keul.de\/angebote\/bauwerksabdichtung-geesthacht\/\">Bauwerksabdichtung Geesthacht<\/a>, <a href=\"https:\/\/bautenschutz-keul.de\/angebote\/feuchte-mauer-uelzen\/\">Feuchte Mauer Uelzen<\/a>, <a href=\"https:\/\/bautenschutz-keul.de\/angebote\/aussenabdichtung-herzogtum-lauenburg\/\">Au\u00dfenabdichtung Herzogtum Lauenburg<\/a>, <a href=\"https:\/\/bautenschutz-keul.de\/angebote\/bauwerksabdichtung-maschen\/\">Bauwerksabdichtung Maschen<\/a>, <a href=\"https:\/\/bautenschutz-keul.de\/angebote\/rissverpressung-uelzen\/\">Rissverpressung Uelzen<\/a>, <a href=\"https:\/\/bautenschutz-keul.de\/angebote\/salpeter-im-keller-ebstorf\/\">Salpeter im Keller Ebstorf<\/a>, <a href=\"https:\/\/bautenschutz-keul.de\/angebote\/salpeter-im-keller-winsen-luhe\/\">Salpeter im Keller Winsen Luhe<\/a>, <a href=\"https:\/\/bautenschutz-keul.de\/angebote\/feuchtigkeit-herzogtum-lauenburg\/\">Feuchtigkeit Herzogtum Lauenburg<\/a>, <a href=\"https:\/\/bautenschutz-keul.de\/angebote\/feuchtigkeit-bardowick\/\">Feuchtigkeit Bardowick<\/a>, <a href=\"https:\/\/bautenschutz-keul.de\/angebote\/schimmel-adendorf\/\">Schimmel Adendorf<\/a>, <a href=\"https:\/\/bautenschutz-keul.de\/angebote\/innenabdichtung-hanstedt\/\">Innenabdichtung Hanstedt<\/a>, <a href=\"https:\/\/bautenschutz-keul.de\/angebote\/bauwerksabdichtung-lueneburg\/\">Bauwerksabdichtung L\u00fcneburg<\/a>, <a href=\"https:\/\/bautenschutz-keul.de\/angebote\/feuchte-mauer-bergedorf-wentorf\/\">Feuchte Mauer Bergedorf Wentorf<\/a>, <a href=\"https:\/\/bautenschutz-keul.de\/angebote\/horizontalsperre-amelinghausen\/\">Horizontalsperre Amelinghausen<\/a>, <a href=\"https:\/\/bautenschutz-keul.de\/angebote\/aufsteigende-feuchtigkeit-glinde-sachsenwald\/\">aufsteigende Feuchtigkeit Glinde Sachsenwald<\/a>, <a href=\"https:\/\/bautenschutz-keul.de\/angebote\/kellerabdichtung-hanstedt\/\">Kellerabdichtung Hanstedt<\/a>, <a href=\"https:\/\/bautenschutz-keul.de\/angebote\/feuchte-mauer-boizenburg\/\">Feuchte Mauer Boizenburg<\/a>"},"_links":{"self":[{"href":"https:\/\/bautenschutz-keul.de\/angebote\/wp-json\/wp\/v2\/pages\/669","targetHints":{"allow":["GET"]}}],"collection":[{"href":"https:\/\/bautenschutz-keul.de\/angebote\/wp-json\/wp\/v2\/pages"}],"about":[{"href":"https:\/\/bautenschutz-keul.de\/angebote\/wp-json\/wp\/v2\/types\/page"}],"author":[{"embeddable":true,"href":"https:\/\/bautenschutz-keul.de\/angebote\/wp-json\/wp\/v2\/users\/1"}],"replies":[{"embeddable":true,"href":"https:\/\/bautenschutz-keul.de\/angebote\/wp-json\/wp\/v2\/comments?post=669"}],"version-history":[{"count":0,"href":"https:\/\/bautenschutz-keul.de\/angebote\/wp-json\/wp\/v2\/pages\/669\/revisions"}],"wp:attachment":[{"href":"https:\/\/bautenschutz-keul.de\/angebote\/wp-json\/wp\/v2\/media?parent=669"}],"curies":[{"name":"wp","href":"https:\/\/api.w.org\/{rel}","templated":true}]}}