{"id":671,"date":"2021-09-13T08:44:40","date_gmt":"2021-09-13T06:44:40","guid":{"rendered":"https:\/\/bautenschutz-keul.de\/angebote\/zerstoerter-putz-geesthacht\/"},"modified":"2021-09-13T08:44:40","modified_gmt":"2021-09-13T06:44:40","slug":"zerstoerter-putz-geesthacht","status":"publish","type":"page","link":"https:\/\/bautenschutz-keul.de\/angebote\/zerstoerter-putz-geesthacht\/","title":{"rendered":"zerst\u00f6rter Putz &#8211; Geesthacht"},"content":{"rendered":"<h3>Sie ben\u00f6tigen Hilfe bei zerst\u00f6rtem Putz? Dann rufen Sie uns bitte an!<\/h3>\n<p>Wer seinen Keller sanieren will, dem sei anzuraten, nur qualitativ hochwertige Materialien zu nutzen. Der richtige Putz z\u00e4hlt auf alle F\u00e4lle dazu. Bei zerst\u00f6rtem Putz sollten Sie Wert darauf legen, dass nur beste Produkte bei der Instandsetzung verarbeitet werden. Eine richtig ausgef\u00fchrte Sanierung ist eine Investition, die sich lohnt. Voraussetzung daf\u00fcr ist jedoch, dass die ISanierung auf lange Sicht angelegt ist. Es bringt nichts, nur eine vorr\u00fcbergehende Ma\u00dfnahme zu beginnen. Bei einer Sanierung kommt es vorrangig darauf an, den Baumangel langfristig zu beseitigen. Hier hei\u00dft es, nicht an der falschen Stelle Einsparungen vorzunehmen. Qualitativ gute Baustoffe sind f\u00fcr eine langfristig erfolgreiche Arbeit absolut unabdingbar. Dies gilt insbesondere bei zerst\u00f6rtem Putz.<\/p>\n<h3>Jahrelange Erfahrung beim Austausch von zerst\u00f6rtem Putz<\/h3>\n<p>Besonders ein feuchter Keller kann die Substanz einer Immobilie langfristig beeintr\u00e4chtigen. Zerst\u00f6rter Putz f\u00e4llt hierbei besonders schnell ins Auge. Von Au\u00dfen einsickernde Feuchtigkeit ist ein nicht eben selten zu beobachtendes Problem. Putz ist nat\u00fcrlich \u00e4u\u00dferst empfindlich und weist mit den Jahren deutlich sichtbare Sch\u00e4den auf. Die Verarbeitung eines qualitativ guten Sanierputzes ist f\u00fcr eine langfristig erfolgreiche Arbeit uneingeschr\u00e4nkt wichtig.<\/p>\n","protected":false},"excerpt":{"rendered":"<p>Sie ben\u00f6tigen Hilfe bei zerst\u00f6rtem Putz? Dann rufen Sie uns bitte an! Wer seinen Keller sanieren will, dem sei anzuraten, nur qualitativ hochwertige Materialien zu nutzen. Der richtige Putz z\u00e4hlt auf alle F\u00e4lle dazu. Bei zerst\u00f6rtem Putz sollten Sie Wert darauf legen, dass nur beste Produkte bei der Instandsetzung verarbeitet werden. Eine richtig ausgef\u00fchrte Sanierung [&hellip;]<\/p>\n","protected":false},"author":1,"featured_media":0,"parent":0,"menu_order":0,"comment_status":"closed","ping_status":"closed","template":"","meta":{"footnotes":""},"class_list":["post-671","page","type-page","status-publish","hentry"],"meta_box":{"popseo_subtitel":"zerst\u00f6rter Putz: Die Firma TK-Geb\u00e4udetechnik Thorsten Keul ist Ihr Fachbetrieb f\u00fcr Abdichtung und Sanierung im Raum Geesthacht","popseo_subtitel2":"Zerst\u00f6rter Putz - Sanierung durch die Spezialisten unserer Firma","popseo_lasttitel":"zerst\u00f6rter Putz: Gerne beantworten wir Ihre Fragen!","popseo_region":"Geesthacht","popseo_sachwort":"zerst\u00f6rter Putz","popseo_noupdate":"","popseo_einleitungstext":"<p>Mauern, Kellerr\u00e4ume oder W\u00e4nde Ihrer Immobilie weisen Durchfeuchtungen und damit einen nicht zu \u00fcbersehenden Sanierungsbedarf auf. Dann ist es h\u00f6chste Eisenbahn, sich \u00fcber eine sachgerechte Trocknung Gedanken zu machen. Unser Fachbetrieb ist auf die Bauwerksabdichtung spezialisiert. Zu den Hauptaufgaben unserer Firma z\u00e4hlen zum Beispiel die Bereiche Schimmelbeseitigung, Kellerabdichtung und Mauertrockenlegung. Der nachhaltigen Sanierung gilt unsere Aufmersamkeit. Wir beraten fachsicher, wie Sie Ihr Geb\u00e4ude preisg\u00fcnstig und umweltgerecht sanieren k\u00f6nnen. Ein paar erste Informationen dazu lesen Sie nachfolgend.<\/p>","popseo_schlusstext":"<p>Sie ben\u00f6tigen einen Fachpartner f\u00fcr die fachgerecht ausgef\u00fchrte Bauwerksabdichtung. Dann kontaktieren Sie uns bitte schnell. Wir freuen uns auf das Gespr\u00e4ch mit Ihnen. Wenn es um Sanierung geht, sind wir Ihr kompetenter Handwerkspartner. Wir garantieren eine fachm\u00e4nnisch durchgef\u00fchrte Arbeit nach dem stets neuesten Stand der Technik.<\/p>","popseo_stadttext":"<h3>Wohn- und Gewerbestandorte Geesthacht<\/h3>\n<p>Wir arbeiten f\u00fcr Kunden aus Geesthacht. Durch unsere Vertriebst\u00e4tigkeit haben wir uns einen sehr guten \u00dcberblick \u00fcber die Architektur der Gemeinden und St\u00e4dte unseres Einzugsbereiches erarbeiten k\u00f6nnen. Selbstverst\u00e4ndlich z\u00e4hlt auch Ihre Region zu unserem unmittelbaren Wirkungskreis. Wir freuen uns darauf, mit Ihnen ins Gespr\u00e4ch zu treten. <\/p>\n<h3>Einige interessante Informationen \u00fcber Geesthacht<\/h3>\n<p>Im S\u00fcdosten von Hamburg, direkt am Ufer der Elbe befindet sich Geesthacht, die gr\u00f6\u00dfte Stadt des Kreises Herzogtum Lauenburg in Schleswig-Holstein. Geesthacht liegt innerhalb der Metropolregion Hamburg. Zum Stadtzentrum von Hamburg sind es knapp 30 km, bis zum n\u00e4chstgelegenen Stadtteil Hamburg-Bergedorf in etwa 12 km.<br \/>\nInnovationen und Fortschritt pr\u00e4gen den Ort Geesthacht. Bezeichnend hierf\u00fcr sind das Kernkraftwerk Kr\u00fcmmel, das Pumpspeicherwerk und der Forschungsreaktor Geesthacht. Das macht Geesthacht zu dem gr\u00f6\u00dften Nuklear- und Energiestandort in Norddeutschland. Kein Wunder, dass Geesthacht mit circa 50 Mio EUR R\u00fccklagen den 1. Rang unter den verm\u00f6gendsten St\u00e4dten Schleswig-Holsteins belegt. Entscheidend hief\u00fcr sind allerdings die Zahlungen des KKW.<\/p>\n<p>Die Stadt Geesthacht erreicht man mit dem Auto von S\u00fcden \u00fcber die Bundesstra\u00dfe 404. \u00dcber diese hat man auch Verbindung zur A25, \u00fcber die man direkt nach Hamburg kommt. Parallel zur Bundesautobahn verl\u00e4uft die Bundesstra\u00dfe B5, die von Bergedorf \u00fcber die City von Geesthacht f\u00fchrt und in Lauenburg endet.<br \/>\nAuch mit Bussen und Bahn kann man, dank der Anbindung an den Hamburger Verkehrsverbund, Geesthacht einfach erreichen. Aufgrund der unmittelbaren Lage zum Stadtgebiet von Hamburg bringt Sie der Bus bequem, innerhalb von 20 Minuten nach Hamburg.<\/p>\n<h4>Wir f\u00fcr Sie in Geesthacht!<\/h4>\n<p>Klasse, das Sie unsere Internetseite entdeckt haben. Wenn Sie ein Fachunternehmen ben\u00f6tigen, sind Sie bei uns genau richtig. Sie m\u00f6chten mehr \u00fcber uns erfahren? F\u00fcr R\u00fcckfragen stehen wir Ihnen jederzeit zur Verf\u00fcgung. Auf Ihre Anfragen freuen wir uns.<\/p>","popseo_zusatztext":"<h3>Sanieren: Auf die Wirksamkeit k\u00f6nnen Sie sich verlassen<\/h3>\n<p>Sie beabsichtigen eine Wand, einen Keller oder gar ein komplettes Bauwerk zu sanieren? Klasse, denn dann sind Sie bei uns genau an der korrekten Stelle. Wir sind Ihr erfahrener Partner f\u00fcr alle Fragen rund um das Sanieren von H\u00e4usern.  Ob durchn\u00e4sste Keller, nasse W\u00e4nde oder die Sanierung gr\u00f6\u00dferer N\u00e4ssesch\u00e4den: Als spezialisierte Fachfirma geh\u00f6rt das Sanieren zu den t\u00e4glichen Aufgaben. Wir gehen der Schadensursache ganz genau auf den Grund. Vor der konkreten Sanierung muss selbstverst\u00e4ndlich die Ursachenfindung stehen. Nur wenn man den wirklichen Grund f\u00fcr einen eingetretenen Schadensfall kennt, kann man nat\u00fcrlich erst mit dem Sanieren anfangen. Auch sieht man erst nach einer detaillierten Begutachtung das Ausma\u00df, den das Sanieren eines Bauk\u00f6rpers beanspruchen wird.<\/p>\n<p>Verabreden Sie doch kurzerhand einmal einen unverbindlichen Gespr\u00e4chstermin mit einem unserer sehr gut geschulten Fachkr\u00e4fte. Telefonanruf oder auch Email gen\u00fcgen! Im Rahmen einer Begutachtung direkt vor Ort nehmen wir die Besch\u00e4digung auf und machen Vorschl\u00e4ge f\u00fcr das zweckgerichtete Sanieren. So viel wie n\u00f6tig, so wenig wie m\u00f6glich: Auch monet\u00e4re Betrachtungen flie\u00dfen in unsere Entscheidungsfindung f\u00fcr das Sanieren Ihres Geb\u00e4udes mit ein. <\/p>\n<h4>Sanieren: Wir helfen verl\u00e4sslich und kompetent!<\/h4>\n<p>Nat\u00fcrlich f\u00fchren unsere geschulten Spezialisten alle erforderlichen T\u00e4tigkeiten, die zum Sanieren geh\u00f6ren in kurzer Zeit und zuverl\u00e4ssig aus. Unser Betrieb ist seit vielen Jahren f\u00fcr eine hohe Qualit\u00e4t beim Sanieren bekannt. Der Reparatur von Wohn- und Gesch\u00e4ftsgeb\u00e4uden haben wir uns verschrieben. Setzen Sie auf Routine und \u00fcbertragen Sie das Sanieren Ihres Geb\u00e4udes unserer Firma. Wir freuen uns darauf, auch Ihnen helfen zu d\u00fcrfen.<\/p>","popseo_links":"<a href=\"https:\/\/bautenschutz-keul.de\/angebote\/feuchtigkeit-reinbek-aumuehle\/\">Feuchtigkeit Reinbek Aum\u00fchle<\/a>, <a href=\"https:\/\/bautenschutz-keul.de\/angebote\/aufsteigende-feuchtigkeit-tostedt-sittensen\/\">aufsteigende Feuchtigkeit Tostedt Sittensen<\/a>, <a href=\"https:\/\/bautenschutz-keul.de\/angebote\/feuchtigkeit-bienenbuettel\/\">Feuchtigkeit Bienenb\u00fcttel<\/a>, <a href=\"https:\/\/bautenschutz-keul.de\/angebote\/aussenabdichtung-geesthacht\/\">Au\u00dfenabdichtung Geesthacht<\/a>, <a href=\"https:\/\/bautenschutz-keul.de\/angebote\/feuchtigkeit-bardowick\/\">Feuchtigkeit Bardowick<\/a>, <a href=\"https:\/\/bautenschutz-keul.de\/angebote\/rissverpressung-buchholz-in-der-nordheide\/\">Rissverpressung Buchholz in der Nordheide<\/a>, <a href=\"https:\/\/bautenschutz-keul.de\/angebote\/kellerabdichtung-stelle\/\">Kellerabdichtung Stelle<\/a>, <a href=\"https:\/\/bautenschutz-keul.de\/angebote\/horizontalsperre-uelzen\/\">Horizontalsperre Uelzen<\/a>, <a href=\"https:\/\/bautenschutz-keul.de\/angebote\/bauwerksabdichtung-jesteburg\/\">Bauwerksabdichtung Jesteburg<\/a>, <a href=\"https:\/\/bautenschutz-keul.de\/angebote\/innenabdichtung-maschen\/\">Innenabdichtung Maschen<\/a>, <a href=\"https:\/\/bautenschutz-keul.de\/angebote\/feuchtigkeit-herzogtum-lauenburg\/\">Feuchtigkeit Herzogtum Lauenburg<\/a>, <a href=\"https:\/\/bautenschutz-keul.de\/angebote\/schimmel-maschen\/\">Schimmel Maschen<\/a>, <a href=\"https:\/\/bautenschutz-keul.de\/angebote\/kellertrockenlegung-bad-bevensen\/\">Kellertrockenlegung Bad Bevensen<\/a>, <a href=\"https:\/\/bautenschutz-keul.de\/angebote\/aufsteigende-feuchtigkeit-salzhausen\/\">aufsteigende Feuchtigkeit Salzhausen<\/a>, <a href=\"https:\/\/bautenschutz-keul.de\/angebote\/aussenabdichtung-amelinghausen\/\">Au\u00dfenabdichtung Amelinghausen<\/a>, <a href=\"https:\/\/bautenschutz-keul.de\/angebote\/zerstoerter-putz-lueneburg\/\">zerst\u00f6rter Putz L\u00fcneburg<\/a>, <a href=\"https:\/\/bautenschutz-keul.de\/angebote\/zerstoerter-putz-amt-neuhaus\/\">zerst\u00f6rter Putz Amt Neuhaus<\/a>, <a href=\"https:\/\/bautenschutz-keul.de\/angebote\/mauertrockenlegung-stelle\/\">Mauertrockenlegung Stelle<\/a>, <a href=\"https:\/\/bautenschutz-keul.de\/angebote\/mauertrockenlegung-herzogtum-lauenburg\/\">Mauertrockenlegung Herzogtum Lauenburg<\/a>, <a href=\"https:\/\/bautenschutz-keul.de\/angebote\/schimmelbeseitigung-amelinghausen\/\">Schimmelbeseitigung Amelinghausen<\/a>, <a href=\"https:\/\/bautenschutz-keul.de\/angebote\/rissverpressung-uelzen\/\">Rissverpressung Uelzen<\/a>, <a href=\"https:\/\/bautenschutz-keul.de\/angebote\/innenabdichtung-uelzen\/\">Innenabdichtung Uelzen<\/a>, <a href=\"https:\/\/bautenschutz-keul.de\/angebote\/schimmelsanierung-amt-neuhaus\/\">Schimmelsanierung Amt Neuhaus<\/a>, <a href=\"https:\/\/bautenschutz-keul.de\/angebote\/rissverpressung-reppenstedt\/\">Rissverpressung Reppenstedt<\/a>, <a href=\"https:\/\/bautenschutz-keul.de\/angebote\/aufsteigende-feuchtigkeit-uelzen\/\">aufsteigende Feuchtigkeit Uelzen<\/a>, <a href=\"https:\/\/bautenschutz-keul.de\/angebote\/feuchte-mauer-glinde-sachsenwald\/\">Feuchte Mauer Glinde Sachsenwald<\/a>, <a href=\"https:\/\/bautenschutz-keul.de\/angebote\/salpeter-im-keller-salzhausen\/\">Salpeter im Keller Salzhausen<\/a>, <a href=\"https:\/\/bautenschutz-keul.de\/angebote\/bauwerksabdichtung-brietlingen\/\">Bauwerksabdichtung Brietlingen<\/a>, <a href=\"https:\/\/bautenschutz-keul.de\/angebote\/aussenabdichtung-schwarzenbek\/\">Au\u00dfenabdichtung Schwarzenbek<\/a>, <a href=\"https:\/\/bautenschutz-keul.de\/angebote\/horizontalsperre-brietlingen\/\">Horizontalsperre Brietlingen<\/a>"},"_links":{"self":[{"href":"https:\/\/bautenschutz-keul.de\/angebote\/wp-json\/wp\/v2\/pages\/671","targetHints":{"allow":["GET"]}}],"collection":[{"href":"https:\/\/bautenschutz-keul.de\/angebote\/wp-json\/wp\/v2\/pages"}],"about":[{"href":"https:\/\/bautenschutz-keul.de\/angebote\/wp-json\/wp\/v2\/types\/page"}],"author":[{"embeddable":true,"href":"https:\/\/bautenschutz-keul.de\/angebote\/wp-json\/wp\/v2\/users\/1"}],"replies":[{"embeddable":true,"href":"https:\/\/bautenschutz-keul.de\/angebote\/wp-json\/wp\/v2\/comments?post=671"}],"version-history":[{"count":0,"href":"https:\/\/bautenschutz-keul.de\/angebote\/wp-json\/wp\/v2\/pages\/671\/revisions"}],"wp:attachment":[{"href":"https:\/\/bautenschutz-keul.de\/angebote\/wp-json\/wp\/v2\/media?parent=671"}],"curies":[{"name":"wp","href":"https:\/\/api.w.org\/{rel}","templated":true}]}}