{"id":674,"date":"2021-09-13T08:44:40","date_gmt":"2021-09-13T06:44:40","guid":{"rendered":"https:\/\/bautenschutz-keul.de\/angebote\/zerstoerter-putz-harburg\/"},"modified":"2021-09-13T08:44:40","modified_gmt":"2021-09-13T06:44:40","slug":"zerstoerter-putz-harburg","status":"publish","type":"page","link":"https:\/\/bautenschutz-keul.de\/angebote\/zerstoerter-putz-harburg\/","title":{"rendered":"zerst\u00f6rter Putz &#8211; Harburg"},"content":{"rendered":"<h3>Sie ben\u00f6tigen Hilfe bei zerst\u00f6rtem Putz? Dann rufen Sie uns bitte an!<\/h3>\n<p>Wer seinen Keller sanieren will, dem ist zu empfehlen, nur hochwertige Materialien zu nutzen. Ein geeigneter Putz geh\u00f6rt absolut dazu. Bei zerst\u00f6rtem Putz sollten Sie darauf achten, dass nur beste Erzeugnisse bei der Reparatur verarbeitet werden. Eine fachm\u00e4nnisch durchgef\u00fchrte Sanierung ist eine Ma\u00dfnahme, die sich lohnt. Voraussetzung hierf\u00fcr ist, dass die Instandsetzung auf lange Sicht angelegt ist. Es bringt nichts, nur eine kurzfristige Ma\u00dfnahme in die Wege zu leiten. Bei einer Sanierungsma\u00dfnahme kommt es insbesondere darauf an, den Bauschaden dauerhaft zu beseitigen. Das bedeutet, nicht an der falschen Stelle Einsparungen vorzunehmen. Qualitativ gute Baustoffe sind f\u00fcr eine langfristig erfolgreiche Arbeit absolut wichtig. Dies gilt insbesondere bei zerst\u00f6rtem Putz.<\/p>\n<h3>Jahrelange Erfahrung beim Austausch von zerst\u00f6rtem Putz<\/h3>\n<p>Insbesondere ein durchfeuchteter Kellerraum kann die Substanz eines Geb\u00e4udes langfristig beeintr\u00e4chtigen. Zerst\u00f6rter Putz f\u00e4llt hierbei besonders deutlich ins Auge. Von Drau\u00dfen einsickernde Feuchtigkeit ist ein h\u00e4ufiges Problem. Putz ist nat\u00fcrlich sehr empfindlich und weist nach einer gewissen Zeit deutlich erkennbare Sch\u00e4den auf. Die Verarbeitung eines qualitativ guten Sanierputzes ist f\u00fcr den dauerhaften Erfolg uneingeschr\u00e4nkt wichtig.<\/p>\n","protected":false},"excerpt":{"rendered":"<p>Sie ben\u00f6tigen Hilfe bei zerst\u00f6rtem Putz? Dann rufen Sie uns bitte an! Wer seinen Keller sanieren will, dem ist zu empfehlen, nur hochwertige Materialien zu nutzen. Ein geeigneter Putz geh\u00f6rt absolut dazu. Bei zerst\u00f6rtem Putz sollten Sie darauf achten, dass nur beste Erzeugnisse bei der Reparatur verarbeitet werden. Eine fachm\u00e4nnisch durchgef\u00fchrte Sanierung ist eine Ma\u00dfnahme, [&hellip;]<\/p>\n","protected":false},"author":1,"featured_media":0,"parent":0,"menu_order":0,"comment_status":"closed","ping_status":"closed","template":"","meta":{"footnotes":""},"class_list":["post-674","page","type-page","status-publish","hentry"],"meta_box":{"popseo_subtitel":"zerst\u00f6rter Putz: Die Firma TK-Geb\u00e4udetechnik Thorsten Keul ist Ihr Fachunternehmen f\u00fcr Abdichtung und Sanierung im Raum Harburg","popseo_subtitel2":"Zerst\u00f6rter Putz - Sanierung durch die Spezialisten unserer Firma","popseo_lasttitel":"zerst\u00f6rter Putz: Wir beantworten Ihre Fragen!","popseo_region":"Harburg","popseo_sachwort":"zerst\u00f6rter Putz","popseo_noupdate":"","popseo_einleitungstext":"<p>W\u00e4nde, Kellerr\u00e4ume oder Mauern Ihres Wohn- oder Gesch\u00e4ftsgeb\u00e4udes weisen einen Feuchtigkeitsschaden und damit einen nicht zu \u00fcbersehenden Sanierungsbedarf auf. Dann ist es an der Zeit, sich \u00fcber eine fachm\u00e4nnisch ausgef\u00fchrte Trocknung Gedanken zu machen. Unser Fachbetrieb ist auf die Bauwerksabdichtung spezialisiert. Zu den Hauptaufgaben unseres Unternehmens z\u00e4hlen zum Beispiel die Bereiche Mauertrockenlegung, Schimmelbeseitigung und Kellerabdichtung. Der nachhaltigen Sanierung haben wir uns verschrieben. Wir beraten qualifiziert, wie Sie Ihr Geb\u00e4ude preisg\u00fcnstig und umweltgerecht sanieren k\u00f6nnen. Ein paar erste Informationen dazu lesen Sie nachfolgend.<\/p>","popseo_schlusstext":"<p>Sie haben eine Frage zu unseren Leistungen? Wenn Sie m\u00f6chten, informieren wir Sie n\u00e4her \u00fcber unser gesamtes Themengebiet. Mit Vergn\u00fcgen nennen wir Ihnen einige Referenzen, die Ihnen einen Einblick in unsere T\u00e4tigkeit geben. Rufen Sie uns doch einfach einmal an oder schicken Sie uns eine E-Mail. Unser freundliches Team arbeitet fachkundig und immer kundenorientiert. Greifen Sie bitte zum Telefonh\u00f6rer: <\/p>\n<p>04133 \u2013 22 37 940<\/p>","popseo_stadttext":"<h3>Zufriedene Kunden haben wir auch in Harburg<\/h2>\n<p>Durch unsere Gesch\u00e4ftst\u00e4tigkeit haben wir uns einen ausgezeichneten \u00dcberblick \u00fcber die Architektur der St\u00e4dte und Gemeinden unseres Einzugsbereiches erarbeiten k\u00f6nnen. Selbstverst\u00e4ndlich geh\u00f6rt auch Harburg zu unserem unmittelbaren Wirkungskreis. Wir freuen uns darauf, mit Ihnen ins Gespr\u00e4ch zu kommen. <\/p>\n<h3>Einige Informationen zum Stadtteil Harburg<\/h3>\n<p>Harburg ist ein Stadtteil der Freien und Hansestadt Hamburg. Harburg war einstmals eigenst\u00e4ndig. 1927 erfolgte zun\u00e4chst die Vereinigung mit Wilhelmsburg zur damals 110.000 Anwohner z\u00e4hlenden Gro\u00dfstadt Harburg-Wilhelmsburg. Zehn Jahre sp\u00e4ter gliederte man final dieses neu gebildete Gro\u00dfstadtkonstrukt dem dem Land Hamburg zu. Harburg verlor damit seine Selbst\u00e4ndigkeit. 1951 entstand au\u00dferdem der Verwaltungsbezirk Harburg. Harburg ist an der S\u00fcderelbe gelegen. Der Stadtteil grenzt an Wilhelmsburg und Hamburg-Neuland und an die nieders\u00e4chsischen Landkreise Harburg und Stade.  <\/p>\n<h3>Reizvolles Harburg!<\/h3>\n<p>Insbesondere der Ausbau des Binnenhafens Mitte des 19. Jahrhunderts war f\u00fcr das Wachstum von Harburg bedeutend. Die kautschuk- und \u00f6lverarbeitende Industrie sorgte in Harburg f\u00fcr einen anhaltenden Aufschwung. Ab den 1960er Jahren zog sich die Hafenindustrie fast vollst\u00e4ndig aus Harburg zur\u00fcck. Zunehmend mehr Geb\u00e4ude und Industriefl\u00e4chen lagen brach. Der Strukturwandel wirkte sich erheblich auf das Leben im Stadtteil Harburg aus. <\/p>\n<p>In den letzten Dekaden hat sich Harburg auff\u00e4llig entwickelt und sich insbesondere als Wohnquartier einen Namen gemacht. Die Infrastruktur von Harburg ist ausgezeichnet: Das Zentrum hat sich zu einem Einzelhandelszentrum entwickelt. Allein drei gro\u00dfe Shoppingcenter sind in Harburg beheimatet. Der Stadtteil verf\u00fcgt des Weiteren \u00fcber zahlreiche ruhige und sch\u00f6n gelegene Wohngebiete. Ein weiterer Pluspunkt: Mit der S-Bahn ben\u00f6tigt man nur gut 15 Minuten bis zum Hamburger Hauptbahnhof. In den zur\u00fcckligenden Jahren wurden zahlreiche Neubauprojekte in Harburg gestartet. Insbesondere der hafennahe Bereich um die Schlossinsel Harburg und das Gebiet um den Veritaskai wurden stadtarchitektonisch modernisiert. Harburg ist f\u00fcr sein Bildungsangebot beliebt. Die Technische Universit\u00e4t Hamburg-Harburg, die K\u00fchne School of Logistics und das Northern Institut of Technology genie\u00dfen einen hervorragenden Ruf. <\/p>\n<h4>Hohe Qualit\u00e4t f\u00fcr Kunden aus Harburg<\/h4>\n<p>Sie interessieren sich f\u00fcr unser Leistungsprogramm und sind hier im Internet auf unsere Homepage gesto\u00dfen? Das freut uns sehr. Gerne pr\u00e4sentieren wir Ihnen unser gesamtes Leistungsspektrum und beantworten Ihre Fragen. Auf Ihre Anfragen freuen wir uns.<\/p>","popseo_zusatztext":"<h3>Erstklassiges Sanieren ist uns wichtig<\/h3>\n<p>Sie planen eine Mauer, einen Keller oder gar ein gesamtes Geb\u00e4ude zu sanieren? Super, denn da sind Sie bei uns genau an der richtigen Adresse. Wir sind Ihr kompetenter Partner f\u00fcr s\u00e4mtliche Fragestellungen rund um das Sanieren von H\u00e4usern.  Ob feuchte Keller, nasse Mauern oder die Sanierung ausgedehnter Feuchtigkeitssch\u00e4den: Als spezialisiertes Fachunternehmen geh\u00f6rt das Sanieren zu unseren allt\u00e4glichen T\u00e4tigkeitsschwerpunkten. Wir gehen dem Schadensfall gewissenhaft auf den Grund. Vor der konkreten Sanierung muss auf jeden Fall die Ursachenfindung stehen. Nur wenn man den richtigen Grund f\u00fcr einen entstandenen Schaden kennt, kann man nat\u00fcrlich erst mit dem Sanieren anfangen. Auch sieht man erst nach einer exakten Analyse den Umfang, den das Sanieren eines Geb\u00e4udes beanspruchen wird.<\/p>\n<p>Verabreden Sie doch kurzerhand einmal einen unverbindlichen Termin mit einem unserer gut ausgebildeten Spezialisten. Anruf beziehungsweise e-Mail reichen! Im Rahmen einer Begehung direkt vor Ort nehmen wir die M\u00e4ngel auf und unterbreiten Vorschl\u00e4ge f\u00fcr das zweckgerichtete Sanieren. So viel wie n\u00f6tig, so wenig wie m\u00f6glich: Auch monet\u00e4re \u00dcberlegungen flie\u00dfen in unsere Entscheidungsfindung f\u00fcr das Sanieren Ihres Bauwerkes mit ein. <\/p>\n<h4>Sanieren: Unsere Mitarbeiter stehen f\u00fcr Sie bereit!<\/h4>\n<p>Selbstverst\u00e4ndlich f\u00fchren unsere sachkundigen Spezialisten alle erforderlichen T\u00e4tigkeiten, die zum Sanieren geh\u00f6ren schnell und verl\u00e4\u00dflich aus. Unsere Firma ist seit mehreren Jahren f\u00fcr eine hohe Kompetenz beim Sanieren bekannt. Der Reparatur von Wohn- und Gesch\u00e4ftsh\u00e4usern haben wir uns gewidmet. Setzen Sie auf Erfahrung und \u00fcbertragen Sie das Sanieren Ihres Geb\u00e4udes unserem Unternehmen. Wir freuen uns darauf, auch Ihnen helfen zu d\u00fcrfen.<\/p>","popseo_links":"<a href=\"https:\/\/bautenschutz-keul.de\/angebote\/schimmel-schwarzenbek\/\">Schimmel Schwarzenbek<\/a>, <a href=\"https:\/\/bautenschutz-keul.de\/angebote\/feuchtigkeitsschaden-uelzen\/\">Feuchtigkeitsschaden Uelzen<\/a>, <a href=\"https:\/\/bautenschutz-keul.de\/angebote\/feuchte-wand-geesthacht\/\">Feuchte Wand Geesthacht<\/a>, <a href=\"https:\/\/bautenschutz-keul.de\/angebote\/feuchtigkeitsschaden-seevetal-rosengarten\/\">Feuchtigkeitsschaden Seevetal Rosengarten<\/a>, <a href=\"https:\/\/bautenschutz-keul.de\/angebote\/feuchte-mauer-ebstorf\/\">Feuchte Mauer Ebstorf<\/a>, <a href=\"https:\/\/bautenschutz-keul.de\/angebote\/aufsteigende-feuchtigkeit-ebstorf\/\">aufsteigende Feuchtigkeit Ebstorf<\/a>, <a href=\"https:\/\/bautenschutz-keul.de\/angebote\/salpeter-im-keller-stelle\/\">Salpeter im Keller Stelle<\/a>, <a href=\"https:\/\/bautenschutz-keul.de\/angebote\/schimmelsanierung-jesteburg\/\">Schimmelsanierung Jesteburg<\/a>, <a href=\"https:\/\/bautenschutz-keul.de\/angebote\/feuchtigkeitsschaden-glinde-sachsenwald\/\">Feuchtigkeitsschaden Glinde Sachsenwald<\/a>, <a href=\"https:\/\/bautenschutz-keul.de\/angebote\/schimmel-maschen\/\">Schimmel Maschen<\/a>, <a href=\"https:\/\/bautenschutz-keul.de\/angebote\/zerstoerter-putz-harburg\/\">zerst\u00f6rter Putz Harburg<\/a>, <a href=\"https:\/\/bautenschutz-keul.de\/angebote\/schimmel-bispingen\/\">Schimmel Bispingen<\/a>, <a href=\"https:\/\/bautenschutz-keul.de\/angebote\/schimmel-buchholz-in-der-nordheide\/\">Schimmel Buchholz in der Nordheide<\/a>, <a href=\"https:\/\/bautenschutz-keul.de\/angebote\/salpeter-im-keller-glinde-sachsenwald\/\">Salpeter im Keller Glinde Sachsenwald<\/a>, <a href=\"https:\/\/bautenschutz-keul.de\/angebote\/innenabdichtung-reinbek-aumuehle\/\">Innenabdichtung Reinbek Aum\u00fchle<\/a>, <a href=\"https:\/\/bautenschutz-keul.de\/angebote\/aufsteigende-feuchtigkeit-boizenburg\/\">aufsteigende Feuchtigkeit Boizenburg<\/a>, <a href=\"https:\/\/bautenschutz-keul.de\/angebote\/aussenabdichtung-schwarzenbek\/\">Au\u00dfenabdichtung Schwarzenbek<\/a>, <a href=\"https:\/\/bautenschutz-keul.de\/angebote\/mauertrockenlegung-herzogtum-lauenburg\/\">Mauertrockenlegung Herzogtum Lauenburg<\/a>, <a href=\"https:\/\/bautenschutz-keul.de\/angebote\/schimmelbeseitigung-schwarzenbek\/\">Schimmelbeseitigung Schwarzenbek<\/a>, <a href=\"https:\/\/bautenschutz-keul.de\/angebote\/bauwerksabdichtung-bienenbuettel\/\">Bauwerksabdichtung Bienenb\u00fcttel<\/a>, <a href=\"https:\/\/bautenschutz-keul.de\/angebote\/feuchte-wand-ebstorf\/\">Feuchte Wand Ebstorf<\/a>, <a href=\"https:\/\/bautenschutz-keul.de\/angebote\/bauwerksabdichtung-schwarzenbek\/\">Bauwerksabdichtung Schwarzenbek<\/a>, <a href=\"https:\/\/bautenschutz-keul.de\/angebote\/schimmelsanierung-boizenburg\/\">Schimmelsanierung Boizenburg<\/a>, <a href=\"https:\/\/bautenschutz-keul.de\/angebote\/feuchte-mauer-boizenburg\/\">Feuchte Mauer Boizenburg<\/a>, <a href=\"https:\/\/bautenschutz-keul.de\/angebote\/feuchtigkeitsschaden-bispingen\/\">Feuchtigkeitsschaden Bispingen<\/a>, <a href=\"https:\/\/bautenschutz-keul.de\/angebote\/schimmel-winsen-luhe\/\">Schimmel Winsen Luhe<\/a>, <a href=\"https:\/\/bautenschutz-keul.de\/angebote\/horizontalsperre-bad-bevensen\/\">Horizontalsperre Bad Bevensen<\/a>, <a href=\"https:\/\/bautenschutz-keul.de\/angebote\/innenabdichtung-winsen-luhe\/\">Innenabdichtung Winsen Luhe<\/a>, <a href=\"https:\/\/bautenschutz-keul.de\/angebote\/salpeter-im-keller-jesteburg\/\">Salpeter im Keller Jesteburg<\/a>, <a href=\"https:\/\/bautenschutz-keul.de\/angebote\/salpeter-im-keller-ebstorf\/\">Salpeter im Keller Ebstorf<\/a>"},"_links":{"self":[{"href":"https:\/\/bautenschutz-keul.de\/angebote\/wp-json\/wp\/v2\/pages\/674","targetHints":{"allow":["GET"]}}],"collection":[{"href":"https:\/\/bautenschutz-keul.de\/angebote\/wp-json\/wp\/v2\/pages"}],"about":[{"href":"https:\/\/bautenschutz-keul.de\/angebote\/wp-json\/wp\/v2\/types\/page"}],"author":[{"embeddable":true,"href":"https:\/\/bautenschutz-keul.de\/angebote\/wp-json\/wp\/v2\/users\/1"}],"replies":[{"embeddable":true,"href":"https:\/\/bautenschutz-keul.de\/angebote\/wp-json\/wp\/v2\/comments?post=674"}],"version-history":[{"count":0,"href":"https:\/\/bautenschutz-keul.de\/angebote\/wp-json\/wp\/v2\/pages\/674\/revisions"}],"wp:attachment":[{"href":"https:\/\/bautenschutz-keul.de\/angebote\/wp-json\/wp\/v2\/media?parent=674"}],"curies":[{"name":"wp","href":"https:\/\/api.w.org\/{rel}","templated":true}]}}