{"id":678,"date":"2021-09-13T08:44:40","date_gmt":"2021-09-13T06:44:40","guid":{"rendered":"https:\/\/bautenschutz-keul.de\/angebote\/zerstoerter-putz-maschen\/"},"modified":"2021-09-13T08:44:40","modified_gmt":"2021-09-13T06:44:40","slug":"zerstoerter-putz-maschen","status":"publish","type":"page","link":"https:\/\/bautenschutz-keul.de\/angebote\/zerstoerter-putz-maschen\/","title":{"rendered":"zerst\u00f6rter Putz &#8211; Maschen"},"content":{"rendered":"<h3>Zerst\u00f6rter Putz: Unsere Sanierungsprofis beheben das Problem!<\/h3>\n<p>Wer seine Kellerr\u00e4ume sanieren m\u00f6chte, der ist gut beraten, nur hochwertige Materialien zu nutzen. Der richtige Putz z\u00e4hlt absolut dazu. Bei zerst\u00f6rtem Putz sollten Sie darauf achten, dass nur beste Produkte bei der Instandsetzung verarbeitet werden. Eine korrekt ausgef\u00fchrte Sanierung ist eine Investition, die sich lohnt. Voraussetzung hierf\u00fcr ist, dass die Instandsetzung auf Dauer angelegt ist. Es n\u00fctzt nichts, nur eine vorr\u00fcbergehende Ma\u00dfnahme zu beginnen. Bei einer Sanierungsma\u00dfnahme kommt es vorrangig darauf an, den Schaden dauerhaft zu beheben. Das bedeutet entsprechend, nicht an der falschen Stelle Einsparungen vorzunehmen. Qualitativ gute Baustoffe sind f\u00fcr den langfristigen Erfolg absolut wichtig. Dies gilt speziell bei zerst\u00f6rtem Putz.<\/p>\n<h3>Zerst\u00f6rter Putz: Bei Fragen zur Sanierung rufen Sie uns bitte an<\/h3>\n<p>Speziell ein durchfeuchteter Kellerraum kann die Bausubstanz einer Immobilie auf lange Sicht beeintr\u00e4chtigen. Zerst\u00f6rter Putz f\u00e4llt dabei besonders deutlich ins Auge. Von Au\u00dfen einsickernde Feuchtigkeit ist ein nicht eben selten zu beobachtendes Problem. Putz ist nat\u00fcrlich sehr anf\u00e4llig und weist mit den Jahren deutlich erkennbare Sch\u00e4den auf. Die Verarbeitung eines qualitativ hochwertigen Sanierputzes ist f\u00fcr eine langfristig erfolgreiche Arbeit absolut wichtig.<\/p>\n","protected":false},"excerpt":{"rendered":"<p>Zerst\u00f6rter Putz: Unsere Sanierungsprofis beheben das Problem! Wer seine Kellerr\u00e4ume sanieren m\u00f6chte, der ist gut beraten, nur hochwertige Materialien zu nutzen. Der richtige Putz z\u00e4hlt absolut dazu. Bei zerst\u00f6rtem Putz sollten Sie darauf achten, dass nur beste Produkte bei der Instandsetzung verarbeitet werden. Eine korrekt ausgef\u00fchrte Sanierung ist eine Investition, die sich lohnt. Voraussetzung hierf\u00fcr [&hellip;]<\/p>\n","protected":false},"author":1,"featured_media":0,"parent":0,"menu_order":0,"comment_status":"closed","ping_status":"closed","template":"","meta":{"footnotes":""},"class_list":["post-678","page","type-page","status-publish","hentry"],"meta_box":{"popseo_subtitel":"zerst\u00f6rter Putz: Die Firma TK-Geb\u00e4udetechnik Thorsten Keul ist Ihr Fachanbieter f\u00fcr Abdichtung und Sanierung in Maschen","popseo_subtitel2":"Zerst\u00f6rter Putz - unsere Spezialisten kennen sich aus in Sachen Sanierung!","popseo_lasttitel":"zerst\u00f6rter Putz: Treten Sie in Kontakt mit uns!","popseo_region":"Maschen","popseo_sachwort":"zerst\u00f6rter Putz","popseo_noupdate":"","popseo_einleitungstext":"<p>Sie haben sich mit dem Thema Bauwerksabdichtung besch\u00e4ftigt, da Ihr Haus feuchte Geb\u00e4udebereiche aufweist und Sie nach M\u00f6glichkeiten einer wirkungsvollen und professionellen Sanierung Ausschau halten. Hervorragend, dass Sie unsere Homepage entdeckt haben. Nachfolgend m\u00f6chten wir Ihnen n\u00e4here Informationen zu unserem Leistungsangebot geben. Sie lernen auf dieser Internetseite unsere Firma n\u00e4her kennen. <\/p>\n<p>Unser Unternehmen ist ein qualifizierter und etablierter Handwerksbetrieb mit Sitz in Brietlingen bei L\u00fcneburg. Bereits seit vielen Jahren sind wir Ihr Spezialist f\u00fcr alle auftretenden Fragen rund um die Bauwerksabdichtung. Wir setzen ausschlie\u00dflich praxisbew\u00e4hrte und effektive Sanierungsmethoden und -systeme ein. Als Sanierungsfachbetrieb blicken wir auf eine lange und intensive Berufserfahrung zur\u00fcck. Unsere versierten Fachkr\u00e4fte informieren Sie gerne im Detail.<\/p>","popseo_schlusstext":"<p>Sie haben eine Frage zu unserem Leistungskatalog? Auf Wunsch informieren wir Sie n\u00e4her \u00fcber unser gesamtes Themengebiet. Mit Vergn\u00fcgen pr\u00e4sentieren wir Ihnen ein paar Projekte, die Ihnen einen Einblick in unsere Firment\u00e4tigkeit geben. Rufen Sie uns doch einfach einmal an oder schicken Sie uns eine E-Mail. Unser freundliches Team arbeitet fachkundig und immer kundenorientiert. Bitte w\u00e4hlen Sie: <\/p>\n<p>04133 \u2013 22 37 940<\/p>","popseo_stadttext":"<h3>Anfragen erhalten wir auch aus  Maschen<\/h2>\n<p>Unser Einzugsbereich umfasst auch Maschen. Durch unsere T\u00e4tigkeit haben wir uns einen guten \u00dcberblick \u00fcber die Architektur der St\u00e4dte und Gemeinden unseres Vertriebsgebietes erarbeiten k\u00f6nnen. Wir f\u00fchlen uns der Region verpflichtet und freuen uns dar\u00fcber, auch einen Anteil zur ausgezeichneten Infrastruktur der Gemeinde beizusteuern zu k\u00f6nnen.  <\/p>\n<h3>Ein paar Fakten \u00fcber Maschen<\/h3>\n<p>In der zum Kreis Harburg z\u00e4hlenden Gemeinde Maschen leben insgesamt zirka 9.000 Anwohner. Direkt an Hamburg grenzend, z\u00e4hlt Maschen zum sog. \u201eSpeckg\u00fcrtel\u201c der Elbmetropole. Die Bev\u00f6lkerungsdichte ist durchaus niedrig zu nennen, was die Stadt zu einer begehrten Wohngegend macht. Maschen ist f\u00fcr Pendler wunderbar geeignet. Wer seine Arbeit in Hamburg hat, genie\u00dft das durchaus ruhige Leben in der Peripherie. Maschen verf\u00fcgt \u00fcber zahlreiche beruhigte Wohnviertel, die von einer ansprechenden Einzelhausbebauung gepr\u00e4gt sind. Etliche sch\u00f6ne Quartiere machen Maschen f\u00fcr viele Menschen besonders anziehend. Leben in einem fast d\u00f6rflichen Umfeld, dabei die Gro\u00dfstadt direkt vor der Haust\u00fcr \u2013 ein Lebensentwurf, der f\u00fcr viele Menschen attraktiv ist. Eine ganze Reihe W\u00e4lder und Wiesen verleihen der Gemeinde einen zuweilen nahezu bukolischen Charakter. <\/p>\n<h4>Wir f\u00fcr Sie in Maschen!<\/h4>\n<p>Sehr gerne \u00fcbernehmen wir auch Arbeiten in Maschen und Umgebung. D\u00fcrfen wir Sie detailliert informieren? Rufen Sie uns an oder schreiben Sie uns eine eMail. Wir freuen uns, wenn wir ihnen helfen k\u00f6nnen! Das Team unseres Fachbetriebes ist eingespielt und arbeitet perfekt \u201eHand in Hand\u201c.<\/p>","popseo_zusatztext":"<h3>Sanieren: Wir bieten eine erstklassige Handwerksarbeit<\/h3>\n<p>Sie planen eine Wand, einen Keller oder sogar ein komplettes Haus zu sanieren? Super, denn da sind Sie bei uns genau an der richtigen Adresse. Wir sind Ihr routinierter Partner f\u00fcr s\u00e4mtliche Fragestellungen rund um das Sanieren von H\u00e4usern.  Ob feuchte Keller, feuchte Mauern oder die Sanierung umfangreicher Feuchtesch\u00e4den: Als spezialisierter Fachbetrieb geh\u00f6rt das Sanieren zu den t\u00e4glichen T\u00e4tigkeiten. Wir gehen dem Schadensfall gewissenhaft auf den Grund. Vor der eigentlichen Sanierung muss nat\u00fcrlich die Ursachenforschung stehen. Nur wenn man den wirklichen Grund f\u00fcr einen aufgetretenen Schadensfall kennt, kann man sinnvollerweise mit dem Sanieren anfangen. Auch sieht man erst nach einer exakten Analyse das Ausma\u00df, den das Sanieren eines Hauses in Anspruch nehmen wird.<\/p>\n<p>Vereinbaren Sie doch kurzerhand einmal einen unverbindlichen Termin mit einem unserer gut ausgebildeten Spezialisten. Telefonanruf oder Email reichen! Bei einer Begehung direkt vor Ort nehmen wir den Schaden auf und unterbreiten Vorschl\u00e4ge f\u00fcr das zweckgerichtete Sanieren. So viel wie notwendig, so wenig wie m\u00f6glich: Auch \u00f6konomische Betrachtungen flie\u00dfen in unsere Entscheidungsfindung f\u00fcr das Sanieren Ihres Bauwerkes mit ein. <\/p>\n<h4>Sanieren: Schnelle Hilfe durch den Fachbetrieb!<\/h4>\n<p>Selbstverst\u00e4ndlich f\u00fchren unsere routinierten Mitarbeiter alle notwendigen T\u00e4tigkeiten, die zum Sanieren geh\u00f6ren schnell und verl\u00e4\u00dflich aus. Unser Unternehmen ist seit langer Zeit f\u00fcr eine hohe Kompetenz beim Sanieren bekannt. Der Instandsetzung von Wohn- und Gesch\u00e4ftsgeb\u00e4uden haben wir uns verschrieben. Setzen Sie auf Erfahrung und \u00fcbertragen Sie das Sanieren Ihres Hauses unserem Fachbetrieb. Wir freuen uns darauf, auch Ihnen helfen zu d\u00fcrfen.<\/p>","popseo_links":"<a href=\"https:\/\/bautenschutz-keul.de\/angebote\/mauertrockenlegung-amt-neuhaus\/\">Mauertrockenlegung Amt Neuhaus<\/a>, <a href=\"https:\/\/bautenschutz-keul.de\/angebote\/schimmelsanierung-amelinghausen\/\">Schimmelsanierung Amelinghausen<\/a>, <a href=\"https:\/\/bautenschutz-keul.de\/angebote\/aufsteigende-feuchtigkeit-schwarzenbek\/\">aufsteigende Feuchtigkeit Schwarzenbek<\/a>, <a href=\"https:\/\/bautenschutz-keul.de\/angebote\/rissverpressung-bardowick\/\">Rissverpressung Bardowick<\/a>, <a href=\"https:\/\/bautenschutz-keul.de\/angebote\/rissverpressung-maschen\/\">Rissverpressung Maschen<\/a>, <a href=\"https:\/\/bautenschutz-keul.de\/angebote\/schimmelsanierung-amt-neuhaus\/\">Schimmelsanierung Amt Neuhaus<\/a>, <a href=\"https:\/\/bautenschutz-keul.de\/angebote\/kellersanierung-boizenburg\/\">Kellersanierung Boizenburg<\/a>, <a href=\"https:\/\/bautenschutz-keul.de\/angebote\/zerstoerter-putz-seevetal-rosengarten\/\">zerst\u00f6rter Putz Seevetal Rosengarten<\/a>, <a href=\"https:\/\/bautenschutz-keul.de\/angebote\/feuchtigkeit-amt-neuhaus\/\">Feuchtigkeit Amt Neuhaus<\/a>, <a href=\"https:\/\/bautenschutz-keul.de\/angebote\/feuchtigkeitsschaden-bardowick\/\">Feuchtigkeitsschaden Bardowick<\/a>, <a href=\"https:\/\/bautenschutz-keul.de\/angebote\/kellerabdichtung-salzhausen\/\">Kellerabdichtung Salzhausen<\/a>, <a href=\"https:\/\/bautenschutz-keul.de\/angebote\/kellertrockenlegung-bienenbuettel\/\">Kellertrockenlegung Bienenb\u00fcttel<\/a>, <a href=\"https:\/\/bautenschutz-keul.de\/angebote\/schimmelbeseitigung-lueneburg\/\">Schimmelbeseitigung L\u00fcneburg<\/a>, <a href=\"https:\/\/bautenschutz-keul.de\/angebote\/bauwerksabdichtung-uelzen\/\">Bauwerksabdichtung Uelzen<\/a>, <a href=\"https:\/\/bautenschutz-keul.de\/angebote\/kellerabdichtung-amt-neuhaus\/\">Kellerabdichtung Amt Neuhaus<\/a>, <a href=\"https:\/\/bautenschutz-keul.de\/angebote\/innenabdichtung-lueneburg\/\">Innenabdichtung L\u00fcneburg<\/a>, <a href=\"https:\/\/bautenschutz-keul.de\/angebote\/mauertrockenlegung-bispingen\/\">Mauertrockenlegung Bispingen<\/a>, <a href=\"https:\/\/bautenschutz-keul.de\/angebote\/aussenabdichtung-bardowick\/\">Au\u00dfenabdichtung Bardowick<\/a>, <a href=\"https:\/\/bautenschutz-keul.de\/angebote\/feuchte-wand-jesteburg\/\">Feuchte Wand Jesteburg<\/a>, <a href=\"https:\/\/bautenschutz-keul.de\/angebote\/kellerabdichtung-amelinghausen\/\">Kellerabdichtung Amelinghausen<\/a>, <a href=\"https:\/\/bautenschutz-keul.de\/angebote\/feuchter-keller-ebstorf\/\">Feuchter Keller Ebstorf<\/a>, <a href=\"https:\/\/bautenschutz-keul.de\/angebote\/kellersanierung-bergedorf-wentorf\/\">Kellersanierung Bergedorf Wentorf<\/a>, <a href=\"https:\/\/bautenschutz-keul.de\/angebote\/feuchtigkeitsschaden-hanstedt\/\">Feuchtigkeitsschaden Hanstedt<\/a>, <a href=\"https:\/\/bautenschutz-keul.de\/angebote\/feuchtigkeitsschaden-ebstorf\/\">Feuchtigkeitsschaden Ebstorf<\/a>, <a href=\"https:\/\/bautenschutz-keul.de\/angebote\/salpeter-im-keller-seevetal-rosengarten\/\">Salpeter im Keller Seevetal Rosengarten<\/a>, <a href=\"https:\/\/bautenschutz-keul.de\/angebote\/kellerabdichtung-winsen-luhe\/\">Kellerabdichtung Winsen Luhe<\/a>, <a href=\"https:\/\/bautenschutz-keul.de\/angebote\/aufsteigende-feuchtigkeit-hanstedt\/\">aufsteigende Feuchtigkeit Hanstedt<\/a>, <a href=\"https:\/\/bautenschutz-keul.de\/angebote\/horizontalsperre-schwarzenbek\/\">Horizontalsperre Schwarzenbek<\/a>, <a href=\"https:\/\/bautenschutz-keul.de\/angebote\/kellerabdichtung-stelle\/\">Kellerabdichtung Stelle<\/a>, <a href=\"https:\/\/bautenschutz-keul.de\/angebote\/feuchtigkeitsschaden-tostedt-sittensen\/\">Feuchtigkeitsschaden Tostedt Sittensen<\/a>"},"_links":{"self":[{"href":"https:\/\/bautenschutz-keul.de\/angebote\/wp-json\/wp\/v2\/pages\/678","targetHints":{"allow":["GET"]}}],"collection":[{"href":"https:\/\/bautenschutz-keul.de\/angebote\/wp-json\/wp\/v2\/pages"}],"about":[{"href":"https:\/\/bautenschutz-keul.de\/angebote\/wp-json\/wp\/v2\/types\/page"}],"author":[{"embeddable":true,"href":"https:\/\/bautenschutz-keul.de\/angebote\/wp-json\/wp\/v2\/users\/1"}],"replies":[{"embeddable":true,"href":"https:\/\/bautenschutz-keul.de\/angebote\/wp-json\/wp\/v2\/comments?post=678"}],"version-history":[{"count":0,"href":"https:\/\/bautenschutz-keul.de\/angebote\/wp-json\/wp\/v2\/pages\/678\/revisions"}],"wp:attachment":[{"href":"https:\/\/bautenschutz-keul.de\/angebote\/wp-json\/wp\/v2\/media?parent=678"}],"curies":[{"name":"wp","href":"https:\/\/api.w.org\/{rel}","templated":true}]}}