{"id":679,"date":"2021-09-13T08:44:40","date_gmt":"2021-09-13T06:44:40","guid":{"rendered":"https:\/\/bautenschutz-keul.de\/angebote\/zerstoerter-putz-reinbek-aumuehle\/"},"modified":"2021-09-13T08:44:40","modified_gmt":"2021-09-13T06:44:40","slug":"zerstoerter-putz-reinbek-aumuehle","status":"publish","type":"page","link":"https:\/\/bautenschutz-keul.de\/angebote\/zerstoerter-putz-reinbek-aumuehle\/","title":{"rendered":"zerst\u00f6rter Putz &#8211; Reinbek Aum\u00fchle"},"content":{"rendered":"<h3>Zerst\u00f6rter Putz: Fragen Sie den Sanierungsprofi!<\/h3>\n<p>Wer seine Kellerr\u00e4ume sanieren m\u00f6chte, der ist gut beraten, nur hochwertige Materialien zu nutzen. Einwandfreier Putz geh\u00f6rt absolut dazu. Bei zerst\u00f6rtem Putz sollten Sie darauf achten, dass nur beste Erzeugnisse bei der Reparatur verarbeitet werden. Eine richtig durchgef\u00fchrte Sanierung ist eine Investition, die sich lohnt. Voraussetzung dabei ist, dass die Instandsetzung auf lange Sicht angelegt ist. Es bringt nichts, nur eine tempor\u00e4re Ma\u00dfnahme vorzunehmen. Bei einer Sanierungsma\u00dfnahme kommt es vor allem darauf an, den Mangel dauerhaft zu beseitigen. Das bedeutet, nicht an der falschen Stelle Einsparungen vorzunehmen. Hochwertige Baustoffe sind f\u00fcr den dauerhaften Erfolg uneingeschr\u00e4nkt wichtig. Dies gilt insbesondere bei zerst\u00f6rtem Putz.<\/p>\n<h3>Zerst\u00f6rter Putz \u2013 wir informieren Sie zu Sanierungsmethoden!<\/h3>\n<p>Insbesondere ein feuchter Keller kann die Substanz eines Geb\u00e4udes langfristig beeintr\u00e4chtigen. Zerst\u00f6rter Putz f\u00e4llt hierbei besonders schnell ins Auge. Von Au\u00dfen einsickernde Feuchtigkeit ist ein h\u00e4ufig auftretendes Problem. Putz ist nat\u00fcrlich \u00e4u\u00dferst empfindlich und weist nach einer gewissen Zeit deutlich erkennbare Sch\u00e4den auf. Die Verarbeitung eines qualitativ guten Sanierputzes ist f\u00fcr eine langfristig erfolgreiche Arbeit absolut wichtig.<\/p>\n","protected":false},"excerpt":{"rendered":"<p>Zerst\u00f6rter Putz: Fragen Sie den Sanierungsprofi! Wer seine Kellerr\u00e4ume sanieren m\u00f6chte, der ist gut beraten, nur hochwertige Materialien zu nutzen. Einwandfreier Putz geh\u00f6rt absolut dazu. Bei zerst\u00f6rtem Putz sollten Sie darauf achten, dass nur beste Erzeugnisse bei der Reparatur verarbeitet werden. Eine richtig durchgef\u00fchrte Sanierung ist eine Investition, die sich lohnt. Voraussetzung dabei ist, dass [&hellip;]<\/p>\n","protected":false},"author":1,"featured_media":0,"parent":0,"menu_order":0,"comment_status":"closed","ping_status":"closed","template":"","meta":{"footnotes":""},"class_list":["post-679","page","type-page","status-publish","hentry"],"meta_box":{"popseo_subtitel":"zerst\u00f6rter Putz: Wir sind Ihr Fachunternehmen f\u00fcr Abdichtung und Sanierung in Reinbek Aum\u00fchle","popseo_subtitel2":"Zerst\u00f6rter Putz - unsere Experten informieren Sie gerne \u00fcber Sanierungsm\u00f6glichkeiten","popseo_lasttitel":"zerst\u00f6rter Putz: Gerne beantworten wir Ihre Fragen!","popseo_region":"Reinbek Aum\u00fchle","popseo_sachwort":"zerst\u00f6rter Putz","popseo_noupdate":"","popseo_einleitungstext":"<p>Sie haben sich mit dem Thema Bauwerksabdichtung besch\u00e4ftigt, weil Ihr Haus feuchte Geb\u00e4udebereiche aufweist und Sie nach Methoden einer wirkungsvollen und professionellen Sanierung Ausschau halten. Gut, dass Sie unseren Internetauftritt entdeckt haben. Nachfolgend d\u00fcrfen wir Ihnen einige Informationen zu unserem Leistungsspektrum geben. Sie lernen auf dieser Website unsere Firma n\u00e4her kennen. <\/p>\n<p>Unser Unternehmen ist ein qualifizierter und erfahrener Fachbetrieb mit Firmensitz in Brietlingen bei L\u00fcneburg. Bereits seit vielen Jahren sind wir Ihre Experten f\u00fcr alle auftretenden Fragen rund um die Bauwerksabdichtung. Wir setzen ausschlie\u00dflich praxisbew\u00e4hrte und effektive Sanierungssysteme und -methoden ein. Als Sanierungsfachbetrieb blicken wir auf eine lange Berufserfahrung zur\u00fcck. Unsere freundlichen Fachleute informieren Sie mit Vergn\u00fcgen im Detail.<\/p>","popseo_schlusstext":"<p>Gerne informieren wir Sie n\u00e4her \u00fcber unser T\u00e4tigkeitsspektrum. Wir zeigen Ihnen mit Vergn\u00fcgen auch einige Referenzprojekte, die Ihnen einen Einblick in unsere Firment\u00e4tigkeit geben.<br \/>\nVertrauen Sie den Spezialisten der Firma TK-Geb\u00e4udetechnik. Rufen Sie uns doch einfach einmal an oder schicken Sie uns eine kurze E-Mail. Wir freuen uns auf Ihre Kontaktaufnahme.<\/p>","popseo_stadttext":"<h3>Zu Ihren Diensten in Reinbek und Aum\u00fchle<\/h3>\n<p>Sie leben in Aum\u00fchle oder Reinbek und sind hier im Internet auf unsere Homepage gesto\u00dfen? Das finden wir klasse. Gerne pr\u00e4sentieren wir Ihnen unser komplettes Leistungsspektrum und beantworten Ihre Fragen. Durch unsere Vertriebst\u00e4tigkeit haben wir uns einen guten \u00dcberblick \u00fcber die Architektur der St\u00e4dte und Gemeinden unseres Einzugsbereiches machen k\u00f6nnen. Selbstverst\u00e4ndlich z\u00e4hlt auch die Region Reinbek \/ Aum\u00fchle zu unserem unmittelbaren Wirkungskreis. Wir freuen uns darauf, mit Ihnen ins Gespr\u00e4ch zu treten. <\/p>\n<h3>Einige interessante Informationen \u00fcber Reinbek und Aum\u00fchle<\/h3>\n<p>Die kleine Schleswig-Holsteinische Stadt Reinbek ist eine Gemeinde im Kreis Stormarn. Zum Kreis Herzogtum-Lauenburg z\u00e4hlt hingegen das nahe gelegene Aum\u00fchle. Aktuell z\u00e4hlt Reinbek gut 26.000 registrierte Einwohner. In Aum\u00fchle leben gut 3.000 Menschen. Die Stadt Reinbek erstreckt sich \u00fcber eine Fl\u00e4che von gut 31 km\u00b2. Reinbek und Aum\u00fchle sind Bestandteil der Metropolregion Hamburg. Beide Gemeinden liegen in etwa 20 Kilometer \u00f6stlich der Hansestadt. <\/p>\n<p>Die Stadt Reinbek verf\u00fcgt mit der S21 \u00fcber einen HVV-Anschluss. Aum\u00fchle ist der Endbahnhof der S-Bahn. Der g\u00fcnstige Fahrweg von gerade einmal 25 Minuten machen Reinbek und auch Aum\u00fchle ausdr\u00fccklich attraktiv f\u00fcr Pendler. Wer also seinen Arbeitgeber in Hamburg hat, genie\u00dft in Reinbek oder Aum\u00fchle das Beste aus zwei Welten: Das bunte Treiben der Metropole findet in den idyllischen Wohnquartieren von Reinbek und Aum\u00fchle sein Gegenst\u00fcck.<\/p>\n<h4>Reinbek und Aum\u00fchle \u2013 zwei lebenswerte St\u00e4dtchen<\/h4>\n<p>Neben einer guten Anbindung \u00fcber den HVV, bieten Reinbek und Aum\u00fchle auch f\u00fcr den Autofahrer gute Bedingungen: Die Autobahnen A1 und A24 sowie die Bundesstra\u00dfe B5 liegen nur unweit von Reinbek und Aum\u00fchle. Die Immobilienstruktur von Reinbek und Aum\u00fchle besteht \u00fcberwiegend aus zahlreichen freistehenden Ein- und Mehrfamilienh\u00e4usern, die ihren Bewohnern einen hohen Lebensstandard gew\u00e4hrleisten. Reinbek und Aum\u00fchle zeichnen sich neben der hohen Wohnqualit\u00e4t zus\u00e4tzlich durch ihre gro\u00dfe Wirtschaftsleistung aus.<\/p>\n<h4>Hohe Qualit\u00e4t f\u00fcr Kunden aus Reinbek und Aum\u00fchle<\/h4>\n<p>Sie leben in Aum\u00fchle oder Reinbek, interessieren sich f\u00fcr unser Leistungsangebot und haben deshalb unsere Website besucht? Das freut uns sehr. Unser engagiertes Team nimmt gerne Ihren Anruf entgegen oder beantwortet Ihre E-Mail.<\/p>","popseo_zusatztext":"<h3>Sanieren: Wir bieten eine erstklassige Handwerksarbeit<\/h3>\n<p>Sie beabsichtigen eine Wand, einen Keller oder sogar ein komplettes Bauwerk zu sanieren? Klasse, denn dann sind Sie bei uns exakt an der korrekten Adresse. Wir sind Ihr routinierter Partner f\u00fcr alle Fragen rund um das Sanieren von Geb\u00e4uden.  Ob nasse Keller, feuchte W\u00e4nde oder die Sanierung ausgedehnter Feuchtigkeitssch\u00e4den: Als spezialisierter Fachbetrieb z\u00e4hlt das Sanieren zu unseren allt\u00e4glichen T\u00e4tigkeitsschwerpunkten. Wir gehen der Schadensursache ganz genau auf den Grund. Vor der konkreten Sanierung muss auf jeden Fall die Suche nach dem Grund stehen. Erst wenn man den wirklichen Grund f\u00fcr einen eingetretenen Schadensfall kennt, kann man sinnvollerweise mit dem Sanieren beginnen. Auch sieht man erst nach einer genauen Analyse das Ausma\u00df, den das Sanieren eines Hauses in Anspruch nehmen wird.<\/p>\n<p>Verabreden Sie doch einfach einmal einen unverbindlichen Termin mit einem unserer gut geschulten Fachleute. Telefonanruf oder e-Mail gen\u00fcgen! Bei einer Begehung direkt vor Ort nehmen wir die M\u00e4ngel auf und machen Ratschl\u00e4ge f\u00fcr das passende Sanieren. So viel wie notwendig, so wenig wie m\u00f6glich: Auch monet\u00e4re Aspekte flie\u00dfen in unsere Entscheidungsfindung f\u00fcr das Sanieren Ihres Hauses mit ein. <\/p>\n<h4>Sanieren: Schnelle Hilfe durch den Fachbetrieb!<\/h4>\n<p>Selbstverst\u00e4ndlich f\u00fchren unsere sachkundigen Mitarbeiter alle erforderlichen T\u00e4tigkeiten, die zum Sanieren geh\u00f6ren schnell und verl\u00e4\u00dflich aus. Unser Betrieb ist seit vielen Jahren f\u00fcr eine hohe Qualit\u00e4t beim Sanieren bekannt. Der Reparatur von Wohn- und Gesch\u00e4ftsh\u00e4usern haben wir uns verschrieben. Setzen Sie auf Routine und \u00fcberlassen Sie das Sanieren Ihres Geb\u00e4udes unserer Firma. Wir freuen uns darauf, auch Ihnen helfen zu k\u00f6nnen.<\/p>","popseo_links":"<a href=\"https:\/\/bautenschutz-keul.de\/angebote\/zerstoerter-putz-amelinghausen\/\">zerst\u00f6rter Putz Amelinghausen<\/a>, <a href=\"https:\/\/bautenschutz-keul.de\/angebote\/schimmelsanierung-stelle\/\">Schimmelsanierung Stelle<\/a>, <a href=\"https:\/\/bautenschutz-keul.de\/angebote\/schimmelbeseitigung-winsen-luhe\/\">Schimmelbeseitigung Winsen Luhe<\/a>, <a href=\"https:\/\/bautenschutz-keul.de\/angebote\/bauwerksabdichtung-seevetal-rosengarten\/\">Bauwerksabdichtung Seevetal Rosengarten<\/a>, <a href=\"https:\/\/bautenschutz-keul.de\/angebote\/aussenabdichtung-stelle\/\">Au\u00dfenabdichtung Stelle<\/a>, <a href=\"https:\/\/bautenschutz-keul.de\/angebote\/feuchte-mauer-stelle\/\">Feuchte Mauer Stelle<\/a>, <a href=\"https:\/\/bautenschutz-keul.de\/angebote\/feuchtigkeit-bienenbuettel\/\">Feuchtigkeit Bienenb\u00fcttel<\/a>, <a href=\"https:\/\/bautenschutz-keul.de\/angebote\/zerstoerter-putz-uelzen\/\">zerst\u00f6rter Putz Uelzen<\/a>, <a href=\"https:\/\/bautenschutz-keul.de\/angebote\/feuchter-keller-brietlingen\/\">Feuchter Keller Brietlingen<\/a>, <a href=\"https:\/\/bautenschutz-keul.de\/angebote\/feuchtigkeit-geesthacht\/\">Feuchtigkeit Geesthacht<\/a>, <a href=\"https:\/\/bautenschutz-keul.de\/angebote\/salpeter-im-keller-bad-bevensen\/\">Salpeter im Keller Bad Bevensen<\/a>, <a href=\"https:\/\/bautenschutz-keul.de\/angebote\/feuchtigkeit-maschen\/\">Feuchtigkeit Maschen<\/a>, <a href=\"https:\/\/bautenschutz-keul.de\/angebote\/feuchter-keller-tostedt-sittensen\/\">Feuchter Keller Tostedt Sittensen<\/a>, <a href=\"https:\/\/bautenschutz-keul.de\/angebote\/horizontalsperre-bardowick\/\">Horizontalsperre Bardowick<\/a>, <a href=\"https:\/\/bautenschutz-keul.de\/angebote\/feuchter-keller-jesteburg\/\">Feuchter Keller Jesteburg<\/a>, <a href=\"https:\/\/bautenschutz-keul.de\/angebote\/kellertrockenlegung-stelle\/\">Kellertrockenlegung Stelle<\/a>, <a href=\"https:\/\/bautenschutz-keul.de\/angebote\/aufsteigende-feuchtigkeit-reppenstedt\/\">aufsteigende Feuchtigkeit Reppenstedt<\/a>, <a href=\"https:\/\/bautenschutz-keul.de\/angebote\/feuchtigkeitsschaden-bardowick\/\">Feuchtigkeitsschaden Bardowick<\/a>, <a href=\"https:\/\/bautenschutz-keul.de\/angebote\/schimmelsanierung-seevetal-rosengarten\/\">Schimmelsanierung Seevetal Rosengarten<\/a>, <a href=\"https:\/\/bautenschutz-keul.de\/angebote\/kellertrockenlegung-ebstorf\/\">Kellertrockenlegung Ebstorf<\/a>, <a href=\"https:\/\/bautenschutz-keul.de\/angebote\/aussenabdichtung-geesthacht\/\">Au\u00dfenabdichtung Geesthacht<\/a>, <a href=\"https:\/\/bautenschutz-keul.de\/angebote\/feuchtigkeitsschaden-ebstorf\/\">Feuchtigkeitsschaden Ebstorf<\/a>, <a href=\"https:\/\/bautenschutz-keul.de\/angebote\/feuchtigkeitsschaden-harburg\/\">Feuchtigkeitsschaden Harburg<\/a>, <a href=\"https:\/\/bautenschutz-keul.de\/angebote\/kellerabdichtung-bardowick\/\">Kellerabdichtung Bardowick<\/a>, <a href=\"https:\/\/bautenschutz-keul.de\/angebote\/feuchte-wand-boizenburg\/\">Feuchte Wand Boizenburg<\/a>, <a href=\"https:\/\/bautenschutz-keul.de\/angebote\/rissverpressung-bispingen\/\">Rissverpressung Bispingen<\/a>, <a href=\"https:\/\/bautenschutz-keul.de\/angebote\/salpeter-im-keller-schwarzenbek\/\">Salpeter im Keller Schwarzenbek<\/a>, <a href=\"https:\/\/bautenschutz-keul.de\/angebote\/feuchtigkeit-buechen\/\">Feuchtigkeit B\u00fcchen<\/a>, <a href=\"https:\/\/bautenschutz-keul.de\/angebote\/horizontalsperre-lueneburg\/\">Horizontalsperre L\u00fcneburg<\/a>, <a href=\"https:\/\/bautenschutz-keul.de\/angebote\/feuchte-mauer-seevetal-rosengarten\/\">Feuchte Mauer Seevetal Rosengarten<\/a>"},"_links":{"self":[{"href":"https:\/\/bautenschutz-keul.de\/angebote\/wp-json\/wp\/v2\/pages\/679","targetHints":{"allow":["GET"]}}],"collection":[{"href":"https:\/\/bautenschutz-keul.de\/angebote\/wp-json\/wp\/v2\/pages"}],"about":[{"href":"https:\/\/bautenschutz-keul.de\/angebote\/wp-json\/wp\/v2\/types\/page"}],"author":[{"embeddable":true,"href":"https:\/\/bautenschutz-keul.de\/angebote\/wp-json\/wp\/v2\/users\/1"}],"replies":[{"embeddable":true,"href":"https:\/\/bautenschutz-keul.de\/angebote\/wp-json\/wp\/v2\/comments?post=679"}],"version-history":[{"count":0,"href":"https:\/\/bautenschutz-keul.de\/angebote\/wp-json\/wp\/v2\/pages\/679\/revisions"}],"wp:attachment":[{"href":"https:\/\/bautenschutz-keul.de\/angebote\/wp-json\/wp\/v2\/media?parent=679"}],"curies":[{"name":"wp","href":"https:\/\/api.w.org\/{rel}","templated":true}]}}