{"id":682,"date":"2021-09-13T08:44:40","date_gmt":"2021-09-13T06:44:40","guid":{"rendered":"https:\/\/bautenschutz-keul.de\/angebote\/zerstoerter-putz-schwarzenbek\/"},"modified":"2021-09-13T08:44:40","modified_gmt":"2021-09-13T06:44:40","slug":"zerstoerter-putz-schwarzenbek","status":"publish","type":"page","link":"https:\/\/bautenschutz-keul.de\/angebote\/zerstoerter-putz-schwarzenbek\/","title":{"rendered":"zerst\u00f6rter Putz &#8211; Schwarzenbek"},"content":{"rendered":"<h3>Zerst\u00f6rter Putz: Fragen Sie den Sanierungsprofi!<\/h3>\n<p>Wer seinen Keller sanieren will, dem sei anzuraten, nur hochwertige Baustoffe zu nutzen. Der richtige Putz z\u00e4hlt auf alle F\u00e4lle dazu. Bei zerst\u00f6rtem Putz sollten Sie Wert darauf legen, dass nur beste Produkte bei der Reparatur verarbeitet werden. Eine korrekt durchgef\u00fchrte Sanierung ist eine Investition, die sich lohnt. Voraussetzung daf\u00fcr ist jedoch, dass die ISanierung auf Dauer angelegt ist. Es n\u00fctzt nichts, nur eine vorr\u00fcbergehende Ma\u00dfnahme vorzunehmen. Bei einer Sanierungsma\u00dfnahme kommt es vorrangig darauf an, den Mangel bleibend zu beseitigen. Hier muss es also hei\u00dfen, nicht an der falschen Stelle zu sparen. Hochwertige Baustoffe sind f\u00fcr den dauerhaften Erfolg absolut wichtig. Dies gilt insbesondere bei zerst\u00f6rtem Putz.<\/p>\n<h3>Zerst\u00f6rter Putz: Bei Fragen zur Sanierung rufen Sie uns bitte an<\/h3>\n<p>Insbesondere ein durchfeuchteter Keller kann die Substanz einer Immobilie auf lange Sicht sch\u00e4digen. Zerst\u00f6rter Putz f\u00e4llt dabei besonders deutlich ins Auge. Von Au\u00dfen einsickernde N\u00e4sse ist ein h\u00e4ufiges Problem. Putz ist nat\u00fcrlich sehr empfindlich und weist mit den Jahren deutlich erkennbare Sch\u00e4den auf. Die Verarbeitung eines qualitativ guten Sanierputzes ist f\u00fcr den dauerhaften Erfolg absolut wichtig.<\/p>\n","protected":false},"excerpt":{"rendered":"<p>Zerst\u00f6rter Putz: Fragen Sie den Sanierungsprofi! Wer seinen Keller sanieren will, dem sei anzuraten, nur hochwertige Baustoffe zu nutzen. Der richtige Putz z\u00e4hlt auf alle F\u00e4lle dazu. Bei zerst\u00f6rtem Putz sollten Sie Wert darauf legen, dass nur beste Produkte bei der Reparatur verarbeitet werden. Eine korrekt durchgef\u00fchrte Sanierung ist eine Investition, die sich lohnt. Voraussetzung [&hellip;]<\/p>\n","protected":false},"author":1,"featured_media":0,"parent":0,"menu_order":0,"comment_status":"closed","ping_status":"closed","template":"","meta":{"footnotes":""},"class_list":["post-682","page","type-page","status-publish","hentry"],"meta_box":{"popseo_subtitel":"zerst\u00f6rter Putz: Wir sind Ihr Fachanbieter f\u00fcr Abdichtung und Sanierung im Raum Schwarzenbek","popseo_subtitel2":"Zerst\u00f6rter Putz - unsere Spezialisten kennen sich aus in Sachen Sanierung!","popseo_lasttitel":"zerst\u00f6rter Putz: D\u00fcrfen wir Ihre Fragen beantworten?","popseo_region":"Schwarzenbek","popseo_sachwort":"zerst\u00f6rter Putz","popseo_noupdate":"","popseo_einleitungstext":"<p>Sie wollen Ihre Gesch\u00e4fts- oder Wohnimmobilie sanieren lassen interessieren sich f\u00fcr Sanierungsmethoden und Abdichtungssysteme? Prima, dann sind Sie bei uns an der richtigen Adresse. Als auf die Geb\u00e4udesanierung spezialisiertes Handwerksunternehmen, \u00fcbernehmen wir insbesondere Arbeiten im Bereich Abdichtung und Trockenlegung.  <\/p>\n<p>Erfahren sind wir bei der Bauwerksabdichtung und dar\u00fcber hinaus bei der Kellersanierung, der Schimmelbek\u00e4mpfung und der Rissverpressung. Wir kennen uns mit der zeitgem\u00e4\u00dfen Sanierung von Bestandsimmobilien und Neubauten bestens aus. Auf unserer Website stellen wir Ihnen unsere Firma und das gesamte Leistungsspektrum n\u00e4her vor. Ihr Interesse freut uns sehr.<\/p>","popseo_schlusstext":"<p>Sehr gerne informieren wir Sie n\u00e4her \u00fcber unser Aufgabenfeld. Wir nennen Ihnen mit Vergn\u00fcgen auch ein paar Referenzen, die Ihnen einen Einblick in unsere T\u00e4tigkeit geben.<br \/>\nSetzen Sie auf die Expertise eines erfahrenen Fachbetriebes. Rufen Sie uns doch rasch einmal an oder schicken Sie uns eine kurze E-Mail. Wir freuen uns auf Ihre Kontaktaufnahme.<\/p>","popseo_stadttext":"<h3>Zufriedene Kunden haben wir auch in Schwarzenbek<\/h3>\n<p>Unser Einzugsgebiet umfasst auch Schwarzenbek. Durch unsere Gesch\u00e4ftst\u00e4tigkeit haben wir uns einen guten \u00dcberblick \u00fcber die Stadtarchitektur der Gemeinden und St\u00e4dte unseres Vertriebsgebietes erarbeiten k\u00f6nnen. Wir f\u00fchlen uns der Region verpflichtet und sind stolz darauf, auch unseren Teil zur guten Infrastruktur der Stadt Schwarzenbek beizusteuern zu d\u00fcrfen.  <\/p>\n<h3>Einige Details zu Schwarzenbek<\/h3>\n<p>Die Stadt Schwarzenbek z\u00e4hlt formaljuristisch zum schleswig-holsteinischen Landkreis Herzogtum Lauenburg. In Schwarzenbek leben circa 15.000 B\u00fcrger auf einer Fl\u00e4che von gut 11 Quadratkilometern. Schwarzenbek ist Sitz des Amtes Schwarzenbek-Land. Schwarzenbek begeistert Bauherren besonders durch seine sch\u00f6nen Wohngebiete. Die Einzelhausbebauung dominiert in der lauenburgischen Kleinstadt ganz augenf\u00e4llig. Vielgeschossige Wohnh\u00e4user sind in Schwarzenbek deutlich in der Minderheit.<\/p>\n<p>Die r\u00e4umliche N\u00e4he zur Freien und Hansestadt Hamburg ist ein wichtiger Standortfaktor f\u00fcr den Ort. Nur gut 35 Kilometer liegt die gr\u00f6\u00dfte Stadt Norddeutschlands von Schwarzenbek entfernt. F\u00fcr viele Pendler ist das ideal: Wer seinen Arbeitgeber in Hamburg hat, hat es nicht weit bis zur Wohnst\u00e4tte Schwarzenbek. Das zumeist ruhige Leben auf dem Lande verbindet sich auf hervorragende Weise mit den vielf\u00e4ltigen Angeboten der Gro\u00dfstadt.<br \/>\nEine funktionierende Infrastruktur macht das Wohnen in Schwarzenbek insbesondere f\u00fcr junge Familien attraktiv. Die Stadt ist Mitglied im Hamburger Verkehrsverbund (HVV). Mit der Bahn erreicht man Schwarzenbek \u00fcber die Streckenverbindung Hamburg-Berlin. Zum Hauptbahnhof Hamburg ben\u00f6tigt man rund 20 Minuten. <\/p>\n<h3>Schwarzenbek \u2013 ein attraktiver Wohnort<\/h3>\n<p>Die Gemeinde Schwarzenbek wurde unl\u00e4ngst mit dem sogenannten Europapreis ausgezeichnet. Die Auszeichnung wird St\u00e4dten und Gemeinden verliehen, die sich sich in herausragender Weise f\u00fcr die Verbreitung des europ\u00e4ischen Gedankens verdient gemacht haben. Schwarzenbek tr\u00e4gt die Bezeichnung \u201eEuropastadt\u201c mit Stolz.<br \/>\nWegen der besonderen Lage im Kreisgebiet Lauenburgs wird Schwarzenbek zuweilen auch \u201eStadt der Mitte\u201c genannt. Schwarzenbek war \u00fcbrigens eine der ersten Gemeinden in in Schleswig-Holstein, die auf den Ortsschildern den Ortsnamen auch auf Plattdeutsch vermerkt haben. Eine sch\u00f6ne Idee, die zwischenzeitlich viele Nachahmer gefunden hat. <\/p>\n<h4>Wir f\u00fcr Sie in Schwarzenbek!<\/h4>\n<p>Sehr gerne \u00fcbernehmen wir auch Arbeiten in Schwarzenbek und Umgebung. D\u00fcrfen wir Sie n\u00e4her informieren? Rufen Sie uns an oder schreiben Sie uns eine E-Mail. Wir freuen uns, wenn wir ihnen helfen k\u00f6nnen! Das qualifizierte Team unseres Unternehmens arbeitet \u201eHand in Hand\u201c, dabei stets zielorientiert und sorgsam.<\/p>","popseo_zusatztext":"<h3>Sanieren: Auf die Wirksamkeit k\u00f6nnen Sie sich verlassen<\/h3>\n<p>Sie planen eine Mauer, einen Keller oder sogar ein komplettes Bauwerk zu sanieren? Prima, denn dann sind Sie bei uns genau an der korrekten Stelle. Wir sind Ihr erfahrener Partner f\u00fcr alle Fragen rund um das Sanieren von H\u00e4usern.  Ob feuchte Keller, feuchte W\u00e4nde oder die Sanierung gr\u00f6\u00dferer N\u00e4ssesch\u00e4den: Als spezialisiertes Fachunternehmen z\u00e4hlt das Sanieren zu unseren allt\u00e4glichen Aufgaben. Wir gehen der Schadensursache ganz genau auf den Grund. Vor der konkreten Sanierung muss selbstverst\u00e4ndlich die Ursachenfindung stehen. Erst wenn man den tats\u00e4chlichen Grund f\u00fcr einen eingetretenen Schaden kennt, kann man sinnvollerweise mit dem Sanieren starten. Auch sieht man erst nach einer exakten Begutachtung das Ausma\u00df, den das Sanieren eines Hauses beanspruchen wird.<\/p>\n<p>Vereinbaren Sie doch gleich einmal einen unverbindlichen Termin mit einem unserer sehr gut ausgebildeten Fachkr\u00e4fte. Anruf oder auch eMail gen\u00fcgen! Bei einer Begehung direkt am Objekt nehmen wir die M\u00e4ngel auf und machen Ratschl\u00e4ge f\u00fcr das zweckm\u00e4\ufb02ige Sanieren. So viel wie notwendig, so wenig wie m\u00f6glich: Auch monet\u00e4re Gesichtspunkte flie\u00dfen in unsere Entscheidungsfindung f\u00fcr das Sanieren Ihres Geb\u00e4udes mit ein. <\/p>\n<h4>Sanieren: Wir helfen verl\u00e4sslich und kompetent!<\/h4>\n<p>Nat\u00fcrlich f\u00fchren unsere sachkundigen Mitarbeiter alle notwendigen Arbeiten, die zum Sanieren geh\u00f6ren z\u00fcgig und verl\u00e4\u00dflich aus. Unser Betrieb ist seit langer Zeit f\u00fcr eine hohe Kompetenz beim Sanieren bekannt. Der Sanierung von Wohn- und Gesch\u00e4ftsgeb\u00e4uden haben wir uns verschrieben. Vertrauen Sie auf Routine und \u00fcbertragen Sie das Sanieren Ihres Geb\u00e4udes unserer Fachfirma. Wir freuen uns darauf, auch Ihnen helfen zu d\u00fcrfen.<\/p>","popseo_links":"<a href=\"https:\/\/bautenschutz-keul.de\/angebote\/kellertrockenlegung-buechen\/\">Kellertrockenlegung B\u00fcchen<\/a>, <a href=\"https:\/\/bautenschutz-keul.de\/angebote\/schimmel-bispingen\/\">Schimmel Bispingen<\/a>, <a href=\"https:\/\/bautenschutz-keul.de\/angebote\/feuchte-mauer-ebstorf\/\">Feuchte Mauer Ebstorf<\/a>, <a href=\"https:\/\/bautenschutz-keul.de\/angebote\/kellerabdichtung-schwarzenbek\/\">Kellerabdichtung Schwarzenbek<\/a>, <a href=\"https:\/\/bautenschutz-keul.de\/angebote\/zerstoerter-putz-bardowick\/\">zerst\u00f6rter Putz Bardowick<\/a>, <a href=\"https:\/\/bautenschutz-keul.de\/angebote\/kellerabdichtung-reppenstedt\/\">Kellerabdichtung Reppenstedt<\/a>, <a href=\"https:\/\/bautenschutz-keul.de\/angebote\/feuchte-mauer-reppenstedt\/\">Feuchte Mauer Reppenstedt<\/a>, <a href=\"https:\/\/bautenschutz-keul.de\/angebote\/feuchter-keller-glinde-sachsenwald\/\">Feuchter Keller Glinde Sachsenwald<\/a>, <a href=\"https:\/\/bautenschutz-keul.de\/angebote\/bauwerksabdichtung-bergedorf-wentorf\/\">Bauwerksabdichtung Bergedorf Wentorf<\/a>, <a href=\"https:\/\/bautenschutz-keul.de\/angebote\/feuchte-mauer-buechen\/\">Feuchte Mauer B\u00fcchen<\/a>, <a href=\"https:\/\/bautenschutz-keul.de\/angebote\/feuchte-mauer-harburg\/\">Feuchte Mauer Harburg<\/a>, <a href=\"https:\/\/bautenschutz-keul.de\/angebote\/feuchte-mauer-uelzen\/\">Feuchte Mauer Uelzen<\/a>, <a href=\"https:\/\/bautenschutz-keul.de\/angebote\/schimmelbeseitigung-reinbek-aumuehle\/\">Schimmelbeseitigung Reinbek Aum\u00fchle<\/a>, <a href=\"https:\/\/bautenschutz-keul.de\/angebote\/schimmel-maschen\/\">Schimmel Maschen<\/a>, <a href=\"https:\/\/bautenschutz-keul.de\/angebote\/kellersanierung-amt-neuhaus\/\">Kellersanierung Amt Neuhaus<\/a>, <a href=\"https:\/\/bautenschutz-keul.de\/angebote\/horizontalsperre-bergedorf-wentorf\/\">Horizontalsperre Bergedorf Wentorf<\/a>, <a href=\"https:\/\/bautenschutz-keul.de\/angebote\/feuchtigkeit-amt-neuhaus\/\">Feuchtigkeit Amt Neuhaus<\/a>, <a href=\"https:\/\/bautenschutz-keul.de\/angebote\/kellerabdichtung-amt-neuhaus\/\">Kellerabdichtung Amt Neuhaus<\/a>, <a href=\"https:\/\/bautenschutz-keul.de\/angebote\/kellertrockenlegung-uelzen\/\">Kellertrockenlegung Uelzen<\/a>, <a href=\"https:\/\/bautenschutz-keul.de\/angebote\/zerstoerter-putz-schwarzenbek\/\">zerst\u00f6rter Putz Schwarzenbek<\/a>, <a href=\"https:\/\/bautenschutz-keul.de\/angebote\/kellerabdichtung-ebstorf\/\">Kellerabdichtung Ebstorf<\/a>, <a href=\"https:\/\/bautenschutz-keul.de\/angebote\/kellerabdichtung-maschen\/\">Kellerabdichtung Maschen<\/a>, <a href=\"https:\/\/bautenschutz-keul.de\/angebote\/schimmel-reinbek-aumuehle\/\">Schimmel Reinbek Aum\u00fchle<\/a>, <a href=\"https:\/\/bautenschutz-keul.de\/angebote\/bauwerksabdichtung-glinde-sachsenwald\/\">Bauwerksabdichtung Glinde Sachsenwald<\/a>, <a href=\"https:\/\/bautenschutz-keul.de\/angebote\/kellertrockenlegung-schwarzenbek\/\">Kellertrockenlegung Schwarzenbek<\/a>, <a href=\"https:\/\/bautenschutz-keul.de\/angebote\/feuchtigkeitsschaden-herzogtum-lauenburg\/\">Feuchtigkeitsschaden Herzogtum Lauenburg<\/a>, <a href=\"https:\/\/bautenschutz-keul.de\/angebote\/salpeter-im-keller-uelzen\/\">Salpeter im Keller Uelzen<\/a>, <a href=\"https:\/\/bautenschutz-keul.de\/angebote\/feuchtigkeitsschaden-boizenburg\/\">Feuchtigkeitsschaden Boizenburg<\/a>, <a href=\"https:\/\/bautenschutz-keul.de\/angebote\/horizontalsperre-brietlingen\/\">Horizontalsperre Brietlingen<\/a>, <a href=\"https:\/\/bautenschutz-keul.de\/angebote\/zerstoerter-putz-bad-bevensen\/\">zerst\u00f6rter Putz Bad Bevensen<\/a>"},"_links":{"self":[{"href":"https:\/\/bautenschutz-keul.de\/angebote\/wp-json\/wp\/v2\/pages\/682","targetHints":{"allow":["GET"]}}],"collection":[{"href":"https:\/\/bautenschutz-keul.de\/angebote\/wp-json\/wp\/v2\/pages"}],"about":[{"href":"https:\/\/bautenschutz-keul.de\/angebote\/wp-json\/wp\/v2\/types\/page"}],"author":[{"embeddable":true,"href":"https:\/\/bautenschutz-keul.de\/angebote\/wp-json\/wp\/v2\/users\/1"}],"replies":[{"embeddable":true,"href":"https:\/\/bautenschutz-keul.de\/angebote\/wp-json\/wp\/v2\/comments?post=682"}],"version-history":[{"count":0,"href":"https:\/\/bautenschutz-keul.de\/angebote\/wp-json\/wp\/v2\/pages\/682\/revisions"}],"wp:attachment":[{"href":"https:\/\/bautenschutz-keul.de\/angebote\/wp-json\/wp\/v2\/media?parent=682"}],"curies":[{"name":"wp","href":"https:\/\/api.w.org\/{rel}","templated":true}]}}