{"id":687,"date":"2021-09-13T08:44:40","date_gmt":"2021-09-13T06:44:40","guid":{"rendered":"https:\/\/bautenschutz-keul.de\/angebote\/zerstoerter-putz-winsen-luhe\/"},"modified":"2021-09-13T08:44:40","modified_gmt":"2021-09-13T06:44:40","slug":"zerstoerter-putz-winsen-luhe","status":"publish","type":"page","link":"https:\/\/bautenschutz-keul.de\/angebote\/zerstoerter-putz-winsen-luhe\/","title":{"rendered":"zerst\u00f6rter Putz &#8211; Winsen Luhe"},"content":{"rendered":"<h3>Sie ben\u00f6tigen Hilfe bei zerst\u00f6rtem Putz? Dann rufen Sie uns bitte an!<\/h3>\n<p>Wer seinen Keller sanieren m\u00f6chte, der ist gut beraten, nur qualitativ hochwertige Baumaterialien zu verwenden. Ein geeigneter Putz geh\u00f6rt auf jeden Fall dazu. Bei zerst\u00f6rtem Putz sollten Sie darauf achten, dass nur beste Produkte bei der Instandsetzung verarbeitet werden. Eine fachm\u00e4nnisch ausgef\u00fchrte Sanierung ist eine Investition, die sich rechnet. Voraussetzung ist allerdings, dass die Instandsetzung auf lange Sicht angelegt ist. Es ist nicht anzuraten, nur eine kurzfristige Ma\u00dfnahme zu beginnen. Bei einer Sanierung kommt es vor allem darauf an, den Bauschaden bleibend zu beseitigen. Das bedeutet, nicht an der falschen Stelle zu sparen. Qualitativ gute Baustoffe sind f\u00fcr eine langfristig erfolgreiche Arbeit uneingeschr\u00e4nkt wichtig. Dies gilt speziell bei zerst\u00f6rtem Putz.<\/p>\n<h3>Zerst\u00f6rter Putz \u2013 wir informieren Sie zu Sanierungsmethoden!<\/h3>\n<p>Besonders ein nasser Keller kann die Bausubstanz einer Immobilie dauerhaft beeintr\u00e4chtigen. Zerst\u00f6rter Putz f\u00e4llt hierbei besonders schnell ins Auge. Von Au\u00dfen eindringende Feuchtigkeit ist ein h\u00e4ufig auftretendes Problem. Putz ist nat\u00fcrlich sehr empfindlich und weist mit den Jahren deutlich erkennbare Sch\u00e4den auf. Die Verarbeitung eines qualitativ hochwertigen Sanierputzes ist f\u00fcr den dauerhaften Erfolg absolut unabdingbar.<\/p>\n","protected":false},"excerpt":{"rendered":"<p>Sie ben\u00f6tigen Hilfe bei zerst\u00f6rtem Putz? Dann rufen Sie uns bitte an! Wer seinen Keller sanieren m\u00f6chte, der ist gut beraten, nur qualitativ hochwertige Baumaterialien zu verwenden. Ein geeigneter Putz geh\u00f6rt auf jeden Fall dazu. Bei zerst\u00f6rtem Putz sollten Sie darauf achten, dass nur beste Produkte bei der Instandsetzung verarbeitet werden. Eine fachm\u00e4nnisch ausgef\u00fchrte Sanierung [&hellip;]<\/p>\n","protected":false},"author":1,"featured_media":0,"parent":0,"menu_order":0,"comment_status":"closed","ping_status":"closed","template":"","meta":{"footnotes":""},"class_list":["post-687","page","type-page","status-publish","hentry"],"meta_box":{"popseo_subtitel":"zerst\u00f6rter Putz: Die Firma TK-Geb\u00e4udetechnik Thorsten Keul ist Ihr erfahrener Experte f\u00fcr Abdichtung und Sanierung im Raum Winsen Luhe","popseo_subtitel2":"Zerst\u00f6rter Putz - unsere Experten informieren Sie gerne \u00fcber Sanierungsm\u00f6glichkeiten","popseo_lasttitel":"zerst\u00f6rter Putz: Wir informieren Sie gerne auch pers\u00f6nlich!","popseo_region":"Winsen Luhe","popseo_sachwort":"zerst\u00f6rter Putz","popseo_noupdate":"","popseo_einleitungstext":"<p>Sie haben sich mit der Bauwerksabdichtung auseinandergesetzt, da Ihre Immobilie feuchte Geb\u00e4udeteile aufweist und Sie nach Methoden einer professionellen und vor allem wirksamen Sanierung Ausschau halten. Toll, dass Sie unsere Website entdeckt haben. Auf den folgenden Seiten d\u00fcrfen wir Ihnen einige Informationen zu unserem Leistungsspektrum geben. Sie lernen auf dieser Internetseite unsere Firma etwas n\u00e4her kennen. <\/p>\n<p>Unser Unternehmen ist ein versierter und etablierter Fachbetrieb mit Gesch\u00e4ftsssitz in Brietlingen bei L\u00fcneburg. Bereits seit vielen Jahren sind wir Ihr Spezialist f\u00fcr alle auftretenden Fragen rund um die Bauwerksabdichtung. Wir setzen ausschlie\u00dflich effektive und praxisbew\u00e4hrte Sanierungssysteme und -methoden ein. Als Sanierungsfachbetrieb blicken wir auf eine lange Berufserfahrung zur\u00fcck. Unsere gut geschulten Mitarbeiter informieren Sie mit Vergn\u00fcgen im Detail.<\/p>","popseo_schlusstext":"<p>Sie ben\u00f6tigen einen Spezialisten f\u00fcr die fachgerechte Abdichtung und Sanierung Ihrer Immobilie. Klasse, dass unser Angebot Ihre Aufmerksamkeit gefunden hat. Worauf Sie neben unserem fachlichen Know-how setzen d\u00fcrfen: Unsere Handwerksexperten sind mit Elan und dem notwendigen Schwung f\u00fcr Ihren Erfolg t\u00e4tig. Wir freuen uns sehr, wenn wir Sie in einem unverbindlichen Kundengespr\u00e4ch \u00fcber die zahlreichen Alternativen, die sich Ihnen bieten, informieren d\u00fcrfen. Nehmen Sie bitte Kontakt mit uns auf. Wir werden gerne f\u00fcr Sie aktiv!<\/p>","popseo_stadttext":"<h3>Vor Ort in Winsen (Luhe)<\/h3>\n<p>Winsen (Luhe) ist eine Mittelstadt aus der Metropolregion Hamburg. Die Kreisstadt des Kreises Harburg hat 32.000 Einwohner und erstreckt sich \u00fcber eine Fl\u00e4che von 109 Quadratkilometer. Winsen (Luhe) ist ideal gelegen. In die norddeutsche Gro\u00dfstadt Hamburg sind es nur gut 30 km, L\u00fcneburg erreicht man schon nach ca. 20 Kilometern. Winsen (Luhe) besteht in der jetzigen Struktur seit dem Jahre 1972. Seinerzeit wurden 13 selbstst\u00e4ndige Gemeinden zur Gesamtgemeinde Winsen (Luhe) zusammengef\u00fchrt.  <\/p>\n<p>Durch unsere Vertriebst\u00e4tigkeit haben wir uns einen sehr guten \u00dcberblick \u00fcber die Stadtarchitektur der St\u00e4dte und Gemeinden unseres Einzugsbereiches erarbeiten k\u00f6nnen. Nat\u00fcrlich z\u00e4hlt auch Winsen (Luhe) zu unserem unmittelbaren Vertriebsgebiet. Wir freuen uns darauf, mit Ihnen ins Gespr\u00e4ch zu treten. <\/p>\n<h3>Wissenswertes \u00fcber Winsen (Luhe)<\/h3>\n<p>Obwohl Winsen (Luhe) durchaus als eine Pendlerstadt gelten darf, ist das mittelst\u00e4ndisch gepr\u00e4gte Wirtschaftsleben erstaunlich. Zahlreiche Firmen unter anderem aus den Branchen Maschinenbau, Pharma, Logistik und Bauwesen haben sich in Winsen (Luhe) angesiedelt. Wer von den Einwohnern aus Winsen (Luhe) nicht in einem Unternehmen seines Heimatortes arbeitet, pendelt i.d.R. in die Hansestadt Hamburg. Mit dem Auto f\u00e4hrt man \u00fcber die Autobahn A39 nach Winsen (Luhe). Die Schnellstra\u00dfe ist mit der A7 und der A1 verbunden. Wer die Eisenbahn pr\u00e4feriert, erreicht Winsen (Luhe) \u00fcber die Schienenverbindung Hannover-Hamburg. Au\u00dferdem bietet der Metronom eine viel genutzte Regionallinie an. <\/p>\n<h3>Reizvolles Winsen (Luhe)!<\/h3>\n<p>Menschen, die das etwas beschaulichere Leben in einer kleineren Gemeinde der Hektik einer Metropole vorziehen, finden in Winsen (Luhe) wunderbare Bedingungen vor. Die Infrastruktur in Winsen (Luhe) ist stimmig! Prima Shoppingm\u00f6glichkeiten, ein breites Sport- und Freizeitangebot und eine sch\u00f6ne Umgebung sind Pluspunkte, die Winsen (Luhe) auf der Habenseite verbuchen kann. Auch Familien wertsch\u00e4tzen die Stadt: S\u00e4mtliche Schularten sowie eine gen\u00fcgende Anzahl an Kindertagesst\u00e4tten stehen in Winsen (Luhe) bereit. <\/p>\n<h4>Wir f\u00fcr Sie in Winsen (Luhe)!<\/h4>\n<p>Prima, dass Sie diese Seite gefunden haben. Wenn Sie eine erfahrene Fachfirma suchen, sind Sie bei uns an der richtigen Adresse. Sie m\u00f6chten mehr \u00fcber uns erfahren? F\u00fcr R\u00fcckfragen stehen wir Ihnen jederzeit zur Verf\u00fcgung. Auf den Kontakt zu Ihnen freuen wir uns.<\/p>","popseo_zusatztext":"<h3>Erstklassiges Sanieren ist uns wichtig<\/h3>\n<p>Sie beabsichtigen eine Mauer, einen Keller oder gar ein gesamtes Bauwerk zu sanieren? Gut, denn dann sind Sie bei uns exakt an der korrekten Adresse. Wir sind Ihr kompetenter Partner f\u00fcr alle Fragestellungen rund um das Sanieren von H\u00e4usern.  Ob feuchte Keller, feuchte Mauern oder die Sanierung gr\u00f6\u00dferer N\u00e4ssesch\u00e4den: Als spezialisierte Fachfirma geh\u00f6rt das Sanieren zu den t\u00e4glichen T\u00e4tigkeiten. Wir gehen dem Schadensfall sorgf\u00e4ltig auf den Grund. Vor der eigentlichen Sanierung muss selbstverst\u00e4ndlich die Suche nach dem Grund stehen. Nur wenn man den tats\u00e4chlichen Grund f\u00fcr einen aufgetretenen Schadensfall kennt, kann man sinnvollerweise mit dem Sanieren starten. Auch sieht man erst nach einer detaillierten Analyse das Ausma\u00df, den das Sanieren eines Geb\u00e4udes in Anspruch nehmen wird.<\/p>\n<p>Vereinbaren Sie doch kurzerhand einmal einen unverbindlichen Gespr\u00e4chstermin mit einem unserer gut ausgebildeten Fachleute. Anruf beziehungsweise e-Mail reichen! Im Rahmen einer Begehung direkt vor Ort nehmen wir die M\u00e4ngel auf und unterbreiten Ratschl\u00e4ge f\u00fcr das zweckm\u00e4\ufb02ige Sanieren. So viel wie n\u00f6tig, so wenig wie m\u00f6glich: Auch wirtschaftliche Gesichtspunkte flie\u00dfen in unsere Entscheidungsfindung f\u00fcr das Sanieren Ihres Geb\u00e4udes mit ein. <\/p>\n<h4>Sanieren: Wir helfen verl\u00e4sslich und kompetent!<\/h4>\n<p>Nat\u00fcrlich f\u00fchren unsere qualifizierten Angestellten alle erforderlichen T\u00e4tigkeiten, die zum Sanieren geh\u00f6ren in kurzer Zeit und zuverl\u00e4ssig aus. Unsere Firma ist seit langer Zeit f\u00fcr eine hohe Qualit\u00e4t beim Sanieren bekannt. Der Sanierung von Wohn- und Gesch\u00e4ftsgeb\u00e4uden haben wir uns verschrieben. Setzen Sie auf Erfahrung und \u00fcbertragen Sie das Sanieren Ihres Hauses unserer Fachfirma. Wir freuen uns darauf, auch Ihnen helfen zu d\u00fcrfen.<\/p>","popseo_links":"<a href=\"https:\/\/bautenschutz-keul.de\/angebote\/aufsteigende-feuchtigkeit-bispingen\/\">aufsteigende Feuchtigkeit Bispingen<\/a>, <a href=\"https:\/\/bautenschutz-keul.de\/angebote\/innenabdichtung-buechen\/\">Innenabdichtung B\u00fcchen<\/a>, <a href=\"https:\/\/bautenschutz-keul.de\/angebote\/feuchte-wand-ebstorf\/\">Feuchte Wand Ebstorf<\/a>, <a href=\"https:\/\/bautenschutz-keul.de\/angebote\/feuchtigkeitsschaden-amelinghausen\/\">Feuchtigkeitsschaden Amelinghausen<\/a>, <a href=\"https:\/\/bautenschutz-keul.de\/angebote\/feuchte-mauer-ebstorf\/\">Feuchte Mauer Ebstorf<\/a>, <a href=\"https:\/\/bautenschutz-keul.de\/angebote\/schimmel-glinde-sachsenwald\/\">Schimmel Glinde Sachsenwald<\/a>, <a href=\"https:\/\/bautenschutz-keul.de\/angebote\/aufsteigende-feuchtigkeit-reinbek-aumuehle\/\">aufsteigende Feuchtigkeit Reinbek Aum\u00fchle<\/a>, <a href=\"https:\/\/bautenschutz-keul.de\/angebote\/innenabdichtung-harburg\/\">Innenabdichtung Harburg<\/a>, <a href=\"https:\/\/bautenschutz-keul.de\/angebote\/zerstoerter-putz-maschen\/\">zerst\u00f6rter Putz Maschen<\/a>, <a href=\"https:\/\/bautenschutz-keul.de\/angebote\/mauertrockenlegung-maschen\/\">Mauertrockenlegung Maschen<\/a>, <a href=\"https:\/\/bautenschutz-keul.de\/angebote\/salpeter-im-keller-bispingen\/\">Salpeter im Keller Bispingen<\/a>, <a href=\"https:\/\/bautenschutz-keul.de\/angebote\/horizontalsperre-boizenburg\/\">Horizontalsperre Boizenburg<\/a>, <a href=\"https:\/\/bautenschutz-keul.de\/angebote\/aufsteigende-feuchtigkeit-lueneburg\/\">aufsteigende Feuchtigkeit L\u00fcneburg<\/a>, <a href=\"https:\/\/bautenschutz-keul.de\/angebote\/bauwerksabdichtung-buchholz-in-der-nordheide\/\">Bauwerksabdichtung Buchholz in der Nordheide<\/a>, <a href=\"https:\/\/bautenschutz-keul.de\/angebote\/feuchte-mauer-bad-bevensen\/\">Feuchte Mauer Bad Bevensen<\/a>, <a href=\"https:\/\/bautenschutz-keul.de\/angebote\/salpeter-im-keller-bardowick\/\">Salpeter im Keller Bardowick<\/a>, <a href=\"https:\/\/bautenschutz-keul.de\/angebote\/feuchte-mauer-boizenburg\/\">Feuchte Mauer Boizenburg<\/a>, <a href=\"https:\/\/bautenschutz-keul.de\/angebote\/kellertrockenlegung-bienenbuettel\/\">Kellertrockenlegung Bienenb\u00fcttel<\/a>, <a href=\"https:\/\/bautenschutz-keul.de\/angebote\/mauertrockenlegung-bergedorf-wentorf\/\">Mauertrockenlegung Bergedorf Wentorf<\/a>, <a href=\"https:\/\/bautenschutz-keul.de\/angebote\/feuchtigkeit-harburg\/\">Feuchtigkeit Harburg<\/a>, <a href=\"https:\/\/bautenschutz-keul.de\/angebote\/feuchtigkeit-winsen-luhe\/\">Feuchtigkeit Winsen Luhe<\/a>, <a href=\"https:\/\/bautenschutz-keul.de\/angebote\/schimmel-maschen\/\">Schimmel Maschen<\/a>, <a href=\"https:\/\/bautenschutz-keul.de\/angebote\/kellersanierung-reppenstedt\/\">Kellersanierung Reppenstedt<\/a>, <a href=\"https:\/\/bautenschutz-keul.de\/angebote\/kellersanierung-herzogtum-lauenburg\/\">Kellersanierung Herzogtum Lauenburg<\/a>, <a href=\"https:\/\/bautenschutz-keul.de\/angebote\/feuchte-wand-herzogtum-lauenburg\/\">Feuchte Wand Herzogtum Lauenburg<\/a>, <a href=\"https:\/\/bautenschutz-keul.de\/angebote\/zerstoerter-putz-glinde-sachsenwald\/\">zerst\u00f6rter Putz Glinde Sachsenwald<\/a>, <a href=\"https:\/\/bautenschutz-keul.de\/angebote\/kellerabdichtung-maschen\/\">Kellerabdichtung Maschen<\/a>, <a href=\"https:\/\/bautenschutz-keul.de\/angebote\/feuchtigkeitsschaden-geesthacht\/\">Feuchtigkeitsschaden Geesthacht<\/a>, <a href=\"https:\/\/bautenschutz-keul.de\/angebote\/feuchtigkeitsschaden-bienenbuettel\/\">Feuchtigkeitsschaden Bienenb\u00fcttel<\/a>, <a href=\"https:\/\/bautenschutz-keul.de\/angebote\/mauertrockenlegung-stelle\/\">Mauertrockenlegung Stelle<\/a>"},"_links":{"self":[{"href":"https:\/\/bautenschutz-keul.de\/angebote\/wp-json\/wp\/v2\/pages\/687","targetHints":{"allow":["GET"]}}],"collection":[{"href":"https:\/\/bautenschutz-keul.de\/angebote\/wp-json\/wp\/v2\/pages"}],"about":[{"href":"https:\/\/bautenschutz-keul.de\/angebote\/wp-json\/wp\/v2\/types\/page"}],"author":[{"embeddable":true,"href":"https:\/\/bautenschutz-keul.de\/angebote\/wp-json\/wp\/v2\/users\/1"}],"replies":[{"embeddable":true,"href":"https:\/\/bautenschutz-keul.de\/angebote\/wp-json\/wp\/v2\/comments?post=687"}],"version-history":[{"count":0,"href":"https:\/\/bautenschutz-keul.de\/angebote\/wp-json\/wp\/v2\/pages\/687\/revisions"}],"wp:attachment":[{"href":"https:\/\/bautenschutz-keul.de\/angebote\/wp-json\/wp\/v2\/media?parent=687"}],"curies":[{"name":"wp","href":"https:\/\/api.w.org\/{rel}","templated":true}]}}