{"id":688,"date":"2021-09-13T08:44:58","date_gmt":"2021-09-13T06:44:58","guid":{"rendered":"https:\/\/bautenschutz-keul.de\/angebote\/aussenabdichtung\/"},"modified":"2021-09-13T08:52:49","modified_gmt":"2021-09-13T06:52:49","slug":"aussenabdichtung","status":"publish","type":"page","link":"https:\/\/bautenschutz-keul.de\/angebote\/aussenabdichtung\/","title":{"rendered":"Au\u00dfenabdichtung"},"content":{"rendered":"<p>Wir finden es toll, dass Sie unsere Internetseite entdeckt haben. Auf den folgenden Seiten m\u00f6chten wir uns und unsere Arbeit n\u00e4her vorstellen. Zu unserem Unternehmen: Die Firma TK-Geb\u00e4udetechnik Thorsten Keul ist Ihr Fachunternehmen im Bereich Sanierung und Bauwerksabdichtung. Ans\u00e4ssig sind wir in Brietlingen bei L\u00fcneburg. Intensive Berufserfahrung macht unsere Arbeitsleistung zu einer redlichen Gr\u00f6\u00dfe. Als qualifizierte Fachfirma z\u00e4hlen Verarbeitung und Auswahl hochwertiger Materialien zu unseren Kernkompetenzen. Wir beraten Sie gerne individuell und ausf\u00fchrlich und \u00fcbernehmen alle Arbeiten.<\/p>\n<p>Wir erledigen zum Beispiel eine fachgerechte Mauertrockenlegung und Schimmelsanierung f\u00fcr Sie. Selbstverst\u00e4ndlich k\u00fcmmern wir uns ebenso um aufsteigende Feuchtigkeit. Auch gegen nasse Mauern, Keller und W\u00e4nde halten wir f\u00fcr Sie eine L\u00f6sung bereit. Im Schwerpunkt sind wir zwischen L\u00fcneburg, Harburg und Geesthacht f\u00fcr Sie im Einsatz. Am Ende dieser Seite haben wir unser Vertriebsgebiet f\u00fcr Sie n\u00e4her aufgef\u00fchrt.<\/p>\n<h3>Kompetent und gr\u00fcndlich: Wir \u00fcbernehmen die Au\u00dfenabdichtung<\/h3>\n<p>Ein feuchter Keller kann die Bausubstanz eines Hauses folgenschwer sch\u00e4digen.<br \/>\nInsbesondere von au\u00dfen einsickernde N\u00e4sse ist ein Thema, dessen sich<br \/>\nHauseigent\u00fcmer auf jeden Fall annehmen sollten. In einer Vielzahl von F\u00e4llen ist die Au\u00dfenabdichtung das Mittel der Wahl. Sollte die Abdichtung von au\u00dfen aus baulichen Gr\u00fcnden nicht m\u00f6glich sein, kann eine Innenabdichtung zum gew\u00fcnschten Ergebnis f\u00fchren. Die Abdichtung hat den Zweck, die Mauern von dauerhaft wasserdicht zu machen. Mit der Au\u00dfenabdichtung schaffen Sie die Voraussetzung, Ihr Geb\u00e4ude vor substanzbedrohenden Feuchtigkeitssch\u00e4den zu bewahren. Eine Vielzahl von guten Baustoffen steht hierf\u00fcr zum Gebrauch bereit. Je nach Anwendungsfall lassen sich f\u00fcr die Au\u00dfenabdichtung Beschichtungen aus Bitumen oder auch Dichtungsschl\u00e4mme und Putze verarbeiten. Auch bahnenf\u00f6rmige Abdichtungsprodukte zeitigen gute Ergebnisse. Bitumen wird aus Erd\u00f6l gewonnen. Die au\u00dfergew\u00f6hnlich widerstandsf\u00e4hige Substanz wird in mehreren Auspr\u00e4gungen angeboten und an die Au\u00dfenw\u00e4nde aufgetragen. Um den Sanierungsumfang zu festzustellen sowie die geeigneten Methoden und Baustoffe auszuw\u00e4hlen, ist eine Analyse unmittelbar am entsprechenden Bauk\u00f6rper unbedingt notwendig. Erst wenn man die Gr\u00fcnde und den Umfang der Feuchtigkeitssch\u00e4den wei\u00df, kann man die notwendigen Mittel f\u00fcr eine Au\u00dfenabdichtung ermitteln.<\/p>\n<h3>Au\u00dfenabdichtung: Unser Unternehmen k\u00fcmmert sich darum!<\/h3>\n<p>Unsere freundlichen Mitarbeiter sorgen daf\u00fcr, dass Sie qualitativ hochwertige L\u00f6sungen erhalten, die exakt Ihren Vorstellungen und W\u00fcnschen entsprechen. Wir bieten Ihnen eine sachkundig ausgef\u00fchrte Arbeit nach dem aktuellen Stand der Technik.<\/p>\n<p>Wenn Sie uns anrufen m\u00f6chten:<\/p>\n<p>04133 \u2013 22 37 940<\/p>\n<p>Vertrauen Sie beim Thema Geb\u00e4udesanierung den Spezialisten der Firma Keul. Wir freuen uns darauf, Ihnen helfen zu d\u00fcrfen. F\u00fcr eine Terminvereibarung rufen Sie uns bitte unter der oben stehenden Telefonnummer an oder schreiben Sie uns eine E-Mail. Wenn es um Sanierungsarbeiten geht, sind wir Ihr fachlich versierter Partner.<\/p>\n","protected":false},"excerpt":{"rendered":"<p>Wir finden es toll, dass Sie unsere Internetseite entdeckt haben. Auf den folgenden Seiten m\u00f6chten wir uns und unsere Arbeit n\u00e4her vorstellen. Zu unserem Unternehmen: Die Firma TK-Geb\u00e4udetechnik Thorsten Keul ist Ihr Fachunternehmen im Bereich Sanierung und Bauwerksabdichtung. Ans\u00e4ssig sind wir in Brietlingen bei L\u00fcneburg. Intensive Berufserfahrung macht unsere Arbeitsleistung zu einer redlichen Gr\u00f6\u00dfe. Als [&hellip;]<\/p>\n","protected":false},"author":1,"featured_media":0,"parent":0,"menu_order":0,"comment_status":"closed","ping_status":"closed","template":"","meta":{"footnotes":""},"class_list":["post-688","page","type-page","status-publish","hentry"],"meta_box":{"popseo_subtitel":"Wir sind Ihr Experte f\u00fcr eine Au\u00dfenabdichtung","popseo_subtitel2":"","popseo_lasttitel":"","popseo_region":"","popseo_sachwort":"Au\u00dfenabdichtung","popseo_noupdate":"0","popseo_einleitungstext":"","popseo_schlusstext":"","popseo_stadttext":"","popseo_zusatztext":"","popseo_links":"<a href=\"https:\/\/bautenschutz-keul.de\/angebote\/schimmelsanierung-amelinghausen\/\">Schimmelsanierung Amelinghausen<\/a>, <a href=\"https:\/\/bautenschutz-keul.de\/angebote\/kellerabdichtung-bienenbuettel\/\">Kellerabdichtung Bienenb\u00fcttel<\/a>, <a href=\"https:\/\/bautenschutz-keul.de\/angebote\/feuchter-keller-winsen-luhe\/\">Feuchter Keller Winsen Luhe<\/a>, <a href=\"https:\/\/bautenschutz-keul.de\/angebote\/kellertrockenlegung-salzhausen\/\">Kellertrockenlegung Salzhausen<\/a>, <a href=\"https:\/\/bautenschutz-keul.de\/angebote\/schimmelsanierung-tostedt-sittensen\/\">Schimmelsanierung Tostedt Sittensen<\/a>, <a href=\"https:\/\/bautenschutz-keul.de\/angebote\/bauwerksabdichtung-bispingen\/\">Bauwerksabdichtung Bispingen<\/a>, <a href=\"https:\/\/bautenschutz-keul.de\/angebote\/schimmel-schwarzenbek\/\">Schimmel Schwarzenbek<\/a>, <a href=\"https:\/\/bautenschutz-keul.de\/angebote\/kellerabdichtung-reinbek-aumuehle\/\">Kellerabdichtung Reinbek Aum\u00fchle<\/a>, <a href=\"https:\/\/bautenschutz-keul.de\/angebote\/horizontalsperre-schwarzenbek\/\">Horizontalsperre Schwarzenbek<\/a>, <a href=\"https:\/\/bautenschutz-keul.de\/angebote\/bauwerksabdichtung-amelinghausen\/\">Bauwerksabdichtung Amelinghausen<\/a>, <a href=\"https:\/\/bautenschutz-keul.de\/angebote\/feuchte-mauer-harburg\/\">Feuchte Mauer Harburg<\/a>, <a href=\"https:\/\/bautenschutz-keul.de\/angebote\/schimmel-lueneburg\/\">Schimmel L\u00fcneburg<\/a>, <a href=\"https:\/\/bautenschutz-keul.de\/angebote\/schimmel-hanstedt\/\">Schimmel Hanstedt<\/a>, <a href=\"https:\/\/bautenschutz-keul.de\/angebote\/aufsteigende-feuchtigkeit-jesteburg\/\">aufsteigende Feuchtigkeit Jesteburg<\/a>, <a href=\"https:\/\/bautenschutz-keul.de\/angebote\/salpeter-im-keller-glinde-sachsenwald\/\">Salpeter im Keller Glinde Sachsenwald<\/a>, <a href=\"https:\/\/bautenschutz-keul.de\/angebote\/schimmelbeseitigung-salzhausen\/\">Schimmelbeseitigung Salzhausen<\/a>, <a href=\"https:\/\/bautenschutz-keul.de\/angebote\/horizontalsperre-amelinghausen\/\">Horizontalsperre Amelinghausen<\/a>, <a href=\"https:\/\/bautenschutz-keul.de\/angebote\/innenabdichtung-bergedorf-wentorf\/\">Innenabdichtung Bergedorf Wentorf<\/a>, <a href=\"https:\/\/bautenschutz-keul.de\/angebote\/schimmel-buechen\/\">Schimmel B\u00fcchen<\/a>, <a href=\"https:\/\/bautenschutz-keul.de\/angebote\/salpeter-im-keller-amelinghausen\/\">Salpeter im Keller Amelinghausen<\/a>, <a href=\"https:\/\/bautenschutz-keul.de\/angebote\/aufsteigende-feuchtigkeit-amelinghausen\/\">aufsteigende Feuchtigkeit Amelinghausen<\/a>, <a href=\"https:\/\/bautenschutz-keul.de\/angebote\/horizontalsperre-boizenburg\/\">Horizontalsperre Boizenburg<\/a>, <a href=\"https:\/\/bautenschutz-keul.de\/angebote\/aufsteigende-feuchtigkeit-ebstorf\/\">aufsteigende Feuchtigkeit Ebstorf<\/a>, <a href=\"https:\/\/bautenschutz-keul.de\/angebote\/horizontalsperre-amt-neuhaus\/\">Horizontalsperre Amt Neuhaus<\/a>, <a href=\"https:\/\/bautenschutz-keul.de\/angebote\/zerstoerter-putz-herzogtum-lauenburg\/\">zerst\u00f6rter Putz Herzogtum Lauenburg<\/a>, <a href=\"https:\/\/bautenschutz-keul.de\/angebote\/salpeter-im-keller-jesteburg\/\">Salpeter im Keller Jesteburg<\/a>, <a href=\"https:\/\/bautenschutz-keul.de\/angebote\/bauwerksabdichtung-hanstedt\/\">Bauwerksabdichtung Hanstedt<\/a>, <a href=\"https:\/\/bautenschutz-keul.de\/angebote\/feuchte-mauer-bardowick\/\">Feuchte Mauer Bardowick<\/a>"},"_links":{"self":[{"href":"https:\/\/bautenschutz-keul.de\/angebote\/wp-json\/wp\/v2\/pages\/688","targetHints":{"allow":["GET"]}}],"collection":[{"href":"https:\/\/bautenschutz-keul.de\/angebote\/wp-json\/wp\/v2\/pages"}],"about":[{"href":"https:\/\/bautenschutz-keul.de\/angebote\/wp-json\/wp\/v2\/types\/page"}],"author":[{"embeddable":true,"href":"https:\/\/bautenschutz-keul.de\/angebote\/wp-json\/wp\/v2\/users\/1"}],"replies":[{"embeddable":true,"href":"https:\/\/bautenschutz-keul.de\/angebote\/wp-json\/wp\/v2\/comments?post=688"}],"version-history":[{"count":1,"href":"https:\/\/bautenschutz-keul.de\/angebote\/wp-json\/wp\/v2\/pages\/688\/revisions"}],"predecessor-version":[{"id":709,"href":"https:\/\/bautenschutz-keul.de\/angebote\/wp-json\/wp\/v2\/pages\/688\/revisions\/709"}],"wp:attachment":[{"href":"https:\/\/bautenschutz-keul.de\/angebote\/wp-json\/wp\/v2\/media?parent=688"}],"curies":[{"name":"wp","href":"https:\/\/api.w.org\/{rel}","templated":true}]}}