{"id":689,"date":"2021-09-13T08:44:58","date_gmt":"2021-09-13T06:44:58","guid":{"rendered":"https:\/\/bautenschutz-keul.de\/angebote\/bauwerksabdichtung\/"},"modified":"2021-09-13T08:44:58","modified_gmt":"2021-09-13T06:44:58","slug":"bauwerksabdichtung","status":"publish","type":"page","link":"https:\/\/bautenschutz-keul.de\/angebote\/bauwerksabdichtung\/","title":{"rendered":"Bauwerksabdichtung"},"content":{"rendered":"<p>Wir finden es toll, dass Sie unsere Homepage gefunden haben. Auf den n\u00e4chsten Seiten m\u00f6chten wir uns und unsere Arbeit n\u00e4her vorstellen. Ein paar Worte \u00fcber unsere Unternehmung: Die Firma TK-Geb\u00e4udetechnik Thorsten Keul ist Ihr Fachbetrieb im Bereich Sanierung und Bauwerksabdichtung. Ans\u00e4ssig sind wir in Brietlingen bei L\u00fcneburg. Jahrelange Erfahrung macht unsere Arbeitsleistung zu einer verl\u00e4sslichen Gr\u00f6\u00dfe. Als spezialisiertes Unternehmen geh\u00f6ren Auswahl und Verarbeitung hochwertiger Sanierungsmaterialien zu unseren vorrangigen Aufgaben. Wir beraten Sie gerne individuell \u00fcber Ihre M\u00f6glichkeiten und \u00fcbernehmen alle Arbeiten. <\/p>\n<p>Wir erledigen zum Beispiel eine fachgerechte Mauertrockenlegung und Schimmelsanierung f\u00fcr Sie. Nat\u00fcrlich k\u00fcmmern wir uns ebenso um aufsteigende Feuchtigkeit. Auch gegen nasse W\u00e4nde, Keller und Mauern halten wir f\u00fcr Sie eine L\u00f6sung bereit. Im Schwerpunkt sind wir zwischen L\u00fcneburg, Harburg und Geesthacht t\u00e4tig. Weiter unten auf|Am Ende} dieser Seite haben wir unser Vertriebsgebiet f\u00fcr Sie n\u00e4her aufgef\u00fchrt. <\/p>\n<h3>Bauwerksabdichtung: Wir sanieren kompetent und schnell!<\/h3>\n<p>Feuchtes Mauerwerk ist eine massive Bedrohung f\u00fcr die Bausubstanz eines Geb\u00e4udes. Insbesondere ein erh\u00f6hter Grundwasserspiegel oder die leichte Hanglage eines Geb\u00e4udes k\u00f6nnen Feuchtigkeitssch\u00e4den f\u00f6rdern und sich auf lange Sicht bestandsgef\u00e4hrdend auswirken. Eigent\u00fcmer, die mit diesem<br \/>\nThema konfrontiert sind, sollten \u00fcber eine ausgedehnte Bauwerksabdichtung nachdenken. Eine qualifiziert ausgef\u00fchrte Bauwerksabdichtung regelt das Feuchtigkeitsproblem auf Dauer und sichert den Wert eines Bauwerkes. Die fachgerecht erledigte Bauwerksabdichtung ist eine Investition, die sich rechnet. <\/p>\n<p>Die Bauwerksabdichtung verfolgt den Anspruch, ein Haus langfristig gegen das Eindringen von Feuchtigkeit zu bewahren.<br \/>\nSpricht man von Bauwerksabdichtung, so f\u00e4llt des\u00f6fteren auch das Wort Isolierung.<br \/>\nAls Fachbegriff greift dieser Begriff jedoch doch zu kurz. Recht h\u00e4ufig wird die Bauwerksabdichtung bei der Renovierung und Neuerstellung von Kellern und Untergeschossen genutzt. Aber auch bei Flachdachh\u00e4usern und beim Verandabau sind Vorkehrungen der Bauwerksabdichtung immer wieder notwendig. <\/p>\n<h4>Bauwerksabdichtung: Wir helfen schnell und kompetent!<\/h4>\n<p>Unsere freundlichen Mitarbeiter sorgen daf\u00fcr, dass Sie qualitativ hochwertige L\u00f6sungen erhalten, die genau Ihren Vorstellungen und W\u00fcnschen entsprechen. Wir bieten Ihnen eine professionell umgesetzte Arbeit nach dem derzeitigen Stand der Technik. <\/p>\n<p>Informationen erhalten Sie unter:<\/p>\n<p>04133 \u2013 22 37 940<\/p>\n<p>Setzen Sie bei den Themen Bauwerksabdichtung und Sanierung auf die Expertise eines erfahrenen Fachbetriebes. Wir w\u00fcrden uns freuen, wenn wir Ihnen helfen k\u00f6nnen. F\u00fcr einen Termin rufen Sie uns bitte unter der obigen Telefonnummer an oder senden Sie uns eine Mail. Wenn es um Sanierungsarbeiten geht, sind wir Ihr qualifizierter Partner.<\/p>\n","protected":false},"excerpt":{"rendered":"<p>Wir finden es toll, dass Sie unsere Homepage gefunden haben. Auf den n\u00e4chsten Seiten m\u00f6chten wir uns und unsere Arbeit n\u00e4her vorstellen. Ein paar Worte \u00fcber unsere Unternehmung: Die Firma TK-Geb\u00e4udetechnik Thorsten Keul ist Ihr Fachbetrieb im Bereich Sanierung und Bauwerksabdichtung. Ans\u00e4ssig sind wir in Brietlingen bei L\u00fcneburg. Jahrelange Erfahrung macht unsere Arbeitsleistung zu einer [&hellip;]<\/p>\n","protected":false},"author":1,"featured_media":0,"parent":0,"menu_order":0,"comment_status":"closed","ping_status":"closed","template":"","meta":{"footnotes":""},"class_list":["post-689","page","type-page","status-publish","hentry"],"meta_box":{"popseo_subtitel":"Wir sind Ihr Partner in Sachen Bauwerksabdichtung","popseo_subtitel2":"","popseo_lasttitel":"","popseo_region":"","popseo_sachwort":"Bauwerksabdichtung","popseo_noupdate":"","popseo_einleitungstext":"","popseo_schlusstext":"","popseo_stadttext":"","popseo_zusatztext":"","popseo_links":"<a href=\"https:\/\/bautenschutz-keul.de\/angebote\/schimmelsanierung-tostedt-sittensen\/\">Schimmelsanierung Tostedt Sittensen<\/a>, <a href=\"https:\/\/bautenschutz-keul.de\/angebote\/kellertrockenlegung-winsen-luhe\/\">Kellertrockenlegung Winsen Luhe<\/a>, <a href=\"https:\/\/bautenschutz-keul.de\/angebote\/kellertrockenlegung-bad-bevensen\/\">Kellertrockenlegung Bad Bevensen<\/a>, <a href=\"https:\/\/bautenschutz-keul.de\/angebote\/innenabdichtung-buchholz-in-der-nordheide\/\">Innenabdichtung Buchholz in der Nordheide<\/a>, <a href=\"https:\/\/bautenschutz-keul.de\/angebote\/aufsteigende-feuchtigkeit-reppenstedt\/\">aufsteigende Feuchtigkeit Reppenstedt<\/a>, <a href=\"https:\/\/bautenschutz-keul.de\/angebote\/kellertrockenlegung-ebstorf\/\">Kellertrockenlegung Ebstorf<\/a>, <a href=\"https:\/\/bautenschutz-keul.de\/angebote\/rissverpressung-jesteburg\/\">Rissverpressung Jesteburg<\/a>, <a href=\"https:\/\/bautenschutz-keul.de\/angebote\/zerstoerter-putz-bad-bevensen\/\">zerst\u00f6rter Putz Bad Bevensen<\/a>, <a href=\"https:\/\/bautenschutz-keul.de\/angebote\/kellertrockenlegung-adendorf\/\">Kellertrockenlegung Adendorf<\/a>, <a href=\"https:\/\/bautenschutz-keul.de\/angebote\/feuchte-mauer-schwarzenbek\/\">Feuchte Mauer Schwarzenbek<\/a>, <a href=\"https:\/\/bautenschutz-keul.de\/angebote\/schimmelbeseitigung-reinbek-aumuehle\/\">Schimmelbeseitigung Reinbek Aum\u00fchle<\/a>, <a href=\"https:\/\/bautenschutz-keul.de\/angebote\/schimmelbeseitigung-harburg\/\">Schimmelbeseitigung Harburg<\/a>, <a href=\"https:\/\/bautenschutz-keul.de\/angebote\/zerstoerter-putz-maschen\/\">zerst\u00f6rter Putz Maschen<\/a>, <a href=\"https:\/\/bautenschutz-keul.de\/angebote\/aufsteigende-feuchtigkeit-lueneburg\/\">aufsteigende Feuchtigkeit L\u00fcneburg<\/a>, <a href=\"https:\/\/bautenschutz-keul.de\/angebote\/feuchter-keller-boizenburg\/\">Feuchter Keller Boizenburg<\/a>, <a href=\"https:\/\/bautenschutz-keul.de\/angebote\/kellertrockenlegung-harburg\/\">Kellertrockenlegung Harburg<\/a>, <a href=\"https:\/\/bautenschutz-keul.de\/angebote\/kellerabdichtung-herzogtum-lauenburg\/\">Kellerabdichtung Herzogtum Lauenburg<\/a>, <a href=\"https:\/\/bautenschutz-keul.de\/angebote\/schimmelbeseitigung-bardowick\/\">Schimmelbeseitigung Bardowick<\/a>, <a href=\"https:\/\/bautenschutz-keul.de\/angebote\/schimmel-tostedt-sittensen\/\">Schimmel Tostedt Sittensen<\/a>, <a href=\"https:\/\/bautenschutz-keul.de\/angebote\/kellerabdichtung-tostedt-sittensen\/\">Kellerabdichtung Tostedt Sittensen<\/a>, <a href=\"https:\/\/bautenschutz-keul.de\/angebote\/aussenabdichtung-schwarzenbek\/\">Au\u00dfenabdichtung Schwarzenbek<\/a>, <a href=\"https:\/\/bautenschutz-keul.de\/angebote\/schimmelsanierung-uelzen\/\">Schimmelsanierung Uelzen<\/a>, <a href=\"https:\/\/bautenschutz-keul.de\/angebote\/feuchtigkeit-brietlingen\/\">Feuchtigkeit Brietlingen<\/a>, <a href=\"https:\/\/bautenschutz-keul.de\/angebote\/mauertrockenlegung-jesteburg\/\">Mauertrockenlegung Jesteburg<\/a>, <a href=\"https:\/\/bautenschutz-keul.de\/angebote\/kellersanierung-ebstorf\/\">Kellersanierung Ebstorf<\/a>, <a href=\"https:\/\/bautenschutz-keul.de\/angebote\/feuchtigkeit-winsen-luhe\/\">Feuchtigkeit Winsen Luhe<\/a>, <a href=\"https:\/\/bautenschutz-keul.de\/angebote\/horizontalsperre-harburg\/\">Horizontalsperre Harburg<\/a>, <a href=\"https:\/\/bautenschutz-keul.de\/angebote\/feuchte-wand-salzhausen\/\">Feuchte Wand Salzhausen<\/a>"},"_links":{"self":[{"href":"https:\/\/bautenschutz-keul.de\/angebote\/wp-json\/wp\/v2\/pages\/689","targetHints":{"allow":["GET"]}}],"collection":[{"href":"https:\/\/bautenschutz-keul.de\/angebote\/wp-json\/wp\/v2\/pages"}],"about":[{"href":"https:\/\/bautenschutz-keul.de\/angebote\/wp-json\/wp\/v2\/types\/page"}],"author":[{"embeddable":true,"href":"https:\/\/bautenschutz-keul.de\/angebote\/wp-json\/wp\/v2\/users\/1"}],"replies":[{"embeddable":true,"href":"https:\/\/bautenschutz-keul.de\/angebote\/wp-json\/wp\/v2\/comments?post=689"}],"version-history":[{"count":0,"href":"https:\/\/bautenschutz-keul.de\/angebote\/wp-json\/wp\/v2\/pages\/689\/revisions"}],"wp:attachment":[{"href":"https:\/\/bautenschutz-keul.de\/angebote\/wp-json\/wp\/v2\/media?parent=689"}],"curies":[{"name":"wp","href":"https:\/\/api.w.org\/{rel}","templated":true}]}}