{"id":690,"date":"2021-09-13T08:44:58","date_gmt":"2021-09-13T06:44:58","guid":{"rendered":"https:\/\/bautenschutz-keul.de\/angebote\/feuchtigkeit\/"},"modified":"2021-09-13T08:44:58","modified_gmt":"2021-09-13T06:44:58","slug":"feuchtigkeit","status":"publish","type":"page","link":"https:\/\/bautenschutz-keul.de\/angebote\/feuchtigkeit\/","title":{"rendered":"Feuchtigkeit"},"content":{"rendered":"<p>Wir finden es klasse, dass Sie unsere Internetseite entdeckt haben. Auf den n\u00e4chsten Seiten m\u00f6chten wir uns und unsere Arbeit ausf\u00fchrlich vorstellen. Ein paar Worte zu uns: Die Firma TK-Geb\u00e4udetechnik Thorsten Keul ist Ihr erfahrener Experte im Bereich Sanierung und Bauwerksabdichtung. Ans\u00e4ssig sind wir in Brietlingen bei L\u00fcneburg. Viele Jahre Berufserfahrung macht unsere Arbeit zu einer verl\u00e4sslichen Gr\u00f6\u00dfe. Als Spezialist geh\u00f6ren Auswahl und Verarbeitung hochwertiger Sanierungsprodukte zu unseren Kernkompetenzen. Wir beraten Sie gerne individuell \u00fcber Ihre M\u00f6glichkeiten und \u00fcbernehmen alle Arbeiten. <\/p>\n<p>Wir erledigen beispielsweise eine fachgerechte Mauertrockenlegung und Schimmelsanierung f\u00fcr Sie. Nat\u00fcrlich k\u00fcmmern wir uns ebenso um aufsteigende Feuchtigkeit. Auch gegen nasse Mauern, Keller und W\u00e4nde halten wir f\u00fcr Sie eine L\u00f6sung bereit. Schwerpunktm\u00e4\u00dfig sind wir zwischen L\u00fcneburg, Harburg und Geesthacht f\u00fcr unsere Kunden im Einsatz. Weiter unten auf|Am Ende} dieser Website haben wir unser Vertriebsgebiet f\u00fcr Sie n\u00e4her aufgef\u00fchrt. <\/p>\n<h3>Feuchtigkeit: Unsere Mitarbeiter stehen f\u00fcr Sie bereit!<\/h3>\n<p>Nicht saniert kann sich eindringende Feuchtigkeit zu einem schwerwiegenden Problem entwickeln. Dementsprechend gut beraten sind Geb\u00e4udeeigent\u00fcmer, wenn sie sich fr\u00fch \u00fcber potentielle Sanierungspraktiken kundig machen. Feuchtigkeit in den W\u00e4nden muss nicht zwingend zeitaufw\u00e4ndige Instandsetzungsarbeiten zur Folge haben. Fr\u00fch genug entdeckt, kann sich der Sanierungsaufwand fast immer in Grenzen halten. Feuchtigkeit, die sich l\u00e4ngerfristig in den Mauern festsetzt, kann ganz ohne Zweifel negative Folgen auf Gesundheit und Wohlergehen der Immobiliennutzer haben. Aus diesem Grunde ist es sehr notwendig, sofort gegen Feuchtigkeit vorzugehen.    <\/p>\n<p>Ehe mit der Ma\u00dfnahme begonnen werden kann, ist eine exakte Pr\u00fcfung der Ursachen f\u00fcr die Entstehung von Feuchtigkeit von N\u00f6ten. Feuchtigkeit in Mauern und W\u00e4nden l\u00e4sst sich ohne eine gr\u00fcndliche Suche nicht langfristig beheben. Einsickernde Feuchtigkeit kann viele Ursachen haben. Oftmals liegt die Ursache in einer fehlerhaften Luftzufuhr. Auch kann eine unentdeckte Leckage an einem Entw\u00e4sserungsrohr<br \/>\nder Grund f\u00fcr die Feuchtigkeit sein. Findet man die Ursache, kann man Feuchtigkeit erfahrungsgem\u00e4\u00df schnell<br \/>\nund problemlos beseitigen. Von Au\u00dfen einsickernde Feuchtigkeit ist ein wiederkehrendes Thema. Beispielsweise ist es denkbar, dass hohes Grundwasser dazu f\u00fchrt, dass st\u00e4ndig Feuchtigkeit in das Mauerwerk sickert. Genauso beg\u00fcnstigt eine Hanglage einen best\u00e4ndigen Feuchtigkeitseintritt.<\/p>\n<h4>Feuchtigkeit: Fragen Sie den Sanierungsprofi!<\/h4>\n<p>Die Sanierungsexperten unserer Firma sorgen daf\u00fcr, dass Sie passgenaue L\u00f6sungen bekommen, die exakt Ihren W\u00fcnschen und Vorstellungen entsprechen. Wir versprechen Ihnen eine professionell umgesetzte Arbeit nach dem heutigen Stand der Sanierungstechnik. <\/p>\n<p>Wenn Sie uns anrufen m\u00f6chten:<\/p>\n<p>04133 \u2013 22 37 940<\/p>\n<p>Vertrauen Sie beim Thema Geb\u00e4udesanierung den Spezialisten der Firma Keul. Wir freuen uns darauf, Ihnen helfen zu d\u00fcrfen. F\u00fcr eine Terminvereibarung rufen Sie uns bitte unter der oben stehenden Telefonnummer an oder schicken Sie uns eine Email. Wenn es um Sanierungsarbeiten geht, sind wir Ihr qualifizierter Partner.<\/p>\n","protected":false},"excerpt":{"rendered":"<p>Wir finden es klasse, dass Sie unsere Internetseite entdeckt haben. Auf den n\u00e4chsten Seiten m\u00f6chten wir uns und unsere Arbeit ausf\u00fchrlich vorstellen. Ein paar Worte zu uns: Die Firma TK-Geb\u00e4udetechnik Thorsten Keul ist Ihr erfahrener Experte im Bereich Sanierung und Bauwerksabdichtung. Ans\u00e4ssig sind wir in Brietlingen bei L\u00fcneburg. Viele Jahre Berufserfahrung macht unsere Arbeit zu [&hellip;]<\/p>\n","protected":false},"author":1,"featured_media":0,"parent":0,"menu_order":0,"comment_status":"closed","ping_status":"closed","template":"","meta":{"footnotes":""},"class_list":["post-690","page","type-page","status-publish","hentry"],"meta_box":{"popseo_subtitel":"Wir sind Ihr erfahrener Experte beim Kampf gegen Feuchtigkeit","popseo_subtitel2":"","popseo_lasttitel":"","popseo_region":"","popseo_sachwort":"Feuchtigkeit","popseo_noupdate":"","popseo_einleitungstext":"","popseo_schlusstext":"","popseo_stadttext":"","popseo_zusatztext":"","popseo_links":"<a href=\"https:\/\/bautenschutz-keul.de\/angebote\/zerstoerter-putz-herzogtum-lauenburg\/\">zerst\u00f6rter Putz Herzogtum Lauenburg<\/a>, <a href=\"https:\/\/bautenschutz-keul.de\/angebote\/mauertrockenlegung-amelinghausen\/\">Mauertrockenlegung Amelinghausen<\/a>, <a href=\"https:\/\/bautenschutz-keul.de\/angebote\/salpeter-im-keller-buechen\/\">Salpeter im Keller B\u00fcchen<\/a>, <a href=\"https:\/\/bautenschutz-keul.de\/angebote\/aussenabdichtung-bergedorf-wentorf\/\">Au\u00dfenabdichtung Bergedorf Wentorf<\/a>, <a href=\"https:\/\/bautenschutz-keul.de\/angebote\/bauwerksabdichtung-hanstedt\/\">Bauwerksabdichtung Hanstedt<\/a>, <a href=\"https:\/\/bautenschutz-keul.de\/angebote\/innenabdichtung-amelinghausen\/\">Innenabdichtung Amelinghausen<\/a>, <a href=\"https:\/\/bautenschutz-keul.de\/angebote\/horizontalsperre-uelzen\/\">Horizontalsperre Uelzen<\/a>, <a href=\"https:\/\/bautenschutz-keul.de\/angebote\/innenabdichtung-buchholz-in-der-nordheide\/\">Innenabdichtung Buchholz in der Nordheide<\/a>, <a href=\"https:\/\/bautenschutz-keul.de\/angebote\/feuchte-wand-bergedorf-wentorf\/\">Feuchte Wand Bergedorf Wentorf<\/a>, <a href=\"https:\/\/bautenschutz-keul.de\/angebote\/feuchtigkeitsschaden-uelzen\/\">Feuchtigkeitsschaden Uelzen<\/a>, <a href=\"https:\/\/bautenschutz-keul.de\/angebote\/horizontalsperre-buchholz-in-der-nordheide\/\">Horizontalsperre Buchholz in der Nordheide<\/a>, <a href=\"https:\/\/bautenschutz-keul.de\/angebote\/schimmel-ebstorf\/\">Schimmel Ebstorf<\/a>, <a href=\"https:\/\/bautenschutz-keul.de\/angebote\/bauwerksabdichtung-bispingen\/\">Bauwerksabdichtung Bispingen<\/a>, <a href=\"https:\/\/bautenschutz-keul.de\/angebote\/feuchte-wand-reinbek-aumuehle\/\">Feuchte Wand Reinbek Aum\u00fchle<\/a>, <a href=\"https:\/\/bautenschutz-keul.de\/angebote\/kellersanierung-tostedt-sittensen\/\">Kellersanierung Tostedt Sittensen<\/a>, <a href=\"https:\/\/bautenschutz-keul.de\/angebote\/schimmel-bienenbuettel\/\">Schimmel Bienenb\u00fcttel<\/a>, <a href=\"https:\/\/bautenschutz-keul.de\/angebote\/schimmelsanierung-amelinghausen\/\">Schimmelsanierung Amelinghausen<\/a>, <a href=\"https:\/\/bautenschutz-keul.de\/angebote\/aussenabdichtung-amelinghausen\/\">Au\u00dfenabdichtung Amelinghausen<\/a>, <a href=\"https:\/\/bautenschutz-keul.de\/angebote\/schimmel-uelzen\/\">Schimmel Uelzen<\/a>, <a href=\"https:\/\/bautenschutz-keul.de\/angebote\/feuchte-wand-brietlingen\/\">Feuchte Wand Brietlingen<\/a>, <a href=\"https:\/\/bautenschutz-keul.de\/angebote\/feuchte-wand-harburg\/\">Feuchte Wand Harburg<\/a>, <a href=\"https:\/\/bautenschutz-keul.de\/angebote\/bauwerksabdichtung-seevetal-rosengarten\/\">Bauwerksabdichtung Seevetal Rosengarten<\/a>, <a href=\"https:\/\/bautenschutz-keul.de\/angebote\/feuchte-wand-buechen\/\">Feuchte Wand B\u00fcchen<\/a>, <a href=\"https:\/\/bautenschutz-keul.de\/angebote\/feuchtigkeitsschaden-glinde-sachsenwald\/\">Feuchtigkeitsschaden Glinde Sachsenwald<\/a>, <a href=\"https:\/\/bautenschutz-keul.de\/angebote\/innenabdichtung-maschen\/\">Innenabdichtung Maschen<\/a>, <a href=\"https:\/\/bautenschutz-keul.de\/angebote\/schimmelsanierung-winsen-luhe\/\">Schimmelsanierung Winsen Luhe<\/a>, <a href=\"https:\/\/bautenschutz-keul.de\/angebote\/aufsteigende-feuchtigkeit-salzhausen\/\">aufsteigende Feuchtigkeit Salzhausen<\/a>, <a href=\"https:\/\/bautenschutz-keul.de\/angebote\/zerstoerter-putz-geesthacht\/\">zerst\u00f6rter Putz Geesthacht<\/a>"},"_links":{"self":[{"href":"https:\/\/bautenschutz-keul.de\/angebote\/wp-json\/wp\/v2\/pages\/690","targetHints":{"allow":["GET"]}}],"collection":[{"href":"https:\/\/bautenschutz-keul.de\/angebote\/wp-json\/wp\/v2\/pages"}],"about":[{"href":"https:\/\/bautenschutz-keul.de\/angebote\/wp-json\/wp\/v2\/types\/page"}],"author":[{"embeddable":true,"href":"https:\/\/bautenschutz-keul.de\/angebote\/wp-json\/wp\/v2\/users\/1"}],"replies":[{"embeddable":true,"href":"https:\/\/bautenschutz-keul.de\/angebote\/wp-json\/wp\/v2\/comments?post=690"}],"version-history":[{"count":0,"href":"https:\/\/bautenschutz-keul.de\/angebote\/wp-json\/wp\/v2\/pages\/690\/revisions"}],"wp:attachment":[{"href":"https:\/\/bautenschutz-keul.de\/angebote\/wp-json\/wp\/v2\/media?parent=690"}],"curies":[{"name":"wp","href":"https:\/\/api.w.org\/{rel}","templated":true}]}}