{"id":691,"date":"2021-09-13T08:44:58","date_gmt":"2021-09-13T06:44:58","guid":{"rendered":"https:\/\/bautenschutz-keul.de\/angebote\/feuchtigkeitsschaden\/"},"modified":"2021-09-13T08:44:58","modified_gmt":"2021-09-13T06:44:58","slug":"feuchtigkeitsschaden","status":"publish","type":"page","link":"https:\/\/bautenschutz-keul.de\/angebote\/feuchtigkeitsschaden\/","title":{"rendered":"Feuchtigkeitsschaden"},"content":{"rendered":"<p>Wir freuen uns, dass Sie unsere Internetseite gefunden haben. Auf den nachfolgenden Seiten d\u00fcrfen wir uns und unsere Arbeit n\u00e4her pr\u00e4sentieren. Ein paar Worte zu uns: Die Firma TK-Geb\u00e4udetechnik Thorsten Keul ist Ihr Spezialist im Bereich Sanierung und Bauwerksabdichtung. Ans\u00e4ssig sind wir in Brietlingen bei L\u00fcneburg. Viele Jahre Erfahrung macht unsere Arbeit zu einer redlichen Gr\u00f6\u00dfe. Als spezialisiertes Unternehmen geh\u00f6ren Auswahl und Verarbeitung hochwertiger Sanierungsmaterialien zu unseren Kernkompetenzen. Wir beraten Sie gerne ausf\u00fchrlich und immer individuell und \u00fcbernehmen s\u00e4mtliche Arbeiten. <\/p>\n<p>Wir erledigen unter anderem eine fachgerechte Mauertrockenlegung und Schimmelsanierung f\u00fcr Sie. Selbstverst\u00e4ndlich k\u00fcmmern wir uns ebenso um aufsteigende Feuchtigkeit. Auch gegen nasse W\u00e4nde, Mauern und Keller halten wir f\u00fcr Sie eine L\u00f6sung bereit. Insbesonderet sind wir zwischen L\u00fcneburg, Geesthacht und Harburg f\u00fcr unsere Kunden im Einsatz. Weiter unten auf|Am Ende} dieser Website haben wir unser Vertriebsgebiet f\u00fcr Sie detailliert aufgelistet.<br \/>\nn\u00e4her aufgef\u00fchrt}. <\/p>\n<h3>Wir helfen rasch bei einem Feuchtigkeitsschaden!<\/h3>\n<p>Als einen Feuchtigkeitsschaden bezeichnet man einen Schaden an der Bausubstanz, der durch einsickernde Feuchtigkeit an einem Bauwerk hervorgerufen wird. Zu einem Feuchtigkeitsschaden kann es z.B. durch dauerhafte Bodenn\u00e4sse, negative Witterungseinfl\u00fcsse<br \/>\noder durch heftige Kondensation kommen. Trotz der begrifflichen N\u00e4he ist der Feuchtigkeitsschaden nicht mit einem Wasserschaden zu verwechseln. Ein Wasserschaden ist im Vergleich zum Feuchtigkeitsschaden auf ein mehr spontanes Ereignis wie zum Beispiel einen Leitungsschaden oder auch einer \u00dcberschwemmung zur\u00fcckzuf\u00fchren. Ein Feuchtigkeitsschaden kann zu einem ernsten Problemfall f\u00fcr die Substanz eines Hauses werden. Ein Feuchtigkeitsschaden, der nicht behoben wird, kann auch negative Auswirkungen auf Wohlbefinden und Verfassung der Hausbewohner haben. Schimmelbildung und Sporenablagerungen sind vielfach die Basis f\u00fcr gesundheitliche Sch\u00e4den. Ein Grund mehr, dem Feuchtigkeitsschaden effektiv zu erledigen.  <\/p>\n<h4>Feuchtigkeitsschaden: Wir sind kompetent und erfahren bei der Sanierung<\/h4>\n<p>Die Sanierungsexperten unserer Firma sorgen daf\u00fcr, dass Sie qualitative und individuelle L\u00f6sungen erhalten, die genau Ihren W\u00fcnschen und Vorstellungen entsprechen. Wir bieten Ihnen eine fachkundig umgesetzte Arbeit nach dem neuesten Stand der Sanierungstechnik. <\/p>\n<p>Sie erreichen uns telefonisch:<\/p>\n<p>04133 \u2013 22 37 940<\/p>\n<p>Vertrauen Sie beim Thema Geb\u00e4udesanierung den Spezialisten der Firma Keul. Wir freuen uns auf den Kontakt zu Ihnen. F\u00fcr einen Gespr\u00e4chstermin rufen Sie uns bitte unter der obigen Telefonnummer an oder schreiben Sie uns eine Mail. Wenn es um Sanierungsarbeiten geht, sind wir Ihr qualifizierter Partner.<\/p>\n","protected":false},"excerpt":{"rendered":"<p>Wir freuen uns, dass Sie unsere Internetseite gefunden haben. Auf den nachfolgenden Seiten d\u00fcrfen wir uns und unsere Arbeit n\u00e4her pr\u00e4sentieren. Ein paar Worte zu uns: Die Firma TK-Geb\u00e4udetechnik Thorsten Keul ist Ihr Spezialist im Bereich Sanierung und Bauwerksabdichtung. Ans\u00e4ssig sind wir in Brietlingen bei L\u00fcneburg. Viele Jahre Erfahrung macht unsere Arbeit zu einer redlichen [&hellip;]<\/p>\n","protected":false},"author":1,"featured_media":0,"parent":0,"menu_order":0,"comment_status":"closed","ping_status":"closed","template":"","meta":{"footnotes":""},"class_list":["post-691","page","type-page","status-publish","hentry"],"meta_box":{"popseo_subtitel":"Wir sind Ihr erfahrener Experte f\u00fcr die Sanierung vom Feuchtigkeitsschaden","popseo_subtitel2":"","popseo_lasttitel":"","popseo_region":"","popseo_sachwort":"Feuchtigkeitsschaden","popseo_noupdate":"","popseo_einleitungstext":"","popseo_schlusstext":"","popseo_stadttext":"","popseo_zusatztext":"","popseo_links":"<a href=\"https:\/\/bautenschutz-keul.de\/angebote\/schimmelbeseitigung-buechen\/\">Schimmelbeseitigung B\u00fcchen<\/a>, <a href=\"https:\/\/bautenschutz-keul.de\/angebote\/horizontalsperre-buchholz-in-der-nordheide\/\">Horizontalsperre Buchholz in der Nordheide<\/a>, <a href=\"https:\/\/bautenschutz-keul.de\/angebote\/feuchte-wand-stelle\/\">Feuchte Wand Stelle<\/a>, <a href=\"https:\/\/bautenschutz-keul.de\/angebote\/rissverpressung-adendorf\/\">Rissverpressung Adendorf<\/a>, <a href=\"https:\/\/bautenschutz-keul.de\/angebote\/feuchtigkeit-boizenburg\/\">Feuchtigkeit Boizenburg<\/a>, <a href=\"https:\/\/bautenschutz-keul.de\/angebote\/innenabdichtung-uelzen\/\">Innenabdichtung Uelzen<\/a>, <a href=\"https:\/\/bautenschutz-keul.de\/angebote\/horizontalsperre-amelinghausen\/\">Horizontalsperre Amelinghausen<\/a>, <a href=\"https:\/\/bautenschutz-keul.de\/angebote\/feuchtigkeit-winsen-luhe\/\">Feuchtigkeit Winsen Luhe<\/a>, <a href=\"https:\/\/bautenschutz-keul.de\/angebote\/schimmel-bienenbuettel\/\">Schimmel Bienenb\u00fcttel<\/a>, <a href=\"https:\/\/bautenschutz-keul.de\/angebote\/bauwerksabdichtung-adendorf\/\">Bauwerksabdichtung Adendorf<\/a>, <a href=\"https:\/\/bautenschutz-keul.de\/angebote\/schimmelbeseitigung-glinde-sachsenwald\/\">Schimmelbeseitigung Glinde Sachsenwald<\/a>, <a href=\"https:\/\/bautenschutz-keul.de\/angebote\/feuchte-wand-glinde-sachsenwald\/\">Feuchte Wand Glinde Sachsenwald<\/a>, <a href=\"https:\/\/bautenschutz-keul.de\/angebote\/innenabdichtung-lueneburg\/\">Innenabdichtung L\u00fcneburg<\/a>, <a href=\"https:\/\/bautenschutz-keul.de\/angebote\/aussenabdichtung-reinbek-aumuehle\/\">Au\u00dfenabdichtung Reinbek Aum\u00fchle<\/a>, <a href=\"https:\/\/bautenschutz-keul.de\/angebote\/aussenabdichtung-buechen\/\">Au\u00dfenabdichtung B\u00fcchen<\/a>, <a href=\"https:\/\/bautenschutz-keul.de\/angebote\/zerstoerter-putz-glinde-sachsenwald\/\">zerst\u00f6rter Putz Glinde Sachsenwald<\/a>, <a href=\"https:\/\/bautenschutz-keul.de\/angebote\/aufsteigende-feuchtigkeit-herzogtum-lauenburg\/\">aufsteigende Feuchtigkeit Herzogtum Lauenburg<\/a>, <a href=\"https:\/\/bautenschutz-keul.de\/angebote\/mauertrockenlegung-schwarzenbek\/\">Mauertrockenlegung Schwarzenbek<\/a>, <a href=\"https:\/\/bautenschutz-keul.de\/angebote\/schimmelbeseitigung-bad-bevensen\/\">Schimmelbeseitigung Bad Bevensen<\/a>, <a href=\"https:\/\/bautenschutz-keul.de\/angebote\/rissverpressung-harburg\/\">Rissverpressung Harburg<\/a>, <a href=\"https:\/\/bautenschutz-keul.de\/angebote\/feuchte-wand-jesteburg\/\">Feuchte Wand Jesteburg<\/a>, <a href=\"https:\/\/bautenschutz-keul.de\/angebote\/kellerabdichtung-jesteburg\/\">Kellerabdichtung Jesteburg<\/a>, <a href=\"https:\/\/bautenschutz-keul.de\/angebote\/innenabdichtung-maschen\/\">Innenabdichtung Maschen<\/a>, <a href=\"https:\/\/bautenschutz-keul.de\/angebote\/kellersanierung-geesthacht\/\">Kellersanierung Geesthacht<\/a>, <a href=\"https:\/\/bautenschutz-keul.de\/angebote\/horizontalsperre-stelle\/\">Horizontalsperre Stelle<\/a>, <a href=\"https:\/\/bautenschutz-keul.de\/angebote\/horizontalsperre-geesthacht\/\">Horizontalsperre Geesthacht<\/a>, <a href=\"https:\/\/bautenschutz-keul.de\/angebote\/kellertrockenlegung-tostedt-sittensen\/\">Kellertrockenlegung Tostedt Sittensen<\/a>, <a href=\"https:\/\/bautenschutz-keul.de\/angebote\/schimmelsanierung-buchholz-in-der-nordheide\/\">Schimmelsanierung Buchholz in der Nordheide<\/a>"},"_links":{"self":[{"href":"https:\/\/bautenschutz-keul.de\/angebote\/wp-json\/wp\/v2\/pages\/691","targetHints":{"allow":["GET"]}}],"collection":[{"href":"https:\/\/bautenschutz-keul.de\/angebote\/wp-json\/wp\/v2\/pages"}],"about":[{"href":"https:\/\/bautenschutz-keul.de\/angebote\/wp-json\/wp\/v2\/types\/page"}],"author":[{"embeddable":true,"href":"https:\/\/bautenschutz-keul.de\/angebote\/wp-json\/wp\/v2\/users\/1"}],"replies":[{"embeddable":true,"href":"https:\/\/bautenschutz-keul.de\/angebote\/wp-json\/wp\/v2\/comments?post=691"}],"version-history":[{"count":0,"href":"https:\/\/bautenschutz-keul.de\/angebote\/wp-json\/wp\/v2\/pages\/691\/revisions"}],"wp:attachment":[{"href":"https:\/\/bautenschutz-keul.de\/angebote\/wp-json\/wp\/v2\/media?parent=691"}],"curies":[{"name":"wp","href":"https:\/\/api.w.org\/{rel}","templated":true}]}}