{"id":692,"date":"2021-09-13T08:44:58","date_gmt":"2021-09-13T06:44:58","guid":{"rendered":"https:\/\/bautenschutz-keul.de\/angebote\/horizontalsperre\/"},"modified":"2021-09-13T08:44:58","modified_gmt":"2021-09-13T06:44:58","slug":"horizontalsperre","status":"publish","type":"page","link":"https:\/\/bautenschutz-keul.de\/angebote\/horizontalsperre\/","title":{"rendered":"Horizontalsperre"},"content":{"rendered":"<p>Prima, dass Sie unsere Homepage entdeckt haben. Auf den folgenden Seiten d\u00fcrfen wir uns und unsere Arbeit detailliert vorstellen. Zu unserem Unternehmen: Die Firma TK-Geb\u00e4udetechnik Thorsten Keul ist Ihr Partner im Bereich Sanierung und Bauwerksabdichtung. Ans\u00e4ssig sind wir in Brietlingen bei L\u00fcneburg. Intensive Berufserfahrung macht unsere Arbeit zu einer verl\u00e4sslichen Gr\u00f6\u00dfe. Als Spezialist geh\u00f6ren Auswahl und Verarbeitung hochwertiger Sanierungsmaterialien zu unseren Kernkompetenzen. Wir beraten Sie gerne individuell \u00fcber Ihre M\u00f6glichkeiten und \u00fcbernehmen s\u00e4mtliche Arbeiten. <\/p>\n<p>Wir erledigen z.B. eine fachgerechte Mauertrockenlegung und Schimmelsanierung f\u00fcr Sie. Nat\u00fcrlich k\u00fcmmern wir uns ebenso um aufsteigende Feuchtigkeit. Auch gegen nasse Keller, Mauern und W\u00e4nde kennen wir die richtigen Mittel. Im Schwerpunkt sind wir zwischen L\u00fcneburg, Geesthacht und Harburg t\u00e4tig. Weiter unten auf|Am Ende} dieser Seite haben wir unser Vertriebsgebiet f\u00fcr Sie n\u00e4her aufgef\u00fchrt. <\/p>\n<h3>Horizontalsperre: Schnelle Hilfe durch den Fachbetrieb!<\/h3>\n<p>Eine Horizontalsperre ist eine handwerkliche Methode, die unterbinden soll, dass Feuchtigkeit in W\u00e4nde und Mauern einsickern kann. Eindringende Feuchtigkeit bedroht die Bausubstanz eines Bauwerkes. Immobilieneigent\u00fcmer sind entsprechend gut beraten, konsequent gegen Durchfeuchtungen vorzugehen. Mittlerweile werden die allermeisten H\u00e4user bereits mit einer Horizontalsperre versehen. Bei vielen \u00e4lteren H\u00e4usern fehlt sie indes ganz oder ist mit der Zeit unbrauchbar geworden. Hier gilt es Vers\u00e4umtes nachzuarbeiten. <\/p>\n<p>Bei der Horizontalsperre unterscheidet man prinzipiell drei verschiedene Methoden. Man redet hier zumeist von der chemischen, der mechanischen sowie der elektrophysikalischen Horizontalsperre. Eine mechanische Horizontalabdichtung greift auf Feuchtigkeitssperren aus Edelstahl, Kunststoff beziehungsweise Mauerpappe zur\u00fcck. Ins Mauerwerk integriert, verhindern diese Werkstoffe die sch\u00e4digende Ausdehnung von N\u00e4sse. Beim Vorgang der chemischen Horizontalsperre werden bestimmte Dichtungsstoffe nachtr\u00e4glich in die Mauer eingebracht.<br \/>\nDie elektrolytische Horizontalabdichtung schlie\u00dflich vertraut auf die Methode der sogenannten Elektromose. Darunter wird eine Technik verstanden, bei welcher ein elektrisches Feld parallel zur Fassade erzeugt wird. Die Wirksamkeit der elektrolytischen Horizontalsperre ist ebenfalls sehr gut. Eine professionell ausgef\u00fchrte Horizontalabdichtung ist eine gewinnbringende Investition. Feuchtes Mauerwerk bedroht den Wert eines Geb\u00e4udes.<\/p>\n<h4>Horizontalsperre: F\u00fcr die Spezialisten unserer Firma kein Problem!<\/h4>\n<p>Unsere freundlichen und engagierten Spezialisten sorgen daf\u00fcr, dass Sie passgenaue L\u00f6sungen erhalten, die exakt Ihren Vorstellungen und W\u00fcnschen entsprechen. Wir versprechen Ihnen eine professionell erledigte Arbeit nach dem heutigen Stand der Technik. <\/p>\n<p>Unsere Telefonnummer:<\/p>\n<p>04133 \u2013 22 37 940<\/p>\n<p>Setzen Sie bei den Themen Bauwerksabdichtung und Sanierung auf die Expertise eines erfahrenen Fachbetriebes. Wir freuen uns darauf, Ihnen helfen zu d\u00fcrfen. F\u00fcr einen Termin rufen Sie uns bitte unter der obigen Telefonnummer an oder senden Sie uns eine Email. Wenn es um Sanierungsarbeiten geht, sind wir Ihr qualifizierter Partner.<\/p>\n","protected":false},"excerpt":{"rendered":"<p>Prima, dass Sie unsere Homepage entdeckt haben. Auf den folgenden Seiten d\u00fcrfen wir uns und unsere Arbeit detailliert vorstellen. Zu unserem Unternehmen: Die Firma TK-Geb\u00e4udetechnik Thorsten Keul ist Ihr Partner im Bereich Sanierung und Bauwerksabdichtung. Ans\u00e4ssig sind wir in Brietlingen bei L\u00fcneburg. Intensive Berufserfahrung macht unsere Arbeit zu einer verl\u00e4sslichen Gr\u00f6\u00dfe. Als Spezialist geh\u00f6ren Auswahl [&hellip;]<\/p>\n","protected":false},"author":1,"featured_media":0,"parent":0,"menu_order":0,"comment_status":"closed","ping_status":"closed","template":"","meta":{"footnotes":""},"class_list":["post-692","page","type-page","status-publish","hentry"],"meta_box":{"popseo_subtitel":"Die Firma TK-Geb\u00e4udetechnik Thorsten Keul ist Ihr erfahrener Experte in Sachen Horizontalsperre","popseo_subtitel2":"","popseo_lasttitel":"","popseo_region":"","popseo_sachwort":"Horizontalsperre","popseo_noupdate":"","popseo_einleitungstext":"","popseo_schlusstext":"","popseo_stadttext":"","popseo_zusatztext":"","popseo_links":"<a href=\"https:\/\/bautenschutz-keul.de\/angebote\/innenabdichtung-buchholz-in-der-nordheide\/\">Innenabdichtung Buchholz in der Nordheide<\/a>, <a href=\"https:\/\/bautenschutz-keul.de\/angebote\/kellersanierung-seevetal-rosengarten\/\">Kellersanierung Seevetal Rosengarten<\/a>, <a href=\"https:\/\/bautenschutz-keul.de\/angebote\/salpeter-im-keller-bardowick\/\">Salpeter im Keller Bardowick<\/a>, <a href=\"https:\/\/bautenschutz-keul.de\/angebote\/feuchtigkeit-amelinghausen\/\">Feuchtigkeit Amelinghausen<\/a>, <a href=\"https:\/\/bautenschutz-keul.de\/angebote\/zerstoerter-putz-amt-neuhaus\/\">zerst\u00f6rter Putz Amt Neuhaus<\/a>, <a href=\"https:\/\/bautenschutz-keul.de\/angebote\/rissverpressung-buchholz-in-der-nordheide\/\">Rissverpressung Buchholz in der Nordheide<\/a>, <a href=\"https:\/\/bautenschutz-keul.de\/angebote\/feuchtigkeitsschaden-harburg\/\">Feuchtigkeitsschaden Harburg<\/a>, <a href=\"https:\/\/bautenschutz-keul.de\/angebote\/aussenabdichtung-maschen\/\">Au\u00dfenabdichtung Maschen<\/a>, <a href=\"https:\/\/bautenschutz-keul.de\/angebote\/schimmelbeseitigung-salzhausen\/\">Schimmelbeseitigung Salzhausen<\/a>, <a href=\"https:\/\/bautenschutz-keul.de\/angebote\/feuchte-mauer-tostedt-sittensen\/\">Feuchte Mauer Tostedt Sittensen<\/a>, <a href=\"https:\/\/bautenschutz-keul.de\/angebote\/innenabdichtung-amt-neuhaus\/\">Innenabdichtung Amt Neuhaus<\/a>, <a href=\"https:\/\/bautenschutz-keul.de\/angebote\/feuchte-wand-herzogtum-lauenburg\/\">Feuchte Wand Herzogtum Lauenburg<\/a>, <a href=\"https:\/\/bautenschutz-keul.de\/angebote\/bauwerksabdichtung-seevetal-rosengarten\/\">Bauwerksabdichtung Seevetal Rosengarten<\/a>, <a href=\"https:\/\/bautenschutz-keul.de\/angebote\/feuchter-keller-jesteburg\/\">Feuchter Keller Jesteburg<\/a>, <a href=\"https:\/\/bautenschutz-keul.de\/angebote\/innenabdichtung-jesteburg\/\">Innenabdichtung Jesteburg<\/a>, <a href=\"https:\/\/bautenschutz-keul.de\/angebote\/aussenabdichtung-buechen\/\">Au\u00dfenabdichtung B\u00fcchen<\/a>, <a href=\"https:\/\/bautenschutz-keul.de\/angebote\/salpeter-im-keller-seevetal-rosengarten\/\">Salpeter im Keller Seevetal Rosengarten<\/a>, <a href=\"https:\/\/bautenschutz-keul.de\/angebote\/aufsteigende-feuchtigkeit-herzogtum-lauenburg\/\">aufsteigende Feuchtigkeit Herzogtum Lauenburg<\/a>, <a href=\"https:\/\/bautenschutz-keul.de\/angebote\/schimmelbeseitigung-bad-bevensen\/\">Schimmelbeseitigung Bad Bevensen<\/a>, <a href=\"https:\/\/bautenschutz-keul.de\/angebote\/salpeter-im-keller-buchholz-in-der-nordheide\/\">Salpeter im Keller Buchholz in der Nordheide<\/a>, <a href=\"https:\/\/bautenschutz-keul.de\/angebote\/schimmelbeseitigung-geesthacht\/\">Schimmelbeseitigung Geesthacht<\/a>, <a href=\"https:\/\/bautenschutz-keul.de\/angebote\/feuchte-mauer-reppenstedt\/\">Feuchte Mauer Reppenstedt<\/a>, <a href=\"https:\/\/bautenschutz-keul.de\/angebote\/mauertrockenlegung-glinde-sachsenwald\/\">Mauertrockenlegung Glinde Sachsenwald<\/a>, <a href=\"https:\/\/bautenschutz-keul.de\/angebote\/feuchte-wand-schwarzenbek\/\">Feuchte Wand Schwarzenbek<\/a>, <a href=\"https:\/\/bautenschutz-keul.de\/angebote\/mauertrockenlegung-lueneburg\/\">Mauertrockenlegung L\u00fcneburg<\/a>, <a href=\"https:\/\/bautenschutz-keul.de\/angebote\/zerstoerter-putz-winsen-luhe\/\">zerst\u00f6rter Putz Winsen Luhe<\/a>, <a href=\"https:\/\/bautenschutz-keul.de\/angebote\/mauertrockenlegung-bardowick\/\">Mauertrockenlegung Bardowick<\/a>, <a href=\"https:\/\/bautenschutz-keul.de\/angebote\/feuchter-keller-buchholz-in-der-nordheide\/\">Feuchter Keller Buchholz in der Nordheide<\/a>"},"_links":{"self":[{"href":"https:\/\/bautenschutz-keul.de\/angebote\/wp-json\/wp\/v2\/pages\/692","targetHints":{"allow":["GET"]}}],"collection":[{"href":"https:\/\/bautenschutz-keul.de\/angebote\/wp-json\/wp\/v2\/pages"}],"about":[{"href":"https:\/\/bautenschutz-keul.de\/angebote\/wp-json\/wp\/v2\/types\/page"}],"author":[{"embeddable":true,"href":"https:\/\/bautenschutz-keul.de\/angebote\/wp-json\/wp\/v2\/users\/1"}],"replies":[{"embeddable":true,"href":"https:\/\/bautenschutz-keul.de\/angebote\/wp-json\/wp\/v2\/comments?post=692"}],"version-history":[{"count":0,"href":"https:\/\/bautenschutz-keul.de\/angebote\/wp-json\/wp\/v2\/pages\/692\/revisions"}],"wp:attachment":[{"href":"https:\/\/bautenschutz-keul.de\/angebote\/wp-json\/wp\/v2\/media?parent=692"}],"curies":[{"name":"wp","href":"https:\/\/api.w.org\/{rel}","templated":true}]}}