{"id":694,"date":"2021-09-13T08:44:58","date_gmt":"2021-09-13T06:44:58","guid":{"rendered":"https:\/\/bautenschutz-keul.de\/angebote\/kellerabdichtung\/"},"modified":"2021-09-13T08:44:58","modified_gmt":"2021-09-13T06:44:58","slug":"kellerabdichtung","status":"publish","type":"page","link":"https:\/\/bautenschutz-keul.de\/angebote\/kellerabdichtung\/","title":{"rendered":"Kellerabdichtung"},"content":{"rendered":"<p>Wir finden es klasse, dass Sie unsere Internetseite entdeckt haben. Auf den folgenden Seiten d\u00fcrfen wir uns und unsere Arbeit detailliert pr\u00e4sentieren. Zu unserem Unternehmen: Die Firma TK-Geb\u00e4udetechnik Thorsten Keul ist Ihr Fachbetrieb im Bereich Bauwerksabdichtung und Sanierung. Ans\u00e4ssig sind wir in Brietlingen bei L\u00fcneburg. Viele Jahre Erfahrung macht unsere Arbeitsleistung zu einer verdienten Gr\u00f6\u00dfe. Als Spezialist geh\u00f6ren Auswahl und Verarbeitung hochwertiger Sanierungsprodukte zu unseren vorrangigen Aufgaben. Wir beraten Sie gerne ausf\u00fchrlich und immer individuell und \u00fcbernehmen alle Arbeiten. <\/p>\n<p>Wir erledigen z.B. eine fachgerechte Mauertrockenlegung und Schimmelsanierung f\u00fcr Sie. Selbstverst\u00e4ndlich k\u00fcmmern wir uns ebenso um aufsteigende Feuchtigkeit. Auch gegen nasse Mauern, W\u00e4nde und Keller kennen wir die richtigen Mittel. Im Schwerpunkt sind wir zwischen L\u00fcneburg, Harburg und Geesthacht besch\u00e4ftigt. Weiter unten auf|Am Ende} dieser Seite haben wir unser Vertriebsgebiet f\u00fcr Sie detailliert aufgelistet. <\/p>\n<h3>Kellerabdichtung: Kompetent und erfahren bei Planung und Ausf\u00fchrung<\/h3>\n<p>Ein feuchter Keller kann die Bausubstanz eines Bauwerkes folgenschwer beeintr\u00e4chtigen.<br \/>\nInsbesondere von au\u00dfen eintretende N\u00e4sse ist ein Thema, welchem sich<br \/>\nHauseigent\u00fcmer dringend annehmen sollten. Eine fachgerecht ausgef\u00fchrte Kellerabdichtung hilft h\u00f6here Aufwendungen zu auszuschlie\u00dfen. Die Umst\u00e4nde, die eine umfassende Kellerabdichtung unumg\u00e4nglich machen, sind meist<br \/>\nvielf\u00e4ltiger Natur. Als gel\u00e4ufigste Ursache sind ein sehr hoher Wasserspiegel und auch Durchfeuchtungen f\u00f6rdernde Hanglagen von Immobilien zu benennen. Als Vorsorge- und Ma\u00dfnahme sollte man demzufolge eine gr\u00f6\u00dfere Kellerabdichtung planen. Um den Sanierungsaufwand zu beurteilen, ist eine Sichtung unmittelbar am entsprechenden Bauk\u00f6rper unbedingt notwendig. Erst wenn man die Ursachen<br \/>\nund den Umfang der N\u00e4ssesch\u00e4den kennt, kann man die entsprechenden Mittel f\u00fcr eine geeignete Kellerabdichtung festlegen.<\/p>\n<h3>Kellerabdichtung: Wir sanieren kompetent und schnell!<\/h3>\n<p>Unser engagiertes Team sorgt daf\u00fcr, dass Sie passgenaue L\u00f6sungen bekommen, die genau Ihren Vorstellungen und W\u00fcnschen entsprechen. Wir bieten Ihnen eine fachm\u00e4nnisch erledigte Arbeit nach dem aktuellsten Stand der Sanierungstechnik. <\/p>\n<p>Greifen Sie bitte zum Telefonh\u00f6rer:<\/p>\n<p>04133 \u2013 22 37 940<\/p>\n<p>Vertrauen Sie bei Bauwerksabdichtung und Sanierung auf das Urteil eines erfahrenen Fachbetriebes. Wir w\u00fcrden uns freuen, wenn wir Ihnen helfen k\u00f6nnen. F\u00fcr einen Termin rufen Sie uns bitte unter der obigen Telefonnummer an oder schreiben Sie uns eine Mail. Wenn es um Sanierungsarbeiten geht, sind wir Ihr kompetenter Partner.<\/p>\n","protected":false},"excerpt":{"rendered":"<p>Wir finden es klasse, dass Sie unsere Internetseite entdeckt haben. Auf den folgenden Seiten d\u00fcrfen wir uns und unsere Arbeit detailliert pr\u00e4sentieren. Zu unserem Unternehmen: Die Firma TK-Geb\u00e4udetechnik Thorsten Keul ist Ihr Fachbetrieb im Bereich Bauwerksabdichtung und Sanierung. Ans\u00e4ssig sind wir in Brietlingen bei L\u00fcneburg. Viele Jahre Erfahrung macht unsere Arbeitsleistung zu einer verdienten Gr\u00f6\u00dfe. [&hellip;]<\/p>\n","protected":false},"author":1,"featured_media":0,"parent":0,"menu_order":0,"comment_status":"closed","ping_status":"closed","template":"","meta":{"footnotes":""},"class_list":["post-694","page","type-page","status-publish","hentry"],"meta_box":{"popseo_subtitel":"Die Firma TK-Geb\u00e4udetechnik Thorsten Keul ist Ihr Partner f\u00fcr eine Kellerabdichtung","popseo_subtitel2":"","popseo_lasttitel":"","popseo_region":"","popseo_sachwort":"Kellerabdichtung","popseo_noupdate":"","popseo_einleitungstext":"","popseo_schlusstext":"","popseo_stadttext":"","popseo_zusatztext":"","popseo_links":"<a href=\"https:\/\/bautenschutz-keul.de\/angebote\/kellersanierung-salzhausen\/\">Kellersanierung Salzhausen<\/a>, <a href=\"https:\/\/bautenschutz-keul.de\/angebote\/feuchte-wand-glinde-sachsenwald\/\">Feuchte Wand Glinde Sachsenwald<\/a>, <a href=\"https:\/\/bautenschutz-keul.de\/angebote\/aufsteigende-feuchtigkeit-winsen-luhe\/\">aufsteigende Feuchtigkeit Winsen Luhe<\/a>, <a href=\"https:\/\/bautenschutz-keul.de\/angebote\/kellertrockenlegung-reppenstedt\/\">Kellertrockenlegung Reppenstedt<\/a>, <a href=\"https:\/\/bautenschutz-keul.de\/angebote\/mauertrockenlegung-lueneburg\/\">Mauertrockenlegung L\u00fcneburg<\/a>, <a href=\"https:\/\/bautenschutz-keul.de\/angebote\/kellersanierung-lueneburg\/\">Kellersanierung L\u00fcneburg<\/a>, <a href=\"https:\/\/bautenschutz-keul.de\/angebote\/feuchte-wand-tostedt-sittensen\/\">Feuchte Wand Tostedt Sittensen<\/a>, <a href=\"https:\/\/bautenschutz-keul.de\/angebote\/schimmel-boizenburg\/\">Schimmel Boizenburg<\/a>, <a href=\"https:\/\/bautenschutz-keul.de\/angebote\/feuchtigkeit-ebstorf\/\">Feuchtigkeit Ebstorf<\/a>, <a href=\"https:\/\/bautenschutz-keul.de\/angebote\/mauertrockenlegung-stelle\/\">Mauertrockenlegung Stelle<\/a>, <a href=\"https:\/\/bautenschutz-keul.de\/angebote\/aussenabdichtung-bispingen\/\">Au\u00dfenabdichtung Bispingen<\/a>, <a href=\"https:\/\/bautenschutz-keul.de\/angebote\/feuchter-keller-reinbek-aumuehle\/\">Feuchter Keller Reinbek Aum\u00fchle<\/a>, <a href=\"https:\/\/bautenschutz-keul.de\/angebote\/bauwerksabdichtung-schwarzenbek\/\">Bauwerksabdichtung Schwarzenbek<\/a>, <a href=\"https:\/\/bautenschutz-keul.de\/angebote\/kellersanierung-ebstorf\/\">Kellersanierung Ebstorf<\/a>, <a href=\"https:\/\/bautenschutz-keul.de\/angebote\/schimmelbeseitigung-bienenbuettel\/\">Schimmelbeseitigung Bienenb\u00fcttel<\/a>, <a href=\"https:\/\/bautenschutz-keul.de\/angebote\/schimmel-buechen\/\">Schimmel B\u00fcchen<\/a>, <a href=\"https:\/\/bautenschutz-keul.de\/angebote\/bauwerksabdichtung-buchholz-in-der-nordheide\/\">Bauwerksabdichtung Buchholz in der Nordheide<\/a>, <a href=\"https:\/\/bautenschutz-keul.de\/angebote\/kellertrockenlegung-lueneburg\/\">Kellertrockenlegung L\u00fcneburg<\/a>, <a href=\"https:\/\/bautenschutz-keul.de\/angebote\/schimmel-glinde-sachsenwald\/\">Schimmel Glinde Sachsenwald<\/a>, <a href=\"https:\/\/bautenschutz-keul.de\/angebote\/schimmelbeseitigung-amt-neuhaus\/\">Schimmelbeseitigung Amt Neuhaus<\/a>, <a href=\"https:\/\/bautenschutz-keul.de\/angebote\/kellersanierung-seevetal-rosengarten\/\">Kellersanierung Seevetal Rosengarten<\/a>, <a href=\"https:\/\/bautenschutz-keul.de\/angebote\/salpeter-im-keller-adendorf\/\">Salpeter im Keller Adendorf<\/a>, <a href=\"https:\/\/bautenschutz-keul.de\/angebote\/feuchtigkeitsschaden-maschen\/\">Feuchtigkeitsschaden Maschen<\/a>, <a href=\"https:\/\/bautenschutz-keul.de\/angebote\/horizontalsperre-buchholz-in-der-nordheide\/\">Horizontalsperre Buchholz in der Nordheide<\/a>, <a href=\"https:\/\/bautenschutz-keul.de\/angebote\/mauertrockenlegung-jesteburg\/\">Mauertrockenlegung Jesteburg<\/a>, <a href=\"https:\/\/bautenschutz-keul.de\/angebote\/mauertrockenlegung-schwarzenbek\/\">Mauertrockenlegung Schwarzenbek<\/a>, <a href=\"https:\/\/bautenschutz-keul.de\/angebote\/feuchter-keller-hanstedt\/\">Feuchter Keller Hanstedt<\/a>, <a href=\"https:\/\/bautenschutz-keul.de\/angebote\/feuchte-wand-bispingen\/\">Feuchte Wand Bispingen<\/a>"},"_links":{"self":[{"href":"https:\/\/bautenschutz-keul.de\/angebote\/wp-json\/wp\/v2\/pages\/694","targetHints":{"allow":["GET"]}}],"collection":[{"href":"https:\/\/bautenschutz-keul.de\/angebote\/wp-json\/wp\/v2\/pages"}],"about":[{"href":"https:\/\/bautenschutz-keul.de\/angebote\/wp-json\/wp\/v2\/types\/page"}],"author":[{"embeddable":true,"href":"https:\/\/bautenschutz-keul.de\/angebote\/wp-json\/wp\/v2\/users\/1"}],"replies":[{"embeddable":true,"href":"https:\/\/bautenschutz-keul.de\/angebote\/wp-json\/wp\/v2\/comments?post=694"}],"version-history":[{"count":0,"href":"https:\/\/bautenschutz-keul.de\/angebote\/wp-json\/wp\/v2\/pages\/694\/revisions"}],"wp:attachment":[{"href":"https:\/\/bautenschutz-keul.de\/angebote\/wp-json\/wp\/v2\/media?parent=694"}],"curies":[{"name":"wp","href":"https:\/\/api.w.org\/{rel}","templated":true}]}}